





{"id":81057,"date":"2025-01-08T22:55:16","date_gmt":"2025-01-08T21:55:16","guid":{"rendered":"https:\/\/repliquemangacine.fr\/?post_type=product&#038;p=81057"},"modified":"2026-04-26T15:57:43","modified_gmt":"2026-04-26T13:57:43","slug":"schwert-des-vaters-von-conan-dem-barbaren","status":"publish","type":"product","link":"https:\/\/repliquemangacine.fr\/de\/katana-les-epees-de-films-et-series\/epee-du-pere-de-conan-le-barbare\/","title":{"rendered":"Schwert des Vaters von Conan dem Barbaren"},"content":{"rendered":"<h2>Eine au\u00dfergew\u00f6hnliche Replik: Das Schwert des Vaters von Conan dem Barbaren<\/h2>\n<p>Zun\u00e4chst einmal ist die<strong>Schwert von Conans Vater<\/strong>beeindruckt schon auf den ersten Blick durch seine Pr\u00e4senz und seine realistische Verarbeitung. Dieses ikonische Schwert l\u00e4sst niemanden gleichg\u00fcltig. Seine Klinge aus rostfreiem Stahl ist mit einem wundersch\u00f6nen Siebdruck verziert. Er erinnert an die uralten Gravuren der Schmieden der Barbarenwelt. Der Edelstahlb\u00fcgel stellt den Kopf eines Hirsches dar, dessen majest\u00e4tische H\u00f6rner mit einem Bronzefinish versehen sind, um einen rauen Effekt zu erzielen. Der Knauf, ebenfalls aus Stahl, weist einen au\u00dfergew\u00f6hnlich hohen Detailgrad auf, der durch eine effektvolle Antikbronze-Patina noch verst\u00e4rkt wird. Der Griff ist mit beigem Kunstleder umwickelt und liegt fest und bequem in der Hand.<\/p>\n<p>Au\u00dferdem erinnert jedes Detail an die rohe Kraft und das Verm\u00e4chtnis eines mythischen Kriegers, in einer Ausf\u00fchrung, die ideal f\u00fcr Liebhaber ist. Eine hochwertige Replik, die sowohl dekorativ als auch filmreif ist und der Welt von Conan dem Barbaren treu bleibt.<\/p>\n<h2>Ein Verm\u00e4chtnis, das in die Erinnerung der Conan-Fans eingebrannt ist<\/h2>\n<p>In der brutalen und mythischen Welt von Conan dem Barbaren ist das Schwert seines Vaters keine Waffe wie jede andere. Es ist das erste, das er schmieden sieht, ein Symbol f\u00fcr St\u00e4rke, Weitergabe und die harte Erziehung des jungen Conan. Sein Vater lehrt ihn die Wahrheit der Welt: Nur St\u00e4rke und Stahl verraten niemals. Diese Lektion pr\u00e4gt den Helden f\u00fcr immer. Als das Dorf angegriffen wird, verliert Conan alles. Doch das Schwert bleibt in seinem Ged\u00e4chtnis als das letzte v\u00e4terliche Verm\u00e4chtnis verankert. Als er sp\u00e4ter das Atlantean Sword, eine antike Waffe, entdeckt, verk\u00f6rpert er vollends den Barbaren, der zum unbesiegbaren Krieger geworden ist.<\/p>\n<p>Aber es ist dieses erste Schwert, das Schwert des Vaters, das alles einleitet. Es stellt den Beginn eines legend\u00e4ren Schicksals dar. Sein roher und massiver Stil spiegelt die Welt wider, in der Conan spielt: hart, r\u00fccksichtslos und kompromisslos. Diese Replik, die dem Design des Films treu bleibt, verk\u00f6rpert also die rohe Kraft und die tiefen Urspr\u00fcnge eines der gr\u00f6\u00dften Helden in Conan.<a href=\"https:\/\/www.audible.fr\/blog\/heroic-fantasy-le-guide\" target=\"_blank\" rel=\"noopener noreferrer\">Heroic Fantasy<\/a>.<\/p>\n<h2>Die perfekte Waffe, um Ihre Sammlung von Filmrepliken zu erweitern<\/h2>\n<p>Auf unserer Website R\u00e9plique Manga Cin\u00e9 legen wir gro\u00dfen Wert darauf, Sammlerwaffen aus den gr\u00f6\u00dften Sagas anzubieten. L'<strong>Schwert von Conans Vater<\/strong> Hier finden Sie unsere Auswahl an einzigartigen St\u00fccken, die dekorativ, filmisch und geschichtstr\u00e4chtig sind. Hier finden Sie auch den<a href=\"https:\/\/repliquemangacine.fr\/de\/mittelalterliches-schwert-der-templer\/rotkehlchen\/\">Robin Hoods Schwert<\/a>Mit der Gravur \"Robin Hood\", einer eleganten Replik eines ebenso listigen wie mutigen Helden. Sind Sie ein Fan von Highlander? Der <a href=\"https:\/\/repliquemangacine.fr\/de\/filme-tv-serien-verkauf-von-katana-schwertern-und-derivaten\/katana-higlander-von-duncan-v2\/\">Katana von Duncan MacLeod<\/a>mit seinem schlangenf\u00f6rmigen Griff, erwartet Sie ebenfalls auf unserer Website. Und nicht zu vergessen die mythischen <a href=\"https:\/\/repliquemangacine.fr\/de\/katana-kill-bill\/\">Schwerter aus Kill Bill.\u00a0<\/a><\/p>\n<p>Jedes Produkt wird aufgrund seiner Qualit\u00e4t, seiner Treue zum Originalmodell und seiner F\u00e4higkeit, Fans zu begeistern, ausgew\u00e4hlt. <strong>R\u00e9plique Manga Cin\u00e9<\/strong>Hier trifft das Kino auf die Legende, das Abenteuer und das Vergn\u00fcgen, echte St\u00fccke zu sammeln. Warten Sie nicht l\u00e4nger, um Ihr pers\u00f6nliches Universum mit diesem mythischen Schwert zu bereichern. Und wie Conan schon sagte: \"Was dich nicht umbringt, macht dich st\u00e4rker\" ... vor allem mit einem solchen Schwert in den H\u00e4nden!<\/p>","protected":false},"excerpt":{"rendered":"<p>Absolut bemerkenswert diese Replik des Schwertes des Vaters von Conan dem Barbaren (conan father's sword)<\/p>\n<ul>\n<li>Klinge aus rostfreiem Stahl mit Siebdruck<\/li>\n<li>Vollstahlb\u00fcgel, der den Kopf eines Hirsches mit seinen H\u00f6rnern in Altbronze-Finish darstellt.<\/li>\n<li>Fein detaillierter Stahlknauf mit altbronzefarbenem Finish<\/li>\n<li>Griff mit beigem Kunstlederriemen \u00fcberzogen, damit er gut in der Hand liegt.<\/li>\n<li>Wird mit einer Wandhalterung aus Holz geliefert<\/li>\n<li>L\u00e4nge der Klinge: 74 cm - Gesamtl\u00e4nge: 98 cm<\/li>\n<li>Gewicht: 1870 g<\/li>\n<\/ul>","protected":false},"featured_media":81058,"template":"","meta":[],"product_brand":[896],"product_cat":[91,24],"product_tag":[],"class_list":{"0":"post-81057","1":"product","2":"type-product","3":"status-publish","4":"has-post-thumbnail","6":"product_brand-replique-manga-cine","7":"product_cat-katana-les-epees-de-films-et-series","8":"product_cat-films-series-tv-vente-de-katana-epee-et-produits-derives","10":"first","11":"instock","12":"taxable","13":"shipping-taxable","14":"purchasable","15":"product-type-simple"},"yoast_head":"<!-- This site is optimized with the Yoast SEO plugin v27.5 - https:\/\/yoast.com\/product\/yoast-seo-wordpress\/ -->\n<title>Ep\u00e9e du p\u00e8re de Conan le Barbare - R\u00e9plique Manga Cin\u00e9<\/title>\n<meta name=\"description\" content=\"Remarquable cette r\u00e9plique de l&#039;Ep\u00e9e du p\u00e8re de Conan le Barbare. Lame en acier s\u00e9rigraphi\u00e9e. Garde et pommeau en acier bronze vieilli. Support - 98 cm\" \/>\n<meta name=\"robots\" content=\"index, follow, max-snippet:-1, max-image-preview:large, max-video-preview:-1\" \/>\n<link rel=\"canonical\" href=\"https:\/\/repliquemangacine.fr\/de\/katana-die-schwerter-aus-filmen-und-serien\/schwert-des-vaters-von-conan-dem-barbaren\/\" \/>\n<meta property=\"og:locale\" content=\"de_DE\" \/>\n<meta property=\"og:type\" content=\"article\" \/>\n<meta property=\"og:title\" content=\"Ep\u00e9e du p\u00e8re de Conan le Barbare - R\u00e9plique Manga Cin\u00e9\" \/>\n<meta property=\"og:description\" content=\"Remarquable cette r\u00e9plique de l&#039;Ep\u00e9e du p\u00e8re de Conan le Barbare. Lame en acier s\u00e9rigraphi\u00e9e. Garde et pommeau en acier bronze vieilli. Support - 98 cm\" \/>\n<meta property=\"og:url\" content=\"https:\/\/repliquemangacine.fr\/de\/katana-die-schwerter-aus-filmen-und-serien\/schwert-des-vaters-von-conan-dem-barbaren\/\" \/>\n<meta property=\"og:site_name\" content=\"R\u00e9plique Manga Cin\u00e9\" \/>\n<meta property=\"article:publisher\" content=\"https:\/\/www.facebook.com\/RepliqueMangaCine\" \/>\n<meta property=\"article:modified_time\" content=\"2026-04-26T13:57:43+00:00\" \/>\n<meta property=\"og:image\" content=\"https:\/\/repliquemangacine.fr\/wp-content\/uploads\/2025\/01\/conan-fathers-sword.jpg\" \/>\n\t<meta property=\"og:image:width\" content=\"1000\" \/>\n\t<meta property=\"og:image:height\" content=\"1000\" \/>\n\t<meta property=\"og:image:type\" content=\"image\/jpeg\" \/>\n<meta name=\"twitter:card\" content=\"summary_large_image\" \/>\n<meta name=\"twitter:label1\" content=\"Gesch\u00e4tzte Lesezeit\" \/>\n\t<meta name=\"twitter:data1\" content=\"3\u00a0Minuten\" \/>\n<script type=\"application\/ld+json\" class=\"yoast-schema-graph\">{\"@context\":\"https:\\\/\\\/schema.org\",\"@graph\":[{\"@type\":\"WebPage\",\"@id\":\"https:\\\/\\\/repliquemangacine.fr\\\/katana-les-epees-de-films-et-series\\\/epee-du-pere-de-conan-le-barbare\\\/\",\"url\":\"https:\\\/\\\/repliquemangacine.fr\\\/katana-les-epees-de-films-et-series\\\/epee-du-pere-de-conan-le-barbare\\\/\",\"name\":\"Ep\u00e9e du p\u00e8re de Conan le Barbare - R\u00e9plique Manga Cin\u00e9\",\"isPartOf\":{\"@id\":\"https:\\\/\\\/repliquemangacine.fr\\\/#website\"},\"primaryImageOfPage\":{\"@id\":\"https:\\\/\\\/repliquemangacine.fr\\\/katana-les-epees-de-films-et-series\\\/epee-du-pere-de-conan-le-barbare\\\/#primaryimage\"},\"image\":{\"@id\":\"https:\\\/\\\/repliquemangacine.fr\\\/katana-les-epees-de-films-et-series\\\/epee-du-pere-de-conan-le-barbare\\\/#primaryimage\"},\"thumbnailUrl\":\"https:\\\/\\\/repliquemangacine.fr\\\/wp-content\\\/uploads\\\/2025\\\/01\\\/conan-fathers-sword.jpg\",\"datePublished\":\"2025-01-08T21:55:16+00:00\",\"dateModified\":\"2026-04-26T13:57:43+00:00\",\"description\":\"Remarquable cette r\u00e9plique de l'Ep\u00e9e du p\u00e8re de Conan le Barbare. Lame en acier s\u00e9rigraphi\u00e9e. Garde et pommeau en acier bronze vieilli. Support - 98 cm\",\"breadcrumb\":{\"@id\":\"https:\\\/\\\/repliquemangacine.fr\\\/katana-les-epees-de-films-et-series\\\/epee-du-pere-de-conan-le-barbare\\\/#breadcrumb\"},\"inLanguage\":\"de\",\"potentialAction\":[{\"@type\":\"ReadAction\",\"target\":[\"https:\\\/\\\/repliquemangacine.fr\\\/katana-les-epees-de-films-et-series\\\/epee-du-pere-de-conan-le-barbare\\\/\"]}]},{\"@type\":\"ImageObject\",\"inLanguage\":\"de\",\"@id\":\"https:\\\/\\\/repliquemangacine.fr\\\/katana-les-epees-de-films-et-series\\\/epee-du-pere-de-conan-le-barbare\\\/#primaryimage\",\"url\":\"https:\\\/\\\/repliquemangacine.fr\\\/wp-content\\\/uploads\\\/2025\\\/01\\\/conan-fathers-sword.jpg\",\"contentUrl\":\"https:\\\/\\\/repliquemangacine.fr\\\/wp-content\\\/uploads\\\/2025\\\/01\\\/conan-fathers-sword.jpg\",\"width\":1000,\"height\":1000,\"caption\":\"Ep\u00e9e du p\u00e8re de Conan\"},{\"@type\":\"BreadcrumbList\",\"@id\":\"https:\\\/\\\/repliquemangacine.fr\\\/katana-les-epees-de-films-et-series\\\/epee-du-pere-de-conan-le-barbare\\\/#breadcrumb\",\"itemListElement\":[{\"@type\":\"ListItem\",\"position\":1,\"name\":\"Accueil\",\"item\":\"https:\\\/\\\/repliquemangacine.fr\\\/\"},{\"@type\":\"ListItem\",\"position\":2,\"name\":\"Produits\",\"item\":\"https:\\\/\\\/repliquemangacine.fr\\\/boutique\\\/\"},{\"@type\":\"ListItem\",\"position\":3,\"name\":\"Ep\u00e9e du p\u00e8re de Conan le Barbare\"}]},{\"@type\":\"WebSite\",\"@id\":\"https:\\\/\\\/repliquemangacine.fr\\\/#website\",\"url\":\"https:\\\/\\\/repliquemangacine.fr\\\/\",\"name\":\"R\u00e9plique Manga Cin\u00e9\",\"description\":\"\",\"publisher\":{\"@id\":\"https:\\\/\\\/repliquemangacine.fr\\\/#organization\"},\"potentialAction\":[{\"@type\":\"SearchAction\",\"target\":{\"@type\":\"EntryPoint\",\"urlTemplate\":\"https:\\\/\\\/repliquemangacine.fr\\\/?s={search_term_string}\"},\"query-input\":{\"@type\":\"PropertyValueSpecification\",\"valueRequired\":true,\"valueName\":\"search_term_string\"}}],\"inLanguage\":\"de\"},{\"@type\":\"Organization\",\"@id\":\"https:\\\/\\\/repliquemangacine.fr\\\/#organization\",\"name\":\"R\u00e9plique Manga Cin\u00e9\",\"url\":\"https:\\\/\\\/repliquemangacine.fr\\\/\",\"logo\":{\"@type\":\"ImageObject\",\"inLanguage\":\"de\",\"@id\":\"https:\\\/\\\/repliquemangacine.fr\\\/#\\\/schema\\\/logo\\\/image\\\/\",\"url\":\"https:\\\/\\\/repliquemangacine.fr\\\/wp-content\\\/uploads\\\/2023\\\/10\\\/RMC-500250.png\",\"contentUrl\":\"https:\\\/\\\/repliquemangacine.fr\\\/wp-content\\\/uploads\\\/2023\\\/10\\\/RMC-500250.png\",\"width\":500,\"height\":250,\"caption\":\"R\u00e9plique Manga Cin\u00e9\"},\"image\":{\"@id\":\"https:\\\/\\\/repliquemangacine.fr\\\/#\\\/schema\\\/logo\\\/image\\\/\"},\"sameAs\":[\"https:\\\/\\\/www.facebook.com\\\/RepliqueMangaCine\",\"https:\\\/\\\/www.instagram.com\\\/repliquemangacine.fr\\\/\"]}]}<\/script>\n<!-- \/ Yoast SEO plugin. -->","yoast_head_json":{"title":"Schwert des Vaters von Conan dem Barbaren - R\u00e9plique Manga Cin\u00e9","description":"Bemerkenswerte Replik des Schwertes des Vaters von Conan dem Barbaren. Klinge aus Stahl mit Siebdruck. Griff und Knauf aus gealtertem bronzefarbenem Stahl. Halterung - 98 cm","robots":{"index":"index","follow":"follow","max-snippet":"max-snippet:-1","max-image-preview":"max-image-preview:large","max-video-preview":"max-video-preview:-1"},"canonical":"https:\/\/repliquemangacine.fr\/de\/katana-die-schwerter-aus-filmen-und-serien\/schwert-des-vaters-von-conan-dem-barbaren\/","og_locale":"de_DE","og_type":"article","og_title":"Ep\u00e9e du p\u00e8re de Conan le Barbare - R\u00e9plique Manga Cin\u00e9","og_description":"Remarquable cette r\u00e9plique de l'Ep\u00e9e du p\u00e8re de Conan le Barbare. Lame en acier s\u00e9rigraphi\u00e9e. Garde et pommeau en acier bronze vieilli. Support - 98 cm","og_url":"https:\/\/repliquemangacine.fr\/de\/katana-die-schwerter-aus-filmen-und-serien\/schwert-des-vaters-von-conan-dem-barbaren\/","og_site_name":"R\u00e9plique Manga Cin\u00e9","article_publisher":"https:\/\/www.facebook.com\/RepliqueMangaCine","article_modified_time":"2026-04-26T13:57:43+00:00","og_image":[{"width":1000,"height":1000,"url":"https:\/\/repliquemangacine.fr\/wp-content\/uploads\/2025\/01\/conan-fathers-sword.jpg","type":"image\/jpeg"}],"twitter_card":"summary_large_image","twitter_misc":{"Gesch\u00e4tzte Lesezeit":"3\u00a0Minuten"},"schema":{"@context":"https:\/\/schema.org","@graph":[{"@type":"WebPage","@id":"https:\/\/repliquemangacine.fr\/katana-les-epees-de-films-et-series\/epee-du-pere-de-conan-le-barbare\/","url":"https:\/\/repliquemangacine.fr\/katana-les-epees-de-films-et-series\/epee-du-pere-de-conan-le-barbare\/","name":"Schwert des Vaters von Conan dem Barbaren - R\u00e9plique Manga Cin\u00e9","isPartOf":{"@id":"https:\/\/repliquemangacine.fr\/#website"},"primaryImageOfPage":{"@id":"https:\/\/repliquemangacine.fr\/katana-les-epees-de-films-et-series\/epee-du-pere-de-conan-le-barbare\/#primaryimage"},"image":{"@id":"https:\/\/repliquemangacine.fr\/katana-les-epees-de-films-et-series\/epee-du-pere-de-conan-le-barbare\/#primaryimage"},"thumbnailUrl":"https:\/\/repliquemangacine.fr\/wp-content\/uploads\/2025\/01\/conan-fathers-sword.jpg","datePublished":"2025-01-08T21:55:16+00:00","dateModified":"2026-04-26T13:57:43+00:00","description":"Bemerkenswerte Replik des Schwertes des Vaters von Conan dem Barbaren. Klinge aus Stahl mit Siebdruck. Griff und Knauf aus gealtertem bronzefarbenem Stahl. Halterung - 98 cm","breadcrumb":{"@id":"https:\/\/repliquemangacine.fr\/katana-les-epees-de-films-et-series\/epee-du-pere-de-conan-le-barbare\/#breadcrumb"},"inLanguage":"de","potentialAction":[{"@type":"ReadAction","target":["https:\/\/repliquemangacine.fr\/katana-les-epees-de-films-et-series\/epee-du-pere-de-conan-le-barbare\/"]}]},{"@type":"ImageObject","inLanguage":"de","@id":"https:\/\/repliquemangacine.fr\/katana-les-epees-de-films-et-series\/epee-du-pere-de-conan-le-barbare\/#primaryimage","url":"https:\/\/repliquemangacine.fr\/wp-content\/uploads\/2025\/01\/conan-fathers-sword.jpg","contentUrl":"https:\/\/repliquemangacine.fr\/wp-content\/uploads\/2025\/01\/conan-fathers-sword.jpg","width":1000,"height":1000,"caption":"Ep\u00e9e du p\u00e8re de Conan"},{"@type":"BreadcrumbList","@id":"https:\/\/repliquemangacine.fr\/katana-les-epees-de-films-et-series\/epee-du-pere-de-conan-le-barbare\/#breadcrumb","itemListElement":[{"@type":"ListItem","position":1,"name":"Accueil","item":"https:\/\/repliquemangacine.fr\/"},{"@type":"ListItem","position":2,"name":"Produits","item":"https:\/\/repliquemangacine.fr\/boutique\/"},{"@type":"ListItem","position":3,"name":"Ep\u00e9e du p\u00e8re de Conan le Barbare"}]},{"@type":"WebSite","@id":"https:\/\/repliquemangacine.fr\/#website","url":"https:\/\/repliquemangacine.fr\/","name":"R\u00e9plique Manga Cin\u00e9","description":"","publisher":{"@id":"https:\/\/repliquemangacine.fr\/#organization"},"potentialAction":[{"@type":"SearchAction","target":{"@type":"EntryPoint","urlTemplate":"https:\/\/repliquemangacine.fr\/?s={search_term_string}"},"query-input":{"@type":"PropertyValueSpecification","valueRequired":true,"valueName":"search_term_string"}}],"inLanguage":"de"},{"@type":"Organization","@id":"https:\/\/repliquemangacine.fr\/#organization","name":"R\u00e9plique Manga Cin\u00e9","url":"https:\/\/repliquemangacine.fr\/","logo":{"@type":"ImageObject","inLanguage":"de","@id":"https:\/\/repliquemangacine.fr\/#\/schema\/logo\/image\/","url":"https:\/\/repliquemangacine.fr\/wp-content\/uploads\/2023\/10\/RMC-500250.png","contentUrl":"https:\/\/repliquemangacine.fr\/wp-content\/uploads\/2023\/10\/RMC-500250.png","width":500,"height":250,"caption":"R\u00e9plique Manga Cin\u00e9"},"image":{"@id":"https:\/\/repliquemangacine.fr\/#\/schema\/logo\/image\/"},"sameAs":["https:\/\/www.facebook.com\/RepliqueMangaCine","https:\/\/www.instagram.com\/repliquemangacine.fr\/"]}]}},"_links":{"self":[{"href":"https:\/\/repliquemangacine.fr\/de\/wp-json\/wp\/v2\/product\/81057","targetHints":{"allow":["GET"]}}],"collection":[{"href":"https:\/\/repliquemangacine.fr\/de\/wp-json\/wp\/v2\/product"}],"about":[{"href":"https:\/\/repliquemangacine.fr\/de\/wp-json\/wp\/v2\/types\/product"}],"wp:featuredmedia":[{"embeddable":true,"href":"https:\/\/repliquemangacine.fr\/de\/wp-json\/wp\/v2\/media\/81058"}],"wp:attachment":[{"href":"https:\/\/repliquemangacine.fr\/de\/wp-json\/wp\/v2\/media?parent=81057"}],"wp:term":[{"taxonomy":"product_brand","embeddable":true,"href":"https:\/\/repliquemangacine.fr\/de\/wp-json\/wp\/v2\/product_brand?post=81057"},{"taxonomy":"product_cat","embeddable":true,"href":"https:\/\/repliquemangacine.fr\/de\/wp-json\/wp\/v2\/product_cat?post=81057"},{"taxonomy":"product_tag","embeddable":true,"href":"https:\/\/repliquemangacine.fr\/de\/wp-json\/wp\/v2\/product_tag?post=81057"}],"curies":[{"name":"wp","href":"https:\/\/api.w.org\/{rel}","templated":true}]}}