





{"id":81049,"date":"2025-01-08T22:13:53","date_gmt":"2025-01-08T21:13:53","guid":{"rendered":"https:\/\/repliquemangacine.fr\/?post_type=product&#038;p=81049"},"modified":"2026-04-01T18:28:33","modified_gmt":"2026-04-01T16:28:33","slug":"gutsschwert-dragon-slayer-berserk","status":"publish","type":"product","link":"https:\/\/repliquemangacine.fr\/de\/berserk\/epee-de-guts-dragon-slayer-berserk\/","title":{"rendered":"Guts-Schwert Dragon Slayer - Berserker"},"content":{"rendered":"<h2>Das Dragon Slayer-Schwert von Guts - Eine legend\u00e4re Replik von Berserk<\/h2>\n<p>Zun\u00e4chst wird die<strong>Dragon Slayer-Schwert von Guts<\/strong> ist eine beeindruckende Replik f\u00fcr alle Fans von <a href=\"https:\/\/encyclopedia-anime.fandom.com\/fr\/wiki\/Berserk\" target=\"_blank\" rel=\"noopener noreferrer\">Berserk<\/a>. Die Klinge aus zweischneidigem Stahl (nicht scharfkantig) zeigt eine un\u00fcbertroffene Pr\u00e4senz. Die Griffschalen und der Knauf sind aus massivem Stahl gefertigt und entsprechen dem Original. Der Griff aus Metall ist mit einem beigen Baumwollband umwickelt, damit das Schwert gut in der Hand liegt. Die Scheide aus schwarzem Leder sch\u00fctzt das Schwert und verleiht ihm gleichzeitig einen authentischen Stil. Mit einer Klingenl\u00e4nge von 116 cm und einer Gesamtgr\u00f6\u00dfe von 150 cm verschafft dieses Replikat Respekt. Sein Gewicht von 7260 g verst\u00e4rkt seinen Realismus und sein imposantes Aussehen. Jedes Detail ist so gestaltet, dass es der ikonischen Waffe des schwarzen Kriegers absolut treu bleibt. Dieses St\u00fcck ist ideal f\u00fcr Sammler und Cosplay-Fans.<\/p>\n<h2>Die Bedeutung von Waffen in der Welt von Berserk<\/h2>\n<p>In Berserk spielen die Waffen eine zentrale Rolle und beeinflussen jeden Kampf. Sie bestimmen die St\u00e4rke und den Willen des Kriegers. Das Schwert Dragon Slayer verk\u00f6rpert die ganze zerst\u00f6rerische Kraft von Guts im Kampf gegen seine furchterregenden Gegner. So wird diese massive Waffe zu einer Verl\u00e4ngerung seines K\u00f6rpers und symbolisiert seinen unaufh\u00f6rlichen Kampf. Au\u00dferdem zeugt jeder Schlag, den er mit diesem Schwert ausf\u00fchrt, von der Wut und der geplagten Vergangenheit des Charakters. Aus diesem Grund spielt es eine grundlegende Rolle in der Erz\u00e4hlung und der Entwicklung von Guts. Indem er diese Waffe beherrscht, \u00fcberwindet er immer m\u00e4chtigere und gnadenlosere Gegner. Letztendlich sind die Waffen in Berserk nicht einfach nur Werkzeuge, sondern spiegeln die Seele der Krieger wider. Sie formen ihr Schicksal und beeinflussen den Verlauf der Geschichte mit einer bemerkenswerten Intensit\u00e4t.<\/p>\n<h2>Entdecken Sie weitere legend\u00e4re Schwerter auf R\u00e9plique Manga Cin\u00e9<\/h2>\n<p>Auf R\u00e9plique Manga Cin\u00e9 finden Sie eine einzigartige Sammlung von Waffen aus ikonischen Videospielen und Mangas. Entdecken Sie die meisterhafte <a href=\"https:\/\/repliquemangacine.fr\/de\/katana-und-schwert-von-videospielen-andere-videospiele\/epee-du-diable-de-dante-devil-my-cry\/\">Dantes Teufelsschwert<\/a>die direkt von Devil May Cry inspiriert wurde. F\u00fcr Fans von Final Fantasy ist die<a href=\"https:\/\/repliquemangacine.fr\/de\/katana-und-schwert-von-videospielen-andere-videospiele\/fusionsschwert-cloud-multiblade-buster-sword-final-fantasy-vii\/\">Fusionsschwert<\/a> (Fusion Sword) von Cloud Strife ist ein beeindruckendes St\u00fcck. Es besteht aus sechs einzelnen Klingen und kann nach Belieben zusammengesetzt und wieder getrennt werden. Tauchen Sie au\u00dferdem in die Welt von Warcraft ein mit der <a href=\"https:\/\/repliquemangacine.fr\/de\/schwerter-world-of-warcraft\/frostmourne-deuillegivre-schwert-des-lichkonigs\/\">Frostmourne des Lichk\u00f6nigs<\/a>eine legend\u00e4re Klinge mit \u00fcberw\u00e4ltigender Kraft. Und viele weitere Schwerter sind in unserem Katalog zu entdecken. Jede Replik wird sorgf\u00e4ltig entworfen, um dem Originalwerk absolut treu zu bleiben. Ob Sie nun Sammler oder Cosplay-Liebhaber sind, auf unserer Website finden Sie mythische Waffen, an denen kein Weg vorbeif\u00fchrt. Kommen Sie und bereichern Sie Ihre Sammlung mit einzigartigen und beeindruckenden St\u00fccken!<\/p>","protected":false},"excerpt":{"rendered":"<p>Noch beeindruckender ist dieses Schwert von Guts in Originalgr\u00f6\u00dfe, Dragon Slayer in Berserk<\/p>\n<ul>\n<li>Zweischneidige Stahlklinge (nicht schneidend)<\/li>\n<li>Speziell geformter Stahlb\u00fcgel und -knauf<\/li>\n<li>Metallgriff mit beigem Baumwollband umwickelt<\/li>\n<li>Scheide aus schwarzem Leder.<\/li>\n<li>Tats\u00e4chliche Gr\u00f6\u00dfe<\/li>\n<li>L\u00e4nge der Klinge: 116 cm - Gesamtl\u00e4nge: 150 cm<\/li>\n<li>Gewicht: 7260 gr<\/li>\n<\/ul>","protected":false},"featured_media":81050,"template":"","meta":[],"product_brand":[896],"product_cat":[878,23],"product_tag":[],"class_list":{"0":"post-81049","1":"product","2":"type-product","3":"status-publish","4":"has-post-thumbnail","6":"product_brand-replique-manga-cine","7":"product_cat-berserk","8":"product_cat-repliques-manga-jeux-video","10":"first","11":"instock","12":"taxable","13":"shipping-taxable","14":"purchasable","15":"product-type-simple"},"yoast_head":"<!-- This site is optimized with the Yoast SEO plugin v27.4 - https:\/\/yoast.com\/product\/yoast-seo-wordpress\/ -->\n<title>\u00c9p\u00e9e de Guts Dragon Slayer - Berserk - R\u00e9plique Manga Cin\u00e9<\/title>\n<meta name=\"description\" content=\"\u00c9poustouflante cette \u00c9p\u00e9e de Guts en taille r\u00e9elle dans Berserk. Full m\u00e9tal. Lame large double tranchant. Longueur totale : 150 cm - Poids : 7260 g\" \/>\n<meta name=\"robots\" content=\"index, follow, max-snippet:-1, max-image-preview:large, max-video-preview:-1\" \/>\n<link rel=\"canonical\" href=\"https:\/\/repliquemangacine.fr\/de\/berserk\/gutsschwert-dragon-slayer-berserk\/\" \/>\n<meta property=\"og:locale\" content=\"de_DE\" \/>\n<meta property=\"og:type\" content=\"article\" \/>\n<meta property=\"og:title\" content=\"\u00c9p\u00e9e de Guts Dragon Slayer - Berserk - R\u00e9plique Manga Cin\u00e9\" \/>\n<meta property=\"og:description\" content=\"\u00c9poustouflante cette \u00c9p\u00e9e de Guts en taille r\u00e9elle dans Berserk. Full m\u00e9tal. Lame large double tranchant. Longueur totale : 150 cm - Poids : 7260 g\" \/>\n<meta property=\"og:url\" content=\"https:\/\/repliquemangacine.fr\/de\/berserk\/gutsschwert-dragon-slayer-berserk\/\" \/>\n<meta property=\"og:site_name\" content=\"R\u00e9plique Manga Cin\u00e9\" \/>\n<meta property=\"article:publisher\" content=\"https:\/\/www.facebook.com\/RepliqueMangaCine\" \/>\n<meta property=\"article:modified_time\" content=\"2026-04-01T16:28:33+00:00\" \/>\n<meta property=\"og:image\" content=\"https:\/\/repliquemangacine.fr\/wp-content\/uploads\/2025\/01\/Epee-de-Guts-Dragon-Slayer-Berserk.jpg\" \/>\n\t<meta property=\"og:image:width\" content=\"500\" \/>\n\t<meta property=\"og:image:height\" content=\"500\" \/>\n\t<meta property=\"og:image:type\" content=\"image\/jpeg\" \/>\n<meta name=\"twitter:card\" content=\"summary_large_image\" \/>\n<meta name=\"twitter:label1\" content=\"Gesch\u00e4tzte Lesezeit\" \/>\n\t<meta name=\"twitter:data1\" content=\"3\u00a0Minuten\" \/>\n<script type=\"application\/ld+json\" class=\"yoast-schema-graph\">{\"@context\":\"https:\\\/\\\/schema.org\",\"@graph\":[{\"@type\":\"WebPage\",\"@id\":\"https:\\\/\\\/repliquemangacine.fr\\\/berserk\\\/epee-de-guts-dragon-slayer-berserk\\\/\",\"url\":\"https:\\\/\\\/repliquemangacine.fr\\\/berserk\\\/epee-de-guts-dragon-slayer-berserk\\\/\",\"name\":\"\u00c9p\u00e9e de Guts Dragon Slayer - Berserk - R\u00e9plique Manga Cin\u00e9\",\"isPartOf\":{\"@id\":\"https:\\\/\\\/repliquemangacine.fr\\\/#website\"},\"primaryImageOfPage\":{\"@id\":\"https:\\\/\\\/repliquemangacine.fr\\\/berserk\\\/epee-de-guts-dragon-slayer-berserk\\\/#primaryimage\"},\"image\":{\"@id\":\"https:\\\/\\\/repliquemangacine.fr\\\/berserk\\\/epee-de-guts-dragon-slayer-berserk\\\/#primaryimage\"},\"thumbnailUrl\":\"https:\\\/\\\/repliquemangacine.fr\\\/wp-content\\\/uploads\\\/2025\\\/01\\\/Epee-de-Guts-Dragon-Slayer-Berserk.jpg\",\"datePublished\":\"2025-01-08T21:13:53+00:00\",\"dateModified\":\"2026-04-01T16:28:33+00:00\",\"description\":\"\u00c9poustouflante cette \u00c9p\u00e9e de Guts en taille r\u00e9elle dans Berserk. Full m\u00e9tal. Lame large double tranchant. Longueur totale : 150 cm - Poids : 7260 g\",\"breadcrumb\":{\"@id\":\"https:\\\/\\\/repliquemangacine.fr\\\/berserk\\\/epee-de-guts-dragon-slayer-berserk\\\/#breadcrumb\"},\"inLanguage\":\"de\",\"potentialAction\":[{\"@type\":\"ReadAction\",\"target\":[\"https:\\\/\\\/repliquemangacine.fr\\\/berserk\\\/epee-de-guts-dragon-slayer-berserk\\\/\"]}]},{\"@type\":\"ImageObject\",\"inLanguage\":\"de\",\"@id\":\"https:\\\/\\\/repliquemangacine.fr\\\/berserk\\\/epee-de-guts-dragon-slayer-berserk\\\/#primaryimage\",\"url\":\"https:\\\/\\\/repliquemangacine.fr\\\/wp-content\\\/uploads\\\/2025\\\/01\\\/Epee-de-Guts-Dragon-Slayer-Berserk.jpg\",\"contentUrl\":\"https:\\\/\\\/repliquemangacine.fr\\\/wp-content\\\/uploads\\\/2025\\\/01\\\/Epee-de-Guts-Dragon-Slayer-Berserk.jpg\",\"width\":500,\"height\":500,\"caption\":\"\u00c9p\u00e9e de Guts Dragon Slayer - Berserk\"},{\"@type\":\"BreadcrumbList\",\"@id\":\"https:\\\/\\\/repliquemangacine.fr\\\/berserk\\\/epee-de-guts-dragon-slayer-berserk\\\/#breadcrumb\",\"itemListElement\":[{\"@type\":\"ListItem\",\"position\":1,\"name\":\"Accueil\",\"item\":\"https:\\\/\\\/repliquemangacine.fr\\\/\"},{\"@type\":\"ListItem\",\"position\":2,\"name\":\"Produits\",\"item\":\"https:\\\/\\\/repliquemangacine.fr\\\/boutique\\\/\"},{\"@type\":\"ListItem\",\"position\":3,\"name\":\"\u00c9p\u00e9e de Guts Dragon Slayer &#8211; Berserk\"}]},{\"@type\":\"WebSite\",\"@id\":\"https:\\\/\\\/repliquemangacine.fr\\\/#website\",\"url\":\"https:\\\/\\\/repliquemangacine.fr\\\/\",\"name\":\"R\u00e9plique Manga Cin\u00e9\",\"description\":\"\",\"publisher\":{\"@id\":\"https:\\\/\\\/repliquemangacine.fr\\\/#organization\"},\"potentialAction\":[{\"@type\":\"SearchAction\",\"target\":{\"@type\":\"EntryPoint\",\"urlTemplate\":\"https:\\\/\\\/repliquemangacine.fr\\\/?s={search_term_string}\"},\"query-input\":{\"@type\":\"PropertyValueSpecification\",\"valueRequired\":true,\"valueName\":\"search_term_string\"}}],\"inLanguage\":\"de\"},{\"@type\":\"Organization\",\"@id\":\"https:\\\/\\\/repliquemangacine.fr\\\/#organization\",\"name\":\"R\u00e9plique Manga Cin\u00e9\",\"url\":\"https:\\\/\\\/repliquemangacine.fr\\\/\",\"logo\":{\"@type\":\"ImageObject\",\"inLanguage\":\"de\",\"@id\":\"https:\\\/\\\/repliquemangacine.fr\\\/#\\\/schema\\\/logo\\\/image\\\/\",\"url\":\"https:\\\/\\\/repliquemangacine.fr\\\/wp-content\\\/uploads\\\/2023\\\/10\\\/RMC-500250.png\",\"contentUrl\":\"https:\\\/\\\/repliquemangacine.fr\\\/wp-content\\\/uploads\\\/2023\\\/10\\\/RMC-500250.png\",\"width\":500,\"height\":250,\"caption\":\"R\u00e9plique Manga Cin\u00e9\"},\"image\":{\"@id\":\"https:\\\/\\\/repliquemangacine.fr\\\/#\\\/schema\\\/logo\\\/image\\\/\"},\"sameAs\":[\"https:\\\/\\\/www.facebook.com\\\/RepliqueMangaCine\",\"https:\\\/\\\/www.instagram.com\\\/repliquemangacine.fr\\\/\"]}]}<\/script>\n<!-- \/ Yoast SEO plugin. -->","yoast_head_json":{"title":"Schwert von Guts Dragon Slayer - Berserker - R\u00e9plique Manga Cin\u00e9","description":"Atemberaubend dieses Schwert von Guts in voller Gr\u00f6\u00dfe in Berserk. Aus vollem Metall gefertigt. Breite, zweischneidige Klinge. Gesamtl\u00e4nge: 150 cm - Gewicht: 7260 g","robots":{"index":"index","follow":"follow","max-snippet":"max-snippet:-1","max-image-preview":"max-image-preview:large","max-video-preview":"max-video-preview:-1"},"canonical":"https:\/\/repliquemangacine.fr\/de\/berserk\/gutsschwert-dragon-slayer-berserk\/","og_locale":"de_DE","og_type":"article","og_title":"\u00c9p\u00e9e de Guts Dragon Slayer - Berserk - R\u00e9plique Manga Cin\u00e9","og_description":"\u00c9poustouflante cette \u00c9p\u00e9e de Guts en taille r\u00e9elle dans Berserk. Full m\u00e9tal. Lame large double tranchant. Longueur totale : 150 cm - Poids : 7260 g","og_url":"https:\/\/repliquemangacine.fr\/de\/berserk\/gutsschwert-dragon-slayer-berserk\/","og_site_name":"R\u00e9plique Manga Cin\u00e9","article_publisher":"https:\/\/www.facebook.com\/RepliqueMangaCine","article_modified_time":"2026-04-01T16:28:33+00:00","og_image":[{"width":500,"height":500,"url":"https:\/\/repliquemangacine.fr\/wp-content\/uploads\/2025\/01\/Epee-de-Guts-Dragon-Slayer-Berserk.jpg","type":"image\/jpeg"}],"twitter_card":"summary_large_image","twitter_misc":{"Gesch\u00e4tzte Lesezeit":"3\u00a0Minuten"},"schema":{"@context":"https:\/\/schema.org","@graph":[{"@type":"WebPage","@id":"https:\/\/repliquemangacine.fr\/berserk\/epee-de-guts-dragon-slayer-berserk\/","url":"https:\/\/repliquemangacine.fr\/berserk\/epee-de-guts-dragon-slayer-berserk\/","name":"Schwert von Guts Dragon Slayer - Berserker - R\u00e9plique Manga Cin\u00e9","isPartOf":{"@id":"https:\/\/repliquemangacine.fr\/#website"},"primaryImageOfPage":{"@id":"https:\/\/repliquemangacine.fr\/berserk\/epee-de-guts-dragon-slayer-berserk\/#primaryimage"},"image":{"@id":"https:\/\/repliquemangacine.fr\/berserk\/epee-de-guts-dragon-slayer-berserk\/#primaryimage"},"thumbnailUrl":"https:\/\/repliquemangacine.fr\/wp-content\/uploads\/2025\/01\/Epee-de-Guts-Dragon-Slayer-Berserk.jpg","datePublished":"2025-01-08T21:13:53+00:00","dateModified":"2026-04-01T16:28:33+00:00","description":"Atemberaubend dieses Schwert von Guts in voller Gr\u00f6\u00dfe in Berserk. Aus vollem Metall gefertigt. Breite, zweischneidige Klinge. Gesamtl\u00e4nge: 150 cm - Gewicht: 7260 g","breadcrumb":{"@id":"https:\/\/repliquemangacine.fr\/berserk\/epee-de-guts-dragon-slayer-berserk\/#breadcrumb"},"inLanguage":"de","potentialAction":[{"@type":"ReadAction","target":["https:\/\/repliquemangacine.fr\/berserk\/epee-de-guts-dragon-slayer-berserk\/"]}]},{"@type":"ImageObject","inLanguage":"de","@id":"https:\/\/repliquemangacine.fr\/berserk\/epee-de-guts-dragon-slayer-berserk\/#primaryimage","url":"https:\/\/repliquemangacine.fr\/wp-content\/uploads\/2025\/01\/Epee-de-Guts-Dragon-Slayer-Berserk.jpg","contentUrl":"https:\/\/repliquemangacine.fr\/wp-content\/uploads\/2025\/01\/Epee-de-Guts-Dragon-Slayer-Berserk.jpg","width":500,"height":500,"caption":"\u00c9p\u00e9e de Guts Dragon Slayer - Berserk"},{"@type":"BreadcrumbList","@id":"https:\/\/repliquemangacine.fr\/berserk\/epee-de-guts-dragon-slayer-berserk\/#breadcrumb","itemListElement":[{"@type":"ListItem","position":1,"name":"Accueil","item":"https:\/\/repliquemangacine.fr\/"},{"@type":"ListItem","position":2,"name":"Produits","item":"https:\/\/repliquemangacine.fr\/boutique\/"},{"@type":"ListItem","position":3,"name":"\u00c9p\u00e9e de Guts Dragon Slayer &#8211; Berserk"}]},{"@type":"WebSite","@id":"https:\/\/repliquemangacine.fr\/#website","url":"https:\/\/repliquemangacine.fr\/","name":"R\u00e9plique Manga Cin\u00e9","description":"","publisher":{"@id":"https:\/\/repliquemangacine.fr\/#organization"},"potentialAction":[{"@type":"SearchAction","target":{"@type":"EntryPoint","urlTemplate":"https:\/\/repliquemangacine.fr\/?s={search_term_string}"},"query-input":{"@type":"PropertyValueSpecification","valueRequired":true,"valueName":"search_term_string"}}],"inLanguage":"de"},{"@type":"Organization","@id":"https:\/\/repliquemangacine.fr\/#organization","name":"R\u00e9plique Manga Cin\u00e9","url":"https:\/\/repliquemangacine.fr\/","logo":{"@type":"ImageObject","inLanguage":"de","@id":"https:\/\/repliquemangacine.fr\/#\/schema\/logo\/image\/","url":"https:\/\/repliquemangacine.fr\/wp-content\/uploads\/2023\/10\/RMC-500250.png","contentUrl":"https:\/\/repliquemangacine.fr\/wp-content\/uploads\/2023\/10\/RMC-500250.png","width":500,"height":250,"caption":"R\u00e9plique Manga Cin\u00e9"},"image":{"@id":"https:\/\/repliquemangacine.fr\/#\/schema\/logo\/image\/"},"sameAs":["https:\/\/www.facebook.com\/RepliqueMangaCine","https:\/\/www.instagram.com\/repliquemangacine.fr\/"]}]}},"_links":{"self":[{"href":"https:\/\/repliquemangacine.fr\/de\/wp-json\/wp\/v2\/product\/81049","targetHints":{"allow":["GET"]}}],"collection":[{"href":"https:\/\/repliquemangacine.fr\/de\/wp-json\/wp\/v2\/product"}],"about":[{"href":"https:\/\/repliquemangacine.fr\/de\/wp-json\/wp\/v2\/types\/product"}],"wp:featuredmedia":[{"embeddable":true,"href":"https:\/\/repliquemangacine.fr\/de\/wp-json\/wp\/v2\/media\/81050"}],"wp:attachment":[{"href":"https:\/\/repliquemangacine.fr\/de\/wp-json\/wp\/v2\/media?parent=81049"}],"wp:term":[{"taxonomy":"product_brand","embeddable":true,"href":"https:\/\/repliquemangacine.fr\/de\/wp-json\/wp\/v2\/product_brand?post=81049"},{"taxonomy":"product_cat","embeddable":true,"href":"https:\/\/repliquemangacine.fr\/de\/wp-json\/wp\/v2\/product_cat?post=81049"},{"taxonomy":"product_tag","embeddable":true,"href":"https:\/\/repliquemangacine.fr\/de\/wp-json\/wp\/v2\/product_tag?post=81049"}],"curies":[{"name":"wp","href":"https:\/\/api.w.org\/{rel}","templated":true}]}}