





{"id":79532,"date":"2024-12-08T21:17:01","date_gmt":"2024-12-08T20:17:01","guid":{"rendered":"https:\/\/repliquemangacine.fr\/?post_type=product&#038;p=79532"},"modified":"2026-04-15T10:34:07","modified_gmt":"2026-04-15T08:34:07","slug":"celeste-lance-von-toji-jujutsu-kaisen","status":"publish","type":"product","link":"https:\/\/repliquemangacine.fr\/de\/jujutsu-kaisen\/lance-celeste-de-toji-jujutsu-kaisen\/","title":{"rendered":"Tojis himmlischer Speer - Jujutsu Kaisen"},"content":{"rendered":"<h2>Eine treue und furchteinfl\u00f6\u00dfende Replik: Tojis Himmlischer Speer - Jujutsu Kaisen<\/h2>\n<p>Zun\u00e4chst einmal ist diese erhabene Nachbildung der <strong>Tojis Himmelslanze<\/strong> beeindruckt durch seine Stahlklinge mit einem wundersch\u00f6nen, authentischen Hammerschlag-Effekt. Auf der Oberseite der Klinge f\u00e4llt ein goldenes Ideogramm sofort ins Auge und unterstreicht die Authentizit\u00e4t dieser legend\u00e4ren Waffe. Heft und Knauf sind aus solidem Metall gefertigt und sorgen f\u00fcr eine realistische, langlebige Verarbeitung und ein sch\u00f6nes Gef\u00fchl in der Hand. Der Griff aus Metall ist mit braunem Kunstleder \u00fcberzogen, das f\u00fcr Komfort, Stabilit\u00e4t und optimalen Halt bei der Benutzung sorgt. Am Ende des Knaufs befindet sich \u00fcbrigens eine Metallkette, die dem Ganzen Charakter verleiht und das Originaldesign des Mangas perfekt respektiert. Die Lieferung erfolgt mit einer praktischen und eleganten Lederscheide, die sich ideal f\u00fcr eine Ausstellung oder ein Cosplay auf hohem Niveau eignet.<\/p>\n<p>Eine originalgetreue, immersive und stilvolle Waffe, die jeder Sammlung, die Mangas oder Animes gewidmet ist, Kraft und Realismus verleiht. F\u00fcgen Sie dieses einzigartige St\u00fcck Ihrer Vitrine hinzu und sp\u00fcren Sie die ganze Kraft der mythischen Figur aus dem Jujutsu Kaisen Universum.<\/p>\n<h2>Toji Fushiguro und sein himmlischer Speer: eine Waffe, die seiner Macht entspricht<\/h2>\n<p>Toji Fushiguro, der auch als \"Hexenkiller\" bekannt ist, beeindruckt durch seine rohe Kraft und seinen unerbittlichen Kampfstil. Obwohl er keine okkulte Energie besitzt, beherrscht er die Anwender von Fl\u00fcchen dank seiner \u00fcbermenschlichen Physis und seiner furchterregenden Techniken. Sein himmlischer Speer wird schnell zur Ikone.<\/p>\n<p>Im Anime <a href=\"https:\/\/jujutsu-kaisen.fandom.com\/fr\/wiki\/Wiki_Jujutsu_Kaisen\" target=\"_blank\" rel=\"noopener noreferrer\">Jujutsu Kaisen<\/a>Sie ist das perfekte Symbol f\u00fcr den Kontrast zwischen ihrem Mangel an okkulter Energie und ihrer absoluten K\u00f6rperbeherrschung. Jeder Kampf, in dem sie auftaucht, ist spektakul\u00e4r und wird von der eisigen und unerbittlichen Aura des geheimnisvollen und gef\u00e4hrlichen Toji Fushiguro getragen. Seine pr\u00e4zise und brutale Handhabung verleiht jeder Szene eine einzigartige Spannung, in der der Speer zu einer Erweiterung seines m\u00f6rderischen Willens wird.<br \/>\nDie Waffe ist bei den Fans wegen ihrer Effektivit\u00e4t und der dunklen, faszinierenden Aura, die den Charakter umgibt, sehr beliebt. Diese Waffe zu besitzen bedeutet, ein St\u00fcck des Jujutsu Kaisen-Universums zu besitzen und die ganze Macht eines einsamen Kriegers zu sp\u00fcren.<\/p>\n<h2>R\u00e9plique Manga Cin\u00e9: Alle Kultwaffen aus den gr\u00f6\u00dften Anime-Mangas<\/h2>\n<p>Auf unserer Website R\u00e9plique Manga Cin\u00e9 finden Sie eine unglaubliche Auswahl an Waffen aus den bekanntesten und beliebtesten Animes und Mangas. Wir bieten die legend\u00e4ren Katanas aus Demon Slayer an, die den Klingen der D\u00e4monenschinder treu geblieben sind. Auch Katanas aus One Piece, wie Enma oder Wado Ichimonji, sind erh\u00e4ltlich, die sich perfekt f\u00fcr Fans von Roronoa Zoro eignen. Die ikonischen Klingen aus Bleach, wie die von Ichigo oder Byakuya, sind ebenfalls Teil unseres prestigetr\u00e4chtigen Katalogs.<\/p>\n<p>Es gibt auch den <a href=\"https:\/\/repliquemangacine.fr\/de\/katana-und-schwert-von-manga-anime-andere-manga\/dolch-slaughter-demon\/\">Dolch Slaughter Demon<\/a> von Yuji Itadori, das in Jujutsu Kaisen zum Schneiden von Fl\u00fcchen verwendet wird. Sowie die ber\u00fchmte <a href=\"https:\/\/repliquemangacine.fr\/de\/katana-und-schwert-von-manga-anime-andere-manga\/epee-xeno-trunks-dbz-dragon-ball-z\/\">Trunks Schwert<\/a> aus Dragon Ball Z, der mit seiner stilisierten futuristischen Garde unverkennbar ist. Nicht zu vergessen der<a href=\"https:\/\/repliquemangacine.fr\/de\/katana-und-schwert-von-manga-anime-andere-manga\/thundercats-schwert-omens-kosmocats-starlion-sabel\/\">Schwert Omens von Cosmocats<\/a>Das ist ein legend\u00e4res St\u00fcck f\u00fcr Nostalgiker, die sich an die kultigen Zeichentrickfilme der 80er Jahre erinnern.<\/p>\n<p>Zusammenfassend l\u00e4sst sich sagen, dass R\u00e9plique Manga Cin\u00e9 die Referenz f\u00fcr anspruchsvolle Sammler, Shonen-Fans und Liebhaber der japanischen Kultur ist. Erkunden Sie unseren Shop und entdecken Sie eine Welt, in der Anime durch au\u00dfergew\u00f6hnliche, ausstellungsfertige Repliken zum Leben erweckt werden.<\/p>","protected":false},"excerpt":{"rendered":"<p>Wundersch\u00f6ner Celeste Spear von Toji im Anime-Manga Jujutsu Kaisen<\/p>\n<ul>\n<li>Stahlklinge mit Hammerschlag-Effekt.<\/li>\n<li>Auf der Oberseite der Klinge, goldfarbenes Ideogramm<\/li>\n<li>Garde und Knauf aus Metall<\/li>\n<li>Der Metallgriff ist mit braunem Kunstleder \u00fcberzogen, damit er gut in der Hand liegt.<\/li>\n<li>Chainette am Ende des Knaufs<\/li>\n<li>Wird mit einer Lederscheide geliefert<\/li>\n<li>L\u00e4nge der Klinge: 31 cm - Gesamtl\u00e4nge: 57.5 cm<\/li>\n<li>Gewicht: 975 gr<\/li>\n<\/ul>","protected":false},"featured_media":79534,"template":"","meta":[],"product_brand":[896],"product_cat":[879,23],"product_tag":[],"class_list":{"0":"post-79532","1":"product","2":"type-product","3":"status-publish","4":"has-post-thumbnail","6":"product_brand-replique-manga-cine","7":"product_cat-jujutsu-kaisen","8":"product_cat-repliques-manga-jeux-video","10":"first","11":"instock","12":"taxable","13":"shipping-taxable","14":"purchasable","15":"product-type-simple"},"yoast_head":"<!-- This site is optimized with the Yoast SEO plugin v27.5 - https:\/\/yoast.com\/product\/yoast-seo-wordpress\/ -->\n<title>Lance C\u00e9leste de Toji - Jujutsu Kaisen - R\u00e9plique Manga Cin\u00e9<\/title>\n<meta name=\"description\" content=\"Magnifique Lance Celeste de Toji dans Jujutsu Kaisen dans sa version luxe. Lame en acier effet martel\u00e9. Garde m\u00e9tal. Chainette. Fourreau en cuir. 57.5 cm\" \/>\n<meta name=\"robots\" content=\"index, follow, max-snippet:-1, max-image-preview:large, max-video-preview:-1\" \/>\n<link rel=\"canonical\" href=\"https:\/\/repliquemangacine.fr\/de\/jujutsu-kaisen\/celeste-lance-von-toji-jujutsu-kaisen\/\" \/>\n<meta property=\"og:locale\" content=\"de_DE\" \/>\n<meta property=\"og:type\" content=\"article\" \/>\n<meta property=\"og:title\" content=\"Lance C\u00e9leste de Toji - Jujutsu Kaisen - R\u00e9plique Manga Cin\u00e9\" \/>\n<meta property=\"og:description\" content=\"Magnifique Lance Celeste de Toji dans Jujutsu Kaisen dans sa version luxe. Lame en acier effet martel\u00e9. Garde m\u00e9tal. Chainette. Fourreau en cuir. 57.5 cm\" \/>\n<meta property=\"og:url\" content=\"https:\/\/repliquemangacine.fr\/de\/jujutsu-kaisen\/celeste-lance-von-toji-jujutsu-kaisen\/\" \/>\n<meta property=\"og:site_name\" content=\"R\u00e9plique Manga Cin\u00e9\" \/>\n<meta property=\"article:publisher\" content=\"https:\/\/www.facebook.com\/RepliqueMangaCine\" \/>\n<meta property=\"article:modified_time\" content=\"2026-04-15T08:34:07+00:00\" \/>\n<meta property=\"og:image\" content=\"https:\/\/repliquemangacine.fr\/wp-content\/uploads\/2024\/12\/Lance-Celeste-de-Toji-Jujutsu-Kaisen.jpg\" \/>\n\t<meta property=\"og:image:width\" content=\"510\" \/>\n\t<meta property=\"og:image:height\" content=\"510\" \/>\n\t<meta property=\"og:image:type\" content=\"image\/jpeg\" \/>\n<meta name=\"twitter:card\" content=\"summary_large_image\" \/>\n<meta name=\"twitter:label1\" content=\"Gesch\u00e4tzte Lesezeit\" \/>\n\t<meta name=\"twitter:data1\" content=\"3\u00a0Minuten\" \/>\n<script type=\"application\/ld+json\" class=\"yoast-schema-graph\">{\"@context\":\"https:\\\/\\\/schema.org\",\"@graph\":[{\"@type\":\"WebPage\",\"@id\":\"https:\\\/\\\/repliquemangacine.fr\\\/jujutsu-kaisen\\\/lance-celeste-de-toji-jujutsu-kaisen\\\/\",\"url\":\"https:\\\/\\\/repliquemangacine.fr\\\/jujutsu-kaisen\\\/lance-celeste-de-toji-jujutsu-kaisen\\\/\",\"name\":\"Lance C\u00e9leste de Toji - Jujutsu Kaisen - R\u00e9plique Manga Cin\u00e9\",\"isPartOf\":{\"@id\":\"https:\\\/\\\/repliquemangacine.fr\\\/#website\"},\"primaryImageOfPage\":{\"@id\":\"https:\\\/\\\/repliquemangacine.fr\\\/jujutsu-kaisen\\\/lance-celeste-de-toji-jujutsu-kaisen\\\/#primaryimage\"},\"image\":{\"@id\":\"https:\\\/\\\/repliquemangacine.fr\\\/jujutsu-kaisen\\\/lance-celeste-de-toji-jujutsu-kaisen\\\/#primaryimage\"},\"thumbnailUrl\":\"https:\\\/\\\/repliquemangacine.fr\\\/wp-content\\\/uploads\\\/2024\\\/12\\\/Lance-Celeste-de-Toji-Jujutsu-Kaisen.jpg\",\"datePublished\":\"2024-12-08T20:17:01+00:00\",\"dateModified\":\"2026-04-15T08:34:07+00:00\",\"description\":\"Magnifique Lance Celeste de Toji dans Jujutsu Kaisen dans sa version luxe. Lame en acier effet martel\u00e9. Garde m\u00e9tal. Chainette. Fourreau en cuir. 57.5 cm\",\"breadcrumb\":{\"@id\":\"https:\\\/\\\/repliquemangacine.fr\\\/jujutsu-kaisen\\\/lance-celeste-de-toji-jujutsu-kaisen\\\/#breadcrumb\"},\"inLanguage\":\"de\",\"potentialAction\":[{\"@type\":\"ReadAction\",\"target\":[\"https:\\\/\\\/repliquemangacine.fr\\\/jujutsu-kaisen\\\/lance-celeste-de-toji-jujutsu-kaisen\\\/\"]}]},{\"@type\":\"ImageObject\",\"inLanguage\":\"de\",\"@id\":\"https:\\\/\\\/repliquemangacine.fr\\\/jujutsu-kaisen\\\/lance-celeste-de-toji-jujutsu-kaisen\\\/#primaryimage\",\"url\":\"https:\\\/\\\/repliquemangacine.fr\\\/wp-content\\\/uploads\\\/2024\\\/12\\\/Lance-Celeste-de-Toji-Jujutsu-Kaisen.jpg\",\"contentUrl\":\"https:\\\/\\\/repliquemangacine.fr\\\/wp-content\\\/uploads\\\/2024\\\/12\\\/Lance-Celeste-de-Toji-Jujutsu-Kaisen.jpg\",\"width\":510,\"height\":510,\"caption\":\"Lance Celeste de Toji - Jujutsu Kaisen\"},{\"@type\":\"BreadcrumbList\",\"@id\":\"https:\\\/\\\/repliquemangacine.fr\\\/jujutsu-kaisen\\\/lance-celeste-de-toji-jujutsu-kaisen\\\/#breadcrumb\",\"itemListElement\":[{\"@type\":\"ListItem\",\"position\":1,\"name\":\"Accueil\",\"item\":\"https:\\\/\\\/repliquemangacine.fr\\\/\"},{\"@type\":\"ListItem\",\"position\":2,\"name\":\"Produits\",\"item\":\"https:\\\/\\\/repliquemangacine.fr\\\/boutique\\\/\"},{\"@type\":\"ListItem\",\"position\":3,\"name\":\"Lance C\u00e9leste de Toji &#8211; Jujutsu Kaisen\"}]},{\"@type\":\"WebSite\",\"@id\":\"https:\\\/\\\/repliquemangacine.fr\\\/#website\",\"url\":\"https:\\\/\\\/repliquemangacine.fr\\\/\",\"name\":\"R\u00e9plique Manga Cin\u00e9\",\"description\":\"\",\"publisher\":{\"@id\":\"https:\\\/\\\/repliquemangacine.fr\\\/#organization\"},\"potentialAction\":[{\"@type\":\"SearchAction\",\"target\":{\"@type\":\"EntryPoint\",\"urlTemplate\":\"https:\\\/\\\/repliquemangacine.fr\\\/?s={search_term_string}\"},\"query-input\":{\"@type\":\"PropertyValueSpecification\",\"valueRequired\":true,\"valueName\":\"search_term_string\"}}],\"inLanguage\":\"de\"},{\"@type\":\"Organization\",\"@id\":\"https:\\\/\\\/repliquemangacine.fr\\\/#organization\",\"name\":\"R\u00e9plique Manga Cin\u00e9\",\"url\":\"https:\\\/\\\/repliquemangacine.fr\\\/\",\"logo\":{\"@type\":\"ImageObject\",\"inLanguage\":\"de\",\"@id\":\"https:\\\/\\\/repliquemangacine.fr\\\/#\\\/schema\\\/logo\\\/image\\\/\",\"url\":\"https:\\\/\\\/repliquemangacine.fr\\\/wp-content\\\/uploads\\\/2023\\\/10\\\/RMC-500250.png\",\"contentUrl\":\"https:\\\/\\\/repliquemangacine.fr\\\/wp-content\\\/uploads\\\/2023\\\/10\\\/RMC-500250.png\",\"width\":500,\"height\":250,\"caption\":\"R\u00e9plique Manga Cin\u00e9\"},\"image\":{\"@id\":\"https:\\\/\\\/repliquemangacine.fr\\\/#\\\/schema\\\/logo\\\/image\\\/\"},\"sameAs\":[\"https:\\\/\\\/www.facebook.com\\\/RepliqueMangaCine\",\"https:\\\/\\\/www.instagram.com\\\/repliquemangacine.fr\\\/\"]}]}<\/script>\n<!-- \/ Yoast SEO plugin. -->","yoast_head_json":{"title":"Tojis Himmelslanze - Jujutsu Kaisen - R\u00e9plique Manga Cin\u00e9","description":"Wundersch\u00f6ner Celeste Speer von Toji in Jujutsu Kaisen in der Luxusausf\u00fchrung. Klinge aus Stahl mit Hammerschlag-Effekt. Schutzb\u00fcgel aus Metall. Mit einer Kette versehen. Lederscheide. 57,5 cm.","robots":{"index":"index","follow":"follow","max-snippet":"max-snippet:-1","max-image-preview":"max-image-preview:large","max-video-preview":"max-video-preview:-1"},"canonical":"https:\/\/repliquemangacine.fr\/de\/jujutsu-kaisen\/celeste-lance-von-toji-jujutsu-kaisen\/","og_locale":"de_DE","og_type":"article","og_title":"Lance C\u00e9leste de Toji - Jujutsu Kaisen - R\u00e9plique Manga Cin\u00e9","og_description":"Magnifique Lance Celeste de Toji dans Jujutsu Kaisen dans sa version luxe. Lame en acier effet martel\u00e9. Garde m\u00e9tal. Chainette. Fourreau en cuir. 57.5 cm","og_url":"https:\/\/repliquemangacine.fr\/de\/jujutsu-kaisen\/celeste-lance-von-toji-jujutsu-kaisen\/","og_site_name":"R\u00e9plique Manga Cin\u00e9","article_publisher":"https:\/\/www.facebook.com\/RepliqueMangaCine","article_modified_time":"2026-04-15T08:34:07+00:00","og_image":[{"width":510,"height":510,"url":"https:\/\/repliquemangacine.fr\/wp-content\/uploads\/2024\/12\/Lance-Celeste-de-Toji-Jujutsu-Kaisen.jpg","type":"image\/jpeg"}],"twitter_card":"summary_large_image","twitter_misc":{"Gesch\u00e4tzte Lesezeit":"3\u00a0Minuten"},"schema":{"@context":"https:\/\/schema.org","@graph":[{"@type":"WebPage","@id":"https:\/\/repliquemangacine.fr\/jujutsu-kaisen\/lance-celeste-de-toji-jujutsu-kaisen\/","url":"https:\/\/repliquemangacine.fr\/jujutsu-kaisen\/lance-celeste-de-toji-jujutsu-kaisen\/","name":"Tojis Himmelslanze - Jujutsu Kaisen - R\u00e9plique Manga Cin\u00e9","isPartOf":{"@id":"https:\/\/repliquemangacine.fr\/#website"},"primaryImageOfPage":{"@id":"https:\/\/repliquemangacine.fr\/jujutsu-kaisen\/lance-celeste-de-toji-jujutsu-kaisen\/#primaryimage"},"image":{"@id":"https:\/\/repliquemangacine.fr\/jujutsu-kaisen\/lance-celeste-de-toji-jujutsu-kaisen\/#primaryimage"},"thumbnailUrl":"https:\/\/repliquemangacine.fr\/wp-content\/uploads\/2024\/12\/Lance-Celeste-de-Toji-Jujutsu-Kaisen.jpg","datePublished":"2024-12-08T20:17:01+00:00","dateModified":"2026-04-15T08:34:07+00:00","description":"Wundersch\u00f6ner Celeste Speer von Toji in Jujutsu Kaisen in der Luxusausf\u00fchrung. Klinge aus Stahl mit Hammerschlag-Effekt. Schutzb\u00fcgel aus Metall. Mit einer Kette versehen. Lederscheide. 57,5 cm.","breadcrumb":{"@id":"https:\/\/repliquemangacine.fr\/jujutsu-kaisen\/lance-celeste-de-toji-jujutsu-kaisen\/#breadcrumb"},"inLanguage":"de","potentialAction":[{"@type":"ReadAction","target":["https:\/\/repliquemangacine.fr\/jujutsu-kaisen\/lance-celeste-de-toji-jujutsu-kaisen\/"]}]},{"@type":"ImageObject","inLanguage":"de","@id":"https:\/\/repliquemangacine.fr\/jujutsu-kaisen\/lance-celeste-de-toji-jujutsu-kaisen\/#primaryimage","url":"https:\/\/repliquemangacine.fr\/wp-content\/uploads\/2024\/12\/Lance-Celeste-de-Toji-Jujutsu-Kaisen.jpg","contentUrl":"https:\/\/repliquemangacine.fr\/wp-content\/uploads\/2024\/12\/Lance-Celeste-de-Toji-Jujutsu-Kaisen.jpg","width":510,"height":510,"caption":"Lance Celeste de Toji - Jujutsu Kaisen"},{"@type":"BreadcrumbList","@id":"https:\/\/repliquemangacine.fr\/jujutsu-kaisen\/lance-celeste-de-toji-jujutsu-kaisen\/#breadcrumb","itemListElement":[{"@type":"ListItem","position":1,"name":"Accueil","item":"https:\/\/repliquemangacine.fr\/"},{"@type":"ListItem","position":2,"name":"Produits","item":"https:\/\/repliquemangacine.fr\/boutique\/"},{"@type":"ListItem","position":3,"name":"Lance C\u00e9leste de Toji &#8211; Jujutsu Kaisen"}]},{"@type":"WebSite","@id":"https:\/\/repliquemangacine.fr\/#website","url":"https:\/\/repliquemangacine.fr\/","name":"R\u00e9plique Manga Cin\u00e9","description":"","publisher":{"@id":"https:\/\/repliquemangacine.fr\/#organization"},"potentialAction":[{"@type":"SearchAction","target":{"@type":"EntryPoint","urlTemplate":"https:\/\/repliquemangacine.fr\/?s={search_term_string}"},"query-input":{"@type":"PropertyValueSpecification","valueRequired":true,"valueName":"search_term_string"}}],"inLanguage":"de"},{"@type":"Organization","@id":"https:\/\/repliquemangacine.fr\/#organization","name":"R\u00e9plique Manga Cin\u00e9","url":"https:\/\/repliquemangacine.fr\/","logo":{"@type":"ImageObject","inLanguage":"de","@id":"https:\/\/repliquemangacine.fr\/#\/schema\/logo\/image\/","url":"https:\/\/repliquemangacine.fr\/wp-content\/uploads\/2023\/10\/RMC-500250.png","contentUrl":"https:\/\/repliquemangacine.fr\/wp-content\/uploads\/2023\/10\/RMC-500250.png","width":500,"height":250,"caption":"R\u00e9plique Manga Cin\u00e9"},"image":{"@id":"https:\/\/repliquemangacine.fr\/#\/schema\/logo\/image\/"},"sameAs":["https:\/\/www.facebook.com\/RepliqueMangaCine","https:\/\/www.instagram.com\/repliquemangacine.fr\/"]}]}},"_links":{"self":[{"href":"https:\/\/repliquemangacine.fr\/de\/wp-json\/wp\/v2\/product\/79532","targetHints":{"allow":["GET"]}}],"collection":[{"href":"https:\/\/repliquemangacine.fr\/de\/wp-json\/wp\/v2\/product"}],"about":[{"href":"https:\/\/repliquemangacine.fr\/de\/wp-json\/wp\/v2\/types\/product"}],"wp:featuredmedia":[{"embeddable":true,"href":"https:\/\/repliquemangacine.fr\/de\/wp-json\/wp\/v2\/media\/79534"}],"wp:attachment":[{"href":"https:\/\/repliquemangacine.fr\/de\/wp-json\/wp\/v2\/media?parent=79532"}],"wp:term":[{"taxonomy":"product_brand","embeddable":true,"href":"https:\/\/repliquemangacine.fr\/de\/wp-json\/wp\/v2\/product_brand?post=79532"},{"taxonomy":"product_cat","embeddable":true,"href":"https:\/\/repliquemangacine.fr\/de\/wp-json\/wp\/v2\/product_cat?post=79532"},{"taxonomy":"product_tag","embeddable":true,"href":"https:\/\/repliquemangacine.fr\/de\/wp-json\/wp\/v2\/product_tag?post=79532"}],"curies":[{"name":"wp","href":"https:\/\/api.w.org\/{rel}","templated":true}]}}