





{"id":79522,"date":"2024-12-08T20:53:51","date_gmt":"2024-12-08T19:53:51","guid":{"rendered":"https:\/\/repliquemangacine.fr\/?post_type=product&#038;p=79522"},"modified":"2026-04-15T12:24:56","modified_gmt":"2026-04-15T10:24:56","slug":"kaigaku-katana-in-demon-slayer","status":"publish","type":"product","link":"https:\/\/repliquemangacine.fr\/de\/katana-demon-slayer-metal\/katana-de-kaigaku-dans-demon-slayer\/","title":{"rendered":"Kaigakus Katana in Demon Slayer"},"content":{"rendered":"<h2>Kaigakus Katana - Eine dunkle Klinge mit fulminantem Design<\/h2>\n<p>Zun\u00e4chst einmal ist der <strong>Katana von Kaigaku<\/strong>Die Geschichte des ehemaligen Sch\u00fclers des Zenitsu-Meisters, der zum D\u00e4mon und Mitglied der zw\u00f6lf D\u00e4monenmonde wurde, ist keine Ausnahme. In der Tat, getreu dem grafischen Stil und der dramatischen Intensit\u00e4t des Anime. Diese Replik bietet visuelle Kraft und tiefe Symbolik. Dieses Katana beeindruckt sofort durch seine Klinge aus dreifarbigem Karbonstahl, die Feinheit, Kraft und einen ultra-stilvollen Look vereint. Ein Eindruck einer schwarzen Flamme durchzieht die Klinge und erinnert perfekt an die dunkle, elektrisierende Aura von Kaigaku in <a href=\"https:\/\/kimetsu-no-yaiba.fandom.com\/fr\/wiki\/Wiki_Kimetsu_no_Yaiba\" target=\"_blank\" rel=\"noopener noreferrer\">Demon Slayer<\/a>. Der verzierte Stahlb\u00fcgel zeigt liebevolle Details, die den bedrohlichen und eleganten visuellen Effekt dieser furchterregenden Waffe verst\u00e4rken.<\/p>\n<p>Es muss betont werden, dass in der Welt von Demon Slayer jedes Katana eine Geschichte erz\u00e4hlt, eine Pers\u00f6nlichkeit offenbart, eine Technik verk\u00f6rpert und einen bleibenden Eindruck hinterl\u00e4sst. F\u00fcgen Sie diese Klinge Ihrer Sammlung hinzu und verk\u00f6rpern Sie die dunkle Macht von Kaigaku, dem ehemaligen Sch\u00fcler, der zum D\u00e4mon wurde.<\/p>\n<h2>Kaigaku: Ein ehemaliger Spalter, der zum D\u00e4mon wurde ... und eine vernichtende schwarze Klinge tr\u00e4gt<\/h2>\n<p>Kaigaku, einst Sch\u00fcler desselben Meisters wie Zenitsu, hat einen anderen Weg gew\u00e4hlt, den des Verrats und der Finsternis. Als er einer der Zw\u00f6lf D\u00e4monenmonde wurde, behielt er sein Katana, ein verzerrtes Symbol seiner Vergangenheit als Mensch, der D\u00e4monen zerschlug. Dieses Katana wird zum direkten Ausdruck seines Hasses, seines Ehrgeizes und seines Willens, seine ehemaligen Gef\u00e4hrten zu \u00fcbertreffen.<br \/>\nJeder Schlag, den er im Anime mit dieser Waffe ausf\u00fchrt, ist mit Wut, Geschwindigkeit und einem bemerkenswert elektrisierenden Stil aufgeladen.<\/p>\n<p>Diese Zeile verk\u00f6rpert die ganze dramatische Spannung um seine Figur, die zwischen Macht, Verrat und Rivalit\u00e4t hin- und hergerissen ist. Kaigaku symbolisiert die Gefahren eines schlecht kanalisierten Ehrgeizes, der sich in eine zerst\u00f6rerische Kraft verwandelt, die dem absoluten B\u00f6sen dient. Diesen Text zu besitzen, bedeutet auch, die dunkle Seite der faszinierenden und tragischen Welt von Demon Slayer zu erforschen.<\/p>\n<h2>R\u00e9plique Manga Cin\u00e9: Die gr\u00f6\u00dften Manga-Katanas in einem Gesch\u00e4ft vereint<\/h2>\n<p>R\u00e9plique Manga Cin\u00e9, bietet Ihnen eine gro\u00dfe Auswahl an Katanas, die von den gr\u00f6\u00dften Manga- und Anime-Sagas inspiriert sind.  Neben den zahlreichen Katanas aus Demon Slayer finden Sie Modelle f\u00fcr jeden Charakter, von LED-Versionen bis hin zu Katanas aus Holz. Wir haben auch alle <a href=\"https:\/\/repliquemangacine.fr\/de\/katana-one-piece\/\">Katanas aus One Piece<\/a>wie Enma, Wado Ichimonji oder Shusui, die originalgetreu reproduziert und hochwertig verarbeitet sind. Fantasy-Fans werden unsere <a href=\"https:\/\/repliquemangacine.fr\/de\/elden-ring\/\">Katanas von Elden Ring<\/a>Sie sind dunkel, geheimnisvoll und von \u00fcbernat\u00fcrlicher Macht durchdrungen. Unser Shop bietet auch Schwerter an, die von der neuen Manga-Welle inspiriert sind, insbesondere die <a href=\"https:\/\/repliquemangacine.fr\/de\/kagurabachi\/\">Katanas aus Kagurabachi<\/a>mit einem atemberaubenden Design.<\/p>\n<p>R\u00e9plique Manga Cin\u00e9 ist die Referenz, um Ihre Lieblingswaffen zu finden und Ihre Lieblingswelten voll auszuleben. F\u00fcgen Sie jetzt die Klinge von Kaigaku Ihrer Sammlung hinzu und erkunden Sie unseren st\u00e4ndig wachsenden Katalog. Regelm\u00e4\u00dfig kommen neue Modelle hinzu, um die Fans der kultigsten und neuesten Animes zufrieden zu stellen.<\/p>","protected":false},"excerpt":{"rendered":"<p>Wundersch\u00f6ne Replik von Kaigakus Katana aus Demon Slayer<\/p>\n<ul>\n<li>Klinge aus Karbonstahl drei T\u00f6ne<\/li>\n<li>Schwarzer Flammendruck auf der Klinge.<\/li>\n<li>Garde aus verziertem Stahl<\/li>\n<li>Schwarz gef\u00e4rbte Holzscheide.<\/li>\n<li>L\u00e4nge der Klinge: 65 cm - Gesamtl\u00e4nge: 103 cm<\/li>\n<li>Gewicht: 1050 gr<\/li>\n<\/ul>","protected":false},"featured_media":79526,"template":"","meta":[],"product_brand":[896],"product_cat":[63,117],"product_tag":[],"class_list":{"0":"post-79522","1":"product","2":"type-product","3":"status-publish","4":"has-post-thumbnail","6":"product_brand-replique-manga-cine","7":"product_cat-katana-demon-slayer","8":"product_cat-katana-demon-slayer-metal","10":"first","11":"instock","12":"taxable","13":"shipping-taxable","14":"purchasable","15":"product-type-simple"},"yoast_head":"<!-- This site is optimized with the Yoast SEO plugin v27.4 - https:\/\/yoast.com\/product\/yoast-seo-wordpress\/ -->\n<title>Katana de Kaigaku dans Demon Slayer - R\u00e9plique Manga Cin\u00e9<\/title>\n<meta name=\"description\" content=\"Superbe r\u00e9plique du Katana de Kaigaku dans Demon Slayer. Lame en acier carbone trois tons. Garde m\u00e9tal. Fourreau. Longueur totale : 103 cm\" \/>\n<meta name=\"robots\" content=\"index, follow, max-snippet:-1, max-image-preview:large, max-video-preview:-1\" \/>\n<link rel=\"canonical\" href=\"https:\/\/repliquemangacine.fr\/de\/katana-demon-slayer-metal\/kaigaku-katana-in-demon-slayer\/\" \/>\n<meta property=\"og:locale\" content=\"de_DE\" \/>\n<meta property=\"og:type\" content=\"article\" \/>\n<meta property=\"og:title\" content=\"Katana de Kaigaku dans Demon Slayer - R\u00e9plique Manga Cin\u00e9\" \/>\n<meta property=\"og:description\" content=\"Superbe r\u00e9plique du Katana de Kaigaku dans Demon Slayer. Lame en acier carbone trois tons. Garde m\u00e9tal. Fourreau. Longueur totale : 103 cm\" \/>\n<meta property=\"og:url\" content=\"https:\/\/repliquemangacine.fr\/de\/katana-demon-slayer-metal\/kaigaku-katana-in-demon-slayer\/\" \/>\n<meta property=\"og:site_name\" content=\"R\u00e9plique Manga Cin\u00e9\" \/>\n<meta property=\"article:publisher\" content=\"https:\/\/www.facebook.com\/RepliqueMangaCine\" \/>\n<meta property=\"article:modified_time\" content=\"2026-04-15T10:24:56+00:00\" \/>\n<meta property=\"og:image\" content=\"https:\/\/repliquemangacine.fr\/wp-content\/uploads\/2024\/12\/Katana-de-Kaigaku-dans-Demon-Slayer.jpg\" \/>\n\t<meta property=\"og:image:width\" content=\"500\" \/>\n\t<meta property=\"og:image:height\" content=\"500\" \/>\n\t<meta property=\"og:image:type\" content=\"image\/jpeg\" \/>\n<meta name=\"twitter:card\" content=\"summary_large_image\" \/>\n<meta name=\"twitter:label1\" content=\"Gesch\u00e4tzte Lesezeit\" \/>\n\t<meta name=\"twitter:data1\" content=\"3\u00a0Minuten\" \/>\n<script type=\"application\/ld+json\" class=\"yoast-schema-graph\">{\"@context\":\"https:\\\/\\\/schema.org\",\"@graph\":[{\"@type\":\"WebPage\",\"@id\":\"https:\\\/\\\/repliquemangacine.fr\\\/katana-demon-slayer-metal\\\/katana-de-kaigaku-dans-demon-slayer\\\/\",\"url\":\"https:\\\/\\\/repliquemangacine.fr\\\/katana-demon-slayer-metal\\\/katana-de-kaigaku-dans-demon-slayer\\\/\",\"name\":\"Katana de Kaigaku dans Demon Slayer - R\u00e9plique Manga Cin\u00e9\",\"isPartOf\":{\"@id\":\"https:\\\/\\\/repliquemangacine.fr\\\/#website\"},\"primaryImageOfPage\":{\"@id\":\"https:\\\/\\\/repliquemangacine.fr\\\/katana-demon-slayer-metal\\\/katana-de-kaigaku-dans-demon-slayer\\\/#primaryimage\"},\"image\":{\"@id\":\"https:\\\/\\\/repliquemangacine.fr\\\/katana-demon-slayer-metal\\\/katana-de-kaigaku-dans-demon-slayer\\\/#primaryimage\"},\"thumbnailUrl\":\"https:\\\/\\\/repliquemangacine.fr\\\/wp-content\\\/uploads\\\/2024\\\/12\\\/Katana-de-Kaigaku-dans-Demon-Slayer.jpg\",\"datePublished\":\"2024-12-08T19:53:51+00:00\",\"dateModified\":\"2026-04-15T10:24:56+00:00\",\"description\":\"Superbe r\u00e9plique du Katana de Kaigaku dans Demon Slayer. Lame en acier carbone trois tons. Garde m\u00e9tal. Fourreau. Longueur totale : 103 cm\",\"breadcrumb\":{\"@id\":\"https:\\\/\\\/repliquemangacine.fr\\\/katana-demon-slayer-metal\\\/katana-de-kaigaku-dans-demon-slayer\\\/#breadcrumb\"},\"inLanguage\":\"de\",\"potentialAction\":[{\"@type\":\"ReadAction\",\"target\":[\"https:\\\/\\\/repliquemangacine.fr\\\/katana-demon-slayer-metal\\\/katana-de-kaigaku-dans-demon-slayer\\\/\"]}]},{\"@type\":\"ImageObject\",\"inLanguage\":\"de\",\"@id\":\"https:\\\/\\\/repliquemangacine.fr\\\/katana-demon-slayer-metal\\\/katana-de-kaigaku-dans-demon-slayer\\\/#primaryimage\",\"url\":\"https:\\\/\\\/repliquemangacine.fr\\\/wp-content\\\/uploads\\\/2024\\\/12\\\/Katana-de-Kaigaku-dans-Demon-Slayer.jpg\",\"contentUrl\":\"https:\\\/\\\/repliquemangacine.fr\\\/wp-content\\\/uploads\\\/2024\\\/12\\\/Katana-de-Kaigaku-dans-Demon-Slayer.jpg\",\"width\":500,\"height\":500,\"caption\":\"Katana de Kaigaku dans Demon Slayer\"},{\"@type\":\"BreadcrumbList\",\"@id\":\"https:\\\/\\\/repliquemangacine.fr\\\/katana-demon-slayer-metal\\\/katana-de-kaigaku-dans-demon-slayer\\\/#breadcrumb\",\"itemListElement\":[{\"@type\":\"ListItem\",\"position\":1,\"name\":\"Accueil\",\"item\":\"https:\\\/\\\/repliquemangacine.fr\\\/\"},{\"@type\":\"ListItem\",\"position\":2,\"name\":\"Produits\",\"item\":\"https:\\\/\\\/repliquemangacine.fr\\\/boutique\\\/\"},{\"@type\":\"ListItem\",\"position\":3,\"name\":\"Katana de Kaigaku dans Demon Slayer\"}]},{\"@type\":\"WebSite\",\"@id\":\"https:\\\/\\\/repliquemangacine.fr\\\/#website\",\"url\":\"https:\\\/\\\/repliquemangacine.fr\\\/\",\"name\":\"R\u00e9plique Manga Cin\u00e9\",\"description\":\"\",\"publisher\":{\"@id\":\"https:\\\/\\\/repliquemangacine.fr\\\/#organization\"},\"potentialAction\":[{\"@type\":\"SearchAction\",\"target\":{\"@type\":\"EntryPoint\",\"urlTemplate\":\"https:\\\/\\\/repliquemangacine.fr\\\/?s={search_term_string}\"},\"query-input\":{\"@type\":\"PropertyValueSpecification\",\"valueRequired\":true,\"valueName\":\"search_term_string\"}}],\"inLanguage\":\"de\"},{\"@type\":\"Organization\",\"@id\":\"https:\\\/\\\/repliquemangacine.fr\\\/#organization\",\"name\":\"R\u00e9plique Manga Cin\u00e9\",\"url\":\"https:\\\/\\\/repliquemangacine.fr\\\/\",\"logo\":{\"@type\":\"ImageObject\",\"inLanguage\":\"de\",\"@id\":\"https:\\\/\\\/repliquemangacine.fr\\\/#\\\/schema\\\/logo\\\/image\\\/\",\"url\":\"https:\\\/\\\/repliquemangacine.fr\\\/wp-content\\\/uploads\\\/2023\\\/10\\\/RMC-500250.png\",\"contentUrl\":\"https:\\\/\\\/repliquemangacine.fr\\\/wp-content\\\/uploads\\\/2023\\\/10\\\/RMC-500250.png\",\"width\":500,\"height\":250,\"caption\":\"R\u00e9plique Manga Cin\u00e9\"},\"image\":{\"@id\":\"https:\\\/\\\/repliquemangacine.fr\\\/#\\\/schema\\\/logo\\\/image\\\/\"},\"sameAs\":[\"https:\\\/\\\/www.facebook.com\\\/RepliqueMangaCine\",\"https:\\\/\\\/www.instagram.com\\\/repliquemangacine.fr\\\/\"]}]}<\/script>\n<!-- \/ Yoast SEO plugin. -->","yoast_head_json":{"title":"Kaigakus Katana in Demon Slayer - R\u00e9plique Manga Cin\u00e9","description":"Wundersch\u00f6ne Replik von Kaigakus Katana aus Demon Slayer. Klinge aus dreifarbigem Karbonstahl. Griff aus Metall. Scheide. Gesamtl\u00e4nge: 103 cm","robots":{"index":"index","follow":"follow","max-snippet":"max-snippet:-1","max-image-preview":"max-image-preview:large","max-video-preview":"max-video-preview:-1"},"canonical":"https:\/\/repliquemangacine.fr\/de\/katana-demon-slayer-metal\/kaigaku-katana-in-demon-slayer\/","og_locale":"de_DE","og_type":"article","og_title":"Katana de Kaigaku dans Demon Slayer - R\u00e9plique Manga Cin\u00e9","og_description":"Superbe r\u00e9plique du Katana de Kaigaku dans Demon Slayer. Lame en acier carbone trois tons. Garde m\u00e9tal. Fourreau. Longueur totale : 103 cm","og_url":"https:\/\/repliquemangacine.fr\/de\/katana-demon-slayer-metal\/kaigaku-katana-in-demon-slayer\/","og_site_name":"R\u00e9plique Manga Cin\u00e9","article_publisher":"https:\/\/www.facebook.com\/RepliqueMangaCine","article_modified_time":"2026-04-15T10:24:56+00:00","og_image":[{"width":500,"height":500,"url":"https:\/\/repliquemangacine.fr\/wp-content\/uploads\/2024\/12\/Katana-de-Kaigaku-dans-Demon-Slayer.jpg","type":"image\/jpeg"}],"twitter_card":"summary_large_image","twitter_misc":{"Gesch\u00e4tzte Lesezeit":"3\u00a0Minuten"},"schema":{"@context":"https:\/\/schema.org","@graph":[{"@type":"WebPage","@id":"https:\/\/repliquemangacine.fr\/katana-demon-slayer-metal\/katana-de-kaigaku-dans-demon-slayer\/","url":"https:\/\/repliquemangacine.fr\/katana-demon-slayer-metal\/katana-de-kaigaku-dans-demon-slayer\/","name":"Kaigakus Katana in Demon Slayer - R\u00e9plique Manga Cin\u00e9","isPartOf":{"@id":"https:\/\/repliquemangacine.fr\/#website"},"primaryImageOfPage":{"@id":"https:\/\/repliquemangacine.fr\/katana-demon-slayer-metal\/katana-de-kaigaku-dans-demon-slayer\/#primaryimage"},"image":{"@id":"https:\/\/repliquemangacine.fr\/katana-demon-slayer-metal\/katana-de-kaigaku-dans-demon-slayer\/#primaryimage"},"thumbnailUrl":"https:\/\/repliquemangacine.fr\/wp-content\/uploads\/2024\/12\/Katana-de-Kaigaku-dans-Demon-Slayer.jpg","datePublished":"2024-12-08T19:53:51+00:00","dateModified":"2026-04-15T10:24:56+00:00","description":"Wundersch\u00f6ne Replik von Kaigakus Katana aus Demon Slayer. Klinge aus dreifarbigem Karbonstahl. Griff aus Metall. Scheide. Gesamtl\u00e4nge: 103 cm","breadcrumb":{"@id":"https:\/\/repliquemangacine.fr\/katana-demon-slayer-metal\/katana-de-kaigaku-dans-demon-slayer\/#breadcrumb"},"inLanguage":"de","potentialAction":[{"@type":"ReadAction","target":["https:\/\/repliquemangacine.fr\/katana-demon-slayer-metal\/katana-de-kaigaku-dans-demon-slayer\/"]}]},{"@type":"ImageObject","inLanguage":"de","@id":"https:\/\/repliquemangacine.fr\/katana-demon-slayer-metal\/katana-de-kaigaku-dans-demon-slayer\/#primaryimage","url":"https:\/\/repliquemangacine.fr\/wp-content\/uploads\/2024\/12\/Katana-de-Kaigaku-dans-Demon-Slayer.jpg","contentUrl":"https:\/\/repliquemangacine.fr\/wp-content\/uploads\/2024\/12\/Katana-de-Kaigaku-dans-Demon-Slayer.jpg","width":500,"height":500,"caption":"Katana de Kaigaku dans Demon Slayer"},{"@type":"BreadcrumbList","@id":"https:\/\/repliquemangacine.fr\/katana-demon-slayer-metal\/katana-de-kaigaku-dans-demon-slayer\/#breadcrumb","itemListElement":[{"@type":"ListItem","position":1,"name":"Accueil","item":"https:\/\/repliquemangacine.fr\/"},{"@type":"ListItem","position":2,"name":"Produits","item":"https:\/\/repliquemangacine.fr\/boutique\/"},{"@type":"ListItem","position":3,"name":"Katana de Kaigaku dans Demon Slayer"}]},{"@type":"WebSite","@id":"https:\/\/repliquemangacine.fr\/#website","url":"https:\/\/repliquemangacine.fr\/","name":"R\u00e9plique Manga Cin\u00e9","description":"","publisher":{"@id":"https:\/\/repliquemangacine.fr\/#organization"},"potentialAction":[{"@type":"SearchAction","target":{"@type":"EntryPoint","urlTemplate":"https:\/\/repliquemangacine.fr\/?s={search_term_string}"},"query-input":{"@type":"PropertyValueSpecification","valueRequired":true,"valueName":"search_term_string"}}],"inLanguage":"de"},{"@type":"Organization","@id":"https:\/\/repliquemangacine.fr\/#organization","name":"R\u00e9plique Manga Cin\u00e9","url":"https:\/\/repliquemangacine.fr\/","logo":{"@type":"ImageObject","inLanguage":"de","@id":"https:\/\/repliquemangacine.fr\/#\/schema\/logo\/image\/","url":"https:\/\/repliquemangacine.fr\/wp-content\/uploads\/2023\/10\/RMC-500250.png","contentUrl":"https:\/\/repliquemangacine.fr\/wp-content\/uploads\/2023\/10\/RMC-500250.png","width":500,"height":250,"caption":"R\u00e9plique Manga Cin\u00e9"},"image":{"@id":"https:\/\/repliquemangacine.fr\/#\/schema\/logo\/image\/"},"sameAs":["https:\/\/www.facebook.com\/RepliqueMangaCine","https:\/\/www.instagram.com\/repliquemangacine.fr\/"]}]}},"_links":{"self":[{"href":"https:\/\/repliquemangacine.fr\/de\/wp-json\/wp\/v2\/product\/79522","targetHints":{"allow":["GET"]}}],"collection":[{"href":"https:\/\/repliquemangacine.fr\/de\/wp-json\/wp\/v2\/product"}],"about":[{"href":"https:\/\/repliquemangacine.fr\/de\/wp-json\/wp\/v2\/types\/product"}],"wp:featuredmedia":[{"embeddable":true,"href":"https:\/\/repliquemangacine.fr\/de\/wp-json\/wp\/v2\/media\/79526"}],"wp:attachment":[{"href":"https:\/\/repliquemangacine.fr\/de\/wp-json\/wp\/v2\/media?parent=79522"}],"wp:term":[{"taxonomy":"product_brand","embeddable":true,"href":"https:\/\/repliquemangacine.fr\/de\/wp-json\/wp\/v2\/product_brand?post=79522"},{"taxonomy":"product_cat","embeddable":true,"href":"https:\/\/repliquemangacine.fr\/de\/wp-json\/wp\/v2\/product_cat?post=79522"},{"taxonomy":"product_tag","embeddable":true,"href":"https:\/\/repliquemangacine.fr\/de\/wp-json\/wp\/v2\/product_tag?post=79522"}],"curies":[{"name":"wp","href":"https:\/\/api.w.org\/{rel}","templated":true}]}}