





{"id":79503,"date":"2024-12-08T20:06:28","date_gmt":"2024-12-08T19:06:28","guid":{"rendered":"https:\/\/repliquemangacine.fr\/?post_type=product&#038;p=79503"},"modified":"2026-04-15T12:21:27","modified_gmt":"2026-04-15T10:21:27","slug":"devil-sword-dantes-teufelsschwert-devil-my-cry","status":"publish","type":"product","link":"https:\/\/repliquemangacine.fr\/de\/katana-et-epee-de-jeux-video-autre-jeux-video\/epee-devil-sword-epee-du-diable-de-dante-devil-my-cry\/","title":{"rendered":"Devil Sword Dante - Devil My Cry 5"},"content":{"rendered":"<h2>Devil Sword Dante - Eine massive Replik f\u00fcr Cosplay- und Action-Fans<\/h2>\n<p>An erster Stelle steht das Devil Sword Dante, eine imposante Nachbildung, die vollst\u00e4ndig aus Glasfaser gefertigt ist und somit sowohl leicht als auch robust ist. Es enth\u00e4lt eine innere Metallstruktur, die f\u00fcr eine ausgezeichnete Steifigkeit sorgt und gleichzeitig ein f\u00fcr Cosplayer geeignetes Gewicht gew\u00e4hrleistet. Jedes Exemplar ist handbemalt und mit pr\u00e4zisen Details versehen, um das h\u00f6llische Aussehen des Schwertes aus dem Spiel originalgetreu nachzubilden. Diese f\u00fcr Cosplay-Fans entworfene, emblematische Waffe erm\u00f6glicht es, Dante in seiner ganzen Kraft und seinem einzigartigen Charisma zu verk\u00f6rpern.<br \/>\nDante, halb D\u00e4mon, halb Mensch, ist ein gef\u00fcrchteter und stilvoller D\u00e4monenj\u00e4ger, der in der Welt von <a href=\"https:\/\/devilmaycrydmc.fandom.com\/fr\/wiki\/Devil_May_Cry\" target=\"_blank\" rel=\"noopener noreferrer\">Devil May Cry<\/a><\/p>\n<p>Wer diese Replik besitzt, erlebt die rasanten K\u00e4mpfe und Dantes furchteinfl\u00f6\u00dfende Pr\u00e4senz im Kampf gegen die D\u00e4monen. Stellen Sie sie stolz zur Schau oder nutzen Sie sie, um Ihre Cosplay-Outfits auf Conventions oder speziellen Fotoshootings zu veredeln.<\/p>\n<h2>Ein mythisches Schwert im Mittelpunkt der Geschichte von Devil May Cry 5<\/h2>\n<p>Das Devil Sword Dante erscheint in Devil May Cry 5 als ultimative Waffe, eine Fusion aus der Rebellion und dem D\u00e4mon Sparda. Es stellt einen Meilenstein in Dantes Entwicklung dar und symbolisiert seine volle Akzeptanz seines d\u00e4monischen Erbes und seiner Kr\u00e4fte. Optisch spektakul\u00e4r, hat sie eine bedrohliche, organische Form mit Materialeffekten, die an eine lebendige, dunkle Klinge erinnern. Ihre Besonderheit liegt in ihrer F\u00e4higkeit, sich zu verwandeln. So entstehen explosive Angriffe und einzigartige Bewegungen, die mit d\u00e4monischer Energie verbunden sind.<br class=\"yoast-text-mark\" \/>lass=\u201dyoast-text-mark\u201d \/&gt;&gt;Sie ist mit Dantes Familiengeschichte verbunden und steht f\u00fcr die Macht seines Vaters Sparda, die \u00fcber die Zeit hinweg weitergegeben und veredelt wurde. Ihr ikonisches Design macht sie zu einer der denkw\u00fcrdigsten Waffen der Saga, die zugleich imposant, gotisch und h\u00f6llisch ist.<\/p>\n<p>Stellen Sie es zum Schluss stolz aus oder verwenden Sie es, um Ihre Cosplay-Outfits auf Conventions oder speziellen Fotoshootings zu versch\u00f6nern.<\/p>\n<h2>R\u00e9plique Manga Cin\u00e9: Die kultigsten Waffen aus Videospielen in einem Gesch\u00e4ft vereint<\/h2>\n<p>R\u00e9plique Manga Cin\u00e9, bietet Ihnen die gr\u00f6\u00dften ikonischen Waffen aus den besten aktuellen Videospielen und alten Kulten. Entdecken Sie neben dem Devil Sword Dante auch die beeindruckende <a href=\"https:\/\/repliquemangacine.fr\/de\/elden-ring\/greatsword-epee-elden-ring\/\">Greatsword-Schwert von Elden Ring<\/a>, ideal f\u00fcr Liebhaber d\u00fcsterer und epischer Welten.<\/p>\n<p>Wir bieten auch die legend\u00e4re <a href=\"https:\/\/repliquemangacine.fr\/de\/katana-und-schwert-von-videospielen-andere-videospiele\/fusionsschwert-cloud-multiblade-buster-sword-final-fantasy-vii\/\">Fusion Sword von Cloud Strife<\/a>das in Final Fantasy VII: Advent Children erschienen ist. Dieses futuristische Schwert mit segmentierter Klinge fasziniert sowohl durch sein Design als auch durch seine starke Symbolik. Es gibt auch das <a href=\"https:\/\/repliquemangacine.fr\/de\/katana-und-schwert-von-videospielen-andere-videospiele\/axt-von-kratos-god-of-war\/\">Kratos' Leviathan-Axt<\/a>, aus dem Spiel God of War, kraftvoll und perfekt detailliert.<\/p>\n<p>R\u00e9plique Manga Cin\u00e9 ist Ihre Anlaufstelle f\u00fcr Sammlerwaffen aus Kultspielen und unverzichtbaren Klassikern der weltweiten Gaming-Szene. Zusammenfassend l\u00e4sst sich sagen: spektakul\u00e4re Repliken, bereit zur Ausstellung oder zum Einsatz bei Ihren Cosplay-Events.<\/p>","protected":false},"excerpt":{"rendered":"<p>Dantes meisterhaftes Devil Sword in Devil My Cry 5<\/p>\n<ul>\n<li>Vollst\u00e4ndig aus Glasfaser hergestellt<\/li>\n<li>Metallstruktur im Inneren<\/li>\n<li>Handbemalt<\/li>\n<li>Ideal f\u00fcr Cosplayer<\/li>\n<li>L\u00e4nge der Klinge: 97 cm - Gesamtl\u00e4nge: 140 cm<\/li>\n<li>Gewicht: 3040 gr<\/li>\n<\/ul>","protected":false},"featured_media":79508,"template":"","meta":[],"product_brand":[896],"product_cat":[880,23,67],"product_tag":[],"class_list":{"0":"post-79503","1":"product","2":"type-product","3":"status-publish","4":"has-post-thumbnail","6":"product_brand-replique-manga-cine","7":"product_cat-devil-may-cry","8":"product_cat-repliques-manga-jeux-video","9":"product_cat-katana-et-epee-de-jeux-video-autre-jeux-video","11":"first","12":"instock","13":"sale","14":"taxable","15":"shipping-taxable","16":"purchasable","17":"product-type-simple"},"yoast_head":"<!-- This site is optimized with the Yoast SEO plugin v27.5 - https:\/\/yoast.com\/product\/yoast-seo-wordpress\/ -->\n<title>Devil Sword Dante - Devil My Cry 5 - R\u00e9plique Manga Cin\u00e9<\/title>\n<meta name=\"description\" content=\"Superbe Ep\u00e9e Devil Sword Dante dans Devil My Cry. Tout en fibre de verre au design embl\u00e9matique. Id\u00e9al pour les cosplayeurs. Longueur totale : 139 cm\" \/>\n<meta name=\"robots\" content=\"index, follow, max-snippet:-1, max-image-preview:large, max-video-preview:-1\" \/>\n<link rel=\"canonical\" href=\"https:\/\/repliquemangacine.fr\/de\/katana-und-schwert-von-videospielen-andere-videospiele\/devil-sword-dantes-teufelsschwert-devil-my-cry\/\" \/>\n<meta property=\"og:locale\" content=\"de_DE\" \/>\n<meta property=\"og:type\" content=\"article\" \/>\n<meta property=\"og:title\" content=\"Devil Sword Dante - Devil My Cry 5 - R\u00e9plique Manga Cin\u00e9\" \/>\n<meta property=\"og:description\" content=\"Superbe Ep\u00e9e Devil Sword Dante dans Devil My Cry. Tout en fibre de verre au design embl\u00e9matique. Id\u00e9al pour les cosplayeurs. Longueur totale : 139 cm\" \/>\n<meta property=\"og:url\" content=\"https:\/\/repliquemangacine.fr\/de\/katana-und-schwert-von-videospielen-andere-videospiele\/devil-sword-dantes-teufelsschwert-devil-my-cry\/\" \/>\n<meta property=\"og:site_name\" content=\"R\u00e9plique Manga Cin\u00e9\" \/>\n<meta property=\"article:publisher\" content=\"https:\/\/www.facebook.com\/RepliqueMangaCine\" \/>\n<meta property=\"article:modified_time\" content=\"2026-04-15T10:21:27+00:00\" \/>\n<meta property=\"og:image\" content=\"https:\/\/repliquemangacine.fr\/wp-content\/uploads\/2024\/12\/Epee-du-Diable-de-Dante.jpg\" \/>\n\t<meta property=\"og:image:width\" content=\"500\" \/>\n\t<meta property=\"og:image:height\" content=\"500\" \/>\n\t<meta property=\"og:image:type\" content=\"image\/jpeg\" \/>\n<meta name=\"twitter:card\" content=\"summary_large_image\" \/>\n<meta name=\"twitter:label1\" content=\"Gesch\u00e4tzte Lesezeit\" \/>\n\t<meta name=\"twitter:data1\" content=\"3\u00a0Minuten\" \/>\n<script type=\"application\/ld+json\" class=\"yoast-schema-graph\">{\"@context\":\"https:\\\/\\\/schema.org\",\"@graph\":[{\"@type\":\"WebPage\",\"@id\":\"https:\\\/\\\/repliquemangacine.fr\\\/katana-et-epee-de-jeux-video-autre-jeux-video\\\/epee-devil-sword-epee-du-diable-de-dante-devil-my-cry\\\/\",\"url\":\"https:\\\/\\\/repliquemangacine.fr\\\/katana-et-epee-de-jeux-video-autre-jeux-video\\\/epee-devil-sword-epee-du-diable-de-dante-devil-my-cry\\\/\",\"name\":\"Devil Sword Dante - Devil My Cry 5 - R\u00e9plique Manga Cin\u00e9\",\"isPartOf\":{\"@id\":\"https:\\\/\\\/repliquemangacine.fr\\\/#website\"},\"primaryImageOfPage\":{\"@id\":\"https:\\\/\\\/repliquemangacine.fr\\\/katana-et-epee-de-jeux-video-autre-jeux-video\\\/epee-devil-sword-epee-du-diable-de-dante-devil-my-cry\\\/#primaryimage\"},\"image\":{\"@id\":\"https:\\\/\\\/repliquemangacine.fr\\\/katana-et-epee-de-jeux-video-autre-jeux-video\\\/epee-devil-sword-epee-du-diable-de-dante-devil-my-cry\\\/#primaryimage\"},\"thumbnailUrl\":\"https:\\\/\\\/repliquemangacine.fr\\\/wp-content\\\/uploads\\\/2024\\\/12\\\/Epee-du-Diable-de-Dante.jpg\",\"datePublished\":\"2024-12-08T19:06:28+00:00\",\"dateModified\":\"2026-04-15T10:21:27+00:00\",\"description\":\"Superbe Ep\u00e9e Devil Sword Dante dans Devil My Cry. Tout en fibre de verre au design embl\u00e9matique. Id\u00e9al pour les cosplayeurs. Longueur totale : 139 cm\",\"breadcrumb\":{\"@id\":\"https:\\\/\\\/repliquemangacine.fr\\\/katana-et-epee-de-jeux-video-autre-jeux-video\\\/epee-devil-sword-epee-du-diable-de-dante-devil-my-cry\\\/#breadcrumb\"},\"inLanguage\":\"de\",\"potentialAction\":[{\"@type\":\"ReadAction\",\"target\":[\"https:\\\/\\\/repliquemangacine.fr\\\/katana-et-epee-de-jeux-video-autre-jeux-video\\\/epee-devil-sword-epee-du-diable-de-dante-devil-my-cry\\\/\"]}]},{\"@type\":\"ImageObject\",\"inLanguage\":\"de\",\"@id\":\"https:\\\/\\\/repliquemangacine.fr\\\/katana-et-epee-de-jeux-video-autre-jeux-video\\\/epee-devil-sword-epee-du-diable-de-dante-devil-my-cry\\\/#primaryimage\",\"url\":\"https:\\\/\\\/repliquemangacine.fr\\\/wp-content\\\/uploads\\\/2024\\\/12\\\/Epee-du-Diable-de-Dante.jpg\",\"contentUrl\":\"https:\\\/\\\/repliquemangacine.fr\\\/wp-content\\\/uploads\\\/2024\\\/12\\\/Epee-du-Diable-de-Dante.jpg\",\"width\":500,\"height\":500,\"caption\":\"Ep\u00e9e du Diable de Dante dans Devil My Cry 5\"},{\"@type\":\"BreadcrumbList\",\"@id\":\"https:\\\/\\\/repliquemangacine.fr\\\/katana-et-epee-de-jeux-video-autre-jeux-video\\\/epee-devil-sword-epee-du-diable-de-dante-devil-my-cry\\\/#breadcrumb\",\"itemListElement\":[{\"@type\":\"ListItem\",\"position\":1,\"name\":\"Accueil\",\"item\":\"https:\\\/\\\/repliquemangacine.fr\\\/\"},{\"@type\":\"ListItem\",\"position\":2,\"name\":\"Produits\",\"item\":\"https:\\\/\\\/repliquemangacine.fr\\\/boutique\\\/\"},{\"@type\":\"ListItem\",\"position\":3,\"name\":\"Devil Sword Dante &#8211; Devil My Cry 5\"}]},{\"@type\":\"WebSite\",\"@id\":\"https:\\\/\\\/repliquemangacine.fr\\\/#website\",\"url\":\"https:\\\/\\\/repliquemangacine.fr\\\/\",\"name\":\"R\u00e9plique Manga Cin\u00e9\",\"description\":\"\",\"publisher\":{\"@id\":\"https:\\\/\\\/repliquemangacine.fr\\\/#organization\"},\"potentialAction\":[{\"@type\":\"SearchAction\",\"target\":{\"@type\":\"EntryPoint\",\"urlTemplate\":\"https:\\\/\\\/repliquemangacine.fr\\\/?s={search_term_string}\"},\"query-input\":{\"@type\":\"PropertyValueSpecification\",\"valueRequired\":true,\"valueName\":\"search_term_string\"}}],\"inLanguage\":\"de\"},{\"@type\":\"Organization\",\"@id\":\"https:\\\/\\\/repliquemangacine.fr\\\/#organization\",\"name\":\"R\u00e9plique Manga Cin\u00e9\",\"url\":\"https:\\\/\\\/repliquemangacine.fr\\\/\",\"logo\":{\"@type\":\"ImageObject\",\"inLanguage\":\"de\",\"@id\":\"https:\\\/\\\/repliquemangacine.fr\\\/#\\\/schema\\\/logo\\\/image\\\/\",\"url\":\"https:\\\/\\\/repliquemangacine.fr\\\/wp-content\\\/uploads\\\/2023\\\/10\\\/RMC-500250.png\",\"contentUrl\":\"https:\\\/\\\/repliquemangacine.fr\\\/wp-content\\\/uploads\\\/2023\\\/10\\\/RMC-500250.png\",\"width\":500,\"height\":250,\"caption\":\"R\u00e9plique Manga Cin\u00e9\"},\"image\":{\"@id\":\"https:\\\/\\\/repliquemangacine.fr\\\/#\\\/schema\\\/logo\\\/image\\\/\"},\"sameAs\":[\"https:\\\/\\\/www.facebook.com\\\/RepliqueMangaCine\",\"https:\\\/\\\/www.instagram.com\\\/repliquemangacine.fr\\\/\"]}]}<\/script>\n<!-- \/ Yoast SEO plugin. -->","yoast_head_json":{"title":"Devil Sword Dante - Devil My Cry 5 - R\u00e9plique Manga Cin\u00e9","description":"Wundersch\u00f6nes Schwert Devil Sword Dante in Devil My Cry. Vollst\u00e4ndig aus Glasfaser mit ikonischem Design. Ideal f\u00fcr Cosplayer. Gesamtl\u00e4nge: 139 cm","robots":{"index":"index","follow":"follow","max-snippet":"max-snippet:-1","max-image-preview":"max-image-preview:large","max-video-preview":"max-video-preview:-1"},"canonical":"https:\/\/repliquemangacine.fr\/de\/katana-und-schwert-von-videospielen-andere-videospiele\/devil-sword-dantes-teufelsschwert-devil-my-cry\/","og_locale":"de_DE","og_type":"article","og_title":"Devil Sword Dante - Devil My Cry 5 - R\u00e9plique Manga Cin\u00e9","og_description":"Superbe Ep\u00e9e Devil Sword Dante dans Devil My Cry. Tout en fibre de verre au design embl\u00e9matique. Id\u00e9al pour les cosplayeurs. Longueur totale : 139 cm","og_url":"https:\/\/repliquemangacine.fr\/de\/katana-und-schwert-von-videospielen-andere-videospiele\/devil-sword-dantes-teufelsschwert-devil-my-cry\/","og_site_name":"R\u00e9plique Manga Cin\u00e9","article_publisher":"https:\/\/www.facebook.com\/RepliqueMangaCine","article_modified_time":"2026-04-15T10:21:27+00:00","og_image":[{"width":500,"height":500,"url":"https:\/\/repliquemangacine.fr\/wp-content\/uploads\/2024\/12\/Epee-du-Diable-de-Dante.jpg","type":"image\/jpeg"}],"twitter_card":"summary_large_image","twitter_misc":{"Gesch\u00e4tzte Lesezeit":"3\u00a0Minuten"},"schema":{"@context":"https:\/\/schema.org","@graph":[{"@type":"WebPage","@id":"https:\/\/repliquemangacine.fr\/katana-et-epee-de-jeux-video-autre-jeux-video\/epee-devil-sword-epee-du-diable-de-dante-devil-my-cry\/","url":"https:\/\/repliquemangacine.fr\/katana-et-epee-de-jeux-video-autre-jeux-video\/epee-devil-sword-epee-du-diable-de-dante-devil-my-cry\/","name":"Devil Sword Dante - Devil My Cry 5 - R\u00e9plique Manga Cin\u00e9","isPartOf":{"@id":"https:\/\/repliquemangacine.fr\/#website"},"primaryImageOfPage":{"@id":"https:\/\/repliquemangacine.fr\/katana-et-epee-de-jeux-video-autre-jeux-video\/epee-devil-sword-epee-du-diable-de-dante-devil-my-cry\/#primaryimage"},"image":{"@id":"https:\/\/repliquemangacine.fr\/katana-et-epee-de-jeux-video-autre-jeux-video\/epee-devil-sword-epee-du-diable-de-dante-devil-my-cry\/#primaryimage"},"thumbnailUrl":"https:\/\/repliquemangacine.fr\/wp-content\/uploads\/2024\/12\/Epee-du-Diable-de-Dante.jpg","datePublished":"2024-12-08T19:06:28+00:00","dateModified":"2026-04-15T10:21:27+00:00","description":"Wundersch\u00f6nes Schwert Devil Sword Dante in Devil My Cry. Vollst\u00e4ndig aus Glasfaser mit ikonischem Design. Ideal f\u00fcr Cosplayer. Gesamtl\u00e4nge: 139 cm","breadcrumb":{"@id":"https:\/\/repliquemangacine.fr\/katana-et-epee-de-jeux-video-autre-jeux-video\/epee-devil-sword-epee-du-diable-de-dante-devil-my-cry\/#breadcrumb"},"inLanguage":"de","potentialAction":[{"@type":"ReadAction","target":["https:\/\/repliquemangacine.fr\/katana-et-epee-de-jeux-video-autre-jeux-video\/epee-devil-sword-epee-du-diable-de-dante-devil-my-cry\/"]}]},{"@type":"ImageObject","inLanguage":"de","@id":"https:\/\/repliquemangacine.fr\/katana-et-epee-de-jeux-video-autre-jeux-video\/epee-devil-sword-epee-du-diable-de-dante-devil-my-cry\/#primaryimage","url":"https:\/\/repliquemangacine.fr\/wp-content\/uploads\/2024\/12\/Epee-du-Diable-de-Dante.jpg","contentUrl":"https:\/\/repliquemangacine.fr\/wp-content\/uploads\/2024\/12\/Epee-du-Diable-de-Dante.jpg","width":500,"height":500,"caption":"Ep\u00e9e du Diable de Dante dans Devil My Cry 5"},{"@type":"BreadcrumbList","@id":"https:\/\/repliquemangacine.fr\/katana-et-epee-de-jeux-video-autre-jeux-video\/epee-devil-sword-epee-du-diable-de-dante-devil-my-cry\/#breadcrumb","itemListElement":[{"@type":"ListItem","position":1,"name":"Accueil","item":"https:\/\/repliquemangacine.fr\/"},{"@type":"ListItem","position":2,"name":"Produits","item":"https:\/\/repliquemangacine.fr\/boutique\/"},{"@type":"ListItem","position":3,"name":"Devil Sword Dante &#8211; Devil My Cry 5"}]},{"@type":"WebSite","@id":"https:\/\/repliquemangacine.fr\/#website","url":"https:\/\/repliquemangacine.fr\/","name":"R\u00e9plique Manga Cin\u00e9","description":"","publisher":{"@id":"https:\/\/repliquemangacine.fr\/#organization"},"potentialAction":[{"@type":"SearchAction","target":{"@type":"EntryPoint","urlTemplate":"https:\/\/repliquemangacine.fr\/?s={search_term_string}"},"query-input":{"@type":"PropertyValueSpecification","valueRequired":true,"valueName":"search_term_string"}}],"inLanguage":"de"},{"@type":"Organization","@id":"https:\/\/repliquemangacine.fr\/#organization","name":"R\u00e9plique Manga Cin\u00e9","url":"https:\/\/repliquemangacine.fr\/","logo":{"@type":"ImageObject","inLanguage":"de","@id":"https:\/\/repliquemangacine.fr\/#\/schema\/logo\/image\/","url":"https:\/\/repliquemangacine.fr\/wp-content\/uploads\/2023\/10\/RMC-500250.png","contentUrl":"https:\/\/repliquemangacine.fr\/wp-content\/uploads\/2023\/10\/RMC-500250.png","width":500,"height":250,"caption":"R\u00e9plique Manga Cin\u00e9"},"image":{"@id":"https:\/\/repliquemangacine.fr\/#\/schema\/logo\/image\/"},"sameAs":["https:\/\/www.facebook.com\/RepliqueMangaCine","https:\/\/www.instagram.com\/repliquemangacine.fr\/"]}]}},"_links":{"self":[{"href":"https:\/\/repliquemangacine.fr\/de\/wp-json\/wp\/v2\/product\/79503","targetHints":{"allow":["GET"]}}],"collection":[{"href":"https:\/\/repliquemangacine.fr\/de\/wp-json\/wp\/v2\/product"}],"about":[{"href":"https:\/\/repliquemangacine.fr\/de\/wp-json\/wp\/v2\/types\/product"}],"wp:featuredmedia":[{"embeddable":true,"href":"https:\/\/repliquemangacine.fr\/de\/wp-json\/wp\/v2\/media\/79508"}],"wp:attachment":[{"href":"https:\/\/repliquemangacine.fr\/de\/wp-json\/wp\/v2\/media?parent=79503"}],"wp:term":[{"taxonomy":"product_brand","embeddable":true,"href":"https:\/\/repliquemangacine.fr\/de\/wp-json\/wp\/v2\/product_brand?post=79503"},{"taxonomy":"product_cat","embeddable":true,"href":"https:\/\/repliquemangacine.fr\/de\/wp-json\/wp\/v2\/product_cat?post=79503"},{"taxonomy":"product_tag","embeddable":true,"href":"https:\/\/repliquemangacine.fr\/de\/wp-json\/wp\/v2\/product_tag?post=79503"}],"curies":[{"name":"wp","href":"https:\/\/api.w.org\/{rel}","templated":true}]}}