





{"id":79459,"date":"2024-12-08T17:38:47","date_gmt":"2024-12-08T16:38:47","guid":{"rendered":"https:\/\/repliquemangacine.fr\/?post_type=product&#038;p=79459"},"modified":"2025-11-09T18:29:12","modified_gmt":"2025-11-09T17:29:12","slug":"darcher-schwerter-yin-yang-fate-stay-night","status":"publish","type":"product","link":"https:\/\/repliquemangacine.fr\/de\/katana-et-epee-de-jeux-video-autre-jeux-video\/epees-darcher-yin-yang-fate-stay-night\/","title":{"rendered":"Schwerter des Bogensch\u00fctzen Yin Yang - Fate Stay Night"},"content":{"rendered":"<h2>Archers Yin Yang-Schwerter: originalgetreue Repliken der ikonischen Klingen aus Fate Stay Night<\/h2>\n<p>Als Erstes entdecken Sie Archers Yin Yang-Schwerter, originalgetreue Repliken, inspiriert vom legend\u00e4ren Servant in <a href=\"https:\/\/encyclopedia-anime.fandom.com\/fr\/wiki\/Fate\/Stay_Night\" target=\"_blank\" rel=\"noopener noreferrer\">Fate Stay Night<\/a>. Beide Schwerter haben ein einzigartiges Design, das in dieser Version aus massivem Stahl perfekt wiedergegeben wird. Die erste Klinge ist rot und schwarz und tr\u00e4gt das Yin-Yang-Logo in der N\u00e4he der Schneide, ein Symbol f\u00fcr Dualit\u00e4t und Gleichgewicht. Das zweite, stahlfarbene Schwert tr\u00e4gt ebenfalls das gleiche Emblem. Die Griffe sind mit Leder \u00fcberzogen und sorgen so f\u00fcr einen bequemen und sicheren Halt. Diese Repliken werden mit Lederscheiden geliefert, die von einem Cordura-Schultergurt begleitet werden, um sie leicht transportieren zu k\u00f6nnen. Mit einer Klingenl\u00e4nge von 43,5 cm und einer Gesamtl\u00e4nge von 65,5 cm sind diese Schwerter beeindruckende St\u00fccke. Ob Sie nun ein Sammler oder ein leidenschaftlicher Cosplayer sind, diese Schwerter versetzen Sie direkt in die Welt von Fate Stay Night.<\/p>\n<h2>Archer's Yin Yang Swords: Ikonische Waffen in Fate Stay Night<\/h2>\n<p>Die Yin-Yang-Schwerter, auch Kansh\u014d und Bakuya genannt, sind Archer's ikonische Waffen in Fate Stay Night. Der geheimnisvolle Diener f\u00fchrt diese Zwillingsklingen mit gro\u00dfer Pr\u00e4zision. Sie wurden nach dem Vorbild von Yin und Yang geschmiedet und symbolisieren das Gleichgewicht und den Gegensatz der Kr\u00e4fte. Archer beschw\u00f6rt sie mit seiner Projektionsmagie, mit der er sofort perfekte Repliken legend\u00e4rer Waffen herstellen kann. Im Videospiel und im Anime spielen diese Schwerter eine entscheidende Rolle in seinen K\u00e4mpfen gegen Shirou Emiya. \u00dcberhaupt sind sie nicht nur Waffen, sondern auch eine Erweiterung seiner Philosophie und seines tragischen Schicksals. Ihr einzigartiges Design und ihre Bedeutung in der Geschichte machen sie zu ikonischen Schwertern im Universum von Fate Stay Night. Zusammenfassend l\u00e4sst sich sagen, dass diese Stahlrepliken die gesamte Essenz dieser mythischen Waffen einfangen, um den Fans ein unverzichtbares Sammlerst\u00fcck zu bieten.<\/p>\n<h2>R\u00e9plique Manga Cin\u00e9: Eine gro\u00dfe Auswahl an legend\u00e4ren Schwertern aus Videospielen<\/h2>\n<p>Auf R\u00e9plique Manga Cin\u00e9 finden Sie eine au\u00dfergew\u00f6hnliche Sammlung von Schwertern, die von den gr\u00f6\u00dften Videospielen inspiriert wurden. Entdecken Sie das Holy Moonlight Sword aus Bloodborne, ein Symbol f\u00fcr g\u00f6ttliche Macht und mystische St\u00e4rke. Tauchen Sie ein in den Elden Ring mit dem <a href=\"https:\/\/repliquemangacine.fr\/de\/katana-und-schwert-von-videospielen-andere-videospiele\/greatsword-epee-elden-ring\/\">Greatsword<\/a>eine kolossale Waffe, oder die <a href=\"https:\/\/repliquemangacine.fr\/de\/katana-und-schwert-von-videospielen-andere-videospiele\/schwert-dark-moon-greatsword-elden-ring\/\">Dark Moon Greatsword<\/a>mit beeindruckenden Mondkr\u00e4ften. Es gibt auch den<a href=\"https:\/\/repliquemangacine.fr\/de\/katana-und-schwert-von-videospielen-andere-videospiele\/schleifendes-schwert-cloud-ff7\/\">Schwert Cloud Crusher<\/a> in Final Fantasy VII, eine massive Klinge, die rohe Kraft verk\u00f6rpert. F\u00fcr Fans von World of Warcraft ist die Frostmourne - Frostgram, die Waffe des Lichk\u00f6nigs, ein absolutes Muss. Zelda-Fans k\u00f6nnen zwischen der <a href=\"https:\/\/repliquemangacine.fr\/de\/zelda-schwert\/master-sword-zelda-tears-of-the-kingdom\/\">Master Sword<\/a> und das Schwert von Dark Link, die beide originalgetreu nachgebildet wurden. Dar\u00fcber hinaus bietet unser Shop noch viele weitere Repliken von ikonischen Waffen. R\u00e9plique Manga Cin\u00e9 ist die Anlaufstelle f\u00fcr alle, die sich f\u00fcr Schwerter, Degen und legend\u00e4re Waffen aus den gr\u00f6\u00dften Videospielwelten begeistern.<\/p>","protected":false},"excerpt":{"rendered":"<p>Wundersch\u00f6ne Repliken der beiden Schwerter von Archer in Fate Stay Night<\/p>\n<ul>\n<li>Ganz aus spezifisch geformtem Stahl<\/li>\n<li>Ein Schwert ist von roter und schwarzer Farbe mit dem Yin Yang-Logo oben auf der Klinge.<\/li>\n<li>Das andere Schwert ist stahlfarben und ebenfalls mit dem Yin-Yang-Logo versehen.<\/li>\n<li>Mit Leder \u00fcberzogener Griff f\u00fcr einen guten Halt<\/li>\n<li>Sie werden mit ihren Lederscheiden mit Cordura-Schulterriemen geliefert.<\/li>\n<li>L\u00e4nge jeder Klinge: 43.5 cm - Gesamtl\u00e4nge: 65.5 cm<\/li>\n<li>Einzelgewicht: 1235 gr<\/li>\n<\/ul>","protected":false},"featured_media":79466,"template":"","meta":[],"product_brand":[896],"product_cat":[67],"product_tag":[],"class_list":{"0":"post-79459","1":"product","2":"type-product","3":"status-publish","4":"has-post-thumbnail","6":"product_brand-replique-manga-cine","7":"product_cat-katana-et-epee-de-jeux-video-autre-jeux-video","9":"first","10":"instock","11":"sale","12":"taxable","13":"shipping-taxable","14":"purchasable","15":"product-type-simple"},"yoast_head":"<!-- This site is optimized with the Yoast SEO plugin v27.5 - https:\/\/yoast.com\/product\/yoast-seo-wordpress\/ -->\n<title>\u00c9p\u00e9es d&#039;Archer Yin Yang - Fate Stay Night - R\u00e9plique Manga Cin\u00e9<\/title>\n<meta name=\"description\" content=\"Magnifiques r\u00e9pliques des deux \u00c9p\u00e9es d&#039;Archer &quot;Yin Yang&quot; dans Fate Stay Night. Tout en acier. Livr\u00e9 avec fourreau en cuir. Longueur de chaque \u00e9p\u00e9e 65 cm\" \/>\n<meta name=\"robots\" content=\"index, follow, max-snippet:-1, max-image-preview:large, max-video-preview:-1\" \/>\n<link rel=\"canonical\" href=\"https:\/\/repliquemangacine.fr\/de\/katana-und-schwert-von-videospielen-andere-videospiele\/darcher-schwerter-yin-yang-fate-stay-night\/\" \/>\n<meta property=\"og:locale\" content=\"de_DE\" \/>\n<meta property=\"og:type\" content=\"article\" \/>\n<meta property=\"og:title\" content=\"\u00c9p\u00e9es d&#039;Archer Yin Yang - Fate Stay Night - R\u00e9plique Manga Cin\u00e9\" \/>\n<meta property=\"og:description\" content=\"Magnifiques r\u00e9pliques des deux \u00c9p\u00e9es d&#039;Archer &quot;Yin Yang&quot; dans Fate Stay Night. Tout en acier. Livr\u00e9 avec fourreau en cuir. Longueur de chaque \u00e9p\u00e9e 65 cm\" \/>\n<meta property=\"og:url\" content=\"https:\/\/repliquemangacine.fr\/de\/katana-und-schwert-von-videospielen-andere-videospiele\/darcher-schwerter-yin-yang-fate-stay-night\/\" \/>\n<meta property=\"og:site_name\" content=\"R\u00e9plique Manga Cin\u00e9\" \/>\n<meta property=\"article:publisher\" content=\"https:\/\/www.facebook.com\/RepliqueMangaCine\" \/>\n<meta property=\"article:modified_time\" content=\"2025-11-09T17:29:12+00:00\" \/>\n<meta property=\"og:image\" content=\"https:\/\/repliquemangacine.fr\/wp-content\/uploads\/2024\/12\/Epees-dArcher-Yin-Yang-Fate-stay-Night.jpg\" \/>\n\t<meta property=\"og:image:width\" content=\"500\" \/>\n\t<meta property=\"og:image:height\" content=\"500\" \/>\n\t<meta property=\"og:image:type\" content=\"image\/jpeg\" \/>\n<meta name=\"twitter:card\" content=\"summary_large_image\" \/>\n<meta name=\"twitter:label1\" content=\"Gesch\u00e4tzte Lesezeit\" \/>\n\t<meta name=\"twitter:data1\" content=\"3\u00a0Minuten\" \/>\n<script type=\"application\/ld+json\" class=\"yoast-schema-graph\">{\"@context\":\"https:\\\/\\\/schema.org\",\"@graph\":[{\"@type\":\"WebPage\",\"@id\":\"https:\\\/\\\/repliquemangacine.fr\\\/katana-et-epee-de-jeux-video-autre-jeux-video\\\/epees-darcher-yin-yang-fate-stay-night\\\/\",\"url\":\"https:\\\/\\\/repliquemangacine.fr\\\/katana-et-epee-de-jeux-video-autre-jeux-video\\\/epees-darcher-yin-yang-fate-stay-night\\\/\",\"name\":\"\u00c9p\u00e9es d'Archer Yin Yang - Fate Stay Night - R\u00e9plique Manga Cin\u00e9\",\"isPartOf\":{\"@id\":\"https:\\\/\\\/repliquemangacine.fr\\\/#website\"},\"primaryImageOfPage\":{\"@id\":\"https:\\\/\\\/repliquemangacine.fr\\\/katana-et-epee-de-jeux-video-autre-jeux-video\\\/epees-darcher-yin-yang-fate-stay-night\\\/#primaryimage\"},\"image\":{\"@id\":\"https:\\\/\\\/repliquemangacine.fr\\\/katana-et-epee-de-jeux-video-autre-jeux-video\\\/epees-darcher-yin-yang-fate-stay-night\\\/#primaryimage\"},\"thumbnailUrl\":\"https:\\\/\\\/repliquemangacine.fr\\\/wp-content\\\/uploads\\\/2024\\\/12\\\/Epees-dArcher-Yin-Yang-Fate-stay-Night.jpg\",\"datePublished\":\"2024-12-08T16:38:47+00:00\",\"dateModified\":\"2025-11-09T17:29:12+00:00\",\"description\":\"Magnifiques r\u00e9pliques des deux \u00c9p\u00e9es d'Archer \\\"Yin Yang\\\" dans Fate Stay Night. Tout en acier. Livr\u00e9 avec fourreau en cuir. Longueur de chaque \u00e9p\u00e9e 65 cm\",\"breadcrumb\":{\"@id\":\"https:\\\/\\\/repliquemangacine.fr\\\/katana-et-epee-de-jeux-video-autre-jeux-video\\\/epees-darcher-yin-yang-fate-stay-night\\\/#breadcrumb\"},\"inLanguage\":\"de\",\"potentialAction\":[{\"@type\":\"ReadAction\",\"target\":[\"https:\\\/\\\/repliquemangacine.fr\\\/katana-et-epee-de-jeux-video-autre-jeux-video\\\/epees-darcher-yin-yang-fate-stay-night\\\/\"]}]},{\"@type\":\"ImageObject\",\"inLanguage\":\"de\",\"@id\":\"https:\\\/\\\/repliquemangacine.fr\\\/katana-et-epee-de-jeux-video-autre-jeux-video\\\/epees-darcher-yin-yang-fate-stay-night\\\/#primaryimage\",\"url\":\"https:\\\/\\\/repliquemangacine.fr\\\/wp-content\\\/uploads\\\/2024\\\/12\\\/Epees-dArcher-Yin-Yang-Fate-stay-Night.jpg\",\"contentUrl\":\"https:\\\/\\\/repliquemangacine.fr\\\/wp-content\\\/uploads\\\/2024\\\/12\\\/Epees-dArcher-Yin-Yang-Fate-stay-Night.jpg\",\"width\":500,\"height\":500,\"caption\":\"\u00c9p\u00e9es d'Archer Yin Yang\"},{\"@type\":\"BreadcrumbList\",\"@id\":\"https:\\\/\\\/repliquemangacine.fr\\\/katana-et-epee-de-jeux-video-autre-jeux-video\\\/epees-darcher-yin-yang-fate-stay-night\\\/#breadcrumb\",\"itemListElement\":[{\"@type\":\"ListItem\",\"position\":1,\"name\":\"Accueil\",\"item\":\"https:\\\/\\\/repliquemangacine.fr\\\/\"},{\"@type\":\"ListItem\",\"position\":2,\"name\":\"Produits\",\"item\":\"https:\\\/\\\/repliquemangacine.fr\\\/boutique\\\/\"},{\"@type\":\"ListItem\",\"position\":3,\"name\":\"\u00c9p\u00e9es d&#8217;Archer Yin Yang &#8211; Fate Stay Night\"}]},{\"@type\":\"WebSite\",\"@id\":\"https:\\\/\\\/repliquemangacine.fr\\\/#website\",\"url\":\"https:\\\/\\\/repliquemangacine.fr\\\/\",\"name\":\"R\u00e9plique Manga Cin\u00e9\",\"description\":\"\",\"publisher\":{\"@id\":\"https:\\\/\\\/repliquemangacine.fr\\\/#organization\"},\"potentialAction\":[{\"@type\":\"SearchAction\",\"target\":{\"@type\":\"EntryPoint\",\"urlTemplate\":\"https:\\\/\\\/repliquemangacine.fr\\\/?s={search_term_string}\"},\"query-input\":{\"@type\":\"PropertyValueSpecification\",\"valueRequired\":true,\"valueName\":\"search_term_string\"}}],\"inLanguage\":\"de\"},{\"@type\":\"Organization\",\"@id\":\"https:\\\/\\\/repliquemangacine.fr\\\/#organization\",\"name\":\"R\u00e9plique Manga Cin\u00e9\",\"url\":\"https:\\\/\\\/repliquemangacine.fr\\\/\",\"logo\":{\"@type\":\"ImageObject\",\"inLanguage\":\"de\",\"@id\":\"https:\\\/\\\/repliquemangacine.fr\\\/#\\\/schema\\\/logo\\\/image\\\/\",\"url\":\"https:\\\/\\\/repliquemangacine.fr\\\/wp-content\\\/uploads\\\/2023\\\/10\\\/RMC-500250.png\",\"contentUrl\":\"https:\\\/\\\/repliquemangacine.fr\\\/wp-content\\\/uploads\\\/2023\\\/10\\\/RMC-500250.png\",\"width\":500,\"height\":250,\"caption\":\"R\u00e9plique Manga Cin\u00e9\"},\"image\":{\"@id\":\"https:\\\/\\\/repliquemangacine.fr\\\/#\\\/schema\\\/logo\\\/image\\\/\"},\"sameAs\":[\"https:\\\/\\\/www.facebook.com\\\/RepliqueMangaCine\",\"https:\\\/\\\/www.instagram.com\\\/repliquemangacine.fr\\\/\"]}]}<\/script>\n<!-- \/ Yoast SEO plugin. -->","yoast_head_json":{"title":"Yin Yang Bogensch\u00fctzenschwerter - Fate Stay Night - R\u00e9plique Manga Cin\u00e9","description":"Wundersch\u00f6ne Repliken der beiden \"Yin Yang\"-Archer-Schwerter in Fate Stay Night. Ganz aus Stahl gefertigt. Geliefert mit Lederscheide. L\u00e4nge jedes Schwerts 65 cm","robots":{"index":"index","follow":"follow","max-snippet":"max-snippet:-1","max-image-preview":"max-image-preview:large","max-video-preview":"max-video-preview:-1"},"canonical":"https:\/\/repliquemangacine.fr\/de\/katana-und-schwert-von-videospielen-andere-videospiele\/darcher-schwerter-yin-yang-fate-stay-night\/","og_locale":"de_DE","og_type":"article","og_title":"\u00c9p\u00e9es d'Archer Yin Yang - Fate Stay Night - R\u00e9plique Manga Cin\u00e9","og_description":"Magnifiques r\u00e9pliques des deux \u00c9p\u00e9es d'Archer \"Yin Yang\" dans Fate Stay Night. Tout en acier. Livr\u00e9 avec fourreau en cuir. Longueur de chaque \u00e9p\u00e9e 65 cm","og_url":"https:\/\/repliquemangacine.fr\/de\/katana-und-schwert-von-videospielen-andere-videospiele\/darcher-schwerter-yin-yang-fate-stay-night\/","og_site_name":"R\u00e9plique Manga Cin\u00e9","article_publisher":"https:\/\/www.facebook.com\/RepliqueMangaCine","article_modified_time":"2025-11-09T17:29:12+00:00","og_image":[{"width":500,"height":500,"url":"https:\/\/repliquemangacine.fr\/wp-content\/uploads\/2024\/12\/Epees-dArcher-Yin-Yang-Fate-stay-Night.jpg","type":"image\/jpeg"}],"twitter_card":"summary_large_image","twitter_misc":{"Gesch\u00e4tzte Lesezeit":"3\u00a0Minuten"},"schema":{"@context":"https:\/\/schema.org","@graph":[{"@type":"WebPage","@id":"https:\/\/repliquemangacine.fr\/katana-et-epee-de-jeux-video-autre-jeux-video\/epees-darcher-yin-yang-fate-stay-night\/","url":"https:\/\/repliquemangacine.fr\/katana-et-epee-de-jeux-video-autre-jeux-video\/epees-darcher-yin-yang-fate-stay-night\/","name":"Yin Yang Bogensch\u00fctzenschwerter - Fate Stay Night - R\u00e9plique Manga Cin\u00e9","isPartOf":{"@id":"https:\/\/repliquemangacine.fr\/#website"},"primaryImageOfPage":{"@id":"https:\/\/repliquemangacine.fr\/katana-et-epee-de-jeux-video-autre-jeux-video\/epees-darcher-yin-yang-fate-stay-night\/#primaryimage"},"image":{"@id":"https:\/\/repliquemangacine.fr\/katana-et-epee-de-jeux-video-autre-jeux-video\/epees-darcher-yin-yang-fate-stay-night\/#primaryimage"},"thumbnailUrl":"https:\/\/repliquemangacine.fr\/wp-content\/uploads\/2024\/12\/Epees-dArcher-Yin-Yang-Fate-stay-Night.jpg","datePublished":"2024-12-08T16:38:47+00:00","dateModified":"2025-11-09T17:29:12+00:00","description":"Wundersch\u00f6ne Repliken der beiden \"Yin Yang\"-Archer-Schwerter in Fate Stay Night. Ganz aus Stahl gefertigt. Geliefert mit Lederscheide. L\u00e4nge jedes Schwerts 65 cm","breadcrumb":{"@id":"https:\/\/repliquemangacine.fr\/katana-et-epee-de-jeux-video-autre-jeux-video\/epees-darcher-yin-yang-fate-stay-night\/#breadcrumb"},"inLanguage":"de","potentialAction":[{"@type":"ReadAction","target":["https:\/\/repliquemangacine.fr\/katana-et-epee-de-jeux-video-autre-jeux-video\/epees-darcher-yin-yang-fate-stay-night\/"]}]},{"@type":"ImageObject","inLanguage":"de","@id":"https:\/\/repliquemangacine.fr\/katana-et-epee-de-jeux-video-autre-jeux-video\/epees-darcher-yin-yang-fate-stay-night\/#primaryimage","url":"https:\/\/repliquemangacine.fr\/wp-content\/uploads\/2024\/12\/Epees-dArcher-Yin-Yang-Fate-stay-Night.jpg","contentUrl":"https:\/\/repliquemangacine.fr\/wp-content\/uploads\/2024\/12\/Epees-dArcher-Yin-Yang-Fate-stay-Night.jpg","width":500,"height":500,"caption":"\u00c9p\u00e9es d'Archer Yin Yang"},{"@type":"BreadcrumbList","@id":"https:\/\/repliquemangacine.fr\/katana-et-epee-de-jeux-video-autre-jeux-video\/epees-darcher-yin-yang-fate-stay-night\/#breadcrumb","itemListElement":[{"@type":"ListItem","position":1,"name":"Accueil","item":"https:\/\/repliquemangacine.fr\/"},{"@type":"ListItem","position":2,"name":"Produits","item":"https:\/\/repliquemangacine.fr\/boutique\/"},{"@type":"ListItem","position":3,"name":"\u00c9p\u00e9es d&#8217;Archer Yin Yang &#8211; Fate Stay Night"}]},{"@type":"WebSite","@id":"https:\/\/repliquemangacine.fr\/#website","url":"https:\/\/repliquemangacine.fr\/","name":"R\u00e9plique Manga Cin\u00e9","description":"","publisher":{"@id":"https:\/\/repliquemangacine.fr\/#organization"},"potentialAction":[{"@type":"SearchAction","target":{"@type":"EntryPoint","urlTemplate":"https:\/\/repliquemangacine.fr\/?s={search_term_string}"},"query-input":{"@type":"PropertyValueSpecification","valueRequired":true,"valueName":"search_term_string"}}],"inLanguage":"de"},{"@type":"Organization","@id":"https:\/\/repliquemangacine.fr\/#organization","name":"R\u00e9plique Manga Cin\u00e9","url":"https:\/\/repliquemangacine.fr\/","logo":{"@type":"ImageObject","inLanguage":"de","@id":"https:\/\/repliquemangacine.fr\/#\/schema\/logo\/image\/","url":"https:\/\/repliquemangacine.fr\/wp-content\/uploads\/2023\/10\/RMC-500250.png","contentUrl":"https:\/\/repliquemangacine.fr\/wp-content\/uploads\/2023\/10\/RMC-500250.png","width":500,"height":250,"caption":"R\u00e9plique Manga Cin\u00e9"},"image":{"@id":"https:\/\/repliquemangacine.fr\/#\/schema\/logo\/image\/"},"sameAs":["https:\/\/www.facebook.com\/RepliqueMangaCine","https:\/\/www.instagram.com\/repliquemangacine.fr\/"]}]}},"_links":{"self":[{"href":"https:\/\/repliquemangacine.fr\/de\/wp-json\/wp\/v2\/product\/79459","targetHints":{"allow":["GET"]}}],"collection":[{"href":"https:\/\/repliquemangacine.fr\/de\/wp-json\/wp\/v2\/product"}],"about":[{"href":"https:\/\/repliquemangacine.fr\/de\/wp-json\/wp\/v2\/types\/product"}],"wp:featuredmedia":[{"embeddable":true,"href":"https:\/\/repliquemangacine.fr\/de\/wp-json\/wp\/v2\/media\/79466"}],"wp:attachment":[{"href":"https:\/\/repliquemangacine.fr\/de\/wp-json\/wp\/v2\/media?parent=79459"}],"wp:term":[{"taxonomy":"product_brand","embeddable":true,"href":"https:\/\/repliquemangacine.fr\/de\/wp-json\/wp\/v2\/product_brand?post=79459"},{"taxonomy":"product_cat","embeddable":true,"href":"https:\/\/repliquemangacine.fr\/de\/wp-json\/wp\/v2\/product_cat?post=79459"},{"taxonomy":"product_tag","embeddable":true,"href":"https:\/\/repliquemangacine.fr\/de\/wp-json\/wp\/v2\/product_tag?post=79459"}],"curies":[{"name":"wp","href":"https:\/\/api.w.org\/{rel}","templated":true}]}}