





{"id":79441,"date":"2024-12-08T15:19:27","date_gmt":"2024-12-08T14:19:27","guid":{"rendered":"https:\/\/repliquemangacine.fr\/?post_type=product&#038;p=79441"},"modified":"2025-12-21T23:00:23","modified_gmt":"2025-12-21T22:00:23","slug":"sabel-des-piraten-gold-rogers-schwert-von-ace","status":"publish","type":"product","link":"https:\/\/repliquemangacine.fr\/de\/katana-en-metal-one-piece\/sabre-du-pirate-gold-rogers-epee-de-ace\/","title":{"rendered":"Gold Rogers Piratens\u00e4bel"},"content":{"rendered":"<h2>Gold Rogers Piratens\u00e4bel: Eine messerscharfe Legende<\/h2>\n<p>Zun\u00e4chst einmal verk\u00f6rpert das Schwert des Piraten Gold Rogers die Macht und das Geheimnis des legend\u00e4ren Piratenk\u00f6nigs in \"One Piece\". Es tr\u00e4gt den Namen Ace und ist eine der zw\u00f6lf besten Klingen der Welt. Seine Technik mit diesem Schwert ist \"G\u00f6ttlicher Trepas\", er h\u00e4lt das Schwert in seiner rechten Hand. Roger schwingt es und erzeugt dabei eine m\u00e4chtige Druckwelle, mit der er seinen Gegner trifft. \u00dcbrigens zeugt dieses Schwert von den anstrengendsten Schlachten und unvergleichlichen Seeabenteuern. Er bleibt also ein unvergleichliches Symbol der St\u00e4rke in der Welt der Piraten. Die Geschichten rund um Gold Rogers S\u00e4bel berichten nicht nur von seiner unvergleichlichen Geschicklichkeit als Fechter. Sondern auch die F\u00e4higkeit des S\u00e4bels, die Zeiten zu \u00fcberdauern und Bewunderung und Begierde zu wecken.  Der Ruf des Schwertes und der Ruf seines Besitzers regen die Fantasie der Fans an. Es steht im Mittelpunkt von Geschichten \u00fcber Tapferkeit und endlose Abenteuer.<\/p>\n<h2>Gold Rogers Piratens\u00e4bel: Der einzige Herr der Piraten<\/h2>\n<p>Zun\u00e4chst einmal Gold Roger, korrekterweise bekannt als Gol D. Roger. Eine zentrale und legend\u00e4re Figur in der Welt von \"One Piece\", dem von Eiichiro Oda geschaffenen Manga und Anime. Bekannt als \"K\u00f6nig der Piraten\", ist Rogers derjenige, der das Ende der Welt, Laughtale, erreicht hat, die ultimative Schatzinsel, auf der sich der geheimnisvolle Schatz namens \"<a href=\"https:\/\/onepiece.fandom.com\/fr\/wiki\/One_Piece_Encyclop%C3%A9die\" target=\"_blank\" rel=\"noopener noreferrer\">One Piece<\/a>\". Gegen Ende seines Lebens entschied er sich daf\u00fcr, sich der Marine zu ergeben, nachdem er erfahren hatte, dass er an einer unheilbaren Krankheit litt. Vor seiner Hinrichtung sprach er seine ber\u00fchmten letzten Worte, die Menschen auf der ganzen Welt dazu veranlassten, auf der Suche nach dem \"One Piece\" in See zu stechen. Er erkl\u00e4rte: \"Mein Schatz? Wenn ihr ihn wollt, k\u00f6nnt ihr ihn haben. Sucht ihn! Ich habe alles an einem Ort gelassen\". Diese Worte l\u00f6sten das Gro\u00dfe Zeitalter der Piraten aus.<\/p>\n<h2>Die Legend\u00e4ren Waffen aus One Piece<\/h2>\n<p>Zun\u00e4chst einmal ist das Universum von \"One Piece\" voll von legend\u00e4ren Waffen.  Von Gold Rogers Schwert bis hin zu antiken Waffen, hinter denen sich verheerende Kr\u00e4fte verbergen. Besonders hervorzuheben ist, dass jedes St\u00fcck ein Fragment der reichen und komplexen Geschichte der Welt von \"One Piece\" enth\u00fcllt.  Dazu geh\u00f6ren das<a href=\"https:\/\/repliquemangacine.fr\/de\/repliken-manga-videospiele\/katana-enma-violett-one-piece\/\">Enma-Schwert<\/a>, im Besitz von Roronoa Zoro, zeichnet sich durch seine F\u00e4higkeit aus, seinem Tr\u00e4ger das Haki zu entziehen. Au\u00dferdem gibt es noch Kikoku, das Katana von Trafalgar Law, ein verfluchtes Gro\u00dfschwert mit einer dunklen Vergangenheit.  Au\u00dferdem der Stock von Brook, dem Skelettmusiker der Crew. Zum Schluss d\u00fcrfen wir nat\u00fcrlich nicht die ber\u00fchmten <a href=\"https:\/\/repliquemangacine.fr\/de\/repliken-manga-videospiele\/los-3-katanas-von-zoro\/\">drei Schwerter von Zoro<\/a>. Zusammen veranschaulichen diese Schwerter Zoros Weg zur Meisterschaft und seine Entwicklung als Schwertk\u00e4mpfer. In der Tat tr\u00e4gt jedes Schwert zu seiner Legende in der Welt von \"One Piece\" bei. Zusammenfassend l\u00e4sst sich sagen, dass seine ikonischen Waffen eine wichtige Erg\u00e4nzung f\u00fcr Ihre Sammlung sind.<\/p>","protected":false},"excerpt":{"rendered":"<p>Wundersch\u00f6ne Replik des S\u00e4bels von Pirat Gold Rogers aus One Piece<\/p>\n<ul>\n<li>Schmale Klinge aus Dreifarbenstahl<\/li>\n<li>Garde T\u00f6pferl\u00f6ffel aus Stahl<\/li>\n<li>Griff mit braunem Baumwollgeflecht \u00fcberzogen<\/li>\n<li>Schwarz lackierte Holzscheide mit gelben Ornamenten.<\/li>\n<li>Klingenl\u00e4nge: 65 cm - Gesamtl\u00e4nge: 101 cm mit Scheide<\/li>\n<li>Gewicht: 1075 grs (1335 gr mit Scheide)<\/li>\n<\/ul>","protected":false},"featured_media":79443,"template":"","meta":[],"product_brand":[896],"product_cat":[123,36],"product_tag":[],"class_list":{"0":"post-79441","1":"product","2":"type-product","3":"status-publish","4":"has-post-thumbnail","6":"product_brand-replique-manga-cine","7":"product_cat-katana-en-metal-one-piece","8":"product_cat-katana-one-piece","10":"first","11":"instock","12":"taxable","13":"shipping-taxable","14":"purchasable","15":"product-type-simple"},"yoast_head":"<!-- This site is optimized with the Yoast SEO plugin v27.5 - https:\/\/yoast.com\/product\/yoast-seo-wordpress\/ -->\n<title>Sabre du pirate Gold Rogers - One Piece - R\u00e9plique Manga Cin\u00e9<\/title>\n<meta name=\"description\" content=\"Superbe Sabre du pirate Gold Rogers dans One Piece. Lame \u00e9troite en acier trois tons. Fourreau laqu\u00e9 noir. Garde cuill\u00e8re \u00e0 pot. 101 cm\" \/>\n<meta name=\"robots\" content=\"index, follow, max-snippet:-1, max-image-preview:large, max-video-preview:-1\" \/>\n<link rel=\"canonical\" href=\"https:\/\/repliquemangacine.fr\/de\/katana-aus-metall-one-piece\/sabel-des-piraten-gold-rogers-schwert-von-ace\/\" \/>\n<meta property=\"og:locale\" content=\"de_DE\" \/>\n<meta property=\"og:type\" content=\"article\" \/>\n<meta property=\"og:title\" content=\"Sabre du pirate Gold Rogers - One Piece - R\u00e9plique Manga Cin\u00e9\" \/>\n<meta property=\"og:description\" content=\"Superbe Sabre du pirate Gold Rogers dans One Piece. Lame \u00e9troite en acier trois tons. Fourreau laqu\u00e9 noir. Garde cuill\u00e8re \u00e0 pot. 101 cm\" \/>\n<meta property=\"og:url\" content=\"https:\/\/repliquemangacine.fr\/de\/katana-aus-metall-one-piece\/sabel-des-piraten-gold-rogers-schwert-von-ace\/\" \/>\n<meta property=\"og:site_name\" content=\"R\u00e9plique Manga Cin\u00e9\" \/>\n<meta property=\"article:publisher\" content=\"https:\/\/www.facebook.com\/RepliqueMangaCine\" \/>\n<meta property=\"article:modified_time\" content=\"2025-12-21T22:00:23+00:00\" \/>\n<meta property=\"og:image\" content=\"https:\/\/repliquemangacine.fr\/wp-content\/uploads\/2024\/12\/Sabre-du-pirate-Gold-Rogers-One-piece.jpg\" \/>\n\t<meta property=\"og:image:width\" content=\"500\" \/>\n\t<meta property=\"og:image:height\" content=\"500\" \/>\n\t<meta property=\"og:image:type\" content=\"image\/jpeg\" \/>\n<meta name=\"twitter:card\" content=\"summary_large_image\" \/>\n<meta name=\"twitter:label1\" content=\"Gesch\u00e4tzte Lesezeit\" \/>\n\t<meta name=\"twitter:data1\" content=\"3\u00a0Minuten\" \/>\n<script type=\"application\/ld+json\" class=\"yoast-schema-graph\">{\"@context\":\"https:\\\/\\\/schema.org\",\"@graph\":[{\"@type\":\"WebPage\",\"@id\":\"https:\\\/\\\/repliquemangacine.fr\\\/katana-en-metal-one-piece\\\/sabre-du-pirate-gold-rogers-epee-de-ace\\\/\",\"url\":\"https:\\\/\\\/repliquemangacine.fr\\\/katana-en-metal-one-piece\\\/sabre-du-pirate-gold-rogers-epee-de-ace\\\/\",\"name\":\"Sabre du pirate Gold Rogers - One Piece - R\u00e9plique Manga Cin\u00e9\",\"isPartOf\":{\"@id\":\"https:\\\/\\\/repliquemangacine.fr\\\/#website\"},\"primaryImageOfPage\":{\"@id\":\"https:\\\/\\\/repliquemangacine.fr\\\/katana-en-metal-one-piece\\\/sabre-du-pirate-gold-rogers-epee-de-ace\\\/#primaryimage\"},\"image\":{\"@id\":\"https:\\\/\\\/repliquemangacine.fr\\\/katana-en-metal-one-piece\\\/sabre-du-pirate-gold-rogers-epee-de-ace\\\/#primaryimage\"},\"thumbnailUrl\":\"https:\\\/\\\/repliquemangacine.fr\\\/wp-content\\\/uploads\\\/2024\\\/12\\\/Sabre-du-pirate-Gold-Rogers-One-piece.jpg\",\"datePublished\":\"2024-12-08T14:19:27+00:00\",\"dateModified\":\"2025-12-21T22:00:23+00:00\",\"description\":\"Superbe Sabre du pirate Gold Rogers dans One Piece. Lame \u00e9troite en acier trois tons. Fourreau laqu\u00e9 noir. Garde cuill\u00e8re \u00e0 pot. 101 cm\",\"breadcrumb\":{\"@id\":\"https:\\\/\\\/repliquemangacine.fr\\\/katana-en-metal-one-piece\\\/sabre-du-pirate-gold-rogers-epee-de-ace\\\/#breadcrumb\"},\"inLanguage\":\"de\",\"potentialAction\":[{\"@type\":\"ReadAction\",\"target\":[\"https:\\\/\\\/repliquemangacine.fr\\\/katana-en-metal-one-piece\\\/sabre-du-pirate-gold-rogers-epee-de-ace\\\/\"]}]},{\"@type\":\"ImageObject\",\"inLanguage\":\"de\",\"@id\":\"https:\\\/\\\/repliquemangacine.fr\\\/katana-en-metal-one-piece\\\/sabre-du-pirate-gold-rogers-epee-de-ace\\\/#primaryimage\",\"url\":\"https:\\\/\\\/repliquemangacine.fr\\\/wp-content\\\/uploads\\\/2024\\\/12\\\/Sabre-du-pirate-Gold-Rogers-One-piece.jpg\",\"contentUrl\":\"https:\\\/\\\/repliquemangacine.fr\\\/wp-content\\\/uploads\\\/2024\\\/12\\\/Sabre-du-pirate-Gold-Rogers-One-piece.jpg\",\"width\":500,\"height\":500,\"caption\":\"Sabre du pirate Gold Rogers dans One Piece\"},{\"@type\":\"BreadcrumbList\",\"@id\":\"https:\\\/\\\/repliquemangacine.fr\\\/katana-en-metal-one-piece\\\/sabre-du-pirate-gold-rogers-epee-de-ace\\\/#breadcrumb\",\"itemListElement\":[{\"@type\":\"ListItem\",\"position\":1,\"name\":\"Accueil\",\"item\":\"https:\\\/\\\/repliquemangacine.fr\\\/\"},{\"@type\":\"ListItem\",\"position\":2,\"name\":\"Produits\",\"item\":\"https:\\\/\\\/repliquemangacine.fr\\\/boutique\\\/\"},{\"@type\":\"ListItem\",\"position\":3,\"name\":\"Sabre du pirate Gold Rogers\"}]},{\"@type\":\"WebSite\",\"@id\":\"https:\\\/\\\/repliquemangacine.fr\\\/#website\",\"url\":\"https:\\\/\\\/repliquemangacine.fr\\\/\",\"name\":\"R\u00e9plique Manga Cin\u00e9\",\"description\":\"\",\"publisher\":{\"@id\":\"https:\\\/\\\/repliquemangacine.fr\\\/#organization\"},\"potentialAction\":[{\"@type\":\"SearchAction\",\"target\":{\"@type\":\"EntryPoint\",\"urlTemplate\":\"https:\\\/\\\/repliquemangacine.fr\\\/?s={search_term_string}\"},\"query-input\":{\"@type\":\"PropertyValueSpecification\",\"valueRequired\":true,\"valueName\":\"search_term_string\"}}],\"inLanguage\":\"de\"},{\"@type\":\"Organization\",\"@id\":\"https:\\\/\\\/repliquemangacine.fr\\\/#organization\",\"name\":\"R\u00e9plique Manga Cin\u00e9\",\"url\":\"https:\\\/\\\/repliquemangacine.fr\\\/\",\"logo\":{\"@type\":\"ImageObject\",\"inLanguage\":\"de\",\"@id\":\"https:\\\/\\\/repliquemangacine.fr\\\/#\\\/schema\\\/logo\\\/image\\\/\",\"url\":\"https:\\\/\\\/repliquemangacine.fr\\\/wp-content\\\/uploads\\\/2023\\\/10\\\/RMC-500250.png\",\"contentUrl\":\"https:\\\/\\\/repliquemangacine.fr\\\/wp-content\\\/uploads\\\/2023\\\/10\\\/RMC-500250.png\",\"width\":500,\"height\":250,\"caption\":\"R\u00e9plique Manga Cin\u00e9\"},\"image\":{\"@id\":\"https:\\\/\\\/repliquemangacine.fr\\\/#\\\/schema\\\/logo\\\/image\\\/\"},\"sameAs\":[\"https:\\\/\\\/www.facebook.com\\\/RepliqueMangaCine\",\"https:\\\/\\\/www.instagram.com\\\/repliquemangacine.fr\\\/\"]}]}<\/script>\n<!-- \/ Yoast SEO plugin. -->","yoast_head_json":{"title":"Schwert des Piraten Gold Rogers - One Piece - R\u00e9plique Manga Cin\u00e9","description":"Wundersch\u00f6ner S\u00e4bel des Piraten Gold Rogers aus One Piece. Schmale Klinge aus dreifarbigem Stahl. Schwarz lackierte Scheide. Aufbewahrung f\u00fcr Topf L\u00f6ffel. 101 cm","robots":{"index":"index","follow":"follow","max-snippet":"max-snippet:-1","max-image-preview":"max-image-preview:large","max-video-preview":"max-video-preview:-1"},"canonical":"https:\/\/repliquemangacine.fr\/de\/katana-aus-metall-one-piece\/sabel-des-piraten-gold-rogers-schwert-von-ace\/","og_locale":"de_DE","og_type":"article","og_title":"Sabre du pirate Gold Rogers - One Piece - R\u00e9plique Manga Cin\u00e9","og_description":"Superbe Sabre du pirate Gold Rogers dans One Piece. Lame \u00e9troite en acier trois tons. Fourreau laqu\u00e9 noir. Garde cuill\u00e8re \u00e0 pot. 101 cm","og_url":"https:\/\/repliquemangacine.fr\/de\/katana-aus-metall-one-piece\/sabel-des-piraten-gold-rogers-schwert-von-ace\/","og_site_name":"R\u00e9plique Manga Cin\u00e9","article_publisher":"https:\/\/www.facebook.com\/RepliqueMangaCine","article_modified_time":"2025-12-21T22:00:23+00:00","og_image":[{"width":500,"height":500,"url":"https:\/\/repliquemangacine.fr\/wp-content\/uploads\/2024\/12\/Sabre-du-pirate-Gold-Rogers-One-piece.jpg","type":"image\/jpeg"}],"twitter_card":"summary_large_image","twitter_misc":{"Gesch\u00e4tzte Lesezeit":"3\u00a0Minuten"},"schema":{"@context":"https:\/\/schema.org","@graph":[{"@type":"WebPage","@id":"https:\/\/repliquemangacine.fr\/katana-en-metal-one-piece\/sabre-du-pirate-gold-rogers-epee-de-ace\/","url":"https:\/\/repliquemangacine.fr\/katana-en-metal-one-piece\/sabre-du-pirate-gold-rogers-epee-de-ace\/","name":"Schwert des Piraten Gold Rogers - One Piece - R\u00e9plique Manga Cin\u00e9","isPartOf":{"@id":"https:\/\/repliquemangacine.fr\/#website"},"primaryImageOfPage":{"@id":"https:\/\/repliquemangacine.fr\/katana-en-metal-one-piece\/sabre-du-pirate-gold-rogers-epee-de-ace\/#primaryimage"},"image":{"@id":"https:\/\/repliquemangacine.fr\/katana-en-metal-one-piece\/sabre-du-pirate-gold-rogers-epee-de-ace\/#primaryimage"},"thumbnailUrl":"https:\/\/repliquemangacine.fr\/wp-content\/uploads\/2024\/12\/Sabre-du-pirate-Gold-Rogers-One-piece.jpg","datePublished":"2024-12-08T14:19:27+00:00","dateModified":"2025-12-21T22:00:23+00:00","description":"Wundersch\u00f6ner S\u00e4bel des Piraten Gold Rogers aus One Piece. Schmale Klinge aus dreifarbigem Stahl. Schwarz lackierte Scheide. Aufbewahrung f\u00fcr Topf L\u00f6ffel. 101 cm","breadcrumb":{"@id":"https:\/\/repliquemangacine.fr\/katana-en-metal-one-piece\/sabre-du-pirate-gold-rogers-epee-de-ace\/#breadcrumb"},"inLanguage":"de","potentialAction":[{"@type":"ReadAction","target":["https:\/\/repliquemangacine.fr\/katana-en-metal-one-piece\/sabre-du-pirate-gold-rogers-epee-de-ace\/"]}]},{"@type":"ImageObject","inLanguage":"de","@id":"https:\/\/repliquemangacine.fr\/katana-en-metal-one-piece\/sabre-du-pirate-gold-rogers-epee-de-ace\/#primaryimage","url":"https:\/\/repliquemangacine.fr\/wp-content\/uploads\/2024\/12\/Sabre-du-pirate-Gold-Rogers-One-piece.jpg","contentUrl":"https:\/\/repliquemangacine.fr\/wp-content\/uploads\/2024\/12\/Sabre-du-pirate-Gold-Rogers-One-piece.jpg","width":500,"height":500,"caption":"Sabre du pirate Gold Rogers dans One Piece"},{"@type":"BreadcrumbList","@id":"https:\/\/repliquemangacine.fr\/katana-en-metal-one-piece\/sabre-du-pirate-gold-rogers-epee-de-ace\/#breadcrumb","itemListElement":[{"@type":"ListItem","position":1,"name":"Accueil","item":"https:\/\/repliquemangacine.fr\/"},{"@type":"ListItem","position":2,"name":"Produits","item":"https:\/\/repliquemangacine.fr\/boutique\/"},{"@type":"ListItem","position":3,"name":"Sabre du pirate Gold Rogers"}]},{"@type":"WebSite","@id":"https:\/\/repliquemangacine.fr\/#website","url":"https:\/\/repliquemangacine.fr\/","name":"R\u00e9plique Manga Cin\u00e9","description":"","publisher":{"@id":"https:\/\/repliquemangacine.fr\/#organization"},"potentialAction":[{"@type":"SearchAction","target":{"@type":"EntryPoint","urlTemplate":"https:\/\/repliquemangacine.fr\/?s={search_term_string}"},"query-input":{"@type":"PropertyValueSpecification","valueRequired":true,"valueName":"search_term_string"}}],"inLanguage":"de"},{"@type":"Organization","@id":"https:\/\/repliquemangacine.fr\/#organization","name":"R\u00e9plique Manga Cin\u00e9","url":"https:\/\/repliquemangacine.fr\/","logo":{"@type":"ImageObject","inLanguage":"de","@id":"https:\/\/repliquemangacine.fr\/#\/schema\/logo\/image\/","url":"https:\/\/repliquemangacine.fr\/wp-content\/uploads\/2023\/10\/RMC-500250.png","contentUrl":"https:\/\/repliquemangacine.fr\/wp-content\/uploads\/2023\/10\/RMC-500250.png","width":500,"height":250,"caption":"R\u00e9plique Manga Cin\u00e9"},"image":{"@id":"https:\/\/repliquemangacine.fr\/#\/schema\/logo\/image\/"},"sameAs":["https:\/\/www.facebook.com\/RepliqueMangaCine","https:\/\/www.instagram.com\/repliquemangacine.fr\/"]}]}},"_links":{"self":[{"href":"https:\/\/repliquemangacine.fr\/de\/wp-json\/wp\/v2\/product\/79441","targetHints":{"allow":["GET"]}}],"collection":[{"href":"https:\/\/repliquemangacine.fr\/de\/wp-json\/wp\/v2\/product"}],"about":[{"href":"https:\/\/repliquemangacine.fr\/de\/wp-json\/wp\/v2\/types\/product"}],"wp:featuredmedia":[{"embeddable":true,"href":"https:\/\/repliquemangacine.fr\/de\/wp-json\/wp\/v2\/media\/79443"}],"wp:attachment":[{"href":"https:\/\/repliquemangacine.fr\/de\/wp-json\/wp\/v2\/media?parent=79441"}],"wp:term":[{"taxonomy":"product_brand","embeddable":true,"href":"https:\/\/repliquemangacine.fr\/de\/wp-json\/wp\/v2\/product_brand?post=79441"},{"taxonomy":"product_cat","embeddable":true,"href":"https:\/\/repliquemangacine.fr\/de\/wp-json\/wp\/v2\/product_cat?post=79441"},{"taxonomy":"product_tag","embeddable":true,"href":"https:\/\/repliquemangacine.fr\/de\/wp-json\/wp\/v2\/product_tag?post=79441"}],"curies":[{"name":"wp","href":"https:\/\/api.w.org\/{rel}","templated":true}]}}