





{"id":79410,"date":"2024-12-08T12:45:31","date_gmt":"2024-12-08T11:45:31","guid":{"rendered":"https:\/\/repliquemangacine.fr\/?post_type=product&#038;p=79410"},"modified":"2025-12-26T10:49:25","modified_gmt":"2025-12-26T09:49:25","slug":"tanto-de-trafalgar-law-one-piece","status":"publish","type":"product","link":"https:\/\/repliquemangacine.fr\/de\/tanto-mini-katana-one-piece\/tanto-de-trafalgar-law-one-piece\/","title":{"rendered":"Tanto von Trafalgar Law - One Piece"},"content":{"rendered":"<h2>Tanto von Trafalgar Law: Eine detailgetreue Nachbildung des legend\u00e4ren Mini-Katanas<\/h2>\n<p>Als Erstes entdecken Sie das Tanto von Trafalgar Law, eine beeindruckende Nachbildung, die von dem ber\u00fchmten Schwertk\u00e4mpfer und Todeschirurgen in <a href=\"https:\/\/onepiece.fandom.com\/fr\/wiki\/One_Piece_Encyclop%C3%A9die\" target=\"_blank\" rel=\"noopener noreferrer\">One Piece<\/a>. Dieses Mini-Katana hat eine Klinge aus zweifarbigem Stahl, die dem Anime-Design treu bleibt. Der Griff ist mit einem lilafarbenen Baumwollgeflecht \u00fcberzogen, das einen bequemen und authentischen Griff bietet. Der Pelzschutz hat eine besondere Form, ein typisches Element von Laws Schwert. Die verzierte, schwarz lackierte Scheide verleiht dem Schwert einen eleganten und realistischen Touch. Das Schwert wird mit einem ABS-St\u00e4nder geliefert, der sich ideal f\u00fcr die Ausstellung in einer Sammlung eignet. Schlie\u00dflich ist diese Replik mit einer Klingenl\u00e4nge von 28 cm und einer Gesamtl\u00e4nge von 45 cm perfekt f\u00fcr Fans geeignet. Ob als Dekoration, Cosplay oder in einer Sammlung, dieses Tanto, ein Muss f\u00fcr jeden Bewunderer von Trafalgar Law.<\/p>\n<h2>Das Tanto: Ein Mini-Katana mit furchterregender Sch\u00e4rfe und einzigartigem Design<\/h2>\n<p>Das Tanto ist eine k\u00fcrzere Version des Katanas, die von den Samurai f\u00fcr Nahk\u00e4mpfe und schnelle Techniken verwendet wurde. Es zeichnet sich durch eine kompaktere Klinge aus, die perfekt f\u00fcr pr\u00e4zise und schnelle Angriffe geeignet ist. Im Gegensatz zum Wakizashi wird das Tanto oft in die R\u00fcstung gesteckt oder am G\u00fcrtel befestigt getragen. Diese Rolle ist wichtig f\u00fcr K\u00e4mpfe in engen R\u00e4umen, in denen ein herk\u00f6mmliches Katana weniger beweglich w\u00e4re. Heute wird es wegen seiner \u00c4sthetik und seiner kriegerischen Symbolik gesch\u00e4tzt. In One Piece benutzt Trafalgar Law ein imposantes Katana, aber diese Miniaturversion ist von seinem einzigartigen Stil inspiriert. Mit seinem Design, das der Welt des Anime treu bleibt, ist dieses Tanto ein begehrtes Sammlerst\u00fcck. Seine perfekte Balance zwischen Handlichkeit und \u00c4sthetik macht ihn zu einem au\u00dfergew\u00f6hnlichen St\u00fcck f\u00fcr Liebhaber japanischer Waffen und One Piece.<\/p>\n<h2>Manga Cine Replica: Die Welt von One Piece zum Greifen nah<\/h2>\n<p>Auf Replica Manga Cine finden Sie die sch\u00f6nsten Repliken aus dem One Piece-Universum. Katana aus Metall, Holz oder mit LEDs. Sammeln Sie Zoros ikonische Katanas, wie z.B. <a href=\"https:\/\/repliquemangacine.fr\/de\/repliken-manga-videospiele\/katana-enma-violett-one-piece\/\">Enma<\/a>Wado Ichimonji sowie der <a href=\"https:\/\/repliquemangacine.fr\/de\/repliken-manga-videospiele\/katana-holz-kitetsu-zoro-one-piece\/\">Sandai Kitetsu<\/a>Sie sind in klassischer oder leuchtender Ausf\u00fchrung erh\u00e4ltlich. Entdecken Sie auch Luffys legend\u00e4res Katana, das <a href=\"https:\/\/repliquemangacine.fr\/de\/leuchtendes-katana\/katana-nidai-kitetsu-leuchtend-luffy-one-piece\/\">Nidai Kitetsu, von LEDs beleuchtet<\/a> f\u00fcr einen spektakul\u00e4ren Effekt. Unsere Repliken sind aus hochwertigen Materialien gefertigt, die Realismus und Stabilit\u00e4t bieten. \u00dcbrigens, egal ob Sie Sammler, Enthusiast oder Cosplay-Fan sind, unsere Schwerter sind perfekt, um Ihre Sammlung zu erweitern. Neben den Schwertern bieten wir auch Goodies und Accessoires an, die von der Welt von One Piece inspiriert sind. Fazit: St\u00fcrzen Sie sich in das Abenteuer und finden Sie die perfekte Waffe, um Ihre Piratenwelt zu vervollst\u00e4ndigen. R\u00e9plique Manga Cine ist der unumg\u00e4ngliche Shop f\u00fcr Fans von mythischen Schwertern und Sammlerst\u00fccken.<\/p>","protected":false},"excerpt":{"rendered":"<p>Wundersch\u00f6nes Replikat Version Mini-Katana (Tanto) von Trafalgar Law aus One Piece<\/p>\n<ul>\n<li>Klinge aus Zwei-Ton-Stahl<\/li>\n<li>Griff mit violettem Baumwollgeflecht \u00fcberzogen<\/li>\n<li>Speziell geformter Pelzschutz<\/li>\n<li>Schwarz lackierte Scheide mit Verzierungen<\/li>\n<li>Wird mit einem kleinen St\u00e4nder zum Hinstellen aus ABS geliefert.<\/li>\n<li>L\u00e4nge der Klinge: 28 cm - Gesamtl\u00e4nge: 45 cm<\/li>\n<li>Gewicht mit Scheide: 240 gr<\/li>\n<\/ul>","protected":false},"featured_media":79413,"template":"","meta":[],"product_brand":[896],"product_cat":[36,121],"product_tag":[],"class_list":{"0":"post-79410","1":"product","2":"type-product","3":"status-publish","4":"has-post-thumbnail","6":"product_brand-replique-manga-cine","7":"product_cat-katana-one-piece","8":"product_cat-tanto-mini-katana-one-piece","10":"first","11":"instock","12":"taxable","13":"shipping-taxable","14":"purchasable","15":"product-type-simple"},"yoast_head":"<!-- This site is optimized with the Yoast SEO plugin v27.5 - https:\/\/yoast.com\/product\/yoast-seo-wordpress\/ -->\n<title>Tanto de Trafalgar Law - One Piece - R\u00e9plique Manga Cin\u00e9<\/title>\n<meta name=\"description\" content=\"D\u00e9couvrez ce superbe Tanto de Trafalgar Law dans le manga anim\u00e9 One Piece. Lame en acier. Garde en fourrure. Fourreau d\u00e9cor\u00e9. Livr\u00e9 avec support. 45cm\" \/>\n<meta name=\"robots\" content=\"index, follow, max-snippet:-1, max-image-preview:large, max-video-preview:-1\" \/>\n<link rel=\"canonical\" href=\"https:\/\/repliquemangacine.fr\/de\/tanto-mini-katana-one-piece\/tanto-de-trafalgar-law-one-piece\/\" \/>\n<meta property=\"og:locale\" content=\"de_DE\" \/>\n<meta property=\"og:type\" content=\"article\" \/>\n<meta property=\"og:title\" content=\"Tanto de Trafalgar Law - One Piece - R\u00e9plique Manga Cin\u00e9\" \/>\n<meta property=\"og:description\" content=\"D\u00e9couvrez ce superbe Tanto de Trafalgar Law dans le manga anim\u00e9 One Piece. Lame en acier. Garde en fourrure. Fourreau d\u00e9cor\u00e9. Livr\u00e9 avec support. 45cm\" \/>\n<meta property=\"og:url\" content=\"https:\/\/repliquemangacine.fr\/de\/tanto-mini-katana-one-piece\/tanto-de-trafalgar-law-one-piece\/\" \/>\n<meta property=\"og:site_name\" content=\"R\u00e9plique Manga Cin\u00e9\" \/>\n<meta property=\"article:publisher\" content=\"https:\/\/www.facebook.com\/RepliqueMangaCine\" \/>\n<meta property=\"article:modified_time\" content=\"2025-12-26T09:49:25+00:00\" \/>\n<meta property=\"og:image\" content=\"https:\/\/repliquemangacine.fr\/wp-content\/uploads\/2024\/12\/Tanto-trafalgar-Law.jpg\" \/>\n\t<meta property=\"og:image:width\" content=\"500\" \/>\n\t<meta property=\"og:image:height\" content=\"500\" \/>\n\t<meta property=\"og:image:type\" content=\"image\/jpeg\" \/>\n<meta name=\"twitter:card\" content=\"summary_large_image\" \/>\n<meta name=\"twitter:label1\" content=\"Gesch\u00e4tzte Lesezeit\" \/>\n\t<meta name=\"twitter:data1\" content=\"3\u00a0Minuten\" \/>\n<script type=\"application\/ld+json\" class=\"yoast-schema-graph\">{\"@context\":\"https:\\\/\\\/schema.org\",\"@graph\":[{\"@type\":\"WebPage\",\"@id\":\"https:\\\/\\\/repliquemangacine.fr\\\/tanto-mini-katana-one-piece\\\/tanto-de-trafalgar-law-one-piece\\\/\",\"url\":\"https:\\\/\\\/repliquemangacine.fr\\\/tanto-mini-katana-one-piece\\\/tanto-de-trafalgar-law-one-piece\\\/\",\"name\":\"Tanto de Trafalgar Law - One Piece - R\u00e9plique Manga Cin\u00e9\",\"isPartOf\":{\"@id\":\"https:\\\/\\\/repliquemangacine.fr\\\/#website\"},\"primaryImageOfPage\":{\"@id\":\"https:\\\/\\\/repliquemangacine.fr\\\/tanto-mini-katana-one-piece\\\/tanto-de-trafalgar-law-one-piece\\\/#primaryimage\"},\"image\":{\"@id\":\"https:\\\/\\\/repliquemangacine.fr\\\/tanto-mini-katana-one-piece\\\/tanto-de-trafalgar-law-one-piece\\\/#primaryimage\"},\"thumbnailUrl\":\"https:\\\/\\\/repliquemangacine.fr\\\/wp-content\\\/uploads\\\/2024\\\/12\\\/Tanto-trafalgar-Law.jpg\",\"datePublished\":\"2024-12-08T11:45:31+00:00\",\"dateModified\":\"2025-12-26T09:49:25+00:00\",\"description\":\"D\u00e9couvrez ce superbe Tanto de Trafalgar Law dans le manga anim\u00e9 One Piece. Lame en acier. Garde en fourrure. Fourreau d\u00e9cor\u00e9. Livr\u00e9 avec support. 45cm\",\"breadcrumb\":{\"@id\":\"https:\\\/\\\/repliquemangacine.fr\\\/tanto-mini-katana-one-piece\\\/tanto-de-trafalgar-law-one-piece\\\/#breadcrumb\"},\"inLanguage\":\"de\",\"potentialAction\":[{\"@type\":\"ReadAction\",\"target\":[\"https:\\\/\\\/repliquemangacine.fr\\\/tanto-mini-katana-one-piece\\\/tanto-de-trafalgar-law-one-piece\\\/\"]}]},{\"@type\":\"ImageObject\",\"inLanguage\":\"de\",\"@id\":\"https:\\\/\\\/repliquemangacine.fr\\\/tanto-mini-katana-one-piece\\\/tanto-de-trafalgar-law-one-piece\\\/#primaryimage\",\"url\":\"https:\\\/\\\/repliquemangacine.fr\\\/wp-content\\\/uploads\\\/2024\\\/12\\\/Tanto-trafalgar-Law.jpg\",\"contentUrl\":\"https:\\\/\\\/repliquemangacine.fr\\\/wp-content\\\/uploads\\\/2024\\\/12\\\/Tanto-trafalgar-Law.jpg\",\"width\":500,\"height\":500,\"caption\":\"Tanto de Trafalgar Law dans One Piece\"},{\"@type\":\"BreadcrumbList\",\"@id\":\"https:\\\/\\\/repliquemangacine.fr\\\/tanto-mini-katana-one-piece\\\/tanto-de-trafalgar-law-one-piece\\\/#breadcrumb\",\"itemListElement\":[{\"@type\":\"ListItem\",\"position\":1,\"name\":\"Accueil\",\"item\":\"https:\\\/\\\/repliquemangacine.fr\\\/\"},{\"@type\":\"ListItem\",\"position\":2,\"name\":\"Produits\",\"item\":\"https:\\\/\\\/repliquemangacine.fr\\\/boutique\\\/\"},{\"@type\":\"ListItem\",\"position\":3,\"name\":\"Tanto de Trafalgar Law &#8211; One Piece\"}]},{\"@type\":\"WebSite\",\"@id\":\"https:\\\/\\\/repliquemangacine.fr\\\/#website\",\"url\":\"https:\\\/\\\/repliquemangacine.fr\\\/\",\"name\":\"R\u00e9plique Manga Cin\u00e9\",\"description\":\"\",\"publisher\":{\"@id\":\"https:\\\/\\\/repliquemangacine.fr\\\/#organization\"},\"potentialAction\":[{\"@type\":\"SearchAction\",\"target\":{\"@type\":\"EntryPoint\",\"urlTemplate\":\"https:\\\/\\\/repliquemangacine.fr\\\/?s={search_term_string}\"},\"query-input\":{\"@type\":\"PropertyValueSpecification\",\"valueRequired\":true,\"valueName\":\"search_term_string\"}}],\"inLanguage\":\"de\"},{\"@type\":\"Organization\",\"@id\":\"https:\\\/\\\/repliquemangacine.fr\\\/#organization\",\"name\":\"R\u00e9plique Manga Cin\u00e9\",\"url\":\"https:\\\/\\\/repliquemangacine.fr\\\/\",\"logo\":{\"@type\":\"ImageObject\",\"inLanguage\":\"de\",\"@id\":\"https:\\\/\\\/repliquemangacine.fr\\\/#\\\/schema\\\/logo\\\/image\\\/\",\"url\":\"https:\\\/\\\/repliquemangacine.fr\\\/wp-content\\\/uploads\\\/2023\\\/10\\\/RMC-500250.png\",\"contentUrl\":\"https:\\\/\\\/repliquemangacine.fr\\\/wp-content\\\/uploads\\\/2023\\\/10\\\/RMC-500250.png\",\"width\":500,\"height\":250,\"caption\":\"R\u00e9plique Manga Cin\u00e9\"},\"image\":{\"@id\":\"https:\\\/\\\/repliquemangacine.fr\\\/#\\\/schema\\\/logo\\\/image\\\/\"},\"sameAs\":[\"https:\\\/\\\/www.facebook.com\\\/RepliqueMangaCine\",\"https:\\\/\\\/www.instagram.com\\\/repliquemangacine.fr\\\/\"]}]}<\/script>\n<!-- \/ Yoast SEO plugin. -->","yoast_head_json":{"title":"Tanto von Trafalgar Law - One Piece - R\u00e9plique Manga Cin\u00e9","description":"Entdecken Sie dieses wundersch\u00f6ne Tanto von Trafalgar Law aus dem Anime-Manga One Piece. Klinge aus Stahl. Heft aus Fell gefertigt. Verzierte Scheide. Wird mit Halterung geliefert. 45cm","robots":{"index":"index","follow":"follow","max-snippet":"max-snippet:-1","max-image-preview":"max-image-preview:large","max-video-preview":"max-video-preview:-1"},"canonical":"https:\/\/repliquemangacine.fr\/de\/tanto-mini-katana-one-piece\/tanto-de-trafalgar-law-one-piece\/","og_locale":"de_DE","og_type":"article","og_title":"Tanto de Trafalgar Law - One Piece - R\u00e9plique Manga Cin\u00e9","og_description":"D\u00e9couvrez ce superbe Tanto de Trafalgar Law dans le manga anim\u00e9 One Piece. Lame en acier. Garde en fourrure. Fourreau d\u00e9cor\u00e9. Livr\u00e9 avec support. 45cm","og_url":"https:\/\/repliquemangacine.fr\/de\/tanto-mini-katana-one-piece\/tanto-de-trafalgar-law-one-piece\/","og_site_name":"R\u00e9plique Manga Cin\u00e9","article_publisher":"https:\/\/www.facebook.com\/RepliqueMangaCine","article_modified_time":"2025-12-26T09:49:25+00:00","og_image":[{"width":500,"height":500,"url":"https:\/\/repliquemangacine.fr\/wp-content\/uploads\/2024\/12\/Tanto-trafalgar-Law.jpg","type":"image\/jpeg"}],"twitter_card":"summary_large_image","twitter_misc":{"Gesch\u00e4tzte Lesezeit":"3\u00a0Minuten"},"schema":{"@context":"https:\/\/schema.org","@graph":[{"@type":"WebPage","@id":"https:\/\/repliquemangacine.fr\/tanto-mini-katana-one-piece\/tanto-de-trafalgar-law-one-piece\/","url":"https:\/\/repliquemangacine.fr\/tanto-mini-katana-one-piece\/tanto-de-trafalgar-law-one-piece\/","name":"Tanto von Trafalgar Law - One Piece - R\u00e9plique Manga Cin\u00e9","isPartOf":{"@id":"https:\/\/repliquemangacine.fr\/#website"},"primaryImageOfPage":{"@id":"https:\/\/repliquemangacine.fr\/tanto-mini-katana-one-piece\/tanto-de-trafalgar-law-one-piece\/#primaryimage"},"image":{"@id":"https:\/\/repliquemangacine.fr\/tanto-mini-katana-one-piece\/tanto-de-trafalgar-law-one-piece\/#primaryimage"},"thumbnailUrl":"https:\/\/repliquemangacine.fr\/wp-content\/uploads\/2024\/12\/Tanto-trafalgar-Law.jpg","datePublished":"2024-12-08T11:45:31+00:00","dateModified":"2025-12-26T09:49:25+00:00","description":"Entdecken Sie dieses wundersch\u00f6ne Tanto von Trafalgar Law aus dem Anime-Manga One Piece. Klinge aus Stahl. Heft aus Fell gefertigt. Verzierte Scheide. Wird mit Halterung geliefert. 45cm","breadcrumb":{"@id":"https:\/\/repliquemangacine.fr\/tanto-mini-katana-one-piece\/tanto-de-trafalgar-law-one-piece\/#breadcrumb"},"inLanguage":"de","potentialAction":[{"@type":"ReadAction","target":["https:\/\/repliquemangacine.fr\/tanto-mini-katana-one-piece\/tanto-de-trafalgar-law-one-piece\/"]}]},{"@type":"ImageObject","inLanguage":"de","@id":"https:\/\/repliquemangacine.fr\/tanto-mini-katana-one-piece\/tanto-de-trafalgar-law-one-piece\/#primaryimage","url":"https:\/\/repliquemangacine.fr\/wp-content\/uploads\/2024\/12\/Tanto-trafalgar-Law.jpg","contentUrl":"https:\/\/repliquemangacine.fr\/wp-content\/uploads\/2024\/12\/Tanto-trafalgar-Law.jpg","width":500,"height":500,"caption":"Tanto de Trafalgar Law dans One Piece"},{"@type":"BreadcrumbList","@id":"https:\/\/repliquemangacine.fr\/tanto-mini-katana-one-piece\/tanto-de-trafalgar-law-one-piece\/#breadcrumb","itemListElement":[{"@type":"ListItem","position":1,"name":"Accueil","item":"https:\/\/repliquemangacine.fr\/"},{"@type":"ListItem","position":2,"name":"Produits","item":"https:\/\/repliquemangacine.fr\/boutique\/"},{"@type":"ListItem","position":3,"name":"Tanto de Trafalgar Law &#8211; One Piece"}]},{"@type":"WebSite","@id":"https:\/\/repliquemangacine.fr\/#website","url":"https:\/\/repliquemangacine.fr\/","name":"R\u00e9plique Manga Cin\u00e9","description":"","publisher":{"@id":"https:\/\/repliquemangacine.fr\/#organization"},"potentialAction":[{"@type":"SearchAction","target":{"@type":"EntryPoint","urlTemplate":"https:\/\/repliquemangacine.fr\/?s={search_term_string}"},"query-input":{"@type":"PropertyValueSpecification","valueRequired":true,"valueName":"search_term_string"}}],"inLanguage":"de"},{"@type":"Organization","@id":"https:\/\/repliquemangacine.fr\/#organization","name":"R\u00e9plique Manga Cin\u00e9","url":"https:\/\/repliquemangacine.fr\/","logo":{"@type":"ImageObject","inLanguage":"de","@id":"https:\/\/repliquemangacine.fr\/#\/schema\/logo\/image\/","url":"https:\/\/repliquemangacine.fr\/wp-content\/uploads\/2023\/10\/RMC-500250.png","contentUrl":"https:\/\/repliquemangacine.fr\/wp-content\/uploads\/2023\/10\/RMC-500250.png","width":500,"height":250,"caption":"R\u00e9plique Manga Cin\u00e9"},"image":{"@id":"https:\/\/repliquemangacine.fr\/#\/schema\/logo\/image\/"},"sameAs":["https:\/\/www.facebook.com\/RepliqueMangaCine","https:\/\/www.instagram.com\/repliquemangacine.fr\/"]}]}},"_links":{"self":[{"href":"https:\/\/repliquemangacine.fr\/de\/wp-json\/wp\/v2\/product\/79410","targetHints":{"allow":["GET"]}}],"collection":[{"href":"https:\/\/repliquemangacine.fr\/de\/wp-json\/wp\/v2\/product"}],"about":[{"href":"https:\/\/repliquemangacine.fr\/de\/wp-json\/wp\/v2\/types\/product"}],"wp:featuredmedia":[{"embeddable":true,"href":"https:\/\/repliquemangacine.fr\/de\/wp-json\/wp\/v2\/media\/79413"}],"wp:attachment":[{"href":"https:\/\/repliquemangacine.fr\/de\/wp-json\/wp\/v2\/media?parent=79410"}],"wp:term":[{"taxonomy":"product_brand","embeddable":true,"href":"https:\/\/repliquemangacine.fr\/de\/wp-json\/wp\/v2\/product_brand?post=79410"},{"taxonomy":"product_cat","embeddable":true,"href":"https:\/\/repliquemangacine.fr\/de\/wp-json\/wp\/v2\/product_cat?post=79410"},{"taxonomy":"product_tag","embeddable":true,"href":"https:\/\/repliquemangacine.fr\/de\/wp-json\/wp\/v2\/product_tag?post=79410"}],"curies":[{"name":"wp","href":"https:\/\/api.w.org\/{rel}","templated":true}]}}