





{"id":79402,"date":"2024-12-08T12:21:18","date_gmt":"2024-12-08T11:21:18","guid":{"rendered":"https:\/\/repliquemangacine.fr\/?post_type=product&#038;p=79402"},"modified":"2025-12-24T00:08:42","modified_gmt":"2025-12-23T23:08:42","slug":"tanto-dichigo-kurosaki-zanpakuto-bleach","status":"publish","type":"product","link":"https:\/\/repliquemangacine.fr\/de\/katana-bleach\/tanto-dichigo-kurosaki-zanpakuto-bleach\/","title":{"rendered":"Tanto d'ichigo Kurosaki - Zanpakuto Bleach"},"content":{"rendered":"<h2>Tanto von Ichigo Kurosaki: Eine originalgetreue und elegante Nachbildung des Miniatur-Zangetsu<\/h2>\n<p>Entdecken Sie zun\u00e4chst Ichigo Kurosakis Tanto, eine au\u00dfergew\u00f6hnliche Replik, die vom legend\u00e4ren Zangetsu inspiriert wurde in <a href=\"https:\/\/bleach.fandom.com\/fr\/wiki\/Bleach_Wiki\" target=\"_blank\" rel=\"noopener noreferrer\">Bleach<\/a>. Ausgestattet mit einer schwarzen Stahlklinge, die die spirituelle Energie seines Tr\u00e4gers symbolisiert. Der Griff ist mit einem schwarzen Baumwollgeflecht \u00fcberzogen und bietet so einen bequemen und authentischen Halt. Eine kleine Metallkette ist am Griff befestigt, was dem Anime einen treuen Touch verleiht. Der ABS-Griff hat eine spezielle Form, die perfekt nachgebildet wurde, um einen realistischen Eindruck zu vermitteln. Die schwarz lackierte Scheide sch\u00fctzt die Klinge und unterstreicht ihre schlichte und kraftvolle \u00c4sthetik. Das Messer wird mit einem ABS-St\u00e4nder geliefert, der sich ideal f\u00fcr die Ausstellung in einer Sammlung eignet. Mit einer Klingenl\u00e4nge von 28 cm und einer Gesamtl\u00e4nge von 45 cm ist diese Replik perfekt f\u00fcr alle Fans von Bleach und dem m\u00e4chtigen Shinigami Ichigo Kurosaki.<\/p>\n<h2>Shikai und Bankai: Die evolution\u00e4re Kraft der Zanpakut\u014d in Bleach<\/h2>\n<p>In Bleach besitzen die Zanpakut\u014d zwei Entwicklungsformen: Shikai und Bankai. Jeder Shinigami muss sein Shikai freischalten, indem er eine tiefe Verbindung zu seinem Schwert aufbaut. Au\u00dferdem offenbart diese erste Verwandlung einen Teil der wahren Macht der Waffe. So wird beispielsweise Zangetsu im Shikai zu einer massiven Klinge, die Ichigo mit blitzschneller Geschwindigkeit f\u00fchrt. Das Bankai hingegen ist die ultimative Verwandlung, die die volle Kraft des Schwertes freisetzt. Ichigo aktiviert sein Bankai, Tensa Zangetsu, das seine Klinge in ein d\u00fcnneres und schnelleres Katana verwandelt und seine F\u00e4higkeiten exponentiell steigert. Es ist wichtig zu betonen, dass jeder Shinigami ein einzigartiges Bankai hat, das seine Kr\u00e4fte dramatisch verst\u00e4rkt. Byakuya Kuchiki, T\u014dshir\u014d Hitsugaya oder auch Rukia Kuchiki besitzen alle Bankai mit beeindruckenden F\u00e4higkeiten. Dieses von Zangetsu inspirierte Tanto ist eine perfekte Hommage an die Entwicklung der Zanpakut\u014d in der Welt von Bleach.<\/p>\n<h2>Manga Cine Replica: Die Welt von Bleach in Katanas und einzigartigen Repliken<\/h2>\n<p>Auf R\u00e9plique Manga Cine kannst du mit originalgetreuen Repliken der Katanas aus Bleach in die Welt der Shinigami eintauchen. Finden Sie den legend\u00e4ren<a href=\"https:\/\/repliquemangacine.fr\/de\/katana-bleach\/double-zangetsu-ichigo-bleach-zanpakuto\/\"> Ichigo's Zangetsu<\/a>Es gibt sie als Einzel- oder Doppel-Zangetsu, inspiriert von der Verschmelzung mit seinem inneren Hollow. Es gibt auch die erhabenen <a href=\"https:\/\/repliquemangacine.fr\/de\/katana-bleach\/katana-rukia-zanpakuto-shirayuki-rukia-kuchiki\/\">Schwerter von Rukia Kuchiki<\/a>Byakuya Kuchiki und T\u014dshir\u014d Hitsugaya, die in Metall- oder Holzausf\u00fchrung erh\u00e4ltlich sind. Unsere Repliken sind aus hochwertigen Materialien gefertigt und eignen sich perfekt f\u00fcr Sammler und Cosplay-Fans. Schlie\u00dflich ist es egal, ob Sie ein Fan des Bankai von Senbonzakura, des <a href=\"https:\/\/repliquemangacine.fr\/de\/katana-bleach\/katana-von-toshiro-hitsugaya-zanpakuto-hyorinmaru\/\">Eiskaltes Hy\u014drinmaru aus Hitsugaya<\/a> oder Rukias Sode no Shirayuki, haben wir das richtige Katana f\u00fcr Sie. Zusammenfassend l\u00e4sst sich sagen, dass unsere Schwerter Realismus und liebevolle Details vereinen, damit Sie voll und ganz in die Welt von Bleach eintauchen k\u00f6nnen. Finden Sie Ihre ideale Shinigami-Waffe auf R\u00e9plique Manga Cine, dem ultimativen Shop f\u00fcr Schwertliebhaber und Sammlerst\u00fccke.<\/p>","protected":false},"excerpt":{"rendered":"<p>Wundersch\u00f6ne Replik der Mini-Katana (Tanto)-Version von Ichigo Kurosaki, die vom Anime-Manga Bleach inspiriert wurde.<\/p>\n<ul>\n<li>Schwarze Klinge aus Stahl<\/li>\n<li>Griff mit schwarzem Baumwollgeflecht \u00fcberzogen<\/li>\n<li>Kleine Kette<\/li>\n<li>Speziell geformte ABS-Gardine<\/li>\n<li>Schwarz lackierte Scheide<\/li>\n<li>Wird mit einem kleinen St\u00e4nder zum Hinstellen aus ABS geliefert.<\/li>\n<li>L\u00e4nge der Klinge: 28 cm - Gesamtl\u00e4nge: 45 cm<\/li>\n<li>Gewicht: 260 g mit Scheide<\/li>\n<\/ul>","protected":false},"featured_media":79405,"template":"","meta":[],"product_brand":[896],"product_cat":[30],"product_tag":[],"class_list":{"0":"post-79402","1":"product","2":"type-product","3":"status-publish","4":"has-post-thumbnail","6":"product_brand-replique-manga-cine","7":"product_cat-katana-bleach","9":"first","10":"instock","11":"taxable","12":"shipping-taxable","13":"purchasable","14":"product-type-simple"},"yoast_head":"<!-- This site is optimized with the Yoast SEO plugin v27.5 - https:\/\/yoast.com\/product\/yoast-seo-wordpress\/ -->\n<title>Tanto d&#039;ichigo Kurosaki - Zanpakuto Bleach - R\u00e9plique Manga Cin\u00e9<\/title>\n<meta name=\"description\" content=\"D\u00e9couvrez ce superbe Tanto d&#039;ichigo Kurosaki dans Bleach. Ce mini Zanpakuto \u00e0 une lame en acier. Garde en ABS. Livr\u00e9 avec son support. 45 cm\" \/>\n<meta name=\"robots\" content=\"index, follow, max-snippet:-1, max-image-preview:large, max-video-preview:-1\" \/>\n<link rel=\"canonical\" href=\"https:\/\/repliquemangacine.fr\/de\/katana-bleach\/tanto-dichigo-kurosaki-zanpakuto-bleach\/\" \/>\n<meta property=\"og:locale\" content=\"de_DE\" \/>\n<meta property=\"og:type\" content=\"article\" \/>\n<meta property=\"og:title\" content=\"Tanto d&#039;ichigo Kurosaki - Zanpakuto Bleach - R\u00e9plique Manga Cin\u00e9\" \/>\n<meta property=\"og:description\" content=\"D\u00e9couvrez ce superbe Tanto d&#039;ichigo Kurosaki dans Bleach. Ce mini Zanpakuto \u00e0 une lame en acier. Garde en ABS. Livr\u00e9 avec son support. 45 cm\" \/>\n<meta property=\"og:url\" content=\"https:\/\/repliquemangacine.fr\/de\/katana-bleach\/tanto-dichigo-kurosaki-zanpakuto-bleach\/\" \/>\n<meta property=\"og:site_name\" content=\"R\u00e9plique Manga Cin\u00e9\" \/>\n<meta property=\"article:publisher\" content=\"https:\/\/www.facebook.com\/RepliqueMangaCine\" \/>\n<meta property=\"article:modified_time\" content=\"2025-12-23T23:08:42+00:00\" \/>\n<meta property=\"og:image\" content=\"https:\/\/repliquemangacine.fr\/wp-content\/uploads\/2024\/12\/Tanto-dichigo-Kurosaki.jpg\" \/>\n\t<meta property=\"og:image:width\" content=\"500\" \/>\n\t<meta property=\"og:image:height\" content=\"500\" \/>\n\t<meta property=\"og:image:type\" content=\"image\/jpeg\" \/>\n<meta name=\"twitter:card\" content=\"summary_large_image\" \/>\n<meta name=\"twitter:label1\" content=\"Gesch\u00e4tzte Lesezeit\" \/>\n\t<meta name=\"twitter:data1\" content=\"3\u00a0Minuten\" \/>\n<script type=\"application\/ld+json\" class=\"yoast-schema-graph\">{\"@context\":\"https:\\\/\\\/schema.org\",\"@graph\":[{\"@type\":\"WebPage\",\"@id\":\"https:\\\/\\\/repliquemangacine.fr\\\/katana-bleach\\\/tanto-dichigo-kurosaki-zanpakuto-bleach\\\/\",\"url\":\"https:\\\/\\\/repliquemangacine.fr\\\/katana-bleach\\\/tanto-dichigo-kurosaki-zanpakuto-bleach\\\/\",\"name\":\"Tanto d'ichigo Kurosaki - Zanpakuto Bleach - R\u00e9plique Manga Cin\u00e9\",\"isPartOf\":{\"@id\":\"https:\\\/\\\/repliquemangacine.fr\\\/#website\"},\"primaryImageOfPage\":{\"@id\":\"https:\\\/\\\/repliquemangacine.fr\\\/katana-bleach\\\/tanto-dichigo-kurosaki-zanpakuto-bleach\\\/#primaryimage\"},\"image\":{\"@id\":\"https:\\\/\\\/repliquemangacine.fr\\\/katana-bleach\\\/tanto-dichigo-kurosaki-zanpakuto-bleach\\\/#primaryimage\"},\"thumbnailUrl\":\"https:\\\/\\\/repliquemangacine.fr\\\/wp-content\\\/uploads\\\/2024\\\/12\\\/Tanto-dichigo-Kurosaki.jpg\",\"datePublished\":\"2024-12-08T11:21:18+00:00\",\"dateModified\":\"2025-12-23T23:08:42+00:00\",\"description\":\"D\u00e9couvrez ce superbe Tanto d'ichigo Kurosaki dans Bleach. Ce mini Zanpakuto \u00e0 une lame en acier. Garde en ABS. Livr\u00e9 avec son support. 45 cm\",\"breadcrumb\":{\"@id\":\"https:\\\/\\\/repliquemangacine.fr\\\/katana-bleach\\\/tanto-dichigo-kurosaki-zanpakuto-bleach\\\/#breadcrumb\"},\"inLanguage\":\"de\",\"potentialAction\":[{\"@type\":\"ReadAction\",\"target\":[\"https:\\\/\\\/repliquemangacine.fr\\\/katana-bleach\\\/tanto-dichigo-kurosaki-zanpakuto-bleach\\\/\"]}]},{\"@type\":\"ImageObject\",\"inLanguage\":\"de\",\"@id\":\"https:\\\/\\\/repliquemangacine.fr\\\/katana-bleach\\\/tanto-dichigo-kurosaki-zanpakuto-bleach\\\/#primaryimage\",\"url\":\"https:\\\/\\\/repliquemangacine.fr\\\/wp-content\\\/uploads\\\/2024\\\/12\\\/Tanto-dichigo-Kurosaki.jpg\",\"contentUrl\":\"https:\\\/\\\/repliquemangacine.fr\\\/wp-content\\\/uploads\\\/2024\\\/12\\\/Tanto-dichigo-Kurosaki.jpg\",\"width\":500,\"height\":500,\"caption\":\"Tanto d'ichigo Kurosaki dans Bleach\"},{\"@type\":\"BreadcrumbList\",\"@id\":\"https:\\\/\\\/repliquemangacine.fr\\\/katana-bleach\\\/tanto-dichigo-kurosaki-zanpakuto-bleach\\\/#breadcrumb\",\"itemListElement\":[{\"@type\":\"ListItem\",\"position\":1,\"name\":\"Accueil\",\"item\":\"https:\\\/\\\/repliquemangacine.fr\\\/\"},{\"@type\":\"ListItem\",\"position\":2,\"name\":\"Produits\",\"item\":\"https:\\\/\\\/repliquemangacine.fr\\\/boutique\\\/\"},{\"@type\":\"ListItem\",\"position\":3,\"name\":\"Tanto d&#8217;ichigo Kurosaki &#8211; Zanpakuto Bleach\"}]},{\"@type\":\"WebSite\",\"@id\":\"https:\\\/\\\/repliquemangacine.fr\\\/#website\",\"url\":\"https:\\\/\\\/repliquemangacine.fr\\\/\",\"name\":\"R\u00e9plique Manga Cin\u00e9\",\"description\":\"\",\"publisher\":{\"@id\":\"https:\\\/\\\/repliquemangacine.fr\\\/#organization\"},\"potentialAction\":[{\"@type\":\"SearchAction\",\"target\":{\"@type\":\"EntryPoint\",\"urlTemplate\":\"https:\\\/\\\/repliquemangacine.fr\\\/?s={search_term_string}\"},\"query-input\":{\"@type\":\"PropertyValueSpecification\",\"valueRequired\":true,\"valueName\":\"search_term_string\"}}],\"inLanguage\":\"de\"},{\"@type\":\"Organization\",\"@id\":\"https:\\\/\\\/repliquemangacine.fr\\\/#organization\",\"name\":\"R\u00e9plique Manga Cin\u00e9\",\"url\":\"https:\\\/\\\/repliquemangacine.fr\\\/\",\"logo\":{\"@type\":\"ImageObject\",\"inLanguage\":\"de\",\"@id\":\"https:\\\/\\\/repliquemangacine.fr\\\/#\\\/schema\\\/logo\\\/image\\\/\",\"url\":\"https:\\\/\\\/repliquemangacine.fr\\\/wp-content\\\/uploads\\\/2023\\\/10\\\/RMC-500250.png\",\"contentUrl\":\"https:\\\/\\\/repliquemangacine.fr\\\/wp-content\\\/uploads\\\/2023\\\/10\\\/RMC-500250.png\",\"width\":500,\"height\":250,\"caption\":\"R\u00e9plique Manga Cin\u00e9\"},\"image\":{\"@id\":\"https:\\\/\\\/repliquemangacine.fr\\\/#\\\/schema\\\/logo\\\/image\\\/\"},\"sameAs\":[\"https:\\\/\\\/www.facebook.com\\\/RepliqueMangaCine\",\"https:\\\/\\\/www.instagram.com\\\/repliquemangacine.fr\\\/\"]}]}<\/script>\n<!-- \/ Yoast SEO plugin. -->","yoast_head_json":{"title":"Tanto d'ichigo Kurosaki - Zanpakuto Bleach - R\u00e9plique Manga Cin\u00e9","description":"Entdecken Sie dieses tolle Tanto von Ichigo Kurosaki aus Bleach. Dieses Mini-Zanpakuto hat eine Klinge aus Stahl. Der Griff ist aus ABS. Wird mit seinem Halter geliefert. 45 cm","robots":{"index":"index","follow":"follow","max-snippet":"max-snippet:-1","max-image-preview":"max-image-preview:large","max-video-preview":"max-video-preview:-1"},"canonical":"https:\/\/repliquemangacine.fr\/de\/katana-bleach\/tanto-dichigo-kurosaki-zanpakuto-bleach\/","og_locale":"de_DE","og_type":"article","og_title":"Tanto d'ichigo Kurosaki - Zanpakuto Bleach - R\u00e9plique Manga Cin\u00e9","og_description":"D\u00e9couvrez ce superbe Tanto d'ichigo Kurosaki dans Bleach. Ce mini Zanpakuto \u00e0 une lame en acier. Garde en ABS. Livr\u00e9 avec son support. 45 cm","og_url":"https:\/\/repliquemangacine.fr\/de\/katana-bleach\/tanto-dichigo-kurosaki-zanpakuto-bleach\/","og_site_name":"R\u00e9plique Manga Cin\u00e9","article_publisher":"https:\/\/www.facebook.com\/RepliqueMangaCine","article_modified_time":"2025-12-23T23:08:42+00:00","og_image":[{"width":500,"height":500,"url":"https:\/\/repliquemangacine.fr\/wp-content\/uploads\/2024\/12\/Tanto-dichigo-Kurosaki.jpg","type":"image\/jpeg"}],"twitter_card":"summary_large_image","twitter_misc":{"Gesch\u00e4tzte Lesezeit":"3\u00a0Minuten"},"schema":{"@context":"https:\/\/schema.org","@graph":[{"@type":"WebPage","@id":"https:\/\/repliquemangacine.fr\/katana-bleach\/tanto-dichigo-kurosaki-zanpakuto-bleach\/","url":"https:\/\/repliquemangacine.fr\/katana-bleach\/tanto-dichigo-kurosaki-zanpakuto-bleach\/","name":"Tanto d'ichigo Kurosaki - Zanpakuto Bleach - R\u00e9plique Manga Cin\u00e9","isPartOf":{"@id":"https:\/\/repliquemangacine.fr\/#website"},"primaryImageOfPage":{"@id":"https:\/\/repliquemangacine.fr\/katana-bleach\/tanto-dichigo-kurosaki-zanpakuto-bleach\/#primaryimage"},"image":{"@id":"https:\/\/repliquemangacine.fr\/katana-bleach\/tanto-dichigo-kurosaki-zanpakuto-bleach\/#primaryimage"},"thumbnailUrl":"https:\/\/repliquemangacine.fr\/wp-content\/uploads\/2024\/12\/Tanto-dichigo-Kurosaki.jpg","datePublished":"2024-12-08T11:21:18+00:00","dateModified":"2025-12-23T23:08:42+00:00","description":"Entdecken Sie dieses tolle Tanto von Ichigo Kurosaki aus Bleach. Dieses Mini-Zanpakuto hat eine Klinge aus Stahl. Der Griff ist aus ABS. Wird mit seinem Halter geliefert. 45 cm","breadcrumb":{"@id":"https:\/\/repliquemangacine.fr\/katana-bleach\/tanto-dichigo-kurosaki-zanpakuto-bleach\/#breadcrumb"},"inLanguage":"de","potentialAction":[{"@type":"ReadAction","target":["https:\/\/repliquemangacine.fr\/katana-bleach\/tanto-dichigo-kurosaki-zanpakuto-bleach\/"]}]},{"@type":"ImageObject","inLanguage":"de","@id":"https:\/\/repliquemangacine.fr\/katana-bleach\/tanto-dichigo-kurosaki-zanpakuto-bleach\/#primaryimage","url":"https:\/\/repliquemangacine.fr\/wp-content\/uploads\/2024\/12\/Tanto-dichigo-Kurosaki.jpg","contentUrl":"https:\/\/repliquemangacine.fr\/wp-content\/uploads\/2024\/12\/Tanto-dichigo-Kurosaki.jpg","width":500,"height":500,"caption":"Tanto d'ichigo Kurosaki dans Bleach"},{"@type":"BreadcrumbList","@id":"https:\/\/repliquemangacine.fr\/katana-bleach\/tanto-dichigo-kurosaki-zanpakuto-bleach\/#breadcrumb","itemListElement":[{"@type":"ListItem","position":1,"name":"Accueil","item":"https:\/\/repliquemangacine.fr\/"},{"@type":"ListItem","position":2,"name":"Produits","item":"https:\/\/repliquemangacine.fr\/boutique\/"},{"@type":"ListItem","position":3,"name":"Tanto d&#8217;ichigo Kurosaki &#8211; Zanpakuto Bleach"}]},{"@type":"WebSite","@id":"https:\/\/repliquemangacine.fr\/#website","url":"https:\/\/repliquemangacine.fr\/","name":"R\u00e9plique Manga Cin\u00e9","description":"","publisher":{"@id":"https:\/\/repliquemangacine.fr\/#organization"},"potentialAction":[{"@type":"SearchAction","target":{"@type":"EntryPoint","urlTemplate":"https:\/\/repliquemangacine.fr\/?s={search_term_string}"},"query-input":{"@type":"PropertyValueSpecification","valueRequired":true,"valueName":"search_term_string"}}],"inLanguage":"de"},{"@type":"Organization","@id":"https:\/\/repliquemangacine.fr\/#organization","name":"R\u00e9plique Manga Cin\u00e9","url":"https:\/\/repliquemangacine.fr\/","logo":{"@type":"ImageObject","inLanguage":"de","@id":"https:\/\/repliquemangacine.fr\/#\/schema\/logo\/image\/","url":"https:\/\/repliquemangacine.fr\/wp-content\/uploads\/2023\/10\/RMC-500250.png","contentUrl":"https:\/\/repliquemangacine.fr\/wp-content\/uploads\/2023\/10\/RMC-500250.png","width":500,"height":250,"caption":"R\u00e9plique Manga Cin\u00e9"},"image":{"@id":"https:\/\/repliquemangacine.fr\/#\/schema\/logo\/image\/"},"sameAs":["https:\/\/www.facebook.com\/RepliqueMangaCine","https:\/\/www.instagram.com\/repliquemangacine.fr\/"]}]}},"_links":{"self":[{"href":"https:\/\/repliquemangacine.fr\/de\/wp-json\/wp\/v2\/product\/79402","targetHints":{"allow":["GET"]}}],"collection":[{"href":"https:\/\/repliquemangacine.fr\/de\/wp-json\/wp\/v2\/product"}],"about":[{"href":"https:\/\/repliquemangacine.fr\/de\/wp-json\/wp\/v2\/types\/product"}],"wp:featuredmedia":[{"embeddable":true,"href":"https:\/\/repliquemangacine.fr\/de\/wp-json\/wp\/v2\/media\/79405"}],"wp:attachment":[{"href":"https:\/\/repliquemangacine.fr\/de\/wp-json\/wp\/v2\/media?parent=79402"}],"wp:term":[{"taxonomy":"product_brand","embeddable":true,"href":"https:\/\/repliquemangacine.fr\/de\/wp-json\/wp\/v2\/product_brand?post=79402"},{"taxonomy":"product_cat","embeddable":true,"href":"https:\/\/repliquemangacine.fr\/de\/wp-json\/wp\/v2\/product_cat?post=79402"},{"taxonomy":"product_tag","embeddable":true,"href":"https:\/\/repliquemangacine.fr\/de\/wp-json\/wp\/v2\/product_tag?post=79402"}],"curies":[{"name":"wp","href":"https:\/\/api.w.org\/{rel}","templated":true}]}}