





{"id":79395,"date":"2024-12-08T11:58:51","date_gmt":"2024-12-08T10:58:51","guid":{"rendered":"https:\/\/repliquemangacine.fr\/?post_type=product&#038;p=79395"},"modified":"2026-04-15T12:55:16","modified_gmt":"2026-04-15T10:55:16","slug":"tanto-von-giyu-tomioka-demon-slayer","status":"publish","type":"product","link":"https:\/\/repliquemangacine.fr\/de\/tanto-mini-katana-demon-slayer\/tanto-de-giyu-tomioka-demon-slayer\/","title":{"rendered":"Tanto von Giyu Tomioka - Demon Slayer"},"content":{"rendered":"<h2>Mini Katana oder Tanto von Giyu Tomioka: Ein authentisches und sorgf\u00e4ltiges Replikat<\/h2>\n<p>Zun\u00e4chst das Mini-Katana oder Tanto von Giyu Tomioka, ein Muss f\u00fcr Fans von Demon Slayer. Die Klinge ist 28 cm lang und hat eine Gesamtl\u00e4nge von 45 cm. Es ist aus hochwertigem Stahl gefertigt, mit einer dreifarbigen Oberfl\u00e4che und einer eleganten Gravur, die an die Originalwaffe der Wassers\u00e4ule erinnert. Kompakt und detailgetreu, perfekt zum Ausstellen. Jedes Detail der Klinge spiegelt die Kraft und Meisterschaft von Giyu wider.<\/p>\n<p>Dann der mit wei\u00dfem Baumwollgeflecht umwickelte Griff, der ein authentisches Design und einen angenehmen Halt bietet. Der Stahlschutz hat eine spezielle Form, die der in <a href=\"https:\/\/kimetsu-no-yaiba.fandom.com\/wiki\/Kimetsu_no_Yaiba_Wiki\" target=\"_blank\" rel=\"noopener noreferrer\">Demon Slayer<\/a>. Dies verleiht dem Ganzen einen Hauch von Eleganz und Pr\u00e4zision. Jedes Element dieser Replik ist so gestaltet, dass es den Geist des Schwertes von Giyu Tomioka einf\u00e4ngt. Die Harmonie zwischen dem Griff und der Klinge macht es zu einem St\u00fcck von seltener Feinheit.<\/p>\n<h2>Eine un\u00fcbertroffene Sammlung: Demon Slayer Katanas und Mini-Katanas, einschlie\u00dflich der Leuchtklingen<\/h2>\n<p>Auf unserer Website finden Sie eine komplette Sammlung von Katanas und Mini-Katanas aus der fesselnden Welt von Demon Slayer, mit originalgetreuen Repliken und innovativen Optionen. Hier finden Sie Tanjiro Kamados tiefschwarzes Katana, das seinen Mut symbolisiert, oder das <a href=\"https:\/\/repliquemangacine.fr\/de\/katana-kimetsu-no-yaiba-aus-stahl-katana-demon-slayer-aus-metall\/katana-von-zenitsu-agatsuma-demon-slayer\/\">gelbes elektrisches Katana von Zenitsu<\/a> Agatsuma, verziert mit spektakul\u00e4ren Blitzmotiven. Fans von Kyojuro Rengoku, dem charismatischen Pfeiler der Flamme, werden seine flammende Klinge in Rot- und Oranget\u00f6nen lieben. Das Katana von Muichiro Tokito, dem Pfeiler des Nebels, besticht durch seine raffinierte und beruhigende \u00c4sthetik.<\/p>\n<p>Entdecken Sie f\u00fcr einen Hauch von Modernit\u00e4t unsere <a href=\"https:\/\/repliquemangacine.fr\/de\/leuchtendes-katana-demon-slayer\/\">leuchtende Katanas<\/a>Sie sind mit eingebauten LEDs ausgestattet, die den Glanz und den Realismus jeder Klinge verst\u00e4rken. Diese einzigartigen Versionen, wie das Katana von Trafalgar Law, vereinen Tradition und Innovation und verwandeln Ihre Sammlung in ein spektakul\u00e4res Erlebnis. Ein Muss f\u00fcr alle Fans und leidenschaftlichen Sammler!<\/p>\n<h2>Wie man die Klinge seines Mini-Katana oder Tanto von Giyu Tomioka pflegt<\/h2>\n<p>Um die Sch\u00f6nheit und Langlebigkeit Ihres Mini-Katanas oder Tantos von Giyu Tomioka zu erhalten. Eine regelm\u00e4\u00dfige Pflege ist unerl\u00e4sslich. Reinigen Sie zun\u00e4chst die Klinge nach jeder Handhabung mit einem weichen, trockenen Tuch, um Fingerabdr\u00fccke, Staub und R\u00fcckst\u00e4nde zu entfernen, die die Oberfl\u00e4che beeintr\u00e4chtigen k\u00f6nnten. Tragen Sie dann eine d\u00fcnne Schicht Schutz\u00f6l auf, wie z. B.<a href=\"https:\/\/repliquemangacine.fr\/de\/historische-waffen\/universalol-ballistol\/\">Ballistol Universal\u00f6l<\/a>Sie sollten die Oberfl\u00e4che regelm\u00e4\u00dfig reinigen, um Oxidation und Korrosion zu vermeiden. Zusammenfassend l\u00e4sst sich sagen, dass eine sorgf\u00e4ltige Pflege daf\u00fcr sorgt, dass Ihre Demon Slayer Replik makellos aussieht und l\u00e4nger h\u00e4lt.<\/p>","protected":false},"excerpt":{"rendered":"<p>Wundersch\u00f6ne Replik Version Mini-Katana (Tanto) von Giyu Tomioka, inspiriert vom Anime Demon Slayer.<\/p>\n<ul>\n<li>Drei-Ton-Stahlklinge mit \u00c4tzung<\/li>\n<li>Griff mit wei\u00dfem Baumwollgeflecht \u00fcberzogen<\/li>\n<li>Speziell geformter Stahlschutz<\/li>\n<li>Schwarz lackierte Scheide<\/li>\n<li>Wird mit einem kleinen St\u00e4nder zum Hinstellen aus ABS geliefert.<\/li>\n<li>L\u00e4nge der Klinge: 28 cm - Gesamtl\u00e4nge: 45 cm<\/li>\n<li>Gewicht: 238 g mit Scheide<\/li>\n<\/ul>","protected":false},"featured_media":79396,"template":"","meta":[],"product_brand":[896],"product_cat":[63,118],"product_tag":[],"class_list":{"0":"post-79395","1":"product","2":"type-product","3":"status-publish","4":"has-post-thumbnail","6":"product_brand-replique-manga-cine","7":"product_cat-katana-demon-slayer","8":"product_cat-tanto-mini-katana-demon-slayer","10":"first","11":"instock","12":"taxable","13":"shipping-taxable","14":"purchasable","15":"product-type-simple"},"yoast_head":"<!-- This site is optimized with the Yoast SEO plugin v27.4 - https:\/\/yoast.com\/product\/yoast-seo-wordpress\/ -->\n<title>Tanto de Giyu Tomioka - Demon Slayer - R\u00e9plique Manga Cin\u00e9<\/title>\n<meta name=\"description\" content=\"D\u00e9couvrez ce superbe Tanto de Giyu Tomioka inspir\u00e9 de Demon Slayer. Lame en acier avec gravure. Fourreau laqu\u00e9. Support \u00e0 poser. 45 cm\" \/>\n<meta name=\"robots\" content=\"index, follow, max-snippet:-1, max-image-preview:large, max-video-preview:-1\" \/>\n<link rel=\"canonical\" href=\"https:\/\/repliquemangacine.fr\/de\/tanto-mini-katana-demon-slayer\/tanto-von-giyu-tomioka-demon-slayer\/\" \/>\n<meta property=\"og:locale\" content=\"de_DE\" \/>\n<meta property=\"og:type\" content=\"article\" \/>\n<meta property=\"og:title\" content=\"Tanto de Giyu Tomioka - Demon Slayer - R\u00e9plique Manga Cin\u00e9\" \/>\n<meta property=\"og:description\" content=\"D\u00e9couvrez ce superbe Tanto de Giyu Tomioka inspir\u00e9 de Demon Slayer. Lame en acier avec gravure. Fourreau laqu\u00e9. Support \u00e0 poser. 45 cm\" \/>\n<meta property=\"og:url\" content=\"https:\/\/repliquemangacine.fr\/de\/tanto-mini-katana-demon-slayer\/tanto-von-giyu-tomioka-demon-slayer\/\" \/>\n<meta property=\"og:site_name\" content=\"R\u00e9plique Manga Cin\u00e9\" \/>\n<meta property=\"article:publisher\" content=\"https:\/\/www.facebook.com\/RepliqueMangaCine\" \/>\n<meta property=\"article:modified_time\" content=\"2026-04-15T10:55:16+00:00\" \/>\n<meta property=\"og:image\" content=\"https:\/\/repliquemangacine.fr\/wp-content\/uploads\/2024\/12\/Tanto-de-Giyu-Tomioka-demon-slayer.jpg\" \/>\n\t<meta property=\"og:image:width\" content=\"500\" \/>\n\t<meta property=\"og:image:height\" content=\"500\" \/>\n\t<meta property=\"og:image:type\" content=\"image\/jpeg\" \/>\n<meta name=\"twitter:card\" content=\"summary_large_image\" \/>\n<meta name=\"twitter:label1\" content=\"Gesch\u00e4tzte Lesezeit\" \/>\n\t<meta name=\"twitter:data1\" content=\"3\u00a0Minuten\" \/>\n<script type=\"application\/ld+json\" class=\"yoast-schema-graph\">{\"@context\":\"https:\\\/\\\/schema.org\",\"@graph\":[{\"@type\":\"WebPage\",\"@id\":\"https:\\\/\\\/repliquemangacine.fr\\\/tanto-mini-katana-demon-slayer\\\/tanto-de-giyu-tomioka-demon-slayer\\\/\",\"url\":\"https:\\\/\\\/repliquemangacine.fr\\\/tanto-mini-katana-demon-slayer\\\/tanto-de-giyu-tomioka-demon-slayer\\\/\",\"name\":\"Tanto de Giyu Tomioka - Demon Slayer - R\u00e9plique Manga Cin\u00e9\",\"isPartOf\":{\"@id\":\"https:\\\/\\\/repliquemangacine.fr\\\/#website\"},\"primaryImageOfPage\":{\"@id\":\"https:\\\/\\\/repliquemangacine.fr\\\/tanto-mini-katana-demon-slayer\\\/tanto-de-giyu-tomioka-demon-slayer\\\/#primaryimage\"},\"image\":{\"@id\":\"https:\\\/\\\/repliquemangacine.fr\\\/tanto-mini-katana-demon-slayer\\\/tanto-de-giyu-tomioka-demon-slayer\\\/#primaryimage\"},\"thumbnailUrl\":\"https:\\\/\\\/repliquemangacine.fr\\\/wp-content\\\/uploads\\\/2024\\\/12\\\/Tanto-de-Giyu-Tomioka-demon-slayer.jpg\",\"datePublished\":\"2024-12-08T10:58:51+00:00\",\"dateModified\":\"2026-04-15T10:55:16+00:00\",\"description\":\"D\u00e9couvrez ce superbe Tanto de Giyu Tomioka inspir\u00e9 de Demon Slayer. Lame en acier avec gravure. Fourreau laqu\u00e9. Support \u00e0 poser. 45 cm\",\"breadcrumb\":{\"@id\":\"https:\\\/\\\/repliquemangacine.fr\\\/tanto-mini-katana-demon-slayer\\\/tanto-de-giyu-tomioka-demon-slayer\\\/#breadcrumb\"},\"inLanguage\":\"de\",\"potentialAction\":[{\"@type\":\"ReadAction\",\"target\":[\"https:\\\/\\\/repliquemangacine.fr\\\/tanto-mini-katana-demon-slayer\\\/tanto-de-giyu-tomioka-demon-slayer\\\/\"]}]},{\"@type\":\"ImageObject\",\"inLanguage\":\"de\",\"@id\":\"https:\\\/\\\/repliquemangacine.fr\\\/tanto-mini-katana-demon-slayer\\\/tanto-de-giyu-tomioka-demon-slayer\\\/#primaryimage\",\"url\":\"https:\\\/\\\/repliquemangacine.fr\\\/wp-content\\\/uploads\\\/2024\\\/12\\\/Tanto-de-Giyu-Tomioka-demon-slayer.jpg\",\"contentUrl\":\"https:\\\/\\\/repliquemangacine.fr\\\/wp-content\\\/uploads\\\/2024\\\/12\\\/Tanto-de-Giyu-Tomioka-demon-slayer.jpg\",\"width\":500,\"height\":500,\"caption\":\"Tanto de Giyu Tomioka Demon Slayer\"},{\"@type\":\"BreadcrumbList\",\"@id\":\"https:\\\/\\\/repliquemangacine.fr\\\/tanto-mini-katana-demon-slayer\\\/tanto-de-giyu-tomioka-demon-slayer\\\/#breadcrumb\",\"itemListElement\":[{\"@type\":\"ListItem\",\"position\":1,\"name\":\"Accueil\",\"item\":\"https:\\\/\\\/repliquemangacine.fr\\\/\"},{\"@type\":\"ListItem\",\"position\":2,\"name\":\"Produits\",\"item\":\"https:\\\/\\\/repliquemangacine.fr\\\/boutique\\\/\"},{\"@type\":\"ListItem\",\"position\":3,\"name\":\"Tanto de Giyu Tomioka &#8211; Demon Slayer\"}]},{\"@type\":\"WebSite\",\"@id\":\"https:\\\/\\\/repliquemangacine.fr\\\/#website\",\"url\":\"https:\\\/\\\/repliquemangacine.fr\\\/\",\"name\":\"R\u00e9plique Manga Cin\u00e9\",\"description\":\"\",\"publisher\":{\"@id\":\"https:\\\/\\\/repliquemangacine.fr\\\/#organization\"},\"potentialAction\":[{\"@type\":\"SearchAction\",\"target\":{\"@type\":\"EntryPoint\",\"urlTemplate\":\"https:\\\/\\\/repliquemangacine.fr\\\/?s={search_term_string}\"},\"query-input\":{\"@type\":\"PropertyValueSpecification\",\"valueRequired\":true,\"valueName\":\"search_term_string\"}}],\"inLanguage\":\"de\"},{\"@type\":\"Organization\",\"@id\":\"https:\\\/\\\/repliquemangacine.fr\\\/#organization\",\"name\":\"R\u00e9plique Manga Cin\u00e9\",\"url\":\"https:\\\/\\\/repliquemangacine.fr\\\/\",\"logo\":{\"@type\":\"ImageObject\",\"inLanguage\":\"de\",\"@id\":\"https:\\\/\\\/repliquemangacine.fr\\\/#\\\/schema\\\/logo\\\/image\\\/\",\"url\":\"https:\\\/\\\/repliquemangacine.fr\\\/wp-content\\\/uploads\\\/2023\\\/10\\\/RMC-500250.png\",\"contentUrl\":\"https:\\\/\\\/repliquemangacine.fr\\\/wp-content\\\/uploads\\\/2023\\\/10\\\/RMC-500250.png\",\"width\":500,\"height\":250,\"caption\":\"R\u00e9plique Manga Cin\u00e9\"},\"image\":{\"@id\":\"https:\\\/\\\/repliquemangacine.fr\\\/#\\\/schema\\\/logo\\\/image\\\/\"},\"sameAs\":[\"https:\\\/\\\/www.facebook.com\\\/RepliqueMangaCine\",\"https:\\\/\\\/www.instagram.com\\\/repliquemangacine.fr\\\/\"]}]}<\/script>\n<!-- \/ Yoast SEO plugin. -->","yoast_head_json":{"title":"Tanto von Giyu Tomioka - Demon Slayer - R\u00e9plique Manga Cin\u00e9","description":"Entdecken Sie dieses wundersch\u00f6ne Tanto von Giyu Tomioka, das von Demon Slayer inspiriert wurde. Klinge aus Stahl mit Gravur. Scheide mit lackierter Oberfl\u00e4che. Halterung zum Aufstellen. 45 cm","robots":{"index":"index","follow":"follow","max-snippet":"max-snippet:-1","max-image-preview":"max-image-preview:large","max-video-preview":"max-video-preview:-1"},"canonical":"https:\/\/repliquemangacine.fr\/de\/tanto-mini-katana-demon-slayer\/tanto-von-giyu-tomioka-demon-slayer\/","og_locale":"de_DE","og_type":"article","og_title":"Tanto de Giyu Tomioka - Demon Slayer - R\u00e9plique Manga Cin\u00e9","og_description":"D\u00e9couvrez ce superbe Tanto de Giyu Tomioka inspir\u00e9 de Demon Slayer. Lame en acier avec gravure. Fourreau laqu\u00e9. Support \u00e0 poser. 45 cm","og_url":"https:\/\/repliquemangacine.fr\/de\/tanto-mini-katana-demon-slayer\/tanto-von-giyu-tomioka-demon-slayer\/","og_site_name":"R\u00e9plique Manga Cin\u00e9","article_publisher":"https:\/\/www.facebook.com\/RepliqueMangaCine","article_modified_time":"2026-04-15T10:55:16+00:00","og_image":[{"width":500,"height":500,"url":"https:\/\/repliquemangacine.fr\/wp-content\/uploads\/2024\/12\/Tanto-de-Giyu-Tomioka-demon-slayer.jpg","type":"image\/jpeg"}],"twitter_card":"summary_large_image","twitter_misc":{"Gesch\u00e4tzte Lesezeit":"3\u00a0Minuten"},"schema":{"@context":"https:\/\/schema.org","@graph":[{"@type":"WebPage","@id":"https:\/\/repliquemangacine.fr\/tanto-mini-katana-demon-slayer\/tanto-de-giyu-tomioka-demon-slayer\/","url":"https:\/\/repliquemangacine.fr\/tanto-mini-katana-demon-slayer\/tanto-de-giyu-tomioka-demon-slayer\/","name":"Tanto von Giyu Tomioka - Demon Slayer - R\u00e9plique Manga Cin\u00e9","isPartOf":{"@id":"https:\/\/repliquemangacine.fr\/#website"},"primaryImageOfPage":{"@id":"https:\/\/repliquemangacine.fr\/tanto-mini-katana-demon-slayer\/tanto-de-giyu-tomioka-demon-slayer\/#primaryimage"},"image":{"@id":"https:\/\/repliquemangacine.fr\/tanto-mini-katana-demon-slayer\/tanto-de-giyu-tomioka-demon-slayer\/#primaryimage"},"thumbnailUrl":"https:\/\/repliquemangacine.fr\/wp-content\/uploads\/2024\/12\/Tanto-de-Giyu-Tomioka-demon-slayer.jpg","datePublished":"2024-12-08T10:58:51+00:00","dateModified":"2026-04-15T10:55:16+00:00","description":"Entdecken Sie dieses wundersch\u00f6ne Tanto von Giyu Tomioka, das von Demon Slayer inspiriert wurde. Klinge aus Stahl mit Gravur. Scheide mit lackierter Oberfl\u00e4che. Halterung zum Aufstellen. 45 cm","breadcrumb":{"@id":"https:\/\/repliquemangacine.fr\/tanto-mini-katana-demon-slayer\/tanto-de-giyu-tomioka-demon-slayer\/#breadcrumb"},"inLanguage":"de","potentialAction":[{"@type":"ReadAction","target":["https:\/\/repliquemangacine.fr\/tanto-mini-katana-demon-slayer\/tanto-de-giyu-tomioka-demon-slayer\/"]}]},{"@type":"ImageObject","inLanguage":"de","@id":"https:\/\/repliquemangacine.fr\/tanto-mini-katana-demon-slayer\/tanto-de-giyu-tomioka-demon-slayer\/#primaryimage","url":"https:\/\/repliquemangacine.fr\/wp-content\/uploads\/2024\/12\/Tanto-de-Giyu-Tomioka-demon-slayer.jpg","contentUrl":"https:\/\/repliquemangacine.fr\/wp-content\/uploads\/2024\/12\/Tanto-de-Giyu-Tomioka-demon-slayer.jpg","width":500,"height":500,"caption":"Tanto de Giyu Tomioka Demon Slayer"},{"@type":"BreadcrumbList","@id":"https:\/\/repliquemangacine.fr\/tanto-mini-katana-demon-slayer\/tanto-de-giyu-tomioka-demon-slayer\/#breadcrumb","itemListElement":[{"@type":"ListItem","position":1,"name":"Accueil","item":"https:\/\/repliquemangacine.fr\/"},{"@type":"ListItem","position":2,"name":"Produits","item":"https:\/\/repliquemangacine.fr\/boutique\/"},{"@type":"ListItem","position":3,"name":"Tanto de Giyu Tomioka &#8211; Demon Slayer"}]},{"@type":"WebSite","@id":"https:\/\/repliquemangacine.fr\/#website","url":"https:\/\/repliquemangacine.fr\/","name":"R\u00e9plique Manga Cin\u00e9","description":"","publisher":{"@id":"https:\/\/repliquemangacine.fr\/#organization"},"potentialAction":[{"@type":"SearchAction","target":{"@type":"EntryPoint","urlTemplate":"https:\/\/repliquemangacine.fr\/?s={search_term_string}"},"query-input":{"@type":"PropertyValueSpecification","valueRequired":true,"valueName":"search_term_string"}}],"inLanguage":"de"},{"@type":"Organization","@id":"https:\/\/repliquemangacine.fr\/#organization","name":"R\u00e9plique Manga Cin\u00e9","url":"https:\/\/repliquemangacine.fr\/","logo":{"@type":"ImageObject","inLanguage":"de","@id":"https:\/\/repliquemangacine.fr\/#\/schema\/logo\/image\/","url":"https:\/\/repliquemangacine.fr\/wp-content\/uploads\/2023\/10\/RMC-500250.png","contentUrl":"https:\/\/repliquemangacine.fr\/wp-content\/uploads\/2023\/10\/RMC-500250.png","width":500,"height":250,"caption":"R\u00e9plique Manga Cin\u00e9"},"image":{"@id":"https:\/\/repliquemangacine.fr\/#\/schema\/logo\/image\/"},"sameAs":["https:\/\/www.facebook.com\/RepliqueMangaCine","https:\/\/www.instagram.com\/repliquemangacine.fr\/"]}]}},"_links":{"self":[{"href":"https:\/\/repliquemangacine.fr\/de\/wp-json\/wp\/v2\/product\/79395","targetHints":{"allow":["GET"]}}],"collection":[{"href":"https:\/\/repliquemangacine.fr\/de\/wp-json\/wp\/v2\/product"}],"about":[{"href":"https:\/\/repliquemangacine.fr\/de\/wp-json\/wp\/v2\/types\/product"}],"wp:featuredmedia":[{"embeddable":true,"href":"https:\/\/repliquemangacine.fr\/de\/wp-json\/wp\/v2\/media\/79396"}],"wp:attachment":[{"href":"https:\/\/repliquemangacine.fr\/de\/wp-json\/wp\/v2\/media?parent=79395"}],"wp:term":[{"taxonomy":"product_brand","embeddable":true,"href":"https:\/\/repliquemangacine.fr\/de\/wp-json\/wp\/v2\/product_brand?post=79395"},{"taxonomy":"product_cat","embeddable":true,"href":"https:\/\/repliquemangacine.fr\/de\/wp-json\/wp\/v2\/product_cat?post=79395"},{"taxonomy":"product_tag","embeddable":true,"href":"https:\/\/repliquemangacine.fr\/de\/wp-json\/wp\/v2\/product_tag?post=79395"}],"curies":[{"name":"wp","href":"https:\/\/api.w.org\/{rel}","templated":true}]}}