





{"id":79359,"date":"2024-12-07T19:35:35","date_gmt":"2024-12-07T18:35:35","guid":{"rendered":"https:\/\/repliquemangacine.fr\/?post_type=product&#038;p=79359"},"modified":"2025-12-16T21:36:01","modified_gmt":"2025-12-16T20:36:01","slug":"tanto-de-zenitsu-agatsuma-demon-slayer","status":"publish","type":"product","link":"https:\/\/repliquemangacine.fr\/de\/tanto-mini-katana-demon-slayer\/tanto-de-zenitsu-agatsuma-demon-slayer\/","title":{"rendered":"Tanto de Zenitsu Agatsuma - Demon Slayer"},"content":{"rendered":"<h2>Zenitsu Agatsumas Tanto: Eine Gelbe Blitzklinge aus Demon Slayer<\/h2>\n<p>Zu Beginn wird der <strong>Tanto von Zenitsu Agatsuma<\/strong>aus der ber\u00fchmten Demon Slayer-Serie ist ein einzigartiges und ikonisches Objekt. Mit einer Stahlklinge, die mit einem strahlend gelben Flammenmuster verziert ist. Dieses Replikat ist die perfekte Verk\u00f6rperung der Energie und der rasenden Geschwindigkeit von Zenitsu. Mit einer Gesamtl\u00e4nge von 45 cm vereint dieses Mini-Katana \u00c4sthetik und Wendigkeit, genau wie sein Besitzer im Anime. Sein fesselndes Design und seine Liebe zum Detail machen es zu einem unverzichtbaren St\u00fcck f\u00fcr Fans der Serie. Fazit: Stolz zur Schau stellen oder in beeindruckenden Cosplays verwenden.<\/p>\n<h2>Ein einzigartiges Mini-Katana, das dem Geist von Zenitsu treu bleibt<\/h2>\n<p>Dieses Tanto mit seiner wei\u00df lackierten Holzscheide spiegelt die einzigartige Pers\u00f6nlichkeit von Zenitsu Agatsuma wider: Reinheit und Glanz. Seine Klinge mit den gelben Flammenverzierungen repr\u00e4sentiert die Kraft der Technik des Blitz-Atems. Diese Replik ist dank ihrer kompakten Gr\u00f6\u00dfe leicht zu handhaben und f\u00e4ngt die Essenz von Zenitsus schnellen und pr\u00e4zisen K\u00e4mpfen ein. Als eine Mischung aus Waffe und Kunstwerk wird sie sowohl die Liebhaber von <a href=\"https:\/\/demon-slayer.fr\/wiki\/\">Demon Slayer<\/a> als auch Liebhaber japanischer Repliken. Durch sein kleines Format ist es auch ideal f\u00fcr eine Ausstellung oder zur Vervollst\u00e4ndigung eines Kost\u00fcms, das der Figur treu geblieben ist.<\/p>\n<h2>Entdecken Sie den Tanto von Zenitsu und andere au\u00dfergew\u00f6hnliche Repliken<\/h2>\n<p>Bei R\u00e9plique Manga Cin\u00e9 reiht sich das Tanto von Zenitsu Agatsuma in eine Sammlung ikonischer japanischer Waffen ein. Es eignet sich perfekt, um Ihr Demon Slayer-Universum zu bereichern, und erg\u00e4nzt perfekt unsere <a href=\"https:\/\/repliquemangacine.fr\/de\/leuchtendes-katana-demon-slayer\/\">leuchtende Katanas<\/a> inspiriert von Tanjiro und Rengoku. Unsere Produkte werden sorgf\u00e4ltig entworfen, um Fans von Anime und der japanischen Kultur zufrieden zu stellen. Ob zum Verschenken, Sammeln oder f\u00fcr Cosplay - diese 45 cm lange Klinge mit ihrer raffinierten wei\u00dfen Scheide und den auff\u00e4lligen Verzierungen ist ein echtes Schmuckst\u00fcck. Erkunden Sie auch unsere anderen Repliken, wie die <a href=\"https:\/\/repliquemangacine.fr\/de\/katana-aus-metall-one-piece\/\">Katanas aus One Piece<\/a> oder die <a href=\"https:\/\/repliquemangacine.fr\/de\/schwert-the-witcher\/\">Schwerter aus The Witcher<\/a>Tauchen Sie ein in eine Welt voller Authentizit\u00e4t und Leidenschaft.<\/p>","protected":false},"excerpt":{"rendered":"<p>Entdecken Sie dieses wundersch\u00f6ne Mini-Katana (Tanto) von Zenitsu Agatsuman in Demon Slayer.<\/p>\n<ul>\n<li>Zweifarbige Stahlklinge mit gelber Flamme<\/li>\n<li>Speziell geformter Metallschutz<\/li>\n<li>Wei\u00df lackierte Holzscheide<\/li>\n<li>Wird mit einem kleinen St\u00e4nder aus ABS geliefert<\/li>\n<li>L\u00e4nge der Klinge: 28 cm - Gesamtl\u00e4nge: 45 cm<\/li>\n<li>Gewicht mit Scheide: 235 gr<\/li>\n<\/ul>","protected":false},"featured_media":79361,"template":"","meta":[],"product_brand":[896],"product_cat":[63,118],"product_tag":[],"class_list":{"0":"post-79359","1":"product","2":"type-product","3":"status-publish","4":"has-post-thumbnail","6":"product_brand-replique-manga-cine","7":"product_cat-katana-demon-slayer","8":"product_cat-tanto-mini-katana-demon-slayer","10":"first","11":"instock","12":"taxable","13":"shipping-taxable","14":"purchasable","15":"product-type-simple"},"yoast_head":"<!-- This site is optimized with the Yoast SEO plugin v27.5 - https:\/\/yoast.com\/product\/yoast-seo-wordpress\/ -->\n<title>Tanto de Zenitsu Agatsuma - Demon Slayer - R\u00e9plique Manga Cin\u00e9<\/title>\n<meta name=\"description\" content=\"D\u00e9couvrez ce superbe Tanto de Zenitsu Agatsuma dans D\u00e9mon Slayer. Lame en acier d\u00e9cor\u00e9 d&#039;une flamme jaune. Fourreau bois laqu\u00e9 blanc. Support. 45 cm\" \/>\n<meta name=\"robots\" content=\"index, follow, max-snippet:-1, max-image-preview:large, max-video-preview:-1\" \/>\n<link rel=\"canonical\" href=\"https:\/\/repliquemangacine.fr\/de\/tanto-mini-katana-demon-slayer\/tanto-de-zenitsu-agatsuma-demon-slayer\/\" \/>\n<meta property=\"og:locale\" content=\"de_DE\" \/>\n<meta property=\"og:type\" content=\"article\" \/>\n<meta property=\"og:title\" content=\"Tanto de Zenitsu Agatsuma - Demon Slayer - R\u00e9plique Manga Cin\u00e9\" \/>\n<meta property=\"og:description\" content=\"D\u00e9couvrez ce superbe Tanto de Zenitsu Agatsuma dans D\u00e9mon Slayer. Lame en acier d\u00e9cor\u00e9 d&#039;une flamme jaune. Fourreau bois laqu\u00e9 blanc. Support. 45 cm\" \/>\n<meta property=\"og:url\" content=\"https:\/\/repliquemangacine.fr\/de\/tanto-mini-katana-demon-slayer\/tanto-de-zenitsu-agatsuma-demon-slayer\/\" \/>\n<meta property=\"og:site_name\" content=\"R\u00e9plique Manga Cin\u00e9\" \/>\n<meta property=\"article:publisher\" content=\"https:\/\/www.facebook.com\/RepliqueMangaCine\" \/>\n<meta property=\"article:modified_time\" content=\"2025-12-16T20:36:01+00:00\" \/>\n<meta property=\"og:image\" content=\"https:\/\/repliquemangacine.fr\/wp-content\/uploads\/2024\/12\/Tanto-de-Zenitsu-Agatsuma.jpg\" \/>\n\t<meta property=\"og:image:width\" content=\"500\" \/>\n\t<meta property=\"og:image:height\" content=\"500\" \/>\n\t<meta property=\"og:image:type\" content=\"image\/jpeg\" \/>\n<meta name=\"twitter:card\" content=\"summary_large_image\" \/>\n<meta name=\"twitter:label1\" content=\"Gesch\u00e4tzte Lesezeit\" \/>\n\t<meta name=\"twitter:data1\" content=\"2\u00a0Minuten\" \/>\n<script type=\"application\/ld+json\" class=\"yoast-schema-graph\">{\"@context\":\"https:\\\/\\\/schema.org\",\"@graph\":[{\"@type\":\"WebPage\",\"@id\":\"https:\\\/\\\/repliquemangacine.fr\\\/tanto-mini-katana-demon-slayer\\\/tanto-de-zenitsu-agatsuma-demon-slayer\\\/\",\"url\":\"https:\\\/\\\/repliquemangacine.fr\\\/tanto-mini-katana-demon-slayer\\\/tanto-de-zenitsu-agatsuma-demon-slayer\\\/\",\"name\":\"Tanto de Zenitsu Agatsuma - Demon Slayer - R\u00e9plique Manga Cin\u00e9\",\"isPartOf\":{\"@id\":\"https:\\\/\\\/repliquemangacine.fr\\\/#website\"},\"primaryImageOfPage\":{\"@id\":\"https:\\\/\\\/repliquemangacine.fr\\\/tanto-mini-katana-demon-slayer\\\/tanto-de-zenitsu-agatsuma-demon-slayer\\\/#primaryimage\"},\"image\":{\"@id\":\"https:\\\/\\\/repliquemangacine.fr\\\/tanto-mini-katana-demon-slayer\\\/tanto-de-zenitsu-agatsuma-demon-slayer\\\/#primaryimage\"},\"thumbnailUrl\":\"https:\\\/\\\/repliquemangacine.fr\\\/wp-content\\\/uploads\\\/2024\\\/12\\\/Tanto-de-Zenitsu-Agatsuma.jpg\",\"datePublished\":\"2024-12-07T18:35:35+00:00\",\"dateModified\":\"2025-12-16T20:36:01+00:00\",\"description\":\"D\u00e9couvrez ce superbe Tanto de Zenitsu Agatsuma dans D\u00e9mon Slayer. Lame en acier d\u00e9cor\u00e9 d'une flamme jaune. Fourreau bois laqu\u00e9 blanc. Support. 45 cm\",\"breadcrumb\":{\"@id\":\"https:\\\/\\\/repliquemangacine.fr\\\/tanto-mini-katana-demon-slayer\\\/tanto-de-zenitsu-agatsuma-demon-slayer\\\/#breadcrumb\"},\"inLanguage\":\"de\",\"potentialAction\":[{\"@type\":\"ReadAction\",\"target\":[\"https:\\\/\\\/repliquemangacine.fr\\\/tanto-mini-katana-demon-slayer\\\/tanto-de-zenitsu-agatsuma-demon-slayer\\\/\"]}]},{\"@type\":\"ImageObject\",\"inLanguage\":\"de\",\"@id\":\"https:\\\/\\\/repliquemangacine.fr\\\/tanto-mini-katana-demon-slayer\\\/tanto-de-zenitsu-agatsuma-demon-slayer\\\/#primaryimage\",\"url\":\"https:\\\/\\\/repliquemangacine.fr\\\/wp-content\\\/uploads\\\/2024\\\/12\\\/Tanto-de-Zenitsu-Agatsuma.jpg\",\"contentUrl\":\"https:\\\/\\\/repliquemangacine.fr\\\/wp-content\\\/uploads\\\/2024\\\/12\\\/Tanto-de-Zenitsu-Agatsuma.jpg\",\"width\":500,\"height\":500,\"caption\":\"Tanto de Zenitsu Agatsuma\"},{\"@type\":\"BreadcrumbList\",\"@id\":\"https:\\\/\\\/repliquemangacine.fr\\\/tanto-mini-katana-demon-slayer\\\/tanto-de-zenitsu-agatsuma-demon-slayer\\\/#breadcrumb\",\"itemListElement\":[{\"@type\":\"ListItem\",\"position\":1,\"name\":\"Accueil\",\"item\":\"https:\\\/\\\/repliquemangacine.fr\\\/\"},{\"@type\":\"ListItem\",\"position\":2,\"name\":\"Produits\",\"item\":\"https:\\\/\\\/repliquemangacine.fr\\\/boutique\\\/\"},{\"@type\":\"ListItem\",\"position\":3,\"name\":\"Tanto de Zenitsu Agatsuma &#8211; Demon Slayer\"}]},{\"@type\":\"WebSite\",\"@id\":\"https:\\\/\\\/repliquemangacine.fr\\\/#website\",\"url\":\"https:\\\/\\\/repliquemangacine.fr\\\/\",\"name\":\"R\u00e9plique Manga Cin\u00e9\",\"description\":\"\",\"publisher\":{\"@id\":\"https:\\\/\\\/repliquemangacine.fr\\\/#organization\"},\"potentialAction\":[{\"@type\":\"SearchAction\",\"target\":{\"@type\":\"EntryPoint\",\"urlTemplate\":\"https:\\\/\\\/repliquemangacine.fr\\\/?s={search_term_string}\"},\"query-input\":{\"@type\":\"PropertyValueSpecification\",\"valueRequired\":true,\"valueName\":\"search_term_string\"}}],\"inLanguage\":\"de\"},{\"@type\":\"Organization\",\"@id\":\"https:\\\/\\\/repliquemangacine.fr\\\/#organization\",\"name\":\"R\u00e9plique Manga Cin\u00e9\",\"url\":\"https:\\\/\\\/repliquemangacine.fr\\\/\",\"logo\":{\"@type\":\"ImageObject\",\"inLanguage\":\"de\",\"@id\":\"https:\\\/\\\/repliquemangacine.fr\\\/#\\\/schema\\\/logo\\\/image\\\/\",\"url\":\"https:\\\/\\\/repliquemangacine.fr\\\/wp-content\\\/uploads\\\/2023\\\/10\\\/RMC-500250.png\",\"contentUrl\":\"https:\\\/\\\/repliquemangacine.fr\\\/wp-content\\\/uploads\\\/2023\\\/10\\\/RMC-500250.png\",\"width\":500,\"height\":250,\"caption\":\"R\u00e9plique Manga Cin\u00e9\"},\"image\":{\"@id\":\"https:\\\/\\\/repliquemangacine.fr\\\/#\\\/schema\\\/logo\\\/image\\\/\"},\"sameAs\":[\"https:\\\/\\\/www.facebook.com\\\/RepliqueMangaCine\",\"https:\\\/\\\/www.instagram.com\\\/repliquemangacine.fr\\\/\"]}]}<\/script>\n<!-- \/ Yoast SEO plugin. -->","yoast_head_json":{"title":"Tanto de Zenitsu Agatsuma - Demon Slayer - R\u00e9plique Manga Cin\u00e9","description":"Entdecken Sie dieses wundersch\u00f6ne Tanto von Zenitsu Agatsuma in Demon Slayer. Stahlklinge mit einer gelben Flamme verziert. Wei\u00df lackierte Holzscheide. Halterung. 45 cm","robots":{"index":"index","follow":"follow","max-snippet":"max-snippet:-1","max-image-preview":"max-image-preview:large","max-video-preview":"max-video-preview:-1"},"canonical":"https:\/\/repliquemangacine.fr\/de\/tanto-mini-katana-demon-slayer\/tanto-de-zenitsu-agatsuma-demon-slayer\/","og_locale":"de_DE","og_type":"article","og_title":"Tanto de Zenitsu Agatsuma - Demon Slayer - R\u00e9plique Manga Cin\u00e9","og_description":"D\u00e9couvrez ce superbe Tanto de Zenitsu Agatsuma dans D\u00e9mon Slayer. Lame en acier d\u00e9cor\u00e9 d'une flamme jaune. Fourreau bois laqu\u00e9 blanc. Support. 45 cm","og_url":"https:\/\/repliquemangacine.fr\/de\/tanto-mini-katana-demon-slayer\/tanto-de-zenitsu-agatsuma-demon-slayer\/","og_site_name":"R\u00e9plique Manga Cin\u00e9","article_publisher":"https:\/\/www.facebook.com\/RepliqueMangaCine","article_modified_time":"2025-12-16T20:36:01+00:00","og_image":[{"width":500,"height":500,"url":"https:\/\/repliquemangacine.fr\/wp-content\/uploads\/2024\/12\/Tanto-de-Zenitsu-Agatsuma.jpg","type":"image\/jpeg"}],"twitter_card":"summary_large_image","twitter_misc":{"Gesch\u00e4tzte Lesezeit":"2\u00a0Minuten"},"schema":{"@context":"https:\/\/schema.org","@graph":[{"@type":"WebPage","@id":"https:\/\/repliquemangacine.fr\/tanto-mini-katana-demon-slayer\/tanto-de-zenitsu-agatsuma-demon-slayer\/","url":"https:\/\/repliquemangacine.fr\/tanto-mini-katana-demon-slayer\/tanto-de-zenitsu-agatsuma-demon-slayer\/","name":"Tanto de Zenitsu Agatsuma - Demon Slayer - R\u00e9plique Manga Cin\u00e9","isPartOf":{"@id":"https:\/\/repliquemangacine.fr\/#website"},"primaryImageOfPage":{"@id":"https:\/\/repliquemangacine.fr\/tanto-mini-katana-demon-slayer\/tanto-de-zenitsu-agatsuma-demon-slayer\/#primaryimage"},"image":{"@id":"https:\/\/repliquemangacine.fr\/tanto-mini-katana-demon-slayer\/tanto-de-zenitsu-agatsuma-demon-slayer\/#primaryimage"},"thumbnailUrl":"https:\/\/repliquemangacine.fr\/wp-content\/uploads\/2024\/12\/Tanto-de-Zenitsu-Agatsuma.jpg","datePublished":"2024-12-07T18:35:35+00:00","dateModified":"2025-12-16T20:36:01+00:00","description":"Entdecken Sie dieses wundersch\u00f6ne Tanto von Zenitsu Agatsuma in Demon Slayer. Stahlklinge mit einer gelben Flamme verziert. Wei\u00df lackierte Holzscheide. Halterung. 45 cm","breadcrumb":{"@id":"https:\/\/repliquemangacine.fr\/tanto-mini-katana-demon-slayer\/tanto-de-zenitsu-agatsuma-demon-slayer\/#breadcrumb"},"inLanguage":"de","potentialAction":[{"@type":"ReadAction","target":["https:\/\/repliquemangacine.fr\/tanto-mini-katana-demon-slayer\/tanto-de-zenitsu-agatsuma-demon-slayer\/"]}]},{"@type":"ImageObject","inLanguage":"de","@id":"https:\/\/repliquemangacine.fr\/tanto-mini-katana-demon-slayer\/tanto-de-zenitsu-agatsuma-demon-slayer\/#primaryimage","url":"https:\/\/repliquemangacine.fr\/wp-content\/uploads\/2024\/12\/Tanto-de-Zenitsu-Agatsuma.jpg","contentUrl":"https:\/\/repliquemangacine.fr\/wp-content\/uploads\/2024\/12\/Tanto-de-Zenitsu-Agatsuma.jpg","width":500,"height":500,"caption":"Tanto de Zenitsu Agatsuma"},{"@type":"BreadcrumbList","@id":"https:\/\/repliquemangacine.fr\/tanto-mini-katana-demon-slayer\/tanto-de-zenitsu-agatsuma-demon-slayer\/#breadcrumb","itemListElement":[{"@type":"ListItem","position":1,"name":"Accueil","item":"https:\/\/repliquemangacine.fr\/"},{"@type":"ListItem","position":2,"name":"Produits","item":"https:\/\/repliquemangacine.fr\/boutique\/"},{"@type":"ListItem","position":3,"name":"Tanto de Zenitsu Agatsuma &#8211; Demon Slayer"}]},{"@type":"WebSite","@id":"https:\/\/repliquemangacine.fr\/#website","url":"https:\/\/repliquemangacine.fr\/","name":"R\u00e9plique Manga Cin\u00e9","description":"","publisher":{"@id":"https:\/\/repliquemangacine.fr\/#organization"},"potentialAction":[{"@type":"SearchAction","target":{"@type":"EntryPoint","urlTemplate":"https:\/\/repliquemangacine.fr\/?s={search_term_string}"},"query-input":{"@type":"PropertyValueSpecification","valueRequired":true,"valueName":"search_term_string"}}],"inLanguage":"de"},{"@type":"Organization","@id":"https:\/\/repliquemangacine.fr\/#organization","name":"R\u00e9plique Manga Cin\u00e9","url":"https:\/\/repliquemangacine.fr\/","logo":{"@type":"ImageObject","inLanguage":"de","@id":"https:\/\/repliquemangacine.fr\/#\/schema\/logo\/image\/","url":"https:\/\/repliquemangacine.fr\/wp-content\/uploads\/2023\/10\/RMC-500250.png","contentUrl":"https:\/\/repliquemangacine.fr\/wp-content\/uploads\/2023\/10\/RMC-500250.png","width":500,"height":250,"caption":"R\u00e9plique Manga Cin\u00e9"},"image":{"@id":"https:\/\/repliquemangacine.fr\/#\/schema\/logo\/image\/"},"sameAs":["https:\/\/www.facebook.com\/RepliqueMangaCine","https:\/\/www.instagram.com\/repliquemangacine.fr\/"]}]}},"_links":{"self":[{"href":"https:\/\/repliquemangacine.fr\/de\/wp-json\/wp\/v2\/product\/79359","targetHints":{"allow":["GET"]}}],"collection":[{"href":"https:\/\/repliquemangacine.fr\/de\/wp-json\/wp\/v2\/product"}],"about":[{"href":"https:\/\/repliquemangacine.fr\/de\/wp-json\/wp\/v2\/types\/product"}],"wp:featuredmedia":[{"embeddable":true,"href":"https:\/\/repliquemangacine.fr\/de\/wp-json\/wp\/v2\/media\/79361"}],"wp:attachment":[{"href":"https:\/\/repliquemangacine.fr\/de\/wp-json\/wp\/v2\/media?parent=79359"}],"wp:term":[{"taxonomy":"product_brand","embeddable":true,"href":"https:\/\/repliquemangacine.fr\/de\/wp-json\/wp\/v2\/product_brand?post=79359"},{"taxonomy":"product_cat","embeddable":true,"href":"https:\/\/repliquemangacine.fr\/de\/wp-json\/wp\/v2\/product_cat?post=79359"},{"taxonomy":"product_tag","embeddable":true,"href":"https:\/\/repliquemangacine.fr\/de\/wp-json\/wp\/v2\/product_tag?post=79359"}],"curies":[{"name":"wp","href":"https:\/\/api.w.org\/{rel}","templated":true}]}}