





{"id":79344,"date":"2024-12-07T18:18:12","date_gmt":"2024-12-07T17:18:12","guid":{"rendered":"https:\/\/repliquemangacine.fr\/?post_type=product&#038;p=79344"},"modified":"2026-04-22T01:56:15","modified_gmt":"2026-04-21T23:56:15","slug":"schwert-des-urteils-doptimus-prime","status":"publish","type":"product","link":"https:\/\/repliquemangacine.fr\/de\/films-series-tv-vente-de-katana-epee-et-produits-derives\/epee-du-jugement-doptimus-prime\/","title":{"rendered":"Optimus Primes Schwert des Urteils"},"content":{"rendered":"<h2>Das Schwert des Urteils: Eine legend\u00e4re Waffe von Optimus Prime<\/h2>\n<p>Zu Beginn wird das Schwert des Urteils, das Optimus Prime in <a href=\"https:\/\/fr.wikipedia.org\/wiki\/Transformers_:_L%27%C3%82ge_de_l%27extinction\" target=\"_blank\" rel=\"noopener noreferrer\">Transformers: Age of Extinction<\/a>. Viel mehr als nur eine Waffe: Es ist ein Symbol f\u00fcr Gerechtigkeit und St\u00e4rke. Inspiriert von der \u00c4sthetik des Rittertums ist dieses massive Schwert mit cybertronischen Gravuren verziert. Es spiegelt seinen mythischen Ursprung wider, der mit den Rittern von Cybertron verbunden ist.<\/p>\n<p>Es muss betont werden, dass dieses Schwert die Werte von Optimus verk\u00f6rpert: die Schwachen zu besch\u00fctzen und f\u00fcr den Frieden zu k\u00e4mpfen. Im Film spielt es eine zentrale Rolle in den Schlachten und verst\u00e4rkt die heroische Ausstrahlung des Anf\u00fchrers der Autobots. Diese ebenso m\u00e4chtige wie elegante Klinge ist ein Muss f\u00fcr Transformers-Fans und Sammler, die auf der Suche nach inspirierenden und ikonischen Objekten sind.<\/p>\n<h2>Warum das Schwert des Urteils eine Ikonische Waffe ist.<\/h2>\n<p>Das Schwert des Gerichts ist keine einfache Waffe, sondern spiegelt den Edelmut von Optimus Prime wider. Sein Design, das cybertronische Technologien und mittelalterliche \u00c4sthetik vereint, erinnert an eine Verschmelzung von Tradition und Futurismus. Es verk\u00f6rpert somit die Ideale der Ritterlichkeit: Mut, Ehre und Schutz. Es wurde in epischen K\u00e4mpfen eingesetzt, beispielsweise gegen Galvatron oder Lockdown, und st\u00e4rkt das Image von Optimus als modernem Ritter.<\/p>\n<p>Diese Klinge symbolisiert auch die Rolle des Anf\u00fchrers der Autobots, der stets bereit ist, die Erde gegen Bedrohungen zu verteidigen. Das Schwert des Gerichts, ein wahres Kunstwerk der Kampfkunst, ist ein Muss f\u00fcr jeden Fan, der ein St\u00fcck dieses legend\u00e4ren Universums besitzen m\u00f6chte.<\/p>\n<h2>Entdecken Sie die sch\u00f6nsten Repliken auf R\u00e9plique Manga Cin\u00e9<\/h2>\n<p>Auf R\u00e9plique Manga Cin\u00e9 bieten wir Ihnen au\u00dfergew\u00f6hnliche St\u00fccke an, um Ihre Sammlung zu bereichern. Entdecken Sie die beeindruckende <a href=\"https:\/\/repliquemangacine.fr\/de\/schwerter-world-of-warcraft\/frostmourne-deuillegivre-schwert-des-lichkonigs\/\">Frostmourne<\/a> aus World of Warcraft, eine furchteinfl\u00f6\u00dfende Klinge, die mit dunkler Magie aufgeladen ist. Tauchen Sie mit den Repliken der Schwerter aus \"Der Herr der Ringe\" in fantastische Welten ein, wie z. B. <a href=\"https:\/\/repliquemangacine.fr\/de\/schwerter-und-dolche-die-ringe-der-macht\/anduril-epee-aragorn-herr-der-ringe\/\">And\u00faril<\/a> oder Dard oder die<a href=\"https:\/\/repliquemangacine.fr\/de\/schwert-the-witcher\/stahlschwert-geralt-de-riv-the-witcher3\/\">Geralts Stahlschwert<\/a> von The Witcher, ein Meisterwerk.<\/p>\n<p>Fans von Neuheiten sollten sich unsere neuesten Produkte nicht entgehen lassen. <a href=\"https:\/\/repliquemangacine.fr\/de\/leuchtendes-katana-demon-slayer\/\">leuchtende Katanas aus Demon Slayer<\/a>Die LED-Leuchten verleihen dem Ganzen einen spektakul\u00e4ren Touch. Jedes dieser St\u00fccke wurde entworfen, um Liebhaber zu begeistern und ein vollst\u00e4ndiges Eintauchen in Ihre Lieblingsfranchises zu bieten. Fazit: Entscheiden Sie sich mit unseren exklusiven Kollektionen f\u00fcr Qualit\u00e4t und Authentizit\u00e4t!<\/p>","protected":false},"excerpt":{"rendered":"<p>In der Tat atemberaubend! Diese Replik des Schwerts des Gerichts von Optimus Prime aus der Transformers-Reihe<\/p>\n<ul>\n<li>Zweischneidige Klinge aus 440 stainless steel nicht schneidend.<\/li>\n<li>Auf jeder Schr\u00e4ge der Klinge befinden sich eingravierte Ideogramme<\/li>\n<li>In der Mitte der Klinge befindet sich ein dekoratives St\u00fcck aus geformtem ABS.<\/li>\n<li>Speziell geformter Metallgriff<\/li>\n<li>Garde und Knauf aus Vollstahl in den Farben Rot und Blau<\/li>\n<li>Wird mit seiner Transformers-Wandplatte geliefert<\/li>\n<li>L\u00e4nge der Klinge: 80 cm - Gesamtl\u00e4nge: 130 cm<\/li>\n<li>Gewicht: 3500 gr<\/li>\n<\/ul>","protected":false},"featured_media":79346,"template":"","meta":[],"product_brand":[896],"product_cat":[91,66,24],"product_tag":[],"class_list":{"0":"post-79344","1":"product","2":"type-product","3":"status-publish","4":"has-post-thumbnail","6":"product_brand-replique-manga-cine","7":"product_cat-katana-les-epees-de-films-et-series","8":"product_cat-repliques-d-armes-films-et-series","9":"product_cat-films-series-tv-vente-de-katana-epee-et-produits-derives","11":"first","12":"outofstock","13":"taxable","14":"shipping-taxable","15":"purchasable","16":"product-type-simple"},"yoast_head":"<!-- This site is optimized with the Yoast SEO plugin v27.5 - https:\/\/yoast.com\/product\/yoast-seo-wordpress\/ -->\n<title>\u00c9p\u00e9e du Jugement d&#039;Optimus Prime - Transformers | RMC<\/title>\n<meta name=\"description\" content=\"\u00c9poustouflante ! Cette \u00c9p\u00e9e du Jugement d&#039;Optimus Prime dans Transformers. Lame en acier 440 avec gravure et plaque d\u00e9corative. Support. Longueur 130cm\" \/>\n<meta name=\"robots\" content=\"index, follow, max-snippet:-1, max-image-preview:large, max-video-preview:-1\" \/>\n<link rel=\"canonical\" href=\"https:\/\/repliquemangacine.fr\/de\/filme-tv-serien-verkauf-von-katana-schwertern-und-derivaten\/schwert-des-urteils-doptimus-prime\/\" \/>\n<meta property=\"og:locale\" content=\"de_DE\" \/>\n<meta property=\"og:type\" content=\"article\" \/>\n<meta property=\"og:title\" content=\"\u00c9p\u00e9e du Jugement d&#039;Optimus Prime - Transformers | RMC\" \/>\n<meta property=\"og:description\" content=\"\u00c9poustouflante ! Cette \u00c9p\u00e9e du Jugement d&#039;Optimus Prime dans Transformers. Lame en acier 440 avec gravure et plaque d\u00e9corative. Support. Longueur 130cm\" \/>\n<meta property=\"og:url\" content=\"https:\/\/repliquemangacine.fr\/de\/filme-tv-serien-verkauf-von-katana-schwertern-und-derivaten\/schwert-des-urteils-doptimus-prime\/\" \/>\n<meta property=\"og:site_name\" content=\"R\u00e9plique Manga Cin\u00e9\" \/>\n<meta property=\"article:publisher\" content=\"https:\/\/www.facebook.com\/RepliqueMangaCine\" \/>\n<meta property=\"article:modified_time\" content=\"2026-04-21T23:56:15+00:00\" \/>\n<meta property=\"og:image\" content=\"https:\/\/repliquemangacine.fr\/wp-content\/uploads\/2024\/12\/Epee-du-jugement-dOptimus-Prime-avec-support.jpg\" \/>\n\t<meta property=\"og:image:width\" content=\"500\" \/>\n\t<meta property=\"og:image:height\" content=\"500\" \/>\n\t<meta property=\"og:image:type\" content=\"image\/jpeg\" \/>\n<meta name=\"twitter:card\" content=\"summary_large_image\" \/>\n<meta name=\"twitter:label1\" content=\"Gesch\u00e4tzte Lesezeit\" \/>\n\t<meta name=\"twitter:data1\" content=\"2\u00a0Minuten\" \/>\n<script type=\"application\/ld+json\" class=\"yoast-schema-graph\">{\"@context\":\"https:\\\/\\\/schema.org\",\"@graph\":[{\"@type\":\"WebPage\",\"@id\":\"https:\\\/\\\/repliquemangacine.fr\\\/films-series-tv-vente-de-katana-epee-et-produits-derives\\\/epee-du-jugement-doptimus-prime\\\/\",\"url\":\"https:\\\/\\\/repliquemangacine.fr\\\/films-series-tv-vente-de-katana-epee-et-produits-derives\\\/epee-du-jugement-doptimus-prime\\\/\",\"name\":\"\u00c9p\u00e9e du Jugement d'Optimus Prime - Transformers | RMC\",\"isPartOf\":{\"@id\":\"https:\\\/\\\/repliquemangacine.fr\\\/#website\"},\"primaryImageOfPage\":{\"@id\":\"https:\\\/\\\/repliquemangacine.fr\\\/films-series-tv-vente-de-katana-epee-et-produits-derives\\\/epee-du-jugement-doptimus-prime\\\/#primaryimage\"},\"image\":{\"@id\":\"https:\\\/\\\/repliquemangacine.fr\\\/films-series-tv-vente-de-katana-epee-et-produits-derives\\\/epee-du-jugement-doptimus-prime\\\/#primaryimage\"},\"thumbnailUrl\":\"https:\\\/\\\/repliquemangacine.fr\\\/wp-content\\\/uploads\\\/2024\\\/12\\\/Epee-du-jugement-dOptimus-Prime-avec-support.jpg\",\"datePublished\":\"2024-12-07T17:18:12+00:00\",\"dateModified\":\"2026-04-21T23:56:15+00:00\",\"description\":\"\u00c9poustouflante ! Cette \u00c9p\u00e9e du Jugement d'Optimus Prime dans Transformers. Lame en acier 440 avec gravure et plaque d\u00e9corative. Support. Longueur 130cm\",\"breadcrumb\":{\"@id\":\"https:\\\/\\\/repliquemangacine.fr\\\/films-series-tv-vente-de-katana-epee-et-produits-derives\\\/epee-du-jugement-doptimus-prime\\\/#breadcrumb\"},\"inLanguage\":\"de\",\"potentialAction\":[{\"@type\":\"ReadAction\",\"target\":[\"https:\\\/\\\/repliquemangacine.fr\\\/films-series-tv-vente-de-katana-epee-et-produits-derives\\\/epee-du-jugement-doptimus-prime\\\/\"]}]},{\"@type\":\"ImageObject\",\"inLanguage\":\"de\",\"@id\":\"https:\\\/\\\/repliquemangacine.fr\\\/films-series-tv-vente-de-katana-epee-et-produits-derives\\\/epee-du-jugement-doptimus-prime\\\/#primaryimage\",\"url\":\"https:\\\/\\\/repliquemangacine.fr\\\/wp-content\\\/uploads\\\/2024\\\/12\\\/Epee-du-jugement-dOptimus-Prime-avec-support.jpg\",\"contentUrl\":\"https:\\\/\\\/repliquemangacine.fr\\\/wp-content\\\/uploads\\\/2024\\\/12\\\/Epee-du-jugement-dOptimus-Prime-avec-support.jpg\",\"width\":500,\"height\":500,\"caption\":\"\u00c9p\u00e9e du Jugement d'Optimus Prime dans Transformers\"},{\"@type\":\"BreadcrumbList\",\"@id\":\"https:\\\/\\\/repliquemangacine.fr\\\/films-series-tv-vente-de-katana-epee-et-produits-derives\\\/epee-du-jugement-doptimus-prime\\\/#breadcrumb\",\"itemListElement\":[{\"@type\":\"ListItem\",\"position\":1,\"name\":\"Accueil\",\"item\":\"https:\\\/\\\/repliquemangacine.fr\\\/\"},{\"@type\":\"ListItem\",\"position\":2,\"name\":\"Produits\",\"item\":\"https:\\\/\\\/repliquemangacine.fr\\\/boutique\\\/\"},{\"@type\":\"ListItem\",\"position\":3,\"name\":\"\u00c9p\u00e9e du Jugement d&#8217;Optimus Prime\"}]},{\"@type\":\"WebSite\",\"@id\":\"https:\\\/\\\/repliquemangacine.fr\\\/#website\",\"url\":\"https:\\\/\\\/repliquemangacine.fr\\\/\",\"name\":\"R\u00e9plique Manga Cin\u00e9\",\"description\":\"\",\"publisher\":{\"@id\":\"https:\\\/\\\/repliquemangacine.fr\\\/#organization\"},\"potentialAction\":[{\"@type\":\"SearchAction\",\"target\":{\"@type\":\"EntryPoint\",\"urlTemplate\":\"https:\\\/\\\/repliquemangacine.fr\\\/?s={search_term_string}\"},\"query-input\":{\"@type\":\"PropertyValueSpecification\",\"valueRequired\":true,\"valueName\":\"search_term_string\"}}],\"inLanguage\":\"de\"},{\"@type\":\"Organization\",\"@id\":\"https:\\\/\\\/repliquemangacine.fr\\\/#organization\",\"name\":\"R\u00e9plique Manga Cin\u00e9\",\"url\":\"https:\\\/\\\/repliquemangacine.fr\\\/\",\"logo\":{\"@type\":\"ImageObject\",\"inLanguage\":\"de\",\"@id\":\"https:\\\/\\\/repliquemangacine.fr\\\/#\\\/schema\\\/logo\\\/image\\\/\",\"url\":\"https:\\\/\\\/repliquemangacine.fr\\\/wp-content\\\/uploads\\\/2023\\\/10\\\/RMC-500250.png\",\"contentUrl\":\"https:\\\/\\\/repliquemangacine.fr\\\/wp-content\\\/uploads\\\/2023\\\/10\\\/RMC-500250.png\",\"width\":500,\"height\":250,\"caption\":\"R\u00e9plique Manga Cin\u00e9\"},\"image\":{\"@id\":\"https:\\\/\\\/repliquemangacine.fr\\\/#\\\/schema\\\/logo\\\/image\\\/\"},\"sameAs\":[\"https:\\\/\\\/www.facebook.com\\\/RepliqueMangaCine\",\"https:\\\/\\\/www.instagram.com\\\/repliquemangacine.fr\\\/\"]}]}<\/script>\n<!-- \/ Yoast SEO plugin. -->","yoast_head_json":{"title":"Optimus Prime's Schwert des Urteils - Transformers | RMC","description":"Wie atemberaubend! Dieses Schwert des Urteils von Optimus Prime aus Transformers. Klinge aus 440er Stahl mit \u00c4tzung und dekorativer Platte. Halterung. L\u00e4nge 130cm","robots":{"index":"index","follow":"follow","max-snippet":"max-snippet:-1","max-image-preview":"max-image-preview:large","max-video-preview":"max-video-preview:-1"},"canonical":"https:\/\/repliquemangacine.fr\/de\/filme-tv-serien-verkauf-von-katana-schwertern-und-derivaten\/schwert-des-urteils-doptimus-prime\/","og_locale":"de_DE","og_type":"article","og_title":"\u00c9p\u00e9e du Jugement d'Optimus Prime - Transformers | RMC","og_description":"\u00c9poustouflante ! Cette \u00c9p\u00e9e du Jugement d'Optimus Prime dans Transformers. Lame en acier 440 avec gravure et plaque d\u00e9corative. Support. Longueur 130cm","og_url":"https:\/\/repliquemangacine.fr\/de\/filme-tv-serien-verkauf-von-katana-schwertern-und-derivaten\/schwert-des-urteils-doptimus-prime\/","og_site_name":"R\u00e9plique Manga Cin\u00e9","article_publisher":"https:\/\/www.facebook.com\/RepliqueMangaCine","article_modified_time":"2026-04-21T23:56:15+00:00","og_image":[{"width":500,"height":500,"url":"https:\/\/repliquemangacine.fr\/wp-content\/uploads\/2024\/12\/Epee-du-jugement-dOptimus-Prime-avec-support.jpg","type":"image\/jpeg"}],"twitter_card":"summary_large_image","twitter_misc":{"Gesch\u00e4tzte Lesezeit":"2\u00a0Minuten"},"schema":{"@context":"https:\/\/schema.org","@graph":[{"@type":"WebPage","@id":"https:\/\/repliquemangacine.fr\/films-series-tv-vente-de-katana-epee-et-produits-derives\/epee-du-jugement-doptimus-prime\/","url":"https:\/\/repliquemangacine.fr\/films-series-tv-vente-de-katana-epee-et-produits-derives\/epee-du-jugement-doptimus-prime\/","name":"Optimus Prime's Schwert des Urteils - Transformers | RMC","isPartOf":{"@id":"https:\/\/repliquemangacine.fr\/#website"},"primaryImageOfPage":{"@id":"https:\/\/repliquemangacine.fr\/films-series-tv-vente-de-katana-epee-et-produits-derives\/epee-du-jugement-doptimus-prime\/#primaryimage"},"image":{"@id":"https:\/\/repliquemangacine.fr\/films-series-tv-vente-de-katana-epee-et-produits-derives\/epee-du-jugement-doptimus-prime\/#primaryimage"},"thumbnailUrl":"https:\/\/repliquemangacine.fr\/wp-content\/uploads\/2024\/12\/Epee-du-jugement-dOptimus-Prime-avec-support.jpg","datePublished":"2024-12-07T17:18:12+00:00","dateModified":"2026-04-21T23:56:15+00:00","description":"Wie atemberaubend! Dieses Schwert des Urteils von Optimus Prime aus Transformers. Klinge aus 440er Stahl mit \u00c4tzung und dekorativer Platte. Halterung. L\u00e4nge 130cm","breadcrumb":{"@id":"https:\/\/repliquemangacine.fr\/films-series-tv-vente-de-katana-epee-et-produits-derives\/epee-du-jugement-doptimus-prime\/#breadcrumb"},"inLanguage":"de","potentialAction":[{"@type":"ReadAction","target":["https:\/\/repliquemangacine.fr\/films-series-tv-vente-de-katana-epee-et-produits-derives\/epee-du-jugement-doptimus-prime\/"]}]},{"@type":"ImageObject","inLanguage":"de","@id":"https:\/\/repliquemangacine.fr\/films-series-tv-vente-de-katana-epee-et-produits-derives\/epee-du-jugement-doptimus-prime\/#primaryimage","url":"https:\/\/repliquemangacine.fr\/wp-content\/uploads\/2024\/12\/Epee-du-jugement-dOptimus-Prime-avec-support.jpg","contentUrl":"https:\/\/repliquemangacine.fr\/wp-content\/uploads\/2024\/12\/Epee-du-jugement-dOptimus-Prime-avec-support.jpg","width":500,"height":500,"caption":"\u00c9p\u00e9e du Jugement d'Optimus Prime dans Transformers"},{"@type":"BreadcrumbList","@id":"https:\/\/repliquemangacine.fr\/films-series-tv-vente-de-katana-epee-et-produits-derives\/epee-du-jugement-doptimus-prime\/#breadcrumb","itemListElement":[{"@type":"ListItem","position":1,"name":"Accueil","item":"https:\/\/repliquemangacine.fr\/"},{"@type":"ListItem","position":2,"name":"Produits","item":"https:\/\/repliquemangacine.fr\/boutique\/"},{"@type":"ListItem","position":3,"name":"\u00c9p\u00e9e du Jugement d&#8217;Optimus Prime"}]},{"@type":"WebSite","@id":"https:\/\/repliquemangacine.fr\/#website","url":"https:\/\/repliquemangacine.fr\/","name":"R\u00e9plique Manga Cin\u00e9","description":"","publisher":{"@id":"https:\/\/repliquemangacine.fr\/#organization"},"potentialAction":[{"@type":"SearchAction","target":{"@type":"EntryPoint","urlTemplate":"https:\/\/repliquemangacine.fr\/?s={search_term_string}"},"query-input":{"@type":"PropertyValueSpecification","valueRequired":true,"valueName":"search_term_string"}}],"inLanguage":"de"},{"@type":"Organization","@id":"https:\/\/repliquemangacine.fr\/#organization","name":"R\u00e9plique Manga Cin\u00e9","url":"https:\/\/repliquemangacine.fr\/","logo":{"@type":"ImageObject","inLanguage":"de","@id":"https:\/\/repliquemangacine.fr\/#\/schema\/logo\/image\/","url":"https:\/\/repliquemangacine.fr\/wp-content\/uploads\/2023\/10\/RMC-500250.png","contentUrl":"https:\/\/repliquemangacine.fr\/wp-content\/uploads\/2023\/10\/RMC-500250.png","width":500,"height":250,"caption":"R\u00e9plique Manga Cin\u00e9"},"image":{"@id":"https:\/\/repliquemangacine.fr\/#\/schema\/logo\/image\/"},"sameAs":["https:\/\/www.facebook.com\/RepliqueMangaCine","https:\/\/www.instagram.com\/repliquemangacine.fr\/"]}]}},"_links":{"self":[{"href":"https:\/\/repliquemangacine.fr\/de\/wp-json\/wp\/v2\/product\/79344","targetHints":{"allow":["GET"]}}],"collection":[{"href":"https:\/\/repliquemangacine.fr\/de\/wp-json\/wp\/v2\/product"}],"about":[{"href":"https:\/\/repliquemangacine.fr\/de\/wp-json\/wp\/v2\/types\/product"}],"wp:featuredmedia":[{"embeddable":true,"href":"https:\/\/repliquemangacine.fr\/de\/wp-json\/wp\/v2\/media\/79346"}],"wp:attachment":[{"href":"https:\/\/repliquemangacine.fr\/de\/wp-json\/wp\/v2\/media?parent=79344"}],"wp:term":[{"taxonomy":"product_brand","embeddable":true,"href":"https:\/\/repliquemangacine.fr\/de\/wp-json\/wp\/v2\/product_brand?post=79344"},{"taxonomy":"product_cat","embeddable":true,"href":"https:\/\/repliquemangacine.fr\/de\/wp-json\/wp\/v2\/product_cat?post=79344"},{"taxonomy":"product_tag","embeddable":true,"href":"https:\/\/repliquemangacine.fr\/de\/wp-json\/wp\/v2\/product_tag?post=79344"}],"curies":[{"name":"wp","href":"https:\/\/api.w.org\/{rel}","templated":true}]}}