





{"id":78735,"date":"2024-11-30T21:35:41","date_gmt":"2024-11-30T20:35:41","guid":{"rendered":"https:\/\/repliquemangacine.fr\/?post_type=product&#038;p=78735"},"modified":"2026-01-11T15:34:52","modified_gmt":"2026-01-11T14:34:52","slug":"mauser-gewehr-k98-gealtert","status":"publish","type":"product","link":"https:\/\/repliquemangacine.fr\/de\/reproductions-armes-seconde-guerre-mondiale-denix\/carabine-mauser-k98-vieilli\/","title":{"rendered":"Mauser-Gewehr K98 Gealtert"},"content":{"rendered":"<h2>Das Mauser-Gewehr K98: Ein authentisches Replikat mit altem Charme<\/h2>\n<p>Entdecken Sie zun\u00e4chst die au\u00dfergew\u00f6hnliche Nachbildung der <strong>Mauser-Karabiner K98<\/strong>. Ein emblematisches Gewehr aus dem Zweiten Weltkrieg, neu interpretiert von <a href=\"https:\/\/www.denix.fr\/fr\/catalogue\/nouveautes\/\" target=\"_blank\" rel=\"noopener noreferrer\">Denix<\/a> in einer patinierten und gealterten Version. Dieses Modell wurde von den deutschen Streitkr\u00e4ften zwischen 1935 und 1945 eingesetzt und ist ein wahres Symbol der damaligen Milit\u00e4rtechnik. Das gealterte Finish dieser Replik verleiht ihr einen beeindruckenden Realismus und erinnert an eine Waffe, die Jahrzehnte an Konflikten \u00fcberdauert hat. Hergestellt aus robustem Metall und echtem Holz. Sie bildet die Originaldetails vom Verschluss bis zum Lauf originalgetreu nach. Dieses inerte Replikat ist ideal f\u00fcr Geschichtsliebhaber, Sammler oder Reenactment-Fans.<\/p>\n<p>Besonders hervorzuheben ist, dass jedes St\u00fcck von Hand patiniert wird, was ein einzigartiges und authentisches Aussehen garantiert. Mit seinen originalgetreuen Abmessungen und seinem realistischen Gewicht. Die patinierte Mauser K98 von Denix - ein echtes Eintauchen in die Milit\u00e4rgeschichte.<\/p>\n<h2>Eine komplette Kollektion patinierter Repliken von Denix<\/h2>\n<p>Neben dem Mauser K98-Gewehr bietet Denix eine beeindruckende Auswahl an Repliken von patinierten und gealterten Waffen. Jede dieser Waffen ist eine Hommage an eine bestimmte Epoche der Geschichte. Entdecken Sie die <a href=\"https:\/\/repliquemangacine.fr\/de\/colt-pistole\/revolver-confedere-1860-gealtert\/\">Colt 1860 der Konf\u00f6derierten<\/a>Mit seinem antiken Finish erinnert er an den Charme der Waffen aus dem amerikanischen B\u00fcrgerkrieg. Erkunden Sie auch die <a href=\"https:\/\/repliquemangacine.fr\/de\/westernwaffen\/winchester-mares-leg-alt\/\">Mare's Leg<\/a>Das ber\u00fchmte verk\u00fcrzte Gewehr, das durch Western oder den <a href=\"https:\/\/repliquemangacine.fr\/de\/waffenreproduktionen-zweiter-weltkrieg-denix\/luger-pistole-p08-gealtert\/\">Luger-Pistole P08<\/a>eine echte Ikone des Zweiten Weltkriegs. Hergestellt aus hochwertigen Materialien, und ihr gealtertes Finish verleiht ihnen einen beeindruckenden Realismus. Begeistert von Western, Kriegswaffen oder historischen Epen. Mit dieser Patina-Kollektion k\u00f6nnen Sie durch die Epochen reisen und gleichzeitig Ihre Sammlung um einzigartige Objekte erweitern.<\/p>\n<h2>Warum sollten Sie sich f\u00fcr das gealterte Mauser-Gewehr K98 entscheiden und wie wird es hergestellt?<\/h2>\n<p>Das Mauser-Gewehr K98 ist nicht nur eine Replik, es ist ein St\u00fcck Geschichte in Ihren H\u00e4nden. Wenn Sie sich f\u00fcr dieses Modell entscheiden, entscheiden Sie sich f\u00fcr Authentizit\u00e4t und Handwerkskunst. Hergestellt aus hochwertigem Metall und Holz. So konstruiert, dass es dem Original entspricht, aber dennoch tr\u00e4ge ist und die Vorschriften f\u00fcr Waffenrepliken erf\u00fcllt. In der Tat funktionieren alle Mechanismen, ist aber v\u00f6llig schussunf\u00e4hig. Von Hand gealtert, um ein einzigartiges Finish zu erzeugen, das die Auswirkungen der Zeit simuliert. Es muss betont werden, dass dieser handwerkliche Prozess ein ebenso sch\u00f6nes wie authentisches St\u00fcck garantiert, das perfekt ist, um eine Sammlung zu bereichern oder eine Dekoration zu sublimieren. Zusammenfassend l\u00e4sst sich sagen, dass Sie mit Denix in eine Replik investieren, die \u00c4sthetik, Geschichte und Haltbarkeit vereint.<\/p>","protected":false},"excerpt":{"rendered":"<p>Wundersch\u00f6ne Reproduktion des Mauser-Gewehrs K98 in patiniert und gealtert f\u00fcr mehr Realismus unterzeichnet Denix.<\/p>\n<ul>\n<li>Schaft und Kolben aus Massivholz.<\/li>\n<li>Metallteile aus Zamak, patiniert und gealtert.<\/li>\n<li>Bewaffnet sich und schl\u00e4gt ein, ist aber v\u00f6llig unf\u00e4hig zu schie\u00dfen.<\/li>\n<li><strong>Unterliegt keiner Genehmigungspflicht. Verkauf und Besitz frei<\/strong><\/li>\n<li>L\u00e4nge: 110.5 cm - Gewicht: 2925 grs<\/li>\n<\/ul>","protected":false},"featured_media":84749,"template":"","meta":[],"product_brand":[896],"product_cat":[54,40,28,76],"product_tag":[],"class_list":{"0":"post-78735","1":"product","2":"type-product","3":"status-publish","4":"has-post-thumbnail","6":"product_brand-replique-manga-cine","7":"product_cat-armes-accessoires-guerre-mondiale","8":"product_cat-pistolet-moderne","9":"product_cat-repliques-darmes","10":"product_cat-reproductions-armes-seconde-guerre-mondiale-denix","12":"first","13":"instock","14":"sale","15":"taxable","16":"shipping-taxable","17":"purchasable","18":"product-type-simple"},"yoast_head":"<!-- This site is optimized with the Yoast SEO plugin v27.5 - https:\/\/yoast.com\/product\/yoast-seo-wordpress\/ -->\n<title>Carabine Mauser K98 Vieilli - R\u00e9plique Manga Cin\u00e9<\/title>\n<meta name=\"description\" content=\"Superbe reproduction de la Carabine Mauser K98 Vieilli de Denix. En m\u00e9tal et bois. M\u00e9canisme fonctionnel. Patin\u00e9e et vieillie pour plus de r\u00e9alisme.\" \/>\n<meta name=\"robots\" content=\"index, follow, max-snippet:-1, max-image-preview:large, max-video-preview:-1\" \/>\n<link rel=\"canonical\" href=\"https:\/\/repliquemangacine.fr\/de\/waffenreproduktionen-zweiter-weltkrieg-denix\/mauser-gewehr-k98-gealtert\/\" \/>\n<meta property=\"og:locale\" content=\"de_DE\" \/>\n<meta property=\"og:type\" content=\"article\" \/>\n<meta property=\"og:title\" content=\"Carabine Mauser K98 Vieilli - R\u00e9plique Manga Cin\u00e9\" \/>\n<meta property=\"og:description\" content=\"Superbe reproduction de la Carabine Mauser K98 Vieilli de Denix. En m\u00e9tal et bois. M\u00e9canisme fonctionnel. Patin\u00e9e et vieillie pour plus de r\u00e9alisme.\" \/>\n<meta property=\"og:url\" content=\"https:\/\/repliquemangacine.fr\/de\/waffenreproduktionen-zweiter-weltkrieg-denix\/mauser-gewehr-k98-gealtert\/\" \/>\n<meta property=\"og:site_name\" content=\"R\u00e9plique Manga Cin\u00e9\" \/>\n<meta property=\"article:publisher\" content=\"https:\/\/www.facebook.com\/RepliqueMangaCine\" \/>\n<meta property=\"article:modified_time\" content=\"2026-01-11T14:34:52+00:00\" \/>\n<meta property=\"og:image\" content=\"https:\/\/repliquemangacine.fr\/wp-content\/uploads\/2024\/11\/Carabine-Mauser-K98-vieilli-1.jpg\" \/>\n\t<meta property=\"og:image:width\" content=\"800\" \/>\n\t<meta property=\"og:image:height\" content=\"800\" \/>\n\t<meta property=\"og:image:type\" content=\"image\/jpeg\" \/>\n<meta name=\"twitter:card\" content=\"summary_large_image\" \/>\n<meta name=\"twitter:label1\" content=\"Gesch\u00e4tzte Lesezeit\" \/>\n\t<meta name=\"twitter:data1\" content=\"3\u00a0Minuten\" \/>\n<script type=\"application\/ld+json\" class=\"yoast-schema-graph\">{\"@context\":\"https:\\\/\\\/schema.org\",\"@graph\":[{\"@type\":\"WebPage\",\"@id\":\"https:\\\/\\\/repliquemangacine.fr\\\/reproductions-armes-seconde-guerre-mondiale-denix\\\/carabine-mauser-k98-vieilli\\\/\",\"url\":\"https:\\\/\\\/repliquemangacine.fr\\\/reproductions-armes-seconde-guerre-mondiale-denix\\\/carabine-mauser-k98-vieilli\\\/\",\"name\":\"Carabine Mauser K98 Vieilli - R\u00e9plique Manga Cin\u00e9\",\"isPartOf\":{\"@id\":\"https:\\\/\\\/repliquemangacine.fr\\\/#website\"},\"primaryImageOfPage\":{\"@id\":\"https:\\\/\\\/repliquemangacine.fr\\\/reproductions-armes-seconde-guerre-mondiale-denix\\\/carabine-mauser-k98-vieilli\\\/#primaryimage\"},\"image\":{\"@id\":\"https:\\\/\\\/repliquemangacine.fr\\\/reproductions-armes-seconde-guerre-mondiale-denix\\\/carabine-mauser-k98-vieilli\\\/#primaryimage\"},\"thumbnailUrl\":\"https:\\\/\\\/repliquemangacine.fr\\\/wp-content\\\/uploads\\\/2024\\\/11\\\/Carabine-Mauser-K98-vieilli-1.jpg\",\"datePublished\":\"2024-11-30T20:35:41+00:00\",\"dateModified\":\"2026-01-11T14:34:52+00:00\",\"description\":\"Superbe reproduction de la Carabine Mauser K98 Vieilli de Denix. En m\u00e9tal et bois. M\u00e9canisme fonctionnel. Patin\u00e9e et vieillie pour plus de r\u00e9alisme.\",\"breadcrumb\":{\"@id\":\"https:\\\/\\\/repliquemangacine.fr\\\/reproductions-armes-seconde-guerre-mondiale-denix\\\/carabine-mauser-k98-vieilli\\\/#breadcrumb\"},\"inLanguage\":\"de\",\"potentialAction\":[{\"@type\":\"ReadAction\",\"target\":[\"https:\\\/\\\/repliquemangacine.fr\\\/reproductions-armes-seconde-guerre-mondiale-denix\\\/carabine-mauser-k98-vieilli\\\/\"]}]},{\"@type\":\"ImageObject\",\"inLanguage\":\"de\",\"@id\":\"https:\\\/\\\/repliquemangacine.fr\\\/reproductions-armes-seconde-guerre-mondiale-denix\\\/carabine-mauser-k98-vieilli\\\/#primaryimage\",\"url\":\"https:\\\/\\\/repliquemangacine.fr\\\/wp-content\\\/uploads\\\/2024\\\/11\\\/Carabine-Mauser-K98-vieilli-1.jpg\",\"contentUrl\":\"https:\\\/\\\/repliquemangacine.fr\\\/wp-content\\\/uploads\\\/2024\\\/11\\\/Carabine-Mauser-K98-vieilli-1.jpg\",\"width\":800,\"height\":800,\"caption\":\"Carabine Mauser K98 vieilli\"},{\"@type\":\"BreadcrumbList\",\"@id\":\"https:\\\/\\\/repliquemangacine.fr\\\/reproductions-armes-seconde-guerre-mondiale-denix\\\/carabine-mauser-k98-vieilli\\\/#breadcrumb\",\"itemListElement\":[{\"@type\":\"ListItem\",\"position\":1,\"name\":\"Accueil\",\"item\":\"https:\\\/\\\/repliquemangacine.fr\\\/\"},{\"@type\":\"ListItem\",\"position\":2,\"name\":\"Produits\",\"item\":\"https:\\\/\\\/repliquemangacine.fr\\\/boutique\\\/\"},{\"@type\":\"ListItem\",\"position\":3,\"name\":\"Carabine Mauser K98 Vieilli\"}]},{\"@type\":\"WebSite\",\"@id\":\"https:\\\/\\\/repliquemangacine.fr\\\/#website\",\"url\":\"https:\\\/\\\/repliquemangacine.fr\\\/\",\"name\":\"R\u00e9plique Manga Cin\u00e9\",\"description\":\"\",\"publisher\":{\"@id\":\"https:\\\/\\\/repliquemangacine.fr\\\/#organization\"},\"potentialAction\":[{\"@type\":\"SearchAction\",\"target\":{\"@type\":\"EntryPoint\",\"urlTemplate\":\"https:\\\/\\\/repliquemangacine.fr\\\/?s={search_term_string}\"},\"query-input\":{\"@type\":\"PropertyValueSpecification\",\"valueRequired\":true,\"valueName\":\"search_term_string\"}}],\"inLanguage\":\"de\"},{\"@type\":\"Organization\",\"@id\":\"https:\\\/\\\/repliquemangacine.fr\\\/#organization\",\"name\":\"R\u00e9plique Manga Cin\u00e9\",\"url\":\"https:\\\/\\\/repliquemangacine.fr\\\/\",\"logo\":{\"@type\":\"ImageObject\",\"inLanguage\":\"de\",\"@id\":\"https:\\\/\\\/repliquemangacine.fr\\\/#\\\/schema\\\/logo\\\/image\\\/\",\"url\":\"https:\\\/\\\/repliquemangacine.fr\\\/wp-content\\\/uploads\\\/2023\\\/10\\\/RMC-500250.png\",\"contentUrl\":\"https:\\\/\\\/repliquemangacine.fr\\\/wp-content\\\/uploads\\\/2023\\\/10\\\/RMC-500250.png\",\"width\":500,\"height\":250,\"caption\":\"R\u00e9plique Manga Cin\u00e9\"},\"image\":{\"@id\":\"https:\\\/\\\/repliquemangacine.fr\\\/#\\\/schema\\\/logo\\\/image\\\/\"},\"sameAs\":[\"https:\\\/\\\/www.facebook.com\\\/RepliqueMangaCine\",\"https:\\\/\\\/www.instagram.com\\\/repliquemangacine.fr\\\/\"]}]}<\/script>\n<!-- \/ Yoast SEO plugin. -->","yoast_head_json":{"title":"Mauser-Gewehr K98 Gealtert - R\u00e9plique Manga Cin\u00e9","description":"Wundersch\u00f6ne Reproduktion des Mauser-Gewehrs K98 Vieilli\u00e9 de Denix. Aus Metall und Holz. Funktionst\u00fcchtiger Mechanismus. Patiniert und gealtert f\u00fcr mehr Realismus.","robots":{"index":"index","follow":"follow","max-snippet":"max-snippet:-1","max-image-preview":"max-image-preview:large","max-video-preview":"max-video-preview:-1"},"canonical":"https:\/\/repliquemangacine.fr\/de\/waffenreproduktionen-zweiter-weltkrieg-denix\/mauser-gewehr-k98-gealtert\/","og_locale":"de_DE","og_type":"article","og_title":"Carabine Mauser K98 Vieilli - R\u00e9plique Manga Cin\u00e9","og_description":"Superbe reproduction de la Carabine Mauser K98 Vieilli de Denix. En m\u00e9tal et bois. M\u00e9canisme fonctionnel. Patin\u00e9e et vieillie pour plus de r\u00e9alisme.","og_url":"https:\/\/repliquemangacine.fr\/de\/waffenreproduktionen-zweiter-weltkrieg-denix\/mauser-gewehr-k98-gealtert\/","og_site_name":"R\u00e9plique Manga Cin\u00e9","article_publisher":"https:\/\/www.facebook.com\/RepliqueMangaCine","article_modified_time":"2026-01-11T14:34:52+00:00","og_image":[{"width":800,"height":800,"url":"https:\/\/repliquemangacine.fr\/wp-content\/uploads\/2024\/11\/Carabine-Mauser-K98-vieilli-1.jpg","type":"image\/jpeg"}],"twitter_card":"summary_large_image","twitter_misc":{"Gesch\u00e4tzte Lesezeit":"3\u00a0Minuten"},"schema":{"@context":"https:\/\/schema.org","@graph":[{"@type":"WebPage","@id":"https:\/\/repliquemangacine.fr\/reproductions-armes-seconde-guerre-mondiale-denix\/carabine-mauser-k98-vieilli\/","url":"https:\/\/repliquemangacine.fr\/reproductions-armes-seconde-guerre-mondiale-denix\/carabine-mauser-k98-vieilli\/","name":"Mauser-Gewehr K98 Gealtert - R\u00e9plique Manga Cin\u00e9","isPartOf":{"@id":"https:\/\/repliquemangacine.fr\/#website"},"primaryImageOfPage":{"@id":"https:\/\/repliquemangacine.fr\/reproductions-armes-seconde-guerre-mondiale-denix\/carabine-mauser-k98-vieilli\/#primaryimage"},"image":{"@id":"https:\/\/repliquemangacine.fr\/reproductions-armes-seconde-guerre-mondiale-denix\/carabine-mauser-k98-vieilli\/#primaryimage"},"thumbnailUrl":"https:\/\/repliquemangacine.fr\/wp-content\/uploads\/2024\/11\/Carabine-Mauser-K98-vieilli-1.jpg","datePublished":"2024-11-30T20:35:41+00:00","dateModified":"2026-01-11T14:34:52+00:00","description":"Wundersch\u00f6ne Reproduktion des Mauser-Gewehrs K98 Vieilli\u00e9 de Denix. Aus Metall und Holz. Funktionst\u00fcchtiger Mechanismus. Patiniert und gealtert f\u00fcr mehr Realismus.","breadcrumb":{"@id":"https:\/\/repliquemangacine.fr\/reproductions-armes-seconde-guerre-mondiale-denix\/carabine-mauser-k98-vieilli\/#breadcrumb"},"inLanguage":"de","potentialAction":[{"@type":"ReadAction","target":["https:\/\/repliquemangacine.fr\/reproductions-armes-seconde-guerre-mondiale-denix\/carabine-mauser-k98-vieilli\/"]}]},{"@type":"ImageObject","inLanguage":"de","@id":"https:\/\/repliquemangacine.fr\/reproductions-armes-seconde-guerre-mondiale-denix\/carabine-mauser-k98-vieilli\/#primaryimage","url":"https:\/\/repliquemangacine.fr\/wp-content\/uploads\/2024\/11\/Carabine-Mauser-K98-vieilli-1.jpg","contentUrl":"https:\/\/repliquemangacine.fr\/wp-content\/uploads\/2024\/11\/Carabine-Mauser-K98-vieilli-1.jpg","width":800,"height":800,"caption":"Carabine Mauser K98 vieilli"},{"@type":"BreadcrumbList","@id":"https:\/\/repliquemangacine.fr\/reproductions-armes-seconde-guerre-mondiale-denix\/carabine-mauser-k98-vieilli\/#breadcrumb","itemListElement":[{"@type":"ListItem","position":1,"name":"Accueil","item":"https:\/\/repliquemangacine.fr\/"},{"@type":"ListItem","position":2,"name":"Produits","item":"https:\/\/repliquemangacine.fr\/boutique\/"},{"@type":"ListItem","position":3,"name":"Carabine Mauser K98 Vieilli"}]},{"@type":"WebSite","@id":"https:\/\/repliquemangacine.fr\/#website","url":"https:\/\/repliquemangacine.fr\/","name":"R\u00e9plique Manga Cin\u00e9","description":"","publisher":{"@id":"https:\/\/repliquemangacine.fr\/#organization"},"potentialAction":[{"@type":"SearchAction","target":{"@type":"EntryPoint","urlTemplate":"https:\/\/repliquemangacine.fr\/?s={search_term_string}"},"query-input":{"@type":"PropertyValueSpecification","valueRequired":true,"valueName":"search_term_string"}}],"inLanguage":"de"},{"@type":"Organization","@id":"https:\/\/repliquemangacine.fr\/#organization","name":"R\u00e9plique Manga Cin\u00e9","url":"https:\/\/repliquemangacine.fr\/","logo":{"@type":"ImageObject","inLanguage":"de","@id":"https:\/\/repliquemangacine.fr\/#\/schema\/logo\/image\/","url":"https:\/\/repliquemangacine.fr\/wp-content\/uploads\/2023\/10\/RMC-500250.png","contentUrl":"https:\/\/repliquemangacine.fr\/wp-content\/uploads\/2023\/10\/RMC-500250.png","width":500,"height":250,"caption":"R\u00e9plique Manga Cin\u00e9"},"image":{"@id":"https:\/\/repliquemangacine.fr\/#\/schema\/logo\/image\/"},"sameAs":["https:\/\/www.facebook.com\/RepliqueMangaCine","https:\/\/www.instagram.com\/repliquemangacine.fr\/"]}]}},"_links":{"self":[{"href":"https:\/\/repliquemangacine.fr\/de\/wp-json\/wp\/v2\/product\/78735","targetHints":{"allow":["GET"]}}],"collection":[{"href":"https:\/\/repliquemangacine.fr\/de\/wp-json\/wp\/v2\/product"}],"about":[{"href":"https:\/\/repliquemangacine.fr\/de\/wp-json\/wp\/v2\/types\/product"}],"wp:featuredmedia":[{"embeddable":true,"href":"https:\/\/repliquemangacine.fr\/de\/wp-json\/wp\/v2\/media\/84749"}],"wp:attachment":[{"href":"https:\/\/repliquemangacine.fr\/de\/wp-json\/wp\/v2\/media?parent=78735"}],"wp:term":[{"taxonomy":"product_brand","embeddable":true,"href":"https:\/\/repliquemangacine.fr\/de\/wp-json\/wp\/v2\/product_brand?post=78735"},{"taxonomy":"product_cat","embeddable":true,"href":"https:\/\/repliquemangacine.fr\/de\/wp-json\/wp\/v2\/product_cat?post=78735"},{"taxonomy":"product_tag","embeddable":true,"href":"https:\/\/repliquemangacine.fr\/de\/wp-json\/wp\/v2\/product_tag?post=78735"}],"curies":[{"name":"wp","href":"https:\/\/api.w.org\/{rel}","templated":true}]}}