





{"id":78716,"date":"2024-11-30T19:44:33","date_gmt":"2024-11-30T18:44:33","guid":{"rendered":"https:\/\/repliquemangacine.fr\/?post_type=product&#038;p=78716"},"modified":"2026-02-01T20:42:23","modified_gmt":"2026-02-01T19:42:23","slug":"master-sword-zelda-tears-of-the-kingdom","status":"publish","type":"product","link":"https:\/\/repliquemangacine.fr\/de\/epee-zelda\/master-sword-zelda-tears-of-the-kingdom\/","title":{"rendered":"Master sword - Zelda -Tears of the kingdom"},"content":{"rendered":"<h2>Master Sword: Das legend\u00e4re Schwert in Zelda<\/h2>\n<p>Zun\u00e4chst einmal ist das Master Sword mit seiner blauen Klinge im Videospiel Zelda \u2013 Tears of the Kingdom erh\u00e4ltlich. Tauchen Sie mit dieser au\u00dfergew\u00f6hnlichen Replik in die Welt von Zelda ein. Diese majest\u00e4tische blaue Klinge ist dem Original treu geblieben und verk\u00f6rpert die Kraft und Reinheit des legend\u00e4ren Helden Link. Mit viel Liebe zum Detail gestaltet, spiegelt sie sowohl Eleganz als auch Robustheit wider. Eine Hommage an eine der bekanntesten Waffen der Saga. Ihr einzigartiges Design, das heilige Symbole und sorgf\u00e4ltige Verarbeitungen vereint, macht sie zu einem Muss f\u00fcr jeden Zelda-Fan.<\/p>\n<p>Au\u00dferdem ist sie nicht nur sch\u00f6n, sondern erz\u00e4hlt auch eine Geschichte. Die Farbe ihrer Klinge ist blau, lebhaft und leuchtend. Sie symbolisiert die Verst\u00e4rkung des Schadens, der den M\u00e4chten des B\u00f6sen zugef\u00fcgt wird. Damit steht sie f\u00fcr die Entwicklung und den Aufstieg von <a href=\"https:\/\/zelda.fandom.com\/fr\/wiki\/Link\" target=\"_blank\" rel=\"noopener noreferrer\">Link<\/a> in seinem Kampf um die Rettung von Hyrule. Diese Replik wird Sammler und Liebhaber von Prestigeobjekten, die mit den gro\u00dfen Videospiel-Legenden verbunden sind, begeistern.<\/p>\n<h2>Vervollst\u00e4ndigen Sie Ihre Zelda-Sammlung mit legend\u00e4ren Produkten<\/h2>\n<p>Tauchen Sie mit unserer exklusiven Auswahl an Produkten, die von der Saga inspiriert sind, noch tiefer in die Welt von The Legend of Zelda ein. Als Erg\u00e4nzung zum Master Sword entdecken Sie das majest\u00e4tische <a href=\"https:\/\/repliquemangacine.fr\/de\/zelda-schwert\/hylianischer-schild-zelda\/\">Hylianischer Schild<\/a>, erh\u00e4ltlich in Harz oder Metall. Als wahres Symbol des Schutzes ziert dieses Schild das ber\u00fchmte Emblem der Triforce und das Wappen von Hyrule \u2013 perfekt f\u00fcr Fans, die Authentizit\u00e4t und h\u00f6chste Qualit\u00e4t suchen.<\/p>\n<p>F\u00fcr Liebhaber einzigartiger St\u00fccke ist die\u2019<a href=\"https:\/\/repliquemangacine.fr\/de\/neuheiten\/legendares-schwert-korrodiert\/\">Korrodiertes Schwert der Legende<\/a> bietet eine faszinierende Interpretation der ikonischen Waffe, die die Geheimnisse der Zeit und vergangener Schlachten heraufbeschw\u00f6rt. F\u00fcgen Sie au\u00dferdem einen Hauch von Eleganz mit der <a href=\"https:\/\/repliquemangacine.fr\/de\/zelda-schwert\/master-sword-zelda-dolch\/\">Master Sword Dolch<\/a>, eine kompakte und raffinierte Version des legend\u00e4ren Schwertes, ideal f\u00fcr Sammler, die auf der Suche nach einem originellen und detailreichen Objekt sind.<\/p>\n<p>Diese Repliken, die das Wesen des Zelda-Universums einfangen sollen, sind ein Muss f\u00fcr jeden Fan.<\/p>\n<h2>Wie pflegt man die Klinge seines Master Swords?<\/h2>\n<p>Sammel- und Dekorationsschwerter werden auf vereinfachte Weise hergestellt und zusammengesetzt. Da sie zu Dekorationszwecken dienen, verf\u00fcgen sie nicht \u00fcber die Sicherheitsmerkmale, die f\u00fcr ein japanisches Schwert zum Training erforderlich sind. Ihr Master Sword Zelda-Schwert hat jedoch eine Stahlklinge, die gepflegt werden muss, damit sie mit der Zeit nicht besch\u00e4digt wird. Denn Sie werden Ihr Katana ausstellen, und Ihre Freunde werden neugierig sein, die Klinge zu sehen und anzufassen.<\/p>\n<p>Hier ist Vorsicht geboten, denn man muss wissen, dass der S\u00e4uregehalt der Finger f\u00fcr Stahl jeder Qualit\u00e4t sehr sch\u00e4dlich ist. Wenn dies jedoch passiert, keine Panik. Sie brauchen nur ein mit etwas \u00d6l befeuchtetes Tuch und wischen die Fingerabdr\u00fccke ab. Auf diese Weise bleibt Ihr Schwert sehr lange erhalten.<\/p>","protected":false},"excerpt":{"rendered":"<p>Das pr\u00e4chtige Master Sword ist im Videospiel Zelda - Tears of the kingdom erh\u00e4ltlich.<\/p>\n<ul>\n<li>Klinge aus 440 stainless steel in blauer Farbe<\/li>\n<li>Triforce an der Spitze der Klinge<\/li>\n<li>Speziell geformter Vollstahlschutz<\/li>\n<li>Griff ebenfalls aus Metall mit gr\u00fcnem Baumwollband, damit er gut in der Hand liegt.<\/li>\n<li>Holzscheide mit blauem Kunstleder \u00fcberzogen und verziert<\/li>\n<li>Vergoldete Garnitur an den Enden der Scheide<\/li>\n<li>L\u00e4nge der Klinge: 68 cm - Gesamtl\u00e4nge: 109 cm<\/li>\n<li>Gewicht: 1850 grs mit Scheide<\/li>\n<\/ul>","protected":false},"featured_media":78720,"template":"","meta":[],"product_brand":[896],"product_cat":[56],"product_tag":[],"class_list":{"0":"post-78716","1":"product","2":"type-product","3":"status-publish","4":"has-post-thumbnail","6":"product_brand-replique-manga-cine","7":"product_cat-epee-zelda","9":"first","10":"instock","11":"taxable","12":"shipping-taxable","13":"purchasable","14":"product-type-simple"},"yoast_head":"<!-- This site is optimized with the Yoast SEO plugin v27.5 - https:\/\/yoast.com\/product\/yoast-seo-wordpress\/ -->\n<title>Master sword - Zelda -Tears of the kingdom - Ep\u00e9e Zelda - RMC<\/title>\n<meta name=\"description\" content=\"Remarquable l&#039;\u00e9p\u00e9e Master Sword et sa lame Bleue dans le jeu vid\u00e9o Zelda - Tears of the kingdom. Tout en acier. Triforce sur le haut de la lame. 109 cm\" \/>\n<meta name=\"robots\" content=\"index, follow, max-snippet:-1, max-image-preview:large, max-video-preview:-1\" \/>\n<link rel=\"canonical\" href=\"https:\/\/repliquemangacine.fr\/de\/zelda-schwert\/master-sword-zelda-tears-of-the-kingdom\/\" \/>\n<meta property=\"og:locale\" content=\"de_DE\" \/>\n<meta property=\"og:type\" content=\"article\" \/>\n<meta property=\"og:title\" content=\"Master sword - Zelda -Tears of the kingdom - Ep\u00e9e Zelda - RMC\" \/>\n<meta property=\"og:description\" content=\"Remarquable l&#039;\u00e9p\u00e9e Master Sword et sa lame Bleue dans le jeu vid\u00e9o Zelda - Tears of the kingdom. Tout en acier. Triforce sur le haut de la lame. 109 cm\" \/>\n<meta property=\"og:url\" content=\"https:\/\/repliquemangacine.fr\/de\/zelda-schwert\/master-sword-zelda-tears-of-the-kingdom\/\" \/>\n<meta property=\"og:site_name\" content=\"R\u00e9plique Manga Cin\u00e9\" \/>\n<meta property=\"article:publisher\" content=\"https:\/\/www.facebook.com\/RepliqueMangaCine\" \/>\n<meta property=\"article:modified_time\" content=\"2026-02-01T19:42:23+00:00\" \/>\n<meta property=\"og:image\" content=\"https:\/\/repliquemangacine.fr\/wp-content\/uploads\/2024\/11\/Master-sword-zelda.jpg\" \/>\n\t<meta property=\"og:image:width\" content=\"500\" \/>\n\t<meta property=\"og:image:height\" content=\"500\" \/>\n\t<meta property=\"og:image:type\" content=\"image\/jpeg\" \/>\n<meta name=\"twitter:card\" content=\"summary_large_image\" \/>\n<meta name=\"twitter:label1\" content=\"Gesch\u00e4tzte Lesezeit\" \/>\n\t<meta name=\"twitter:data1\" content=\"3\u00a0Minuten\" \/>\n<script type=\"application\/ld+json\" class=\"yoast-schema-graph\">{\"@context\":\"https:\\\/\\\/schema.org\",\"@graph\":[{\"@type\":\"WebPage\",\"@id\":\"https:\\\/\\\/repliquemangacine.fr\\\/epee-zelda\\\/master-sword-zelda-tears-of-the-kingdom\\\/\",\"url\":\"https:\\\/\\\/repliquemangacine.fr\\\/epee-zelda\\\/master-sword-zelda-tears-of-the-kingdom\\\/\",\"name\":\"Master sword - Zelda -Tears of the kingdom - Ep\u00e9e Zelda - RMC\",\"isPartOf\":{\"@id\":\"https:\\\/\\\/repliquemangacine.fr\\\/#website\"},\"primaryImageOfPage\":{\"@id\":\"https:\\\/\\\/repliquemangacine.fr\\\/epee-zelda\\\/master-sword-zelda-tears-of-the-kingdom\\\/#primaryimage\"},\"image\":{\"@id\":\"https:\\\/\\\/repliquemangacine.fr\\\/epee-zelda\\\/master-sword-zelda-tears-of-the-kingdom\\\/#primaryimage\"},\"thumbnailUrl\":\"https:\\\/\\\/repliquemangacine.fr\\\/wp-content\\\/uploads\\\/2024\\\/11\\\/Master-sword-zelda.jpg\",\"datePublished\":\"2024-11-30T18:44:33+00:00\",\"dateModified\":\"2026-02-01T19:42:23+00:00\",\"description\":\"Remarquable l'\u00e9p\u00e9e Master Sword et sa lame Bleue dans le jeu vid\u00e9o Zelda - Tears of the kingdom. Tout en acier. Triforce sur le haut de la lame. 109 cm\",\"breadcrumb\":{\"@id\":\"https:\\\/\\\/repliquemangacine.fr\\\/epee-zelda\\\/master-sword-zelda-tears-of-the-kingdom\\\/#breadcrumb\"},\"inLanguage\":\"de\",\"potentialAction\":[{\"@type\":\"ReadAction\",\"target\":[\"https:\\\/\\\/repliquemangacine.fr\\\/epee-zelda\\\/master-sword-zelda-tears-of-the-kingdom\\\/\"]}]},{\"@type\":\"ImageObject\",\"inLanguage\":\"de\",\"@id\":\"https:\\\/\\\/repliquemangacine.fr\\\/epee-zelda\\\/master-sword-zelda-tears-of-the-kingdom\\\/#primaryimage\",\"url\":\"https:\\\/\\\/repliquemangacine.fr\\\/wp-content\\\/uploads\\\/2024\\\/11\\\/Master-sword-zelda.jpg\",\"contentUrl\":\"https:\\\/\\\/repliquemangacine.fr\\\/wp-content\\\/uploads\\\/2024\\\/11\\\/Master-sword-zelda.jpg\",\"width\":500,\"height\":500,\"caption\":\"Master sword zelda\"},{\"@type\":\"BreadcrumbList\",\"@id\":\"https:\\\/\\\/repliquemangacine.fr\\\/epee-zelda\\\/master-sword-zelda-tears-of-the-kingdom\\\/#breadcrumb\",\"itemListElement\":[{\"@type\":\"ListItem\",\"position\":1,\"name\":\"Accueil\",\"item\":\"https:\\\/\\\/repliquemangacine.fr\\\/\"},{\"@type\":\"ListItem\",\"position\":2,\"name\":\"Produits\",\"item\":\"https:\\\/\\\/repliquemangacine.fr\\\/boutique\\\/\"},{\"@type\":\"ListItem\",\"position\":3,\"name\":\"Master sword &#8211; Zelda -Tears of the kingdom\"}]},{\"@type\":\"WebSite\",\"@id\":\"https:\\\/\\\/repliquemangacine.fr\\\/#website\",\"url\":\"https:\\\/\\\/repliquemangacine.fr\\\/\",\"name\":\"R\u00e9plique Manga Cin\u00e9\",\"description\":\"\",\"publisher\":{\"@id\":\"https:\\\/\\\/repliquemangacine.fr\\\/#organization\"},\"potentialAction\":[{\"@type\":\"SearchAction\",\"target\":{\"@type\":\"EntryPoint\",\"urlTemplate\":\"https:\\\/\\\/repliquemangacine.fr\\\/?s={search_term_string}\"},\"query-input\":{\"@type\":\"PropertyValueSpecification\",\"valueRequired\":true,\"valueName\":\"search_term_string\"}}],\"inLanguage\":\"de\"},{\"@type\":\"Organization\",\"@id\":\"https:\\\/\\\/repliquemangacine.fr\\\/#organization\",\"name\":\"R\u00e9plique Manga Cin\u00e9\",\"url\":\"https:\\\/\\\/repliquemangacine.fr\\\/\",\"logo\":{\"@type\":\"ImageObject\",\"inLanguage\":\"de\",\"@id\":\"https:\\\/\\\/repliquemangacine.fr\\\/#\\\/schema\\\/logo\\\/image\\\/\",\"url\":\"https:\\\/\\\/repliquemangacine.fr\\\/wp-content\\\/uploads\\\/2023\\\/10\\\/RMC-500250.png\",\"contentUrl\":\"https:\\\/\\\/repliquemangacine.fr\\\/wp-content\\\/uploads\\\/2023\\\/10\\\/RMC-500250.png\",\"width\":500,\"height\":250,\"caption\":\"R\u00e9plique Manga Cin\u00e9\"},\"image\":{\"@id\":\"https:\\\/\\\/repliquemangacine.fr\\\/#\\\/schema\\\/logo\\\/image\\\/\"},\"sameAs\":[\"https:\\\/\\\/www.facebook.com\\\/RepliqueMangaCine\",\"https:\\\/\\\/www.instagram.com\\\/repliquemangacine.fr\\\/\"]}]}<\/script>\n<!-- \/ Yoast SEO plugin. -->","yoast_head_json":{"title":"Master sword - Zelda -Tears of the kingdom - Zelda-Schwert - RMC","description":"Bemerkenswert ist das Master Sword mit seiner blauen Klinge im Videospiel Zelda - Tears of the kingdom. Ganz aus Stahl gefertigt. Triforce auf der Oberseite der Klinge. 109 cm","robots":{"index":"index","follow":"follow","max-snippet":"max-snippet:-1","max-image-preview":"max-image-preview:large","max-video-preview":"max-video-preview:-1"},"canonical":"https:\/\/repliquemangacine.fr\/de\/zelda-schwert\/master-sword-zelda-tears-of-the-kingdom\/","og_locale":"de_DE","og_type":"article","og_title":"Master sword - Zelda -Tears of the kingdom - Ep\u00e9e Zelda - RMC","og_description":"Remarquable l'\u00e9p\u00e9e Master Sword et sa lame Bleue dans le jeu vid\u00e9o Zelda - Tears of the kingdom. Tout en acier. Triforce sur le haut de la lame. 109 cm","og_url":"https:\/\/repliquemangacine.fr\/de\/zelda-schwert\/master-sword-zelda-tears-of-the-kingdom\/","og_site_name":"R\u00e9plique Manga Cin\u00e9","article_publisher":"https:\/\/www.facebook.com\/RepliqueMangaCine","article_modified_time":"2026-02-01T19:42:23+00:00","og_image":[{"width":500,"height":500,"url":"https:\/\/repliquemangacine.fr\/wp-content\/uploads\/2024\/11\/Master-sword-zelda.jpg","type":"image\/jpeg"}],"twitter_card":"summary_large_image","twitter_misc":{"Gesch\u00e4tzte Lesezeit":"3\u00a0Minuten"},"schema":{"@context":"https:\/\/schema.org","@graph":[{"@type":"WebPage","@id":"https:\/\/repliquemangacine.fr\/epee-zelda\/master-sword-zelda-tears-of-the-kingdom\/","url":"https:\/\/repliquemangacine.fr\/epee-zelda\/master-sword-zelda-tears-of-the-kingdom\/","name":"Master sword - Zelda -Tears of the kingdom - Zelda-Schwert - RMC","isPartOf":{"@id":"https:\/\/repliquemangacine.fr\/#website"},"primaryImageOfPage":{"@id":"https:\/\/repliquemangacine.fr\/epee-zelda\/master-sword-zelda-tears-of-the-kingdom\/#primaryimage"},"image":{"@id":"https:\/\/repliquemangacine.fr\/epee-zelda\/master-sword-zelda-tears-of-the-kingdom\/#primaryimage"},"thumbnailUrl":"https:\/\/repliquemangacine.fr\/wp-content\/uploads\/2024\/11\/Master-sword-zelda.jpg","datePublished":"2024-11-30T18:44:33+00:00","dateModified":"2026-02-01T19:42:23+00:00","description":"Bemerkenswert ist das Master Sword mit seiner blauen Klinge im Videospiel Zelda - Tears of the kingdom. Ganz aus Stahl gefertigt. Triforce auf der Oberseite der Klinge. 109 cm","breadcrumb":{"@id":"https:\/\/repliquemangacine.fr\/epee-zelda\/master-sword-zelda-tears-of-the-kingdom\/#breadcrumb"},"inLanguage":"de","potentialAction":[{"@type":"ReadAction","target":["https:\/\/repliquemangacine.fr\/epee-zelda\/master-sword-zelda-tears-of-the-kingdom\/"]}]},{"@type":"ImageObject","inLanguage":"de","@id":"https:\/\/repliquemangacine.fr\/epee-zelda\/master-sword-zelda-tears-of-the-kingdom\/#primaryimage","url":"https:\/\/repliquemangacine.fr\/wp-content\/uploads\/2024\/11\/Master-sword-zelda.jpg","contentUrl":"https:\/\/repliquemangacine.fr\/wp-content\/uploads\/2024\/11\/Master-sword-zelda.jpg","width":500,"height":500,"caption":"Master sword zelda"},{"@type":"BreadcrumbList","@id":"https:\/\/repliquemangacine.fr\/epee-zelda\/master-sword-zelda-tears-of-the-kingdom\/#breadcrumb","itemListElement":[{"@type":"ListItem","position":1,"name":"Accueil","item":"https:\/\/repliquemangacine.fr\/"},{"@type":"ListItem","position":2,"name":"Produits","item":"https:\/\/repliquemangacine.fr\/boutique\/"},{"@type":"ListItem","position":3,"name":"Master sword &#8211; Zelda -Tears of the kingdom"}]},{"@type":"WebSite","@id":"https:\/\/repliquemangacine.fr\/#website","url":"https:\/\/repliquemangacine.fr\/","name":"R\u00e9plique Manga Cin\u00e9","description":"","publisher":{"@id":"https:\/\/repliquemangacine.fr\/#organization"},"potentialAction":[{"@type":"SearchAction","target":{"@type":"EntryPoint","urlTemplate":"https:\/\/repliquemangacine.fr\/?s={search_term_string}"},"query-input":{"@type":"PropertyValueSpecification","valueRequired":true,"valueName":"search_term_string"}}],"inLanguage":"de"},{"@type":"Organization","@id":"https:\/\/repliquemangacine.fr\/#organization","name":"R\u00e9plique Manga Cin\u00e9","url":"https:\/\/repliquemangacine.fr\/","logo":{"@type":"ImageObject","inLanguage":"de","@id":"https:\/\/repliquemangacine.fr\/#\/schema\/logo\/image\/","url":"https:\/\/repliquemangacine.fr\/wp-content\/uploads\/2023\/10\/RMC-500250.png","contentUrl":"https:\/\/repliquemangacine.fr\/wp-content\/uploads\/2023\/10\/RMC-500250.png","width":500,"height":250,"caption":"R\u00e9plique Manga Cin\u00e9"},"image":{"@id":"https:\/\/repliquemangacine.fr\/#\/schema\/logo\/image\/"},"sameAs":["https:\/\/www.facebook.com\/RepliqueMangaCine","https:\/\/www.instagram.com\/repliquemangacine.fr\/"]}]}},"_links":{"self":[{"href":"https:\/\/repliquemangacine.fr\/de\/wp-json\/wp\/v2\/product\/78716","targetHints":{"allow":["GET"]}}],"collection":[{"href":"https:\/\/repliquemangacine.fr\/de\/wp-json\/wp\/v2\/product"}],"about":[{"href":"https:\/\/repliquemangacine.fr\/de\/wp-json\/wp\/v2\/types\/product"}],"wp:featuredmedia":[{"embeddable":true,"href":"https:\/\/repliquemangacine.fr\/de\/wp-json\/wp\/v2\/media\/78720"}],"wp:attachment":[{"href":"https:\/\/repliquemangacine.fr\/de\/wp-json\/wp\/v2\/media?parent=78716"}],"wp:term":[{"taxonomy":"product_brand","embeddable":true,"href":"https:\/\/repliquemangacine.fr\/de\/wp-json\/wp\/v2\/product_brand?post=78716"},{"taxonomy":"product_cat","embeddable":true,"href":"https:\/\/repliquemangacine.fr\/de\/wp-json\/wp\/v2\/product_cat?post=78716"},{"taxonomy":"product_tag","embeddable":true,"href":"https:\/\/repliquemangacine.fr\/de\/wp-json\/wp\/v2\/product_tag?post=78716"}],"curies":[{"name":"wp","href":"https:\/\/api.w.org\/{rel}","templated":true}]}}