





{"id":78645,"date":"2024-11-30T17:47:20","date_gmt":"2024-11-30T16:47:20","guid":{"rendered":"https:\/\/repliquemangacine.fr\/?post_type=product&#038;p=78645"},"modified":"2026-04-28T22:15:08","modified_gmt":"2026-04-28T20:15:08","slug":"maximus-schwert-in-gladiator","status":"publish","type":"product","link":"https:\/\/repliquemangacine.fr\/de\/epees-glaives-antique\/glaive-de-maximus-dans-gladiator\/","title":{"rendered":"Gladiator Maximus Gladiator 2"},"content":{"rendered":"<h2>Maximus' Gladius: Eine Hommage an den Helden aus Gladiator<\/h2>\n<p>Zun\u00e4chst einmal die Gladiator-Gladius von Maximus in Gladiator, eine originalgetreue Nachbildung f\u00fcr Geschichts- und Filmfans.<\/p>\n<p>Tauchen Sie ein in die epische Welt von <a href=\"https:\/\/fr.wikipedia.org\/wiki\/Gladiator_2\" target=\"_blank\" rel=\"noopener noreferrer\">Gladiator<\/a> mit dieser Nachbildung des Schwertes von Maximus, dem ikonischen Helden der r\u00f6mischen Arena. Jedes Detail dieser Waffe wurde sorgf\u00e4ltig entworfen, um die historische Authentizit\u00e4t und die Dramatik des Films widerzuspiegeln. Die Klinge aus hochwertigem, rostfreiem Stahl verf\u00fcgt \u00fcber ein poliertes Finish, das an die Waffen der r\u00f6mischen Legionen erinnert. Mit seinem Griff aus antikem Metall verk\u00f6rpert dieses Schwert die Macht und den Adel des Generals, der zum Gladiator wurde.<\/p>\n<p>Dieses Schwert ist mehr als nur eine Waffe, es ist ein echtes Symbol f\u00fcr Entschlossenheit und Mut im Angesicht von Widrigkeiten. Sein Design ist direkt von den R\u00f6mern inspiriert, die Wache und eine perfekte Balance machen es zu einem ebenso funktionalen wie \u00e4sthetischen St\u00fcck.  Ideal f\u00fcr Liebhaber von historischen Rekonstruktionen, Sammler oder Fans von Gladiator. Diese Replik steht ganz im Geiste des Helden, der einem Imperium trotzte.<\/p>\n<h2>Entdecken Sie weitere Sch\u00e4tze aus der Antike in unserer Sammlung<\/h2>\n<p>Erkunden Sie zus\u00e4tzlich zum Maximus-Gladius unsere einzigartige Auswahl an Objekten, die von der antiken Epoche inspiriert sind.<\/p>\n<ul>\n<li>Tauchen Sie zu Beginn in die Geschichte ein mit dem <a href=\"https:\/\/repliquemangacine.fr\/de\/katana-die-schwerter-aus-filmen-und-serien\/maximus-gladiator-helm-helm-mit-spitzen\/\">Maximus-Helm<\/a>Die Gladiatoren in der Arena trugen ihre Kleidung in einer getreuen Reproduktion der von den Gladiatoren getragenen Modelle.<\/li>\n<li>F\u00fcr alle, die sich f\u00fcr Strategie und Macht begeistern, ist das <a href=\"https:\/\/repliquemangacine.fr\/de\/antike-schwerter\/romisches-gladius-schwert-julius-cesar-rot\/\">Schwert von Julius C\u00e4sar<\/a> ist eine au\u00dfergew\u00f6hnliche M\u00fcnze. Symbolisiert die Gr\u00f6\u00dfe Roms und das milit\u00e4rische Genie seines ber\u00fchmten Kaisers.<\/li>\n<li>Schlie\u00dflich ist unser Angebot an<a href=\"https:\/\/repliquemangacine.fr\/de\/antike-schwerter\/gladius-schwert-der-romischen-legionare\/\"> Schwerter der r\u00f6mischen Legion\u00e4re<\/a> entf\u00fchrt Sie mit seinen authentischen Modellen in das Herz historischer Schlachten. Gepr\u00e4gt von ihrer funktionalen Einfachheit und ihrer furchterregenden Effizienz.<\/li>\n<li>Ob Sie nun ein Sammler sind, sich f\u00fcr Geschichte interessieren oder einfach nur von der Antike fasziniert sind, diese einzigartigen St\u00fccke werden Ihre Sammlung bereichern und das Wesen einer legend\u00e4ren Epoche einfangen.<\/li>\n<\/ul>\n<h2>Wie pflegt man die Klinge seiner Glaive of Maximus?<\/h2>\n<p>Sammlungs- und Dekorationsschwerter werden in vereinfachter Form hergestellt und zusammengebaut. Da sie zu Dekorationszwecken verwendet werden, verf\u00fcgen sie nicht \u00fcber die Sicherheitsmerkmale, die ein japanisches Schwert f\u00fcr das Training aufweisen muss. Ihr Maximus-Gladius hat jedoch eine Stahlklinge, die gepflegt werden muss, damit sie nicht mit der Zeit abgenutzt wird. Wenn Sie Ihr Schwert ausstellen, werden Ihre Freunde neugierig sein, die Klinge zu sehen und sie zu ber\u00fchren. Hier ist Vorsicht geboten, denn Sie m\u00fcssen wissen, dass die S\u00e4ure der Finger dem Stahl unabh\u00e4ngig von seiner Qualit\u00e4t sehr schadet. Sollte dies dennoch passieren, keine Panik, Sie brauchen nur ein Tuch, das mit etwas \u00d6l befeuchtet ist (<a href=\"https:\/\/repliquemangacine.fr\/de\/historische-waffen\/universalol-ballistol\/\">Ballistol<\/a>) und wischen Sie Fingerabdr\u00fccke ab. Wenn Sie dies tun, wird Ihr Schwert sehr lange erhalten bleiben.<\/p>","protected":false},"excerpt":{"rendered":"<p>Wundersch\u00f6ne Gladius-Gladius von Maximus, inspiriert vom Film \"Gladiator\".<\/p>\n<ul>\n<li>Vorgeschliffene Klinge aus zweischneidigem Stahl<\/li>\n<li>Garde und Knauf aus Vollstahl<\/li>\n<li>Holzscheide mit schwarzem Echtleder \u00fcberzogen<\/li>\n<li>Vier Ringe an der Scheide zum Tragen.<\/li>\n<li>L\u00e4nge der Klinge: 51.5 cm - Gesamtl\u00e4nge: 76 cm<\/li>\n<\/ul>","protected":false},"featured_media":78653,"template":"","meta":[],"product_brand":[896],"product_cat":[31,25,91,73],"product_tag":[],"class_list":{"0":"post-78645","1":"product","2":"type-product","3":"status-publish","4":"has-post-thumbnail","6":"product_brand-replique-manga-cine","7":"product_cat-armes-antiques","8":"product_cat-armes-historiques","9":"product_cat-katana-les-epees-de-films-et-series","10":"product_cat-epees-glaives-antique","12":"first","13":"instock","14":"taxable","15":"shipping-taxable","16":"purchasable","17":"product-type-simple"},"yoast_head":"<!-- This site is optimized with the Yoast SEO plugin v27.5 - https:\/\/yoast.com\/product\/yoast-seo-wordpress\/ -->\n<title>Glaive de Maximus Gladiator 2 - R\u00e9plique Manga Cin\u00e9<\/title>\n<meta name=\"description\" content=\"Superbe Glaive de Maximus inspir\u00e9 du film Gladiator. Lame en acier double tranchant pr\u00e9 affut\u00e9. Fourreau en cuir. Garde et pommeau en acier plein.\" \/>\n<meta name=\"robots\" content=\"index, follow, max-snippet:-1, max-image-preview:large, max-video-preview:-1\" \/>\n<link rel=\"canonical\" href=\"https:\/\/repliquemangacine.fr\/de\/antike-schwerter\/maximus-schwert-in-gladiator\/\" \/>\n<meta property=\"og:locale\" content=\"de_DE\" \/>\n<meta property=\"og:type\" content=\"article\" \/>\n<meta property=\"og:title\" content=\"Glaive de Maximus Gladiator 2 - R\u00e9plique Manga Cin\u00e9\" \/>\n<meta property=\"og:description\" content=\"Superbe Glaive de Maximus inspir\u00e9 du film Gladiator. Lame en acier double tranchant pr\u00e9 affut\u00e9. Fourreau en cuir. Garde et pommeau en acier plein.\" \/>\n<meta property=\"og:url\" content=\"https:\/\/repliquemangacine.fr\/de\/antike-schwerter\/maximus-schwert-in-gladiator\/\" \/>\n<meta property=\"og:site_name\" content=\"R\u00e9plique Manga Cin\u00e9\" \/>\n<meta property=\"article:publisher\" content=\"https:\/\/www.facebook.com\/RepliqueMangaCine\" \/>\n<meta property=\"article:modified_time\" content=\"2026-04-28T20:15:08+00:00\" \/>\n<meta property=\"og:image\" content=\"https:\/\/repliquemangacine.fr\/wp-content\/uploads\/2024\/11\/Glaive-Gladiateur-Romain.jpg\" \/>\n\t<meta property=\"og:image:width\" content=\"500\" \/>\n\t<meta property=\"og:image:height\" content=\"500\" \/>\n\t<meta property=\"og:image:type\" content=\"image\/jpeg\" \/>\n<meta name=\"twitter:card\" content=\"summary_large_image\" \/>\n<meta name=\"twitter:label1\" content=\"Gesch\u00e4tzte Lesezeit\" \/>\n\t<meta name=\"twitter:data1\" content=\"3\u00a0Minuten\" \/>\n<script type=\"application\/ld+json\" class=\"yoast-schema-graph\">{\"@context\":\"https:\\\/\\\/schema.org\",\"@graph\":[{\"@type\":\"WebPage\",\"@id\":\"https:\\\/\\\/repliquemangacine.fr\\\/epees-glaives-antique\\\/glaive-de-maximus-dans-gladiator\\\/\",\"url\":\"https:\\\/\\\/repliquemangacine.fr\\\/epees-glaives-antique\\\/glaive-de-maximus-dans-gladiator\\\/\",\"name\":\"Glaive de Maximus Gladiator 2 - R\u00e9plique Manga Cin\u00e9\",\"isPartOf\":{\"@id\":\"https:\\\/\\\/repliquemangacine.fr\\\/#website\"},\"primaryImageOfPage\":{\"@id\":\"https:\\\/\\\/repliquemangacine.fr\\\/epees-glaives-antique\\\/glaive-de-maximus-dans-gladiator\\\/#primaryimage\"},\"image\":{\"@id\":\"https:\\\/\\\/repliquemangacine.fr\\\/epees-glaives-antique\\\/glaive-de-maximus-dans-gladiator\\\/#primaryimage\"},\"thumbnailUrl\":\"https:\\\/\\\/repliquemangacine.fr\\\/wp-content\\\/uploads\\\/2024\\\/11\\\/Glaive-Gladiateur-Romain.jpg\",\"datePublished\":\"2024-11-30T16:47:20+00:00\",\"dateModified\":\"2026-04-28T20:15:08+00:00\",\"description\":\"Superbe Glaive de Maximus inspir\u00e9 du film Gladiator. Lame en acier double tranchant pr\u00e9 affut\u00e9. Fourreau en cuir. Garde et pommeau en acier plein.\",\"breadcrumb\":{\"@id\":\"https:\\\/\\\/repliquemangacine.fr\\\/epees-glaives-antique\\\/glaive-de-maximus-dans-gladiator\\\/#breadcrumb\"},\"inLanguage\":\"de\",\"potentialAction\":[{\"@type\":\"ReadAction\",\"target\":[\"https:\\\/\\\/repliquemangacine.fr\\\/epees-glaives-antique\\\/glaive-de-maximus-dans-gladiator\\\/\"]}]},{\"@type\":\"ImageObject\",\"inLanguage\":\"de\",\"@id\":\"https:\\\/\\\/repliquemangacine.fr\\\/epees-glaives-antique\\\/glaive-de-maximus-dans-gladiator\\\/#primaryimage\",\"url\":\"https:\\\/\\\/repliquemangacine.fr\\\/wp-content\\\/uploads\\\/2024\\\/11\\\/Glaive-Gladiateur-Romain.jpg\",\"contentUrl\":\"https:\\\/\\\/repliquemangacine.fr\\\/wp-content\\\/uploads\\\/2024\\\/11\\\/Glaive-Gladiateur-Romain.jpg\",\"width\":500,\"height\":500,\"caption\":\"Glaive-Gladiateur- Maximus\"},{\"@type\":\"BreadcrumbList\",\"@id\":\"https:\\\/\\\/repliquemangacine.fr\\\/epees-glaives-antique\\\/glaive-de-maximus-dans-gladiator\\\/#breadcrumb\",\"itemListElement\":[{\"@type\":\"ListItem\",\"position\":1,\"name\":\"Accueil\",\"item\":\"https:\\\/\\\/repliquemangacine.fr\\\/\"},{\"@type\":\"ListItem\",\"position\":2,\"name\":\"Produits\",\"item\":\"https:\\\/\\\/repliquemangacine.fr\\\/boutique\\\/\"},{\"@type\":\"ListItem\",\"position\":3,\"name\":\"Glaive de Maximus Gladiator 2\"}]},{\"@type\":\"WebSite\",\"@id\":\"https:\\\/\\\/repliquemangacine.fr\\\/#website\",\"url\":\"https:\\\/\\\/repliquemangacine.fr\\\/\",\"name\":\"R\u00e9plique Manga Cin\u00e9\",\"description\":\"\",\"publisher\":{\"@id\":\"https:\\\/\\\/repliquemangacine.fr\\\/#organization\"},\"potentialAction\":[{\"@type\":\"SearchAction\",\"target\":{\"@type\":\"EntryPoint\",\"urlTemplate\":\"https:\\\/\\\/repliquemangacine.fr\\\/?s={search_term_string}\"},\"query-input\":{\"@type\":\"PropertyValueSpecification\",\"valueRequired\":true,\"valueName\":\"search_term_string\"}}],\"inLanguage\":\"de\"},{\"@type\":\"Organization\",\"@id\":\"https:\\\/\\\/repliquemangacine.fr\\\/#organization\",\"name\":\"R\u00e9plique Manga Cin\u00e9\",\"url\":\"https:\\\/\\\/repliquemangacine.fr\\\/\",\"logo\":{\"@type\":\"ImageObject\",\"inLanguage\":\"de\",\"@id\":\"https:\\\/\\\/repliquemangacine.fr\\\/#\\\/schema\\\/logo\\\/image\\\/\",\"url\":\"https:\\\/\\\/repliquemangacine.fr\\\/wp-content\\\/uploads\\\/2023\\\/10\\\/RMC-500250.png\",\"contentUrl\":\"https:\\\/\\\/repliquemangacine.fr\\\/wp-content\\\/uploads\\\/2023\\\/10\\\/RMC-500250.png\",\"width\":500,\"height\":250,\"caption\":\"R\u00e9plique Manga Cin\u00e9\"},\"image\":{\"@id\":\"https:\\\/\\\/repliquemangacine.fr\\\/#\\\/schema\\\/logo\\\/image\\\/\"},\"sameAs\":[\"https:\\\/\\\/www.facebook.com\\\/RepliqueMangaCine\",\"https:\\\/\\\/www.instagram.com\\\/repliquemangacine.fr\\\/\"]}]}<\/script>\n<!-- \/ Yoast SEO plugin. -->","yoast_head_json":{"title":"Gladiator Maximus Gladiator 2 - R\u00e9plique Manga Cin\u00e9","description":"Wundersch\u00f6ne Glaive des Maximus, inspiriert vom Film Gladiator. Vorgeschliffene, zweischneidige Stahlklinge. Scheide aus Leder. Vollstahlb\u00fcgel und -knauf.","robots":{"index":"index","follow":"follow","max-snippet":"max-snippet:-1","max-image-preview":"max-image-preview:large","max-video-preview":"max-video-preview:-1"},"canonical":"https:\/\/repliquemangacine.fr\/de\/antike-schwerter\/maximus-schwert-in-gladiator\/","og_locale":"de_DE","og_type":"article","og_title":"Glaive de Maximus Gladiator 2 - R\u00e9plique Manga Cin\u00e9","og_description":"Superbe Glaive de Maximus inspir\u00e9 du film Gladiator. Lame en acier double tranchant pr\u00e9 affut\u00e9. Fourreau en cuir. Garde et pommeau en acier plein.","og_url":"https:\/\/repliquemangacine.fr\/de\/antike-schwerter\/maximus-schwert-in-gladiator\/","og_site_name":"R\u00e9plique Manga Cin\u00e9","article_publisher":"https:\/\/www.facebook.com\/RepliqueMangaCine","article_modified_time":"2026-04-28T20:15:08+00:00","og_image":[{"width":500,"height":500,"url":"https:\/\/repliquemangacine.fr\/wp-content\/uploads\/2024\/11\/Glaive-Gladiateur-Romain.jpg","type":"image\/jpeg"}],"twitter_card":"summary_large_image","twitter_misc":{"Gesch\u00e4tzte Lesezeit":"3\u00a0Minuten"},"schema":{"@context":"https:\/\/schema.org","@graph":[{"@type":"WebPage","@id":"https:\/\/repliquemangacine.fr\/epees-glaives-antique\/glaive-de-maximus-dans-gladiator\/","url":"https:\/\/repliquemangacine.fr\/epees-glaives-antique\/glaive-de-maximus-dans-gladiator\/","name":"Gladiator Maximus Gladiator 2 - R\u00e9plique Manga Cin\u00e9","isPartOf":{"@id":"https:\/\/repliquemangacine.fr\/#website"},"primaryImageOfPage":{"@id":"https:\/\/repliquemangacine.fr\/epees-glaives-antique\/glaive-de-maximus-dans-gladiator\/#primaryimage"},"image":{"@id":"https:\/\/repliquemangacine.fr\/epees-glaives-antique\/glaive-de-maximus-dans-gladiator\/#primaryimage"},"thumbnailUrl":"https:\/\/repliquemangacine.fr\/wp-content\/uploads\/2024\/11\/Glaive-Gladiateur-Romain.jpg","datePublished":"2024-11-30T16:47:20+00:00","dateModified":"2026-04-28T20:15:08+00:00","description":"Wundersch\u00f6ne Glaive des Maximus, inspiriert vom Film Gladiator. Vorgeschliffene, zweischneidige Stahlklinge. Scheide aus Leder. Vollstahlb\u00fcgel und -knauf.","breadcrumb":{"@id":"https:\/\/repliquemangacine.fr\/epees-glaives-antique\/glaive-de-maximus-dans-gladiator\/#breadcrumb"},"inLanguage":"de","potentialAction":[{"@type":"ReadAction","target":["https:\/\/repliquemangacine.fr\/epees-glaives-antique\/glaive-de-maximus-dans-gladiator\/"]}]},{"@type":"ImageObject","inLanguage":"de","@id":"https:\/\/repliquemangacine.fr\/epees-glaives-antique\/glaive-de-maximus-dans-gladiator\/#primaryimage","url":"https:\/\/repliquemangacine.fr\/wp-content\/uploads\/2024\/11\/Glaive-Gladiateur-Romain.jpg","contentUrl":"https:\/\/repliquemangacine.fr\/wp-content\/uploads\/2024\/11\/Glaive-Gladiateur-Romain.jpg","width":500,"height":500,"caption":"Glaive-Gladiateur- Maximus"},{"@type":"BreadcrumbList","@id":"https:\/\/repliquemangacine.fr\/epees-glaives-antique\/glaive-de-maximus-dans-gladiator\/#breadcrumb","itemListElement":[{"@type":"ListItem","position":1,"name":"Accueil","item":"https:\/\/repliquemangacine.fr\/"},{"@type":"ListItem","position":2,"name":"Produits","item":"https:\/\/repliquemangacine.fr\/boutique\/"},{"@type":"ListItem","position":3,"name":"Glaive de Maximus Gladiator 2"}]},{"@type":"WebSite","@id":"https:\/\/repliquemangacine.fr\/#website","url":"https:\/\/repliquemangacine.fr\/","name":"R\u00e9plique Manga Cin\u00e9","description":"","publisher":{"@id":"https:\/\/repliquemangacine.fr\/#organization"},"potentialAction":[{"@type":"SearchAction","target":{"@type":"EntryPoint","urlTemplate":"https:\/\/repliquemangacine.fr\/?s={search_term_string}"},"query-input":{"@type":"PropertyValueSpecification","valueRequired":true,"valueName":"search_term_string"}}],"inLanguage":"de"},{"@type":"Organization","@id":"https:\/\/repliquemangacine.fr\/#organization","name":"R\u00e9plique Manga Cin\u00e9","url":"https:\/\/repliquemangacine.fr\/","logo":{"@type":"ImageObject","inLanguage":"de","@id":"https:\/\/repliquemangacine.fr\/#\/schema\/logo\/image\/","url":"https:\/\/repliquemangacine.fr\/wp-content\/uploads\/2023\/10\/RMC-500250.png","contentUrl":"https:\/\/repliquemangacine.fr\/wp-content\/uploads\/2023\/10\/RMC-500250.png","width":500,"height":250,"caption":"R\u00e9plique Manga Cin\u00e9"},"image":{"@id":"https:\/\/repliquemangacine.fr\/#\/schema\/logo\/image\/"},"sameAs":["https:\/\/www.facebook.com\/RepliqueMangaCine","https:\/\/www.instagram.com\/repliquemangacine.fr\/"]}]}},"_links":{"self":[{"href":"https:\/\/repliquemangacine.fr\/de\/wp-json\/wp\/v2\/product\/78645","targetHints":{"allow":["GET"]}}],"collection":[{"href":"https:\/\/repliquemangacine.fr\/de\/wp-json\/wp\/v2\/product"}],"about":[{"href":"https:\/\/repliquemangacine.fr\/de\/wp-json\/wp\/v2\/types\/product"}],"wp:featuredmedia":[{"embeddable":true,"href":"https:\/\/repliquemangacine.fr\/de\/wp-json\/wp\/v2\/media\/78653"}],"wp:attachment":[{"href":"https:\/\/repliquemangacine.fr\/de\/wp-json\/wp\/v2\/media?parent=78645"}],"wp:term":[{"taxonomy":"product_brand","embeddable":true,"href":"https:\/\/repliquemangacine.fr\/de\/wp-json\/wp\/v2\/product_brand?post=78645"},{"taxonomy":"product_cat","embeddable":true,"href":"https:\/\/repliquemangacine.fr\/de\/wp-json\/wp\/v2\/product_cat?post=78645"},{"taxonomy":"product_tag","embeddable":true,"href":"https:\/\/repliquemangacine.fr\/de\/wp-json\/wp\/v2\/product_tag?post=78645"}],"curies":[{"name":"wp","href":"https:\/\/api.w.org\/{rel}","templated":true}]}}