





{"id":78362,"date":"2024-11-24T18:37:23","date_gmt":"2024-11-24T17:37:23","guid":{"rendered":"https:\/\/repliquemangacine.fr\/?post_type=product&#038;p=78362"},"modified":"2026-04-16T18:51:03","modified_gmt":"2026-04-16T16:51:03","slug":"luger-pistole-p08-gealtert","status":"publish","type":"product","link":"https:\/\/repliquemangacine.fr\/de\/reproductions-armes-seconde-guerre-mondiale-denix\/pistolet-luger-p08-vieilli\/","title":{"rendered":"Luger P08 Pistole Gealtert"},"content":{"rendered":"<h2>Die gealterte Luger P08 Pistole: Ein historisches Replikat mit patiniertem Realismus<\/h2>\n<p>Zun\u00e4chst einmal die gealterte Luger-Pistole P08, auch bekannt als Parabellum. Eine der ikonischsten Pistolen des 20. Jahrhunderts, die w\u00e4hrend der beiden Weltkriege h\u00e4ufig verwendet wurde. Die patinierte und gealterte Replik von <a href=\"https:\/\/www.denix.fr\/fr\/catalogue\/nouveautes\/\" target=\"_blank\" rel=\"noopener noreferrer\">Denix<\/a> f\u00e4ngt die Essenz dieser legend\u00e4ren Waffe mit bemerkenswerter Liebe zum Detail ein.<\/p>\n<p>Diese aus Metall gefertigte Reproduktion mit antikem Finish vermittelt den Eindruck, als h\u00e4tte sie die Schlachtfelder jener Zeit durchlebt. Sie verf\u00fcgt \u00fcber funktionsf\u00e4hige Mechanismen wie einen beweglichen Verschluss und ein abnehmbares Magazin. Diese inaktive Nachbildung ist ideal f\u00fcr Sammler, Ausstellungen oder historische Nachstellungen. Ihr zeitloses Design in Kombination mit der Patina, die nat\u00fcrliche Abnutzung simuliert, macht sie zu einem einzigartigen und authentischen Objekt, einer echten Hommage an ein St\u00fcck Milit\u00e4rgeschichte.<\/p>\n<h2>Eine komplette Kollektion patinierter Repliken von Denix<\/h2>\n<p>Neben der Luger P08 bietet Denix eine beeindruckende Auswahl an patinierten und gealterten Waffenrepliken an. \u00dcbrigens: Jede huldigt einer bestimmten Schl\u00fcsselepoche der Geschichte. Entdecken Sie die <a href=\"https:\/\/repliquemangacine.fr\/de\/colt-pistole\/revolver-confedere-1860-gealtert\/\">Colt 1860 der Konf\u00f6derierten<\/a>Mit seinem antiken Finish erinnert er an den Charme der Waffen aus dem amerikanischen B\u00fcrgerkrieg. Erkunden Sie auch die <a href=\"https:\/\/repliquemangacine.fr\/de\/westernwaffen\/winchester-mares-leg-alt\/\">Mare's Leg<\/a>, ein ber\u00fchmtes, durch Westernfilme bekannt gewordenes Kurzgewehr. Hinzu kommt das Gewehr M1 Garand, eine wahre Ikone des Zweiten Weltkriegs.<\/p>\n<p>Jedes dieser aus hochwertigen Materialien gefertigten St\u00fccke mit ihrer antikisierten Oberfl\u00e4che vermittelt einen beeindruckenden Realismus. Ob Sie sich f\u00fcr Western, Kriegswaffen oder historische Epen begeistern, diese patinierte Kollektion erm\u00f6glicht Ihnen eine Reise durch die Epochen und bereichert gleichzeitig Ihre Sammlung einzigartiger Objekte.<\/p>\n<h2>Warum sollten Sie sich f\u00fcr die gealterte Luger P08 Pistole entscheiden und wie wird sie hergestellt?<\/h2>\n<p>Die Luger P08 von Denix ist mehr als nur eine Replik: Sie ist eine Hommage an die Handwerkskunst und die Geschichte. Sie ist aus robustem Metall gefertigt und verf\u00fcgt \u00fcber originalgetreue Details, wie z. B. funktionale Mechanismen, die denen der damaligen Zeit nachempfunden sind. Das handgefertigte Patina-Finish sorgt daf\u00fcr, dass jedes St\u00fcck realistisch und einzigartig aussieht und an eine Waffe erinnert, die den Test der Zeit bestanden hat. Dieser handwerkliche Prozess gew\u00e4hrleistet eine au\u00dfergew\u00f6hnliche Qualit\u00e4t und einen unvergleichlichen Realismus. Wenn Sie sich f\u00fcr dieses Replikat entscheiden, entscheiden Sie sich f\u00fcr ein authentisches Objekt, das sich ideal f\u00fcr historische Rekonstruktionen, Sammlungen oder Dekorationen eignet. Zusammenfassend l\u00e4sst sich sagen, dass Sie mit Denix ein Produkt erhalten, das historische Genauigkeit, \u00c4sthetik und Haltbarkeit vereint, um die Geschichte in Ihren H\u00e4nden wieder aufleben zu lassen.<\/p>","protected":false},"excerpt":{"rendered":"<p>Bemerkenswert reproduzierte diese gealterte Luger P08 Pistole der Marke Denix.<\/p>\n<ul>\n<li>Ganz aus Metall (Zamak)<\/li>\n<li>Patiniert und gealtert<\/li>\n<li>Schaftkappe aus geformtem ABS<\/li>\n<li>Abnehmbares Ladeger\u00e4t<\/li>\n<li>Mechanismus funktioniert, zieht aber nicht<\/li>\n<li>Unterliegt keiner Genehmigungspflicht. Verkauf und Besitz frei.<\/li>\n<li>Gesamtl\u00e4nge: 25.5 cm - Gewicht: 965 gr<\/li>\n<\/ul>","protected":false},"featured_media":84704,"template":"","meta":[],"product_brand":[896],"product_cat":[102,52,76],"product_tag":[],"class_list":{"0":"post-78362","1":"product","2":"type-product","3":"status-publish","4":"has-post-thumbnail","6":"product_brand-replique-manga-cine","7":"product_cat-denix","8":"product_cat-pistolet-ancien","9":"product_cat-reproductions-armes-seconde-guerre-mondiale-denix","11":"first","12":"instock","13":"sale","14":"taxable","15":"shipping-taxable","16":"purchasable","17":"product-type-simple"},"yoast_head":"<!-- This site is optimized with the Yoast SEO plugin v27.5 - https:\/\/yoast.com\/product\/yoast-seo-wordpress\/ -->\n<title>Pistolet Luger P08 Vieilli - Reproduction Denix | R\u00e9plique Manga Cin\u00e9<\/title>\n<meta name=\"description\" content=\"Remarquable cette reproduction du Pistolet Luger P08 Vieilli de chez Denix. Aspect patin\u00e9 et vieilli pour plus de r\u00e9alisme. M\u00e9canisme fonctionnel\" \/>\n<meta name=\"robots\" content=\"index, follow, max-snippet:-1, max-image-preview:large, max-video-preview:-1\" \/>\n<link rel=\"canonical\" href=\"https:\/\/repliquemangacine.fr\/de\/waffenreproduktionen-zweiter-weltkrieg-denix\/luger-pistole-p08-gealtert\/\" \/>\n<meta property=\"og:locale\" content=\"de_DE\" \/>\n<meta property=\"og:type\" content=\"article\" \/>\n<meta property=\"og:title\" content=\"Pistolet Luger P08 Vieilli - Reproduction Denix | R\u00e9plique Manga Cin\u00e9\" \/>\n<meta property=\"og:description\" content=\"Remarquable cette reproduction du Pistolet Luger P08 Vieilli de chez Denix. Aspect patin\u00e9 et vieilli pour plus de r\u00e9alisme. M\u00e9canisme fonctionnel\" \/>\n<meta property=\"og:url\" content=\"https:\/\/repliquemangacine.fr\/de\/waffenreproduktionen-zweiter-weltkrieg-denix\/luger-pistole-p08-gealtert\/\" \/>\n<meta property=\"og:site_name\" content=\"R\u00e9plique Manga Cin\u00e9\" \/>\n<meta property=\"article:publisher\" content=\"https:\/\/www.facebook.com\/RepliqueMangaCine\" \/>\n<meta property=\"article:modified_time\" content=\"2026-04-16T16:51:03+00:00\" \/>\n<meta property=\"og:image\" content=\"https:\/\/repliquemangacine.fr\/wp-content\/uploads\/2024\/11\/Pistolet-Luger-P08-Vieilli.jpg\" \/>\n\t<meta property=\"og:image:width\" content=\"800\" \/>\n\t<meta property=\"og:image:height\" content=\"800\" \/>\n\t<meta property=\"og:image:type\" content=\"image\/jpeg\" \/>\n<meta name=\"twitter:card\" content=\"summary_large_image\" \/>\n<meta name=\"twitter:label1\" content=\"Gesch\u00e4tzte Lesezeit\" \/>\n\t<meta name=\"twitter:data1\" content=\"3\u00a0Minuten\" \/>\n<script type=\"application\/ld+json\" class=\"yoast-schema-graph\">{\"@context\":\"https:\\\/\\\/schema.org\",\"@graph\":[{\"@type\":\"WebPage\",\"@id\":\"https:\\\/\\\/repliquemangacine.fr\\\/reproductions-armes-seconde-guerre-mondiale-denix\\\/pistolet-luger-p08-vieilli\\\/\",\"url\":\"https:\\\/\\\/repliquemangacine.fr\\\/reproductions-armes-seconde-guerre-mondiale-denix\\\/pistolet-luger-p08-vieilli\\\/\",\"name\":\"Pistolet Luger P08 Vieilli - Reproduction Denix | R\u00e9plique Manga Cin\u00e9\",\"isPartOf\":{\"@id\":\"https:\\\/\\\/repliquemangacine.fr\\\/#website\"},\"primaryImageOfPage\":{\"@id\":\"https:\\\/\\\/repliquemangacine.fr\\\/reproductions-armes-seconde-guerre-mondiale-denix\\\/pistolet-luger-p08-vieilli\\\/#primaryimage\"},\"image\":{\"@id\":\"https:\\\/\\\/repliquemangacine.fr\\\/reproductions-armes-seconde-guerre-mondiale-denix\\\/pistolet-luger-p08-vieilli\\\/#primaryimage\"},\"thumbnailUrl\":\"https:\\\/\\\/repliquemangacine.fr\\\/wp-content\\\/uploads\\\/2024\\\/11\\\/Pistolet-Luger-P08-Vieilli.jpg\",\"datePublished\":\"2024-11-24T17:37:23+00:00\",\"dateModified\":\"2026-04-16T16:51:03+00:00\",\"description\":\"Remarquable cette reproduction du Pistolet Luger P08 Vieilli de chez Denix. Aspect patin\u00e9 et vieilli pour plus de r\u00e9alisme. M\u00e9canisme fonctionnel\",\"breadcrumb\":{\"@id\":\"https:\\\/\\\/repliquemangacine.fr\\\/reproductions-armes-seconde-guerre-mondiale-denix\\\/pistolet-luger-p08-vieilli\\\/#breadcrumb\"},\"inLanguage\":\"de\",\"potentialAction\":[{\"@type\":\"ReadAction\",\"target\":[\"https:\\\/\\\/repliquemangacine.fr\\\/reproductions-armes-seconde-guerre-mondiale-denix\\\/pistolet-luger-p08-vieilli\\\/\"]}]},{\"@type\":\"ImageObject\",\"inLanguage\":\"de\",\"@id\":\"https:\\\/\\\/repliquemangacine.fr\\\/reproductions-armes-seconde-guerre-mondiale-denix\\\/pistolet-luger-p08-vieilli\\\/#primaryimage\",\"url\":\"https:\\\/\\\/repliquemangacine.fr\\\/wp-content\\\/uploads\\\/2024\\\/11\\\/Pistolet-Luger-P08-Vieilli.jpg\",\"contentUrl\":\"https:\\\/\\\/repliquemangacine.fr\\\/wp-content\\\/uploads\\\/2024\\\/11\\\/Pistolet-Luger-P08-Vieilli.jpg\",\"width\":800,\"height\":800,\"caption\":\"Pistolet Luger P08 Vieilli denix\"},{\"@type\":\"BreadcrumbList\",\"@id\":\"https:\\\/\\\/repliquemangacine.fr\\\/reproductions-armes-seconde-guerre-mondiale-denix\\\/pistolet-luger-p08-vieilli\\\/#breadcrumb\",\"itemListElement\":[{\"@type\":\"ListItem\",\"position\":1,\"name\":\"Accueil\",\"item\":\"https:\\\/\\\/repliquemangacine.fr\\\/\"},{\"@type\":\"ListItem\",\"position\":2,\"name\":\"Produits\",\"item\":\"https:\\\/\\\/repliquemangacine.fr\\\/boutique\\\/\"},{\"@type\":\"ListItem\",\"position\":3,\"name\":\"Pistolet Luger P08 Vieilli\"}]},{\"@type\":\"WebSite\",\"@id\":\"https:\\\/\\\/repliquemangacine.fr\\\/#website\",\"url\":\"https:\\\/\\\/repliquemangacine.fr\\\/\",\"name\":\"R\u00e9plique Manga Cin\u00e9\",\"description\":\"\",\"publisher\":{\"@id\":\"https:\\\/\\\/repliquemangacine.fr\\\/#organization\"},\"potentialAction\":[{\"@type\":\"SearchAction\",\"target\":{\"@type\":\"EntryPoint\",\"urlTemplate\":\"https:\\\/\\\/repliquemangacine.fr\\\/?s={search_term_string}\"},\"query-input\":{\"@type\":\"PropertyValueSpecification\",\"valueRequired\":true,\"valueName\":\"search_term_string\"}}],\"inLanguage\":\"de\"},{\"@type\":\"Organization\",\"@id\":\"https:\\\/\\\/repliquemangacine.fr\\\/#organization\",\"name\":\"R\u00e9plique Manga Cin\u00e9\",\"url\":\"https:\\\/\\\/repliquemangacine.fr\\\/\",\"logo\":{\"@type\":\"ImageObject\",\"inLanguage\":\"de\",\"@id\":\"https:\\\/\\\/repliquemangacine.fr\\\/#\\\/schema\\\/logo\\\/image\\\/\",\"url\":\"https:\\\/\\\/repliquemangacine.fr\\\/wp-content\\\/uploads\\\/2023\\\/10\\\/RMC-500250.png\",\"contentUrl\":\"https:\\\/\\\/repliquemangacine.fr\\\/wp-content\\\/uploads\\\/2023\\\/10\\\/RMC-500250.png\",\"width\":500,\"height\":250,\"caption\":\"R\u00e9plique Manga Cin\u00e9\"},\"image\":{\"@id\":\"https:\\\/\\\/repliquemangacine.fr\\\/#\\\/schema\\\/logo\\\/image\\\/\"},\"sameAs\":[\"https:\\\/\\\/www.facebook.com\\\/RepliqueMangaCine\",\"https:\\\/\\\/www.instagram.com\\\/repliquemangacine.fr\\\/\"]}]}<\/script>\n<!-- \/ Yoast SEO plugin. -->","yoast_head_json":{"title":"Pistole Luger P08 Gealtert - Denix Reproduktion | R\u00e9plique Manga Cin\u00e9","description":"Bemerkenswerte Reproduktion der gealterten Luger P08-Pistole von Denix. Patiniertes und gealtertes Aussehen f\u00fcr mehr Realismus. Funktionaler Mechanismus","robots":{"index":"index","follow":"follow","max-snippet":"max-snippet:-1","max-image-preview":"max-image-preview:large","max-video-preview":"max-video-preview:-1"},"canonical":"https:\/\/repliquemangacine.fr\/de\/waffenreproduktionen-zweiter-weltkrieg-denix\/luger-pistole-p08-gealtert\/","og_locale":"de_DE","og_type":"article","og_title":"Pistolet Luger P08 Vieilli - Reproduction Denix | R\u00e9plique Manga Cin\u00e9","og_description":"Remarquable cette reproduction du Pistolet Luger P08 Vieilli de chez Denix. Aspect patin\u00e9 et vieilli pour plus de r\u00e9alisme. M\u00e9canisme fonctionnel","og_url":"https:\/\/repliquemangacine.fr\/de\/waffenreproduktionen-zweiter-weltkrieg-denix\/luger-pistole-p08-gealtert\/","og_site_name":"R\u00e9plique Manga Cin\u00e9","article_publisher":"https:\/\/www.facebook.com\/RepliqueMangaCine","article_modified_time":"2026-04-16T16:51:03+00:00","og_image":[{"width":800,"height":800,"url":"https:\/\/repliquemangacine.fr\/wp-content\/uploads\/2024\/11\/Pistolet-Luger-P08-Vieilli.jpg","type":"image\/jpeg"}],"twitter_card":"summary_large_image","twitter_misc":{"Gesch\u00e4tzte Lesezeit":"3\u00a0Minuten"},"schema":{"@context":"https:\/\/schema.org","@graph":[{"@type":"WebPage","@id":"https:\/\/repliquemangacine.fr\/reproductions-armes-seconde-guerre-mondiale-denix\/pistolet-luger-p08-vieilli\/","url":"https:\/\/repliquemangacine.fr\/reproductions-armes-seconde-guerre-mondiale-denix\/pistolet-luger-p08-vieilli\/","name":"Pistole Luger P08 Gealtert - Denix Reproduktion | R\u00e9plique Manga Cin\u00e9","isPartOf":{"@id":"https:\/\/repliquemangacine.fr\/#website"},"primaryImageOfPage":{"@id":"https:\/\/repliquemangacine.fr\/reproductions-armes-seconde-guerre-mondiale-denix\/pistolet-luger-p08-vieilli\/#primaryimage"},"image":{"@id":"https:\/\/repliquemangacine.fr\/reproductions-armes-seconde-guerre-mondiale-denix\/pistolet-luger-p08-vieilli\/#primaryimage"},"thumbnailUrl":"https:\/\/repliquemangacine.fr\/wp-content\/uploads\/2024\/11\/Pistolet-Luger-P08-Vieilli.jpg","datePublished":"2024-11-24T17:37:23+00:00","dateModified":"2026-04-16T16:51:03+00:00","description":"Bemerkenswerte Reproduktion der gealterten Luger P08-Pistole von Denix. Patiniertes und gealtertes Aussehen f\u00fcr mehr Realismus. Funktionaler Mechanismus","breadcrumb":{"@id":"https:\/\/repliquemangacine.fr\/reproductions-armes-seconde-guerre-mondiale-denix\/pistolet-luger-p08-vieilli\/#breadcrumb"},"inLanguage":"de","potentialAction":[{"@type":"ReadAction","target":["https:\/\/repliquemangacine.fr\/reproductions-armes-seconde-guerre-mondiale-denix\/pistolet-luger-p08-vieilli\/"]}]},{"@type":"ImageObject","inLanguage":"de","@id":"https:\/\/repliquemangacine.fr\/reproductions-armes-seconde-guerre-mondiale-denix\/pistolet-luger-p08-vieilli\/#primaryimage","url":"https:\/\/repliquemangacine.fr\/wp-content\/uploads\/2024\/11\/Pistolet-Luger-P08-Vieilli.jpg","contentUrl":"https:\/\/repliquemangacine.fr\/wp-content\/uploads\/2024\/11\/Pistolet-Luger-P08-Vieilli.jpg","width":800,"height":800,"caption":"Pistolet Luger P08 Vieilli denix"},{"@type":"BreadcrumbList","@id":"https:\/\/repliquemangacine.fr\/reproductions-armes-seconde-guerre-mondiale-denix\/pistolet-luger-p08-vieilli\/#breadcrumb","itemListElement":[{"@type":"ListItem","position":1,"name":"Accueil","item":"https:\/\/repliquemangacine.fr\/"},{"@type":"ListItem","position":2,"name":"Produits","item":"https:\/\/repliquemangacine.fr\/boutique\/"},{"@type":"ListItem","position":3,"name":"Pistolet Luger P08 Vieilli"}]},{"@type":"WebSite","@id":"https:\/\/repliquemangacine.fr\/#website","url":"https:\/\/repliquemangacine.fr\/","name":"R\u00e9plique Manga Cin\u00e9","description":"","publisher":{"@id":"https:\/\/repliquemangacine.fr\/#organization"},"potentialAction":[{"@type":"SearchAction","target":{"@type":"EntryPoint","urlTemplate":"https:\/\/repliquemangacine.fr\/?s={search_term_string}"},"query-input":{"@type":"PropertyValueSpecification","valueRequired":true,"valueName":"search_term_string"}}],"inLanguage":"de"},{"@type":"Organization","@id":"https:\/\/repliquemangacine.fr\/#organization","name":"R\u00e9plique Manga Cin\u00e9","url":"https:\/\/repliquemangacine.fr\/","logo":{"@type":"ImageObject","inLanguage":"de","@id":"https:\/\/repliquemangacine.fr\/#\/schema\/logo\/image\/","url":"https:\/\/repliquemangacine.fr\/wp-content\/uploads\/2023\/10\/RMC-500250.png","contentUrl":"https:\/\/repliquemangacine.fr\/wp-content\/uploads\/2023\/10\/RMC-500250.png","width":500,"height":250,"caption":"R\u00e9plique Manga Cin\u00e9"},"image":{"@id":"https:\/\/repliquemangacine.fr\/#\/schema\/logo\/image\/"},"sameAs":["https:\/\/www.facebook.com\/RepliqueMangaCine","https:\/\/www.instagram.com\/repliquemangacine.fr\/"]}]}},"_links":{"self":[{"href":"https:\/\/repliquemangacine.fr\/de\/wp-json\/wp\/v2\/product\/78362","targetHints":{"allow":["GET"]}}],"collection":[{"href":"https:\/\/repliquemangacine.fr\/de\/wp-json\/wp\/v2\/product"}],"about":[{"href":"https:\/\/repliquemangacine.fr\/de\/wp-json\/wp\/v2\/types\/product"}],"wp:featuredmedia":[{"embeddable":true,"href":"https:\/\/repliquemangacine.fr\/de\/wp-json\/wp\/v2\/media\/84704"}],"wp:attachment":[{"href":"https:\/\/repliquemangacine.fr\/de\/wp-json\/wp\/v2\/media?parent=78362"}],"wp:term":[{"taxonomy":"product_brand","embeddable":true,"href":"https:\/\/repliquemangacine.fr\/de\/wp-json\/wp\/v2\/product_brand?post=78362"},{"taxonomy":"product_cat","embeddable":true,"href":"https:\/\/repliquemangacine.fr\/de\/wp-json\/wp\/v2\/product_cat?post=78362"},{"taxonomy":"product_tag","embeddable":true,"href":"https:\/\/repliquemangacine.fr\/de\/wp-json\/wp\/v2\/product_tag?post=78362"}],"curies":[{"name":"wp","href":"https:\/\/api.w.org\/{rel}","templated":true}]}}