





{"id":78352,"date":"2024-11-24T17:20:49","date_gmt":"2024-11-24T16:20:49","guid":{"rendered":"https:\/\/repliquemangacine.fr\/?post_type=product&#038;p=78352"},"modified":"2026-01-10T18:26:42","modified_gmt":"2026-01-10T17:26:42","slug":"winchester-mares-leg-alt","status":"publish","type":"product","link":"https:\/\/repliquemangacine.fr\/de\/armes-westerns\/winchester-mares-leg-vieilli\/","title":{"rendered":"Winchester Mare's Leg Gealtert"},"content":{"rendered":"<h2>Die Winchester Mare's Leg Vieilli: Ein ikonisches Replikat mit altem Charme<\/h2>\n<p>Tauchen Sie zun\u00e4chst mit der Winchester Mare's Leg Vieilli\u00e9e in die Welt der Cowboys ein. In der Tat, <a href=\"https:\/\/www.denix.fr\/fr\/catalogue\/nouveautes\/\" target=\"_blank\" rel=\"noopener noreferrer\">Denix<\/a> seinen Katalog um eine Kollektion von Waffenrepliken mit patiniertem und gealtertem Aussehen erweitert. Damit bietet er Sammlern und Geschichtsinteressierten einen erh\u00f6hten Realismus.<\/p>\n<p>Diese originalgetreue Nachbildung des in klassischen Westernfilmen beliebten Kurzgewehrs besticht durch ihren Realismus. Das hochwertige Metall und Holz, aus denen es gefertigt ist, sowie die antike Oberfl\u00e4che vermitteln den Eindruck, als h\u00e4tte diese Waffe Jahrzehnte voller Kavallerieausritte und Duelle hinter sich. Ideal f\u00fcr Liebhaber historischer Nachstellungen, Dekorationen oder Sammlerst\u00fccke. Die Mare's Leg mit Patina bringt ein echtes St\u00fcck Geschichte in Ihre Welt. Mit ihren funktionsf\u00e4higen, aber schussunf\u00e4higen Mechanismen bleibt sie eine sichere Replik und beh\u00e4lt gleichzeitig ihren unbestreitbaren Charme.<\/p>\n<h2>Entdecken Sie die Patinierten Repliken von Denix: Eine Reise in die Vergangenheit<\/h2>\n<p>Denix ist bekannt f\u00fcr seine Expertise bei der Herstellung von Repliken historischer Waffen. Neben dem Mare's Leg erkunden Sie ein beeindruckendes Sortiment, das legend\u00e4re Pistolen wie den Colt 1873 in 4,75 Zoll umfasst. Au\u00dferdem gibt es das <a href=\"https:\/\/repliquemangacine.fr\/de\/colt-pistole\/revolver-confedere-1860-gealtert\/\">Konf\u00f6derierten-Revolver<\/a> aus dem Jahr 1860 in zwei Farbt\u00f6nen, die ihm einen raffinierten Look verleihen. Jedes St\u00fcck verf\u00fcgt \u00fcber eine antike Oberfl\u00e4che, die nat\u00fcrliche Abnutzungsspuren simuliert und f\u00fcr unvergleichlichen Realismus sorgt.<\/p>\n<p>Fans des Zweiten Weltkriegs k\u00f6nnen sich f\u00fcr Nachbildungen der Luger P08 oder des Karabiners USM1 Para entscheiden. Ebenso wie f\u00fcr legend\u00e4re Gewehre wie das M1 Garand.<\/p>\n<p>Bei Denix ist jedes Produkt ein Tor zu einer faszinierenden Epoche und eine Hommage an die Waffen, die die Geschichte gepr\u00e4gt haben.<\/p>\n<h2>Warum sollte ich mich f\u00fcr das Winchester Mare's Leg entscheiden und wie wird es hergestellt?<\/h2>\n<p>Wenn Sie sich f\u00fcr die patinierte Winchester Mare's Leg von Denix entscheiden, kaufen Sie sich ein authentisches und einzigartiges St\u00fcck. Diese Replik wurde aus hochwertigen Materialien gefertigt und kombiniert einen robusten Metallk\u00f6rper mit einem Schaft und Kolben aus echtem Holz. Sorgf\u00e4ltig von Hand patiniert, garantiert es ein realistisches und einzigartiges Aussehen jedes einzelnen St\u00fccks. Dieser handwerkliche Prozess verleiht der Waffe eine nat\u00fcrliche Patina, die den Zahn der Zeit simuliert und gleichzeitig die historischen Details bewahrt. Diese Gewehrpistole ist ideal f\u00fcr Liebhaber, die ein originalgetreues Replikat suchen, sei es zur Erweiterung einer Sammlung, zur Versch\u00f6nerung einer Dekoration oder zur Durchf\u00fchrung historischer Rekonstruktionen. Zusammenfassend l\u00e4sst sich sagen, dass Sie mit Denix von einem unvergleichlichen Know-how profitieren und vollst\u00e4ndig in die Geschichte der mythischen Waffen eintauchen k\u00f6nnen.<\/p>\n<p>&nbsp;<\/p>","protected":false},"excerpt":{"rendered":"<p>Wundersch\u00f6ne Reproduktion der Winchester Mare's Leg Vieilli\u00e9e der Marke Denix.<\/p>\n<ul>\n<li>Alles aus Metall und Holz<\/li>\n<li>Patiniert und gealtert<\/li>\n<li>Holzschaft<\/li>\n<li>Mechanismen funktionsf\u00e4hig, aber nicht schussf\u00e4hig.<\/li>\n<li>Gro\u00dfer Unterhebel<\/li>\n<li><strong>Unterliegt keiner Genehmigungspflicht. Verkauf und Besitz frei.<\/strong><\/li>\n<li>Gesamtl\u00e4nge: 50 cm - Gewicht: 1487 gr<\/li>\n<\/ul>","protected":false},"featured_media":84706,"template":"","meta":[],"product_brand":[896],"product_cat":[34,39,86,102,27],"product_tag":[],"class_list":{"0":"post-78352","1":"product","2":"type-product","3":"status-publish","4":"has-post-thumbnail","6":"product_brand-replique-manga-cine","7":"product_cat-armes-westerns","8":"product_cat-carabine-winchester","9":"product_cat-repliques-carabine-winchester-western","10":"product_cat-denix","11":"product_cat-armes-et-accessoires-western","13":"first","14":"instock","15":"taxable","16":"shipping-taxable","17":"purchasable","18":"product-type-simple"},"yoast_head":"<!-- This site is optimized with the Yoast SEO plugin v27.5 - https:\/\/yoast.com\/product\/yoast-seo-wordpress\/ -->\n<title>Winchester Mare&#039;s Leg Vieilli - Reproduction Denix | RMC<\/title>\n<meta name=\"description\" content=\"Superbe cette reproduction de la Winchester Mare&#039;s Leg Vieilli de la marque Denix. Tout en m\u00e9tal et bois. Aspect patin\u00e9 et vieilli. M\u00e9canismes fonctionnels.\" \/>\n<meta name=\"robots\" content=\"index, follow, max-snippet:-1, max-image-preview:large, max-video-preview:-1\" \/>\n<link rel=\"canonical\" href=\"https:\/\/repliquemangacine.fr\/de\/westernwaffen\/winchester-mares-leg-alt\/\" \/>\n<meta property=\"og:locale\" content=\"de_DE\" \/>\n<meta property=\"og:type\" content=\"article\" \/>\n<meta property=\"og:title\" content=\"Winchester Mare&#039;s Leg Vieilli - Reproduction Denix | RMC\" \/>\n<meta property=\"og:description\" content=\"Superbe cette reproduction de la Winchester Mare&#039;s Leg Vieilli de la marque Denix. Tout en m\u00e9tal et bois. Aspect patin\u00e9 et vieilli. M\u00e9canismes fonctionnels.\" \/>\n<meta property=\"og:url\" content=\"https:\/\/repliquemangacine.fr\/de\/westernwaffen\/winchester-mares-leg-alt\/\" \/>\n<meta property=\"og:site_name\" content=\"R\u00e9plique Manga Cin\u00e9\" \/>\n<meta property=\"article:publisher\" content=\"https:\/\/www.facebook.com\/RepliqueMangaCine\" \/>\n<meta property=\"article:modified_time\" content=\"2026-01-10T17:26:42+00:00\" \/>\n<meta property=\"og:image\" content=\"https:\/\/repliquemangacine.fr\/wp-content\/uploads\/2024\/11\/Winchester-Mares-Leg-Vieilli-1.jpg\" \/>\n\t<meta property=\"og:image:width\" content=\"800\" \/>\n\t<meta property=\"og:image:height\" content=\"800\" \/>\n\t<meta property=\"og:image:type\" content=\"image\/jpeg\" \/>\n<meta name=\"twitter:card\" content=\"summary_large_image\" \/>\n<meta name=\"twitter:label1\" content=\"Gesch\u00e4tzte Lesezeit\" \/>\n\t<meta name=\"twitter:data1\" content=\"3\u00a0Minuten\" \/>\n<script type=\"application\/ld+json\" class=\"yoast-schema-graph\">{\"@context\":\"https:\\\/\\\/schema.org\",\"@graph\":[{\"@type\":\"WebPage\",\"@id\":\"https:\\\/\\\/repliquemangacine.fr\\\/armes-westerns\\\/winchester-mares-leg-vieilli\\\/\",\"url\":\"https:\\\/\\\/repliquemangacine.fr\\\/armes-westerns\\\/winchester-mares-leg-vieilli\\\/\",\"name\":\"Winchester Mare's Leg Vieilli - Reproduction Denix | RMC\",\"isPartOf\":{\"@id\":\"https:\\\/\\\/repliquemangacine.fr\\\/#website\"},\"primaryImageOfPage\":{\"@id\":\"https:\\\/\\\/repliquemangacine.fr\\\/armes-westerns\\\/winchester-mares-leg-vieilli\\\/#primaryimage\"},\"image\":{\"@id\":\"https:\\\/\\\/repliquemangacine.fr\\\/armes-westerns\\\/winchester-mares-leg-vieilli\\\/#primaryimage\"},\"thumbnailUrl\":\"https:\\\/\\\/repliquemangacine.fr\\\/wp-content\\\/uploads\\\/2024\\\/11\\\/Winchester-Mares-Leg-Vieilli-1.jpg\",\"datePublished\":\"2024-11-24T16:20:49+00:00\",\"dateModified\":\"2026-01-10T17:26:42+00:00\",\"description\":\"Superbe cette reproduction de la Winchester Mare's Leg Vieilli de la marque Denix. Tout en m\u00e9tal et bois. Aspect patin\u00e9 et vieilli. M\u00e9canismes fonctionnels.\",\"breadcrumb\":{\"@id\":\"https:\\\/\\\/repliquemangacine.fr\\\/armes-westerns\\\/winchester-mares-leg-vieilli\\\/#breadcrumb\"},\"inLanguage\":\"de\",\"potentialAction\":[{\"@type\":\"ReadAction\",\"target\":[\"https:\\\/\\\/repliquemangacine.fr\\\/armes-westerns\\\/winchester-mares-leg-vieilli\\\/\"]}]},{\"@type\":\"ImageObject\",\"inLanguage\":\"de\",\"@id\":\"https:\\\/\\\/repliquemangacine.fr\\\/armes-westerns\\\/winchester-mares-leg-vieilli\\\/#primaryimage\",\"url\":\"https:\\\/\\\/repliquemangacine.fr\\\/wp-content\\\/uploads\\\/2024\\\/11\\\/Winchester-Mares-Leg-Vieilli-1.jpg\",\"contentUrl\":\"https:\\\/\\\/repliquemangacine.fr\\\/wp-content\\\/uploads\\\/2024\\\/11\\\/Winchester-Mares-Leg-Vieilli-1.jpg\",\"width\":800,\"height\":800,\"caption\":\"Winchester Mare\u2019s Leg Vieilli\"},{\"@type\":\"BreadcrumbList\",\"@id\":\"https:\\\/\\\/repliquemangacine.fr\\\/armes-westerns\\\/winchester-mares-leg-vieilli\\\/#breadcrumb\",\"itemListElement\":[{\"@type\":\"ListItem\",\"position\":1,\"name\":\"Accueil\",\"item\":\"https:\\\/\\\/repliquemangacine.fr\\\/\"},{\"@type\":\"ListItem\",\"position\":2,\"name\":\"Produits\",\"item\":\"https:\\\/\\\/repliquemangacine.fr\\\/boutique\\\/\"},{\"@type\":\"ListItem\",\"position\":3,\"name\":\"Winchester Mare&#8217;s Leg Vieilli\"}]},{\"@type\":\"WebSite\",\"@id\":\"https:\\\/\\\/repliquemangacine.fr\\\/#website\",\"url\":\"https:\\\/\\\/repliquemangacine.fr\\\/\",\"name\":\"R\u00e9plique Manga Cin\u00e9\",\"description\":\"\",\"publisher\":{\"@id\":\"https:\\\/\\\/repliquemangacine.fr\\\/#organization\"},\"potentialAction\":[{\"@type\":\"SearchAction\",\"target\":{\"@type\":\"EntryPoint\",\"urlTemplate\":\"https:\\\/\\\/repliquemangacine.fr\\\/?s={search_term_string}\"},\"query-input\":{\"@type\":\"PropertyValueSpecification\",\"valueRequired\":true,\"valueName\":\"search_term_string\"}}],\"inLanguage\":\"de\"},{\"@type\":\"Organization\",\"@id\":\"https:\\\/\\\/repliquemangacine.fr\\\/#organization\",\"name\":\"R\u00e9plique Manga Cin\u00e9\",\"url\":\"https:\\\/\\\/repliquemangacine.fr\\\/\",\"logo\":{\"@type\":\"ImageObject\",\"inLanguage\":\"de\",\"@id\":\"https:\\\/\\\/repliquemangacine.fr\\\/#\\\/schema\\\/logo\\\/image\\\/\",\"url\":\"https:\\\/\\\/repliquemangacine.fr\\\/wp-content\\\/uploads\\\/2023\\\/10\\\/RMC-500250.png\",\"contentUrl\":\"https:\\\/\\\/repliquemangacine.fr\\\/wp-content\\\/uploads\\\/2023\\\/10\\\/RMC-500250.png\",\"width\":500,\"height\":250,\"caption\":\"R\u00e9plique Manga Cin\u00e9\"},\"image\":{\"@id\":\"https:\\\/\\\/repliquemangacine.fr\\\/#\\\/schema\\\/logo\\\/image\\\/\"},\"sameAs\":[\"https:\\\/\\\/www.facebook.com\\\/RepliqueMangaCine\",\"https:\\\/\\\/www.instagram.com\\\/repliquemangacine.fr\\\/\"]}]}<\/script>\n<!-- \/ Yoast SEO plugin. -->","yoast_head_json":{"title":"Winchester Mare's Leg Gealtert - Denix Reproduktion | RMC","description":"Wundersch\u00f6ne Reproduktion der Winchester Mare's Leg Vieilli\u00e9e von der Marke Denix. Ganz aus Metall und Holz. Patiniertes und gealtertes Aussehen. Funktionelle Mechanik.","robots":{"index":"index","follow":"follow","max-snippet":"max-snippet:-1","max-image-preview":"max-image-preview:large","max-video-preview":"max-video-preview:-1"},"canonical":"https:\/\/repliquemangacine.fr\/de\/westernwaffen\/winchester-mares-leg-alt\/","og_locale":"de_DE","og_type":"article","og_title":"Winchester Mare's Leg Vieilli - Reproduction Denix | RMC","og_description":"Superbe cette reproduction de la Winchester Mare's Leg Vieilli de la marque Denix. Tout en m\u00e9tal et bois. Aspect patin\u00e9 et vieilli. M\u00e9canismes fonctionnels.","og_url":"https:\/\/repliquemangacine.fr\/de\/westernwaffen\/winchester-mares-leg-alt\/","og_site_name":"R\u00e9plique Manga Cin\u00e9","article_publisher":"https:\/\/www.facebook.com\/RepliqueMangaCine","article_modified_time":"2026-01-10T17:26:42+00:00","og_image":[{"width":800,"height":800,"url":"https:\/\/repliquemangacine.fr\/wp-content\/uploads\/2024\/11\/Winchester-Mares-Leg-Vieilli-1.jpg","type":"image\/jpeg"}],"twitter_card":"summary_large_image","twitter_misc":{"Gesch\u00e4tzte Lesezeit":"3\u00a0Minuten"},"schema":{"@context":"https:\/\/schema.org","@graph":[{"@type":"WebPage","@id":"https:\/\/repliquemangacine.fr\/armes-westerns\/winchester-mares-leg-vieilli\/","url":"https:\/\/repliquemangacine.fr\/armes-westerns\/winchester-mares-leg-vieilli\/","name":"Winchester Mare's Leg Gealtert - Denix Reproduktion | RMC","isPartOf":{"@id":"https:\/\/repliquemangacine.fr\/#website"},"primaryImageOfPage":{"@id":"https:\/\/repliquemangacine.fr\/armes-westerns\/winchester-mares-leg-vieilli\/#primaryimage"},"image":{"@id":"https:\/\/repliquemangacine.fr\/armes-westerns\/winchester-mares-leg-vieilli\/#primaryimage"},"thumbnailUrl":"https:\/\/repliquemangacine.fr\/wp-content\/uploads\/2024\/11\/Winchester-Mares-Leg-Vieilli-1.jpg","datePublished":"2024-11-24T16:20:49+00:00","dateModified":"2026-01-10T17:26:42+00:00","description":"Wundersch\u00f6ne Reproduktion der Winchester Mare's Leg Vieilli\u00e9e von der Marke Denix. Ganz aus Metall und Holz. Patiniertes und gealtertes Aussehen. Funktionelle Mechanik.","breadcrumb":{"@id":"https:\/\/repliquemangacine.fr\/armes-westerns\/winchester-mares-leg-vieilli\/#breadcrumb"},"inLanguage":"de","potentialAction":[{"@type":"ReadAction","target":["https:\/\/repliquemangacine.fr\/armes-westerns\/winchester-mares-leg-vieilli\/"]}]},{"@type":"ImageObject","inLanguage":"de","@id":"https:\/\/repliquemangacine.fr\/armes-westerns\/winchester-mares-leg-vieilli\/#primaryimage","url":"https:\/\/repliquemangacine.fr\/wp-content\/uploads\/2024\/11\/Winchester-Mares-Leg-Vieilli-1.jpg","contentUrl":"https:\/\/repliquemangacine.fr\/wp-content\/uploads\/2024\/11\/Winchester-Mares-Leg-Vieilli-1.jpg","width":800,"height":800,"caption":"Winchester Mare\u2019s Leg Vieilli"},{"@type":"BreadcrumbList","@id":"https:\/\/repliquemangacine.fr\/armes-westerns\/winchester-mares-leg-vieilli\/#breadcrumb","itemListElement":[{"@type":"ListItem","position":1,"name":"Accueil","item":"https:\/\/repliquemangacine.fr\/"},{"@type":"ListItem","position":2,"name":"Produits","item":"https:\/\/repliquemangacine.fr\/boutique\/"},{"@type":"ListItem","position":3,"name":"Winchester Mare&#8217;s Leg Vieilli"}]},{"@type":"WebSite","@id":"https:\/\/repliquemangacine.fr\/#website","url":"https:\/\/repliquemangacine.fr\/","name":"R\u00e9plique Manga Cin\u00e9","description":"","publisher":{"@id":"https:\/\/repliquemangacine.fr\/#organization"},"potentialAction":[{"@type":"SearchAction","target":{"@type":"EntryPoint","urlTemplate":"https:\/\/repliquemangacine.fr\/?s={search_term_string}"},"query-input":{"@type":"PropertyValueSpecification","valueRequired":true,"valueName":"search_term_string"}}],"inLanguage":"de"},{"@type":"Organization","@id":"https:\/\/repliquemangacine.fr\/#organization","name":"R\u00e9plique Manga Cin\u00e9","url":"https:\/\/repliquemangacine.fr\/","logo":{"@type":"ImageObject","inLanguage":"de","@id":"https:\/\/repliquemangacine.fr\/#\/schema\/logo\/image\/","url":"https:\/\/repliquemangacine.fr\/wp-content\/uploads\/2023\/10\/RMC-500250.png","contentUrl":"https:\/\/repliquemangacine.fr\/wp-content\/uploads\/2023\/10\/RMC-500250.png","width":500,"height":250,"caption":"R\u00e9plique Manga Cin\u00e9"},"image":{"@id":"https:\/\/repliquemangacine.fr\/#\/schema\/logo\/image\/"},"sameAs":["https:\/\/www.facebook.com\/RepliqueMangaCine","https:\/\/www.instagram.com\/repliquemangacine.fr\/"]}]}},"_links":{"self":[{"href":"https:\/\/repliquemangacine.fr\/de\/wp-json\/wp\/v2\/product\/78352","targetHints":{"allow":["GET"]}}],"collection":[{"href":"https:\/\/repliquemangacine.fr\/de\/wp-json\/wp\/v2\/product"}],"about":[{"href":"https:\/\/repliquemangacine.fr\/de\/wp-json\/wp\/v2\/types\/product"}],"wp:featuredmedia":[{"embeddable":true,"href":"https:\/\/repliquemangacine.fr\/de\/wp-json\/wp\/v2\/media\/84706"}],"wp:attachment":[{"href":"https:\/\/repliquemangacine.fr\/de\/wp-json\/wp\/v2\/media?parent=78352"}],"wp:term":[{"taxonomy":"product_brand","embeddable":true,"href":"https:\/\/repliquemangacine.fr\/de\/wp-json\/wp\/v2\/product_brand?post=78352"},{"taxonomy":"product_cat","embeddable":true,"href":"https:\/\/repliquemangacine.fr\/de\/wp-json\/wp\/v2\/product_cat?post=78352"},{"taxonomy":"product_tag","embeddable":true,"href":"https:\/\/repliquemangacine.fr\/de\/wp-json\/wp\/v2\/product_tag?post=78352"}],"curies":[{"name":"wp","href":"https:\/\/api.w.org\/{rel}","templated":true}]}}