





{"id":78334,"date":"2024-11-24T12:20:47","date_gmt":"2024-11-24T11:20:47","guid":{"rendered":"https:\/\/repliquemangacine.fr\/?post_type=product&#038;p=78334"},"modified":"2026-04-12T17:59:02","modified_gmt":"2026-04-12T15:59:02","slug":"revolver-confedere-1860-gealtert","status":"publish","type":"product","link":"https:\/\/repliquemangacine.fr\/de\/colt-pistolet\/revolver-confedere-1860-vieilli\/","title":{"rendered":"Confederate Revolver 1860 gealtert"},"content":{"rendered":"<h2>Replik des gealterten Confederate Revolver 1860: Ein historisches Kunstwerk<\/h2>\n<p>Tauchen Sie zu Beginn in die Geschichte des amerikanischen B\u00fcrgerkriegs ein mit diesem <strong>Confederate Revolver 1860 gealtert<\/strong>. Hergestellt von <a href=\"https:\/\/www.denix.fr\/fr\/\" target=\"_blank\" rel=\"noopener noreferrer\">Denix<\/a>, Diese patinierte und gealterte Reproduktion vermittelt den Realismus und die Authentizit\u00e4t der Vergangenheit. Jedes Detail, vom gravierten Lauf bis zu den eleganten Linien des Holzschafts, wurde sorgf\u00e4ltig ausgearbeitet, um die Originalwaffe der konf\u00f6derierten Offiziere widerzuspiegeln. Der Patina-Effekt vermittelt zudem den Eindruck nat\u00fcrlicher Abnutzung, als h\u00e4tte dieses St\u00fcck die Schlachtfelder jener Zeit durchlebt.<\/p>\n<p>Dieser Revolver ist ideal f\u00fcr Sammler, historische Nachstellungen oder Ausstellungen und bietet einen echten Einblick in die Geschichte. Er verspr\u00fcht einen zeitlosen Charme, der jeden Liebhaber alter Waffen begeistern wird.<\/p>\n<h2>Eine komplette Kollektion patinierter Repliken von Denix<\/h2>\n<p>Neben dem Revolver der Konf\u00f6derierten von 1860 hat Denix k\u00fcrzlich seinen Katalog um eine Kollektion von Waffenrepliken mit patiniertem und gealtertem Aussehen erweitert. Damit bietet das Unternehmen Sammlern und Geschichtsinteressierten noch mehr Realismus. Diese Repliken simulieren den Verschlei\u00df durch den Zahn der Zeit und verleihen den St\u00fccken zus\u00e4tzliche Authentizit\u00e4t.<\/p>\n<p>Unter den verf\u00fcgbaren Modellen befindet sich die Pistole Luger P08 Parabellum, die in beiden Weltkriegen zum Einsatz kam. Diese Replik aus Metall hat eine antike Oberfl\u00e4che und verf\u00fcgt \u00fcber funktionierende Mechanismen wie einen beweglichen Verschluss und ein abnehmbares Magazin, ist jedoch nicht schussf\u00e4hig. Au\u00dferdem gibt es das M1 Garand, das erste halbautomatische Standardgewehr der US-Armee. Eine symboltr\u00e4chtige Waffe des Zweiten Weltkriegs. Diese patinierte und antikisierte Version dieses Gewehrs bietet Sammlern und Geschichtsinteressierten eine originalgetreue Nachbildung. Und vieles mehr gibt es in unserem Online-Shop R\u00e9plique Manga Cin\u00e9 zu entdecken. Denix hat mit dieser neuen Produktreihe ganz klar einen Volltreffer gelandet.<\/p>\n<h2>Warum sollten Sie sich f\u00fcr den Confederate Revolver 1860 Vieilled entscheiden und wie wird er hergestellt?<\/h2>\n<p>Der Confederate Revolver von 1860 ist nicht nur eine Replik, sondern ein St\u00fcck Geschichte in Ihren H\u00e4nden. Wenn Sie sich f\u00fcr dieses Modell entscheiden, entscheiden Sie sich f\u00fcr Authentizit\u00e4t und Handwerkskunst. Hergestellt aus hochwertigem Metall und Holz. So konstruiert, dass es dem Original entspricht, aber dennoch tr\u00e4ge ist und die Vorschriften f\u00fcr Waffenrepliken erf\u00fcllt. In der Tat funktionieren alle Mechanismen, ist aber v\u00f6llig schussunf\u00e4hig. Jeder Revolver wird von Hand gealtert, um ein einzigartiges Finish zu erzeugen, das die Auswirkungen der Zeit simuliert. Es muss betont werden, dass dieser handwerkliche Prozess ein ebenso sch\u00f6nes wie authentisches St\u00fcck garantiert, das perfekt ist, um eine Sammlung zu bereichern oder eine Dekoration zu sublimieren. Zusammenfassend l\u00e4sst sich sagen, dass Sie mit Denix in ein Replikat investieren, das \u00c4sthetik, Geschichte und Haltbarkeit vereint.<\/p>\n<p>&nbsp;<\/p>\n<p>&nbsp;<\/p>","protected":false},"excerpt":{"rendered":"<p>Sublime Reproduktion des Confederate Revolver 1860 gealtert von Denix<\/p>\n<ul>\n<li>Alles aus Metall (Zamac) und Holz<\/li>\n<li>Von Hand patiniert und gealtert<\/li>\n<li>Holzschaft<\/li>\n<li>Mechanismen funktionsf\u00e4hig, aber untauglich f\u00fcr Sch\u00fcsse<\/li>\n<li>Rotierendes Federhaus<\/li>\n<li><strong>Unterliegt keiner Genehmigungspflicht. Verkauf und Besitz frei.<\/strong><\/li>\n<li>Gesamtl\u00e4nge: 35 cm - Gewicht: 975 gr<\/li>\n<\/ul>","protected":false},"featured_media":84705,"template":"","meta":[],"product_brand":[896],"product_cat":[33,102,52,28,27],"product_tag":[],"class_list":{"0":"post-78334","1":"product","2":"type-product","3":"status-publish","4":"has-post-thumbnail","6":"product_brand-replique-manga-cine","7":"product_cat-colt-pistolet","8":"product_cat-denix","9":"product_cat-pistolet-ancien","10":"product_cat-repliques-darmes","11":"product_cat-armes-et-accessoires-western","13":"first","14":"instock","15":"sale","16":"taxable","17":"shipping-taxable","18":"purchasable","19":"product-type-simple"},"yoast_head":"<!-- This site is optimized with the Yoast SEO plugin v27.5 - https:\/\/yoast.com\/product\/yoast-seo-wordpress\/ -->\n<title>Revolver Conf\u00e9d\u00e9r\u00e9 1860 vieilli - Reproduction armes Denix | RMC<\/title>\n<meta name=\"description\" content=\"D\u00e9couvrez le Revolver Conf\u00e9d\u00e9r\u00e9 1860 vieilli par Denix : une r\u00e9plique authentique et d\u00e9taill\u00e9e, id\u00e9ale pour collectionneurs et passionn\u00e9s d\u2019histoire.\" \/>\n<meta name=\"robots\" content=\"index, follow, max-snippet:-1, max-image-preview:large, max-video-preview:-1\" \/>\n<link rel=\"canonical\" href=\"https:\/\/repliquemangacine.fr\/de\/colt-pistole\/revolver-confedere-1860-gealtert\/\" \/>\n<meta property=\"og:locale\" content=\"de_DE\" \/>\n<meta property=\"og:type\" content=\"article\" \/>\n<meta property=\"og:title\" content=\"Revolver Conf\u00e9d\u00e9r\u00e9 1860 vieilli - Reproduction armes Denix | RMC\" \/>\n<meta property=\"og:description\" content=\"D\u00e9couvrez le Revolver Conf\u00e9d\u00e9r\u00e9 1860 vieilli par Denix : une r\u00e9plique authentique et d\u00e9taill\u00e9e, id\u00e9ale pour collectionneurs et passionn\u00e9s d\u2019histoire.\" \/>\n<meta property=\"og:url\" content=\"https:\/\/repliquemangacine.fr\/de\/colt-pistole\/revolver-confedere-1860-gealtert\/\" \/>\n<meta property=\"og:site_name\" content=\"R\u00e9plique Manga Cin\u00e9\" \/>\n<meta property=\"article:publisher\" content=\"https:\/\/www.facebook.com\/RepliqueMangaCine\" \/>\n<meta property=\"article:modified_time\" content=\"2026-04-12T15:59:02+00:00\" \/>\n<meta property=\"og:image\" content=\"https:\/\/repliquemangacine.fr\/wp-content\/uploads\/2024\/11\/Revolver-Confedere-1860-vieilli.jpg\" \/>\n\t<meta property=\"og:image:width\" content=\"800\" \/>\n\t<meta property=\"og:image:height\" content=\"800\" \/>\n\t<meta property=\"og:image:type\" content=\"image\/jpeg\" \/>\n<meta name=\"twitter:card\" content=\"summary_large_image\" \/>\n<meta name=\"twitter:label1\" content=\"Gesch\u00e4tzte Lesezeit\" \/>\n\t<meta name=\"twitter:data1\" content=\"3\u00a0Minuten\" \/>\n<script type=\"application\/ld+json\" class=\"yoast-schema-graph\">{\"@context\":\"https:\\\/\\\/schema.org\",\"@graph\":[{\"@type\":\"WebPage\",\"@id\":\"https:\\\/\\\/repliquemangacine.fr\\\/colt-pistolet\\\/revolver-confedere-1860-vieilli\\\/\",\"url\":\"https:\\\/\\\/repliquemangacine.fr\\\/colt-pistolet\\\/revolver-confedere-1860-vieilli\\\/\",\"name\":\"Revolver Conf\u00e9d\u00e9r\u00e9 1860 vieilli - Reproduction armes Denix | RMC\",\"isPartOf\":{\"@id\":\"https:\\\/\\\/repliquemangacine.fr\\\/#website\"},\"primaryImageOfPage\":{\"@id\":\"https:\\\/\\\/repliquemangacine.fr\\\/colt-pistolet\\\/revolver-confedere-1860-vieilli\\\/#primaryimage\"},\"image\":{\"@id\":\"https:\\\/\\\/repliquemangacine.fr\\\/colt-pistolet\\\/revolver-confedere-1860-vieilli\\\/#primaryimage\"},\"thumbnailUrl\":\"https:\\\/\\\/repliquemangacine.fr\\\/wp-content\\\/uploads\\\/2024\\\/11\\\/Revolver-Confedere-1860-vieilli.jpg\",\"datePublished\":\"2024-11-24T11:20:47+00:00\",\"dateModified\":\"2026-04-12T15:59:02+00:00\",\"description\":\"D\u00e9couvrez le Revolver Conf\u00e9d\u00e9r\u00e9 1860 vieilli par Denix : une r\u00e9plique authentique et d\u00e9taill\u00e9e, id\u00e9ale pour collectionneurs et passionn\u00e9s d\u2019histoire.\",\"breadcrumb\":{\"@id\":\"https:\\\/\\\/repliquemangacine.fr\\\/colt-pistolet\\\/revolver-confedere-1860-vieilli\\\/#breadcrumb\"},\"inLanguage\":\"de\",\"potentialAction\":[{\"@type\":\"ReadAction\",\"target\":[\"https:\\\/\\\/repliquemangacine.fr\\\/colt-pistolet\\\/revolver-confedere-1860-vieilli\\\/\"]}]},{\"@type\":\"ImageObject\",\"inLanguage\":\"de\",\"@id\":\"https:\\\/\\\/repliquemangacine.fr\\\/colt-pistolet\\\/revolver-confedere-1860-vieilli\\\/#primaryimage\",\"url\":\"https:\\\/\\\/repliquemangacine.fr\\\/wp-content\\\/uploads\\\/2024\\\/11\\\/Revolver-Confedere-1860-vieilli.jpg\",\"contentUrl\":\"https:\\\/\\\/repliquemangacine.fr\\\/wp-content\\\/uploads\\\/2024\\\/11\\\/Revolver-Confedere-1860-vieilli.jpg\",\"width\":800,\"height\":800,\"caption\":\"Revolver Conf\u00e9d\u00e9r\u00e9 1860 vieilli denix\"},{\"@type\":\"BreadcrumbList\",\"@id\":\"https:\\\/\\\/repliquemangacine.fr\\\/colt-pistolet\\\/revolver-confedere-1860-vieilli\\\/#breadcrumb\",\"itemListElement\":[{\"@type\":\"ListItem\",\"position\":1,\"name\":\"Accueil\",\"item\":\"https:\\\/\\\/repliquemangacine.fr\\\/\"},{\"@type\":\"ListItem\",\"position\":2,\"name\":\"Produits\",\"item\":\"https:\\\/\\\/repliquemangacine.fr\\\/boutique\\\/\"},{\"@type\":\"ListItem\",\"position\":3,\"name\":\"Revolver Conf\u00e9d\u00e9r\u00e9 1860 vieilli\"}]},{\"@type\":\"WebSite\",\"@id\":\"https:\\\/\\\/repliquemangacine.fr\\\/#website\",\"url\":\"https:\\\/\\\/repliquemangacine.fr\\\/\",\"name\":\"R\u00e9plique Manga Cin\u00e9\",\"description\":\"\",\"publisher\":{\"@id\":\"https:\\\/\\\/repliquemangacine.fr\\\/#organization\"},\"potentialAction\":[{\"@type\":\"SearchAction\",\"target\":{\"@type\":\"EntryPoint\",\"urlTemplate\":\"https:\\\/\\\/repliquemangacine.fr\\\/?s={search_term_string}\"},\"query-input\":{\"@type\":\"PropertyValueSpecification\",\"valueRequired\":true,\"valueName\":\"search_term_string\"}}],\"inLanguage\":\"de\"},{\"@type\":\"Organization\",\"@id\":\"https:\\\/\\\/repliquemangacine.fr\\\/#organization\",\"name\":\"R\u00e9plique Manga Cin\u00e9\",\"url\":\"https:\\\/\\\/repliquemangacine.fr\\\/\",\"logo\":{\"@type\":\"ImageObject\",\"inLanguage\":\"de\",\"@id\":\"https:\\\/\\\/repliquemangacine.fr\\\/#\\\/schema\\\/logo\\\/image\\\/\",\"url\":\"https:\\\/\\\/repliquemangacine.fr\\\/wp-content\\\/uploads\\\/2023\\\/10\\\/RMC-500250.png\",\"contentUrl\":\"https:\\\/\\\/repliquemangacine.fr\\\/wp-content\\\/uploads\\\/2023\\\/10\\\/RMC-500250.png\",\"width\":500,\"height\":250,\"caption\":\"R\u00e9plique Manga Cin\u00e9\"},\"image\":{\"@id\":\"https:\\\/\\\/repliquemangacine.fr\\\/#\\\/schema\\\/logo\\\/image\\\/\"},\"sameAs\":[\"https:\\\/\\\/www.facebook.com\\\/RepliqueMangaCine\",\"https:\\\/\\\/www.instagram.com\\\/repliquemangacine.fr\\\/\"]}]}<\/script>\n<!-- \/ Yoast SEO plugin. -->","yoast_head_json":{"title":"Confederate Revolver 1860 gealtert - Reproduktion Denix Waffen | RMC","description":"Entdecken Sie den von Denix gealterten Confederate Revolver 1860: eine authentische und detaillierte Replik, ideal f\u00fcr Sammler und Geschichtsliebhaber.","robots":{"index":"index","follow":"follow","max-snippet":"max-snippet:-1","max-image-preview":"max-image-preview:large","max-video-preview":"max-video-preview:-1"},"canonical":"https:\/\/repliquemangacine.fr\/de\/colt-pistole\/revolver-confedere-1860-gealtert\/","og_locale":"de_DE","og_type":"article","og_title":"Revolver Conf\u00e9d\u00e9r\u00e9 1860 vieilli - Reproduction armes Denix | RMC","og_description":"D\u00e9couvrez le Revolver Conf\u00e9d\u00e9r\u00e9 1860 vieilli par Denix : une r\u00e9plique authentique et d\u00e9taill\u00e9e, id\u00e9ale pour collectionneurs et passionn\u00e9s d\u2019histoire.","og_url":"https:\/\/repliquemangacine.fr\/de\/colt-pistole\/revolver-confedere-1860-gealtert\/","og_site_name":"R\u00e9plique Manga Cin\u00e9","article_publisher":"https:\/\/www.facebook.com\/RepliqueMangaCine","article_modified_time":"2026-04-12T15:59:02+00:00","og_image":[{"width":800,"height":800,"url":"https:\/\/repliquemangacine.fr\/wp-content\/uploads\/2024\/11\/Revolver-Confedere-1860-vieilli.jpg","type":"image\/jpeg"}],"twitter_card":"summary_large_image","twitter_misc":{"Gesch\u00e4tzte Lesezeit":"3\u00a0Minuten"},"schema":{"@context":"https:\/\/schema.org","@graph":[{"@type":"WebPage","@id":"https:\/\/repliquemangacine.fr\/colt-pistolet\/revolver-confedere-1860-vieilli\/","url":"https:\/\/repliquemangacine.fr\/colt-pistolet\/revolver-confedere-1860-vieilli\/","name":"Confederate Revolver 1860 gealtert - Reproduktion Denix Waffen | RMC","isPartOf":{"@id":"https:\/\/repliquemangacine.fr\/#website"},"primaryImageOfPage":{"@id":"https:\/\/repliquemangacine.fr\/colt-pistolet\/revolver-confedere-1860-vieilli\/#primaryimage"},"image":{"@id":"https:\/\/repliquemangacine.fr\/colt-pistolet\/revolver-confedere-1860-vieilli\/#primaryimage"},"thumbnailUrl":"https:\/\/repliquemangacine.fr\/wp-content\/uploads\/2024\/11\/Revolver-Confedere-1860-vieilli.jpg","datePublished":"2024-11-24T11:20:47+00:00","dateModified":"2026-04-12T15:59:02+00:00","description":"Entdecken Sie den von Denix gealterten Confederate Revolver 1860: eine authentische und detaillierte Replik, ideal f\u00fcr Sammler und Geschichtsliebhaber.","breadcrumb":{"@id":"https:\/\/repliquemangacine.fr\/colt-pistolet\/revolver-confedere-1860-vieilli\/#breadcrumb"},"inLanguage":"de","potentialAction":[{"@type":"ReadAction","target":["https:\/\/repliquemangacine.fr\/colt-pistolet\/revolver-confedere-1860-vieilli\/"]}]},{"@type":"ImageObject","inLanguage":"de","@id":"https:\/\/repliquemangacine.fr\/colt-pistolet\/revolver-confedere-1860-vieilli\/#primaryimage","url":"https:\/\/repliquemangacine.fr\/wp-content\/uploads\/2024\/11\/Revolver-Confedere-1860-vieilli.jpg","contentUrl":"https:\/\/repliquemangacine.fr\/wp-content\/uploads\/2024\/11\/Revolver-Confedere-1860-vieilli.jpg","width":800,"height":800,"caption":"Revolver Conf\u00e9d\u00e9r\u00e9 1860 vieilli denix"},{"@type":"BreadcrumbList","@id":"https:\/\/repliquemangacine.fr\/colt-pistolet\/revolver-confedere-1860-vieilli\/#breadcrumb","itemListElement":[{"@type":"ListItem","position":1,"name":"Accueil","item":"https:\/\/repliquemangacine.fr\/"},{"@type":"ListItem","position":2,"name":"Produits","item":"https:\/\/repliquemangacine.fr\/boutique\/"},{"@type":"ListItem","position":3,"name":"Revolver Conf\u00e9d\u00e9r\u00e9 1860 vieilli"}]},{"@type":"WebSite","@id":"https:\/\/repliquemangacine.fr\/#website","url":"https:\/\/repliquemangacine.fr\/","name":"R\u00e9plique Manga Cin\u00e9","description":"","publisher":{"@id":"https:\/\/repliquemangacine.fr\/#organization"},"potentialAction":[{"@type":"SearchAction","target":{"@type":"EntryPoint","urlTemplate":"https:\/\/repliquemangacine.fr\/?s={search_term_string}"},"query-input":{"@type":"PropertyValueSpecification","valueRequired":true,"valueName":"search_term_string"}}],"inLanguage":"de"},{"@type":"Organization","@id":"https:\/\/repliquemangacine.fr\/#organization","name":"R\u00e9plique Manga Cin\u00e9","url":"https:\/\/repliquemangacine.fr\/","logo":{"@type":"ImageObject","inLanguage":"de","@id":"https:\/\/repliquemangacine.fr\/#\/schema\/logo\/image\/","url":"https:\/\/repliquemangacine.fr\/wp-content\/uploads\/2023\/10\/RMC-500250.png","contentUrl":"https:\/\/repliquemangacine.fr\/wp-content\/uploads\/2023\/10\/RMC-500250.png","width":500,"height":250,"caption":"R\u00e9plique Manga Cin\u00e9"},"image":{"@id":"https:\/\/repliquemangacine.fr\/#\/schema\/logo\/image\/"},"sameAs":["https:\/\/www.facebook.com\/RepliqueMangaCine","https:\/\/www.instagram.com\/repliquemangacine.fr\/"]}]}},"_links":{"self":[{"href":"https:\/\/repliquemangacine.fr\/de\/wp-json\/wp\/v2\/product\/78334","targetHints":{"allow":["GET"]}}],"collection":[{"href":"https:\/\/repliquemangacine.fr\/de\/wp-json\/wp\/v2\/product"}],"about":[{"href":"https:\/\/repliquemangacine.fr\/de\/wp-json\/wp\/v2\/types\/product"}],"wp:featuredmedia":[{"embeddable":true,"href":"https:\/\/repliquemangacine.fr\/de\/wp-json\/wp\/v2\/media\/84705"}],"wp:attachment":[{"href":"https:\/\/repliquemangacine.fr\/de\/wp-json\/wp\/v2\/media?parent=78334"}],"wp:term":[{"taxonomy":"product_brand","embeddable":true,"href":"https:\/\/repliquemangacine.fr\/de\/wp-json\/wp\/v2\/product_brand?post=78334"},{"taxonomy":"product_cat","embeddable":true,"href":"https:\/\/repliquemangacine.fr\/de\/wp-json\/wp\/v2\/product_cat?post=78334"},{"taxonomy":"product_tag","embeddable":true,"href":"https:\/\/repliquemangacine.fr\/de\/wp-json\/wp\/v2\/product_tag?post=78334"}],"curies":[{"name":"wp","href":"https:\/\/api.w.org\/{rel}","templated":true}]}}