





{"id":78310,"date":"2024-11-23T17:41:33","date_gmt":"2024-11-23T16:41:33","guid":{"rendered":"https:\/\/repliquemangacine.fr\/?post_type=product&#038;p=78310"},"modified":"2026-04-02T03:47:21","modified_gmt":"2026-04-02T01:47:21","slug":"katana-shuisui-hand-made-one-piece","status":"publish","type":"product","link":"https:\/\/repliquemangacine.fr\/de\/katana-en-metal-one-piece\/katana-shuisui-hand-made-one-piece\/","title":{"rendered":"Katana Shusui Hand Made - One Piece"},"content":{"rendered":"<h2>Das Katana Shusui Hand Made: Die Verfluchte mit dem legend\u00e4ren Prestige<\/h2>\n<p>Das Katana Shusui Hand Made, auch bekannt als \"die Verfluchte\", eine ikonische Waffe aus <a href=\"https:\/\/onepiece.fandom.com\/fr\/wiki\/Roronoa_Zoro\" target=\"_blank\" rel=\"noopener noreferrer\">Roronoa Zoro<\/a> aus One Piece. Als Teil der 21 \u014c Wazamono ist diese schwarze Klinge f\u00fcr ihre au\u00dfergew\u00f6hnliche Robustheit und ihr faszinierendes Design bekannt. Dieses vollst\u00e4ndig von Hand gefertigte Katana verf\u00fcgt \u00fcber eine vorgeschliffene Klinge aus Kohlenstoffstahl und ist ideal f\u00fcr Sammler, die Wert auf Authentizit\u00e4t und Qualit\u00e4t legen. Die Holzscheide ist mit schwarzem Lack \u00fcberzogen, der mit rosafarbenen Ideogrammen verziert ist, und spiegelt seinen geheimnisvollen und furchteinfl\u00f6\u00dfenden Charakter perfekt wider. Sein Griff aus Rochenhaut, die mit schwarzer Baumwolle umflochten ist, bietet einen festen und angenehmen Halt. Das Shusui ist mehr als nur ein Schwert: Es symbolisiert die Z\u00e4higkeit und das Erbe gro\u00dfer Krieger und verk\u00f6rpert die Verbindung zwischen der Kunst des Kampfes und der Beherrschung des Schwertes. Ein legend\u00e4res Schwert f\u00fcr diejenigen, die es wagen, das Schicksal herauszufordern.<\/p>\n<h2>Die anderen mythischen Schwerter aus One Piece<\/h2>\n<p>Das Universum von One Piece ist voll von Schwertern und Waffen, die so einzigartig sind wie ihre Tr\u00e4ger. Das <a href=\"https:\/\/repliquemangacine.fr\/de\/katana-aus-metall-one-piece\/katana-wado-ichimonji-handmade-one-piece\/\">Wado Ichimonji<\/a>eines von Zoros wertvollsten Schwertern, ist ein Symbol der Ehre und des Respekts f\u00fcr seinen ehemaligen Meister. Die <a href=\"https:\/\/repliquemangacine.fr\/de\/repliken-manga-videospiele\/brook-epee-stock\/\">Brooks Stock<\/a>Das Katana, hinter dem sich ein feines Schwert verbirgt, spiegelt die Eleganz und den unnachahmlichen Stil dieser ungew\u00f6hnlichen Person wider. Das Katana <a href=\"https:\/\/repliquemangacine.fr\/de\/repliken-manga-videospiele\/ame-no-habakiri-katana-von-zoro-one-piece\/\">Ame no Habakiri<\/a>ist ber\u00fchmt f\u00fcr seine furchteinfl\u00f6\u00dfende Kraft und seine F\u00e4higkeit, die Energie seines Tr\u00e4gers zu absorbieren, was eine absolute Kontrolle erfordert. Schlie\u00dflich ist der <a href=\"https:\/\/repliquemangacine.fr\/de\/katana-aus-metall-one-piece\/sabel-von-gold-rogers-one-piece\/\">S\u00e4bel von Gol D. Roger<\/a> bleibt ein faszinierendes Geheimnis, das mit einer mythischen Aura aufgeladen ist, genau wie sein Besitzer. Au\u00dferdem hat jede Waffe in diesem Universum eine fesselnde Geschichte, und diese originalgetreuen Nachbildungen erm\u00f6glichen es den Fans, sich mit dem Wesen der Charaktere, die sie f\u00fchren, zu verbinden.<\/p>\n<h2>Warum sollte man sich f\u00fcr das Katana Shusui Hand Made entscheiden und wie pflegt man es?<\/h2>\n<p>Das Shusui ist eine unumg\u00e4ngliche Wahl f\u00fcr One Piece-Fans und Liebhaber au\u00dfergew\u00f6hnlicher Klingen. Seine handwerkliche Herstellung und die gepflegten Details machen es zu einem einzigartigen St\u00fcck. Ideal, um eine Sammlung zu bereichern oder eine Dekoration zu sublimieren. Dieses Katana, das zugleich geheimnisvoll und prestigetr\u00e4chtig ist, verk\u00f6rpert die Kraft und Entschlossenheit der Samurai. Um es zu pflegen, reinigen Sie die Klinge regelm\u00e4\u00dfig mit einem weichen Tuch. Tragen Sie eine d\u00fcnne Schicht \u00d6l auf, um Rost vorzubeugen. Behandeln Sie die Scheide vorsichtig, um die Lackmuster zu erhalten. Halten Sie den Griff trocken, um das schwarze Baumwollgeflecht in gutem Zustand zu erhalten. Bewahren Sie es schlie\u00dflich an einem trockenen und sicheren Ort auf, um seine Langlebigkeit zu gew\u00e4hrleisten. Zusammenfassend l\u00e4sst sich sagen, dass Sie mit dem Shusui nicht nur ein Schwert besitzen, sondern auch einen Teil der Legende von One Piece \u00fcbernehmen.<\/p>","protected":false},"excerpt":{"rendered":"<p>Wundersch\u00f6ne Replik des Katanas von Shusui, bekannt als \"Die Verfluchte\" aus One Piece.<\/p>\n<ul>\n<li>Vollst\u00e4ndig handgefertigt<\/li>\n<li>Klinge aus Karbonstahl mit verzierter Hohlkehle<\/li>\n<li>Vorgesch\u00e4rfte Klinge<\/li>\n<li>Schwarz lackierte Holzscheide mit Ideogramm<\/li>\n<li>Griff Rochenhaut, \u00fcberzogen mit einem schwarzen Baumwollgeflecht<\/li>\n<li>Wird mit einer Schutzh\u00fclle geliefert.<\/li>\n<li>L\u00e4nge der Klinge: 71.5 cm - Gesamtl\u00e4nge: 105 cm<\/li>\n<li>Gewicht mit Scheide: 1262 gr<\/li>\n<\/ul>","protected":false},"featured_media":78311,"template":"","meta":[],"product_brand":[896],"product_cat":[123,36],"product_tag":[],"class_list":{"0":"post-78310","1":"product","2":"type-product","3":"status-publish","4":"has-post-thumbnail","6":"product_brand-replique-manga-cine","7":"product_cat-katana-en-metal-one-piece","8":"product_cat-katana-one-piece","10":"first","11":"instock","12":"taxable","13":"shipping-taxable","14":"purchasable","15":"product-type-simple"},"yoast_head":"<!-- This site is optimized with the Yoast SEO plugin v27.5 - https:\/\/yoast.com\/product\/yoast-seo-wordpress\/ -->\n<title>Katana Shusui Hand Made - One Piece - R\u00e9plique Manga Cin\u00e9<\/title>\n<meta name=\"description\" content=\"Superbe r\u00e9plique du Katana Shusui Hand Made dans One Piece. Lame en acier carbone d\u00e9cor\u00e9e et pr\u00e9-aff\u00fbt\u00e9e. Fait \u00e0 la main. Fourreau laqu\u00e9 avec d\u00e9cors\" \/>\n<meta name=\"robots\" content=\"index, follow, max-snippet:-1, max-image-preview:large, max-video-preview:-1\" \/>\n<link rel=\"canonical\" href=\"https:\/\/repliquemangacine.fr\/de\/katana-aus-metall-one-piece\/katana-shuisui-hand-made-one-piece\/\" \/>\n<meta property=\"og:locale\" content=\"de_DE\" \/>\n<meta property=\"og:type\" content=\"article\" \/>\n<meta property=\"og:title\" content=\"Katana Shusui Hand Made - One Piece - R\u00e9plique Manga Cin\u00e9\" \/>\n<meta property=\"og:description\" content=\"Superbe r\u00e9plique du Katana Shusui Hand Made dans One Piece. Lame en acier carbone d\u00e9cor\u00e9e et pr\u00e9-aff\u00fbt\u00e9e. Fait \u00e0 la main. Fourreau laqu\u00e9 avec d\u00e9cors\" \/>\n<meta property=\"og:url\" content=\"https:\/\/repliquemangacine.fr\/de\/katana-aus-metall-one-piece\/katana-shuisui-hand-made-one-piece\/\" \/>\n<meta property=\"og:site_name\" content=\"R\u00e9plique Manga Cin\u00e9\" \/>\n<meta property=\"article:publisher\" content=\"https:\/\/www.facebook.com\/RepliqueMangaCine\" \/>\n<meta property=\"article:modified_time\" content=\"2026-04-02T01:47:21+00:00\" \/>\n<meta property=\"og:image\" content=\"https:\/\/repliquemangacine.fr\/wp-content\/uploads\/2024\/11\/katana-shushui-one-piece.jpg\" \/>\n\t<meta property=\"og:image:width\" content=\"500\" \/>\n\t<meta property=\"og:image:height\" content=\"500\" \/>\n\t<meta property=\"og:image:type\" content=\"image\/jpeg\" \/>\n<meta name=\"twitter:card\" content=\"summary_large_image\" \/>\n<meta name=\"twitter:label1\" content=\"Gesch\u00e4tzte Lesezeit\" \/>\n\t<meta name=\"twitter:data1\" content=\"3\u00a0Minuten\" \/>\n<script type=\"application\/ld+json\" class=\"yoast-schema-graph\">{\"@context\":\"https:\\\/\\\/schema.org\",\"@graph\":[{\"@type\":\"WebPage\",\"@id\":\"https:\\\/\\\/repliquemangacine.fr\\\/katana-en-metal-one-piece\\\/katana-shuisui-hand-made-one-piece\\\/\",\"url\":\"https:\\\/\\\/repliquemangacine.fr\\\/katana-en-metal-one-piece\\\/katana-shuisui-hand-made-one-piece\\\/\",\"name\":\"Katana Shusui Hand Made - One Piece - R\u00e9plique Manga Cin\u00e9\",\"isPartOf\":{\"@id\":\"https:\\\/\\\/repliquemangacine.fr\\\/#website\"},\"primaryImageOfPage\":{\"@id\":\"https:\\\/\\\/repliquemangacine.fr\\\/katana-en-metal-one-piece\\\/katana-shuisui-hand-made-one-piece\\\/#primaryimage\"},\"image\":{\"@id\":\"https:\\\/\\\/repliquemangacine.fr\\\/katana-en-metal-one-piece\\\/katana-shuisui-hand-made-one-piece\\\/#primaryimage\"},\"thumbnailUrl\":\"https:\\\/\\\/repliquemangacine.fr\\\/wp-content\\\/uploads\\\/2024\\\/11\\\/katana-shushui-one-piece.jpg\",\"datePublished\":\"2024-11-23T16:41:33+00:00\",\"dateModified\":\"2026-04-02T01:47:21+00:00\",\"description\":\"Superbe r\u00e9plique du Katana Shusui Hand Made dans One Piece. Lame en acier carbone d\u00e9cor\u00e9e et pr\u00e9-aff\u00fbt\u00e9e. Fait \u00e0 la main. Fourreau laqu\u00e9 avec d\u00e9cors\",\"breadcrumb\":{\"@id\":\"https:\\\/\\\/repliquemangacine.fr\\\/katana-en-metal-one-piece\\\/katana-shuisui-hand-made-one-piece\\\/#breadcrumb\"},\"inLanguage\":\"de\",\"potentialAction\":[{\"@type\":\"ReadAction\",\"target\":[\"https:\\\/\\\/repliquemangacine.fr\\\/katana-en-metal-one-piece\\\/katana-shuisui-hand-made-one-piece\\\/\"]}]},{\"@type\":\"ImageObject\",\"inLanguage\":\"de\",\"@id\":\"https:\\\/\\\/repliquemangacine.fr\\\/katana-en-metal-one-piece\\\/katana-shuisui-hand-made-one-piece\\\/#primaryimage\",\"url\":\"https:\\\/\\\/repliquemangacine.fr\\\/wp-content\\\/uploads\\\/2024\\\/11\\\/katana-shushui-one-piece.jpg\",\"contentUrl\":\"https:\\\/\\\/repliquemangacine.fr\\\/wp-content\\\/uploads\\\/2024\\\/11\\\/katana-shushui-one-piece.jpg\",\"width\":500,\"height\":500,\"caption\":\"Katana Shuisui Hand Made One Piece\"},{\"@type\":\"BreadcrumbList\",\"@id\":\"https:\\\/\\\/repliquemangacine.fr\\\/katana-en-metal-one-piece\\\/katana-shuisui-hand-made-one-piece\\\/#breadcrumb\",\"itemListElement\":[{\"@type\":\"ListItem\",\"position\":1,\"name\":\"Accueil\",\"item\":\"https:\\\/\\\/repliquemangacine.fr\\\/\"},{\"@type\":\"ListItem\",\"position\":2,\"name\":\"Produits\",\"item\":\"https:\\\/\\\/repliquemangacine.fr\\\/boutique\\\/\"},{\"@type\":\"ListItem\",\"position\":3,\"name\":\"Katana Shusui Hand Made &#8211; One Piece\"}]},{\"@type\":\"WebSite\",\"@id\":\"https:\\\/\\\/repliquemangacine.fr\\\/#website\",\"url\":\"https:\\\/\\\/repliquemangacine.fr\\\/\",\"name\":\"R\u00e9plique Manga Cin\u00e9\",\"description\":\"\",\"publisher\":{\"@id\":\"https:\\\/\\\/repliquemangacine.fr\\\/#organization\"},\"potentialAction\":[{\"@type\":\"SearchAction\",\"target\":{\"@type\":\"EntryPoint\",\"urlTemplate\":\"https:\\\/\\\/repliquemangacine.fr\\\/?s={search_term_string}\"},\"query-input\":{\"@type\":\"PropertyValueSpecification\",\"valueRequired\":true,\"valueName\":\"search_term_string\"}}],\"inLanguage\":\"de\"},{\"@type\":\"Organization\",\"@id\":\"https:\\\/\\\/repliquemangacine.fr\\\/#organization\",\"name\":\"R\u00e9plique Manga Cin\u00e9\",\"url\":\"https:\\\/\\\/repliquemangacine.fr\\\/\",\"logo\":{\"@type\":\"ImageObject\",\"inLanguage\":\"de\",\"@id\":\"https:\\\/\\\/repliquemangacine.fr\\\/#\\\/schema\\\/logo\\\/image\\\/\",\"url\":\"https:\\\/\\\/repliquemangacine.fr\\\/wp-content\\\/uploads\\\/2023\\\/10\\\/RMC-500250.png\",\"contentUrl\":\"https:\\\/\\\/repliquemangacine.fr\\\/wp-content\\\/uploads\\\/2023\\\/10\\\/RMC-500250.png\",\"width\":500,\"height\":250,\"caption\":\"R\u00e9plique Manga Cin\u00e9\"},\"image\":{\"@id\":\"https:\\\/\\\/repliquemangacine.fr\\\/#\\\/schema\\\/logo\\\/image\\\/\"},\"sameAs\":[\"https:\\\/\\\/www.facebook.com\\\/RepliqueMangaCine\",\"https:\\\/\\\/www.instagram.com\\\/repliquemangacine.fr\\\/\"]}]}<\/script>\n<!-- \/ Yoast SEO plugin. -->","yoast_head_json":{"title":"Katana Shusui Hand Made - One Piece - R\u00e9plique Manga Cin\u00e9","description":"Wundersch\u00f6ne Replik des Katana Shusui Hand Made in One Piece. Verzierte und vorgeschliffene Klinge aus Kohlenstoffstahl. Von Hand gefertigt. Lackierte Scheide mit Verzierungen","robots":{"index":"index","follow":"follow","max-snippet":"max-snippet:-1","max-image-preview":"max-image-preview:large","max-video-preview":"max-video-preview:-1"},"canonical":"https:\/\/repliquemangacine.fr\/de\/katana-aus-metall-one-piece\/katana-shuisui-hand-made-one-piece\/","og_locale":"de_DE","og_type":"article","og_title":"Katana Shusui Hand Made - One Piece - R\u00e9plique Manga Cin\u00e9","og_description":"Superbe r\u00e9plique du Katana Shusui Hand Made dans One Piece. Lame en acier carbone d\u00e9cor\u00e9e et pr\u00e9-aff\u00fbt\u00e9e. Fait \u00e0 la main. Fourreau laqu\u00e9 avec d\u00e9cors","og_url":"https:\/\/repliquemangacine.fr\/de\/katana-aus-metall-one-piece\/katana-shuisui-hand-made-one-piece\/","og_site_name":"R\u00e9plique Manga Cin\u00e9","article_publisher":"https:\/\/www.facebook.com\/RepliqueMangaCine","article_modified_time":"2026-04-02T01:47:21+00:00","og_image":[{"width":500,"height":500,"url":"https:\/\/repliquemangacine.fr\/wp-content\/uploads\/2024\/11\/katana-shushui-one-piece.jpg","type":"image\/jpeg"}],"twitter_card":"summary_large_image","twitter_misc":{"Gesch\u00e4tzte Lesezeit":"3\u00a0Minuten"},"schema":{"@context":"https:\/\/schema.org","@graph":[{"@type":"WebPage","@id":"https:\/\/repliquemangacine.fr\/katana-en-metal-one-piece\/katana-shuisui-hand-made-one-piece\/","url":"https:\/\/repliquemangacine.fr\/katana-en-metal-one-piece\/katana-shuisui-hand-made-one-piece\/","name":"Katana Shusui Hand Made - One Piece - R\u00e9plique Manga Cin\u00e9","isPartOf":{"@id":"https:\/\/repliquemangacine.fr\/#website"},"primaryImageOfPage":{"@id":"https:\/\/repliquemangacine.fr\/katana-en-metal-one-piece\/katana-shuisui-hand-made-one-piece\/#primaryimage"},"image":{"@id":"https:\/\/repliquemangacine.fr\/katana-en-metal-one-piece\/katana-shuisui-hand-made-one-piece\/#primaryimage"},"thumbnailUrl":"https:\/\/repliquemangacine.fr\/wp-content\/uploads\/2024\/11\/katana-shushui-one-piece.jpg","datePublished":"2024-11-23T16:41:33+00:00","dateModified":"2026-04-02T01:47:21+00:00","description":"Wundersch\u00f6ne Replik des Katana Shusui Hand Made in One Piece. Verzierte und vorgeschliffene Klinge aus Kohlenstoffstahl. Von Hand gefertigt. Lackierte Scheide mit Verzierungen","breadcrumb":{"@id":"https:\/\/repliquemangacine.fr\/katana-en-metal-one-piece\/katana-shuisui-hand-made-one-piece\/#breadcrumb"},"inLanguage":"de","potentialAction":[{"@type":"ReadAction","target":["https:\/\/repliquemangacine.fr\/katana-en-metal-one-piece\/katana-shuisui-hand-made-one-piece\/"]}]},{"@type":"ImageObject","inLanguage":"de","@id":"https:\/\/repliquemangacine.fr\/katana-en-metal-one-piece\/katana-shuisui-hand-made-one-piece\/#primaryimage","url":"https:\/\/repliquemangacine.fr\/wp-content\/uploads\/2024\/11\/katana-shushui-one-piece.jpg","contentUrl":"https:\/\/repliquemangacine.fr\/wp-content\/uploads\/2024\/11\/katana-shushui-one-piece.jpg","width":500,"height":500,"caption":"Katana Shuisui Hand Made One Piece"},{"@type":"BreadcrumbList","@id":"https:\/\/repliquemangacine.fr\/katana-en-metal-one-piece\/katana-shuisui-hand-made-one-piece\/#breadcrumb","itemListElement":[{"@type":"ListItem","position":1,"name":"Accueil","item":"https:\/\/repliquemangacine.fr\/"},{"@type":"ListItem","position":2,"name":"Produits","item":"https:\/\/repliquemangacine.fr\/boutique\/"},{"@type":"ListItem","position":3,"name":"Katana Shusui Hand Made &#8211; One Piece"}]},{"@type":"WebSite","@id":"https:\/\/repliquemangacine.fr\/#website","url":"https:\/\/repliquemangacine.fr\/","name":"R\u00e9plique Manga Cin\u00e9","description":"","publisher":{"@id":"https:\/\/repliquemangacine.fr\/#organization"},"potentialAction":[{"@type":"SearchAction","target":{"@type":"EntryPoint","urlTemplate":"https:\/\/repliquemangacine.fr\/?s={search_term_string}"},"query-input":{"@type":"PropertyValueSpecification","valueRequired":true,"valueName":"search_term_string"}}],"inLanguage":"de"},{"@type":"Organization","@id":"https:\/\/repliquemangacine.fr\/#organization","name":"R\u00e9plique Manga Cin\u00e9","url":"https:\/\/repliquemangacine.fr\/","logo":{"@type":"ImageObject","inLanguage":"de","@id":"https:\/\/repliquemangacine.fr\/#\/schema\/logo\/image\/","url":"https:\/\/repliquemangacine.fr\/wp-content\/uploads\/2023\/10\/RMC-500250.png","contentUrl":"https:\/\/repliquemangacine.fr\/wp-content\/uploads\/2023\/10\/RMC-500250.png","width":500,"height":250,"caption":"R\u00e9plique Manga Cin\u00e9"},"image":{"@id":"https:\/\/repliquemangacine.fr\/#\/schema\/logo\/image\/"},"sameAs":["https:\/\/www.facebook.com\/RepliqueMangaCine","https:\/\/www.instagram.com\/repliquemangacine.fr\/"]}]}},"_links":{"self":[{"href":"https:\/\/repliquemangacine.fr\/de\/wp-json\/wp\/v2\/product\/78310","targetHints":{"allow":["GET"]}}],"collection":[{"href":"https:\/\/repliquemangacine.fr\/de\/wp-json\/wp\/v2\/product"}],"about":[{"href":"https:\/\/repliquemangacine.fr\/de\/wp-json\/wp\/v2\/types\/product"}],"wp:featuredmedia":[{"embeddable":true,"href":"https:\/\/repliquemangacine.fr\/de\/wp-json\/wp\/v2\/media\/78311"}],"wp:attachment":[{"href":"https:\/\/repliquemangacine.fr\/de\/wp-json\/wp\/v2\/media?parent=78310"}],"wp:term":[{"taxonomy":"product_brand","embeddable":true,"href":"https:\/\/repliquemangacine.fr\/de\/wp-json\/wp\/v2\/product_brand?post=78310"},{"taxonomy":"product_cat","embeddable":true,"href":"https:\/\/repliquemangacine.fr\/de\/wp-json\/wp\/v2\/product_cat?post=78310"},{"taxonomy":"product_tag","embeddable":true,"href":"https:\/\/repliquemangacine.fr\/de\/wp-json\/wp\/v2\/product_tag?post=78310"}],"curies":[{"name":"wp","href":"https:\/\/api.w.org\/{rel}","templated":true}]}}