





{"id":78303,"date":"2024-11-23T16:56:58","date_gmt":"2024-11-23T15:56:58","guid":{"rendered":"https:\/\/repliquemangacine.fr\/?post_type=product&#038;p=78303"},"modified":"2026-04-11T00:11:46","modified_gmt":"2026-04-10T22:11:46","slug":"katana-sandai-kitetsu-handmade-one-piece","status":"publish","type":"product","link":"https:\/\/repliquemangacine.fr\/de\/katana-one-piece\/katana-sandai-kitetsu-handmade-one-piece\/","title":{"rendered":"Katana Sandai Kitetsu HandMade - One Piece"},"content":{"rendered":"<h2>Das Katana Sandai Kitetsu HandMade: Der Schatten des Fluchs<\/h2>\n<p>Erstens: Das Katana Sanda\u00ef Kitetsu HandMade, das in One Piece von Roronoa Zoro gef\u00fchrt wird und eine der faszinierendsten Klingen des Universums ist. Als Teil der Wazamono ist sie als verfluchte Klinge bekannt, die ihren unvorsichtigen Tr\u00e4gern Ungl\u00fcck bringt. Dieses Katana wird in sorgf\u00e4ltiger Handarbeit hergestellt und zeichnet sich durch seine vorgeschliffene Karbonstahlklinge aus, die sich ideal f\u00fcr Sammler eignet, die auf der Suche nach Authentizit\u00e4t sind. Seine rot lackierte Holzscheide mit goldenen Metallverzierungen und einem roten Baumwollgeflecht in der Mitte ist ein Meisterwerk der Eleganz. Der mit Rochenhaut \u00fcberzogene und mit roter Baumwolle umflochtene Griff bietet einen bequemen und stabilen Halt. Zusammenfassend l\u00e4sst sich sagen, dass das Sandai Kitetsu die Herausforderung und Entschlossenheit verk\u00f6rpert von <a href=\"https:\/\/onepiece.fandom.com\/fr\/wiki\/Roronoa_Zoro\" target=\"_blank\" rel=\"noopener noreferrer\">Zoro<\/a>Er ist bereit, diese legend\u00e4re Klinge trotz ihrer Gefahren zu beherrschen.<\/p>\n<h2>Die anderen legend\u00e4ren Klingen aus One Piece<\/h2>\n<p>Die Welt von One Piece ist voll von faszinierenden Schwertern und S\u00e4beln. Zum einen ist das <a href=\"https:\/\/repliquemangacine.fr\/de\/repliken-manga-videospiele\/nidai-kitetsu-schwert-von-luffy-one-piece\/\">Nidai Kitetsu<\/a>Ein Schwert, das einst von Luffy benutzt wurde. Eine legend\u00e4re Klinge, die noch m\u00e4chtiger als das Sandai Kitetsu ist und einen \u00e4hnlichen Ruf als Fluch hat. Es gibt auch das<a href=\"https:\/\/repliquemangacine.fr\/de\/repliken-manga-videospiele\/schwert-von-shanks-dem-rothaarigen\/\">Schwert von Shanks dem Rothaarigen<\/a>Obwohl sie mysteri\u00f6s ist, symbolisiert sie die Macht und das Charisma eines der vier Kaiser. Was den <a href=\"https:\/\/repliquemangacine.fr\/de\/repliken-manga-videospiele\/enma-katana-von-zoro-one-piece\/\">Enma-Katana<\/a>Zoro ist ber\u00fchmt f\u00fcr seine F\u00e4higkeit, seinem Tr\u00e4ger die Energie zu entziehen. Das erfordert absolute Kontrolle. Schlie\u00dflich gibt es noch das <a href=\"https:\/\/repliquemangacine.fr\/de\/repliken-manga-videospiele\/sabel-kokuto-yoru-dracule-schwert-mihawk-one-piece\/\">Yoru-Schwert<\/a>Mihawk schwingt eine riesige schwarze Klinge. Gilt als eine der zw\u00f6lf Saijo \u014c Wazamono, den besten Klingen der Welt. Diese Repliken, Embleme der Helden und Antagonisten von One Piece, sind ideal f\u00fcr Fans, die ihren Lieblingscharakteren n\u00e4herkommen m\u00f6chten.<\/p>\n<h2>Warum sollte man sich f\u00fcr die HandMade Sandai Kitetsu Katana entscheiden und wie pflegt man sie?<\/h2>\n<p>Das Sandai Kitetsu ist die perfekte Wahl f\u00fcr jeden Sammler oder Liebhaber von One Piece-Schwertern. Seine handwerkliche Herstellung, die hochwertigen Materialien und das dem Manga getreue Design machen es zu einem au\u00dfergew\u00f6hnlichen St\u00fcck. Dieses Katana vereint Sch\u00f6nheit, Geschichte und Mysterium und verk\u00f6rpert den Geist der Samurai. Um den Glanz des Katanas zu erhalten, sollten Sie die Klinge regelm\u00e4\u00dfig mit einem weichen Tuch reinigen. Tragen Sie eine d\u00fcnne Schicht \u00d6l auf, um Rost vorzubeugen. Die lackierte Holzscheide sollte vorsichtig behandelt werden, um Kratzer zu vermeiden. W\u00e4hrend der Griff aus Baumwolle sauber und trocken gehalten werden muss. Bewahren Sie den S\u00e4bel an einem trockenen, vor Feuchtigkeit gesch\u00fctzten Ort auf, um eine lange Lebensdauer zu gew\u00e4hrleisten. Zusammenfassend l\u00e4sst sich sagen, dass Sie mit dem Sanda\u00ef Kitetsu eine legend\u00e4re Klinge erwerben, die Ihrer Sammlung einen einzigartigen Touch verleiht.<\/p>","protected":false},"excerpt":{"rendered":"<p>Wundersch\u00f6ne Nachbildung des Katanas von Zoro Sanda\u00ef Kitetsu aus One Piece.<\/p>\n<ul>\n<li><strong>Vollst\u00e4ndig handgefertigt<\/strong><\/li>\n<li>Klinge aus Karbonstahl mit Hohlkehle <strong>vorgesch\u00e4rft<\/strong><\/li>\n<li>Rot lackierte Holzscheide mit vergoldeten Beschl\u00e4gen und Baumwollgeflecht.<\/li>\n<li>Rochenhautgriff mit rotem Baumwollgeflecht \u00fcberzogen<\/li>\n<li>Wird mit einer Schutzh\u00fclle geliefert.<\/li>\n<li>L\u00e4nge der Klinge: 72.5 cm - Gesamtl\u00e4nge: 106 cm<\/li>\n<li>Gewicht mit Scheide: 1266 gr<\/li>\n<\/ul>","protected":false},"featured_media":78306,"template":"","meta":[],"product_brand":[896],"product_cat":[123,36],"product_tag":[],"class_list":{"0":"post-78303","1":"product","2":"type-product","3":"status-publish","4":"has-post-thumbnail","6":"product_brand-replique-manga-cine","7":"product_cat-katana-en-metal-one-piece","8":"product_cat-katana-one-piece","10":"first","11":"outofstock","12":"taxable","13":"shipping-taxable","14":"purchasable","15":"product-type-simple"},"yoast_head":"<!-- This site is optimized with the Yoast SEO plugin v27.5 - https:\/\/yoast.com\/product\/yoast-seo-wordpress\/ -->\n<title>Katana Sanda\u00ef Kitetsu HandMade - One Piece | R\u00e9plique Manga Cin\u00e9<\/title>\n<meta name=\"description\" content=\"Magnifique r\u00e9plique du Katana Sanda\u00ef Kitetsu HandMade dans One Piece. Ce sabre de Zoro \u00e0 une lame en acier carbone. Fait \u00e0 la main. Fourreau laqu\u00e9 et d\u00e9cor\u00e9\" \/>\n<meta name=\"robots\" content=\"index, follow, max-snippet:-1, max-image-preview:large, max-video-preview:-1\" \/>\n<link rel=\"canonical\" href=\"https:\/\/repliquemangacine.fr\/de\/katana-one-piece\/katana-sandai-kitetsu-handmade-one-piece\/\" \/>\n<meta property=\"og:locale\" content=\"de_DE\" \/>\n<meta property=\"og:type\" content=\"article\" \/>\n<meta property=\"og:title\" content=\"Katana Sanda\u00ef Kitetsu HandMade - One Piece | R\u00e9plique Manga Cin\u00e9\" \/>\n<meta property=\"og:description\" content=\"Magnifique r\u00e9plique du Katana Sanda\u00ef Kitetsu HandMade dans One Piece. Ce sabre de Zoro \u00e0 une lame en acier carbone. Fait \u00e0 la main. Fourreau laqu\u00e9 et d\u00e9cor\u00e9\" \/>\n<meta property=\"og:url\" content=\"https:\/\/repliquemangacine.fr\/de\/katana-one-piece\/katana-sandai-kitetsu-handmade-one-piece\/\" \/>\n<meta property=\"og:site_name\" content=\"R\u00e9plique Manga Cin\u00e9\" \/>\n<meta property=\"article:publisher\" content=\"https:\/\/www.facebook.com\/RepliqueMangaCine\" \/>\n<meta property=\"article:modified_time\" content=\"2026-04-10T22:11:46+00:00\" \/>\n<meta property=\"og:image\" content=\"https:\/\/repliquemangacine.fr\/wp-content\/uploads\/2024\/11\/katana-sandai-kitetsu-one-piece.jpg\" \/>\n\t<meta property=\"og:image:width\" content=\"500\" \/>\n\t<meta property=\"og:image:height\" content=\"500\" \/>\n\t<meta property=\"og:image:type\" content=\"image\/jpeg\" \/>\n<meta name=\"twitter:card\" content=\"summary_large_image\" \/>\n<meta name=\"twitter:label1\" content=\"Gesch\u00e4tzte Lesezeit\" \/>\n\t<meta name=\"twitter:data1\" content=\"3\u00a0Minuten\" \/>\n<script type=\"application\/ld+json\" class=\"yoast-schema-graph\">{\"@context\":\"https:\\\/\\\/schema.org\",\"@graph\":[{\"@type\":\"WebPage\",\"@id\":\"https:\\\/\\\/repliquemangacine.fr\\\/katana-one-piece\\\/katana-sandai-kitetsu-handmade-one-piece\\\/\",\"url\":\"https:\\\/\\\/repliquemangacine.fr\\\/katana-one-piece\\\/katana-sandai-kitetsu-handmade-one-piece\\\/\",\"name\":\"Katana Sanda\u00ef Kitetsu HandMade - One Piece | R\u00e9plique Manga Cin\u00e9\",\"isPartOf\":{\"@id\":\"https:\\\/\\\/repliquemangacine.fr\\\/#website\"},\"primaryImageOfPage\":{\"@id\":\"https:\\\/\\\/repliquemangacine.fr\\\/katana-one-piece\\\/katana-sandai-kitetsu-handmade-one-piece\\\/#primaryimage\"},\"image\":{\"@id\":\"https:\\\/\\\/repliquemangacine.fr\\\/katana-one-piece\\\/katana-sandai-kitetsu-handmade-one-piece\\\/#primaryimage\"},\"thumbnailUrl\":\"https:\\\/\\\/repliquemangacine.fr\\\/wp-content\\\/uploads\\\/2024\\\/11\\\/katana-sandai-kitetsu-one-piece.jpg\",\"datePublished\":\"2024-11-23T15:56:58+00:00\",\"dateModified\":\"2026-04-10T22:11:46+00:00\",\"description\":\"Magnifique r\u00e9plique du Katana Sanda\u00ef Kitetsu HandMade dans One Piece. Ce sabre de Zoro \u00e0 une lame en acier carbone. Fait \u00e0 la main. Fourreau laqu\u00e9 et d\u00e9cor\u00e9\",\"breadcrumb\":{\"@id\":\"https:\\\/\\\/repliquemangacine.fr\\\/katana-one-piece\\\/katana-sandai-kitetsu-handmade-one-piece\\\/#breadcrumb\"},\"inLanguage\":\"de\",\"potentialAction\":[{\"@type\":\"ReadAction\",\"target\":[\"https:\\\/\\\/repliquemangacine.fr\\\/katana-one-piece\\\/katana-sandai-kitetsu-handmade-one-piece\\\/\"]}]},{\"@type\":\"ImageObject\",\"inLanguage\":\"de\",\"@id\":\"https:\\\/\\\/repliquemangacine.fr\\\/katana-one-piece\\\/katana-sandai-kitetsu-handmade-one-piece\\\/#primaryimage\",\"url\":\"https:\\\/\\\/repliquemangacine.fr\\\/wp-content\\\/uploads\\\/2024\\\/11\\\/katana-sandai-kitetsu-one-piece.jpg\",\"contentUrl\":\"https:\\\/\\\/repliquemangacine.fr\\\/wp-content\\\/uploads\\\/2024\\\/11\\\/katana-sandai-kitetsu-one-piece.jpg\",\"width\":500,\"height\":500,\"caption\":\"Katana Sanda\u00ef Kitetsu HandMade One Piece\"},{\"@type\":\"BreadcrumbList\",\"@id\":\"https:\\\/\\\/repliquemangacine.fr\\\/katana-one-piece\\\/katana-sandai-kitetsu-handmade-one-piece\\\/#breadcrumb\",\"itemListElement\":[{\"@type\":\"ListItem\",\"position\":1,\"name\":\"Accueil\",\"item\":\"https:\\\/\\\/repliquemangacine.fr\\\/\"},{\"@type\":\"ListItem\",\"position\":2,\"name\":\"Produits\",\"item\":\"https:\\\/\\\/repliquemangacine.fr\\\/boutique\\\/\"},{\"@type\":\"ListItem\",\"position\":3,\"name\":\"Katana Sanda\u00ef Kitetsu HandMade &#8211; One Piece\"}]},{\"@type\":\"WebSite\",\"@id\":\"https:\\\/\\\/repliquemangacine.fr\\\/#website\",\"url\":\"https:\\\/\\\/repliquemangacine.fr\\\/\",\"name\":\"R\u00e9plique Manga Cin\u00e9\",\"description\":\"\",\"publisher\":{\"@id\":\"https:\\\/\\\/repliquemangacine.fr\\\/#organization\"},\"potentialAction\":[{\"@type\":\"SearchAction\",\"target\":{\"@type\":\"EntryPoint\",\"urlTemplate\":\"https:\\\/\\\/repliquemangacine.fr\\\/?s={search_term_string}\"},\"query-input\":{\"@type\":\"PropertyValueSpecification\",\"valueRequired\":true,\"valueName\":\"search_term_string\"}}],\"inLanguage\":\"de\"},{\"@type\":\"Organization\",\"@id\":\"https:\\\/\\\/repliquemangacine.fr\\\/#organization\",\"name\":\"R\u00e9plique Manga Cin\u00e9\",\"url\":\"https:\\\/\\\/repliquemangacine.fr\\\/\",\"logo\":{\"@type\":\"ImageObject\",\"inLanguage\":\"de\",\"@id\":\"https:\\\/\\\/repliquemangacine.fr\\\/#\\\/schema\\\/logo\\\/image\\\/\",\"url\":\"https:\\\/\\\/repliquemangacine.fr\\\/wp-content\\\/uploads\\\/2023\\\/10\\\/RMC-500250.png\",\"contentUrl\":\"https:\\\/\\\/repliquemangacine.fr\\\/wp-content\\\/uploads\\\/2023\\\/10\\\/RMC-500250.png\",\"width\":500,\"height\":250,\"caption\":\"R\u00e9plique Manga Cin\u00e9\"},\"image\":{\"@id\":\"https:\\\/\\\/repliquemangacine.fr\\\/#\\\/schema\\\/logo\\\/image\\\/\"},\"sameAs\":[\"https:\\\/\\\/www.facebook.com\\\/RepliqueMangaCine\",\"https:\\\/\\\/www.instagram.com\\\/repliquemangacine.fr\\\/\"]}]}<\/script>\n<!-- \/ Yoast SEO plugin. -->","yoast_head_json":{"title":"Katana Sandai Kitetsu HandMade - One Piece | R\u00e9plique Manga Cin\u00e9","description":"Wundersch\u00f6ne Replik des Katana Sanda\u00ef Kitetsu HandMade in One Piece. Dieses Schwert von Zoro hat eine Klinge aus Karbonstahl. Von Hand gefertigt. Lackierte und verzierte Scheide","robots":{"index":"index","follow":"follow","max-snippet":"max-snippet:-1","max-image-preview":"max-image-preview:large","max-video-preview":"max-video-preview:-1"},"canonical":"https:\/\/repliquemangacine.fr\/de\/katana-one-piece\/katana-sandai-kitetsu-handmade-one-piece\/","og_locale":"de_DE","og_type":"article","og_title":"Katana Sanda\u00ef Kitetsu HandMade - One Piece | R\u00e9plique Manga Cin\u00e9","og_description":"Magnifique r\u00e9plique du Katana Sanda\u00ef Kitetsu HandMade dans One Piece. Ce sabre de Zoro \u00e0 une lame en acier carbone. Fait \u00e0 la main. Fourreau laqu\u00e9 et d\u00e9cor\u00e9","og_url":"https:\/\/repliquemangacine.fr\/de\/katana-one-piece\/katana-sandai-kitetsu-handmade-one-piece\/","og_site_name":"R\u00e9plique Manga Cin\u00e9","article_publisher":"https:\/\/www.facebook.com\/RepliqueMangaCine","article_modified_time":"2026-04-10T22:11:46+00:00","og_image":[{"width":500,"height":500,"url":"https:\/\/repliquemangacine.fr\/wp-content\/uploads\/2024\/11\/katana-sandai-kitetsu-one-piece.jpg","type":"image\/jpeg"}],"twitter_card":"summary_large_image","twitter_misc":{"Gesch\u00e4tzte Lesezeit":"3\u00a0Minuten"},"schema":{"@context":"https:\/\/schema.org","@graph":[{"@type":"WebPage","@id":"https:\/\/repliquemangacine.fr\/katana-one-piece\/katana-sandai-kitetsu-handmade-one-piece\/","url":"https:\/\/repliquemangacine.fr\/katana-one-piece\/katana-sandai-kitetsu-handmade-one-piece\/","name":"Katana Sandai Kitetsu HandMade - One Piece | R\u00e9plique Manga Cin\u00e9","isPartOf":{"@id":"https:\/\/repliquemangacine.fr\/#website"},"primaryImageOfPage":{"@id":"https:\/\/repliquemangacine.fr\/katana-one-piece\/katana-sandai-kitetsu-handmade-one-piece\/#primaryimage"},"image":{"@id":"https:\/\/repliquemangacine.fr\/katana-one-piece\/katana-sandai-kitetsu-handmade-one-piece\/#primaryimage"},"thumbnailUrl":"https:\/\/repliquemangacine.fr\/wp-content\/uploads\/2024\/11\/katana-sandai-kitetsu-one-piece.jpg","datePublished":"2024-11-23T15:56:58+00:00","dateModified":"2026-04-10T22:11:46+00:00","description":"Wundersch\u00f6ne Replik des Katana Sanda\u00ef Kitetsu HandMade in One Piece. Dieses Schwert von Zoro hat eine Klinge aus Karbonstahl. Von Hand gefertigt. Lackierte und verzierte Scheide","breadcrumb":{"@id":"https:\/\/repliquemangacine.fr\/katana-one-piece\/katana-sandai-kitetsu-handmade-one-piece\/#breadcrumb"},"inLanguage":"de","potentialAction":[{"@type":"ReadAction","target":["https:\/\/repliquemangacine.fr\/katana-one-piece\/katana-sandai-kitetsu-handmade-one-piece\/"]}]},{"@type":"ImageObject","inLanguage":"de","@id":"https:\/\/repliquemangacine.fr\/katana-one-piece\/katana-sandai-kitetsu-handmade-one-piece\/#primaryimage","url":"https:\/\/repliquemangacine.fr\/wp-content\/uploads\/2024\/11\/katana-sandai-kitetsu-one-piece.jpg","contentUrl":"https:\/\/repliquemangacine.fr\/wp-content\/uploads\/2024\/11\/katana-sandai-kitetsu-one-piece.jpg","width":500,"height":500,"caption":"Katana Sanda\u00ef Kitetsu HandMade One Piece"},{"@type":"BreadcrumbList","@id":"https:\/\/repliquemangacine.fr\/katana-one-piece\/katana-sandai-kitetsu-handmade-one-piece\/#breadcrumb","itemListElement":[{"@type":"ListItem","position":1,"name":"Accueil","item":"https:\/\/repliquemangacine.fr\/"},{"@type":"ListItem","position":2,"name":"Produits","item":"https:\/\/repliquemangacine.fr\/boutique\/"},{"@type":"ListItem","position":3,"name":"Katana Sanda\u00ef Kitetsu HandMade &#8211; One Piece"}]},{"@type":"WebSite","@id":"https:\/\/repliquemangacine.fr\/#website","url":"https:\/\/repliquemangacine.fr\/","name":"R\u00e9plique Manga Cin\u00e9","description":"","publisher":{"@id":"https:\/\/repliquemangacine.fr\/#organization"},"potentialAction":[{"@type":"SearchAction","target":{"@type":"EntryPoint","urlTemplate":"https:\/\/repliquemangacine.fr\/?s={search_term_string}"},"query-input":{"@type":"PropertyValueSpecification","valueRequired":true,"valueName":"search_term_string"}}],"inLanguage":"de"},{"@type":"Organization","@id":"https:\/\/repliquemangacine.fr\/#organization","name":"R\u00e9plique Manga Cin\u00e9","url":"https:\/\/repliquemangacine.fr\/","logo":{"@type":"ImageObject","inLanguage":"de","@id":"https:\/\/repliquemangacine.fr\/#\/schema\/logo\/image\/","url":"https:\/\/repliquemangacine.fr\/wp-content\/uploads\/2023\/10\/RMC-500250.png","contentUrl":"https:\/\/repliquemangacine.fr\/wp-content\/uploads\/2023\/10\/RMC-500250.png","width":500,"height":250,"caption":"R\u00e9plique Manga Cin\u00e9"},"image":{"@id":"https:\/\/repliquemangacine.fr\/#\/schema\/logo\/image\/"},"sameAs":["https:\/\/www.facebook.com\/RepliqueMangaCine","https:\/\/www.instagram.com\/repliquemangacine.fr\/"]}]}},"_links":{"self":[{"href":"https:\/\/repliquemangacine.fr\/de\/wp-json\/wp\/v2\/product\/78303","targetHints":{"allow":["GET"]}}],"collection":[{"href":"https:\/\/repliquemangacine.fr\/de\/wp-json\/wp\/v2\/product"}],"about":[{"href":"https:\/\/repliquemangacine.fr\/de\/wp-json\/wp\/v2\/types\/product"}],"wp:featuredmedia":[{"embeddable":true,"href":"https:\/\/repliquemangacine.fr\/de\/wp-json\/wp\/v2\/media\/78306"}],"wp:attachment":[{"href":"https:\/\/repliquemangacine.fr\/de\/wp-json\/wp\/v2\/media?parent=78303"}],"wp:term":[{"taxonomy":"product_brand","embeddable":true,"href":"https:\/\/repliquemangacine.fr\/de\/wp-json\/wp\/v2\/product_brand?post=78303"},{"taxonomy":"product_cat","embeddable":true,"href":"https:\/\/repliquemangacine.fr\/de\/wp-json\/wp\/v2\/product_cat?post=78303"},{"taxonomy":"product_tag","embeddable":true,"href":"https:\/\/repliquemangacine.fr\/de\/wp-json\/wp\/v2\/product_tag?post=78303"}],"curies":[{"name":"wp","href":"https:\/\/api.w.org\/{rel}","templated":true}]}}