





{"id":78295,"date":"2024-11-23T16:12:04","date_gmt":"2024-11-23T15:12:04","guid":{"rendered":"https:\/\/repliquemangacine.fr\/?post_type=product&#038;p=78295"},"modified":"2026-04-12T06:16:11","modified_gmt":"2026-04-12T04:16:11","slug":"katana-wado-ichimonji-handmade-one-piece","status":"publish","type":"product","link":"https:\/\/repliquemangacine.fr\/de\/katana-en-metal-one-piece\/katana-wado-ichimonji-handmade-one-piece\/","title":{"rendered":"Katana Wado Ichimonji HandMade - One Piece"},"content":{"rendered":"<h2>Das Katana Wado Ichimonji HandMade: Das Verm\u00e4chtnis von Roronoa Zoro<\/h2>\n<p>Zun\u00e4chst einmal das Wado Ichimonji HandMade Katana, das ikonische Schwert von Roronoa Zoro aus One Piece. Mehr als nur eine Waffe: ein Symbol f\u00fcr Ehre und Loyalit\u00e4t. Dieses Katana, das f\u00fcr seine Robustheit und Pr\u00e4zision bekannt ist, ist eines von 21 \u014c Wazamono, Klingen von h\u00f6chster Qualit\u00e4t. Es ist vollst\u00e4ndig von Hand gefertigt und zeichnet sich durch eine vorgeschliffene Klinge aus Karbonstahl aus, die ideal f\u00fcr alle ist, die Wert auf Realismus und Authentizit\u00e4t legen. Die wei\u00df lackierte Holzscheide ist eine Hommage an seine Eleganz, w\u00e4hrend der mit Rochenhaut \u00fcberzogene und mit wei\u00dfer Baumwolle umflochtene Griff f\u00fcr einen perfekten Halt sorgt. \u00dcbrigens <a href=\"https:\/\/onepiece.fandom.com\/fr\/wiki\/Roronoa_Zoro\" target=\"_blank\" rel=\"noopener noreferrer\">Zoro<\/a> h\u00e4lt es zwischen seinen Z\u00e4hnen und verk\u00f6rpert damit die Kraft und Disziplin eines unvergleichlichen Schwertk\u00e4mpfers. Dieses Modell, eine originalgetreue Replik, wird Fans begeistern, die sich ein St\u00fcck dieser Legende aneignen m\u00f6chten.<\/p>\n<h2>Die anderen mythischen Schwerter aus One Piece<\/h2>\n<p>In der Welt von One Piece besitzen die Schwerter von Zoro und seinen Gef\u00e4hrten eine einzigartige Aura. Zuerst wird das <a href=\"https:\/\/repliquemangacine.fr\/de\/repliken-manga-videospiele\/katana-shusui-zoro-one-piece\/\">Katana Shusui<\/a>Auch bekannt als die Verfluchte, ist eine furchteinfl\u00f6\u00dfende schwarze Klinge. Sie ist f\u00fcr ihre St\u00e4rke und ihren geheimnisvollen Fluch bekannt. Anschlie\u00dfend wird der <a href=\"https:\/\/repliquemangacine.fr\/de\/repliken-manga-videospiele\/katana-sandai-kitetsu-zoroschwert\/\">Sandai Kitetsu<\/a>Das f\u00fcr seine Gef\u00e4hrlichkeit bekannte Spiel fordert seine Benutzer mit seinem legend\u00e4ren Pech heraus. Was den <a href=\"https:\/\/repliquemangacine.fr\/de\/repliken-manga-videospiele\/katana-enma-violett-one-piece\/\">Enma-Katana<\/a>Es ist f\u00fcr seine unglaubliche F\u00e4higkeit bekannt, die Lebensenergie seines Tr\u00e4gers anzuzapfen, was eine perfekte Beherrschung erfordert. Zum Abschluss sollten wir nicht den <a href=\"https:\/\/repliquemangacine.fr\/de\/repliken-manga-videospiele\/katana-trafalgar-law-violett-one-piece\/\">Trafalgar Law S\u00e4bel<\/a>Ein Nodachi mit beeindruckenden Proportionen und einer pelzigen Klinge. Es ist hervorzuheben, dass diese Klingen die Geschichte und die Werte der Charaktere verk\u00f6rpern, die sie f\u00fchren. Entdecken Sie diese Repliken, um Ihre Sammlung zu vervollst\u00e4ndigen und in die faszinierende Welt der Samurai aus One Piece einzutauchen.<\/p>\n<h2>Warum sollten Sie sich f\u00fcr das Wado Ichimonji Handmade Katana entscheiden und wie pflegt man es?<\/h2>\n<p>Das Wado Ichimonji ist nicht nur ein einfaches Katana, sondern ein au\u00dfergew\u00f6hnliches St\u00fcck f\u00fcr jeden Fan oder Sammler. Seine handwerkliche Herstellung, seine edlen Materialien und seine pr\u00e4zisen Details machen es zu einem einzigartigen Objekt, das man besitzen muss. Egal, ob Sie sich f\u00fcr Kampfkunst begeistern oder Dekoration lieben. Dieses Schwert verleiht Ihrer Sammlung einen Hauch von Authentizit\u00e4t und Geschichte.<\/p>\n<p>Zur Pflege sollten Sie die Klinge regelm\u00e4\u00dfig mit einem weichen Tuch reinigen und ein Schutz\u00f6l auftragen, um Oxidation zu vermeiden. Bewahren Sie das Schwert in seiner Holzscheide auf, um es vor Witterungseinfl\u00fcssen zu sch\u00fctzen, und gehen Sie vorsichtig damit um, um seinen Zustand zu erhalten. Mit dem Wado Ichimonji holen Sie sich ein St\u00fcck aus der Welt von One Piece zu sich nach Hause.<\/p>","protected":false},"excerpt":{"rendered":"<p>Wundersch\u00f6ne Nachbildung des Katanas von Zoro Ichimonji aus One Piece.<\/p>\n<ul>\n<li><strong>Vollst\u00e4ndig handgefertigt<\/strong><\/li>\n<li>Klinge aus Karbonstahl mit Hohlkehle <strong>vorgesch\u00e4rft<\/strong><\/li>\n<li>Wei\u00df lackierte Holzscheide<\/li>\n<li>Griff Rochenhaut mit wei\u00dfem Baumwollgeflecht \u00fcberzogen<\/li>\n<li>Wird mit einer Schutzh\u00fclle geliefert.<\/li>\n<li>L\u00e4nge der Klinge: 72.5 cm - Gesamtl\u00e4nge: 105 cm<\/li>\n<li>Gewicht mit Scheide: 1306 gr<\/li>\n<\/ul>","protected":false},"featured_media":78296,"template":"","meta":[],"product_brand":[896],"product_cat":[123,36],"product_tag":[],"class_list":{"0":"post-78295","1":"product","2":"type-product","3":"status-publish","4":"has-post-thumbnail","6":"product_brand-replique-manga-cine","7":"product_cat-katana-en-metal-one-piece","8":"product_cat-katana-one-piece","10":"first","11":"instock","12":"taxable","13":"shipping-taxable","14":"purchasable","15":"product-type-simple"},"yoast_head":"<!-- This site is optimized with the Yoast SEO plugin v27.5 - https:\/\/yoast.com\/product\/yoast-seo-wordpress\/ -->\n<title>Katana Wado Ichimonji HandMade - One Piece - R\u00e9plique Manga Cin\u00e9<\/title>\n<meta name=\"description\" content=\"Superbe r\u00e9plique du Katana Wado Ichimonji Handmade dans One Piece. Lame en acier carbone pr\u00e9-aff\u00fbt\u00e9e. Enti\u00e8rement fait \u00e0 la main. Fourreau laqu\u00e9. 105 cm\" \/>\n<meta name=\"robots\" content=\"index, follow, max-snippet:-1, max-image-preview:large, max-video-preview:-1\" \/>\n<link rel=\"canonical\" href=\"https:\/\/repliquemangacine.fr\/de\/katana-aus-metall-one-piece\/katana-wado-ichimonji-handmade-one-piece\/\" \/>\n<meta property=\"og:locale\" content=\"de_DE\" \/>\n<meta property=\"og:type\" content=\"article\" \/>\n<meta property=\"og:title\" content=\"Katana Wado Ichimonji HandMade - One Piece - R\u00e9plique Manga Cin\u00e9\" \/>\n<meta property=\"og:description\" content=\"Superbe r\u00e9plique du Katana Wado Ichimonji Handmade dans One Piece. Lame en acier carbone pr\u00e9-aff\u00fbt\u00e9e. Enti\u00e8rement fait \u00e0 la main. Fourreau laqu\u00e9. 105 cm\" \/>\n<meta property=\"og:url\" content=\"https:\/\/repliquemangacine.fr\/de\/katana-aus-metall-one-piece\/katana-wado-ichimonji-handmade-one-piece\/\" \/>\n<meta property=\"og:site_name\" content=\"R\u00e9plique Manga Cin\u00e9\" \/>\n<meta property=\"article:publisher\" content=\"https:\/\/www.facebook.com\/RepliqueMangaCine\" \/>\n<meta property=\"article:modified_time\" content=\"2026-04-12T04:16:11+00:00\" \/>\n<meta property=\"og:image\" content=\"https:\/\/repliquemangacine.fr\/wp-content\/uploads\/2024\/11\/katana-wado-ichimonji.jpg\" \/>\n\t<meta property=\"og:image:width\" content=\"500\" \/>\n\t<meta property=\"og:image:height\" content=\"500\" \/>\n\t<meta property=\"og:image:type\" content=\"image\/jpeg\" \/>\n<meta name=\"twitter:card\" content=\"summary_large_image\" \/>\n<meta name=\"twitter:label1\" content=\"Gesch\u00e4tzte Lesezeit\" \/>\n\t<meta name=\"twitter:data1\" content=\"3\u00a0Minuten\" \/>\n<script type=\"application\/ld+json\" class=\"yoast-schema-graph\">{\"@context\":\"https:\\\/\\\/schema.org\",\"@graph\":[{\"@type\":\"WebPage\",\"@id\":\"https:\\\/\\\/repliquemangacine.fr\\\/katana-en-metal-one-piece\\\/katana-wado-ichimonji-handmade-one-piece\\\/\",\"url\":\"https:\\\/\\\/repliquemangacine.fr\\\/katana-en-metal-one-piece\\\/katana-wado-ichimonji-handmade-one-piece\\\/\",\"name\":\"Katana Wado Ichimonji HandMade - One Piece - R\u00e9plique Manga Cin\u00e9\",\"isPartOf\":{\"@id\":\"https:\\\/\\\/repliquemangacine.fr\\\/#website\"},\"primaryImageOfPage\":{\"@id\":\"https:\\\/\\\/repliquemangacine.fr\\\/katana-en-metal-one-piece\\\/katana-wado-ichimonji-handmade-one-piece\\\/#primaryimage\"},\"image\":{\"@id\":\"https:\\\/\\\/repliquemangacine.fr\\\/katana-en-metal-one-piece\\\/katana-wado-ichimonji-handmade-one-piece\\\/#primaryimage\"},\"thumbnailUrl\":\"https:\\\/\\\/repliquemangacine.fr\\\/wp-content\\\/uploads\\\/2024\\\/11\\\/katana-wado-ichimonji.jpg\",\"datePublished\":\"2024-11-23T15:12:04+00:00\",\"dateModified\":\"2026-04-12T04:16:11+00:00\",\"description\":\"Superbe r\u00e9plique du Katana Wado Ichimonji Handmade dans One Piece. Lame en acier carbone pr\u00e9-aff\u00fbt\u00e9e. Enti\u00e8rement fait \u00e0 la main. Fourreau laqu\u00e9. 105 cm\",\"breadcrumb\":{\"@id\":\"https:\\\/\\\/repliquemangacine.fr\\\/katana-en-metal-one-piece\\\/katana-wado-ichimonji-handmade-one-piece\\\/#breadcrumb\"},\"inLanguage\":\"de\",\"potentialAction\":[{\"@type\":\"ReadAction\",\"target\":[\"https:\\\/\\\/repliquemangacine.fr\\\/katana-en-metal-one-piece\\\/katana-wado-ichimonji-handmade-one-piece\\\/\"]}]},{\"@type\":\"ImageObject\",\"inLanguage\":\"de\",\"@id\":\"https:\\\/\\\/repliquemangacine.fr\\\/katana-en-metal-one-piece\\\/katana-wado-ichimonji-handmade-one-piece\\\/#primaryimage\",\"url\":\"https:\\\/\\\/repliquemangacine.fr\\\/wp-content\\\/uploads\\\/2024\\\/11\\\/katana-wado-ichimonji.jpg\",\"contentUrl\":\"https:\\\/\\\/repliquemangacine.fr\\\/wp-content\\\/uploads\\\/2024\\\/11\\\/katana-wado-ichimonji.jpg\",\"width\":500,\"height\":500,\"caption\":\"Katana Wado Ichimonji Handmade\"},{\"@type\":\"BreadcrumbList\",\"@id\":\"https:\\\/\\\/repliquemangacine.fr\\\/katana-en-metal-one-piece\\\/katana-wado-ichimonji-handmade-one-piece\\\/#breadcrumb\",\"itemListElement\":[{\"@type\":\"ListItem\",\"position\":1,\"name\":\"Accueil\",\"item\":\"https:\\\/\\\/repliquemangacine.fr\\\/\"},{\"@type\":\"ListItem\",\"position\":2,\"name\":\"Produits\",\"item\":\"https:\\\/\\\/repliquemangacine.fr\\\/boutique\\\/\"},{\"@type\":\"ListItem\",\"position\":3,\"name\":\"Katana Wado Ichimonji HandMade &#8211; One Piece\"}]},{\"@type\":\"WebSite\",\"@id\":\"https:\\\/\\\/repliquemangacine.fr\\\/#website\",\"url\":\"https:\\\/\\\/repliquemangacine.fr\\\/\",\"name\":\"R\u00e9plique Manga Cin\u00e9\",\"description\":\"\",\"publisher\":{\"@id\":\"https:\\\/\\\/repliquemangacine.fr\\\/#organization\"},\"potentialAction\":[{\"@type\":\"SearchAction\",\"target\":{\"@type\":\"EntryPoint\",\"urlTemplate\":\"https:\\\/\\\/repliquemangacine.fr\\\/?s={search_term_string}\"},\"query-input\":{\"@type\":\"PropertyValueSpecification\",\"valueRequired\":true,\"valueName\":\"search_term_string\"}}],\"inLanguage\":\"de\"},{\"@type\":\"Organization\",\"@id\":\"https:\\\/\\\/repliquemangacine.fr\\\/#organization\",\"name\":\"R\u00e9plique Manga Cin\u00e9\",\"url\":\"https:\\\/\\\/repliquemangacine.fr\\\/\",\"logo\":{\"@type\":\"ImageObject\",\"inLanguage\":\"de\",\"@id\":\"https:\\\/\\\/repliquemangacine.fr\\\/#\\\/schema\\\/logo\\\/image\\\/\",\"url\":\"https:\\\/\\\/repliquemangacine.fr\\\/wp-content\\\/uploads\\\/2023\\\/10\\\/RMC-500250.png\",\"contentUrl\":\"https:\\\/\\\/repliquemangacine.fr\\\/wp-content\\\/uploads\\\/2023\\\/10\\\/RMC-500250.png\",\"width\":500,\"height\":250,\"caption\":\"R\u00e9plique Manga Cin\u00e9\"},\"image\":{\"@id\":\"https:\\\/\\\/repliquemangacine.fr\\\/#\\\/schema\\\/logo\\\/image\\\/\"},\"sameAs\":[\"https:\\\/\\\/www.facebook.com\\\/RepliqueMangaCine\",\"https:\\\/\\\/www.instagram.com\\\/repliquemangacine.fr\\\/\"]}]}<\/script>\n<!-- \/ Yoast SEO plugin. -->","yoast_head_json":{"title":"Katana Wado Ichimonji HandMade - One Piece - R\u00e9plique Manga Cin\u00e9","description":"Wundersch\u00f6ne Replik des Wado Ichimonji Handmade Katana aus One Piece. Vorgeschliffene Klinge aus Kohlenstoffstahl. Vollst\u00e4ndig von Hand gefertigt. Lackierte Scheide. 105 cm","robots":{"index":"index","follow":"follow","max-snippet":"max-snippet:-1","max-image-preview":"max-image-preview:large","max-video-preview":"max-video-preview:-1"},"canonical":"https:\/\/repliquemangacine.fr\/de\/katana-aus-metall-one-piece\/katana-wado-ichimonji-handmade-one-piece\/","og_locale":"de_DE","og_type":"article","og_title":"Katana Wado Ichimonji HandMade - One Piece - R\u00e9plique Manga Cin\u00e9","og_description":"Superbe r\u00e9plique du Katana Wado Ichimonji Handmade dans One Piece. Lame en acier carbone pr\u00e9-aff\u00fbt\u00e9e. Enti\u00e8rement fait \u00e0 la main. Fourreau laqu\u00e9. 105 cm","og_url":"https:\/\/repliquemangacine.fr\/de\/katana-aus-metall-one-piece\/katana-wado-ichimonji-handmade-one-piece\/","og_site_name":"R\u00e9plique Manga Cin\u00e9","article_publisher":"https:\/\/www.facebook.com\/RepliqueMangaCine","article_modified_time":"2026-04-12T04:16:11+00:00","og_image":[{"width":500,"height":500,"url":"https:\/\/repliquemangacine.fr\/wp-content\/uploads\/2024\/11\/katana-wado-ichimonji.jpg","type":"image\/jpeg"}],"twitter_card":"summary_large_image","twitter_misc":{"Gesch\u00e4tzte Lesezeit":"3\u00a0Minuten"},"schema":{"@context":"https:\/\/schema.org","@graph":[{"@type":"WebPage","@id":"https:\/\/repliquemangacine.fr\/katana-en-metal-one-piece\/katana-wado-ichimonji-handmade-one-piece\/","url":"https:\/\/repliquemangacine.fr\/katana-en-metal-one-piece\/katana-wado-ichimonji-handmade-one-piece\/","name":"Katana Wado Ichimonji HandMade - One Piece - R\u00e9plique Manga Cin\u00e9","isPartOf":{"@id":"https:\/\/repliquemangacine.fr\/#website"},"primaryImageOfPage":{"@id":"https:\/\/repliquemangacine.fr\/katana-en-metal-one-piece\/katana-wado-ichimonji-handmade-one-piece\/#primaryimage"},"image":{"@id":"https:\/\/repliquemangacine.fr\/katana-en-metal-one-piece\/katana-wado-ichimonji-handmade-one-piece\/#primaryimage"},"thumbnailUrl":"https:\/\/repliquemangacine.fr\/wp-content\/uploads\/2024\/11\/katana-wado-ichimonji.jpg","datePublished":"2024-11-23T15:12:04+00:00","dateModified":"2026-04-12T04:16:11+00:00","description":"Wundersch\u00f6ne Replik des Wado Ichimonji Handmade Katana aus One Piece. Vorgeschliffene Klinge aus Kohlenstoffstahl. Vollst\u00e4ndig von Hand gefertigt. Lackierte Scheide. 105 cm","breadcrumb":{"@id":"https:\/\/repliquemangacine.fr\/katana-en-metal-one-piece\/katana-wado-ichimonji-handmade-one-piece\/#breadcrumb"},"inLanguage":"de","potentialAction":[{"@type":"ReadAction","target":["https:\/\/repliquemangacine.fr\/katana-en-metal-one-piece\/katana-wado-ichimonji-handmade-one-piece\/"]}]},{"@type":"ImageObject","inLanguage":"de","@id":"https:\/\/repliquemangacine.fr\/katana-en-metal-one-piece\/katana-wado-ichimonji-handmade-one-piece\/#primaryimage","url":"https:\/\/repliquemangacine.fr\/wp-content\/uploads\/2024\/11\/katana-wado-ichimonji.jpg","contentUrl":"https:\/\/repliquemangacine.fr\/wp-content\/uploads\/2024\/11\/katana-wado-ichimonji.jpg","width":500,"height":500,"caption":"Katana Wado Ichimonji Handmade"},{"@type":"BreadcrumbList","@id":"https:\/\/repliquemangacine.fr\/katana-en-metal-one-piece\/katana-wado-ichimonji-handmade-one-piece\/#breadcrumb","itemListElement":[{"@type":"ListItem","position":1,"name":"Accueil","item":"https:\/\/repliquemangacine.fr\/"},{"@type":"ListItem","position":2,"name":"Produits","item":"https:\/\/repliquemangacine.fr\/boutique\/"},{"@type":"ListItem","position":3,"name":"Katana Wado Ichimonji HandMade &#8211; One Piece"}]},{"@type":"WebSite","@id":"https:\/\/repliquemangacine.fr\/#website","url":"https:\/\/repliquemangacine.fr\/","name":"R\u00e9plique Manga Cin\u00e9","description":"","publisher":{"@id":"https:\/\/repliquemangacine.fr\/#organization"},"potentialAction":[{"@type":"SearchAction","target":{"@type":"EntryPoint","urlTemplate":"https:\/\/repliquemangacine.fr\/?s={search_term_string}"},"query-input":{"@type":"PropertyValueSpecification","valueRequired":true,"valueName":"search_term_string"}}],"inLanguage":"de"},{"@type":"Organization","@id":"https:\/\/repliquemangacine.fr\/#organization","name":"R\u00e9plique Manga Cin\u00e9","url":"https:\/\/repliquemangacine.fr\/","logo":{"@type":"ImageObject","inLanguage":"de","@id":"https:\/\/repliquemangacine.fr\/#\/schema\/logo\/image\/","url":"https:\/\/repliquemangacine.fr\/wp-content\/uploads\/2023\/10\/RMC-500250.png","contentUrl":"https:\/\/repliquemangacine.fr\/wp-content\/uploads\/2023\/10\/RMC-500250.png","width":500,"height":250,"caption":"R\u00e9plique Manga Cin\u00e9"},"image":{"@id":"https:\/\/repliquemangacine.fr\/#\/schema\/logo\/image\/"},"sameAs":["https:\/\/www.facebook.com\/RepliqueMangaCine","https:\/\/www.instagram.com\/repliquemangacine.fr\/"]}]}},"_links":{"self":[{"href":"https:\/\/repliquemangacine.fr\/de\/wp-json\/wp\/v2\/product\/78295","targetHints":{"allow":["GET"]}}],"collection":[{"href":"https:\/\/repliquemangacine.fr\/de\/wp-json\/wp\/v2\/product"}],"about":[{"href":"https:\/\/repliquemangacine.fr\/de\/wp-json\/wp\/v2\/types\/product"}],"wp:featuredmedia":[{"embeddable":true,"href":"https:\/\/repliquemangacine.fr\/de\/wp-json\/wp\/v2\/media\/78296"}],"wp:attachment":[{"href":"https:\/\/repliquemangacine.fr\/de\/wp-json\/wp\/v2\/media?parent=78295"}],"wp:term":[{"taxonomy":"product_brand","embeddable":true,"href":"https:\/\/repliquemangacine.fr\/de\/wp-json\/wp\/v2\/product_brand?post=78295"},{"taxonomy":"product_cat","embeddable":true,"href":"https:\/\/repliquemangacine.fr\/de\/wp-json\/wp\/v2\/product_cat?post=78295"},{"taxonomy":"product_tag","embeddable":true,"href":"https:\/\/repliquemangacine.fr\/de\/wp-json\/wp\/v2\/product_tag?post=78295"}],"curies":[{"name":"wp","href":"https:\/\/api.w.org\/{rel}","templated":true}]}}