





{"id":78221,"date":"2024-11-21T19:26:25","date_gmt":"2024-11-21T18:26:25","guid":{"rendered":"https:\/\/repliquemangacine.fr\/?post_type=product&#038;p=78221"},"modified":"2025-11-29T20:02:56","modified_gmt":"2025-11-29T19:02:56","slug":"9-wurfmesser-und-tasche","status":"publish","type":"product","link":"https:\/\/repliquemangacine.fr\/de\/kunai-et-shuriken-naruto\/9-couteaux-a-lancer-et-pochette\/","title":{"rendered":"9 Wurfmesser und Tasche"},"content":{"rendered":"<h2>Wurfmesser mit Tasche, Japanisches Design<\/h2>\n<p>Entdecken Sie zun\u00e4chst die Eleganz und Pr\u00e4zision, die dieses einzigartige Set aus 9 Wurfmessern verk\u00f6rpert. Inspiriert von der traditionellen japanischen Kunst ist jedes Messer mit einem unverwechselbaren japanischen Zeichen versehen, das in das Metall graviert ist. Es symbolisiert Kraft, Harmonie und Meisterschaft.<\/p>\n<p>Diese Messer aus einem St\u00fcck Metall sind besonders robust und stabil beim Werfen. Der Griff ist mit einer roten Kordel verziert, die Stil und Funktionalit\u00e4t f\u00fcr einen optimalen Halt vereint.<\/p>\n<p>Das Ganze ist sorgf\u00e4ltig in einer robusten und praktischen schwarzen Cordura-Tasche verstaut. Diese ist verstellbar und kann sowohl am Oberschenkel als auch am Arm getragen werden, sodass ein schneller Zugriff gew\u00e4hrleistet ist und ein markanter Kampfstil zum Ausdruck kommt.<\/p>\n<h2>Entdecken Sie unsere Produkte, die vom Naruto-Universum inspiriert sind: Kunais, Shuriken und Chakraklingen<\/h2>\n<p>Tauchen Sie ein in die faszinierende Welt von Naruto mit unserer Auswahl an Repliken der ikonischen Waffen aus der Serie! Zu unseren Must-Haves geh\u00f6ren die <a href=\"https:\/\/repliquemangacine.fr\/de\/kunai-und-shuriken-naruto\/set-von-3-kunai-naruto\/\">Set aus 3 Kunais<\/a> wird in einer praktischen Tasche geliefert. Ideal f\u00fcr Fans, die mit dem Werfen beginnen oder ihre Sammlung vervollst\u00e4ndigen m\u00f6chten. F\u00fcr passionierte Sammler bieten wir auch den <a href=\"https:\/\/repliquemangacine.fr\/de\/kunai-und-shuriken-naruto\/groses-naruto-kunai\/\">gro\u00dfer Kunai<\/a> von 25 cm. Ein imposantes Ausstellungsst\u00fcck, perfekt, um Ihre Verbundenheit mit dieser mythischen Welt zu zeigen.<\/p>\n<p>Sie m\u00f6gen die Beweglichkeit und Pr\u00e4zision der Ninjas? Lassen Sie sich von unseren Metall-Shuriken begeistern, die perfekt ausbalanciert sind und das klassische Design des Anime aufgreifen. Fans von Asuma Sarutobi werden sich \u00fcber die Repliken der <a href=\"https:\/\/repliquemangacine.fr\/de\/kunai-und-shuriken-naruto\/asuma-chakra-klinge\/\">Chakraklingen<\/a>, originalgetreu und mit viel Liebe zum Detail reproduziert, ideal als Erg\u00e4nzung zu einem Cosplay oder zur Bereicherung einer Sammlung.<\/p>\n<p>Zusammenfassend l\u00e4sst sich sagen, dass jedes Produkt sorgf\u00e4ltig entwickelt wurde, um Qualit\u00e4t, Authentizit\u00e4t und Leidenschaft zu vereinen. Ob f\u00fcr dekorative Zwecke, zum Trainieren oder um Ihre Lieblingscharaktere zu verk\u00f6rpern, unsere Auswahl wird all Ihren Erwartungen gerecht. Verleihen Sie Ihrem Outfit einen Hauch von <a href=\"https:\/\/naruto.fandom.com\/wiki\/Narutopedia\" target=\"_blank\" rel=\"noopener noreferrer\">Naruto<\/a> zu Ihrem Alltag und treten Sie in die Reihen der legend\u00e4ren Ninjas ein!<\/p>\n<h2>Wie pflegt man seine 9 Wurfmesser?<\/h2>\n<p>Um die Langlebigkeit und Leistungsf\u00e4higkeit Ihrer 9 Wurfmesser zu gew\u00e4hrleisten, ist eine regelm\u00e4\u00dfige Pflege unerl\u00e4sslich. Diese vollst\u00e4ndig aus einem St\u00fcck Metall gefertigten Teile sind robust. Wiederholte St\u00f6\u00dfe und Umwelteinfl\u00fcsse k\u00f6nnen jedoch ihren Zustand beeintr\u00e4chtigen, wenn sie nicht ordnungsgem\u00e4\u00df gepflegt werden.<\/p>\n<p>Reinigen Sie die Klingen nach jedem Gebrauch, um R\u00fcckst\u00e4nde, Staub oder Feuchtigkeit zu entfernen, die zu Korrosion f\u00fchren k\u00f6nnten. Verwenden Sie dazu ein leicht angefeuchtetes weiches Tuch und trocknen Sie die Klingen anschlie\u00dfend gr\u00fcndlich ab, um Rostbildung zu vermeiden. Wenn Sie die Klingen h\u00e4ufig im Freien verwenden, sollten Sie eine d\u00fcnne Schicht\u2019<a href=\"https:\/\/repliquemangacine.fr\/de\/historische-waffen\/universalol-ballistol\/\">Ballistoll-\u00d6l<\/a> um die Klingen vor Oxidation zu sch\u00fctzen.<\/p>\n<p>Wenn Sie diese einfachen Tipps befolgen, bleiben Ihre Messer nicht nur funktionsf\u00e4hig, sondern sehen auch optisch einwandfrei aus und beeindrucken bei Ihren Wurfvorf\u00fchrungen oder als Sammlerst\u00fcck.<\/p>\n<p>&nbsp;<\/p>","protected":false},"excerpt":{"rendered":"<p>Wundersch\u00f6nes 10-teiliges Set, bestehend aus 9 Wurfmessern und der dazugeh\u00f6rigen Tasche.<\/p>\n<ul>\n<li>Ungeschliffene Klinge aus 440 stainless Stahl<\/li>\n<li>Aus einem St\u00fcck gefertigt (Full tang construction)<\/li>\n<li>Jedes Messer hat sein eigenes japanisches Zeichen.<\/li>\n<li>Griff mit roter Kordel \u00fcberzogen<\/li>\n<li>9-fach verstellbare Aufbewahrungstasche f\u00fcr Arm oder Oberschenkel<\/li>\n<li>L\u00e4nge jedes Messers: 15 cm<\/li>\n<\/ul>","protected":false},"featured_media":78222,"template":"","meta":[],"product_brand":[896],"product_cat":[894,108,42],"product_tag":[],"class_list":{"0":"post-78221","1":"product","2":"type-product","3":"status-publish","4":"has-post-thumbnail","6":"product_brand-replique-manga-cine","7":"product_cat-couteaux-de-lancer-et-etoiles","8":"product_cat-kunai-et-shuriken-naruto","9":"product_cat-katana-goodies-naruto-kunai","11":"first","12":"instock","13":"taxable","14":"shipping-taxable","15":"purchasable","16":"product-type-simple"},"yoast_head":"<!-- This site is optimized with the Yoast SEO plugin v27.5 - https:\/\/yoast.com\/product\/yoast-seo-wordpress\/ -->\n<title>9 Couteaux \u00e0 lancer et pochette - R\u00e9plique Manga Cin\u00e9<\/title>\n<meta name=\"description\" content=\"Superbe set de 9 Couteaux \u00e0 lancer avec pochette de rangement. Tout en acier 440 stainless. Signe Japonais sur chaque couteau. Longueur totale : 15 cm\" \/>\n<meta name=\"robots\" content=\"index, follow, max-snippet:-1, max-image-preview:large, max-video-preview:-1\" \/>\n<link rel=\"canonical\" href=\"https:\/\/repliquemangacine.fr\/de\/kunai-und-shuriken-naruto\/9-wurfmesser-und-tasche\/\" \/>\n<meta property=\"og:locale\" content=\"de_DE\" \/>\n<meta property=\"og:type\" content=\"article\" \/>\n<meta property=\"og:title\" content=\"9 Couteaux \u00e0 lancer et pochette - R\u00e9plique Manga Cin\u00e9\" \/>\n<meta property=\"og:description\" content=\"Superbe set de 9 Couteaux \u00e0 lancer avec pochette de rangement. Tout en acier 440 stainless. Signe Japonais sur chaque couteau. Longueur totale : 15 cm\" \/>\n<meta property=\"og:url\" content=\"https:\/\/repliquemangacine.fr\/de\/kunai-und-shuriken-naruto\/9-wurfmesser-und-tasche\/\" \/>\n<meta property=\"og:site_name\" content=\"R\u00e9plique Manga Cin\u00e9\" \/>\n<meta property=\"article:publisher\" content=\"https:\/\/www.facebook.com\/RepliqueMangaCine\" \/>\n<meta property=\"article:modified_time\" content=\"2025-11-29T19:02:56+00:00\" \/>\n<meta property=\"og:image\" content=\"https:\/\/repliquemangacine.fr\/wp-content\/uploads\/2024\/11\/couteau-a-lancer-ensemble-de-10-pieces.jpg\" \/>\n\t<meta property=\"og:image:width\" content=\"500\" \/>\n\t<meta property=\"og:image:height\" content=\"500\" \/>\n\t<meta property=\"og:image:type\" content=\"image\/jpeg\" \/>\n<meta name=\"twitter:card\" content=\"summary_large_image\" \/>\n<meta name=\"twitter:label1\" content=\"Gesch\u00e4tzte Lesezeit\" \/>\n\t<meta name=\"twitter:data1\" content=\"3\u00a0Minuten\" \/>\n<script type=\"application\/ld+json\" class=\"yoast-schema-graph\">{\"@context\":\"https:\\\/\\\/schema.org\",\"@graph\":[{\"@type\":\"WebPage\",\"@id\":\"https:\\\/\\\/repliquemangacine.fr\\\/kunai-et-shuriken-naruto\\\/9-couteaux-a-lancer-et-pochette\\\/\",\"url\":\"https:\\\/\\\/repliquemangacine.fr\\\/kunai-et-shuriken-naruto\\\/9-couteaux-a-lancer-et-pochette\\\/\",\"name\":\"9 Couteaux \u00e0 lancer et pochette - R\u00e9plique Manga Cin\u00e9\",\"isPartOf\":{\"@id\":\"https:\\\/\\\/repliquemangacine.fr\\\/#website\"},\"primaryImageOfPage\":{\"@id\":\"https:\\\/\\\/repliquemangacine.fr\\\/kunai-et-shuriken-naruto\\\/9-couteaux-a-lancer-et-pochette\\\/#primaryimage\"},\"image\":{\"@id\":\"https:\\\/\\\/repliquemangacine.fr\\\/kunai-et-shuriken-naruto\\\/9-couteaux-a-lancer-et-pochette\\\/#primaryimage\"},\"thumbnailUrl\":\"https:\\\/\\\/repliquemangacine.fr\\\/wp-content\\\/uploads\\\/2024\\\/11\\\/couteau-a-lancer-ensemble-de-10-pieces.jpg\",\"datePublished\":\"2024-11-21T18:26:25+00:00\",\"dateModified\":\"2025-11-29T19:02:56+00:00\",\"description\":\"Superbe set de 9 Couteaux \u00e0 lancer avec pochette de rangement. Tout en acier 440 stainless. Signe Japonais sur chaque couteau. Longueur totale : 15 cm\",\"breadcrumb\":{\"@id\":\"https:\\\/\\\/repliquemangacine.fr\\\/kunai-et-shuriken-naruto\\\/9-couteaux-a-lancer-et-pochette\\\/#breadcrumb\"},\"inLanguage\":\"de\",\"potentialAction\":[{\"@type\":\"ReadAction\",\"target\":[\"https:\\\/\\\/repliquemangacine.fr\\\/kunai-et-shuriken-naruto\\\/9-couteaux-a-lancer-et-pochette\\\/\"]}]},{\"@type\":\"ImageObject\",\"inLanguage\":\"de\",\"@id\":\"https:\\\/\\\/repliquemangacine.fr\\\/kunai-et-shuriken-naruto\\\/9-couteaux-a-lancer-et-pochette\\\/#primaryimage\",\"url\":\"https:\\\/\\\/repliquemangacine.fr\\\/wp-content\\\/uploads\\\/2024\\\/11\\\/couteau-a-lancer-ensemble-de-10-pieces.jpg\",\"contentUrl\":\"https:\\\/\\\/repliquemangacine.fr\\\/wp-content\\\/uploads\\\/2024\\\/11\\\/couteau-a-lancer-ensemble-de-10-pieces.jpg\",\"width\":500,\"height\":500,\"caption\":\"9 couteaux \u00e0 lancer avec pochette\"},{\"@type\":\"BreadcrumbList\",\"@id\":\"https:\\\/\\\/repliquemangacine.fr\\\/kunai-et-shuriken-naruto\\\/9-couteaux-a-lancer-et-pochette\\\/#breadcrumb\",\"itemListElement\":[{\"@type\":\"ListItem\",\"position\":1,\"name\":\"Accueil\",\"item\":\"https:\\\/\\\/repliquemangacine.fr\\\/\"},{\"@type\":\"ListItem\",\"position\":2,\"name\":\"Produits\",\"item\":\"https:\\\/\\\/repliquemangacine.fr\\\/boutique\\\/\"},{\"@type\":\"ListItem\",\"position\":3,\"name\":\"9 Couteaux \u00e0 lancer et pochette\"}]},{\"@type\":\"WebSite\",\"@id\":\"https:\\\/\\\/repliquemangacine.fr\\\/#website\",\"url\":\"https:\\\/\\\/repliquemangacine.fr\\\/\",\"name\":\"R\u00e9plique Manga Cin\u00e9\",\"description\":\"\",\"publisher\":{\"@id\":\"https:\\\/\\\/repliquemangacine.fr\\\/#organization\"},\"potentialAction\":[{\"@type\":\"SearchAction\",\"target\":{\"@type\":\"EntryPoint\",\"urlTemplate\":\"https:\\\/\\\/repliquemangacine.fr\\\/?s={search_term_string}\"},\"query-input\":{\"@type\":\"PropertyValueSpecification\",\"valueRequired\":true,\"valueName\":\"search_term_string\"}}],\"inLanguage\":\"de\"},{\"@type\":\"Organization\",\"@id\":\"https:\\\/\\\/repliquemangacine.fr\\\/#organization\",\"name\":\"R\u00e9plique Manga Cin\u00e9\",\"url\":\"https:\\\/\\\/repliquemangacine.fr\\\/\",\"logo\":{\"@type\":\"ImageObject\",\"inLanguage\":\"de\",\"@id\":\"https:\\\/\\\/repliquemangacine.fr\\\/#\\\/schema\\\/logo\\\/image\\\/\",\"url\":\"https:\\\/\\\/repliquemangacine.fr\\\/wp-content\\\/uploads\\\/2023\\\/10\\\/RMC-500250.png\",\"contentUrl\":\"https:\\\/\\\/repliquemangacine.fr\\\/wp-content\\\/uploads\\\/2023\\\/10\\\/RMC-500250.png\",\"width\":500,\"height\":250,\"caption\":\"R\u00e9plique Manga Cin\u00e9\"},\"image\":{\"@id\":\"https:\\\/\\\/repliquemangacine.fr\\\/#\\\/schema\\\/logo\\\/image\\\/\"},\"sameAs\":[\"https:\\\/\\\/www.facebook.com\\\/RepliqueMangaCine\",\"https:\\\/\\\/www.instagram.com\\\/repliquemangacine.fr\\\/\"]}]}<\/script>\n<!-- \/ Yoast SEO plugin. -->","yoast_head_json":{"title":"9 Wurfmesser und Tasche - R\u00e9plique Manga Cin\u00e9","description":"Wundersch\u00f6nes 9-teiliges Wurfmesserset mit Aufbewahrungsbeutel. Alles aus 440 stainless Stahl. Japanisches Zeichen auf jedem Messer. Gesamtl\u00e4nge: 15 cm","robots":{"index":"index","follow":"follow","max-snippet":"max-snippet:-1","max-image-preview":"max-image-preview:large","max-video-preview":"max-video-preview:-1"},"canonical":"https:\/\/repliquemangacine.fr\/de\/kunai-und-shuriken-naruto\/9-wurfmesser-und-tasche\/","og_locale":"de_DE","og_type":"article","og_title":"9 Couteaux \u00e0 lancer et pochette - R\u00e9plique Manga Cin\u00e9","og_description":"Superbe set de 9 Couteaux \u00e0 lancer avec pochette de rangement. Tout en acier 440 stainless. Signe Japonais sur chaque couteau. Longueur totale : 15 cm","og_url":"https:\/\/repliquemangacine.fr\/de\/kunai-und-shuriken-naruto\/9-wurfmesser-und-tasche\/","og_site_name":"R\u00e9plique Manga Cin\u00e9","article_publisher":"https:\/\/www.facebook.com\/RepliqueMangaCine","article_modified_time":"2025-11-29T19:02:56+00:00","og_image":[{"width":500,"height":500,"url":"https:\/\/repliquemangacine.fr\/wp-content\/uploads\/2024\/11\/couteau-a-lancer-ensemble-de-10-pieces.jpg","type":"image\/jpeg"}],"twitter_card":"summary_large_image","twitter_misc":{"Gesch\u00e4tzte Lesezeit":"3\u00a0Minuten"},"schema":{"@context":"https:\/\/schema.org","@graph":[{"@type":"WebPage","@id":"https:\/\/repliquemangacine.fr\/kunai-et-shuriken-naruto\/9-couteaux-a-lancer-et-pochette\/","url":"https:\/\/repliquemangacine.fr\/kunai-et-shuriken-naruto\/9-couteaux-a-lancer-et-pochette\/","name":"9 Wurfmesser und Tasche - R\u00e9plique Manga Cin\u00e9","isPartOf":{"@id":"https:\/\/repliquemangacine.fr\/#website"},"primaryImageOfPage":{"@id":"https:\/\/repliquemangacine.fr\/kunai-et-shuriken-naruto\/9-couteaux-a-lancer-et-pochette\/#primaryimage"},"image":{"@id":"https:\/\/repliquemangacine.fr\/kunai-et-shuriken-naruto\/9-couteaux-a-lancer-et-pochette\/#primaryimage"},"thumbnailUrl":"https:\/\/repliquemangacine.fr\/wp-content\/uploads\/2024\/11\/couteau-a-lancer-ensemble-de-10-pieces.jpg","datePublished":"2024-11-21T18:26:25+00:00","dateModified":"2025-11-29T19:02:56+00:00","description":"Wundersch\u00f6nes 9-teiliges Wurfmesserset mit Aufbewahrungsbeutel. Alles aus 440 stainless Stahl. Japanisches Zeichen auf jedem Messer. Gesamtl\u00e4nge: 15 cm","breadcrumb":{"@id":"https:\/\/repliquemangacine.fr\/kunai-et-shuriken-naruto\/9-couteaux-a-lancer-et-pochette\/#breadcrumb"},"inLanguage":"de","potentialAction":[{"@type":"ReadAction","target":["https:\/\/repliquemangacine.fr\/kunai-et-shuriken-naruto\/9-couteaux-a-lancer-et-pochette\/"]}]},{"@type":"ImageObject","inLanguage":"de","@id":"https:\/\/repliquemangacine.fr\/kunai-et-shuriken-naruto\/9-couteaux-a-lancer-et-pochette\/#primaryimage","url":"https:\/\/repliquemangacine.fr\/wp-content\/uploads\/2024\/11\/couteau-a-lancer-ensemble-de-10-pieces.jpg","contentUrl":"https:\/\/repliquemangacine.fr\/wp-content\/uploads\/2024\/11\/couteau-a-lancer-ensemble-de-10-pieces.jpg","width":500,"height":500,"caption":"9 couteaux \u00e0 lancer avec pochette"},{"@type":"BreadcrumbList","@id":"https:\/\/repliquemangacine.fr\/kunai-et-shuriken-naruto\/9-couteaux-a-lancer-et-pochette\/#breadcrumb","itemListElement":[{"@type":"ListItem","position":1,"name":"Accueil","item":"https:\/\/repliquemangacine.fr\/"},{"@type":"ListItem","position":2,"name":"Produits","item":"https:\/\/repliquemangacine.fr\/boutique\/"},{"@type":"ListItem","position":3,"name":"9 Couteaux \u00e0 lancer et pochette"}]},{"@type":"WebSite","@id":"https:\/\/repliquemangacine.fr\/#website","url":"https:\/\/repliquemangacine.fr\/","name":"R\u00e9plique Manga Cin\u00e9","description":"","publisher":{"@id":"https:\/\/repliquemangacine.fr\/#organization"},"potentialAction":[{"@type":"SearchAction","target":{"@type":"EntryPoint","urlTemplate":"https:\/\/repliquemangacine.fr\/?s={search_term_string}"},"query-input":{"@type":"PropertyValueSpecification","valueRequired":true,"valueName":"search_term_string"}}],"inLanguage":"de"},{"@type":"Organization","@id":"https:\/\/repliquemangacine.fr\/#organization","name":"R\u00e9plique Manga Cin\u00e9","url":"https:\/\/repliquemangacine.fr\/","logo":{"@type":"ImageObject","inLanguage":"de","@id":"https:\/\/repliquemangacine.fr\/#\/schema\/logo\/image\/","url":"https:\/\/repliquemangacine.fr\/wp-content\/uploads\/2023\/10\/RMC-500250.png","contentUrl":"https:\/\/repliquemangacine.fr\/wp-content\/uploads\/2023\/10\/RMC-500250.png","width":500,"height":250,"caption":"R\u00e9plique Manga Cin\u00e9"},"image":{"@id":"https:\/\/repliquemangacine.fr\/#\/schema\/logo\/image\/"},"sameAs":["https:\/\/www.facebook.com\/RepliqueMangaCine","https:\/\/www.instagram.com\/repliquemangacine.fr\/"]}]}},"_links":{"self":[{"href":"https:\/\/repliquemangacine.fr\/de\/wp-json\/wp\/v2\/product\/78221","targetHints":{"allow":["GET"]}}],"collection":[{"href":"https:\/\/repliquemangacine.fr\/de\/wp-json\/wp\/v2\/product"}],"about":[{"href":"https:\/\/repliquemangacine.fr\/de\/wp-json\/wp\/v2\/types\/product"}],"wp:featuredmedia":[{"embeddable":true,"href":"https:\/\/repliquemangacine.fr\/de\/wp-json\/wp\/v2\/media\/78222"}],"wp:attachment":[{"href":"https:\/\/repliquemangacine.fr\/de\/wp-json\/wp\/v2\/media?parent=78221"}],"wp:term":[{"taxonomy":"product_brand","embeddable":true,"href":"https:\/\/repliquemangacine.fr\/de\/wp-json\/wp\/v2\/product_brand?post=78221"},{"taxonomy":"product_cat","embeddable":true,"href":"https:\/\/repliquemangacine.fr\/de\/wp-json\/wp\/v2\/product_cat?post=78221"},{"taxonomy":"product_tag","embeddable":true,"href":"https:\/\/repliquemangacine.fr\/de\/wp-json\/wp\/v2\/product_tag?post=78221"}],"curies":[{"name":"wp","href":"https:\/\/api.w.org\/{rel}","templated":true}]}}