





{"id":78140,"date":"2024-11-18T18:30:28","date_gmt":"2024-11-18T17:30:28","guid":{"rendered":"https:\/\/repliquemangacine.fr\/?post_type=product&#038;p=78140"},"modified":"2025-11-17T21:43:03","modified_gmt":"2025-11-17T20:43:03","slug":"katana-letzter-samurai-v2","status":"publish","type":"product","link":"https:\/\/repliquemangacine.fr\/de\/katanas-le-dernier-samourai\/katana-dernier-samourai-v2\/","title":{"rendered":"Katana Letzter Samurai V2"},"content":{"rendered":"<h2>Katana Letzter Samurai V2 - Nathan Algren Edition<\/h2>\n<p>Zun\u00e4chst einmal das Katana Last Samurai V2, das vom gleichnamigen Film inspiriert wurde. Treten Sie ein in die Welt der Samurai mit dieser Replik, die von Nathan Algren getragen wurde, dem Charakter, der von Tom Cruise im Kultfilm Der letzte Samurai verk\u00f6rpert wurde. Als Symbol f\u00fcr Ehre und Meisterschaft ist es mehr als nur eine Waffe: Es ist eine Hommage an das Erbe der japanischen Krieger.<\/p>\n<p>Der Film spielt w\u00e4hrend des \u00dcbergangs von der Edo-Zeit zu <a href=\"https:\/\/www.lhistoire.fr\/carte\/le-japon-de-l%C3%A8re-meiji\" target=\"_blank\" rel=\"noopener noreferrer\">die Meiji-Zeit<\/a> (1868-1912). Eine Zeit, in der Japan seine feudalen Strukturen aufgab und eine moderne, industrialisierte und vom Westen beeinflusste Gesellschaft annahm. Dieser \u00dcbergang f\u00fchrte zu tiefgreifenden Konflikten zwischen Tradition und Moderne. Verk\u00f6rpert durch Figuren wie Katsumoto und Nathan Algren im Film.<\/p>\n<p>Zusammenfassend l\u00e4sst sich sagen, dass Nathan Algren keine reale historische Person ist. Sondern eine zusammengesetzte Figur, die auf Figuren wie Jules Brunet und Ereignissen aus der Meiji-Zeit basiert. Er steht f\u00fcr den Zusammenprall der Kulturen und die Bewunderung f\u00fcr den Samurai-Kodex, der die Welt auch heute noch fasziniert.<\/p>\n<h2>Warum sollten Sie sich f\u00fcr dieses Katana Letzter Samurai V2 entscheiden?<\/h2>\n<p>Dieses Katana zeichnet sich durch seine einzigartigen Details und seine au\u00dfergew\u00f6hnliche Qualit\u00e4t aus. Die Kombination aus ge\u00e4tzter Klinge und offener Scheide macht es zu einem seltenen St\u00fcck, das perfekt ist, um Ihre Freunde zu beeindrucken oder Ihre Sammlung zu erweitern. Die Scheide (Saya) weist n\u00e4mlich einen sorgf\u00e4ltig gearbeiteten Schlitz auf. So kann man die Gravuren auf der Klinge auch dann sehen, wenn sie verstaut ist.<\/p>\n<p>R\u00e9plique Manga Cin\u00e9 bietet Ihnen auch den <a href=\"https:\/\/repliquemangacine.fr\/de\/katanas-der-letzte-samurai\/katana-schmiedet-den-letzten-samurai\/\">Katana Letzter Samurai<\/a> in seiner geschmiedeten Version. Wird in einer Box mit Pr\u00e4sentationsst\u00e4nder, Pflegeset und Handbuch geliefert.<\/p>\n<p>Wir bieten Ihnen auch den <a href=\"https:\/\/repliquemangacine.fr\/de\/neuheiten\/bokken-dragon-aus-holz\/\">Bokken Drache<\/a> f\u00fcr Ihr Kendo- oder Aikidotraining. Wie wir es \u00fcbrigens auch im Film sehen k\u00f6nnen. Schlie\u00dfen Sie sich dem Geist der Samurai an und lassen Sie sich von dem Epos \"Der letzte Samurai\" mitrei\u00dfen. Klicken Sie auf die Schaltfl\u00e4che \"In den Warenkorb\", um dieses au\u00dfergew\u00f6hnliche Katana zu erhalten und Ihre Sammlung zu einem wahren Schatz zu machen.<\/p>\n<h2>Wie pflegt man die Klinge eines japanischen Schwertes?<\/h2>\n<p>Katanas f\u00fcr Sammlungen und Dekorationen werden auf vereinfachte Weise hergestellt und zusammengebaut. Da sie zu Dekorationszwecken verwendet werden, verf\u00fcgen sie nicht \u00fcber die Sicherheitsmerkmale, die ein japanisches Schwert f\u00fcr das Training aufweisen muss. Ihr Katana Letzter Samurai V2 hat jedoch eine Stahlklinge, die gepflegt werden muss, damit sie nicht mit der Zeit abgenutzt wird. Wenn Sie Ihr Katana ausstellen, werden Ihre Freunde neugierig sein, die Klinge zu sehen und sie zu ber\u00fchren. Hier ist Vorsicht geboten, denn Sie m\u00fcssen wissen, dass die S\u00e4ure der Finger dem Stahl unabh\u00e4ngig von seiner Qualit\u00e4t sehr schadet. Wenn dies jedoch passiert, keine Panik, Sie brauchen nur ein Tuch, das mit etwas \u00d6l befeuchtet ist, und wischen die Fingerabdr\u00fccke ab. Wenn Sie dies tun, werden Sie Ihr Schwert sehr lange behalten.<\/p>","protected":false},"excerpt":{"rendered":"<p>Wundersch\u00f6ne Replik des Katana Last Samurai V2, das vom Film \"Der letzte Samurai\" inspiriert wurde.<\/p>\n<ul>\n<li>Klinge aus rostfreiem Stahl mit Gravur<\/li>\n<li>Runde Metallgarde in spezieller Form<\/li>\n<li>Schwarze Holzscheide mit violettem Band und ge\u00e4tzter \u00d6ffnung auf der Klinge.<\/li>\n<li>Griff mit schwarzem Baumwollgeflecht \u00fcberzogen.<\/li>\n<li>Gesamtl\u00e4nge: 102 cm<\/li>\n<\/ul>","protected":false},"featured_media":78141,"template":"","meta":[],"product_brand":[896],"product_cat":[32,88],"product_tag":[],"class_list":{"0":"post-78140","1":"product","2":"type-product","3":"status-publish","4":"has-post-thumbnail","6":"product_brand-replique-manga-cine","7":"product_cat-katana-decoration","8":"product_cat-katanas-le-dernier-samourai","10":"first","11":"outofstock","12":"taxable","13":"shipping-taxable","14":"purchasable","15":"product-type-simple"},"yoast_head":"<!-- This site is optimized with the Yoast SEO plugin v27.5 - https:\/\/yoast.com\/product\/yoast-seo-wordpress\/ -->\n<title>Katana Dernier Samoura\u00ef V2 - R\u00e9plique Manga Cin\u00e9<\/title>\n<meta name=\"description\" content=\"Superbe r\u00e9plique du Katana Dernier Samoura\u00ef V2. Lame en acier avec gravure. Fourreau bois avec ouverture sur la lame grav\u00e9e. Garde m\u00e9tal. 102 cm\" \/>\n<meta name=\"robots\" content=\"index, follow, max-snippet:-1, max-image-preview:large, max-video-preview:-1\" \/>\n<link rel=\"canonical\" href=\"https:\/\/repliquemangacine.fr\/de\/katanas-der-letzte-samurai\/katana-letzter-samurai-v2\/\" \/>\n<meta property=\"og:locale\" content=\"de_DE\" \/>\n<meta property=\"og:type\" content=\"article\" \/>\n<meta property=\"og:title\" content=\"Katana Dernier Samoura\u00ef V2 - R\u00e9plique Manga Cin\u00e9\" \/>\n<meta property=\"og:description\" content=\"Superbe r\u00e9plique du Katana Dernier Samoura\u00ef V2. Lame en acier avec gravure. Fourreau bois avec ouverture sur la lame grav\u00e9e. Garde m\u00e9tal. 102 cm\" \/>\n<meta property=\"og:url\" content=\"https:\/\/repliquemangacine.fr\/de\/katanas-der-letzte-samurai\/katana-letzter-samurai-v2\/\" \/>\n<meta property=\"og:site_name\" content=\"R\u00e9plique Manga Cin\u00e9\" \/>\n<meta property=\"article:publisher\" content=\"https:\/\/www.facebook.com\/RepliqueMangaCine\" \/>\n<meta property=\"article:modified_time\" content=\"2025-11-17T20:43:03+00:00\" \/>\n<meta property=\"og:image\" content=\"https:\/\/repliquemangacine.fr\/wp-content\/uploads\/2024\/11\/Katana-violet-hors-son-fourreau.jpg\" \/>\n\t<meta property=\"og:image:width\" content=\"500\" \/>\n\t<meta property=\"og:image:height\" content=\"500\" \/>\n\t<meta property=\"og:image:type\" content=\"image\/jpeg\" \/>\n<meta name=\"twitter:card\" content=\"summary_large_image\" \/>\n<meta name=\"twitter:label1\" content=\"Gesch\u00e4tzte Lesezeit\" \/>\n\t<meta name=\"twitter:data1\" content=\"3\u00a0Minuten\" \/>\n<script type=\"application\/ld+json\" class=\"yoast-schema-graph\">{\"@context\":\"https:\\\/\\\/schema.org\",\"@graph\":[{\"@type\":\"WebPage\",\"@id\":\"https:\\\/\\\/repliquemangacine.fr\\\/katanas-le-dernier-samourai\\\/katana-dernier-samourai-v2\\\/\",\"url\":\"https:\\\/\\\/repliquemangacine.fr\\\/katanas-le-dernier-samourai\\\/katana-dernier-samourai-v2\\\/\",\"name\":\"Katana Dernier Samoura\u00ef V2 - R\u00e9plique Manga Cin\u00e9\",\"isPartOf\":{\"@id\":\"https:\\\/\\\/repliquemangacine.fr\\\/#website\"},\"primaryImageOfPage\":{\"@id\":\"https:\\\/\\\/repliquemangacine.fr\\\/katanas-le-dernier-samourai\\\/katana-dernier-samourai-v2\\\/#primaryimage\"},\"image\":{\"@id\":\"https:\\\/\\\/repliquemangacine.fr\\\/katanas-le-dernier-samourai\\\/katana-dernier-samourai-v2\\\/#primaryimage\"},\"thumbnailUrl\":\"https:\\\/\\\/repliquemangacine.fr\\\/wp-content\\\/uploads\\\/2024\\\/11\\\/Katana-violet-hors-son-fourreau.jpg\",\"datePublished\":\"2024-11-18T17:30:28+00:00\",\"dateModified\":\"2025-11-17T20:43:03+00:00\",\"description\":\"Superbe r\u00e9plique du Katana Dernier Samoura\u00ef V2. Lame en acier avec gravure. Fourreau bois avec ouverture sur la lame grav\u00e9e. Garde m\u00e9tal. 102 cm\",\"breadcrumb\":{\"@id\":\"https:\\\/\\\/repliquemangacine.fr\\\/katanas-le-dernier-samourai\\\/katana-dernier-samourai-v2\\\/#breadcrumb\"},\"inLanguage\":\"de\",\"potentialAction\":[{\"@type\":\"ReadAction\",\"target\":[\"https:\\\/\\\/repliquemangacine.fr\\\/katanas-le-dernier-samourai\\\/katana-dernier-samourai-v2\\\/\"]}]},{\"@type\":\"ImageObject\",\"inLanguage\":\"de\",\"@id\":\"https:\\\/\\\/repliquemangacine.fr\\\/katanas-le-dernier-samourai\\\/katana-dernier-samourai-v2\\\/#primaryimage\",\"url\":\"https:\\\/\\\/repliquemangacine.fr\\\/wp-content\\\/uploads\\\/2024\\\/11\\\/Katana-violet-hors-son-fourreau.jpg\",\"contentUrl\":\"https:\\\/\\\/repliquemangacine.fr\\\/wp-content\\\/uploads\\\/2024\\\/11\\\/Katana-violet-hors-son-fourreau.jpg\",\"width\":500,\"height\":500,\"caption\":\"Katana Dernier Samoura\u00ef V2 hors de son fourreau\"},{\"@type\":\"BreadcrumbList\",\"@id\":\"https:\\\/\\\/repliquemangacine.fr\\\/katanas-le-dernier-samourai\\\/katana-dernier-samourai-v2\\\/#breadcrumb\",\"itemListElement\":[{\"@type\":\"ListItem\",\"position\":1,\"name\":\"Accueil\",\"item\":\"https:\\\/\\\/repliquemangacine.fr\\\/\"},{\"@type\":\"ListItem\",\"position\":2,\"name\":\"Produits\",\"item\":\"https:\\\/\\\/repliquemangacine.fr\\\/boutique\\\/\"},{\"@type\":\"ListItem\",\"position\":3,\"name\":\"Katana Dernier Samoura\u00ef V2\"}]},{\"@type\":\"WebSite\",\"@id\":\"https:\\\/\\\/repliquemangacine.fr\\\/#website\",\"url\":\"https:\\\/\\\/repliquemangacine.fr\\\/\",\"name\":\"R\u00e9plique Manga Cin\u00e9\",\"description\":\"\",\"publisher\":{\"@id\":\"https:\\\/\\\/repliquemangacine.fr\\\/#organization\"},\"potentialAction\":[{\"@type\":\"SearchAction\",\"target\":{\"@type\":\"EntryPoint\",\"urlTemplate\":\"https:\\\/\\\/repliquemangacine.fr\\\/?s={search_term_string}\"},\"query-input\":{\"@type\":\"PropertyValueSpecification\",\"valueRequired\":true,\"valueName\":\"search_term_string\"}}],\"inLanguage\":\"de\"},{\"@type\":\"Organization\",\"@id\":\"https:\\\/\\\/repliquemangacine.fr\\\/#organization\",\"name\":\"R\u00e9plique Manga Cin\u00e9\",\"url\":\"https:\\\/\\\/repliquemangacine.fr\\\/\",\"logo\":{\"@type\":\"ImageObject\",\"inLanguage\":\"de\",\"@id\":\"https:\\\/\\\/repliquemangacine.fr\\\/#\\\/schema\\\/logo\\\/image\\\/\",\"url\":\"https:\\\/\\\/repliquemangacine.fr\\\/wp-content\\\/uploads\\\/2023\\\/10\\\/RMC-500250.png\",\"contentUrl\":\"https:\\\/\\\/repliquemangacine.fr\\\/wp-content\\\/uploads\\\/2023\\\/10\\\/RMC-500250.png\",\"width\":500,\"height\":250,\"caption\":\"R\u00e9plique Manga Cin\u00e9\"},\"image\":{\"@id\":\"https:\\\/\\\/repliquemangacine.fr\\\/#\\\/schema\\\/logo\\\/image\\\/\"},\"sameAs\":[\"https:\\\/\\\/www.facebook.com\\\/RepliqueMangaCine\",\"https:\\\/\\\/www.instagram.com\\\/repliquemangacine.fr\\\/\"]}]}<\/script>\n<!-- \/ Yoast SEO plugin. -->","yoast_head_json":{"title":"Katana Letzter Samurai V2 - R\u00e9plique Manga Cin\u00e9","description":"Wundersch\u00f6ne Replik des Katana Last Samurai V2. Klinge aus Stahl mit \u00c4tzung. Holzscheide mit \u00d6ffnung an der Klinge mit Gravur. Handschutz aus Metall. 102 cm","robots":{"index":"index","follow":"follow","max-snippet":"max-snippet:-1","max-image-preview":"max-image-preview:large","max-video-preview":"max-video-preview:-1"},"canonical":"https:\/\/repliquemangacine.fr\/de\/katanas-der-letzte-samurai\/katana-letzter-samurai-v2\/","og_locale":"de_DE","og_type":"article","og_title":"Katana Dernier Samoura\u00ef V2 - R\u00e9plique Manga Cin\u00e9","og_description":"Superbe r\u00e9plique du Katana Dernier Samoura\u00ef V2. Lame en acier avec gravure. Fourreau bois avec ouverture sur la lame grav\u00e9e. Garde m\u00e9tal. 102 cm","og_url":"https:\/\/repliquemangacine.fr\/de\/katanas-der-letzte-samurai\/katana-letzter-samurai-v2\/","og_site_name":"R\u00e9plique Manga Cin\u00e9","article_publisher":"https:\/\/www.facebook.com\/RepliqueMangaCine","article_modified_time":"2025-11-17T20:43:03+00:00","og_image":[{"width":500,"height":500,"url":"https:\/\/repliquemangacine.fr\/wp-content\/uploads\/2024\/11\/Katana-violet-hors-son-fourreau.jpg","type":"image\/jpeg"}],"twitter_card":"summary_large_image","twitter_misc":{"Gesch\u00e4tzte Lesezeit":"3\u00a0Minuten"},"schema":{"@context":"https:\/\/schema.org","@graph":[{"@type":"WebPage","@id":"https:\/\/repliquemangacine.fr\/katanas-le-dernier-samourai\/katana-dernier-samourai-v2\/","url":"https:\/\/repliquemangacine.fr\/katanas-le-dernier-samourai\/katana-dernier-samourai-v2\/","name":"Katana Letzter Samurai V2 - R\u00e9plique Manga Cin\u00e9","isPartOf":{"@id":"https:\/\/repliquemangacine.fr\/#website"},"primaryImageOfPage":{"@id":"https:\/\/repliquemangacine.fr\/katanas-le-dernier-samourai\/katana-dernier-samourai-v2\/#primaryimage"},"image":{"@id":"https:\/\/repliquemangacine.fr\/katanas-le-dernier-samourai\/katana-dernier-samourai-v2\/#primaryimage"},"thumbnailUrl":"https:\/\/repliquemangacine.fr\/wp-content\/uploads\/2024\/11\/Katana-violet-hors-son-fourreau.jpg","datePublished":"2024-11-18T17:30:28+00:00","dateModified":"2025-11-17T20:43:03+00:00","description":"Wundersch\u00f6ne Replik des Katana Last Samurai V2. Klinge aus Stahl mit \u00c4tzung. Holzscheide mit \u00d6ffnung an der Klinge mit Gravur. Handschutz aus Metall. 102 cm","breadcrumb":{"@id":"https:\/\/repliquemangacine.fr\/katanas-le-dernier-samourai\/katana-dernier-samourai-v2\/#breadcrumb"},"inLanguage":"de","potentialAction":[{"@type":"ReadAction","target":["https:\/\/repliquemangacine.fr\/katanas-le-dernier-samourai\/katana-dernier-samourai-v2\/"]}]},{"@type":"ImageObject","inLanguage":"de","@id":"https:\/\/repliquemangacine.fr\/katanas-le-dernier-samourai\/katana-dernier-samourai-v2\/#primaryimage","url":"https:\/\/repliquemangacine.fr\/wp-content\/uploads\/2024\/11\/Katana-violet-hors-son-fourreau.jpg","contentUrl":"https:\/\/repliquemangacine.fr\/wp-content\/uploads\/2024\/11\/Katana-violet-hors-son-fourreau.jpg","width":500,"height":500,"caption":"Katana Dernier Samoura\u00ef V2 hors de son fourreau"},{"@type":"BreadcrumbList","@id":"https:\/\/repliquemangacine.fr\/katanas-le-dernier-samourai\/katana-dernier-samourai-v2\/#breadcrumb","itemListElement":[{"@type":"ListItem","position":1,"name":"Accueil","item":"https:\/\/repliquemangacine.fr\/"},{"@type":"ListItem","position":2,"name":"Produits","item":"https:\/\/repliquemangacine.fr\/boutique\/"},{"@type":"ListItem","position":3,"name":"Katana Dernier Samoura\u00ef V2"}]},{"@type":"WebSite","@id":"https:\/\/repliquemangacine.fr\/#website","url":"https:\/\/repliquemangacine.fr\/","name":"R\u00e9plique Manga Cin\u00e9","description":"","publisher":{"@id":"https:\/\/repliquemangacine.fr\/#organization"},"potentialAction":[{"@type":"SearchAction","target":{"@type":"EntryPoint","urlTemplate":"https:\/\/repliquemangacine.fr\/?s={search_term_string}"},"query-input":{"@type":"PropertyValueSpecification","valueRequired":true,"valueName":"search_term_string"}}],"inLanguage":"de"},{"@type":"Organization","@id":"https:\/\/repliquemangacine.fr\/#organization","name":"R\u00e9plique Manga Cin\u00e9","url":"https:\/\/repliquemangacine.fr\/","logo":{"@type":"ImageObject","inLanguage":"de","@id":"https:\/\/repliquemangacine.fr\/#\/schema\/logo\/image\/","url":"https:\/\/repliquemangacine.fr\/wp-content\/uploads\/2023\/10\/RMC-500250.png","contentUrl":"https:\/\/repliquemangacine.fr\/wp-content\/uploads\/2023\/10\/RMC-500250.png","width":500,"height":250,"caption":"R\u00e9plique Manga Cin\u00e9"},"image":{"@id":"https:\/\/repliquemangacine.fr\/#\/schema\/logo\/image\/"},"sameAs":["https:\/\/www.facebook.com\/RepliqueMangaCine","https:\/\/www.instagram.com\/repliquemangacine.fr\/"]}]}},"_links":{"self":[{"href":"https:\/\/repliquemangacine.fr\/de\/wp-json\/wp\/v2\/product\/78140","targetHints":{"allow":["GET"]}}],"collection":[{"href":"https:\/\/repliquemangacine.fr\/de\/wp-json\/wp\/v2\/product"}],"about":[{"href":"https:\/\/repliquemangacine.fr\/de\/wp-json\/wp\/v2\/types\/product"}],"wp:featuredmedia":[{"embeddable":true,"href":"https:\/\/repliquemangacine.fr\/de\/wp-json\/wp\/v2\/media\/78141"}],"wp:attachment":[{"href":"https:\/\/repliquemangacine.fr\/de\/wp-json\/wp\/v2\/media?parent=78140"}],"wp:term":[{"taxonomy":"product_brand","embeddable":true,"href":"https:\/\/repliquemangacine.fr\/de\/wp-json\/wp\/v2\/product_brand?post=78140"},{"taxonomy":"product_cat","embeddable":true,"href":"https:\/\/repliquemangacine.fr\/de\/wp-json\/wp\/v2\/product_cat?post=78140"},{"taxonomy":"product_tag","embeddable":true,"href":"https:\/\/repliquemangacine.fr\/de\/wp-json\/wp\/v2\/product_tag?post=78140"}],"curies":[{"name":"wp","href":"https:\/\/api.w.org\/{rel}","templated":true}]}}