





{"id":76054,"date":"2024-11-09T18:01:55","date_gmt":"2024-11-09T17:01:55","guid":{"rendered":"https:\/\/repliquemangacine.fr\/?post_type=product&#038;p=76054"},"modified":"2025-11-17T21:43:38","modified_gmt":"2025-11-17T20:43:38","slug":"leuchtendes-katana-trafalgar-law-one-piece","status":"publish","type":"product","link":"https:\/\/repliquemangacine.fr\/de\/katana-en-metal-one-piece\/katana-lumineux-trafalgar-law-one-piece\/","title":{"rendered":"Katana Leuchtendes Trafalgar Law"},"content":{"rendered":"<h2>Trafalgar Laws leuchtendes Katana in One Piece<\/h2>\n<p>Entdecken Sie zun\u00e4chst eine au\u00dfergew\u00f6hnliche Neuheit: das<strong> Leuchtendes Katana von Trafalgar Law<\/strong> in One Piece. Inspiriert von Kikoku, dem charakteristischen Schwert von Law, das oft an seiner schwarz-wei\u00dfen Scheide und den Kreuzmotiven zu erkennen ist, die an sein Emblem erinnern. Diese leuchtende Replik bietet One Piece-Fans ein vollst\u00e4ndiges Eintauchen in die Welt der Figur und l\u00e4sst die geheimnisvolle und m\u00e4chtige Aura von Law wiederaufleben.<\/p>\n<p>Dieses einzigartige Katana ist batteriebetrieben und wird durch eingebaute LEDs beleuchtet. Dies verleiht dieser originalgetreuen Replik eine flammende Dimension. Mit einem einfachen Druck auf den Ein-\/Ausschalter, der unauff\u00e4llig in den Griff integriert ist. Die Klinge leuchtet sofort auf und erinnert an die Anmut und Pr\u00e4zision seines von der Natur inspirierten Kampfstils. Die LED-Technologie sorgt f\u00fcr einen nie dagewesenen Realismus und stellt eine Premiere f\u00fcr leuchtende Katanas dieser Qualit\u00e4t dar. Perfekt f\u00fcr Sammler und Liebhaber von <a href=\"https:\/\/onepiece.fandom.com\/fr\/wiki\/One_Piece_Encyclop%C3%A9die\" target=\"_blank\" rel=\"noopener noreferrer\">One Piece<\/a>. Dieses Katana vereint Authentizit\u00e4t und Innovation, um ein packendes visuelles Erlebnis zu bieten. Ideal zum Ausstellen oder Nachstellen epischer Szenen. Ein echtes Sammlerst\u00fcck f\u00fcr jeden Fan von One Piece und den Abenteuern des r\u00e4tselhaften Chirurgen!<\/p>\n<h2>Entdecken Sie weitere Neuheiten zu leuchtenden Katanas<\/h2>\n<p>Neben dem<strong> Leuchtendes Katana von Trafalgar Law<\/strong>Die Auswahl an leuchtenden Katanas umfasst auch andere eindrucksvolle Repliken aus dem Demon Slayer-Universum.<\/p>\n<ul>\n<li>Die <a href=\"https:\/\/repliquemangacine.fr\/de\/leuchtendes-katana-demon-slayer\/leuchtendes-katana-yoriichi\/\">leuchtendes Katana von Yoriichi<\/a> Tsugikuni, der legend\u00e4re D\u00e4monenschinder, erstrahlt, um die unvergleichliche Macht dieser mythischen Figur zu verk\u00f6rpern.<br \/>\nSein Kampfstil ist \u201eDer Atem der Sonne\u201c, auch \u201eDer urspr\u00fcngliche Atem\u201c genannt.<\/li>\n<li>Die <a href=\"https:\/\/repliquemangacine.fr\/de\/leuchtendes-katana-demon-slayer\/leuchtendes-katana-tanjiro\/\">leuchtendes Katana von Tanjiro<\/a> Kamado, der Hauptheld der Serie, ebenfalls mit LEDs ausgestattet, die seine schwarze Klinge beleuchten und die St\u00e4rke und Ausdauer von Tanjiro symbolisieren.<br \/>\nin seinem Bestreben, seine Familie zu besch\u00fctzen.<\/li>\n<li>Die <a href=\"https:\/\/repliquemangacine.fr\/de\/leuchtendes-katana-demon-slayer\/leuchtendes-katana-von-sanemi-demon-slayer\/\">leuchtendes Katana von Sanemi Shinazugawa<\/a>Ein sehr starker Schwertk\u00e4mpfer, der drittst\u00e4rkste. Die Klinge leuchtet sofort auf und beschw\u00f6rt Sanemis St\u00e4rke und Beweglichkeit herauf, um der eines D\u00e4mons gleichzukommen. Und, viele weitere, die Sie in unserem Shop entdecken k\u00f6nnen.<\/li>\n<\/ul>\n<p>Jedes Katana dieser Kollektion, das mit LEDs ausgestattet ist, erm\u00f6glicht ein einzigartiges immersives Erlebnis, das technologische Innovation mit dem Respekt f\u00fcr die Details des Demon Slayer-Universums verbindet.<\/p>\n<p>Diese leuchtenden Repliken sind perfekt f\u00fcr leidenschaftliche Fans.<\/p>\n<h2>Innovation im Dienste der Fans: Au\u00dfergew\u00f6hnliche Leuchtkatanas<\/h2>\n<p>Die Welt der Katana-Repliken erreicht mit diesen leuchtenden Modellen einen neuen Meilenstein. Und das ist eine Revolution f\u00fcr Demon Slayer-Fans. Abgesehen von ihrer Herstellungsqualit\u00e4t und ihrer Treue zu den Waffen, die im Anime zu sehen waren. Diese Katanas sind mit LED-Technologien ausgestattet, die eine v\u00f6llig neue Dimension der Immersion bieten. So wird jedes Katana zu mehr als einem einfachen Sammlerst\u00fcck. Es ist ein echtes interaktives Element, das leuchten und die Macht der Charaktere, die es repr\u00e4sentiert, hervorrufen kann. Die einfache Aktivierung der LEDs durch einen unauff\u00e4lligen Knopf erm\u00f6glicht es, das Erlebnis in vollen Z\u00fcgen zu genie\u00dfen. In der Tat, ob f\u00fcr Ausstellungen, Fotos oder sogar Cosplays. Diese Innovation, die Tradition und Technologie vereint, macht die leuchtenden Katanas zu einer Revolution f\u00fcr Fans, die auf der Suche nach authentischen, aber auch innovativen Repliken sind. Wenn Sie Ihre Sammlung um ein ebenso einzigartiges wie markantes Objekt erweitern m\u00f6chten, sind diese Leuchtkatanas genau das Richtige f\u00fcr Sie!<\/p>\n<p>&nbsp;<\/p>","protected":false},"excerpt":{"rendered":"<p>Wundersch\u00f6ne Nachbildung des leuchtenden Katanas von Trafalgar Law aus One Piece.<\/p>\n<ul>\n<li>Metallklinge an der Oberseite.<\/li>\n<li>Der untere Teil besteht aus festem ABS mit wei\u00dfen Leds im Inneren.<\/li>\n<li>Unauff\u00e4lliger und sehr leicht zu bedienender Ein-\/Ausschalter<\/li>\n<li>Wache aus Metall mit wei\u00dfem Fell<\/li>\n<li>Griff aus Rochenhautimitat, \u00fcberzogen mit einem braunen Baumwollgeflecht.<\/li>\n<li>Die Spitze des Griffs l\u00e4sst sich abtrennen, um zwei AAA-Batterien einzulegen (nicht im Lieferumfang enthalten).<\/li>\n<li>Schwarz lackierte Holzscheide mit wei\u00dfem Kreuz.<\/li>\n<li>L\u00e4nge der Klinge: 67 cm - Gesamtl\u00e4nge: 103 cm - Gewicht: 1010 gr<\/li>\n<\/ul>","protected":false},"featured_media":76056,"template":"","meta":[],"product_brand":[896],"product_cat":[123,868,36,101],"product_tag":[],"class_list":{"0":"post-76054","1":"product","2":"type-product","3":"status-publish","4":"has-post-thumbnail","6":"product_brand-replique-manga-cine","7":"product_cat-katana-en-metal-one-piece","8":"product_cat-katana-lumineux","9":"product_cat-katana-one-piece","10":"product_cat-soldes","12":"first","13":"instock","14":"sale","15":"taxable","16":"shipping-taxable","17":"purchasable","18":"product-type-simple"},"yoast_head":"<!-- This site is optimized with the Yoast SEO plugin v27.5 - https:\/\/yoast.com\/product\/yoast-seo-wordpress\/ -->\n<title>Katana Lumineux Trafalgar Law - One Piece | R\u00e9plique Manga Cin\u00e9<\/title>\n<meta name=\"description\" content=\"Nouveaut\u00e9 exceptionnelle, le Katana lumineux de Trafalgar Law. Lame acier avec LEDS. Bouton marche\/arr\u00eat. Fonctionne \u00e0 piles. 103 cm\" \/>\n<meta name=\"robots\" content=\"index, follow, max-snippet:-1, max-image-preview:large, max-video-preview:-1\" \/>\n<link rel=\"canonical\" href=\"https:\/\/repliquemangacine.fr\/de\/katana-aus-metall-one-piece\/leuchtendes-katana-trafalgar-law-one-piece\/\" \/>\n<meta property=\"og:locale\" content=\"de_DE\" \/>\n<meta property=\"og:type\" content=\"article\" \/>\n<meta property=\"og:title\" content=\"Katana Lumineux Trafalgar Law - One Piece | R\u00e9plique Manga Cin\u00e9\" \/>\n<meta property=\"og:description\" content=\"Nouveaut\u00e9 exceptionnelle, le Katana lumineux de Trafalgar Law. Lame acier avec LEDS. Bouton marche\/arr\u00eat. Fonctionne \u00e0 piles. 103 cm\" \/>\n<meta property=\"og:url\" content=\"https:\/\/repliquemangacine.fr\/de\/katana-aus-metall-one-piece\/leuchtendes-katana-trafalgar-law-one-piece\/\" \/>\n<meta property=\"og:site_name\" content=\"R\u00e9plique Manga Cin\u00e9\" \/>\n<meta property=\"article:publisher\" content=\"https:\/\/www.facebook.com\/RepliqueMangaCine\" \/>\n<meta property=\"article:modified_time\" content=\"2025-11-17T20:43:38+00:00\" \/>\n<meta property=\"og:image\" content=\"https:\/\/repliquemangacine.fr\/wp-content\/uploads\/2024\/11\/Katana-lumineux-Trafalgar-Law.jpg\" \/>\n\t<meta property=\"og:image:width\" content=\"500\" \/>\n\t<meta property=\"og:image:height\" content=\"500\" \/>\n\t<meta property=\"og:image:type\" content=\"image\/jpeg\" \/>\n<meta name=\"twitter:card\" content=\"summary_large_image\" \/>\n<meta name=\"twitter:label1\" content=\"Gesch\u00e4tzte Lesezeit\" \/>\n\t<meta name=\"twitter:data1\" content=\"3\u00a0Minuten\" \/>\n<script type=\"application\/ld+json\" class=\"yoast-schema-graph\">{\"@context\":\"https:\\\/\\\/schema.org\",\"@graph\":[{\"@type\":\"WebPage\",\"@id\":\"https:\\\/\\\/repliquemangacine.fr\\\/katana-en-metal-one-piece\\\/katana-lumineux-trafalgar-law-one-piece\\\/\",\"url\":\"https:\\\/\\\/repliquemangacine.fr\\\/katana-en-metal-one-piece\\\/katana-lumineux-trafalgar-law-one-piece\\\/\",\"name\":\"Katana Lumineux Trafalgar Law - One Piece | R\u00e9plique Manga Cin\u00e9\",\"isPartOf\":{\"@id\":\"https:\\\/\\\/repliquemangacine.fr\\\/#website\"},\"primaryImageOfPage\":{\"@id\":\"https:\\\/\\\/repliquemangacine.fr\\\/katana-en-metal-one-piece\\\/katana-lumineux-trafalgar-law-one-piece\\\/#primaryimage\"},\"image\":{\"@id\":\"https:\\\/\\\/repliquemangacine.fr\\\/katana-en-metal-one-piece\\\/katana-lumineux-trafalgar-law-one-piece\\\/#primaryimage\"},\"thumbnailUrl\":\"https:\\\/\\\/repliquemangacine.fr\\\/wp-content\\\/uploads\\\/2024\\\/11\\\/Katana-lumineux-Trafalgar-Law.jpg\",\"datePublished\":\"2024-11-09T17:01:55+00:00\",\"dateModified\":\"2025-11-17T20:43:38+00:00\",\"description\":\"Nouveaut\u00e9 exceptionnelle, le Katana lumineux de Trafalgar Law. Lame acier avec LEDS. Bouton marche\\\/arr\u00eat. Fonctionne \u00e0 piles. 103 cm\",\"breadcrumb\":{\"@id\":\"https:\\\/\\\/repliquemangacine.fr\\\/katana-en-metal-one-piece\\\/katana-lumineux-trafalgar-law-one-piece\\\/#breadcrumb\"},\"inLanguage\":\"de\",\"potentialAction\":[{\"@type\":\"ReadAction\",\"target\":[\"https:\\\/\\\/repliquemangacine.fr\\\/katana-en-metal-one-piece\\\/katana-lumineux-trafalgar-law-one-piece\\\/\"]}]},{\"@type\":\"ImageObject\",\"inLanguage\":\"de\",\"@id\":\"https:\\\/\\\/repliquemangacine.fr\\\/katana-en-metal-one-piece\\\/katana-lumineux-trafalgar-law-one-piece\\\/#primaryimage\",\"url\":\"https:\\\/\\\/repliquemangacine.fr\\\/wp-content\\\/uploads\\\/2024\\\/11\\\/Katana-lumineux-Trafalgar-Law.jpg\",\"contentUrl\":\"https:\\\/\\\/repliquemangacine.fr\\\/wp-content\\\/uploads\\\/2024\\\/11\\\/Katana-lumineux-Trafalgar-Law.jpg\",\"width\":500,\"height\":500,\"caption\":\"Katana lumineux de Trafalgar Law dans One Piece\"},{\"@type\":\"BreadcrumbList\",\"@id\":\"https:\\\/\\\/repliquemangacine.fr\\\/katana-en-metal-one-piece\\\/katana-lumineux-trafalgar-law-one-piece\\\/#breadcrumb\",\"itemListElement\":[{\"@type\":\"ListItem\",\"position\":1,\"name\":\"Accueil\",\"item\":\"https:\\\/\\\/repliquemangacine.fr\\\/\"},{\"@type\":\"ListItem\",\"position\":2,\"name\":\"Produits\",\"item\":\"https:\\\/\\\/repliquemangacine.fr\\\/boutique\\\/\"},{\"@type\":\"ListItem\",\"position\":3,\"name\":\"Katana Lumineux Trafalgar Law\"}]},{\"@type\":\"WebSite\",\"@id\":\"https:\\\/\\\/repliquemangacine.fr\\\/#website\",\"url\":\"https:\\\/\\\/repliquemangacine.fr\\\/\",\"name\":\"R\u00e9plique Manga Cin\u00e9\",\"description\":\"\",\"publisher\":{\"@id\":\"https:\\\/\\\/repliquemangacine.fr\\\/#organization\"},\"potentialAction\":[{\"@type\":\"SearchAction\",\"target\":{\"@type\":\"EntryPoint\",\"urlTemplate\":\"https:\\\/\\\/repliquemangacine.fr\\\/?s={search_term_string}\"},\"query-input\":{\"@type\":\"PropertyValueSpecification\",\"valueRequired\":true,\"valueName\":\"search_term_string\"}}],\"inLanguage\":\"de\"},{\"@type\":\"Organization\",\"@id\":\"https:\\\/\\\/repliquemangacine.fr\\\/#organization\",\"name\":\"R\u00e9plique Manga Cin\u00e9\",\"url\":\"https:\\\/\\\/repliquemangacine.fr\\\/\",\"logo\":{\"@type\":\"ImageObject\",\"inLanguage\":\"de\",\"@id\":\"https:\\\/\\\/repliquemangacine.fr\\\/#\\\/schema\\\/logo\\\/image\\\/\",\"url\":\"https:\\\/\\\/repliquemangacine.fr\\\/wp-content\\\/uploads\\\/2023\\\/10\\\/RMC-500250.png\",\"contentUrl\":\"https:\\\/\\\/repliquemangacine.fr\\\/wp-content\\\/uploads\\\/2023\\\/10\\\/RMC-500250.png\",\"width\":500,\"height\":250,\"caption\":\"R\u00e9plique Manga Cin\u00e9\"},\"image\":{\"@id\":\"https:\\\/\\\/repliquemangacine.fr\\\/#\\\/schema\\\/logo\\\/image\\\/\"},\"sameAs\":[\"https:\\\/\\\/www.facebook.com\\\/RepliqueMangaCine\",\"https:\\\/\\\/www.instagram.com\\\/repliquemangacine.fr\\\/\"]}]}<\/script>\n<!-- \/ Yoast SEO plugin. -->","yoast_head_json":{"title":"Katana Leuchtendes Trafalgar Law - One Piece | R\u00e9plique Manga Cin\u00e9","description":"Au\u00dfergew\u00f6hnliche Neuheit, das leuchtende Katana von Trafalgar Law. Stahlklinge mit LEDS. Knopf zum Ein- und Ausschalten. Wird mit Batterien betrieben. 103 cm","robots":{"index":"index","follow":"follow","max-snippet":"max-snippet:-1","max-image-preview":"max-image-preview:large","max-video-preview":"max-video-preview:-1"},"canonical":"https:\/\/repliquemangacine.fr\/de\/katana-aus-metall-one-piece\/leuchtendes-katana-trafalgar-law-one-piece\/","og_locale":"de_DE","og_type":"article","og_title":"Katana Lumineux Trafalgar Law - One Piece | R\u00e9plique Manga Cin\u00e9","og_description":"Nouveaut\u00e9 exceptionnelle, le Katana lumineux de Trafalgar Law. Lame acier avec LEDS. Bouton marche\/arr\u00eat. Fonctionne \u00e0 piles. 103 cm","og_url":"https:\/\/repliquemangacine.fr\/de\/katana-aus-metall-one-piece\/leuchtendes-katana-trafalgar-law-one-piece\/","og_site_name":"R\u00e9plique Manga Cin\u00e9","article_publisher":"https:\/\/www.facebook.com\/RepliqueMangaCine","article_modified_time":"2025-11-17T20:43:38+00:00","og_image":[{"width":500,"height":500,"url":"https:\/\/repliquemangacine.fr\/wp-content\/uploads\/2024\/11\/Katana-lumineux-Trafalgar-Law.jpg","type":"image\/jpeg"}],"twitter_card":"summary_large_image","twitter_misc":{"Gesch\u00e4tzte Lesezeit":"3\u00a0Minuten"},"schema":{"@context":"https:\/\/schema.org","@graph":[{"@type":"WebPage","@id":"https:\/\/repliquemangacine.fr\/katana-en-metal-one-piece\/katana-lumineux-trafalgar-law-one-piece\/","url":"https:\/\/repliquemangacine.fr\/katana-en-metal-one-piece\/katana-lumineux-trafalgar-law-one-piece\/","name":"Katana Leuchtendes Trafalgar Law - One Piece | R\u00e9plique Manga Cin\u00e9","isPartOf":{"@id":"https:\/\/repliquemangacine.fr\/#website"},"primaryImageOfPage":{"@id":"https:\/\/repliquemangacine.fr\/katana-en-metal-one-piece\/katana-lumineux-trafalgar-law-one-piece\/#primaryimage"},"image":{"@id":"https:\/\/repliquemangacine.fr\/katana-en-metal-one-piece\/katana-lumineux-trafalgar-law-one-piece\/#primaryimage"},"thumbnailUrl":"https:\/\/repliquemangacine.fr\/wp-content\/uploads\/2024\/11\/Katana-lumineux-Trafalgar-Law.jpg","datePublished":"2024-11-09T17:01:55+00:00","dateModified":"2025-11-17T20:43:38+00:00","description":"Au\u00dfergew\u00f6hnliche Neuheit, das leuchtende Katana von Trafalgar Law. Stahlklinge mit LEDS. Knopf zum Ein- und Ausschalten. Wird mit Batterien betrieben. 103 cm","breadcrumb":{"@id":"https:\/\/repliquemangacine.fr\/katana-en-metal-one-piece\/katana-lumineux-trafalgar-law-one-piece\/#breadcrumb"},"inLanguage":"de","potentialAction":[{"@type":"ReadAction","target":["https:\/\/repliquemangacine.fr\/katana-en-metal-one-piece\/katana-lumineux-trafalgar-law-one-piece\/"]}]},{"@type":"ImageObject","inLanguage":"de","@id":"https:\/\/repliquemangacine.fr\/katana-en-metal-one-piece\/katana-lumineux-trafalgar-law-one-piece\/#primaryimage","url":"https:\/\/repliquemangacine.fr\/wp-content\/uploads\/2024\/11\/Katana-lumineux-Trafalgar-Law.jpg","contentUrl":"https:\/\/repliquemangacine.fr\/wp-content\/uploads\/2024\/11\/Katana-lumineux-Trafalgar-Law.jpg","width":500,"height":500,"caption":"Katana lumineux de Trafalgar Law dans One Piece"},{"@type":"BreadcrumbList","@id":"https:\/\/repliquemangacine.fr\/katana-en-metal-one-piece\/katana-lumineux-trafalgar-law-one-piece\/#breadcrumb","itemListElement":[{"@type":"ListItem","position":1,"name":"Accueil","item":"https:\/\/repliquemangacine.fr\/"},{"@type":"ListItem","position":2,"name":"Produits","item":"https:\/\/repliquemangacine.fr\/boutique\/"},{"@type":"ListItem","position":3,"name":"Katana Lumineux Trafalgar Law"}]},{"@type":"WebSite","@id":"https:\/\/repliquemangacine.fr\/#website","url":"https:\/\/repliquemangacine.fr\/","name":"R\u00e9plique Manga Cin\u00e9","description":"","publisher":{"@id":"https:\/\/repliquemangacine.fr\/#organization"},"potentialAction":[{"@type":"SearchAction","target":{"@type":"EntryPoint","urlTemplate":"https:\/\/repliquemangacine.fr\/?s={search_term_string}"},"query-input":{"@type":"PropertyValueSpecification","valueRequired":true,"valueName":"search_term_string"}}],"inLanguage":"de"},{"@type":"Organization","@id":"https:\/\/repliquemangacine.fr\/#organization","name":"R\u00e9plique Manga Cin\u00e9","url":"https:\/\/repliquemangacine.fr\/","logo":{"@type":"ImageObject","inLanguage":"de","@id":"https:\/\/repliquemangacine.fr\/#\/schema\/logo\/image\/","url":"https:\/\/repliquemangacine.fr\/wp-content\/uploads\/2023\/10\/RMC-500250.png","contentUrl":"https:\/\/repliquemangacine.fr\/wp-content\/uploads\/2023\/10\/RMC-500250.png","width":500,"height":250,"caption":"R\u00e9plique Manga Cin\u00e9"},"image":{"@id":"https:\/\/repliquemangacine.fr\/#\/schema\/logo\/image\/"},"sameAs":["https:\/\/www.facebook.com\/RepliqueMangaCine","https:\/\/www.instagram.com\/repliquemangacine.fr\/"]}]}},"_links":{"self":[{"href":"https:\/\/repliquemangacine.fr\/de\/wp-json\/wp\/v2\/product\/76054","targetHints":{"allow":["GET"]}}],"collection":[{"href":"https:\/\/repliquemangacine.fr\/de\/wp-json\/wp\/v2\/product"}],"about":[{"href":"https:\/\/repliquemangacine.fr\/de\/wp-json\/wp\/v2\/types\/product"}],"wp:featuredmedia":[{"embeddable":true,"href":"https:\/\/repliquemangacine.fr\/de\/wp-json\/wp\/v2\/media\/76056"}],"wp:attachment":[{"href":"https:\/\/repliquemangacine.fr\/de\/wp-json\/wp\/v2\/media?parent=76054"}],"wp:term":[{"taxonomy":"product_brand","embeddable":true,"href":"https:\/\/repliquemangacine.fr\/de\/wp-json\/wp\/v2\/product_brand?post=76054"},{"taxonomy":"product_cat","embeddable":true,"href":"https:\/\/repliquemangacine.fr\/de\/wp-json\/wp\/v2\/product_cat?post=76054"},{"taxonomy":"product_tag","embeddable":true,"href":"https:\/\/repliquemangacine.fr\/de\/wp-json\/wp\/v2\/product_tag?post=76054"}],"curies":[{"name":"wp","href":"https:\/\/api.w.org\/{rel}","templated":true}]}}