





{"id":76049,"date":"2024-11-09T16:31:35","date_gmt":"2024-11-09T15:31:35","guid":{"rendered":"https:\/\/repliquemangacine.fr\/?post_type=product&#038;p=76049"},"modified":"2025-12-27T11:05:12","modified_gmt":"2025-12-27T10:05:12","slug":"mitsuris-leuchtendes-katana-figurine-demon-slayer-geschenkt","status":"publish","type":"product","link":"https:\/\/repliquemangacine.fr\/de\/katana-lumineux-demon-slayer\/katana-lumineux-de-mitsuri-figurine-demon-slayer-offerte\/","title":{"rendered":"Mitsuris leuchtendes Katana"},"content":{"rendered":"<h2>Mitsuris leuchtendes Katana in Demon Slayer<\/h2>\n<p>Zun\u00e4chst einmal entdecken Sie eine au\u00dfergew\u00f6hnliche Neuheit: Mitsuris leuchtendes Katana, zweifellos eine der ungew\u00f6hnlichsten Waffen unter den D\u00e4monenschnetzlern. Sie wurde f\u00fcr ihren Atem der Liebe entworfen, einen Kampfstil, der auf dem Atem der Flamme basiert.<\/p>\n<p>Dieses einzigartige Katana ist batteriebetrieben und wird durch eingebaute LEDs beleuchtet. Dies verleiht dieser originalgetreuen Replik eine flammende Dimension. Mit einem einfachen Druck auf den Ein-\/Ausschalter, der unauff\u00e4llig in den Griff integriert ist. Die Klinge leuchtet sofort auf und erinnert an die Anmut und Pr\u00e4zision seines von der Natur inspirierten Kampfstils. Die LED-Technologie sorgt f\u00fcr einen nie dagewesenen Realismus und stellt eine Premiere f\u00fcr leuchtende Katanas dieser Qualit\u00e4t dar. Perfekt f\u00fcr Sammler und Liebhaber von <a href=\"https:\/\/kimetsu-no-yaiba.fandom.com\/wiki\/Kimetsu_no_Yaiba_Wiki\" target=\"_blank\" rel=\"noopener noreferrer\">Demon Slayer<\/a>. Dieses Katana vereint Authentizit\u00e4t und Innovation, um ein packendes visuelles Erlebnis zu bieten. Ideal zum Ausstellen oder Nachstellen epischer Szenen. Ein wahrer Schatz f\u00fcr jeden Fan des Universums!<\/p>\n<h2>Entdecken Sie die anderen leuchtenden Katanas von Demon Slayer<\/h2>\n<p>Neben Mitsuris leuchtendem Katana aus Demon Slayer gibt es noch weitere beeindruckende Nachbildungen in der Reihe der leuchtenden Katanas in Demon Slayer.<\/p>\n<ul>\n<li>Zun\u00e4chst einmal ist der <a href=\"https:\/\/repliquemangacine.fr\/de\/leuchtendes-katana-demon-slayer\/kokushibos-leuchtendes-katana-figurine-demon-slayer\/\">leuchtendes Katana von Kokushibo<\/a>Der Begriff \"Angst\" spiegelt seine furchterregende Seite mit seinem d\u00e4monischen und bedrohlichen Aussehen wider.<\/li>\n<li>Es gibt auch, die<a href=\"https:\/\/repliquemangacine.fr\/de\/leuchtendes-katana-demon-slayer\/led-schwert-nichirin-tanjiro-figurine-demon-slayer-angeboten\/\">Led-Schwert Nichirin Tanjiro<\/a>Sie wird aus einem Metall geschmiedet, das das Sonnenlicht absorbiert und die Klinge f\u00fcr D\u00e4monen t\u00f6dlich macht.<\/li>\n<li>Sowie das <a href=\"https:\/\/repliquemangacine.fr\/de\/leuchtendes-katana-demon-slayer\/leuchtendes-katana-yoriichi\/\">leuchtendes Katana von Yoriichi<\/a> Tsugikuni, der legend\u00e4re D\u00e4monenschinder, erstrahlt, um die unvergleichliche Macht dieser mythischen Figur zu verk\u00f6rpern.<br \/>\nSein Kampfstil ist Der Atem der Sonne, auch bekannt als der urspr\u00fcngliche Atem. Und noch viel mehr gibt es in unserem Shop zu entdecken.<\/li>\n<\/ul>\n<p>Jedes Katana dieser Kollektion, das mit LEDs ausgestattet ist, erm\u00f6glicht ein einzigartiges immersives Erlebnis, das technologische Innovation mit dem Respekt f\u00fcr die Details des Demon Slayer-Universums verbindet.<\/p>\n<p>Diese leuchtenden Repliken sind perfekt f\u00fcr leidenschaftliche Fans.<\/p>\n<h2>Innovation im Dienste der Fans: Au\u00dfergew\u00f6hnliche Leuchtkatanas<\/h2>\n<p>Die Welt der Katana-Repliken erreicht mit diesen leuchtenden Modellen einen neuen Meilenstein. Und das ist eine Revolution f\u00fcr Demon Slayer-Fans. Abgesehen von ihrer Herstellungsqualit\u00e4t und ihrer Treue zu den Waffen, die im Anime zu sehen waren. Diese Katanas sind mit LED-Technologien ausgestattet, die eine v\u00f6llig neue Dimension der Immersion bieten. So wird jedes Katana zu mehr als einem einfachen Sammlerst\u00fcck. Es ist ein echtes interaktives Element, das leuchten und die Macht der Charaktere, die es repr\u00e4sentiert, hervorrufen kann. Die einfache Aktivierung der LEDs durch einen unauff\u00e4lligen Knopf erm\u00f6glicht es, das Erlebnis in vollen Z\u00fcgen zu genie\u00dfen. In der Tat, ob f\u00fcr Ausstellungen, Fotos oder sogar Cosplays. Diese Innovation, die Tradition und Technologie vereint, macht die leuchtenden Katanas zu einer Revolution f\u00fcr Fans, die auf der Suche nach authentischen, aber auch innovativen Repliken sind. Wenn Sie Ihre Sammlung um ein ebenso einzigartiges wie markantes Objekt erweitern m\u00f6chten, sind diese Leuchtkatanas genau das Richtige f\u00fcr Sie!<\/p>","protected":false},"excerpt":{"rendered":"<p>Wundersch\u00f6ne Replik von Mitsuris leuchtendem Katana in der Led-Version in Demon Slayer.<\/p>\n<ul>\n<li>Die Klinge ist auf der Oberseite aus Metall mit Gravur<\/li>\n<li>Der untere Teil besteht aus dickem ABS mit rosafarbenen Leds im Inneren.<\/li>\n<li>Unauff\u00e4lliger und sehr leicht zu bedienender Ein-\/Ausschalter<\/li>\n<li>Speziell geformter Metallschutz<\/li>\n<li>Griff aus rosafarbenem Rochenhautimitat, \u00fcberzogen mit einem blauen Baumwollgeflecht<\/li>\n<li>Die Spitze des Griffs l\u00e4sst sich abtrennen, um zwei AAA-Batterien einzulegen (nicht im Lieferumfang enthalten).<\/li>\n<li>Holzscheide mit wei\u00dfem Lack \u00fcberzogen.<\/li>\n<li>L\u00e4nge der Klinge: 67 cm - Gesamtl\u00e4nge: 103 cm - Gewicht: 1090 gr<\/li>\n<\/ul>","protected":false},"featured_media":76050,"template":"","meta":[],"product_brand":[896],"product_cat":[63,868,869,101],"product_tag":[],"class_list":{"0":"post-76049","1":"product","2":"type-product","3":"status-publish","4":"has-post-thumbnail","6":"product_brand-replique-manga-cine","7":"product_cat-katana-demon-slayer","8":"product_cat-katana-lumineux","9":"product_cat-katana-lumineux-demon-slayer","10":"product_cat-soldes","12":"first","13":"instock","14":"sale","15":"taxable","16":"shipping-taxable","17":"purchasable","18":"product-type-simple"},"yoast_head":"<!-- This site is optimized with the Yoast SEO plugin v27.5 - https:\/\/yoast.com\/product\/yoast-seo-wordpress\/ -->\n<title>Katana lumineux de Mitsuri | RMC<\/title>\n<meta name=\"description\" content=\"Superbe et incroyable r\u00e9plique du Katana lumineux de Mitsuri. Lame acier avec leds roses. Bouton Marche-Arr\u00eat. Fonctionnent avec piles. 103 cm\" \/>\n<meta name=\"robots\" content=\"index, follow, max-snippet:-1, max-image-preview:large, max-video-preview:-1\" \/>\n<link rel=\"canonical\" href=\"https:\/\/repliquemangacine.fr\/de\/leuchtendes-katana-demon-slayer\/mitsuris-leuchtendes-katana-figurine-demon-slayer-geschenkt\/\" \/>\n<meta property=\"og:locale\" content=\"de_DE\" \/>\n<meta property=\"og:type\" content=\"article\" \/>\n<meta property=\"og:title\" content=\"Katana lumineux de Mitsuri | RMC\" \/>\n<meta property=\"og:description\" content=\"Superbe et incroyable r\u00e9plique du Katana lumineux de Mitsuri. Lame acier avec leds roses. Bouton Marche-Arr\u00eat. Fonctionnent avec piles. 103 cm\" \/>\n<meta property=\"og:url\" content=\"https:\/\/repliquemangacine.fr\/de\/leuchtendes-katana-demon-slayer\/mitsuris-leuchtendes-katana-figurine-demon-slayer-geschenkt\/\" \/>\n<meta property=\"og:site_name\" content=\"R\u00e9plique Manga Cin\u00e9\" \/>\n<meta property=\"article:publisher\" content=\"https:\/\/www.facebook.com\/RepliqueMangaCine\" \/>\n<meta property=\"article:modified_time\" content=\"2025-12-27T10:05:12+00:00\" \/>\n<meta property=\"og:image\" content=\"https:\/\/repliquemangacine.fr\/wp-content\/uploads\/2024\/11\/Katana-lumineux-de-Mitsuri.jpg\" \/>\n\t<meta property=\"og:image:width\" content=\"500\" \/>\n\t<meta property=\"og:image:height\" content=\"500\" \/>\n\t<meta property=\"og:image:type\" content=\"image\/jpeg\" \/>\n<meta name=\"twitter:card\" content=\"summary_large_image\" \/>\n<meta name=\"twitter:label1\" content=\"Gesch\u00e4tzte Lesezeit\" \/>\n\t<meta name=\"twitter:data1\" content=\"3\u00a0Minuten\" \/>\n<script type=\"application\/ld+json\" class=\"yoast-schema-graph\">{\"@context\":\"https:\\\/\\\/schema.org\",\"@graph\":[{\"@type\":\"WebPage\",\"@id\":\"https:\\\/\\\/repliquemangacine.fr\\\/katana-lumineux-demon-slayer\\\/katana-lumineux-de-mitsuri-figurine-demon-slayer-offerte\\\/\",\"url\":\"https:\\\/\\\/repliquemangacine.fr\\\/katana-lumineux-demon-slayer\\\/katana-lumineux-de-mitsuri-figurine-demon-slayer-offerte\\\/\",\"name\":\"Katana lumineux de Mitsuri | RMC\",\"isPartOf\":{\"@id\":\"https:\\\/\\\/repliquemangacine.fr\\\/#website\"},\"primaryImageOfPage\":{\"@id\":\"https:\\\/\\\/repliquemangacine.fr\\\/katana-lumineux-demon-slayer\\\/katana-lumineux-de-mitsuri-figurine-demon-slayer-offerte\\\/#primaryimage\"},\"image\":{\"@id\":\"https:\\\/\\\/repliquemangacine.fr\\\/katana-lumineux-demon-slayer\\\/katana-lumineux-de-mitsuri-figurine-demon-slayer-offerte\\\/#primaryimage\"},\"thumbnailUrl\":\"https:\\\/\\\/repliquemangacine.fr\\\/wp-content\\\/uploads\\\/2024\\\/11\\\/Katana-lumineux-de-Mitsuri.jpg\",\"datePublished\":\"2024-11-09T15:31:35+00:00\",\"dateModified\":\"2025-12-27T10:05:12+00:00\",\"description\":\"Superbe et incroyable r\u00e9plique du Katana lumineux de Mitsuri. Lame acier avec leds roses. Bouton Marche-Arr\u00eat. Fonctionnent avec piles. 103 cm\",\"breadcrumb\":{\"@id\":\"https:\\\/\\\/repliquemangacine.fr\\\/katana-lumineux-demon-slayer\\\/katana-lumineux-de-mitsuri-figurine-demon-slayer-offerte\\\/#breadcrumb\"},\"inLanguage\":\"de\",\"potentialAction\":[{\"@type\":\"ReadAction\",\"target\":[\"https:\\\/\\\/repliquemangacine.fr\\\/katana-lumineux-demon-slayer\\\/katana-lumineux-de-mitsuri-figurine-demon-slayer-offerte\\\/\"]}]},{\"@type\":\"ImageObject\",\"inLanguage\":\"de\",\"@id\":\"https:\\\/\\\/repliquemangacine.fr\\\/katana-lumineux-demon-slayer\\\/katana-lumineux-de-mitsuri-figurine-demon-slayer-offerte\\\/#primaryimage\",\"url\":\"https:\\\/\\\/repliquemangacine.fr\\\/wp-content\\\/uploads\\\/2024\\\/11\\\/Katana-lumineux-de-Mitsuri.jpg\",\"contentUrl\":\"https:\\\/\\\/repliquemangacine.fr\\\/wp-content\\\/uploads\\\/2024\\\/11\\\/Katana-lumineux-de-Mitsuri.jpg\",\"width\":500,\"height\":500,\"caption\":\"Katana lumineux de Mitsuri demon slayer\"},{\"@type\":\"BreadcrumbList\",\"@id\":\"https:\\\/\\\/repliquemangacine.fr\\\/katana-lumineux-demon-slayer\\\/katana-lumineux-de-mitsuri-figurine-demon-slayer-offerte\\\/#breadcrumb\",\"itemListElement\":[{\"@type\":\"ListItem\",\"position\":1,\"name\":\"Accueil\",\"item\":\"https:\\\/\\\/repliquemangacine.fr\\\/\"},{\"@type\":\"ListItem\",\"position\":2,\"name\":\"Produits\",\"item\":\"https:\\\/\\\/repliquemangacine.fr\\\/boutique\\\/\"},{\"@type\":\"ListItem\",\"position\":3,\"name\":\"Katana lumineux de Mitsuri\"}]},{\"@type\":\"WebSite\",\"@id\":\"https:\\\/\\\/repliquemangacine.fr\\\/#website\",\"url\":\"https:\\\/\\\/repliquemangacine.fr\\\/\",\"name\":\"R\u00e9plique Manga Cin\u00e9\",\"description\":\"\",\"publisher\":{\"@id\":\"https:\\\/\\\/repliquemangacine.fr\\\/#organization\"},\"potentialAction\":[{\"@type\":\"SearchAction\",\"target\":{\"@type\":\"EntryPoint\",\"urlTemplate\":\"https:\\\/\\\/repliquemangacine.fr\\\/?s={search_term_string}\"},\"query-input\":{\"@type\":\"PropertyValueSpecification\",\"valueRequired\":true,\"valueName\":\"search_term_string\"}}],\"inLanguage\":\"de\"},{\"@type\":\"Organization\",\"@id\":\"https:\\\/\\\/repliquemangacine.fr\\\/#organization\",\"name\":\"R\u00e9plique Manga Cin\u00e9\",\"url\":\"https:\\\/\\\/repliquemangacine.fr\\\/\",\"logo\":{\"@type\":\"ImageObject\",\"inLanguage\":\"de\",\"@id\":\"https:\\\/\\\/repliquemangacine.fr\\\/#\\\/schema\\\/logo\\\/image\\\/\",\"url\":\"https:\\\/\\\/repliquemangacine.fr\\\/wp-content\\\/uploads\\\/2023\\\/10\\\/RMC-500250.png\",\"contentUrl\":\"https:\\\/\\\/repliquemangacine.fr\\\/wp-content\\\/uploads\\\/2023\\\/10\\\/RMC-500250.png\",\"width\":500,\"height\":250,\"caption\":\"R\u00e9plique Manga Cin\u00e9\"},\"image\":{\"@id\":\"https:\\\/\\\/repliquemangacine.fr\\\/#\\\/schema\\\/logo\\\/image\\\/\"},\"sameAs\":[\"https:\\\/\\\/www.facebook.com\\\/RepliqueMangaCine\",\"https:\\\/\\\/www.instagram.com\\\/repliquemangacine.fr\\\/\"]}]}<\/script>\n<!-- \/ Yoast SEO plugin. -->","yoast_head_json":{"title":"Mitsuris leuchtendes Katana | RMC","description":"Wundersch\u00f6ne und unglaubliche Replik des leuchtenden Katana von Mitsuri. Stahlklinge mit rosafarbenen Leds. Knopf zum An- und Ausschalten. Funktioniert mit Batterien. 103 cm","robots":{"index":"index","follow":"follow","max-snippet":"max-snippet:-1","max-image-preview":"max-image-preview:large","max-video-preview":"max-video-preview:-1"},"canonical":"https:\/\/repliquemangacine.fr\/de\/leuchtendes-katana-demon-slayer\/mitsuris-leuchtendes-katana-figurine-demon-slayer-geschenkt\/","og_locale":"de_DE","og_type":"article","og_title":"Katana lumineux de Mitsuri | RMC","og_description":"Superbe et incroyable r\u00e9plique du Katana lumineux de Mitsuri. Lame acier avec leds roses. Bouton Marche-Arr\u00eat. Fonctionnent avec piles. 103 cm","og_url":"https:\/\/repliquemangacine.fr\/de\/leuchtendes-katana-demon-slayer\/mitsuris-leuchtendes-katana-figurine-demon-slayer-geschenkt\/","og_site_name":"R\u00e9plique Manga Cin\u00e9","article_publisher":"https:\/\/www.facebook.com\/RepliqueMangaCine","article_modified_time":"2025-12-27T10:05:12+00:00","og_image":[{"width":500,"height":500,"url":"https:\/\/repliquemangacine.fr\/wp-content\/uploads\/2024\/11\/Katana-lumineux-de-Mitsuri.jpg","type":"image\/jpeg"}],"twitter_card":"summary_large_image","twitter_misc":{"Gesch\u00e4tzte Lesezeit":"3\u00a0Minuten"},"schema":{"@context":"https:\/\/schema.org","@graph":[{"@type":"WebPage","@id":"https:\/\/repliquemangacine.fr\/katana-lumineux-demon-slayer\/katana-lumineux-de-mitsuri-figurine-demon-slayer-offerte\/","url":"https:\/\/repliquemangacine.fr\/katana-lumineux-demon-slayer\/katana-lumineux-de-mitsuri-figurine-demon-slayer-offerte\/","name":"Mitsuris leuchtendes Katana | RMC","isPartOf":{"@id":"https:\/\/repliquemangacine.fr\/#website"},"primaryImageOfPage":{"@id":"https:\/\/repliquemangacine.fr\/katana-lumineux-demon-slayer\/katana-lumineux-de-mitsuri-figurine-demon-slayer-offerte\/#primaryimage"},"image":{"@id":"https:\/\/repliquemangacine.fr\/katana-lumineux-demon-slayer\/katana-lumineux-de-mitsuri-figurine-demon-slayer-offerte\/#primaryimage"},"thumbnailUrl":"https:\/\/repliquemangacine.fr\/wp-content\/uploads\/2024\/11\/Katana-lumineux-de-Mitsuri.jpg","datePublished":"2024-11-09T15:31:35+00:00","dateModified":"2025-12-27T10:05:12+00:00","description":"Wundersch\u00f6ne und unglaubliche Replik des leuchtenden Katana von Mitsuri. Stahlklinge mit rosafarbenen Leds. Knopf zum An- und Ausschalten. Funktioniert mit Batterien. 103 cm","breadcrumb":{"@id":"https:\/\/repliquemangacine.fr\/katana-lumineux-demon-slayer\/katana-lumineux-de-mitsuri-figurine-demon-slayer-offerte\/#breadcrumb"},"inLanguage":"de","potentialAction":[{"@type":"ReadAction","target":["https:\/\/repliquemangacine.fr\/katana-lumineux-demon-slayer\/katana-lumineux-de-mitsuri-figurine-demon-slayer-offerte\/"]}]},{"@type":"ImageObject","inLanguage":"de","@id":"https:\/\/repliquemangacine.fr\/katana-lumineux-demon-slayer\/katana-lumineux-de-mitsuri-figurine-demon-slayer-offerte\/#primaryimage","url":"https:\/\/repliquemangacine.fr\/wp-content\/uploads\/2024\/11\/Katana-lumineux-de-Mitsuri.jpg","contentUrl":"https:\/\/repliquemangacine.fr\/wp-content\/uploads\/2024\/11\/Katana-lumineux-de-Mitsuri.jpg","width":500,"height":500,"caption":"Katana lumineux de Mitsuri demon slayer"},{"@type":"BreadcrumbList","@id":"https:\/\/repliquemangacine.fr\/katana-lumineux-demon-slayer\/katana-lumineux-de-mitsuri-figurine-demon-slayer-offerte\/#breadcrumb","itemListElement":[{"@type":"ListItem","position":1,"name":"Accueil","item":"https:\/\/repliquemangacine.fr\/"},{"@type":"ListItem","position":2,"name":"Produits","item":"https:\/\/repliquemangacine.fr\/boutique\/"},{"@type":"ListItem","position":3,"name":"Katana lumineux de Mitsuri"}]},{"@type":"WebSite","@id":"https:\/\/repliquemangacine.fr\/#website","url":"https:\/\/repliquemangacine.fr\/","name":"R\u00e9plique Manga Cin\u00e9","description":"","publisher":{"@id":"https:\/\/repliquemangacine.fr\/#organization"},"potentialAction":[{"@type":"SearchAction","target":{"@type":"EntryPoint","urlTemplate":"https:\/\/repliquemangacine.fr\/?s={search_term_string}"},"query-input":{"@type":"PropertyValueSpecification","valueRequired":true,"valueName":"search_term_string"}}],"inLanguage":"de"},{"@type":"Organization","@id":"https:\/\/repliquemangacine.fr\/#organization","name":"R\u00e9plique Manga Cin\u00e9","url":"https:\/\/repliquemangacine.fr\/","logo":{"@type":"ImageObject","inLanguage":"de","@id":"https:\/\/repliquemangacine.fr\/#\/schema\/logo\/image\/","url":"https:\/\/repliquemangacine.fr\/wp-content\/uploads\/2023\/10\/RMC-500250.png","contentUrl":"https:\/\/repliquemangacine.fr\/wp-content\/uploads\/2023\/10\/RMC-500250.png","width":500,"height":250,"caption":"R\u00e9plique Manga Cin\u00e9"},"image":{"@id":"https:\/\/repliquemangacine.fr\/#\/schema\/logo\/image\/"},"sameAs":["https:\/\/www.facebook.com\/RepliqueMangaCine","https:\/\/www.instagram.com\/repliquemangacine.fr\/"]}]}},"_links":{"self":[{"href":"https:\/\/repliquemangacine.fr\/de\/wp-json\/wp\/v2\/product\/76049","targetHints":{"allow":["GET"]}}],"collection":[{"href":"https:\/\/repliquemangacine.fr\/de\/wp-json\/wp\/v2\/product"}],"about":[{"href":"https:\/\/repliquemangacine.fr\/de\/wp-json\/wp\/v2\/types\/product"}],"wp:featuredmedia":[{"embeddable":true,"href":"https:\/\/repliquemangacine.fr\/de\/wp-json\/wp\/v2\/media\/76050"}],"wp:attachment":[{"href":"https:\/\/repliquemangacine.fr\/de\/wp-json\/wp\/v2\/media?parent=76049"}],"wp:term":[{"taxonomy":"product_brand","embeddable":true,"href":"https:\/\/repliquemangacine.fr\/de\/wp-json\/wp\/v2\/product_brand?post=76049"},{"taxonomy":"product_cat","embeddable":true,"href":"https:\/\/repliquemangacine.fr\/de\/wp-json\/wp\/v2\/product_cat?post=76049"},{"taxonomy":"product_tag","embeddable":true,"href":"https:\/\/repliquemangacine.fr\/de\/wp-json\/wp\/v2\/product_tag?post=76049"}],"curies":[{"name":"wp","href":"https:\/\/api.w.org\/{rel}","templated":true}]}}