





{"id":76042,"date":"2024-11-09T15:53:49","date_gmt":"2024-11-09T14:53:49","guid":{"rendered":"https:\/\/repliquemangacine.fr\/?post_type=product&#038;p=76042"},"modified":"2026-04-19T13:04:39","modified_gmt":"2026-04-19T11:04:39","slug":"led-schwert-nichirin-tanjiro-figurine-demon-slayer-angeboten","status":"publish","type":"product","link":"https:\/\/repliquemangacine.fr\/de\/katana-lumineux-demon-slayer\/epee-led-nichirin-tanjiro-figurine-demon-slayer-offerte\/","title":{"rendered":"Led-Schwert Nichirin Tanjiro"},"content":{"rendered":"<h2>Schwert Led Nichirin Tanjiro in Demon Slayer<\/h2>\n<p>Zun\u00e4chst entdecken Sie eine au\u00dfergew\u00f6hnliche Neuheit: die<strong>Schwert Led Nichirin Tanjiro,<\/strong> eine Spezialwaffe der D\u00e4monenzerst\u00f6rer, die aus einem Metall geschmiedet wird, das das Sonnenlicht absorbiert und die Klinge f\u00fcr D\u00e4monen t\u00f6dlich macht.<\/p>\n<p>Dieses einzigartige Katana ist batteriebetrieben und wird durch eingebaute LEDs beleuchtet. Dies verleiht dieser originalgetreuen Replik eine flammende Dimension. Mit einem einfachen Druck auf den Ein-\/Ausschalter, der unauff\u00e4llig in den Griff integriert ist. Die Klinge leuchtet sofort auf und erinnert an die Anmut und Pr\u00e4zision seines von der Natur inspirierten Kampfstils. Die LED-Technologie sorgt f\u00fcr einen nie dagewesenen Realismus und stellt eine Premiere f\u00fcr leuchtende Katanas dieser Qualit\u00e4t dar. Perfekt f\u00fcr Sammler und Liebhaber von <a href=\"https:\/\/kimetsu-no-yaiba.fandom.com\/wiki\/Kimetsu_no_Yaiba_Wiki\" target=\"_blank\" rel=\"noopener noreferrer\">Demon Slayer<\/a>. Dieses Katana vereint Authentizit\u00e4t und Innovation, um ein packendes visuelles Erlebnis zu bieten. Ideal zum Ausstellen oder Nachstellen epischer Szenen. Ein wahrer Schatz f\u00fcr jeden Fan des Universums!<\/p>\n<h2>Entdecken Sie die anderen leuchtenden Katanas von Demon Slayer<\/h2>\n<p>Neben der<strong>Led-Schwert Nichirin Tanjiro<\/strong> in Demon Slayer umfasst die Auswahl an leuchtenden Katanas in Demon Slayer auch andere eindrucksvolle Nachbildungen.<\/p>\n<ul>\n<li>Die<a href=\"https:\/\/repliquemangacine.fr\/de\/leuchtendes-katana-demon-slayer\/leuchtendes-katana-von-sanemi-demon-slayer\/\"> leuchtendes Katana von Sanemi<\/a> Shinazugawa, sehr starker Schwertk\u00e4mpfer, der drittst\u00e4rkste. Die Klinge leuchtet sofort auf und beschw\u00f6rt Sanemis St\u00e4rke und Beweglichkeit herauf, um der eines D\u00e4mons gleichzukommen.<\/li>\n<li>Au\u00dferdem gibt es den <a href=\"https:\/\/repliquemangacine.fr\/de\/katana-demon-slayer\/zenitsu-lichtkatana\/\">leuchtendes Katana von Zenitsu Agatsuma<\/a> leuchtet mit LEDs, die die elektrisierende Kraft seines Blitzblasens widerspiegeln.  Mit seinem leuchtenden Blitz ist er ein perfektes Symbol f\u00fcr Zenitsus blitzartige Angriffe.<\/li>\n<li>Schlie\u00dflich ist der <a href=\"https:\/\/repliquemangacine.fr\/de\/katana-demon-slayer\/leuchtendes-katana-rengoku\/\">leuchtendes Katana aus Rengoku<\/a> Kyojuro, die S\u00e4ule der Flamme, leuchtet dank seiner LEDs mit feuriger Intensit\u00e4t und verk\u00f6rpert die gl\u00fchende Kraft seines Odems der Flamme.<\/li>\n<\/ul>\n<p>Jedes Katana dieser Kollektion, das mit LEDs ausgestattet ist, erm\u00f6glicht ein einzigartiges immersives Erlebnis, das technologische Innovation mit dem Respekt f\u00fcr die Details des Demon Slayer-Universums verbindet.<\/p>\n<p>Diese leuchtenden Repliken sind perfekt f\u00fcr leidenschaftliche Fans.<\/p>\n<h2>Innovation im Dienste der Fans: Au\u00dfergew\u00f6hnliche Leuchtkatanas<\/h2>\n<p>Die Welt der Katana-Repliken erreicht mit diesen leuchtenden Modellen einen neuen Meilenstein. Und das ist eine Revolution f\u00fcr Demon Slayer-Fans. Abgesehen von ihrer Herstellungsqualit\u00e4t und ihrer Treue zu den Waffen, die im Anime zu sehen waren. Diese Katanas sind mit LED-Technologien ausgestattet, die eine v\u00f6llig neue Dimension der Immersion bieten. So wird jedes Katana zu mehr als einem einfachen Sammlerst\u00fcck. Es ist ein echtes interaktives Element, das leuchten und die Macht der Charaktere, die es repr\u00e4sentiert, hervorrufen kann. Die einfache Aktivierung der LEDs durch einen unauff\u00e4lligen Knopf erm\u00f6glicht es, das Erlebnis in vollen Z\u00fcgen zu genie\u00dfen. In der Tat, ob f\u00fcr Ausstellungen, Fotos oder sogar Cosplays. Diese Innovation, die Tradition und Technologie vereint, macht die leuchtenden Katanas zu einer Revolution f\u00fcr Fans, die auf der Suche nach authentischen, aber auch innovativen Repliken sind. Wenn Sie Ihre Sammlung um ein ebenso einzigartiges wie markantes Objekt erweitern m\u00f6chten, sind diese Leuchtkatanas genau das Richtige f\u00fcr Sie!<\/p>","protected":false},"excerpt":{"rendered":"<p>Wundersch\u00f6ne Replik des Nichirin Tanjiro-Schwerts in der Leuchtversion (Led) aus Demon Slayer.<\/p>\n<ul>\n<li>Die Klinge ist auf der Oberseite aus Metall mit Verzierungen<\/li>\n<li>Der untere Teil besteht aus dickem ABS mit roten Leds im Inneren.<\/li>\n<li>Unauff\u00e4lliger und sehr leicht zu bedienender Ein-\/Ausschalter<\/li>\n<li>Speziell geformter Metallschutz<\/li>\n<li>Griff aus rotem Rochenhautimitat, \u00fcberzogen mit einem schwarzen Kunstledergeflecht<\/li>\n<li>Die Spitze des Griffs l\u00e4sst sich abtrennen, um zwei AAA-Batterien einzulegen (nicht im Lieferumfang enthalten).<\/li>\n<li>Scheide aus schwarzem Holz.<\/li>\n<li>L\u00e4nge der Klinge: 67 cm - Gesamtl\u00e4nge: 103 cm - Gewicht: 1065 gr<\/li>\n<\/ul>","protected":false},"featured_media":76044,"template":"","meta":[],"product_brand":[896],"product_cat":[63,868,869,101],"product_tag":[],"class_list":{"0":"post-76042","1":"product","2":"type-product","3":"status-publish","4":"has-post-thumbnail","6":"product_brand-replique-manga-cine","7":"product_cat-katana-demon-slayer","8":"product_cat-katana-lumineux","9":"product_cat-katana-lumineux-demon-slayer","10":"product_cat-soldes","12":"first","13":"outofstock","14":"sale","15":"taxable","16":"shipping-taxable","17":"purchasable","18":"product-type-simple"},"yoast_head":"<!-- This site is optimized with the Yoast SEO plugin v27.5 - https:\/\/yoast.com\/product\/yoast-seo-wordpress\/ -->\n<title>Ep\u00e9e Led Nichirin Tanjiro | RMC<\/title>\n<meta name=\"description\" content=\"Exceptionnelle nouveaut\u00e9 que cette Ep\u00e9e Led Nichirin Tanjiro . Leds rouges. Lame m\u00e9tal. Fonctionne \u00e0 pile. Garde m\u00e9tal. 103 cm\" \/>\n<meta name=\"robots\" content=\"index, follow, max-snippet:-1, max-image-preview:large, max-video-preview:-1\" \/>\n<link rel=\"canonical\" href=\"https:\/\/repliquemangacine.fr\/de\/leuchtendes-katana-demon-slayer\/led-schwert-nichirin-tanjiro-figurine-demon-slayer-angeboten\/\" \/>\n<meta property=\"og:locale\" content=\"de_DE\" \/>\n<meta property=\"og:type\" content=\"article\" \/>\n<meta property=\"og:title\" content=\"Ep\u00e9e Led Nichirin Tanjiro | RMC\" \/>\n<meta property=\"og:description\" content=\"Exceptionnelle nouveaut\u00e9 que cette Ep\u00e9e Led Nichirin Tanjiro . Leds rouges. Lame m\u00e9tal. Fonctionne \u00e0 pile. Garde m\u00e9tal. 103 cm\" \/>\n<meta property=\"og:url\" content=\"https:\/\/repliquemangacine.fr\/de\/leuchtendes-katana-demon-slayer\/led-schwert-nichirin-tanjiro-figurine-demon-slayer-angeboten\/\" \/>\n<meta property=\"og:site_name\" content=\"R\u00e9plique Manga Cin\u00e9\" \/>\n<meta property=\"article:publisher\" content=\"https:\/\/www.facebook.com\/RepliqueMangaCine\" \/>\n<meta property=\"article:modified_time\" content=\"2026-04-19T11:04:39+00:00\" \/>\n<meta property=\"og:image\" content=\"https:\/\/repliquemangacine.fr\/wp-content\/uploads\/2024\/11\/Epee-Led-Nichirin-Tanjiro.jpg\" \/>\n\t<meta property=\"og:image:width\" content=\"500\" \/>\n\t<meta property=\"og:image:height\" content=\"500\" \/>\n\t<meta property=\"og:image:type\" content=\"image\/jpeg\" \/>\n<meta name=\"twitter:card\" content=\"summary_large_image\" \/>\n<meta name=\"twitter:label1\" content=\"Gesch\u00e4tzte Lesezeit\" \/>\n\t<meta name=\"twitter:data1\" content=\"3\u00a0Minuten\" \/>\n<script type=\"application\/ld+json\" class=\"yoast-schema-graph\">{\"@context\":\"https:\\\/\\\/schema.org\",\"@graph\":[{\"@type\":\"WebPage\",\"@id\":\"https:\\\/\\\/repliquemangacine.fr\\\/katana-lumineux-demon-slayer\\\/epee-led-nichirin-tanjiro-figurine-demon-slayer-offerte\\\/\",\"url\":\"https:\\\/\\\/repliquemangacine.fr\\\/katana-lumineux-demon-slayer\\\/epee-led-nichirin-tanjiro-figurine-demon-slayer-offerte\\\/\",\"name\":\"Ep\u00e9e Led Nichirin Tanjiro | RMC\",\"isPartOf\":{\"@id\":\"https:\\\/\\\/repliquemangacine.fr\\\/#website\"},\"primaryImageOfPage\":{\"@id\":\"https:\\\/\\\/repliquemangacine.fr\\\/katana-lumineux-demon-slayer\\\/epee-led-nichirin-tanjiro-figurine-demon-slayer-offerte\\\/#primaryimage\"},\"image\":{\"@id\":\"https:\\\/\\\/repliquemangacine.fr\\\/katana-lumineux-demon-slayer\\\/epee-led-nichirin-tanjiro-figurine-demon-slayer-offerte\\\/#primaryimage\"},\"thumbnailUrl\":\"https:\\\/\\\/repliquemangacine.fr\\\/wp-content\\\/uploads\\\/2024\\\/11\\\/Epee-Led-Nichirin-Tanjiro.jpg\",\"datePublished\":\"2024-11-09T14:53:49+00:00\",\"dateModified\":\"2026-04-19T11:04:39+00:00\",\"description\":\"Exceptionnelle nouveaut\u00e9 que cette Ep\u00e9e Led Nichirin Tanjiro . Leds rouges. Lame m\u00e9tal. Fonctionne \u00e0 pile. Garde m\u00e9tal. 103 cm\",\"breadcrumb\":{\"@id\":\"https:\\\/\\\/repliquemangacine.fr\\\/katana-lumineux-demon-slayer\\\/epee-led-nichirin-tanjiro-figurine-demon-slayer-offerte\\\/#breadcrumb\"},\"inLanguage\":\"de\",\"potentialAction\":[{\"@type\":\"ReadAction\",\"target\":[\"https:\\\/\\\/repliquemangacine.fr\\\/katana-lumineux-demon-slayer\\\/epee-led-nichirin-tanjiro-figurine-demon-slayer-offerte\\\/\"]}]},{\"@type\":\"ImageObject\",\"inLanguage\":\"de\",\"@id\":\"https:\\\/\\\/repliquemangacine.fr\\\/katana-lumineux-demon-slayer\\\/epee-led-nichirin-tanjiro-figurine-demon-slayer-offerte\\\/#primaryimage\",\"url\":\"https:\\\/\\\/repliquemangacine.fr\\\/wp-content\\\/uploads\\\/2024\\\/11\\\/Epee-Led-Nichirin-Tanjiro.jpg\",\"contentUrl\":\"https:\\\/\\\/repliquemangacine.fr\\\/wp-content\\\/uploads\\\/2024\\\/11\\\/Epee-Led-Nichirin-Tanjiro.jpg\",\"width\":500,\"height\":500,\"caption\":\"Ep\u00e9e Led Nichirin Tanjiro\"},{\"@type\":\"BreadcrumbList\",\"@id\":\"https:\\\/\\\/repliquemangacine.fr\\\/katana-lumineux-demon-slayer\\\/epee-led-nichirin-tanjiro-figurine-demon-slayer-offerte\\\/#breadcrumb\",\"itemListElement\":[{\"@type\":\"ListItem\",\"position\":1,\"name\":\"Accueil\",\"item\":\"https:\\\/\\\/repliquemangacine.fr\\\/\"},{\"@type\":\"ListItem\",\"position\":2,\"name\":\"Produits\",\"item\":\"https:\\\/\\\/repliquemangacine.fr\\\/boutique\\\/\"},{\"@type\":\"ListItem\",\"position\":3,\"name\":\"Ep\u00e9e Led Nichirin Tanjiro\"}]},{\"@type\":\"WebSite\",\"@id\":\"https:\\\/\\\/repliquemangacine.fr\\\/#website\",\"url\":\"https:\\\/\\\/repliquemangacine.fr\\\/\",\"name\":\"R\u00e9plique Manga Cin\u00e9\",\"description\":\"\",\"publisher\":{\"@id\":\"https:\\\/\\\/repliquemangacine.fr\\\/#organization\"},\"potentialAction\":[{\"@type\":\"SearchAction\",\"target\":{\"@type\":\"EntryPoint\",\"urlTemplate\":\"https:\\\/\\\/repliquemangacine.fr\\\/?s={search_term_string}\"},\"query-input\":{\"@type\":\"PropertyValueSpecification\",\"valueRequired\":true,\"valueName\":\"search_term_string\"}}],\"inLanguage\":\"de\"},{\"@type\":\"Organization\",\"@id\":\"https:\\\/\\\/repliquemangacine.fr\\\/#organization\",\"name\":\"R\u00e9plique Manga Cin\u00e9\",\"url\":\"https:\\\/\\\/repliquemangacine.fr\\\/\",\"logo\":{\"@type\":\"ImageObject\",\"inLanguage\":\"de\",\"@id\":\"https:\\\/\\\/repliquemangacine.fr\\\/#\\\/schema\\\/logo\\\/image\\\/\",\"url\":\"https:\\\/\\\/repliquemangacine.fr\\\/wp-content\\\/uploads\\\/2023\\\/10\\\/RMC-500250.png\",\"contentUrl\":\"https:\\\/\\\/repliquemangacine.fr\\\/wp-content\\\/uploads\\\/2023\\\/10\\\/RMC-500250.png\",\"width\":500,\"height\":250,\"caption\":\"R\u00e9plique Manga Cin\u00e9\"},\"image\":{\"@id\":\"https:\\\/\\\/repliquemangacine.fr\\\/#\\\/schema\\\/logo\\\/image\\\/\"},\"sameAs\":[\"https:\\\/\\\/www.facebook.com\\\/RepliqueMangaCine\",\"https:\\\/\\\/www.instagram.com\\\/repliquemangacine.fr\\\/\"]}]}<\/script>\n<!-- \/ Yoast SEO plugin. -->","yoast_head_json":{"title":"Led-Schwert Nichirin Tanjiro | RMC","description":"Dieses Led-Schwert Nichirin Tanjiro ist eine au\u00dfergew\u00f6hnliche Neuheit. Rote Leds. Klinge aus Metall. Wird mit Batterien betrieben. Griff aus Metall. 103 cm","robots":{"index":"index","follow":"follow","max-snippet":"max-snippet:-1","max-image-preview":"max-image-preview:large","max-video-preview":"max-video-preview:-1"},"canonical":"https:\/\/repliquemangacine.fr\/de\/leuchtendes-katana-demon-slayer\/led-schwert-nichirin-tanjiro-figurine-demon-slayer-angeboten\/","og_locale":"de_DE","og_type":"article","og_title":"Ep\u00e9e Led Nichirin Tanjiro | RMC","og_description":"Exceptionnelle nouveaut\u00e9 que cette Ep\u00e9e Led Nichirin Tanjiro . Leds rouges. Lame m\u00e9tal. Fonctionne \u00e0 pile. Garde m\u00e9tal. 103 cm","og_url":"https:\/\/repliquemangacine.fr\/de\/leuchtendes-katana-demon-slayer\/led-schwert-nichirin-tanjiro-figurine-demon-slayer-angeboten\/","og_site_name":"R\u00e9plique Manga Cin\u00e9","article_publisher":"https:\/\/www.facebook.com\/RepliqueMangaCine","article_modified_time":"2026-04-19T11:04:39+00:00","og_image":[{"width":500,"height":500,"url":"https:\/\/repliquemangacine.fr\/wp-content\/uploads\/2024\/11\/Epee-Led-Nichirin-Tanjiro.jpg","type":"image\/jpeg"}],"twitter_card":"summary_large_image","twitter_misc":{"Gesch\u00e4tzte Lesezeit":"3\u00a0Minuten"},"schema":{"@context":"https:\/\/schema.org","@graph":[{"@type":"WebPage","@id":"https:\/\/repliquemangacine.fr\/katana-lumineux-demon-slayer\/epee-led-nichirin-tanjiro-figurine-demon-slayer-offerte\/","url":"https:\/\/repliquemangacine.fr\/katana-lumineux-demon-slayer\/epee-led-nichirin-tanjiro-figurine-demon-slayer-offerte\/","name":"Led-Schwert Nichirin Tanjiro | RMC","isPartOf":{"@id":"https:\/\/repliquemangacine.fr\/#website"},"primaryImageOfPage":{"@id":"https:\/\/repliquemangacine.fr\/katana-lumineux-demon-slayer\/epee-led-nichirin-tanjiro-figurine-demon-slayer-offerte\/#primaryimage"},"image":{"@id":"https:\/\/repliquemangacine.fr\/katana-lumineux-demon-slayer\/epee-led-nichirin-tanjiro-figurine-demon-slayer-offerte\/#primaryimage"},"thumbnailUrl":"https:\/\/repliquemangacine.fr\/wp-content\/uploads\/2024\/11\/Epee-Led-Nichirin-Tanjiro.jpg","datePublished":"2024-11-09T14:53:49+00:00","dateModified":"2026-04-19T11:04:39+00:00","description":"Dieses Led-Schwert Nichirin Tanjiro ist eine au\u00dfergew\u00f6hnliche Neuheit. Rote Leds. Klinge aus Metall. Wird mit Batterien betrieben. Griff aus Metall. 103 cm","breadcrumb":{"@id":"https:\/\/repliquemangacine.fr\/katana-lumineux-demon-slayer\/epee-led-nichirin-tanjiro-figurine-demon-slayer-offerte\/#breadcrumb"},"inLanguage":"de","potentialAction":[{"@type":"ReadAction","target":["https:\/\/repliquemangacine.fr\/katana-lumineux-demon-slayer\/epee-led-nichirin-tanjiro-figurine-demon-slayer-offerte\/"]}]},{"@type":"ImageObject","inLanguage":"de","@id":"https:\/\/repliquemangacine.fr\/katana-lumineux-demon-slayer\/epee-led-nichirin-tanjiro-figurine-demon-slayer-offerte\/#primaryimage","url":"https:\/\/repliquemangacine.fr\/wp-content\/uploads\/2024\/11\/Epee-Led-Nichirin-Tanjiro.jpg","contentUrl":"https:\/\/repliquemangacine.fr\/wp-content\/uploads\/2024\/11\/Epee-Led-Nichirin-Tanjiro.jpg","width":500,"height":500,"caption":"Ep\u00e9e Led Nichirin Tanjiro"},{"@type":"BreadcrumbList","@id":"https:\/\/repliquemangacine.fr\/katana-lumineux-demon-slayer\/epee-led-nichirin-tanjiro-figurine-demon-slayer-offerte\/#breadcrumb","itemListElement":[{"@type":"ListItem","position":1,"name":"Accueil","item":"https:\/\/repliquemangacine.fr\/"},{"@type":"ListItem","position":2,"name":"Produits","item":"https:\/\/repliquemangacine.fr\/boutique\/"},{"@type":"ListItem","position":3,"name":"Ep\u00e9e Led Nichirin Tanjiro"}]},{"@type":"WebSite","@id":"https:\/\/repliquemangacine.fr\/#website","url":"https:\/\/repliquemangacine.fr\/","name":"R\u00e9plique Manga Cin\u00e9","description":"","publisher":{"@id":"https:\/\/repliquemangacine.fr\/#organization"},"potentialAction":[{"@type":"SearchAction","target":{"@type":"EntryPoint","urlTemplate":"https:\/\/repliquemangacine.fr\/?s={search_term_string}"},"query-input":{"@type":"PropertyValueSpecification","valueRequired":true,"valueName":"search_term_string"}}],"inLanguage":"de"},{"@type":"Organization","@id":"https:\/\/repliquemangacine.fr\/#organization","name":"R\u00e9plique Manga Cin\u00e9","url":"https:\/\/repliquemangacine.fr\/","logo":{"@type":"ImageObject","inLanguage":"de","@id":"https:\/\/repliquemangacine.fr\/#\/schema\/logo\/image\/","url":"https:\/\/repliquemangacine.fr\/wp-content\/uploads\/2023\/10\/RMC-500250.png","contentUrl":"https:\/\/repliquemangacine.fr\/wp-content\/uploads\/2023\/10\/RMC-500250.png","width":500,"height":250,"caption":"R\u00e9plique Manga Cin\u00e9"},"image":{"@id":"https:\/\/repliquemangacine.fr\/#\/schema\/logo\/image\/"},"sameAs":["https:\/\/www.facebook.com\/RepliqueMangaCine","https:\/\/www.instagram.com\/repliquemangacine.fr\/"]}]}},"_links":{"self":[{"href":"https:\/\/repliquemangacine.fr\/de\/wp-json\/wp\/v2\/product\/76042","targetHints":{"allow":["GET"]}}],"collection":[{"href":"https:\/\/repliquemangacine.fr\/de\/wp-json\/wp\/v2\/product"}],"about":[{"href":"https:\/\/repliquemangacine.fr\/de\/wp-json\/wp\/v2\/types\/product"}],"wp:featuredmedia":[{"embeddable":true,"href":"https:\/\/repliquemangacine.fr\/de\/wp-json\/wp\/v2\/media\/76044"}],"wp:attachment":[{"href":"https:\/\/repliquemangacine.fr\/de\/wp-json\/wp\/v2\/media?parent=76042"}],"wp:term":[{"taxonomy":"product_brand","embeddable":true,"href":"https:\/\/repliquemangacine.fr\/de\/wp-json\/wp\/v2\/product_brand?post=76042"},{"taxonomy":"product_cat","embeddable":true,"href":"https:\/\/repliquemangacine.fr\/de\/wp-json\/wp\/v2\/product_cat?post=76042"},{"taxonomy":"product_tag","embeddable":true,"href":"https:\/\/repliquemangacine.fr\/de\/wp-json\/wp\/v2\/product_tag?post=76042"}],"curies":[{"name":"wp","href":"https:\/\/api.w.org\/{rel}","templated":true}]}}