





{"id":75744,"date":"2024-10-31T19:26:25","date_gmt":"2024-10-31T18:26:25","guid":{"rendered":"https:\/\/repliquemangacine.fr\/?post_type=product&#038;p=75744"},"modified":"2025-12-17T13:28:49","modified_gmt":"2025-12-17T12:28:49","slug":"leuchtendes-katana-von-kanao","status":"publish","type":"product","link":"https:\/\/repliquemangacine.fr\/de\/katana-lumineux-demon-slayer\/katana-lumineux-de-kanao\/","title":{"rendered":"Kanaos leuchtendes Katana"},"content":{"rendered":"<h2>Leuchtendes Katana Kanao Tsuyuri in Demon Slayer<\/h2>\n<p>Entdecken Sie zun\u00e4chst eine au\u00dfergew\u00f6hnliche Neuheit: das leuchtende Katana von <a href=\"https:\/\/kimetsu-no-yaiba.fandom.com\/fr\/wiki\/Kanao_Tsuyuri\" target=\"_blank\" rel=\"noopener noreferrer\">Kanao Tsuyuri<\/a>, spiegelt die Anmut und Pr\u00e4zision seines Kampfstils wider. Dieses einzigartige Katana ist batteriebetrieben und leuchtet dank integrierter LEDs. So erh\u00e4lt diese originalgetreue Nachbildung eine extravagante Note. Mit einem einfachen Druck auf den diskret in den Griff integrierten Ein-\/Aus-Schalter Die Klinge leuchtet sofort auf und erinnert an die Anmut und Pr\u00e4zision seines von der Natur inspirierten Kampfstils.<\/p>\n<p>Diese LED-Technologie bietet einen noch nie dagewesenen Realismus und ist eine Premiere f\u00fcr leuchtende Katanas dieser Qualit\u00e4t. Perfekt f\u00fcr Sammler und Fans von Demon Slayer. Dieses Katana verbindet Authentizit\u00e4t und Innovation und bietet ein beeindruckendes visuelles Erlebnis. Ideal, um die epischen Szenen aus \u201eThe Flame Pillar\u201c auszustellen oder nachzustellen. Ein wahrer Schatz f\u00fcr jeden Fan dieses Universums!<\/p>\n<h2>Entdecken Sie die anderen leuchtenden Katanas von Demon Slayer<\/h2>\n<p>Neben dem <strong>leuchtendes Katana von Kanao<\/strong> Tsuyuri, das Sortiment an leuchtenden Katanas in Demon Slayer umfasst auch andere beeindruckende Nachbildungen.<\/p>\n<ul>\n<li>Die <a href=\"https:\/\/repliquemangacine.fr\/de\/leuchtendes-katana-demon-slayer\/leuchtendes-katana-yoriichi\/\">leuchtendes Katana von Yoriichi<\/a> Tsugikuni, der legend\u00e4re D\u00e4monenschl\u00e4chter, leuchtet auf, um die unvergleichliche Macht dieser mythischen Figur zu verk\u00f6rpern. Sein Kampfstil ist Der Atem der Sonne, auch bekannt als der urspr\u00fcngliche Atem.<\/li>\n<li>Es gibt auch den <a href=\"https:\/\/repliquemangacine.fr\/de\/leuchtendes-katana-demon-slayer\/kokushibos-leuchtendes-katana-figurine-demon-slayer\/\">leuchtendes Katana von Kokushibo<\/a>Der Begriff \"Angst\" spiegelt seine furchterregende Seite mit seinem d\u00e4monischen und bedrohlichen Aussehen wider.<\/li>\n<li>Schlie\u00dflich ist der <a href=\"https:\/\/repliquemangacine.fr\/de\/katana-demon-slayer\/leuchtendes-katana-rengoku\/\">leuchtendes Katana aus Rengoku<\/a> Kyojuro, die S\u00e4ule der Flamme, erstrahlt dank seiner LEDs in feuriger Intensit\u00e4t und verk\u00f6rpert die gl\u00fchende Kraft seines Odems der Flamme. Jedes Katana dieser Kollektion, das mit LEDs ausgestattet ist, erm\u00f6glicht ein einzigartiges immersives Erlebnis, das technologische Innovation mit dem Respekt vor den Details des Demon Slayer-Universums verbindet. Diese leuchtenden Repliken sind perfekt f\u00fcr leidenschaftliche Fans.<\/li>\n<\/ul>\n<h2>Innovation im Dienste der Fans: Au\u00dfergew\u00f6hnliche Leuchtkatanas<\/h2>\n<p>Die Welt der Katana-Repliken erreicht mit diesen leuchtenden Modellen einen neuen Meilenstein. Und das ist eine Revolution f\u00fcr Demon Slayer-Fans. Abgesehen von ihrer Herstellungsqualit\u00e4t und ihrer Treue zu den Waffen, die im Anime zu sehen waren. Diese Katanas sind mit LED-Technologien ausgestattet, die eine v\u00f6llig neue Dimension der Immersion bieten. So wird jedes Katana zu mehr als einem einfachen Sammlerst\u00fcck. Es ist ein interaktives Element, das leuchtet und die Macht der Figuren, die es repr\u00e4sentiert, hervorruft.<\/p>\n<p>Die einfache Aktivierung der LEDs durch einen unauff\u00e4lligen Knopf sorgt daf\u00fcr, dass Sie das Erlebnis in vollen Z\u00fcgen genie\u00dfen k\u00f6nnen. In der Tat, ob f\u00fcr Ausstellungen, Fotos oder sogar Cosplays. Diese Innovation, die Tradition und Technologie vereint, macht die leuchtenden Katanas zu einer Revolution f\u00fcr Fans, die auf der Suche nach authentischen, aber auch innovativen Repliken sind. Wenn Sie Ihre Sammlung um ein ebenso einzigartiges wie markantes Objekt erweitern m\u00f6chten, sind diese Leuchtkatanas genau das Richtige f\u00fcr Sie!<\/p>","protected":false},"excerpt":{"rendered":"<p>Wundersch\u00f6ne Replik von Kanaos Katana in der Leuchtversion (Led) aus Demon Slayer.<\/p>\n<ul>\n<li>Die Klinge ist auf der Oberseite aus Metall mit Gravur<\/li>\n<li>Der untere Teil besteht aus dickem ABS mit wei\u00dfen Leds im Inneren.<\/li>\n<li>Unauff\u00e4lliger und sehr leicht zu bedienender Ein-\/Ausschalter<\/li>\n<li>Speziell geformter Metallschutz<\/li>\n<li>Griff aus rosafarbenem Rochenhautimitat, \u00fcberzogen mit einem wei\u00dfen Baumwollgeflecht<\/li>\n<li>Die Spitze des Griffs l\u00e4sst sich abtrennen, um zwei AAA-Batterien einzulegen (nicht im Lieferumfang enthalten).<\/li>\n<li>Scheide aus schwarzem Holz.<\/li>\n<li>L\u00e4nge der Klinge: 67 cm - Gesamtl\u00e4nge: 103 cm - Gewicht: 1065 gr<\/li>\n<\/ul>","protected":false},"featured_media":75745,"template":"","meta":[],"product_brand":[896],"product_cat":[63,868,869,101],"product_tag":[],"class_list":{"0":"post-75744","1":"product","2":"type-product","3":"status-publish","4":"has-post-thumbnail","6":"product_brand-replique-manga-cine","7":"product_cat-katana-demon-slayer","8":"product_cat-katana-lumineux","9":"product_cat-katana-lumineux-demon-slayer","10":"product_cat-soldes","12":"first","13":"instock","14":"sale","15":"taxable","16":"shipping-taxable","17":"purchasable","18":"product-type-simple"},"yoast_head":"<!-- This site is optimized with the Yoast SEO plugin v27.5 - https:\/\/yoast.com\/product\/yoast-seo-wordpress\/ -->\n<title>Katana lumineux de Kanao | RMC<\/title>\n<meta name=\"description\" content=\"Fantastique ! Ce Katana lumineux de Kanao avec sa lame en acier avec Led incorpor\u00e9e. Bouton marche\/arr\u00eat. Fonctionne avec piles. Fourreau bois. 103 cm\" \/>\n<meta name=\"robots\" content=\"index, follow, max-snippet:-1, max-image-preview:large, max-video-preview:-1\" \/>\n<link rel=\"canonical\" href=\"https:\/\/repliquemangacine.fr\/de\/leuchtendes-katana-demon-slayer\/leuchtendes-katana-von-kanao\/\" \/>\n<meta property=\"og:locale\" content=\"de_DE\" \/>\n<meta property=\"og:type\" content=\"article\" \/>\n<meta property=\"og:title\" content=\"Katana lumineux de Kanao | RMC\" \/>\n<meta property=\"og:description\" content=\"Fantastique ! Ce Katana lumineux de Kanao avec sa lame en acier avec Led incorpor\u00e9e. Bouton marche\/arr\u00eat. Fonctionne avec piles. Fourreau bois. 103 cm\" \/>\n<meta property=\"og:url\" content=\"https:\/\/repliquemangacine.fr\/de\/leuchtendes-katana-demon-slayer\/leuchtendes-katana-von-kanao\/\" \/>\n<meta property=\"og:site_name\" content=\"R\u00e9plique Manga Cin\u00e9\" \/>\n<meta property=\"article:publisher\" content=\"https:\/\/www.facebook.com\/RepliqueMangaCine\" \/>\n<meta property=\"article:modified_time\" content=\"2025-12-17T12:28:49+00:00\" \/>\n<meta property=\"og:image\" content=\"https:\/\/repliquemangacine.fr\/wp-content\/uploads\/2024\/10\/Katana-de-kanao-lumineux-Demon-slayer-.jpg\" \/>\n\t<meta property=\"og:image:width\" content=\"500\" \/>\n\t<meta property=\"og:image:height\" content=\"500\" \/>\n\t<meta property=\"og:image:type\" content=\"image\/jpeg\" \/>\n<meta name=\"twitter:card\" content=\"summary_large_image\" \/>\n<meta name=\"twitter:label1\" content=\"Gesch\u00e4tzte Lesezeit\" \/>\n\t<meta name=\"twitter:data1\" content=\"3\u00a0Minuten\" \/>\n<script type=\"application\/ld+json\" class=\"yoast-schema-graph\">{\"@context\":\"https:\\\/\\\/schema.org\",\"@graph\":[{\"@type\":\"WebPage\",\"@id\":\"https:\\\/\\\/repliquemangacine.fr\\\/katana-lumineux-demon-slayer\\\/katana-lumineux-de-kanao\\\/\",\"url\":\"https:\\\/\\\/repliquemangacine.fr\\\/katana-lumineux-demon-slayer\\\/katana-lumineux-de-kanao\\\/\",\"name\":\"Katana lumineux de Kanao | RMC\",\"isPartOf\":{\"@id\":\"https:\\\/\\\/repliquemangacine.fr\\\/#website\"},\"primaryImageOfPage\":{\"@id\":\"https:\\\/\\\/repliquemangacine.fr\\\/katana-lumineux-demon-slayer\\\/katana-lumineux-de-kanao\\\/#primaryimage\"},\"image\":{\"@id\":\"https:\\\/\\\/repliquemangacine.fr\\\/katana-lumineux-demon-slayer\\\/katana-lumineux-de-kanao\\\/#primaryimage\"},\"thumbnailUrl\":\"https:\\\/\\\/repliquemangacine.fr\\\/wp-content\\\/uploads\\\/2024\\\/10\\\/Katana-de-kanao-lumineux-Demon-slayer-.jpg\",\"datePublished\":\"2024-10-31T18:26:25+00:00\",\"dateModified\":\"2025-12-17T12:28:49+00:00\",\"description\":\"Fantastique ! Ce Katana lumineux de Kanao avec sa lame en acier avec Led incorpor\u00e9e. Bouton marche\\\/arr\u00eat. Fonctionne avec piles. Fourreau bois. 103 cm\",\"breadcrumb\":{\"@id\":\"https:\\\/\\\/repliquemangacine.fr\\\/katana-lumineux-demon-slayer\\\/katana-lumineux-de-kanao\\\/#breadcrumb\"},\"inLanguage\":\"de\",\"potentialAction\":[{\"@type\":\"ReadAction\",\"target\":[\"https:\\\/\\\/repliquemangacine.fr\\\/katana-lumineux-demon-slayer\\\/katana-lumineux-de-kanao\\\/\"]}]},{\"@type\":\"ImageObject\",\"inLanguage\":\"de\",\"@id\":\"https:\\\/\\\/repliquemangacine.fr\\\/katana-lumineux-demon-slayer\\\/katana-lumineux-de-kanao\\\/#primaryimage\",\"url\":\"https:\\\/\\\/repliquemangacine.fr\\\/wp-content\\\/uploads\\\/2024\\\/10\\\/Katana-de-kanao-lumineux-Demon-slayer-.jpg\",\"contentUrl\":\"https:\\\/\\\/repliquemangacine.fr\\\/wp-content\\\/uploads\\\/2024\\\/10\\\/Katana-de-kanao-lumineux-Demon-slayer-.jpg\",\"width\":500,\"height\":500,\"caption\":\"Katana lumineux de Kanao dans Demon Slayer\"},{\"@type\":\"BreadcrumbList\",\"@id\":\"https:\\\/\\\/repliquemangacine.fr\\\/katana-lumineux-demon-slayer\\\/katana-lumineux-de-kanao\\\/#breadcrumb\",\"itemListElement\":[{\"@type\":\"ListItem\",\"position\":1,\"name\":\"Accueil\",\"item\":\"https:\\\/\\\/repliquemangacine.fr\\\/\"},{\"@type\":\"ListItem\",\"position\":2,\"name\":\"Produits\",\"item\":\"https:\\\/\\\/repliquemangacine.fr\\\/boutique\\\/\"},{\"@type\":\"ListItem\",\"position\":3,\"name\":\"Katana lumineux de Kanao\"}]},{\"@type\":\"WebSite\",\"@id\":\"https:\\\/\\\/repliquemangacine.fr\\\/#website\",\"url\":\"https:\\\/\\\/repliquemangacine.fr\\\/\",\"name\":\"R\u00e9plique Manga Cin\u00e9\",\"description\":\"\",\"publisher\":{\"@id\":\"https:\\\/\\\/repliquemangacine.fr\\\/#organization\"},\"potentialAction\":[{\"@type\":\"SearchAction\",\"target\":{\"@type\":\"EntryPoint\",\"urlTemplate\":\"https:\\\/\\\/repliquemangacine.fr\\\/?s={search_term_string}\"},\"query-input\":{\"@type\":\"PropertyValueSpecification\",\"valueRequired\":true,\"valueName\":\"search_term_string\"}}],\"inLanguage\":\"de\"},{\"@type\":\"Organization\",\"@id\":\"https:\\\/\\\/repliquemangacine.fr\\\/#organization\",\"name\":\"R\u00e9plique Manga Cin\u00e9\",\"url\":\"https:\\\/\\\/repliquemangacine.fr\\\/\",\"logo\":{\"@type\":\"ImageObject\",\"inLanguage\":\"de\",\"@id\":\"https:\\\/\\\/repliquemangacine.fr\\\/#\\\/schema\\\/logo\\\/image\\\/\",\"url\":\"https:\\\/\\\/repliquemangacine.fr\\\/wp-content\\\/uploads\\\/2023\\\/10\\\/RMC-500250.png\",\"contentUrl\":\"https:\\\/\\\/repliquemangacine.fr\\\/wp-content\\\/uploads\\\/2023\\\/10\\\/RMC-500250.png\",\"width\":500,\"height\":250,\"caption\":\"R\u00e9plique Manga Cin\u00e9\"},\"image\":{\"@id\":\"https:\\\/\\\/repliquemangacine.fr\\\/#\\\/schema\\\/logo\\\/image\\\/\"},\"sameAs\":[\"https:\\\/\\\/www.facebook.com\\\/RepliqueMangaCine\",\"https:\\\/\\\/www.instagram.com\\\/repliquemangacine.fr\\\/\"]}]}<\/script>\n<!-- \/ Yoast SEO plugin. -->","yoast_head_json":{"title":"Leuchtendes Katana von Kanao | RMC","description":"Fantastisch! Dieses leuchtende Katana von Kanao mit einer Stahlklinge mit eingebauter Led. Knopf zum Ein- und Ausschalten. Wird mit Batterien betrieben. Scheide aus Holz. 103 cm","robots":{"index":"index","follow":"follow","max-snippet":"max-snippet:-1","max-image-preview":"max-image-preview:large","max-video-preview":"max-video-preview:-1"},"canonical":"https:\/\/repliquemangacine.fr\/de\/leuchtendes-katana-demon-slayer\/leuchtendes-katana-von-kanao\/","og_locale":"de_DE","og_type":"article","og_title":"Katana lumineux de Kanao | RMC","og_description":"Fantastique ! Ce Katana lumineux de Kanao avec sa lame en acier avec Led incorpor\u00e9e. Bouton marche\/arr\u00eat. Fonctionne avec piles. Fourreau bois. 103 cm","og_url":"https:\/\/repliquemangacine.fr\/de\/leuchtendes-katana-demon-slayer\/leuchtendes-katana-von-kanao\/","og_site_name":"R\u00e9plique Manga Cin\u00e9","article_publisher":"https:\/\/www.facebook.com\/RepliqueMangaCine","article_modified_time":"2025-12-17T12:28:49+00:00","og_image":[{"width":500,"height":500,"url":"https:\/\/repliquemangacine.fr\/wp-content\/uploads\/2024\/10\/Katana-de-kanao-lumineux-Demon-slayer-.jpg","type":"image\/jpeg"}],"twitter_card":"summary_large_image","twitter_misc":{"Gesch\u00e4tzte Lesezeit":"3\u00a0Minuten"},"schema":{"@context":"https:\/\/schema.org","@graph":[{"@type":"WebPage","@id":"https:\/\/repliquemangacine.fr\/katana-lumineux-demon-slayer\/katana-lumineux-de-kanao\/","url":"https:\/\/repliquemangacine.fr\/katana-lumineux-demon-slayer\/katana-lumineux-de-kanao\/","name":"Leuchtendes Katana von Kanao | RMC","isPartOf":{"@id":"https:\/\/repliquemangacine.fr\/#website"},"primaryImageOfPage":{"@id":"https:\/\/repliquemangacine.fr\/katana-lumineux-demon-slayer\/katana-lumineux-de-kanao\/#primaryimage"},"image":{"@id":"https:\/\/repliquemangacine.fr\/katana-lumineux-demon-slayer\/katana-lumineux-de-kanao\/#primaryimage"},"thumbnailUrl":"https:\/\/repliquemangacine.fr\/wp-content\/uploads\/2024\/10\/Katana-de-kanao-lumineux-Demon-slayer-.jpg","datePublished":"2024-10-31T18:26:25+00:00","dateModified":"2025-12-17T12:28:49+00:00","description":"Fantastisch! Dieses leuchtende Katana von Kanao mit einer Stahlklinge mit eingebauter Led. Knopf zum Ein- und Ausschalten. Wird mit Batterien betrieben. Scheide aus Holz. 103 cm","breadcrumb":{"@id":"https:\/\/repliquemangacine.fr\/katana-lumineux-demon-slayer\/katana-lumineux-de-kanao\/#breadcrumb"},"inLanguage":"de","potentialAction":[{"@type":"ReadAction","target":["https:\/\/repliquemangacine.fr\/katana-lumineux-demon-slayer\/katana-lumineux-de-kanao\/"]}]},{"@type":"ImageObject","inLanguage":"de","@id":"https:\/\/repliquemangacine.fr\/katana-lumineux-demon-slayer\/katana-lumineux-de-kanao\/#primaryimage","url":"https:\/\/repliquemangacine.fr\/wp-content\/uploads\/2024\/10\/Katana-de-kanao-lumineux-Demon-slayer-.jpg","contentUrl":"https:\/\/repliquemangacine.fr\/wp-content\/uploads\/2024\/10\/Katana-de-kanao-lumineux-Demon-slayer-.jpg","width":500,"height":500,"caption":"Katana lumineux de Kanao dans Demon Slayer"},{"@type":"BreadcrumbList","@id":"https:\/\/repliquemangacine.fr\/katana-lumineux-demon-slayer\/katana-lumineux-de-kanao\/#breadcrumb","itemListElement":[{"@type":"ListItem","position":1,"name":"Accueil","item":"https:\/\/repliquemangacine.fr\/"},{"@type":"ListItem","position":2,"name":"Produits","item":"https:\/\/repliquemangacine.fr\/boutique\/"},{"@type":"ListItem","position":3,"name":"Katana lumineux de Kanao"}]},{"@type":"WebSite","@id":"https:\/\/repliquemangacine.fr\/#website","url":"https:\/\/repliquemangacine.fr\/","name":"R\u00e9plique Manga Cin\u00e9","description":"","publisher":{"@id":"https:\/\/repliquemangacine.fr\/#organization"},"potentialAction":[{"@type":"SearchAction","target":{"@type":"EntryPoint","urlTemplate":"https:\/\/repliquemangacine.fr\/?s={search_term_string}"},"query-input":{"@type":"PropertyValueSpecification","valueRequired":true,"valueName":"search_term_string"}}],"inLanguage":"de"},{"@type":"Organization","@id":"https:\/\/repliquemangacine.fr\/#organization","name":"R\u00e9plique Manga Cin\u00e9","url":"https:\/\/repliquemangacine.fr\/","logo":{"@type":"ImageObject","inLanguage":"de","@id":"https:\/\/repliquemangacine.fr\/#\/schema\/logo\/image\/","url":"https:\/\/repliquemangacine.fr\/wp-content\/uploads\/2023\/10\/RMC-500250.png","contentUrl":"https:\/\/repliquemangacine.fr\/wp-content\/uploads\/2023\/10\/RMC-500250.png","width":500,"height":250,"caption":"R\u00e9plique Manga Cin\u00e9"},"image":{"@id":"https:\/\/repliquemangacine.fr\/#\/schema\/logo\/image\/"},"sameAs":["https:\/\/www.facebook.com\/RepliqueMangaCine","https:\/\/www.instagram.com\/repliquemangacine.fr\/"]}]}},"_links":{"self":[{"href":"https:\/\/repliquemangacine.fr\/de\/wp-json\/wp\/v2\/product\/75744","targetHints":{"allow":["GET"]}}],"collection":[{"href":"https:\/\/repliquemangacine.fr\/de\/wp-json\/wp\/v2\/product"}],"about":[{"href":"https:\/\/repliquemangacine.fr\/de\/wp-json\/wp\/v2\/types\/product"}],"wp:featuredmedia":[{"embeddable":true,"href":"https:\/\/repliquemangacine.fr\/de\/wp-json\/wp\/v2\/media\/75745"}],"wp:attachment":[{"href":"https:\/\/repliquemangacine.fr\/de\/wp-json\/wp\/v2\/media?parent=75744"}],"wp:term":[{"taxonomy":"product_brand","embeddable":true,"href":"https:\/\/repliquemangacine.fr\/de\/wp-json\/wp\/v2\/product_brand?post=75744"},{"taxonomy":"product_cat","embeddable":true,"href":"https:\/\/repliquemangacine.fr\/de\/wp-json\/wp\/v2\/product_cat?post=75744"},{"taxonomy":"product_tag","embeddable":true,"href":"https:\/\/repliquemangacine.fr\/de\/wp-json\/wp\/v2\/product_tag?post=75744"}],"curies":[{"name":"wp","href":"https:\/\/api.w.org\/{rel}","templated":true}]}}