





{"id":75615,"date":"2024-10-27T19:02:17","date_gmt":"2024-10-27T18:02:17","guid":{"rendered":"https:\/\/repliquemangacine.fr\/?post_type=product&#038;p=75615"},"modified":"2026-03-09T10:57:51","modified_gmt":"2026-03-09T09:57:51","slug":"schwert-der-schwarzen-templer","status":"publish","type":"product","link":"https:\/\/repliquemangacine.fr\/de\/epee-templier-medievale\/epee-templiers-noirs\/","title":{"rendered":"Schwert Schwarze Templer"},"content":{"rendered":"<h2>Schwert der Schwarzen Templer: Heiliges Symbol<\/h2>\n<p>Zun\u00e4chst einmal das Schwert der Schwarzen Templer, das mit seinem roten Templerkreuz verziert ist, einem m\u00e4chtigen und emblematischen Symbol. Die Schwerter der <a href=\"https:\/\/www.templars-route.eu\/fr\/ordre-du-temple\/histoire-templiers\/\" target=\"_blank\" rel=\"noopener noreferrer\">Templer<\/a> zeichnen sich durch einen geraden Griff und einen runden Knauf aus. Dort ist oft das rote Templerkreuz zu sehen, das den christlichen Glauben und die heilige Mission des Ordens symbolisiert. Die Klinge ist gerade, zweischneidig und f\u00fcr intensive Nahk\u00e4mpfe konzipiert. Ihr Gewicht und ihre Ausgewogenheit machen sie effektiv beim Schneiden, aber auch robust, um gegnerische Schl\u00e4ge abzuwehren. Hergestellt aus widerstandsf\u00e4higen Metallen, sind diese hochwertigen Schwerter so konzipiert, dass sie auch unter den h\u00e4rtesten Bedingungen halten.<\/p>\n<p>Das rote Templerkreuz ist weit mehr als nur ein Ornament. Es steht f\u00fcr das Gel\u00fcbde der Hingabe und Aufopferung der Ritter gegen\u00fcber ihrem Glauben und ihrer Mission. Sie sind bekannt f\u00fcr ihre Disziplin, ihren Mut und ihre Entschlossenheit, die christlichen Ideale zu verteidigen. Die Templer fl\u00f6\u00dfen angesichts der gegnerischen Kr\u00e4fte Respekt und Furcht ein.<\/p>\n<h2>Das Schwert Black Templars Heute!<\/h2>\n<p>Heute haben die Schwerter der Templer einen einzigartigen Status als Sammler- und Dekorationsobjekte erlangt, die das Erbe der mittelalterlichen Ritter und ihre spirituelle Verpflichtung symbolisieren. Diese Repliken werden wegen ihres symbolischen und \u00e4sthetischen Wertes oft von Liebhabern der Geschichte, der christlichen Mythologie und von Liebhabern mittelalterlicher Kunst gesucht. Denn sie sind mehr als nur eine Erinnerung an die Vergangenheit: Sie verk\u00f6rpern den Geist der Tapferkeit, des Glaubens und der Br\u00fcderlichkeit, der die Tempelritter auszeichnete.<\/p>\n<p>Die Schwerter der modernen Templer behalten die klassischen Elemente der urspr\u00fcnglichen Waffen bei. Der gerade Griff und der runde Knauf, der oft mit dem roten Templerkreuz verziert ist, sind den historischen Schwertern treu geblieben. Die Klingen sind zwar inaktiv, aber in der Regel aus rostfreiem Stahl gefertigt, um Haltbarkeit und Glanz zu gew\u00e4hrleisten, wodurch sich diese Repliken ideal f\u00fcr eine hochwertige Pr\u00e4sentation eignen. Au\u00dferdem enthalten einige Versionen Gravuren oder lateinische Inschriften, die an die heiligen Eide der Templer erinnern und das authentische Aussehen noch verst\u00e4rken.<\/p>\n<h2>Entdecken Sie unsere au\u00dfergew\u00f6hnlichen mittelalterlichen und Templer-Schwerter<\/h2>\n<p>Tauchen Sie ein in die Geschichte mit unserer Sammlung von Templer- und mittelalterlichen Schwertern, die f\u00fcr Liebhaber von Legenden und alten Waffen sorgf\u00e4ltig nachgebildet wurden. Finden Sie die<a href=\"https:\/\/repliquemangacine.fr\/de\/mittelalterliches-schwert-der-templer\/schwert-des-templers-jacques-de-molay\/\">Schwert des letzten Gro\u00dfmeisters der Templer, Jacques de Molay<\/a>ein majest\u00e4tisches St\u00fcck, das das Ende einer glorreichen \u00c4ra markiert. Es gibt auch das Schwert<a href=\"https:\/\/repliquemangacine.fr\/de\/mittelalterliches-schwert-der-templer\/templer-schlagschwert\/\"> dekorative Pr\u00e4gung der Templer<\/a>Sie ist ideal, um Ihrer Sammlung einen authentischen Touch zu verleihen. F\u00fcr Liebhaber von Artus-Legenden ist die<a href=\"https:\/\/repliquemangacine.fr\/de\/mittelalterliches-schwert-der-templer\/legendares-schwert-excalibur-konig-arthur\/\">Schwert Excalibur von K\u00f6nig Artus<\/a> ist in einer wundersch\u00f6n detaillierten Version erh\u00e4ltlich, die das K\u00f6nigtum und die Magie symbolisiert. Schlie\u00dflich bieten wir das<a href=\"https:\/\/repliquemangacine.fr\/de\/ausverkauf\/schwert-des-heiligen-mauritius-von-turin-13-jahrhundert\/\">Schwert St. Mauritius von Turin<\/a>eine Waffe aus dem 13\u1d49 Jahrhundert, ein Symbol f\u00fcr Tapferkeit und Geschichte. Diese Schwerter, die so gestaltet wurden, dass sie eine bemerkenswerte Optik bieten und eine Hommage an die mittelalterlichen Epen darstellen. Jedes St\u00fcck ist eine greifbare Erinnerung an die gro\u00dfen Figuren und Mythen, die die Geschichte gepr\u00e4gt haben.<\/p>\n<p>Zum Schluss, Sammlerfreunde und Geschichtsliebhaber, entdecken Sie alle Schwerter in unserem Online-Shop.<\/p>","protected":false},"excerpt":{"rendered":"<p>Wundersch\u00f6nes Templerschwert ganz in Schwarz gekleidet.<\/p>\n<ul>\n<li>Klinge aus 440 stainless steel zwei Schr\u00e4gschliffe<\/li>\n<li>Vollmetall-Garde<\/li>\n<li>Runder Metallknauf mit rotem Templerkreuz<\/li>\n<li>Mit schwarzem Kunstleder \u00fcberzogener Griff mit goldener Verzierung.<\/li>\n<li>Guter Griff<\/li>\n<li>Mit schwarzem Kunstleder \u00fcberzogene Holzscheide, Stahlverzierungen<\/li>\n<li>L\u00e4nge der Klinge: 68 cm - Gesamtl\u00e4nge mit Scheide: 105 cm<\/li>\n<li>Gewicht: 1400 gr<\/li>\n<\/ul>\n<p>&nbsp;<\/p>","protected":false},"featured_media":75617,"template":"","meta":[],"product_brand":[896],"product_cat":[84],"product_tag":[],"class_list":{"0":"post-75615","1":"product","2":"type-product","3":"status-publish","4":"has-post-thumbnail","6":"product_brand-replique-manga-cine","7":"product_cat-epee-templier-medievale","9":"first","10":"instock","11":"taxable","12":"shipping-taxable","13":"purchasable","14":"product-type-simple"},"yoast_head":"<!-- This site is optimized with the Yoast SEO plugin v27.5 - https:\/\/yoast.com\/product\/yoast-seo-wordpress\/ -->\n<title>\u00c9p\u00e9e Templiers Noirs - R\u00e9plique Manga Cin\u00e9<\/title>\n<meta name=\"description\" content=\"Siperbe r\u00e9plique de l&#039;\u00c9p\u00e9e Templiers noirs. Lame en acier stainless. Fourreau recouvert de similicuir noir. Croix templi\u00e8re rouge. Longueur : 105 cm\" \/>\n<meta name=\"robots\" content=\"index, follow, max-snippet:-1, max-image-preview:large, max-video-preview:-1\" \/>\n<link rel=\"canonical\" href=\"https:\/\/repliquemangacine.fr\/de\/mittelalterliches-schwert-der-templer\/schwert-der-schwarzen-templer\/\" \/>\n<meta property=\"og:locale\" content=\"de_DE\" \/>\n<meta property=\"og:type\" content=\"article\" \/>\n<meta property=\"og:title\" content=\"\u00c9p\u00e9e Templiers Noirs - R\u00e9plique Manga Cin\u00e9\" \/>\n<meta property=\"og:description\" content=\"Siperbe r\u00e9plique de l&#039;\u00c9p\u00e9e Templiers noirs. Lame en acier stainless. Fourreau recouvert de similicuir noir. Croix templi\u00e8re rouge. Longueur : 105 cm\" \/>\n<meta property=\"og:url\" content=\"https:\/\/repliquemangacine.fr\/de\/mittelalterliches-schwert-der-templer\/schwert-der-schwarzen-templer\/\" \/>\n<meta property=\"og:site_name\" content=\"R\u00e9plique Manga Cin\u00e9\" \/>\n<meta property=\"article:publisher\" content=\"https:\/\/www.facebook.com\/RepliqueMangaCine\" \/>\n<meta property=\"article:modified_time\" content=\"2026-03-09T09:57:51+00:00\" \/>\n<meta property=\"og:image\" content=\"https:\/\/repliquemangacine.fr\/wp-content\/uploads\/2024\/10\/epee-templiere-noire.jpg\" \/>\n\t<meta property=\"og:image:width\" content=\"500\" \/>\n\t<meta property=\"og:image:height\" content=\"500\" \/>\n\t<meta property=\"og:image:type\" content=\"image\/jpeg\" \/>\n<meta name=\"twitter:card\" content=\"summary_large_image\" \/>\n<meta name=\"twitter:label1\" content=\"Gesch\u00e4tzte Lesezeit\" \/>\n\t<meta name=\"twitter:data1\" content=\"3\u00a0Minuten\" \/>\n<script type=\"application\/ld+json\" class=\"yoast-schema-graph\">{\"@context\":\"https:\\\/\\\/schema.org\",\"@graph\":[{\"@type\":\"WebPage\",\"@id\":\"https:\\\/\\\/repliquemangacine.fr\\\/epee-templier-medievale\\\/epee-templiers-noirs\\\/\",\"url\":\"https:\\\/\\\/repliquemangacine.fr\\\/epee-templier-medievale\\\/epee-templiers-noirs\\\/\",\"name\":\"\u00c9p\u00e9e Templiers Noirs - R\u00e9plique Manga Cin\u00e9\",\"isPartOf\":{\"@id\":\"https:\\\/\\\/repliquemangacine.fr\\\/#website\"},\"primaryImageOfPage\":{\"@id\":\"https:\\\/\\\/repliquemangacine.fr\\\/epee-templier-medievale\\\/epee-templiers-noirs\\\/#primaryimage\"},\"image\":{\"@id\":\"https:\\\/\\\/repliquemangacine.fr\\\/epee-templier-medievale\\\/epee-templiers-noirs\\\/#primaryimage\"},\"thumbnailUrl\":\"https:\\\/\\\/repliquemangacine.fr\\\/wp-content\\\/uploads\\\/2024\\\/10\\\/epee-templiere-noire.jpg\",\"datePublished\":\"2024-10-27T18:02:17+00:00\",\"dateModified\":\"2026-03-09T09:57:51+00:00\",\"description\":\"Siperbe r\u00e9plique de l'\u00c9p\u00e9e Templiers noirs. Lame en acier stainless. Fourreau recouvert de similicuir noir. Croix templi\u00e8re rouge. Longueur : 105 cm\",\"breadcrumb\":{\"@id\":\"https:\\\/\\\/repliquemangacine.fr\\\/epee-templier-medievale\\\/epee-templiers-noirs\\\/#breadcrumb\"},\"inLanguage\":\"de\",\"potentialAction\":[{\"@type\":\"ReadAction\",\"target\":[\"https:\\\/\\\/repliquemangacine.fr\\\/epee-templier-medievale\\\/epee-templiers-noirs\\\/\"]}]},{\"@type\":\"ImageObject\",\"inLanguage\":\"de\",\"@id\":\"https:\\\/\\\/repliquemangacine.fr\\\/epee-templier-medievale\\\/epee-templiers-noirs\\\/#primaryimage\",\"url\":\"https:\\\/\\\/repliquemangacine.fr\\\/wp-content\\\/uploads\\\/2024\\\/10\\\/epee-templiere-noire.jpg\",\"contentUrl\":\"https:\\\/\\\/repliquemangacine.fr\\\/wp-content\\\/uploads\\\/2024\\\/10\\\/epee-templiere-noire.jpg\",\"width\":500,\"height\":500,\"caption\":\"Ep\u00e9e templiers noirs\"},{\"@type\":\"BreadcrumbList\",\"@id\":\"https:\\\/\\\/repliquemangacine.fr\\\/epee-templier-medievale\\\/epee-templiers-noirs\\\/#breadcrumb\",\"itemListElement\":[{\"@type\":\"ListItem\",\"position\":1,\"name\":\"Accueil\",\"item\":\"https:\\\/\\\/repliquemangacine.fr\\\/\"},{\"@type\":\"ListItem\",\"position\":2,\"name\":\"Produits\",\"item\":\"https:\\\/\\\/repliquemangacine.fr\\\/boutique\\\/\"},{\"@type\":\"ListItem\",\"position\":3,\"name\":\"\u00c9p\u00e9e Templiers Noirs\"}]},{\"@type\":\"WebSite\",\"@id\":\"https:\\\/\\\/repliquemangacine.fr\\\/#website\",\"url\":\"https:\\\/\\\/repliquemangacine.fr\\\/\",\"name\":\"R\u00e9plique Manga Cin\u00e9\",\"description\":\"\",\"publisher\":{\"@id\":\"https:\\\/\\\/repliquemangacine.fr\\\/#organization\"},\"potentialAction\":[{\"@type\":\"SearchAction\",\"target\":{\"@type\":\"EntryPoint\",\"urlTemplate\":\"https:\\\/\\\/repliquemangacine.fr\\\/?s={search_term_string}\"},\"query-input\":{\"@type\":\"PropertyValueSpecification\",\"valueRequired\":true,\"valueName\":\"search_term_string\"}}],\"inLanguage\":\"de\"},{\"@type\":\"Organization\",\"@id\":\"https:\\\/\\\/repliquemangacine.fr\\\/#organization\",\"name\":\"R\u00e9plique Manga Cin\u00e9\",\"url\":\"https:\\\/\\\/repliquemangacine.fr\\\/\",\"logo\":{\"@type\":\"ImageObject\",\"inLanguage\":\"de\",\"@id\":\"https:\\\/\\\/repliquemangacine.fr\\\/#\\\/schema\\\/logo\\\/image\\\/\",\"url\":\"https:\\\/\\\/repliquemangacine.fr\\\/wp-content\\\/uploads\\\/2023\\\/10\\\/RMC-500250.png\",\"contentUrl\":\"https:\\\/\\\/repliquemangacine.fr\\\/wp-content\\\/uploads\\\/2023\\\/10\\\/RMC-500250.png\",\"width\":500,\"height\":250,\"caption\":\"R\u00e9plique Manga Cin\u00e9\"},\"image\":{\"@id\":\"https:\\\/\\\/repliquemangacine.fr\\\/#\\\/schema\\\/logo\\\/image\\\/\"},\"sameAs\":[\"https:\\\/\\\/www.facebook.com\\\/RepliqueMangaCine\",\"https:\\\/\\\/www.instagram.com\\\/repliquemangacine.fr\\\/\"]}]}<\/script>\n<!-- \/ Yoast SEO plugin. -->","yoast_head_json":{"title":"Schwert Schwarze Templer - R\u00e9plique Manga Cin\u00e9","description":"Siperbe Replik des Schwerts der Schwarzen Templer. Klinge aus stainless Stahl. Scheide mit schwarzem Kunstleder \u00fcberzogen. Rotes Templerkreuz. L\u00e4nge: 105 cm","robots":{"index":"index","follow":"follow","max-snippet":"max-snippet:-1","max-image-preview":"max-image-preview:large","max-video-preview":"max-video-preview:-1"},"canonical":"https:\/\/repliquemangacine.fr\/de\/mittelalterliches-schwert-der-templer\/schwert-der-schwarzen-templer\/","og_locale":"de_DE","og_type":"article","og_title":"\u00c9p\u00e9e Templiers Noirs - R\u00e9plique Manga Cin\u00e9","og_description":"Siperbe r\u00e9plique de l'\u00c9p\u00e9e Templiers noirs. Lame en acier stainless. Fourreau recouvert de similicuir noir. Croix templi\u00e8re rouge. Longueur : 105 cm","og_url":"https:\/\/repliquemangacine.fr\/de\/mittelalterliches-schwert-der-templer\/schwert-der-schwarzen-templer\/","og_site_name":"R\u00e9plique Manga Cin\u00e9","article_publisher":"https:\/\/www.facebook.com\/RepliqueMangaCine","article_modified_time":"2026-03-09T09:57:51+00:00","og_image":[{"width":500,"height":500,"url":"https:\/\/repliquemangacine.fr\/wp-content\/uploads\/2024\/10\/epee-templiere-noire.jpg","type":"image\/jpeg"}],"twitter_card":"summary_large_image","twitter_misc":{"Gesch\u00e4tzte Lesezeit":"3\u00a0Minuten"},"schema":{"@context":"https:\/\/schema.org","@graph":[{"@type":"WebPage","@id":"https:\/\/repliquemangacine.fr\/epee-templier-medievale\/epee-templiers-noirs\/","url":"https:\/\/repliquemangacine.fr\/epee-templier-medievale\/epee-templiers-noirs\/","name":"Schwert Schwarze Templer - R\u00e9plique Manga Cin\u00e9","isPartOf":{"@id":"https:\/\/repliquemangacine.fr\/#website"},"primaryImageOfPage":{"@id":"https:\/\/repliquemangacine.fr\/epee-templier-medievale\/epee-templiers-noirs\/#primaryimage"},"image":{"@id":"https:\/\/repliquemangacine.fr\/epee-templier-medievale\/epee-templiers-noirs\/#primaryimage"},"thumbnailUrl":"https:\/\/repliquemangacine.fr\/wp-content\/uploads\/2024\/10\/epee-templiere-noire.jpg","datePublished":"2024-10-27T18:02:17+00:00","dateModified":"2026-03-09T09:57:51+00:00","description":"Siperbe Replik des Schwerts der Schwarzen Templer. Klinge aus stainless Stahl. Scheide mit schwarzem Kunstleder \u00fcberzogen. Rotes Templerkreuz. L\u00e4nge: 105 cm","breadcrumb":{"@id":"https:\/\/repliquemangacine.fr\/epee-templier-medievale\/epee-templiers-noirs\/#breadcrumb"},"inLanguage":"de","potentialAction":[{"@type":"ReadAction","target":["https:\/\/repliquemangacine.fr\/epee-templier-medievale\/epee-templiers-noirs\/"]}]},{"@type":"ImageObject","inLanguage":"de","@id":"https:\/\/repliquemangacine.fr\/epee-templier-medievale\/epee-templiers-noirs\/#primaryimage","url":"https:\/\/repliquemangacine.fr\/wp-content\/uploads\/2024\/10\/epee-templiere-noire.jpg","contentUrl":"https:\/\/repliquemangacine.fr\/wp-content\/uploads\/2024\/10\/epee-templiere-noire.jpg","width":500,"height":500,"caption":"Ep\u00e9e templiers noirs"},{"@type":"BreadcrumbList","@id":"https:\/\/repliquemangacine.fr\/epee-templier-medievale\/epee-templiers-noirs\/#breadcrumb","itemListElement":[{"@type":"ListItem","position":1,"name":"Accueil","item":"https:\/\/repliquemangacine.fr\/"},{"@type":"ListItem","position":2,"name":"Produits","item":"https:\/\/repliquemangacine.fr\/boutique\/"},{"@type":"ListItem","position":3,"name":"\u00c9p\u00e9e Templiers Noirs"}]},{"@type":"WebSite","@id":"https:\/\/repliquemangacine.fr\/#website","url":"https:\/\/repliquemangacine.fr\/","name":"R\u00e9plique Manga Cin\u00e9","description":"","publisher":{"@id":"https:\/\/repliquemangacine.fr\/#organization"},"potentialAction":[{"@type":"SearchAction","target":{"@type":"EntryPoint","urlTemplate":"https:\/\/repliquemangacine.fr\/?s={search_term_string}"},"query-input":{"@type":"PropertyValueSpecification","valueRequired":true,"valueName":"search_term_string"}}],"inLanguage":"de"},{"@type":"Organization","@id":"https:\/\/repliquemangacine.fr\/#organization","name":"R\u00e9plique Manga Cin\u00e9","url":"https:\/\/repliquemangacine.fr\/","logo":{"@type":"ImageObject","inLanguage":"de","@id":"https:\/\/repliquemangacine.fr\/#\/schema\/logo\/image\/","url":"https:\/\/repliquemangacine.fr\/wp-content\/uploads\/2023\/10\/RMC-500250.png","contentUrl":"https:\/\/repliquemangacine.fr\/wp-content\/uploads\/2023\/10\/RMC-500250.png","width":500,"height":250,"caption":"R\u00e9plique Manga Cin\u00e9"},"image":{"@id":"https:\/\/repliquemangacine.fr\/#\/schema\/logo\/image\/"},"sameAs":["https:\/\/www.facebook.com\/RepliqueMangaCine","https:\/\/www.instagram.com\/repliquemangacine.fr\/"]}]}},"_links":{"self":[{"href":"https:\/\/repliquemangacine.fr\/de\/wp-json\/wp\/v2\/product\/75615","targetHints":{"allow":["GET"]}}],"collection":[{"href":"https:\/\/repliquemangacine.fr\/de\/wp-json\/wp\/v2\/product"}],"about":[{"href":"https:\/\/repliquemangacine.fr\/de\/wp-json\/wp\/v2\/types\/product"}],"wp:featuredmedia":[{"embeddable":true,"href":"https:\/\/repliquemangacine.fr\/de\/wp-json\/wp\/v2\/media\/75617"}],"wp:attachment":[{"href":"https:\/\/repliquemangacine.fr\/de\/wp-json\/wp\/v2\/media?parent=75615"}],"wp:term":[{"taxonomy":"product_brand","embeddable":true,"href":"https:\/\/repliquemangacine.fr\/de\/wp-json\/wp\/v2\/product_brand?post=75615"},{"taxonomy":"product_cat","embeddable":true,"href":"https:\/\/repliquemangacine.fr\/de\/wp-json\/wp\/v2\/product_cat?post=75615"},{"taxonomy":"product_tag","embeddable":true,"href":"https:\/\/repliquemangacine.fr\/de\/wp-json\/wp\/v2\/product_tag?post=75615"}],"curies":[{"name":"wp","href":"https:\/\/api.w.org\/{rel}","templated":true}]}}