





{"id":75605,"date":"2024-10-27T16:25:11","date_gmt":"2024-10-27T15:25:11","guid":{"rendered":"https:\/\/repliquemangacine.fr\/?post_type=product&#038;p=75605"},"modified":"2026-04-11T18:01:42","modified_gmt":"2026-04-11T16:01:42","slug":"anduril-de-luxe-epee","status":"publish","type":"product","link":"https:\/\/repliquemangacine.fr\/de\/epees-seigneur-des-anneaux\/epee-anduril-de-luxe\/","title":{"rendered":"Anduril-Schwert de luxe"},"content":{"rendered":"<h2>Anduril-Schwert Deluxe in Der Herr der Ringe<\/h2>\n<p>Zun\u00e4chst einmal das Anduril-Schwert de Luxe, auch bekannt als Die Flamme des Westens, die legend\u00e4rste Waffe der Trilogie. Ein pr\u00e4chtiges Sammlerst\u00fcck f\u00fcr Liebhaber des Herrn der Ringe. Die majest\u00e4tische Klinge beh\u00e4lt ihr ikonisches Aussehen, doch die Scheide verleiht ihr einen ganz neuen Hauch von Eleganz. Sie besteht aus raffiniertem Kunstleder und ist entlang der Naht mit einer Metallplatte verziert, in die elfische Runen eingraviert sind. Ihre wundersch\u00f6n verzierten Enden mit Nickel- und Goldverzierungen f\u00fcgen einen auff\u00e4lligen Glanz hinzu. Mit zwei praktischen Riemen l\u00e4sst sich das Schwert am G\u00fcrtel befestigen, wodurch es ebenso funktional wie authentisch wird. Die Wandplatte hingegen ist ein Kunstwerk aus bearbeitetem Holz mit der Elessar-K\u00f6nigskrone aus Metall. So sublimiert sie das Ganze und bietet eine majest\u00e4tische Pr\u00e4sentation. Diese Luxusversion von And\u00faril ist die perfekte Hommage f\u00fcr Liebhaber mythischer Schwerter und anspruchsvolle Sammler.<\/p>\n<h2>Herkunft Schwert And\u00faril de luxe: Die Reforg\u00e9e von Narsil<\/h2>\n<p>Urspr\u00fcnglich war And\u00faril Narsil, das Schwert von K\u00f6nig Elendil, dem ber\u00fchmten K\u00f6nig von N\u00famenor. W\u00e4hrend der Schlacht gegen Sauron am Fu\u00dfe des Schicksalsberges benutzte Elendil Narsil, um den Herrn der Finsternis zu bek\u00e4mpfen, doch das Schwert zerbrach im Kampf. Sein Sohn Isildur benutzte daraufhin ein Fragment der zerbrochenen Klinge, um Sauron den Einen Ring von der Hand zu schneiden, was zu dessen erstem Sturz f\u00fchrte.<\/p>\n<p>Sp\u00e4ter wurde Narsil auf Befehl von Elrond von den Elben von Bruchtal f\u00fcr Aragorn, den Erben Isildurs und letzten Nachkommen der k\u00f6niglichen Linie, neu geschmiedet. Diese neue Klinge wurde And\u00faril getauft, was in Sindarin, der Sprache der Elben, \u201eFlamme des Westens\u201c bedeutet. Das Licht von And\u00faril wurde so zum Symbol f\u00fcr die Erl\u00f6sung des Geschlechts Isildurs und den Kampf gegen die Dunkelheit.<\/p>\n<p>Das Schwert And\u00faril ist somit von zentraler Bedeutung f\u00fcr die Symbolik des Herrn der Ringe: eine Waffe, die aus der Asche einer vergangenen \u00c4ra entstanden ist und neu geschmiedet wurde, um das Licht in einer verdunkelten Welt wiederherzustellen.<\/p>\n<h2>And\u00faril in der Geschichte und Symbolik des Herrn der Ringe<\/h2>\n<p>And\u00faril ist die Verk\u00f6rperung der Entwicklung von<a href=\"https:\/\/lotr.fandom.com\/fr\/wiki\/Aragorn\" target=\"_blank\" rel=\"noopener noreferrer\">Aragorn<\/a>. Als er beschlie\u00dft, dieses Schwert zu f\u00fchren, gibt er sein Leben als einsamer Waldl\u00e4ufer auf und akzeptiert sein Schicksal als K\u00f6nig von Gondor. Er behauptet sich als Anf\u00fchrer, der die Kr\u00e4fte der Menschen, Elfen und Zwerge vereinen kann, um Sauron Widerstand zu leisten.<\/p>\n<p>Dieses Schwert taucht an mehreren Schl\u00fcsselmomenten der Trilogie auf. Insbesondere, als Aragorn die Armee der Toten herbeiruft, um ihm bei der Befreiung von Minas Tirith zu helfen. Oder als er die Soldaten von Rohan um K\u00f6nig Th\u00e9oden und seinen <a href=\"https:\/\/repliquemangacine.fr\/de\/herr-der-ringe-schwerter\/theoden-schwert-herugrim-schwert\/\">Herugrim-Schwert<\/a>.<\/p>\n<p>\u00dcbrigens tauchen in der Trilogie mehrere Schwerter auf. Zum Beispiel: das\u2019<a href=\"https:\/\/repliquemangacine.fr\/de\/herr-der-ringe-schwerter\/frodon-epee-2\/\">Schwert Stachel<\/a> von Frodo Beutlin. Sowie die Machete <a href=\"https:\/\/repliquemangacine.fr\/de\/der-herr-der-ringe\/krummsabel-uruk-hai-der-herr-der-ringe\/\">Scimitar der Uruk-Hai<\/a>. Nicht zu vergessen, <a href=\"https:\/\/repliquemangacine.fr\/de\/schwerter-the-hobbit\/gandalf-schwert-glamdring-der-herr-der-ringe\/\">Glamdring, das Schwert von Gandalf<\/a>die von den Zwergen im Kampf gegen die Orks hergestellt wurde. Oder auch die<a href=\"https:\/\/repliquemangacine.fr\/de\/herr-der-ringe-schwerter\/nazgul-schwert-herr-der-ringe-schwarzes-reiterschwert\/\">Nazgul-Schwert<\/a>Die schwarzen Reiter, die im Dienste Saurons stehen, haben eine ganz besondere Form des Schutzes und der Klinge. Und, noch viel mehr gibt es in unserem Online-Shop zu entdecken.<\/p>","protected":false},"excerpt":{"rendered":"<p>Atemberaubend und selten zu diesem Preis! Diese Replik von Aragorns Schwert, das Anduril in der Luxusausf\u00fchrung.<\/p>\n<ul>\n<li>Klinge aus 440er rostfreiem Stahl mit elbischen Runen ge\u00e4tzt.<\/li>\n<li>Dicke der Klinge: 5 mm<\/li>\n<li>Vollstahlb\u00fcgel und -knauf mit Goldimitatdekor.<\/li>\n<li>Scheide aus schwarzem Kunstleder mit Stahlplatte mit Runen sowie Nickel- und Goldverzierungen an den Enden.<\/li>\n<li>Lange Wandplatte aus verziertem Holz, auf der Oberseite die Krone des K\u00f6nigs aus Metall.<\/li>\n<li>Zwei Riemen sind ebenfalls vorhanden, um das Schwert am G\u00fcrtel befestigen zu k\u00f6nnen.<\/li>\n<li>L\u00e4nge der Klinge: 90 cm - Gesamtl\u00e4nge: 133 cm<\/li>\n<li>Gewicht: 2707 gr<\/li>\n<\/ul>\n<p>Beeilen Sie sich, es wird nicht genug f\u00fcr alle da sein!<\/p>","protected":false},"featured_media":75606,"template":"","meta":[],"product_brand":[896],"product_cat":[68,29],"product_tag":[],"class_list":{"0":"post-75605","1":"product","2":"type-product","3":"status-publish","4":"has-post-thumbnail","6":"product_brand-replique-manga-cine","7":"product_cat-epees-seigneur-des-anneaux","8":"product_cat-le-seigneur-des-anneaux","10":"first","11":"instock","12":"taxable","13":"shipping-taxable","14":"purchasable","15":"product-type-simple"},"yoast_head":"<!-- This site is optimized with the Yoast SEO plugin v27.5 - https:\/\/yoast.com\/product\/yoast-seo-wordpress\/ -->\n<title>Ep\u00e9e Anduril de luxe - Le Seigneur des Anneaux - R\u00e9plique Manga Cin\u00e9<\/title>\n<meta name=\"description\" content=\"Absolument remarquable cette r\u00e9plique de l&#039;Ep\u00e9e Anduril de luxe dans la trilogie Le Seigneur des Anneaux. Version haute gamme \u00e0 ne pas rater ! 133 cm\" \/>\n<meta name=\"robots\" content=\"index, follow, max-snippet:-1, max-image-preview:large, max-video-preview:-1\" \/>\n<link rel=\"canonical\" href=\"https:\/\/repliquemangacine.fr\/de\/herr-der-ringe-schwerter\/anduril-de-luxe-epee\/\" \/>\n<meta property=\"og:locale\" content=\"de_DE\" \/>\n<meta property=\"og:type\" content=\"article\" \/>\n<meta property=\"og:title\" content=\"Ep\u00e9e Anduril de luxe - Le Seigneur des Anneaux - R\u00e9plique Manga Cin\u00e9\" \/>\n<meta property=\"og:description\" content=\"Absolument remarquable cette r\u00e9plique de l&#039;Ep\u00e9e Anduril de luxe dans la trilogie Le Seigneur des Anneaux. Version haute gamme \u00e0 ne pas rater ! 133 cm\" \/>\n<meta property=\"og:url\" content=\"https:\/\/repliquemangacine.fr\/de\/herr-der-ringe-schwerter\/anduril-de-luxe-epee\/\" \/>\n<meta property=\"og:site_name\" content=\"R\u00e9plique Manga Cin\u00e9\" \/>\n<meta property=\"article:publisher\" content=\"https:\/\/www.facebook.com\/RepliqueMangaCine\" \/>\n<meta property=\"article:modified_time\" content=\"2026-04-11T16:01:42+00:00\" \/>\n<meta property=\"og:image\" content=\"https:\/\/repliquemangacine.fr\/wp-content\/uploads\/2024\/10\/Epee-Anduril-de-luxe-dans-son-fourreauet-sur-son-support-.jpg\" \/>\n\t<meta property=\"og:image:width\" content=\"500\" \/>\n\t<meta property=\"og:image:height\" content=\"500\" \/>\n\t<meta property=\"og:image:type\" content=\"image\/jpeg\" \/>\n<meta name=\"twitter:card\" content=\"summary_large_image\" \/>\n<meta name=\"twitter:label1\" content=\"Gesch\u00e4tzte Lesezeit\" \/>\n\t<meta name=\"twitter:data1\" content=\"3\u00a0Minuten\" \/>\n<script type=\"application\/ld+json\" class=\"yoast-schema-graph\">{\"@context\":\"https:\\\/\\\/schema.org\",\"@graph\":[{\"@type\":\"WebPage\",\"@id\":\"https:\\\/\\\/repliquemangacine.fr\\\/epees-seigneur-des-anneaux\\\/epee-anduril-de-luxe\\\/\",\"url\":\"https:\\\/\\\/repliquemangacine.fr\\\/epees-seigneur-des-anneaux\\\/epee-anduril-de-luxe\\\/\",\"name\":\"Ep\u00e9e Anduril de luxe - Le Seigneur des Anneaux - R\u00e9plique Manga Cin\u00e9\",\"isPartOf\":{\"@id\":\"https:\\\/\\\/repliquemangacine.fr\\\/#website\"},\"primaryImageOfPage\":{\"@id\":\"https:\\\/\\\/repliquemangacine.fr\\\/epees-seigneur-des-anneaux\\\/epee-anduril-de-luxe\\\/#primaryimage\"},\"image\":{\"@id\":\"https:\\\/\\\/repliquemangacine.fr\\\/epees-seigneur-des-anneaux\\\/epee-anduril-de-luxe\\\/#primaryimage\"},\"thumbnailUrl\":\"https:\\\/\\\/repliquemangacine.fr\\\/wp-content\\\/uploads\\\/2024\\\/10\\\/Epee-Anduril-de-luxe-dans-son-fourreauet-sur-son-support-.jpg\",\"datePublished\":\"2024-10-27T15:25:11+00:00\",\"dateModified\":\"2026-04-11T16:01:42+00:00\",\"description\":\"Absolument remarquable cette r\u00e9plique de l'Ep\u00e9e Anduril de luxe dans la trilogie Le Seigneur des Anneaux. Version haute gamme \u00e0 ne pas rater ! 133 cm\",\"breadcrumb\":{\"@id\":\"https:\\\/\\\/repliquemangacine.fr\\\/epees-seigneur-des-anneaux\\\/epee-anduril-de-luxe\\\/#breadcrumb\"},\"inLanguage\":\"de\",\"potentialAction\":[{\"@type\":\"ReadAction\",\"target\":[\"https:\\\/\\\/repliquemangacine.fr\\\/epees-seigneur-des-anneaux\\\/epee-anduril-de-luxe\\\/\"]}]},{\"@type\":\"ImageObject\",\"inLanguage\":\"de\",\"@id\":\"https:\\\/\\\/repliquemangacine.fr\\\/epees-seigneur-des-anneaux\\\/epee-anduril-de-luxe\\\/#primaryimage\",\"url\":\"https:\\\/\\\/repliquemangacine.fr\\\/wp-content\\\/uploads\\\/2024\\\/10\\\/Epee-Anduril-de-luxe-dans-son-fourreauet-sur-son-support-.jpg\",\"contentUrl\":\"https:\\\/\\\/repliquemangacine.fr\\\/wp-content\\\/uploads\\\/2024\\\/10\\\/Epee-Anduril-de-luxe-dans-son-fourreauet-sur-son-support-.jpg\",\"width\":500,\"height\":500,\"caption\":\"Ep\u00e9e Anduril de luxe avec son fourreau et sa plaque de pr\u00e9sentation\"},{\"@type\":\"BreadcrumbList\",\"@id\":\"https:\\\/\\\/repliquemangacine.fr\\\/epees-seigneur-des-anneaux\\\/epee-anduril-de-luxe\\\/#breadcrumb\",\"itemListElement\":[{\"@type\":\"ListItem\",\"position\":1,\"name\":\"Accueil\",\"item\":\"https:\\\/\\\/repliquemangacine.fr\\\/\"},{\"@type\":\"ListItem\",\"position\":2,\"name\":\"Produits\",\"item\":\"https:\\\/\\\/repliquemangacine.fr\\\/boutique\\\/\"},{\"@type\":\"ListItem\",\"position\":3,\"name\":\"Ep\u00e9e Anduril de luxe\"}]},{\"@type\":\"WebSite\",\"@id\":\"https:\\\/\\\/repliquemangacine.fr\\\/#website\",\"url\":\"https:\\\/\\\/repliquemangacine.fr\\\/\",\"name\":\"R\u00e9plique Manga Cin\u00e9\",\"description\":\"\",\"publisher\":{\"@id\":\"https:\\\/\\\/repliquemangacine.fr\\\/#organization\"},\"potentialAction\":[{\"@type\":\"SearchAction\",\"target\":{\"@type\":\"EntryPoint\",\"urlTemplate\":\"https:\\\/\\\/repliquemangacine.fr\\\/?s={search_term_string}\"},\"query-input\":{\"@type\":\"PropertyValueSpecification\",\"valueRequired\":true,\"valueName\":\"search_term_string\"}}],\"inLanguage\":\"de\"},{\"@type\":\"Organization\",\"@id\":\"https:\\\/\\\/repliquemangacine.fr\\\/#organization\",\"name\":\"R\u00e9plique Manga Cin\u00e9\",\"url\":\"https:\\\/\\\/repliquemangacine.fr\\\/\",\"logo\":{\"@type\":\"ImageObject\",\"inLanguage\":\"de\",\"@id\":\"https:\\\/\\\/repliquemangacine.fr\\\/#\\\/schema\\\/logo\\\/image\\\/\",\"url\":\"https:\\\/\\\/repliquemangacine.fr\\\/wp-content\\\/uploads\\\/2023\\\/10\\\/RMC-500250.png\",\"contentUrl\":\"https:\\\/\\\/repliquemangacine.fr\\\/wp-content\\\/uploads\\\/2023\\\/10\\\/RMC-500250.png\",\"width\":500,\"height\":250,\"caption\":\"R\u00e9plique Manga Cin\u00e9\"},\"image\":{\"@id\":\"https:\\\/\\\/repliquemangacine.fr\\\/#\\\/schema\\\/logo\\\/image\\\/\"},\"sameAs\":[\"https:\\\/\\\/www.facebook.com\\\/RepliqueMangaCine\",\"https:\\\/\\\/www.instagram.com\\\/repliquemangacine.fr\\\/\"]}]}<\/script>\n<!-- \/ Yoast SEO plugin. -->","yoast_head_json":{"title":"Anduril-Schwert de luxe - Der Herr der Ringe - R\u00e9plique Manga Cin\u00e9","description":"Absolut bemerkenswert ist diese Replik des Luxus-Schwerts Anduril aus der Trilogie \"Der Herr der Ringe\". Diese High-End-Version sollten Sie sich nicht entgehen lassen! 133 cm","robots":{"index":"index","follow":"follow","max-snippet":"max-snippet:-1","max-image-preview":"max-image-preview:large","max-video-preview":"max-video-preview:-1"},"canonical":"https:\/\/repliquemangacine.fr\/de\/herr-der-ringe-schwerter\/anduril-de-luxe-epee\/","og_locale":"de_DE","og_type":"article","og_title":"Ep\u00e9e Anduril de luxe - Le Seigneur des Anneaux - R\u00e9plique Manga Cin\u00e9","og_description":"Absolument remarquable cette r\u00e9plique de l'Ep\u00e9e Anduril de luxe dans la trilogie Le Seigneur des Anneaux. Version haute gamme \u00e0 ne pas rater ! 133 cm","og_url":"https:\/\/repliquemangacine.fr\/de\/herr-der-ringe-schwerter\/anduril-de-luxe-epee\/","og_site_name":"R\u00e9plique Manga Cin\u00e9","article_publisher":"https:\/\/www.facebook.com\/RepliqueMangaCine","article_modified_time":"2026-04-11T16:01:42+00:00","og_image":[{"width":500,"height":500,"url":"https:\/\/repliquemangacine.fr\/wp-content\/uploads\/2024\/10\/Epee-Anduril-de-luxe-dans-son-fourreauet-sur-son-support-.jpg","type":"image\/jpeg"}],"twitter_card":"summary_large_image","twitter_misc":{"Gesch\u00e4tzte Lesezeit":"3\u00a0Minuten"},"schema":{"@context":"https:\/\/schema.org","@graph":[{"@type":"WebPage","@id":"https:\/\/repliquemangacine.fr\/epees-seigneur-des-anneaux\/epee-anduril-de-luxe\/","url":"https:\/\/repliquemangacine.fr\/epees-seigneur-des-anneaux\/epee-anduril-de-luxe\/","name":"Anduril-Schwert de luxe - Der Herr der Ringe - R\u00e9plique Manga Cin\u00e9","isPartOf":{"@id":"https:\/\/repliquemangacine.fr\/#website"},"primaryImageOfPage":{"@id":"https:\/\/repliquemangacine.fr\/epees-seigneur-des-anneaux\/epee-anduril-de-luxe\/#primaryimage"},"image":{"@id":"https:\/\/repliquemangacine.fr\/epees-seigneur-des-anneaux\/epee-anduril-de-luxe\/#primaryimage"},"thumbnailUrl":"https:\/\/repliquemangacine.fr\/wp-content\/uploads\/2024\/10\/Epee-Anduril-de-luxe-dans-son-fourreauet-sur-son-support-.jpg","datePublished":"2024-10-27T15:25:11+00:00","dateModified":"2026-04-11T16:01:42+00:00","description":"Absolut bemerkenswert ist diese Replik des Luxus-Schwerts Anduril aus der Trilogie \"Der Herr der Ringe\". Diese High-End-Version sollten Sie sich nicht entgehen lassen! 133 cm","breadcrumb":{"@id":"https:\/\/repliquemangacine.fr\/epees-seigneur-des-anneaux\/epee-anduril-de-luxe\/#breadcrumb"},"inLanguage":"de","potentialAction":[{"@type":"ReadAction","target":["https:\/\/repliquemangacine.fr\/epees-seigneur-des-anneaux\/epee-anduril-de-luxe\/"]}]},{"@type":"ImageObject","inLanguage":"de","@id":"https:\/\/repliquemangacine.fr\/epees-seigneur-des-anneaux\/epee-anduril-de-luxe\/#primaryimage","url":"https:\/\/repliquemangacine.fr\/wp-content\/uploads\/2024\/10\/Epee-Anduril-de-luxe-dans-son-fourreauet-sur-son-support-.jpg","contentUrl":"https:\/\/repliquemangacine.fr\/wp-content\/uploads\/2024\/10\/Epee-Anduril-de-luxe-dans-son-fourreauet-sur-son-support-.jpg","width":500,"height":500,"caption":"Ep\u00e9e Anduril de luxe avec son fourreau et sa plaque de pr\u00e9sentation"},{"@type":"BreadcrumbList","@id":"https:\/\/repliquemangacine.fr\/epees-seigneur-des-anneaux\/epee-anduril-de-luxe\/#breadcrumb","itemListElement":[{"@type":"ListItem","position":1,"name":"Accueil","item":"https:\/\/repliquemangacine.fr\/"},{"@type":"ListItem","position":2,"name":"Produits","item":"https:\/\/repliquemangacine.fr\/boutique\/"},{"@type":"ListItem","position":3,"name":"Ep\u00e9e Anduril de luxe"}]},{"@type":"WebSite","@id":"https:\/\/repliquemangacine.fr\/#website","url":"https:\/\/repliquemangacine.fr\/","name":"R\u00e9plique Manga Cin\u00e9","description":"","publisher":{"@id":"https:\/\/repliquemangacine.fr\/#organization"},"potentialAction":[{"@type":"SearchAction","target":{"@type":"EntryPoint","urlTemplate":"https:\/\/repliquemangacine.fr\/?s={search_term_string}"},"query-input":{"@type":"PropertyValueSpecification","valueRequired":true,"valueName":"search_term_string"}}],"inLanguage":"de"},{"@type":"Organization","@id":"https:\/\/repliquemangacine.fr\/#organization","name":"R\u00e9plique Manga Cin\u00e9","url":"https:\/\/repliquemangacine.fr\/","logo":{"@type":"ImageObject","inLanguage":"de","@id":"https:\/\/repliquemangacine.fr\/#\/schema\/logo\/image\/","url":"https:\/\/repliquemangacine.fr\/wp-content\/uploads\/2023\/10\/RMC-500250.png","contentUrl":"https:\/\/repliquemangacine.fr\/wp-content\/uploads\/2023\/10\/RMC-500250.png","width":500,"height":250,"caption":"R\u00e9plique Manga Cin\u00e9"},"image":{"@id":"https:\/\/repliquemangacine.fr\/#\/schema\/logo\/image\/"},"sameAs":["https:\/\/www.facebook.com\/RepliqueMangaCine","https:\/\/www.instagram.com\/repliquemangacine.fr\/"]}]}},"_links":{"self":[{"href":"https:\/\/repliquemangacine.fr\/de\/wp-json\/wp\/v2\/product\/75605","targetHints":{"allow":["GET"]}}],"collection":[{"href":"https:\/\/repliquemangacine.fr\/de\/wp-json\/wp\/v2\/product"}],"about":[{"href":"https:\/\/repliquemangacine.fr\/de\/wp-json\/wp\/v2\/types\/product"}],"wp:featuredmedia":[{"embeddable":true,"href":"https:\/\/repliquemangacine.fr\/de\/wp-json\/wp\/v2\/media\/75606"}],"wp:attachment":[{"href":"https:\/\/repliquemangacine.fr\/de\/wp-json\/wp\/v2\/media?parent=75605"}],"wp:term":[{"taxonomy":"product_brand","embeddable":true,"href":"https:\/\/repliquemangacine.fr\/de\/wp-json\/wp\/v2\/product_brand?post=75605"},{"taxonomy":"product_cat","embeddable":true,"href":"https:\/\/repliquemangacine.fr\/de\/wp-json\/wp\/v2\/product_cat?post=75605"},{"taxonomy":"product_tag","embeddable":true,"href":"https:\/\/repliquemangacine.fr\/de\/wp-json\/wp\/v2\/product_tag?post=75605"}],"curies":[{"name":"wp","href":"https:\/\/api.w.org\/{rel}","templated":true}]}}