





{"id":75598,"date":"2024-10-27T14:56:32","date_gmt":"2024-10-27T13:56:32","guid":{"rendered":"https:\/\/repliquemangacine.fr\/?post_type=product&#038;p=75598"},"modified":"2026-02-18T16:08:21","modified_gmt":"2026-02-18T15:08:21","slug":"kratos-chaosklingen","status":"publish","type":"product","link":"https:\/\/repliquemangacine.fr\/de\/katana-et-epee-de-jeux-video-autre-jeux-video\/lames-du-chaos-de-kratos\/","title":{"rendered":"Chaosklingen von Kratos"},"content":{"rendered":"<h2>Kratos' Chaosklingen in God of War 4<\/h2>\n<p>Zun\u00e4chst einmal sind da die Chaosklingen, Kratos' ikonische Waffen, die er seit den ersten Teilen der Serie tr\u00e4gt. Diese Zwillingsklingen, die mit Ketten verbunden sind, waren einst Symbole seiner tragischen Vergangenheit und seiner Treue zu den griechischen G\u00f6ttern. Sie kehren im vierten Teil mit einer besonderen Rolle und einer symboltr\u00e4chtigen Geschichte zur\u00fcck.<\/p>\n<p>Angeboten (oder eher aufgezwungen) an <a href=\"https:\/\/create-garden.fandom.com\/fr\/wiki\/Kratos_(God_of_War)\" target=\"_blank\" rel=\"noopener noreferrer\">Kratos<\/a> von Ares, dem Gott des Krieges in der griechischen Mythologie. Als Gegenleistung f\u00fcr seine Knechtschaft gegen\u00fcber dem Gott erh\u00e4lt Kratos sie und bindet sich an ein blutiges und zerst\u00f6rerisches Schicksal. Mit gl\u00fchenden Ketten an seinen Armen befestigt. Die Klingen werden zu einer Erweiterung seines Zorns, entworfen, um Tod und Schrecken zu verbreiten.<\/p>\n<p>In God of War (2018) versucht Kratos jedoch, diese Vergangenheit hinter sich zu lassen, indem er die Klingen aufgibt. Angesichts wachsender Bedrohungen und um seinen Sohn Atreus zu sch\u00fctzen, hat er jedoch keine andere Wahl, als zur\u00fcckzukehren und die Klingen des Chaos zu holen. Diese R\u00fcckkehr symbolisiert sowohl die Erinnerung an seine blutige Vergangenheit als auch die Akzeptanz seiner wahren Natur, um einen letzten Akt des Schutzes zu vollziehen.<\/p>\n<h2>Die Klingen des Chaos: Einsatz im Kampf<\/h2>\n<p>\u2013 <strong>Bewegungen :<\/strong> Zun\u00e4chst einmal setzt Kratos die Chaosschwerter mit einer beeindruckenden Fl\u00fcssigkeit ein. Schwingt und wirbelt die Klingen, um mehrere Gegner gleichzeitig anzugreifen. Die Ketten erm\u00f6glichen akrobatische Bewegungen und Fernangriffe.<\/p>\n<p><strong>Besondere Kr\u00e4fte :<\/strong> Schwerter k\u00f6nnen entz\u00fcndet werden und f\u00fcgen jedem Schlag Feuerschaden hinzu. Sie sind au\u00dferdem in der Lage, die Verteidigung von Gegnern zu durchbrechen und mit bestimmten Umweltelementen zu interagieren, um Puzzles zu l\u00f6sen.<\/p>\n<p><strong>Entwicklung :<\/strong> Im Laufe der Spiele entwickeln sich die Chaosschwerter weiter, erlangen neue F\u00e4higkeiten und werden noch furchterregender. In God of War (2018) erh\u00e4lt Kratos diese Schwerter zur\u00fcck, nachdem er urspr\u00fcnglich die Leviathan-Axt benutzt hat, und zeigt damit eine pers\u00f6nliche und erz\u00e4hlerische Entwicklung.<\/p>\n<h2>Legend\u00e4re Waffen aus Videospielen : Originalgetreue Repliken<\/h2>\n<p>Tauchen Sie mit unserer au\u00dfergew\u00f6hnlichen Auswahl an Repliken ikonischer Waffen in die faszinierende Welt der Videospiele ein. Jedes St\u00fcck wird in m\u00fchevoller Kleinarbeit dem Vorbild aus dem Spiel nachempfunden. Das Ergebnis ist ein un\u00fcbertroffenes Ma\u00df an Detailgenauigkeit und Qualit\u00e4t.<\/p>\n<ul>\n<li>Entdecken Sie die <a href=\"https:\/\/repliquemangacine.fr\/de\/schwerter-world-of-warcraft\/zwillingsklingen-von-azzinoth-legendares-schwert-von-illidan\/\">Azzinoths Zwillingsklingen<\/a> in World of Warcraft dieses legend\u00e4re Schwert von Illidan.<\/li>\n<li>Es gibt auch die<a href=\"https:\/\/repliquemangacine.fr\/de\/katana-und-schwert-von-videospielen-andere-videospiele\/epee-red-queen-devil-my-cry\/\">Schwert Red Queen<\/a> von N\u00e9ro in \"Devil My Cry\".<\/li>\n<li>Sowie die <a href=\"https:\/\/repliquemangacine.fr\/de\/katana-und-schwert-von-videospielen-andere-videospiele\/axt-leviathan-von-kratos-god-of-war-ragnarok\/\">Kratos' Leviathan-Axt<\/a>aus God of War l\u00e4sst Sie die Macht des nordischen Kriegsgottes bei jedem Griff in die Hand sp\u00fcren.<\/li>\n<li>Schlie\u00dflich ist der <a href=\"https:\/\/repliquemangacine.fr\/de\/katana-und-schwert-von-videospielen-andere-videospiele\/schwert-von-sephiroth-masamune-192-cm\/\">Katana Sephiroth Masamune<\/a> von Final Fantasy VII ist ein Muss f\u00fcr alle Fans dieses zeitlosen Klassikers. Die lange, elegante Klinge verk\u00f6rpert die Macht und Mystik von Sephiroth.<\/li>\n<\/ul>\n<p>Fazit: F\u00fcgen Sie diese legend\u00e4ren Repliken Ihrer Sammlung hinzu und lassen Sie sich in die epischen Welten Ihrer Lieblingsvideospiele entf\u00fchren.<\/p>","protected":false},"excerpt":{"rendered":"<p>Absolut erhaben das Set der beiden Chaosklingen von Kratos in God of War 4<\/p>\n<ul>\n<li>Die Klingen bestehen aus speziell geformtem 440er Stahl, der mit antiken Symbolen verziert ist.<\/li>\n<li>Klingen, die mit Ketten aus Vollstahl verbunden sind<\/li>\n<li>Die Griffe sowie der Knauf sind aus Stahl mit antikem Bronzefinish und verziert.<\/li>\n<li>Die Wachen haben eine opusspezifische Form 4<\/li>\n<li>Wird mit seiner wandmontierten Pr\u00e4sentationsplatte aus Holz mit Logo und Dekorationen geliefert.<\/li>\n<li>L\u00e4nge jeder Klinge: 32 cm - Gesamtl\u00e4nge jedes Dolches: 54 cm<\/li>\n<li>Gewicht jeder M\u00fcnze: 1301 gr<\/li>\n<\/ul>","protected":false},"featured_media":75599,"template":"","meta":[],"product_brand":[896],"product_cat":[985,67],"product_tag":[],"class_list":{"0":"post-75598","1":"product","2":"type-product","3":"status-publish","4":"has-post-thumbnail","6":"product_brand-replique-manga-cine","7":"product_cat-replique-god-of-war","8":"product_cat-katana-et-epee-de-jeux-video-autre-jeux-video","10":"first","11":"instock","12":"taxable","13":"shipping-taxable","14":"purchasable","15":"product-type-simple"},"yoast_head":"<!-- This site is optimized with the Yoast SEO plugin v27.5 - https:\/\/yoast.com\/product\/yoast-seo-wordpress\/ -->\n<title>Lames du Chaos de Kratos - God of War 4 - R\u00e9plique Manga Cin\u00e9<\/title>\n<meta name=\"description\" content=\"Absolument sublime ! les Lames du Chaos de Kratos dans God of War. Lames en m\u00e9tal avec symboles antiques. Poign\u00e9e en acier vieilli dor\u00e9. Livr\u00e9 avec support\" \/>\n<meta name=\"robots\" content=\"index, follow, max-snippet:-1, max-image-preview:large, max-video-preview:-1\" \/>\n<link rel=\"canonical\" href=\"https:\/\/repliquemangacine.fr\/de\/katana-und-schwert-von-videospielen-andere-videospiele\/kratos-chaosklingen\/\" \/>\n<meta property=\"og:locale\" content=\"de_DE\" \/>\n<meta property=\"og:type\" content=\"article\" \/>\n<meta property=\"og:title\" content=\"Lames du Chaos de Kratos - God of War 4 - R\u00e9plique Manga Cin\u00e9\" \/>\n<meta property=\"og:description\" content=\"Absolument sublime ! les Lames du Chaos de Kratos dans God of War. Lames en m\u00e9tal avec symboles antiques. Poign\u00e9e en acier vieilli dor\u00e9. Livr\u00e9 avec support\" \/>\n<meta property=\"og:url\" content=\"https:\/\/repliquemangacine.fr\/de\/katana-und-schwert-von-videospielen-andere-videospiele\/kratos-chaosklingen\/\" \/>\n<meta property=\"og:site_name\" content=\"R\u00e9plique Manga Cin\u00e9\" \/>\n<meta property=\"article:publisher\" content=\"https:\/\/www.facebook.com\/RepliqueMangaCine\" \/>\n<meta property=\"article:modified_time\" content=\"2026-02-18T15:08:21+00:00\" \/>\n<meta property=\"og:image\" content=\"https:\/\/repliquemangacine.fr\/wp-content\/uploads\/2024\/10\/dague-God-of-War.jpg\" \/>\n\t<meta property=\"og:image:width\" content=\"500\" \/>\n\t<meta property=\"og:image:height\" content=\"500\" \/>\n\t<meta property=\"og:image:type\" content=\"image\/jpeg\" \/>\n<meta name=\"twitter:card\" content=\"summary_large_image\" \/>\n<meta name=\"twitter:label1\" content=\"Gesch\u00e4tzte Lesezeit\" \/>\n\t<meta name=\"twitter:data1\" content=\"3\u00a0Minuten\" \/>\n<script type=\"application\/ld+json\" class=\"yoast-schema-graph\">{\"@context\":\"https:\\\/\\\/schema.org\",\"@graph\":[{\"@type\":\"WebPage\",\"@id\":\"https:\\\/\\\/repliquemangacine.fr\\\/katana-et-epee-de-jeux-video-autre-jeux-video\\\/lames-du-chaos-de-kratos\\\/\",\"url\":\"https:\\\/\\\/repliquemangacine.fr\\\/katana-et-epee-de-jeux-video-autre-jeux-video\\\/lames-du-chaos-de-kratos\\\/\",\"name\":\"Lames du Chaos de Kratos - God of War 4 - R\u00e9plique Manga Cin\u00e9\",\"isPartOf\":{\"@id\":\"https:\\\/\\\/repliquemangacine.fr\\\/#website\"},\"primaryImageOfPage\":{\"@id\":\"https:\\\/\\\/repliquemangacine.fr\\\/katana-et-epee-de-jeux-video-autre-jeux-video\\\/lames-du-chaos-de-kratos\\\/#primaryimage\"},\"image\":{\"@id\":\"https:\\\/\\\/repliquemangacine.fr\\\/katana-et-epee-de-jeux-video-autre-jeux-video\\\/lames-du-chaos-de-kratos\\\/#primaryimage\"},\"thumbnailUrl\":\"https:\\\/\\\/repliquemangacine.fr\\\/wp-content\\\/uploads\\\/2024\\\/10\\\/dague-God-of-War.jpg\",\"datePublished\":\"2024-10-27T13:56:32+00:00\",\"dateModified\":\"2026-02-18T15:08:21+00:00\",\"description\":\"Absolument sublime ! les Lames du Chaos de Kratos dans God of War. Lames en m\u00e9tal avec symboles antiques. Poign\u00e9e en acier vieilli dor\u00e9. Livr\u00e9 avec support\",\"breadcrumb\":{\"@id\":\"https:\\\/\\\/repliquemangacine.fr\\\/katana-et-epee-de-jeux-video-autre-jeux-video\\\/lames-du-chaos-de-kratos\\\/#breadcrumb\"},\"inLanguage\":\"de\",\"potentialAction\":[{\"@type\":\"ReadAction\",\"target\":[\"https:\\\/\\\/repliquemangacine.fr\\\/katana-et-epee-de-jeux-video-autre-jeux-video\\\/lames-du-chaos-de-kratos\\\/\"]}]},{\"@type\":\"ImageObject\",\"inLanguage\":\"de\",\"@id\":\"https:\\\/\\\/repliquemangacine.fr\\\/katana-et-epee-de-jeux-video-autre-jeux-video\\\/lames-du-chaos-de-kratos\\\/#primaryimage\",\"url\":\"https:\\\/\\\/repliquemangacine.fr\\\/wp-content\\\/uploads\\\/2024\\\/10\\\/dague-God-of-War.jpg\",\"contentUrl\":\"https:\\\/\\\/repliquemangacine.fr\\\/wp-content\\\/uploads\\\/2024\\\/10\\\/dague-God-of-War.jpg\",\"width\":500,\"height\":500,\"caption\":\"Lames du Chaos de Kratos dans God of War\"},{\"@type\":\"BreadcrumbList\",\"@id\":\"https:\\\/\\\/repliquemangacine.fr\\\/katana-et-epee-de-jeux-video-autre-jeux-video\\\/lames-du-chaos-de-kratos\\\/#breadcrumb\",\"itemListElement\":[{\"@type\":\"ListItem\",\"position\":1,\"name\":\"Accueil\",\"item\":\"https:\\\/\\\/repliquemangacine.fr\\\/\"},{\"@type\":\"ListItem\",\"position\":2,\"name\":\"Produits\",\"item\":\"https:\\\/\\\/repliquemangacine.fr\\\/boutique\\\/\"},{\"@type\":\"ListItem\",\"position\":3,\"name\":\"Lames du Chaos de Kratos\"}]},{\"@type\":\"WebSite\",\"@id\":\"https:\\\/\\\/repliquemangacine.fr\\\/#website\",\"url\":\"https:\\\/\\\/repliquemangacine.fr\\\/\",\"name\":\"R\u00e9plique Manga Cin\u00e9\",\"description\":\"\",\"publisher\":{\"@id\":\"https:\\\/\\\/repliquemangacine.fr\\\/#organization\"},\"potentialAction\":[{\"@type\":\"SearchAction\",\"target\":{\"@type\":\"EntryPoint\",\"urlTemplate\":\"https:\\\/\\\/repliquemangacine.fr\\\/?s={search_term_string}\"},\"query-input\":{\"@type\":\"PropertyValueSpecification\",\"valueRequired\":true,\"valueName\":\"search_term_string\"}}],\"inLanguage\":\"de\"},{\"@type\":\"Organization\",\"@id\":\"https:\\\/\\\/repliquemangacine.fr\\\/#organization\",\"name\":\"R\u00e9plique Manga Cin\u00e9\",\"url\":\"https:\\\/\\\/repliquemangacine.fr\\\/\",\"logo\":{\"@type\":\"ImageObject\",\"inLanguage\":\"de\",\"@id\":\"https:\\\/\\\/repliquemangacine.fr\\\/#\\\/schema\\\/logo\\\/image\\\/\",\"url\":\"https:\\\/\\\/repliquemangacine.fr\\\/wp-content\\\/uploads\\\/2023\\\/10\\\/RMC-500250.png\",\"contentUrl\":\"https:\\\/\\\/repliquemangacine.fr\\\/wp-content\\\/uploads\\\/2023\\\/10\\\/RMC-500250.png\",\"width\":500,\"height\":250,\"caption\":\"R\u00e9plique Manga Cin\u00e9\"},\"image\":{\"@id\":\"https:\\\/\\\/repliquemangacine.fr\\\/#\\\/schema\\\/logo\\\/image\\\/\"},\"sameAs\":[\"https:\\\/\\\/www.facebook.com\\\/RepliqueMangaCine\",\"https:\\\/\\\/www.instagram.com\\\/repliquemangacine.fr\\\/\"]}]}<\/script>\n<!-- \/ Yoast SEO plugin. -->","yoast_head_json":{"title":"Kratos' Chaosklingen - God of War 4 - R\u00e9plique Manga Cin\u00e9","description":"Absolut erhaben! Die Chaosklingen von Kratos aus God of War. Klingen aus Metall mit antiken Symbolen. Griff aus goldfarbenem, gealtertem Stahl. Wird mit St\u00e4nder geliefert","robots":{"index":"index","follow":"follow","max-snippet":"max-snippet:-1","max-image-preview":"max-image-preview:large","max-video-preview":"max-video-preview:-1"},"canonical":"https:\/\/repliquemangacine.fr\/de\/katana-und-schwert-von-videospielen-andere-videospiele\/kratos-chaosklingen\/","og_locale":"de_DE","og_type":"article","og_title":"Lames du Chaos de Kratos - God of War 4 - R\u00e9plique Manga Cin\u00e9","og_description":"Absolument sublime ! les Lames du Chaos de Kratos dans God of War. Lames en m\u00e9tal avec symboles antiques. Poign\u00e9e en acier vieilli dor\u00e9. Livr\u00e9 avec support","og_url":"https:\/\/repliquemangacine.fr\/de\/katana-und-schwert-von-videospielen-andere-videospiele\/kratos-chaosklingen\/","og_site_name":"R\u00e9plique Manga Cin\u00e9","article_publisher":"https:\/\/www.facebook.com\/RepliqueMangaCine","article_modified_time":"2026-02-18T15:08:21+00:00","og_image":[{"width":500,"height":500,"url":"https:\/\/repliquemangacine.fr\/wp-content\/uploads\/2024\/10\/dague-God-of-War.jpg","type":"image\/jpeg"}],"twitter_card":"summary_large_image","twitter_misc":{"Gesch\u00e4tzte Lesezeit":"3\u00a0Minuten"},"schema":{"@context":"https:\/\/schema.org","@graph":[{"@type":"WebPage","@id":"https:\/\/repliquemangacine.fr\/katana-et-epee-de-jeux-video-autre-jeux-video\/lames-du-chaos-de-kratos\/","url":"https:\/\/repliquemangacine.fr\/katana-et-epee-de-jeux-video-autre-jeux-video\/lames-du-chaos-de-kratos\/","name":"Kratos' Chaosklingen - God of War 4 - R\u00e9plique Manga Cin\u00e9","isPartOf":{"@id":"https:\/\/repliquemangacine.fr\/#website"},"primaryImageOfPage":{"@id":"https:\/\/repliquemangacine.fr\/katana-et-epee-de-jeux-video-autre-jeux-video\/lames-du-chaos-de-kratos\/#primaryimage"},"image":{"@id":"https:\/\/repliquemangacine.fr\/katana-et-epee-de-jeux-video-autre-jeux-video\/lames-du-chaos-de-kratos\/#primaryimage"},"thumbnailUrl":"https:\/\/repliquemangacine.fr\/wp-content\/uploads\/2024\/10\/dague-God-of-War.jpg","datePublished":"2024-10-27T13:56:32+00:00","dateModified":"2026-02-18T15:08:21+00:00","description":"Absolut erhaben! Die Chaosklingen von Kratos aus God of War. Klingen aus Metall mit antiken Symbolen. Griff aus goldfarbenem, gealtertem Stahl. Wird mit St\u00e4nder geliefert","breadcrumb":{"@id":"https:\/\/repliquemangacine.fr\/katana-et-epee-de-jeux-video-autre-jeux-video\/lames-du-chaos-de-kratos\/#breadcrumb"},"inLanguage":"de","potentialAction":[{"@type":"ReadAction","target":["https:\/\/repliquemangacine.fr\/katana-et-epee-de-jeux-video-autre-jeux-video\/lames-du-chaos-de-kratos\/"]}]},{"@type":"ImageObject","inLanguage":"de","@id":"https:\/\/repliquemangacine.fr\/katana-et-epee-de-jeux-video-autre-jeux-video\/lames-du-chaos-de-kratos\/#primaryimage","url":"https:\/\/repliquemangacine.fr\/wp-content\/uploads\/2024\/10\/dague-God-of-War.jpg","contentUrl":"https:\/\/repliquemangacine.fr\/wp-content\/uploads\/2024\/10\/dague-God-of-War.jpg","width":500,"height":500,"caption":"Lames du Chaos de Kratos dans God of War"},{"@type":"BreadcrumbList","@id":"https:\/\/repliquemangacine.fr\/katana-et-epee-de-jeux-video-autre-jeux-video\/lames-du-chaos-de-kratos\/#breadcrumb","itemListElement":[{"@type":"ListItem","position":1,"name":"Accueil","item":"https:\/\/repliquemangacine.fr\/"},{"@type":"ListItem","position":2,"name":"Produits","item":"https:\/\/repliquemangacine.fr\/boutique\/"},{"@type":"ListItem","position":3,"name":"Lames du Chaos de Kratos"}]},{"@type":"WebSite","@id":"https:\/\/repliquemangacine.fr\/#website","url":"https:\/\/repliquemangacine.fr\/","name":"R\u00e9plique Manga Cin\u00e9","description":"","publisher":{"@id":"https:\/\/repliquemangacine.fr\/#organization"},"potentialAction":[{"@type":"SearchAction","target":{"@type":"EntryPoint","urlTemplate":"https:\/\/repliquemangacine.fr\/?s={search_term_string}"},"query-input":{"@type":"PropertyValueSpecification","valueRequired":true,"valueName":"search_term_string"}}],"inLanguage":"de"},{"@type":"Organization","@id":"https:\/\/repliquemangacine.fr\/#organization","name":"R\u00e9plique Manga Cin\u00e9","url":"https:\/\/repliquemangacine.fr\/","logo":{"@type":"ImageObject","inLanguage":"de","@id":"https:\/\/repliquemangacine.fr\/#\/schema\/logo\/image\/","url":"https:\/\/repliquemangacine.fr\/wp-content\/uploads\/2023\/10\/RMC-500250.png","contentUrl":"https:\/\/repliquemangacine.fr\/wp-content\/uploads\/2023\/10\/RMC-500250.png","width":500,"height":250,"caption":"R\u00e9plique Manga Cin\u00e9"},"image":{"@id":"https:\/\/repliquemangacine.fr\/#\/schema\/logo\/image\/"},"sameAs":["https:\/\/www.facebook.com\/RepliqueMangaCine","https:\/\/www.instagram.com\/repliquemangacine.fr\/"]}]}},"_links":{"self":[{"href":"https:\/\/repliquemangacine.fr\/de\/wp-json\/wp\/v2\/product\/75598","targetHints":{"allow":["GET"]}}],"collection":[{"href":"https:\/\/repliquemangacine.fr\/de\/wp-json\/wp\/v2\/product"}],"about":[{"href":"https:\/\/repliquemangacine.fr\/de\/wp-json\/wp\/v2\/types\/product"}],"wp:featuredmedia":[{"embeddable":true,"href":"https:\/\/repliquemangacine.fr\/de\/wp-json\/wp\/v2\/media\/75599"}],"wp:attachment":[{"href":"https:\/\/repliquemangacine.fr\/de\/wp-json\/wp\/v2\/media?parent=75598"}],"wp:term":[{"taxonomy":"product_brand","embeddable":true,"href":"https:\/\/repliquemangacine.fr\/de\/wp-json\/wp\/v2\/product_brand?post=75598"},{"taxonomy":"product_cat","embeddable":true,"href":"https:\/\/repliquemangacine.fr\/de\/wp-json\/wp\/v2\/product_cat?post=75598"},{"taxonomy":"product_tag","embeddable":true,"href":"https:\/\/repliquemangacine.fr\/de\/wp-json\/wp\/v2\/product_tag?post=75598"}],"curies":[{"name":"wp","href":"https:\/\/api.w.org\/{rel}","templated":true}]}}