





{"id":75418,"date":"2024-10-18T19:22:08","date_gmt":"2024-10-18T17:22:08","guid":{"rendered":"https:\/\/repliquemangacine.fr\/?post_type=product&#038;p=75418"},"modified":"2026-04-19T17:16:18","modified_gmt":"2026-04-19T15:16:18","slug":"mg34-maschinengewehr-34","status":"publish","type":"product","link":"https:\/\/repliquemangacine.fr\/de\/reproductions-armes-seconde-guerre-mondiale-denix\/mg34-maschinengewehr-34\/","title":{"rendered":"MG34 (Maschinengewehr 34)"},"content":{"rendered":"<h2>MG34 Denix Replik - Die Authentizit\u00e4t einer Ikone des Zweiten Weltkriegs<\/h2>\n<p>Zun\u00e4chst einmal das MG34 Denix, eine originalgetreue Nachbildung der legend\u00e4ren Waffe, die die deutsche Milit\u00e4rgeschichte gepr\u00e4gt hat. Diese mit au\u00dfergew\u00f6hnlicher Pr\u00e4zision gefertigte Replik gibt jedes Detail des Originals wieder. So tauchen Sie vollst\u00e4ndig in die Zeit der gro\u00dfen Weltkriege ein. Mit seinem robusten Zweibein und der sorgf\u00e4ltigen Verarbeitung ist dieses Maschinengewehr ein wahres Meisterwerk f\u00fcr Sammler. In dieser neuen Version liefert Denix mehrere Zubeh\u00f6rteile und Funktionen, die f\u00fcr noch mehr Realismus sorgen.<\/p>\n<p>In der Tat, jetzt hebt sich die Zylinderkopfhaube. <a href=\"https:\/\/www.denix.fr\/fr\/catalogue\/guerres-mondiales-1914-1945\/mitraillettes-et-mitrailleuses\/9317\/\" target=\"_blank\" rel=\"noopener noreferrer\">Denix<\/a> f\u00fcgt ein Luftvisier hinzu, das an den vielseitigen Einsatz des MG34 erinnert. Ebenfalls mit einem Riemen ausgestattet, um den Transport zu erleichtern, genau wie die Soldaten der damaligen Zeit. Die R\u00fcckseite des Holzschaftes ist wie das Original geriffelt.<\/p>\n<p>Sie wurde f\u00fcr Geschichtsinteressierte entwickelt, verschie\u00dft keine Projektile und garantiert so eine sichere Handhabung, sieht aber trotzdem aus wie ein echtes Museumsst\u00fcck.<\/p>\n<h2>MG34: Geschichte und Nutzung<\/h2>\n<p><strong>Entwicklung<\/strong> Das MG34 wurde 1934 eingef\u00fchrt und gilt als eines der ersten Mehrzweck- oder \"Universal\"-Maschinengewehre. Es konnte sowohl als leichtes Maschinengewehr mit einem Zweibein verwendet werden. Sowie als schweres Maschinengewehr mit einem stabileren Dreibein f\u00fcr eine defensive Rolle.<\/p>\n<p><strong>Vielseitigkeit :<\/strong> Extrem flexible Waffe. Wird in verschiedenen Rollen auf dem Schlachtfeld eingesetzt, sowohl auf Fahrzeugen und Panzern montiert als auch von der Infanterie eingesetzt.<\/p>\n<p><strong>Hohe Pr\u00e4zision und Feuerrate<\/strong> : Im Vergleich zu anderen Maschinengewehren der damaligen Zeit mit einer hohen Feuerrate und bekannt f\u00fcr ihre Pr\u00e4zision. Die hohe Kadenz machte sie jedoch auch anf\u00e4lliger f\u00fcr \u00dcberhitzungsprobleme.<\/p>\n<p><strong>Ersetzt durch MG42<\/strong> : Obwohl das MG34 als au\u00dfergew\u00f6hnliche Waffe galt, aber teuer und wegen seines komplizierten Mechanismus schwer in Massenproduktion herzustellen. 1942 teilweise durch das MG42 ersetzt, das einfacher und schneller zu produzieren war. Obwohl das MG34 bis zum Ende des Krieges im Einsatz blieb.<\/p>\n<h2>Historische Bedeutung :<\/h2>\n<p>Das MG34 spielte eine entscheidende Rolle in der deutschen Infanterietaktik w\u00e4hrend des Zweiten Weltkriegs. Insbesondere mit der Blitzkrieg-Strategie, bei der Feuerkraft und Mobilit\u00e4t von entscheidender Bedeutung waren.<\/p>\n<p>Diese Waffe ist nicht nur technisch hochwertig, sondern auch als Sammlerst\u00fcck bei Liebhabern von Milit\u00e4rgeschichte und Repliken historischer Waffen sehr begehrt. Wie \u00fcbrigens auch andere Repliken wie :<\/p>\n<p>Die <a href=\"https:\/\/repliquemangacine.fr\/de\/waffenreproduktionen-zweiter-weltkrieg-denix\/gewehr-m1-garand\/\">gewehr M1 garand<\/a>das einzige halbautomatische Gewehr, das von einer gro\u00dfen Milit\u00e4rmacht \u00fcbernommen wurde. Sowie das mythische <a href=\"https:\/\/repliquemangacine.fr\/de\/denix\/colt-m1911a1-demontabel-denix-schaft-kariert\/\">Pistole M1911 A1<\/a> der US-Armee, die wir Ihnen in verschiedenen Versionen anbieten. Es gibt auch das ber\u00fchmte <a href=\"https:\/\/repliquemangacine.fr\/de\/denix\/parabellum-luger-p08-schaft-holz\/\">Luger P08 parabellum<\/a> der deutschen Armee und nat\u00fcrlich die MP40 Sub Machin Gun, eine Maschinenpistole, die beim Widerstand sehr beliebt war. Und noch viel mehr gibt es in unserem Shop zu entdecken. Viel Spa\u00df beim St\u00f6bern.<\/p>\n<p>&nbsp;<\/p>","protected":false},"excerpt":{"rendered":"<p>Wundersch\u00f6ne Replik der MG34 von Denix in einer neuen Version.<\/p>\n<ul>\n<li style=\"list-style-type: none;\">\n<ul>\n<li>Schaft aus Massivholz mit geriffelter R\u00fcckseite.<\/li>\n<li>Abnehmbare Zylinderkopfhaube.<\/li>\n<li>Luftvisier<\/li>\n<li>Karkasse und Metallteile aus Zamak.<\/li>\n<li>Bewaffnet sich und schl\u00e4gt ein wie ein echtes MG34.<\/li>\n<li>Ungeeignet zum Schie\u00dfen.<\/li>\n<li>Beweglicher Zweibeiner.<\/li>\n<li>Gurt<\/li>\n<li>Gesamtl\u00e4nge: 122 cm - Gewicht: 7277 Grs<\/li>\n<\/ul>\n<\/li>\n<\/ul>\n<p><strong>Unterliegt keiner Genehmigungspflicht. Verkauf und Besitz frei<\/strong><\/p>","protected":false},"featured_media":75419,"template":"","meta":[],"product_brand":[896],"product_cat":[102,46,54,28,76],"product_tag":[],"class_list":{"0":"post-75418","1":"product","2":"type-product","3":"status-publish","4":"has-post-thumbnail","6":"product_brand-replique-manga-cine","7":"product_cat-denix","8":"product_cat-fusil-d-assaut-fusil-moderne","9":"product_cat-armes-accessoires-guerre-mondiale","10":"product_cat-repliques-darmes","11":"product_cat-reproductions-armes-seconde-guerre-mondiale-denix","13":"first","14":"instock","15":"taxable","16":"shipping-taxable","17":"purchasable","18":"product-type-simple"},"yoast_head":"<!-- This site is optimized with the Yoast SEO plugin v27.5 - https:\/\/yoast.com\/product\/yoast-seo-wordpress\/ -->\n<title>MG34 (Maschinengewehr 34) - Mitrailleuse allemande WW2 - RMC<\/title>\n<meta name=\"description\" content=\"D\u00e9couvrez la nouvelle version de la MG34 de chez Denix. Tout en zamac. Crosse bois. Viseur a\u00e9rien. Sangle. Capot de culasse amovible. 122 cm\" \/>\n<meta name=\"robots\" content=\"index, follow, max-snippet:-1, max-image-preview:large, max-video-preview:-1\" \/>\n<link rel=\"canonical\" href=\"https:\/\/repliquemangacine.fr\/de\/waffenreproduktionen-zweiter-weltkrieg-denix\/mg34-maschinengewehr-34\/\" \/>\n<meta property=\"og:locale\" content=\"de_DE\" \/>\n<meta property=\"og:type\" content=\"article\" \/>\n<meta property=\"og:title\" content=\"MG34 (Maschinengewehr 34) - Mitrailleuse allemande WW2 - RMC\" \/>\n<meta property=\"og:description\" content=\"D\u00e9couvrez la nouvelle version de la MG34 de chez Denix. Tout en zamac. Crosse bois. Viseur a\u00e9rien. Sangle. Capot de culasse amovible. 122 cm\" \/>\n<meta property=\"og:url\" content=\"https:\/\/repliquemangacine.fr\/de\/waffenreproduktionen-zweiter-weltkrieg-denix\/mg34-maschinengewehr-34\/\" \/>\n<meta property=\"og:site_name\" content=\"R\u00e9plique Manga Cin\u00e9\" \/>\n<meta property=\"article:publisher\" content=\"https:\/\/www.facebook.com\/RepliqueMangaCine\" \/>\n<meta property=\"article:modified_time\" content=\"2026-04-19T15:16:18+00:00\" \/>\n<meta property=\"og:image\" content=\"https:\/\/repliquemangacine.fr\/wp-content\/uploads\/2024\/10\/mg34.jpg\" \/>\n\t<meta property=\"og:image:width\" content=\"500\" \/>\n\t<meta property=\"og:image:height\" content=\"500\" \/>\n\t<meta property=\"og:image:type\" content=\"image\/jpeg\" \/>\n<meta name=\"twitter:card\" content=\"summary_large_image\" \/>\n<meta name=\"twitter:label1\" content=\"Gesch\u00e4tzte Lesezeit\" \/>\n\t<meta name=\"twitter:data1\" content=\"3\u00a0Minuten\" \/>\n<script type=\"application\/ld+json\" class=\"yoast-schema-graph\">{\"@context\":\"https:\\\/\\\/schema.org\",\"@graph\":[{\"@type\":\"WebPage\",\"@id\":\"https:\\\/\\\/repliquemangacine.fr\\\/reproductions-armes-seconde-guerre-mondiale-denix\\\/mg34-maschinengewehr-34\\\/\",\"url\":\"https:\\\/\\\/repliquemangacine.fr\\\/reproductions-armes-seconde-guerre-mondiale-denix\\\/mg34-maschinengewehr-34\\\/\",\"name\":\"MG34 (Maschinengewehr 34) - Mitrailleuse allemande WW2 - RMC\",\"isPartOf\":{\"@id\":\"https:\\\/\\\/repliquemangacine.fr\\\/#website\"},\"primaryImageOfPage\":{\"@id\":\"https:\\\/\\\/repliquemangacine.fr\\\/reproductions-armes-seconde-guerre-mondiale-denix\\\/mg34-maschinengewehr-34\\\/#primaryimage\"},\"image\":{\"@id\":\"https:\\\/\\\/repliquemangacine.fr\\\/reproductions-armes-seconde-guerre-mondiale-denix\\\/mg34-maschinengewehr-34\\\/#primaryimage\"},\"thumbnailUrl\":\"https:\\\/\\\/repliquemangacine.fr\\\/wp-content\\\/uploads\\\/2024\\\/10\\\/mg34.jpg\",\"datePublished\":\"2024-10-18T17:22:08+00:00\",\"dateModified\":\"2026-04-19T15:16:18+00:00\",\"description\":\"D\u00e9couvrez la nouvelle version de la MG34 de chez Denix. Tout en zamac. Crosse bois. Viseur a\u00e9rien. Sangle. Capot de culasse amovible. 122 cm\",\"breadcrumb\":{\"@id\":\"https:\\\/\\\/repliquemangacine.fr\\\/reproductions-armes-seconde-guerre-mondiale-denix\\\/mg34-maschinengewehr-34\\\/#breadcrumb\"},\"inLanguage\":\"de\",\"potentialAction\":[{\"@type\":\"ReadAction\",\"target\":[\"https:\\\/\\\/repliquemangacine.fr\\\/reproductions-armes-seconde-guerre-mondiale-denix\\\/mg34-maschinengewehr-34\\\/\"]}]},{\"@type\":\"ImageObject\",\"inLanguage\":\"de\",\"@id\":\"https:\\\/\\\/repliquemangacine.fr\\\/reproductions-armes-seconde-guerre-mondiale-denix\\\/mg34-maschinengewehr-34\\\/#primaryimage\",\"url\":\"https:\\\/\\\/repliquemangacine.fr\\\/wp-content\\\/uploads\\\/2024\\\/10\\\/mg34.jpg\",\"contentUrl\":\"https:\\\/\\\/repliquemangacine.fr\\\/wp-content\\\/uploads\\\/2024\\\/10\\\/mg34.jpg\",\"width\":500,\"height\":500,\"caption\":\"MG34 (Maschinengewehr 34) Denix\"},{\"@type\":\"BreadcrumbList\",\"@id\":\"https:\\\/\\\/repliquemangacine.fr\\\/reproductions-armes-seconde-guerre-mondiale-denix\\\/mg34-maschinengewehr-34\\\/#breadcrumb\",\"itemListElement\":[{\"@type\":\"ListItem\",\"position\":1,\"name\":\"Accueil\",\"item\":\"https:\\\/\\\/repliquemangacine.fr\\\/\"},{\"@type\":\"ListItem\",\"position\":2,\"name\":\"Produits\",\"item\":\"https:\\\/\\\/repliquemangacine.fr\\\/boutique\\\/\"},{\"@type\":\"ListItem\",\"position\":3,\"name\":\"MG34 (Maschinengewehr 34)\"}]},{\"@type\":\"WebSite\",\"@id\":\"https:\\\/\\\/repliquemangacine.fr\\\/#website\",\"url\":\"https:\\\/\\\/repliquemangacine.fr\\\/\",\"name\":\"R\u00e9plique Manga Cin\u00e9\",\"description\":\"\",\"publisher\":{\"@id\":\"https:\\\/\\\/repliquemangacine.fr\\\/#organization\"},\"potentialAction\":[{\"@type\":\"SearchAction\",\"target\":{\"@type\":\"EntryPoint\",\"urlTemplate\":\"https:\\\/\\\/repliquemangacine.fr\\\/?s={search_term_string}\"},\"query-input\":{\"@type\":\"PropertyValueSpecification\",\"valueRequired\":true,\"valueName\":\"search_term_string\"}}],\"inLanguage\":\"de\"},{\"@type\":\"Organization\",\"@id\":\"https:\\\/\\\/repliquemangacine.fr\\\/#organization\",\"name\":\"R\u00e9plique Manga Cin\u00e9\",\"url\":\"https:\\\/\\\/repliquemangacine.fr\\\/\",\"logo\":{\"@type\":\"ImageObject\",\"inLanguage\":\"de\",\"@id\":\"https:\\\/\\\/repliquemangacine.fr\\\/#\\\/schema\\\/logo\\\/image\\\/\",\"url\":\"https:\\\/\\\/repliquemangacine.fr\\\/wp-content\\\/uploads\\\/2023\\\/10\\\/RMC-500250.png\",\"contentUrl\":\"https:\\\/\\\/repliquemangacine.fr\\\/wp-content\\\/uploads\\\/2023\\\/10\\\/RMC-500250.png\",\"width\":500,\"height\":250,\"caption\":\"R\u00e9plique Manga Cin\u00e9\"},\"image\":{\"@id\":\"https:\\\/\\\/repliquemangacine.fr\\\/#\\\/schema\\\/logo\\\/image\\\/\"},\"sameAs\":[\"https:\\\/\\\/www.facebook.com\\\/RepliqueMangaCine\",\"https:\\\/\\\/www.instagram.com\\\/repliquemangacine.fr\\\/\"]}]}<\/script>\n<!-- \/ Yoast SEO plugin. -->","yoast_head_json":{"title":"MG34 (Maschinengewehr 34) - Deutsches Maschinengewehr WW2 - RMC","description":"Entdecken Sie die neue Version der MG34 von Denix. Ganz aus Zamak gefertigt. Schaft aus Holz. Visier aus der Luft. Riemen. Abnehmbare Verschlusskappe. 122 cm","robots":{"index":"index","follow":"follow","max-snippet":"max-snippet:-1","max-image-preview":"max-image-preview:large","max-video-preview":"max-video-preview:-1"},"canonical":"https:\/\/repliquemangacine.fr\/de\/waffenreproduktionen-zweiter-weltkrieg-denix\/mg34-maschinengewehr-34\/","og_locale":"de_DE","og_type":"article","og_title":"MG34 (Maschinengewehr 34) - Mitrailleuse allemande WW2 - RMC","og_description":"D\u00e9couvrez la nouvelle version de la MG34 de chez Denix. Tout en zamac. Crosse bois. Viseur a\u00e9rien. Sangle. Capot de culasse amovible. 122 cm","og_url":"https:\/\/repliquemangacine.fr\/de\/waffenreproduktionen-zweiter-weltkrieg-denix\/mg34-maschinengewehr-34\/","og_site_name":"R\u00e9plique Manga Cin\u00e9","article_publisher":"https:\/\/www.facebook.com\/RepliqueMangaCine","article_modified_time":"2026-04-19T15:16:18+00:00","og_image":[{"width":500,"height":500,"url":"https:\/\/repliquemangacine.fr\/wp-content\/uploads\/2024\/10\/mg34.jpg","type":"image\/jpeg"}],"twitter_card":"summary_large_image","twitter_misc":{"Gesch\u00e4tzte Lesezeit":"3\u00a0Minuten"},"schema":{"@context":"https:\/\/schema.org","@graph":[{"@type":"WebPage","@id":"https:\/\/repliquemangacine.fr\/reproductions-armes-seconde-guerre-mondiale-denix\/mg34-maschinengewehr-34\/","url":"https:\/\/repliquemangacine.fr\/reproductions-armes-seconde-guerre-mondiale-denix\/mg34-maschinengewehr-34\/","name":"MG34 (Maschinengewehr 34) - Deutsches Maschinengewehr WW2 - RMC","isPartOf":{"@id":"https:\/\/repliquemangacine.fr\/#website"},"primaryImageOfPage":{"@id":"https:\/\/repliquemangacine.fr\/reproductions-armes-seconde-guerre-mondiale-denix\/mg34-maschinengewehr-34\/#primaryimage"},"image":{"@id":"https:\/\/repliquemangacine.fr\/reproductions-armes-seconde-guerre-mondiale-denix\/mg34-maschinengewehr-34\/#primaryimage"},"thumbnailUrl":"https:\/\/repliquemangacine.fr\/wp-content\/uploads\/2024\/10\/mg34.jpg","datePublished":"2024-10-18T17:22:08+00:00","dateModified":"2026-04-19T15:16:18+00:00","description":"Entdecken Sie die neue Version der MG34 von Denix. Ganz aus Zamak gefertigt. Schaft aus Holz. Visier aus der Luft. Riemen. Abnehmbare Verschlusskappe. 122 cm","breadcrumb":{"@id":"https:\/\/repliquemangacine.fr\/reproductions-armes-seconde-guerre-mondiale-denix\/mg34-maschinengewehr-34\/#breadcrumb"},"inLanguage":"de","potentialAction":[{"@type":"ReadAction","target":["https:\/\/repliquemangacine.fr\/reproductions-armes-seconde-guerre-mondiale-denix\/mg34-maschinengewehr-34\/"]}]},{"@type":"ImageObject","inLanguage":"de","@id":"https:\/\/repliquemangacine.fr\/reproductions-armes-seconde-guerre-mondiale-denix\/mg34-maschinengewehr-34\/#primaryimage","url":"https:\/\/repliquemangacine.fr\/wp-content\/uploads\/2024\/10\/mg34.jpg","contentUrl":"https:\/\/repliquemangacine.fr\/wp-content\/uploads\/2024\/10\/mg34.jpg","width":500,"height":500,"caption":"MG34 (Maschinengewehr 34) Denix"},{"@type":"BreadcrumbList","@id":"https:\/\/repliquemangacine.fr\/reproductions-armes-seconde-guerre-mondiale-denix\/mg34-maschinengewehr-34\/#breadcrumb","itemListElement":[{"@type":"ListItem","position":1,"name":"Accueil","item":"https:\/\/repliquemangacine.fr\/"},{"@type":"ListItem","position":2,"name":"Produits","item":"https:\/\/repliquemangacine.fr\/boutique\/"},{"@type":"ListItem","position":3,"name":"MG34 (Maschinengewehr 34)"}]},{"@type":"WebSite","@id":"https:\/\/repliquemangacine.fr\/#website","url":"https:\/\/repliquemangacine.fr\/","name":"R\u00e9plique Manga Cin\u00e9","description":"","publisher":{"@id":"https:\/\/repliquemangacine.fr\/#organization"},"potentialAction":[{"@type":"SearchAction","target":{"@type":"EntryPoint","urlTemplate":"https:\/\/repliquemangacine.fr\/?s={search_term_string}"},"query-input":{"@type":"PropertyValueSpecification","valueRequired":true,"valueName":"search_term_string"}}],"inLanguage":"de"},{"@type":"Organization","@id":"https:\/\/repliquemangacine.fr\/#organization","name":"R\u00e9plique Manga Cin\u00e9","url":"https:\/\/repliquemangacine.fr\/","logo":{"@type":"ImageObject","inLanguage":"de","@id":"https:\/\/repliquemangacine.fr\/#\/schema\/logo\/image\/","url":"https:\/\/repliquemangacine.fr\/wp-content\/uploads\/2023\/10\/RMC-500250.png","contentUrl":"https:\/\/repliquemangacine.fr\/wp-content\/uploads\/2023\/10\/RMC-500250.png","width":500,"height":250,"caption":"R\u00e9plique Manga Cin\u00e9"},"image":{"@id":"https:\/\/repliquemangacine.fr\/#\/schema\/logo\/image\/"},"sameAs":["https:\/\/www.facebook.com\/RepliqueMangaCine","https:\/\/www.instagram.com\/repliquemangacine.fr\/"]}]}},"_links":{"self":[{"href":"https:\/\/repliquemangacine.fr\/de\/wp-json\/wp\/v2\/product\/75418","targetHints":{"allow":["GET"]}}],"collection":[{"href":"https:\/\/repliquemangacine.fr\/de\/wp-json\/wp\/v2\/product"}],"about":[{"href":"https:\/\/repliquemangacine.fr\/de\/wp-json\/wp\/v2\/types\/product"}],"wp:featuredmedia":[{"embeddable":true,"href":"https:\/\/repliquemangacine.fr\/de\/wp-json\/wp\/v2\/media\/75419"}],"wp:attachment":[{"href":"https:\/\/repliquemangacine.fr\/de\/wp-json\/wp\/v2\/media?parent=75418"}],"wp:term":[{"taxonomy":"product_brand","embeddable":true,"href":"https:\/\/repliquemangacine.fr\/de\/wp-json\/wp\/v2\/product_brand?post=75418"},{"taxonomy":"product_cat","embeddable":true,"href":"https:\/\/repliquemangacine.fr\/de\/wp-json\/wp\/v2\/product_cat?post=75418"},{"taxonomy":"product_tag","embeddable":true,"href":"https:\/\/repliquemangacine.fr\/de\/wp-json\/wp\/v2\/product_tag?post=75418"}],"curies":[{"name":"wp","href":"https:\/\/api.w.org\/{rel}","templated":true}]}}