





{"id":75391,"date":"2024-10-17T17:59:36","date_gmt":"2024-10-17T15:59:36","guid":{"rendered":"https:\/\/repliquemangacine.fr\/?post_type=product&#038;p=75391"},"modified":"2026-01-08T15:14:02","modified_gmt":"2026-01-08T14:14:02","slug":"epee-red-queen-devil-my-cry","status":"publish","type":"product","link":"https:\/\/repliquemangacine.fr\/de\/katana-et-epee-de-jeux-video-autre-jeux-video\/epee-red-queen-devil-my-cry\/","title":{"rendered":"Schwert Red Queen - Devil my Cry"},"content":{"rendered":"<h2>Red Queen-Schwert von Nero - Devil May Cry-getreues Design<\/h2>\n<p>Entdecken Sie zun\u00e4chst das Schwert Red Queen von Nero aus dem ber\u00fchmten Videospiel Devil May Cry. Es wurde sorgf\u00e4ltig nachgebildet und weist alle charakteristischen Details auf, die es zu einer Kultwaffe gemacht haben.<br \/>\nDas Red Queen ist ein massives Schwert im Broadsword-Stil mit einem industriellen Design, das an ein Ritter-Schwert erinnert, jedoch mit mechanischen Details. Einzigartig dank eines Gasgriffs am Handschutz, der ihm einen Motorrad-Look verleiht.<br \/>\nDieser Griff ist f\u00fcr eine der wichtigsten Funktionen der Waffe unerl\u00e4sslich. Was die Red Queen so besonders macht, ist ihr integriertes \u201cMotorsystem\u201d. <a href=\"https:\/\/devilmaycrydmc.fandom.com\/fr\/wiki\/Nero\" target=\"_blank\" rel=\"noopener noreferrer\">Nero<\/a> kann den Griff benutzen, um das Schwert \"aufzuladen\", wodurch eine F\u00e4higkeit namens Exceed aktiviert wird. Wenn er den Beschleuniger bet\u00e4tigt, infundiert er das Schwert mit Energie, entz\u00fcndet die Klinge und erh\u00f6ht drastisch den Schaden, den seine Angriffe verursachen. Mit dem richtigen Timing kann Nero das Schwert f\u00fcr noch m\u00e4chtigere Angriffe \"\u00fcberladen\".<\/p>\n<h2>Red Queen Sword: Kampfstil und Symbolik<\/h2>\n<p>Man muss sagen, dass die Red Queen perfekt zu Neros aggressivem und schnellem Stil passt. Sie erm\u00f6glicht es ihm, sich ins Get\u00fcmmel zu st\u00fcrzen und gleichzeitig Angriffe mit seinem d\u00e4monischen Arm, dem Devil Bringer, zu kombinieren. Dieser hybride Kampfstil, der Schwertschl\u00e4ge und Fernangriffe mit dem Devil Bringer kombiniert, macht ihn zu einer \u00e4u\u00dferst vielseitigen und stilvollen Waffe.<\/p>\n<p>In Bezug auf die Geschichte ist die Red Queen mehr als nur eine Waffe. Sie ist ein wesentlicher Bestandteil von Neros Identit\u00e4t und spiegelt seine Verbindung zur Tradition der D\u00e4monenj\u00e4ger und seinen Kampf gegen seine mysteri\u00f6sen Urspr\u00fcnge wider, insbesondere seine famili\u00e4re Verbindung zu Dante und Vergil. Sie verk\u00f6rpert seine Entschlossenheit und seinen Kampfgeist.<\/p>\n<p>Zusammenfassend l\u00e4sst sich sagen, dass ihr beeindruckendes Aussehen und ihre einzigartige Spielmechanik sie zur Lieblingswaffe der Fans machen. Die Beschleunigung des Schwertes, um flammende Schl\u00e4ge zu versetzen, f\u00fcgt eine strategische und stilvolle Dimension hinzu, die das Herzst\u00fcck des Devil May Cry-Erlebnisses bildet.<\/p>\n<h2>Vervollst\u00e4ndigen Sie Ihre Sammlung mit Vergils Katana Yamato und Dantes Schwert Rebellion.<\/h2>\n<p>Erweitern Sie Ihre Sammlung neben dem Schwert \u201eRed Queen\u201c von Nero um weitere legend\u00e4re Waffen aus Devil May Cry.<\/p>\n<p>Zun\u00e4chst <a href=\"https:\/\/repliquemangacine.fr\/de\/katana-und-schwert-von-videospielen-andere-videospiele\/katana-yamoto-vergil-dmc-devil-my-cry\/\">Katana Yamato<\/a> mit seiner langen, eleganten Klinge, die Vergils pr\u00e4zisen und unerbittlichen Stil symbolisiert. Mit seiner makellosen Verarbeitung und dem Design, das von traditionellen japanischen Katanas inspiriert ist, ist dieses Replikat perfekt f\u00fcr Liebhaber des Katana-Kampfes. Sie finden \u00fcbrigens, die neueste Version des <a href=\"https:\/\/repliquemangacine.fr\/de\/katana-und-schwert-von-videospielen-andere-videospiele\/katana-vergil-yamato-v2\/\">Vergils Katana V2<\/a> in Devil May Cry 5.<\/p>\n<p>Was die\u2019<a href=\"https:\/\/repliquemangacine.fr\/de\/katana-und-schwert-von-videospielen-andere-videospiele\/schwert-rebellion-schwert-von-dante-devil-may-cry\/\">Schwert Rebellion<\/a>Mit seiner massiven Klinge und den gotischen Motiven spiegelt es die rohe Kraft Dantes wider. Diese Repliken werden mit der gleichen Liebe zum Detail hergestellt und garantieren so eine originalgetreue Wiedergabe und eine au\u00dfergew\u00f6hnliche Qualit\u00e4t. Durch die Kombination dieser ikonischen Waffen k\u00f6nnen Sie die intensive Welt von Devil May Cry in Ihrer Sammlung nachbilden. G\u00f6nnen Sie sich diese unverzichtbaren St\u00fccke und st\u00fcrzen Sie sich in die Action, indem Sie in die Rolle Ihrer Lieblingshelden schl\u00fcpfen!<\/p>","protected":false},"excerpt":{"rendered":"<p>Absolut bemerkenswert ist diese Nachbildung von Neros Schwert Red Queen in Devil My Cry.<\/p>\n<ul>\n<li>Speziell geformte und verzierte Stahlklinge.<\/li>\n<li>Holzgriff mit rotem Baumwollfaden \u00fcberzogen<\/li>\n<li>Geformte ABS-Garde mit spielidentischem Gasgriff<\/li>\n<li>Wird mit einem Aufstellst\u00e4nder aus Holz geliefert<\/li>\n<li>L\u00e4nge der Klinge: 95.5 cm - Gesamtl\u00e4nge: 127 cm<\/li>\n<\/ul>","protected":false},"featured_media":75394,"template":"","meta":[],"product_brand":[],"product_cat":[880,67],"product_tag":[],"class_list":{"0":"post-75391","1":"product","2":"type-product","3":"status-publish","4":"has-post-thumbnail","6":"product_cat-devil-may-cry","7":"product_cat-katana-et-epee-de-jeux-video-autre-jeux-video","9":"first","10":"instock","11":"taxable","12":"shipping-taxable","13":"purchasable","14":"product-type-simple"},"yoast_head":"<!-- This site is optimized with the Yoast SEO plugin v27.5 - https:\/\/yoast.com\/product\/yoast-seo-wordpress\/ -->\n<title>Ep\u00e9e Red Queen - Devil my Cry - Ep\u00e9e de Nero dans Devil My Cry | R\u00e9plique Manga Cin\u00e9<\/title>\n<meta name=\"description\" content=\"R\u00e9plique fid\u00e8le de l&#039;Ep\u00e9e Red Queen de Nero (Devil May Cry), avec poign\u00e9e d&#039;acc\u00e9l\u00e9rateur. Une pi\u00e8ce incontournable pour les fans et collectionneurs.\" \/>\n<meta name=\"robots\" content=\"index, follow, max-snippet:-1, max-image-preview:large, max-video-preview:-1\" \/>\n<link rel=\"canonical\" href=\"https:\/\/repliquemangacine.fr\/de\/katana-und-schwert-von-videospielen-andere-videospiele\/epee-red-queen-devil-my-cry\/\" \/>\n<meta property=\"og:locale\" content=\"de_DE\" \/>\n<meta property=\"og:type\" content=\"article\" \/>\n<meta property=\"og:title\" content=\"Ep\u00e9e Red Queen - Devil my Cry - Ep\u00e9e de Nero dans Devil My Cry | R\u00e9plique Manga Cin\u00e9\" \/>\n<meta property=\"og:description\" content=\"R\u00e9plique fid\u00e8le de l&#039;Ep\u00e9e Red Queen de Nero (Devil May Cry), avec poign\u00e9e d&#039;acc\u00e9l\u00e9rateur. Une pi\u00e8ce incontournable pour les fans et collectionneurs.\" \/>\n<meta property=\"og:url\" content=\"https:\/\/repliquemangacine.fr\/de\/katana-und-schwert-von-videospielen-andere-videospiele\/epee-red-queen-devil-my-cry\/\" \/>\n<meta property=\"og:site_name\" content=\"R\u00e9plique Manga Cin\u00e9\" \/>\n<meta property=\"article:publisher\" content=\"https:\/\/www.facebook.com\/RepliqueMangaCine\" \/>\n<meta property=\"article:modified_time\" content=\"2026-01-08T14:14:02+00:00\" \/>\n<meta property=\"og:image\" content=\"https:\/\/repliquemangacine.fr\/wp-content\/uploads\/2024\/10\/epee-red-queen-sur-support.jpg\" \/>\n\t<meta property=\"og:image:width\" content=\"500\" \/>\n\t<meta property=\"og:image:height\" content=\"500\" \/>\n\t<meta property=\"og:image:type\" content=\"image\/jpeg\" \/>\n<meta name=\"twitter:card\" content=\"summary_large_image\" \/>\n<meta name=\"twitter:label1\" content=\"Gesch\u00e4tzte Lesezeit\" \/>\n\t<meta name=\"twitter:data1\" content=\"3\u00a0Minuten\" \/>\n<script type=\"application\/ld+json\" class=\"yoast-schema-graph\">{\"@context\":\"https:\\\/\\\/schema.org\",\"@graph\":[{\"@type\":\"WebPage\",\"@id\":\"https:\\\/\\\/repliquemangacine.fr\\\/katana-et-epee-de-jeux-video-autre-jeux-video\\\/epee-red-queen-devil-my-cry\\\/\",\"url\":\"https:\\\/\\\/repliquemangacine.fr\\\/katana-et-epee-de-jeux-video-autre-jeux-video\\\/epee-red-queen-devil-my-cry\\\/\",\"name\":\"Ep\u00e9e Red Queen - Devil my Cry - Ep\u00e9e de Nero dans Devil My Cry | R\u00e9plique Manga Cin\u00e9\",\"isPartOf\":{\"@id\":\"https:\\\/\\\/repliquemangacine.fr\\\/#website\"},\"primaryImageOfPage\":{\"@id\":\"https:\\\/\\\/repliquemangacine.fr\\\/katana-et-epee-de-jeux-video-autre-jeux-video\\\/epee-red-queen-devil-my-cry\\\/#primaryimage\"},\"image\":{\"@id\":\"https:\\\/\\\/repliquemangacine.fr\\\/katana-et-epee-de-jeux-video-autre-jeux-video\\\/epee-red-queen-devil-my-cry\\\/#primaryimage\"},\"thumbnailUrl\":\"https:\\\/\\\/repliquemangacine.fr\\\/wp-content\\\/uploads\\\/2024\\\/10\\\/epee-red-queen-sur-support.jpg\",\"datePublished\":\"2024-10-17T15:59:36+00:00\",\"dateModified\":\"2026-01-08T14:14:02+00:00\",\"description\":\"R\u00e9plique fid\u00e8le de l'Ep\u00e9e Red Queen de Nero (Devil May Cry), avec poign\u00e9e d'acc\u00e9l\u00e9rateur. Une pi\u00e8ce incontournable pour les fans et collectionneurs.\",\"breadcrumb\":{\"@id\":\"https:\\\/\\\/repliquemangacine.fr\\\/katana-et-epee-de-jeux-video-autre-jeux-video\\\/epee-red-queen-devil-my-cry\\\/#breadcrumb\"},\"inLanguage\":\"de\",\"potentialAction\":[{\"@type\":\"ReadAction\",\"target\":[\"https:\\\/\\\/repliquemangacine.fr\\\/katana-et-epee-de-jeux-video-autre-jeux-video\\\/epee-red-queen-devil-my-cry\\\/\"]}]},{\"@type\":\"ImageObject\",\"inLanguage\":\"de\",\"@id\":\"https:\\\/\\\/repliquemangacine.fr\\\/katana-et-epee-de-jeux-video-autre-jeux-video\\\/epee-red-queen-devil-my-cry\\\/#primaryimage\",\"url\":\"https:\\\/\\\/repliquemangacine.fr\\\/wp-content\\\/uploads\\\/2024\\\/10\\\/epee-red-queen-sur-support.jpg\",\"contentUrl\":\"https:\\\/\\\/repliquemangacine.fr\\\/wp-content\\\/uploads\\\/2024\\\/10\\\/epee-red-queen-sur-support.jpg\",\"width\":500,\"height\":500,\"caption\":\"Ep\u00e9e Red Queen Devil My Cry\"},{\"@type\":\"BreadcrumbList\",\"@id\":\"https:\\\/\\\/repliquemangacine.fr\\\/katana-et-epee-de-jeux-video-autre-jeux-video\\\/epee-red-queen-devil-my-cry\\\/#breadcrumb\",\"itemListElement\":[{\"@type\":\"ListItem\",\"position\":1,\"name\":\"Accueil\",\"item\":\"https:\\\/\\\/repliquemangacine.fr\\\/\"},{\"@type\":\"ListItem\",\"position\":2,\"name\":\"Produits\",\"item\":\"https:\\\/\\\/repliquemangacine.fr\\\/boutique\\\/\"},{\"@type\":\"ListItem\",\"position\":3,\"name\":\"Ep\u00e9e Red Queen &#8211; Devil my Cry\"}]},{\"@type\":\"WebSite\",\"@id\":\"https:\\\/\\\/repliquemangacine.fr\\\/#website\",\"url\":\"https:\\\/\\\/repliquemangacine.fr\\\/\",\"name\":\"R\u00e9plique Manga Cin\u00e9\",\"description\":\"\",\"publisher\":{\"@id\":\"https:\\\/\\\/repliquemangacine.fr\\\/#organization\"},\"potentialAction\":[{\"@type\":\"SearchAction\",\"target\":{\"@type\":\"EntryPoint\",\"urlTemplate\":\"https:\\\/\\\/repliquemangacine.fr\\\/?s={search_term_string}\"},\"query-input\":{\"@type\":\"PropertyValueSpecification\",\"valueRequired\":true,\"valueName\":\"search_term_string\"}}],\"inLanguage\":\"de\"},{\"@type\":\"Organization\",\"@id\":\"https:\\\/\\\/repliquemangacine.fr\\\/#organization\",\"name\":\"R\u00e9plique Manga Cin\u00e9\",\"url\":\"https:\\\/\\\/repliquemangacine.fr\\\/\",\"logo\":{\"@type\":\"ImageObject\",\"inLanguage\":\"de\",\"@id\":\"https:\\\/\\\/repliquemangacine.fr\\\/#\\\/schema\\\/logo\\\/image\\\/\",\"url\":\"https:\\\/\\\/repliquemangacine.fr\\\/wp-content\\\/uploads\\\/2023\\\/10\\\/RMC-500250.png\",\"contentUrl\":\"https:\\\/\\\/repliquemangacine.fr\\\/wp-content\\\/uploads\\\/2023\\\/10\\\/RMC-500250.png\",\"width\":500,\"height\":250,\"caption\":\"R\u00e9plique Manga Cin\u00e9\"},\"image\":{\"@id\":\"https:\\\/\\\/repliquemangacine.fr\\\/#\\\/schema\\\/logo\\\/image\\\/\"},\"sameAs\":[\"https:\\\/\\\/www.facebook.com\\\/RepliqueMangaCine\",\"https:\\\/\\\/www.instagram.com\\\/repliquemangacine.fr\\\/\"]}]}<\/script>\n<!-- \/ Yoast SEO plugin. -->","yoast_head_json":{"title":"Red Queen Schwert - Devil my Cry - Neros Schwert in Devil My Cry | R\u00e9plique Manga Cin\u00e9","description":"Originalgetreue Replik von Neros (Devil May Cry) Red Queen-Schwert mit Gasgriff. Ein Muss f\u00fcr Fans und Sammler.","robots":{"index":"index","follow":"follow","max-snippet":"max-snippet:-1","max-image-preview":"max-image-preview:large","max-video-preview":"max-video-preview:-1"},"canonical":"https:\/\/repliquemangacine.fr\/de\/katana-und-schwert-von-videospielen-andere-videospiele\/epee-red-queen-devil-my-cry\/","og_locale":"de_DE","og_type":"article","og_title":"Ep\u00e9e Red Queen - Devil my Cry - Ep\u00e9e de Nero dans Devil My Cry | R\u00e9plique Manga Cin\u00e9","og_description":"R\u00e9plique fid\u00e8le de l'Ep\u00e9e Red Queen de Nero (Devil May Cry), avec poign\u00e9e d'acc\u00e9l\u00e9rateur. Une pi\u00e8ce incontournable pour les fans et collectionneurs.","og_url":"https:\/\/repliquemangacine.fr\/de\/katana-und-schwert-von-videospielen-andere-videospiele\/epee-red-queen-devil-my-cry\/","og_site_name":"R\u00e9plique Manga Cin\u00e9","article_publisher":"https:\/\/www.facebook.com\/RepliqueMangaCine","article_modified_time":"2026-01-08T14:14:02+00:00","og_image":[{"width":500,"height":500,"url":"https:\/\/repliquemangacine.fr\/wp-content\/uploads\/2024\/10\/epee-red-queen-sur-support.jpg","type":"image\/jpeg"}],"twitter_card":"summary_large_image","twitter_misc":{"Gesch\u00e4tzte Lesezeit":"3\u00a0Minuten"},"schema":{"@context":"https:\/\/schema.org","@graph":[{"@type":"WebPage","@id":"https:\/\/repliquemangacine.fr\/katana-et-epee-de-jeux-video-autre-jeux-video\/epee-red-queen-devil-my-cry\/","url":"https:\/\/repliquemangacine.fr\/katana-et-epee-de-jeux-video-autre-jeux-video\/epee-red-queen-devil-my-cry\/","name":"Red Queen Schwert - Devil my Cry - Neros Schwert in Devil My Cry | R\u00e9plique Manga Cin\u00e9","isPartOf":{"@id":"https:\/\/repliquemangacine.fr\/#website"},"primaryImageOfPage":{"@id":"https:\/\/repliquemangacine.fr\/katana-et-epee-de-jeux-video-autre-jeux-video\/epee-red-queen-devil-my-cry\/#primaryimage"},"image":{"@id":"https:\/\/repliquemangacine.fr\/katana-et-epee-de-jeux-video-autre-jeux-video\/epee-red-queen-devil-my-cry\/#primaryimage"},"thumbnailUrl":"https:\/\/repliquemangacine.fr\/wp-content\/uploads\/2024\/10\/epee-red-queen-sur-support.jpg","datePublished":"2024-10-17T15:59:36+00:00","dateModified":"2026-01-08T14:14:02+00:00","description":"Originalgetreue Replik von Neros (Devil May Cry) Red Queen-Schwert mit Gasgriff. Ein Muss f\u00fcr Fans und Sammler.","breadcrumb":{"@id":"https:\/\/repliquemangacine.fr\/katana-et-epee-de-jeux-video-autre-jeux-video\/epee-red-queen-devil-my-cry\/#breadcrumb"},"inLanguage":"de","potentialAction":[{"@type":"ReadAction","target":["https:\/\/repliquemangacine.fr\/katana-et-epee-de-jeux-video-autre-jeux-video\/epee-red-queen-devil-my-cry\/"]}]},{"@type":"ImageObject","inLanguage":"de","@id":"https:\/\/repliquemangacine.fr\/katana-et-epee-de-jeux-video-autre-jeux-video\/epee-red-queen-devil-my-cry\/#primaryimage","url":"https:\/\/repliquemangacine.fr\/wp-content\/uploads\/2024\/10\/epee-red-queen-sur-support.jpg","contentUrl":"https:\/\/repliquemangacine.fr\/wp-content\/uploads\/2024\/10\/epee-red-queen-sur-support.jpg","width":500,"height":500,"caption":"Ep\u00e9e Red Queen Devil My Cry"},{"@type":"BreadcrumbList","@id":"https:\/\/repliquemangacine.fr\/katana-et-epee-de-jeux-video-autre-jeux-video\/epee-red-queen-devil-my-cry\/#breadcrumb","itemListElement":[{"@type":"ListItem","position":1,"name":"Accueil","item":"https:\/\/repliquemangacine.fr\/"},{"@type":"ListItem","position":2,"name":"Produits","item":"https:\/\/repliquemangacine.fr\/boutique\/"},{"@type":"ListItem","position":3,"name":"Ep\u00e9e Red Queen &#8211; Devil my Cry"}]},{"@type":"WebSite","@id":"https:\/\/repliquemangacine.fr\/#website","url":"https:\/\/repliquemangacine.fr\/","name":"R\u00e9plique Manga Cin\u00e9","description":"","publisher":{"@id":"https:\/\/repliquemangacine.fr\/#organization"},"potentialAction":[{"@type":"SearchAction","target":{"@type":"EntryPoint","urlTemplate":"https:\/\/repliquemangacine.fr\/?s={search_term_string}"},"query-input":{"@type":"PropertyValueSpecification","valueRequired":true,"valueName":"search_term_string"}}],"inLanguage":"de"},{"@type":"Organization","@id":"https:\/\/repliquemangacine.fr\/#organization","name":"R\u00e9plique Manga Cin\u00e9","url":"https:\/\/repliquemangacine.fr\/","logo":{"@type":"ImageObject","inLanguage":"de","@id":"https:\/\/repliquemangacine.fr\/#\/schema\/logo\/image\/","url":"https:\/\/repliquemangacine.fr\/wp-content\/uploads\/2023\/10\/RMC-500250.png","contentUrl":"https:\/\/repliquemangacine.fr\/wp-content\/uploads\/2023\/10\/RMC-500250.png","width":500,"height":250,"caption":"R\u00e9plique Manga Cin\u00e9"},"image":{"@id":"https:\/\/repliquemangacine.fr\/#\/schema\/logo\/image\/"},"sameAs":["https:\/\/www.facebook.com\/RepliqueMangaCine","https:\/\/www.instagram.com\/repliquemangacine.fr\/"]}]}},"_links":{"self":[{"href":"https:\/\/repliquemangacine.fr\/de\/wp-json\/wp\/v2\/product\/75391","targetHints":{"allow":["GET"]}}],"collection":[{"href":"https:\/\/repliquemangacine.fr\/de\/wp-json\/wp\/v2\/product"}],"about":[{"href":"https:\/\/repliquemangacine.fr\/de\/wp-json\/wp\/v2\/types\/product"}],"wp:featuredmedia":[{"embeddable":true,"href":"https:\/\/repliquemangacine.fr\/de\/wp-json\/wp\/v2\/media\/75394"}],"wp:attachment":[{"href":"https:\/\/repliquemangacine.fr\/de\/wp-json\/wp\/v2\/media?parent=75391"}],"wp:term":[{"taxonomy":"product_brand","embeddable":true,"href":"https:\/\/repliquemangacine.fr\/de\/wp-json\/wp\/v2\/product_brand?post=75391"},{"taxonomy":"product_cat","embeddable":true,"href":"https:\/\/repliquemangacine.fr\/de\/wp-json\/wp\/v2\/product_cat?post=75391"},{"taxonomy":"product_tag","embeddable":true,"href":"https:\/\/repliquemangacine.fr\/de\/wp-json\/wp\/v2\/product_tag?post=75391"}],"curies":[{"name":"wp","href":"https:\/\/api.w.org\/{rel}","templated":true}]}}