





{"id":75191,"date":"2024-10-09T18:46:20","date_gmt":"2024-10-09T16:46:20","guid":{"rendered":"https:\/\/repliquemangacine.fr\/?post_type=product&#038;p=75191"},"modified":"2026-03-01T01:11:37","modified_gmt":"2026-03-01T00:11:37","slug":"leuchtendes-katana-rengoku","status":"publish","type":"product","link":"https:\/\/repliquemangacine.fr\/de\/katana-lumineux-demon-slayer\/katana-lumineux-rengoku\/","title":{"rendered":"Leuchtendes Katana Rengoku"},"content":{"rendered":"<h2>Leuchtendes Katana Rengoku in Demon Slayer<\/h2>\n<p>Zun\u00e4chst entdecken Sie eine au\u00dfergew\u00f6hnliche Neuheit: das <strong>leuchtendes Katana aus Rengoku<\/strong> Kyojuro, inspiriert von der S\u00e4ule der Flamme in Demon Slayer. Dieses einzigartige Katana ist batteriebetrieben und wird durch eingebaute LEDs beleuchtet. Dies verleiht dieser originalgetreuen Replik eine flammende Dimension. Mit einem einfachen Druck auf den Ein-\/Ausschalter, der unauff\u00e4llig in den Griff integriert ist. Die Klinge leuchtet sofort auf und erinnert an die gl\u00fchende Kraft von <a href=\"https:\/\/kimetsu-no-yaiba.fandom.com\/fr\/wiki\/Kyojuro_Rengoku\" target=\"_blank\" rel=\"noopener noreferrer\">Rengoku<\/a> w\u00e4hrend seiner K\u00e4mpfe. Diese LED-Technologie bietet einen noch nie dagewesenen Realismus und ist eine Premiere f\u00fcr leuchtende Katanas dieser Qualit\u00e4t.<\/p>\n<p>Perfekt f\u00fcr Sammler und Fans von Demon Slayer. Dieses Katana verbindet Authentizit\u00e4t und Innovation und bietet ein beeindruckendes visuelles Erlebnis. Ideal zum Ausstellen oder Nachstellen der epischen Szenen aus \u201eDie S\u00e4ule der Flamme\u201c. Ein wahrer Schatz f\u00fcr jeden Fan dieses Universums!<\/p>\n<h2>Entdecken Sie die anderen leuchtenden Katanas von Demon Slayer<\/h2>\n<p>Neben dem <strong>leuchtendes Katana aus Rengoku<\/strong>Die Auswahl an leuchtenden Katanas in Demon Slayer umfasst auch andere eindrucksvolle Repliken.<\/p>\n<ul>\n<li>Die <a href=\"https:\/\/repliquemangacine.fr\/de\/katana-demon-slayer\/zenitsu-lichtkatana\/\">leuchtendes Katana von Zenitsu<\/a> Agatsuma leuchtet mit LEDs, die die elektrisierende Kraft seines Blitzblasens widerspiegeln. Mit seinem leuchtenden Blitz symbolisiert er perfekt Zenitsus blitzartige Angriffe.<\/li>\n<li>Die <a href=\"https:\/\/repliquemangacine.fr\/de\/katana-kimetsu-no-yaiba-aus-stahl-katana-demon-slayer-aus-metall\/leuchtendes-katana-tanjiro\/\">leuchtendes Katana von Tanjiro<\/a> Kamado, der Hauptheld der Serie, ebenfalls mit LEDs, die seine schwarze Klinge beleuchten und Tanjiros St\u00e4rke und Ausdauer bei der Suche nach dem Schutz der Seinen darstellen.<\/li>\n<li>Schlie\u00dflich ist der <a href=\"https:\/\/repliquemangacine.fr\/de\/leuchtendes-katana-demon-slayer\/mitsuris-leuchtendes-katana-figurine-demon-slayer-geschenkt\/\">Led-Katana von Mitsuri Kanroji<\/a>Diese Waffe ist zweifellos eine der einzigartigsten unter den D\u00e4monenvertreibern. Entworfen f\u00fcr seinen Odem der Liebe, einen Kampfstil, der auf dem Odem der Flamme basiert. Jedes Katana dieser Kollektion, das mit LEDs ausgestattet ist, erm\u00f6glicht ein einzigartiges immersives Erlebnis, das technologische Innovation mit dem Respekt vor den Details des Demon Slayer-Universums verbindet. Diese leuchtenden Repliken sind perfekt f\u00fcr leidenschaftliche Fans.<\/li>\n<\/ul>\n<h2>Innovation im Dienste der Fans: Au\u00dfergew\u00f6hnliche Leuchtkatanas<\/h2>\n<p>Die Welt der Katana-Repliken erreicht mit diesen leuchtenden Modellen einen neuen Meilenstein. Und das ist eine Revolution f\u00fcr Demon Slayer-Fans. Abgesehen von ihrer Herstellungsqualit\u00e4t und ihrer Treue zu den Waffen, die im Anime zu sehen waren. Diese Katanas sind mit LED-Technologien ausgestattet, die eine v\u00f6llig neue Dimension der Immersion bieten. So wird jedes Katana zu mehr als einem einfachen Sammlerst\u00fcck. Es ist ein echtes interaktives Element, das leuchten und die Macht der Charaktere, die es repr\u00e4sentiert, hervorrufen kann. Die einfache Aktivierung der LEDs durch einen unauff\u00e4lligen Knopf erm\u00f6glicht es, das Erlebnis in vollen Z\u00fcgen zu genie\u00dfen. In der Tat, ob f\u00fcr Ausstellungen, Fotos oder sogar Cosplays. Diese Innovation, die Tradition und Technologie vereint, macht die leuchtenden Katanas zu einer Revolution f\u00fcr Fans, die auf der Suche nach authentischen, aber auch innovativen Repliken sind. Wenn Sie Ihre Sammlung um ein ebenso einzigartiges wie markantes Objekt erweitern m\u00f6chten, sind diese Leuchtkatanas genau das Richtige f\u00fcr Sie!<\/p>","protected":false},"excerpt":{"rendered":"<p>Wundersch\u00f6ne Replik des Rengoku-Katanas in der Leuchtversion (Led) aus Demon Slayer.<\/p>\n<ul>\n<li>Die Klinge ist oben aus Metall mit Gravuren, die Unterseite aus dickem ABS mit Led im Inneren.<\/li>\n<li>Unauff\u00e4lliger und sehr leicht zu bedienender Ein-\/Ausschalter<\/li>\n<li>Speziell geformter Metallschutz<\/li>\n<li>Griff mit wei\u00dfem Baumwollgeflecht \u00fcberzogen<\/li>\n<li>Die Spitze des Griffs l\u00e4sst sich abtrennen, um zwei AAA-Batterien einzulegen (nicht im Lieferumfang enthalten).<\/li>\n<li>Scheide aus wei\u00dfem Holz mit Verzierungen.<\/li>\n<li>L\u00e4nge der Klinge: 67 cm - Gesamtl\u00e4nge: 103 cm - Gewicht: 1040 gr<\/li>\n<\/ul>","protected":false},"featured_media":75192,"template":"","meta":[],"product_brand":[],"product_cat":[63,868,869,101],"product_tag":[],"class_list":{"0":"post-75191","1":"product","2":"type-product","3":"status-publish","4":"has-post-thumbnail","6":"product_cat-katana-demon-slayer","7":"product_cat-katana-lumineux","8":"product_cat-katana-lumineux-demon-slayer","9":"product_cat-soldes","11":"first","12":"instock","13":"sale","14":"taxable","15":"shipping-taxable","16":"purchasable","17":"product-type-simple"},"yoast_head":"<!-- This site is optimized with the Yoast SEO plugin v27.5 - https:\/\/yoast.com\/product\/yoast-seo-wordpress\/ -->\n<title>Katana lumineux Rengoku - RMC<\/title>\n<meta name=\"description\" content=\"En exclusivit\u00e9 ! D\u00e9couvrez le Katana lumineux de Rengoku Kyojuro dans Demon Slayer. Lame en m\u00e9tal et ABS leds. Fonctionne avec deux piles.\" \/>\n<meta name=\"robots\" content=\"index, follow, max-snippet:-1, max-image-preview:large, max-video-preview:-1\" \/>\n<link rel=\"canonical\" href=\"https:\/\/repliquemangacine.fr\/de\/leuchtendes-katana-demon-slayer\/leuchtendes-katana-rengoku\/\" \/>\n<meta property=\"og:locale\" content=\"de_DE\" \/>\n<meta property=\"og:type\" content=\"article\" \/>\n<meta property=\"og:title\" content=\"Katana lumineux Rengoku - RMC\" \/>\n<meta property=\"og:description\" content=\"En exclusivit\u00e9 ! D\u00e9couvrez le Katana lumineux de Rengoku Kyojuro dans Demon Slayer. Lame en m\u00e9tal et ABS leds. Fonctionne avec deux piles.\" \/>\n<meta property=\"og:url\" content=\"https:\/\/repliquemangacine.fr\/de\/leuchtendes-katana-demon-slayer\/leuchtendes-katana-rengoku\/\" \/>\n<meta property=\"og:site_name\" content=\"R\u00e9plique Manga Cin\u00e9\" \/>\n<meta property=\"article:publisher\" content=\"https:\/\/www.facebook.com\/RepliqueMangaCine\" \/>\n<meta property=\"article:modified_time\" content=\"2026-03-01T00:11:37+00:00\" \/>\n<meta property=\"og:image\" content=\"https:\/\/repliquemangacine.fr\/wp-content\/uploads\/2024\/10\/katana-led-zs656gd.jpg\" \/>\n\t<meta property=\"og:image:width\" content=\"500\" \/>\n\t<meta property=\"og:image:height\" content=\"500\" \/>\n\t<meta property=\"og:image:type\" content=\"image\/jpeg\" \/>\n<meta name=\"twitter:card\" content=\"summary_large_image\" \/>\n<meta name=\"twitter:label1\" content=\"Gesch\u00e4tzte Lesezeit\" \/>\n\t<meta name=\"twitter:data1\" content=\"3\u00a0Minuten\" \/>\n<script type=\"application\/ld+json\" class=\"yoast-schema-graph\">{\"@context\":\"https:\\\/\\\/schema.org\",\"@graph\":[{\"@type\":\"WebPage\",\"@id\":\"https:\\\/\\\/repliquemangacine.fr\\\/katana-lumineux-demon-slayer\\\/katana-lumineux-rengoku\\\/\",\"url\":\"https:\\\/\\\/repliquemangacine.fr\\\/katana-lumineux-demon-slayer\\\/katana-lumineux-rengoku\\\/\",\"name\":\"Katana lumineux Rengoku - RMC\",\"isPartOf\":{\"@id\":\"https:\\\/\\\/repliquemangacine.fr\\\/#website\"},\"primaryImageOfPage\":{\"@id\":\"https:\\\/\\\/repliquemangacine.fr\\\/katana-lumineux-demon-slayer\\\/katana-lumineux-rengoku\\\/#primaryimage\"},\"image\":{\"@id\":\"https:\\\/\\\/repliquemangacine.fr\\\/katana-lumineux-demon-slayer\\\/katana-lumineux-rengoku\\\/#primaryimage\"},\"thumbnailUrl\":\"https:\\\/\\\/repliquemangacine.fr\\\/wp-content\\\/uploads\\\/2024\\\/10\\\/katana-led-zs656gd.jpg\",\"datePublished\":\"2024-10-09T16:46:20+00:00\",\"dateModified\":\"2026-03-01T00:11:37+00:00\",\"description\":\"En exclusivit\u00e9 ! D\u00e9couvrez le Katana lumineux de Rengoku Kyojuro dans Demon Slayer. Lame en m\u00e9tal et ABS leds. Fonctionne avec deux piles.\",\"breadcrumb\":{\"@id\":\"https:\\\/\\\/repliquemangacine.fr\\\/katana-lumineux-demon-slayer\\\/katana-lumineux-rengoku\\\/#breadcrumb\"},\"inLanguage\":\"de\",\"potentialAction\":[{\"@type\":\"ReadAction\",\"target\":[\"https:\\\/\\\/repliquemangacine.fr\\\/katana-lumineux-demon-slayer\\\/katana-lumineux-rengoku\\\/\"]}]},{\"@type\":\"ImageObject\",\"inLanguage\":\"de\",\"@id\":\"https:\\\/\\\/repliquemangacine.fr\\\/katana-lumineux-demon-slayer\\\/katana-lumineux-rengoku\\\/#primaryimage\",\"url\":\"https:\\\/\\\/repliquemangacine.fr\\\/wp-content\\\/uploads\\\/2024\\\/10\\\/katana-led-zs656gd.jpg\",\"contentUrl\":\"https:\\\/\\\/repliquemangacine.fr\\\/wp-content\\\/uploads\\\/2024\\\/10\\\/katana-led-zs656gd.jpg\",\"width\":500,\"height\":500,\"caption\":\"Katana lumineux Rengoku dans Demon Slayer\"},{\"@type\":\"BreadcrumbList\",\"@id\":\"https:\\\/\\\/repliquemangacine.fr\\\/katana-lumineux-demon-slayer\\\/katana-lumineux-rengoku\\\/#breadcrumb\",\"itemListElement\":[{\"@type\":\"ListItem\",\"position\":1,\"name\":\"Accueil\",\"item\":\"https:\\\/\\\/repliquemangacine.fr\\\/\"},{\"@type\":\"ListItem\",\"position\":2,\"name\":\"Produits\",\"item\":\"https:\\\/\\\/repliquemangacine.fr\\\/boutique\\\/\"},{\"@type\":\"ListItem\",\"position\":3,\"name\":\"Katana lumineux Rengoku\"}]},{\"@type\":\"WebSite\",\"@id\":\"https:\\\/\\\/repliquemangacine.fr\\\/#website\",\"url\":\"https:\\\/\\\/repliquemangacine.fr\\\/\",\"name\":\"R\u00e9plique Manga Cin\u00e9\",\"description\":\"\",\"publisher\":{\"@id\":\"https:\\\/\\\/repliquemangacine.fr\\\/#organization\"},\"potentialAction\":[{\"@type\":\"SearchAction\",\"target\":{\"@type\":\"EntryPoint\",\"urlTemplate\":\"https:\\\/\\\/repliquemangacine.fr\\\/?s={search_term_string}\"},\"query-input\":{\"@type\":\"PropertyValueSpecification\",\"valueRequired\":true,\"valueName\":\"search_term_string\"}}],\"inLanguage\":\"de\"},{\"@type\":\"Organization\",\"@id\":\"https:\\\/\\\/repliquemangacine.fr\\\/#organization\",\"name\":\"R\u00e9plique Manga Cin\u00e9\",\"url\":\"https:\\\/\\\/repliquemangacine.fr\\\/\",\"logo\":{\"@type\":\"ImageObject\",\"inLanguage\":\"de\",\"@id\":\"https:\\\/\\\/repliquemangacine.fr\\\/#\\\/schema\\\/logo\\\/image\\\/\",\"url\":\"https:\\\/\\\/repliquemangacine.fr\\\/wp-content\\\/uploads\\\/2023\\\/10\\\/RMC-500250.png\",\"contentUrl\":\"https:\\\/\\\/repliquemangacine.fr\\\/wp-content\\\/uploads\\\/2023\\\/10\\\/RMC-500250.png\",\"width\":500,\"height\":250,\"caption\":\"R\u00e9plique Manga Cin\u00e9\"},\"image\":{\"@id\":\"https:\\\/\\\/repliquemangacine.fr\\\/#\\\/schema\\\/logo\\\/image\\\/\"},\"sameAs\":[\"https:\\\/\\\/www.facebook.com\\\/RepliqueMangaCine\",\"https:\\\/\\\/www.instagram.com\\\/repliquemangacine.fr\\\/\"]}]}<\/script>\n<!-- \/ Yoast SEO plugin. -->","yoast_head_json":{"title":"Katana mit Licht Rengoku - RMC","description":"Als exklusives Feature! Entdecken Sie das leuchtende Katana von Rengoku Kyojuro aus Demon Slayer. Klinge aus Metall und ABS Leds. Funktioniert mit zwei Batterien.","robots":{"index":"index","follow":"follow","max-snippet":"max-snippet:-1","max-image-preview":"max-image-preview:large","max-video-preview":"max-video-preview:-1"},"canonical":"https:\/\/repliquemangacine.fr\/de\/leuchtendes-katana-demon-slayer\/leuchtendes-katana-rengoku\/","og_locale":"de_DE","og_type":"article","og_title":"Katana lumineux Rengoku - RMC","og_description":"En exclusivit\u00e9 ! D\u00e9couvrez le Katana lumineux de Rengoku Kyojuro dans Demon Slayer. Lame en m\u00e9tal et ABS leds. Fonctionne avec deux piles.","og_url":"https:\/\/repliquemangacine.fr\/de\/leuchtendes-katana-demon-slayer\/leuchtendes-katana-rengoku\/","og_site_name":"R\u00e9plique Manga Cin\u00e9","article_publisher":"https:\/\/www.facebook.com\/RepliqueMangaCine","article_modified_time":"2026-03-01T00:11:37+00:00","og_image":[{"width":500,"height":500,"url":"https:\/\/repliquemangacine.fr\/wp-content\/uploads\/2024\/10\/katana-led-zs656gd.jpg","type":"image\/jpeg"}],"twitter_card":"summary_large_image","twitter_misc":{"Gesch\u00e4tzte Lesezeit":"3\u00a0Minuten"},"schema":{"@context":"https:\/\/schema.org","@graph":[{"@type":"WebPage","@id":"https:\/\/repliquemangacine.fr\/katana-lumineux-demon-slayer\/katana-lumineux-rengoku\/","url":"https:\/\/repliquemangacine.fr\/katana-lumineux-demon-slayer\/katana-lumineux-rengoku\/","name":"Katana mit Licht Rengoku - RMC","isPartOf":{"@id":"https:\/\/repliquemangacine.fr\/#website"},"primaryImageOfPage":{"@id":"https:\/\/repliquemangacine.fr\/katana-lumineux-demon-slayer\/katana-lumineux-rengoku\/#primaryimage"},"image":{"@id":"https:\/\/repliquemangacine.fr\/katana-lumineux-demon-slayer\/katana-lumineux-rengoku\/#primaryimage"},"thumbnailUrl":"https:\/\/repliquemangacine.fr\/wp-content\/uploads\/2024\/10\/katana-led-zs656gd.jpg","datePublished":"2024-10-09T16:46:20+00:00","dateModified":"2026-03-01T00:11:37+00:00","description":"Als exklusives Feature! Entdecken Sie das leuchtende Katana von Rengoku Kyojuro aus Demon Slayer. Klinge aus Metall und ABS Leds. Funktioniert mit zwei Batterien.","breadcrumb":{"@id":"https:\/\/repliquemangacine.fr\/katana-lumineux-demon-slayer\/katana-lumineux-rengoku\/#breadcrumb"},"inLanguage":"de","potentialAction":[{"@type":"ReadAction","target":["https:\/\/repliquemangacine.fr\/katana-lumineux-demon-slayer\/katana-lumineux-rengoku\/"]}]},{"@type":"ImageObject","inLanguage":"de","@id":"https:\/\/repliquemangacine.fr\/katana-lumineux-demon-slayer\/katana-lumineux-rengoku\/#primaryimage","url":"https:\/\/repliquemangacine.fr\/wp-content\/uploads\/2024\/10\/katana-led-zs656gd.jpg","contentUrl":"https:\/\/repliquemangacine.fr\/wp-content\/uploads\/2024\/10\/katana-led-zs656gd.jpg","width":500,"height":500,"caption":"Katana lumineux Rengoku dans Demon Slayer"},{"@type":"BreadcrumbList","@id":"https:\/\/repliquemangacine.fr\/katana-lumineux-demon-slayer\/katana-lumineux-rengoku\/#breadcrumb","itemListElement":[{"@type":"ListItem","position":1,"name":"Accueil","item":"https:\/\/repliquemangacine.fr\/"},{"@type":"ListItem","position":2,"name":"Produits","item":"https:\/\/repliquemangacine.fr\/boutique\/"},{"@type":"ListItem","position":3,"name":"Katana lumineux Rengoku"}]},{"@type":"WebSite","@id":"https:\/\/repliquemangacine.fr\/#website","url":"https:\/\/repliquemangacine.fr\/","name":"R\u00e9plique Manga Cin\u00e9","description":"","publisher":{"@id":"https:\/\/repliquemangacine.fr\/#organization"},"potentialAction":[{"@type":"SearchAction","target":{"@type":"EntryPoint","urlTemplate":"https:\/\/repliquemangacine.fr\/?s={search_term_string}"},"query-input":{"@type":"PropertyValueSpecification","valueRequired":true,"valueName":"search_term_string"}}],"inLanguage":"de"},{"@type":"Organization","@id":"https:\/\/repliquemangacine.fr\/#organization","name":"R\u00e9plique Manga Cin\u00e9","url":"https:\/\/repliquemangacine.fr\/","logo":{"@type":"ImageObject","inLanguage":"de","@id":"https:\/\/repliquemangacine.fr\/#\/schema\/logo\/image\/","url":"https:\/\/repliquemangacine.fr\/wp-content\/uploads\/2023\/10\/RMC-500250.png","contentUrl":"https:\/\/repliquemangacine.fr\/wp-content\/uploads\/2023\/10\/RMC-500250.png","width":500,"height":250,"caption":"R\u00e9plique Manga Cin\u00e9"},"image":{"@id":"https:\/\/repliquemangacine.fr\/#\/schema\/logo\/image\/"},"sameAs":["https:\/\/www.facebook.com\/RepliqueMangaCine","https:\/\/www.instagram.com\/repliquemangacine.fr\/"]}]}},"_links":{"self":[{"href":"https:\/\/repliquemangacine.fr\/de\/wp-json\/wp\/v2\/product\/75191","targetHints":{"allow":["GET"]}}],"collection":[{"href":"https:\/\/repliquemangacine.fr\/de\/wp-json\/wp\/v2\/product"}],"about":[{"href":"https:\/\/repliquemangacine.fr\/de\/wp-json\/wp\/v2\/types\/product"}],"wp:featuredmedia":[{"embeddable":true,"href":"https:\/\/repliquemangacine.fr\/de\/wp-json\/wp\/v2\/media\/75192"}],"wp:attachment":[{"href":"https:\/\/repliquemangacine.fr\/de\/wp-json\/wp\/v2\/media?parent=75191"}],"wp:term":[{"taxonomy":"product_brand","embeddable":true,"href":"https:\/\/repliquemangacine.fr\/de\/wp-json\/wp\/v2\/product_brand?post=75191"},{"taxonomy":"product_cat","embeddable":true,"href":"https:\/\/repliquemangacine.fr\/de\/wp-json\/wp\/v2\/product_cat?post=75191"},{"taxonomy":"product_tag","embeddable":true,"href":"https:\/\/repliquemangacine.fr\/de\/wp-json\/wp\/v2\/product_tag?post=75191"}],"curies":[{"name":"wp","href":"https:\/\/api.w.org\/{rel}","templated":true}]}}