





{"id":75186,"date":"2024-10-09T18:26:13","date_gmt":"2024-10-09T16:26:13","guid":{"rendered":"https:\/\/repliquemangacine.fr\/?post_type=product&#038;p=75186"},"modified":"2026-04-19T21:38:05","modified_gmt":"2026-04-19T19:38:05","slug":"leuchtendes-katana-muichiro","status":"publish","type":"product","link":"https:\/\/repliquemangacine.fr\/de\/katana-lumineux-demon-slayer\/katana-lumineux-muichiro\/","title":{"rendered":"Lichtkatana Muichiro"},"content":{"rendered":"<h2>Leuchtendes Katana Muichiro Tokito in Demon Slayer<\/h2>\n<p>Entdecken Sie eine au\u00dfergew\u00f6hnliche Neuheit: das leuchtende Katana von <a href=\"https:\/\/kimetsu-no-yaiba.fandom.com\/fr\/wiki\/Muichiro_Tokito\" target=\"_blank\" rel=\"noopener noreferrer\">Muichiro Tokito<\/a>Das Katana ist von der ber\u00fchmten Nebels\u00e4ule aus Demon Slayer inspiriert. Dieses einzigartige Katana ist batteriebetrieben und wird durch eingebaute LEDs beleuchtet. Dies verleiht der originalgetreuen Nachbildung einen magischen Touch. Mit einem einfachen Druck auf den Ein-\/Ausschalter, der diskret verborgen ist, um das Design nicht zu beeintr\u00e4chtigen. Die Klinge leuchtet sofort auf und vermittelt die r\u00e4tselhafte, neblige Atmosph\u00e4re, die Muichiro auszeichnet. Dieses Qualit\u00e4tsniveau, das Authentizit\u00e4t und Innovation vereint, ist eine Premiere f\u00fcr leuchtende Katana-Repliken. Perfekt f\u00fcr Fans und Sammler, ist dieses Objekt nicht nur ein Sammlerst\u00fcck. Sondern ein echtes interaktives Element, das die Welt von Demon Slayer zum Leben erweckt. Lassen Sie sich von dieser au\u00dfergew\u00f6hnlichen Replik begeistern, die so intensiv leuchtet wie die Entschlossenheit der jungen Nebels\u00e4ule.<\/p>\n<h2>Entdecken Sie die anderen leuchtenden Katanas von Demon Slayer<\/h2>\n<p>Neben dem Katana von Muichiro Tokito wird die Sammlung der leuchtenden Katanas in Demon Slayer um weitere, ebenso faszinierende Repliken erweitert.<\/p>\n<ul>\n<li>Die <a href=\"https:\/\/repliquemangacine.fr\/de\/katana-demon-slayer\/zenitsu-lichtkatana\/\">leuchtendes Katana von Zenitsu<\/a> Agatsuma spiegelt mit seinen LEDs perfekt die blitzartige Geschwindigkeit seines Blitzblasens wider. Sein Lichtblitz vermittelt ein Gef\u00fchl von Kraft und Energie, ideal, um seine blitzschnellen Angriffe nachzuahmen.<\/li>\n<li>Die <a href=\"https:\/\/repliquemangacine.fr\/de\/katana-kimetsu-no-yaiba-aus-stahl-katana-demon-slayer-aus-metall\/leuchtendes-katana-tanjiro\/\">leuchtendes Katana von Tanjiro<\/a> Kamado, heldenhaft und ikonisch, leuchtet ebenfalls mit seinen LEDs und verk\u00f6rpert die innere St\u00e4rke und den unersch\u00fctterlichen Willen des Charakters. Er ist eine unverzichtbare Erg\u00e4nzung f\u00fcr jeden Fan des D\u00e4monensplitters.<\/li>\n<li>Schlie\u00dflich ist der <a href=\"https:\/\/repliquemangacine.fr\/de\/leuchtendes-katana-demon-slayer\/kokushibos-leuchtendes-katana-figurine-demon-slayer\/\">leuchtendes Katana von Kokushibo<\/a>spiegelt seine furchteinfl\u00f6\u00dfende Seite mit seinem d\u00e4monischen und bedrohlichen Aussehen wider. Jedes Katana in dieser leuchtenden Kollektion wurde entworfen, um ein einzigartiges Erlebnis zu bieten, das Qualit\u00e4t, Authentizit\u00e4t und Innovation vereint, um die ganze Magie des Demon Slayer-Universums einzufangen.<\/li>\n<\/ul>\n<h2>Innovation im Dienste der Fans: Au\u00dfergew\u00f6hnliche Leuchtkatanas<\/h2>\n<p>Die Welt der Katana-Repliken erreicht mit diesen leuchtenden Modellen einen neuen Meilenstein. Und das ist eine Revolution f\u00fcr Demon Slayer-Fans. Abgesehen von ihrer Herstellungsqualit\u00e4t und ihrer Treue zu den Waffen, die im Anime zu sehen waren. Diese Katanas sind mit LED-Technologien ausgestattet, die eine v\u00f6llig neue Dimension der Immersion bieten. So wird jedes Katana zu mehr als einem einfachen Sammlerst\u00fcck. Es ist ein echtes interaktives Element, das leuchten und die Macht der Charaktere, die es repr\u00e4sentiert, hervorrufen kann. Die einfache Aktivierung der LEDs durch einen unauff\u00e4lligen Knopf erm\u00f6glicht es, das Erlebnis in vollen Z\u00fcgen zu genie\u00dfen. In der Tat, ob f\u00fcr Ausstellungen, Fotos oder sogar Cosplays. Diese Innovation, die Tradition und Technologie vereint, macht die leuchtenden Katanas zu einer Revolution f\u00fcr Fans, die auf der Suche nach authentischen, aber auch innovativen Repliken sind. Wenn Sie Ihre Sammlung um ein ebenso einzigartiges wie markantes Objekt erweitern m\u00f6chten, sind diese Leuchtkatanas genau das Richtige f\u00fcr Sie!<\/p>","protected":false},"excerpt":{"rendered":"<p>Wundersch\u00f6ne Replik von Muichiros Katana in der Leuchtversion (Led) aus Demon Slayer.<\/p>\n<ul>\n<li>Die Klinge ist oben aus Metall mit Gravuren, die Unterseite aus dickem ABS mit Led im Inneren.<\/li>\n<li>Unauff\u00e4lliger und sehr leicht zu bedienender Ein-\/Ausschalter<\/li>\n<li>Speziell geformter Metallschutz<\/li>\n<li>Griff aus gr\u00fcnem Rochenhautimitat, \u00fcberzogen mit einem schwarzen Baumwollgeflecht<\/li>\n<li>Die Spitze des Griffs l\u00e4sst sich abtrennen, um zwei AAA-Batterien einzulegen (nicht im Lieferumfang enthalten).<\/li>\n<li>Scheide aus schwarzem Holz.<\/li>\n<li>L\u00e4nge der Klinge: 67 cm - Gesamtl\u00e4nge: 103 cm - Gewicht: 1040 gr<\/li>\n<\/ul>\n<p><strong>\u00a0<\/strong><\/p>","protected":false},"featured_media":75187,"template":"","meta":[],"product_brand":[],"product_cat":[63,868,869],"product_tag":[],"class_list":{"0":"post-75186","1":"product","2":"type-product","3":"status-publish","4":"has-post-thumbnail","6":"product_cat-katana-demon-slayer","7":"product_cat-katana-lumineux","8":"product_cat-katana-lumineux-demon-slayer","10":"first","11":"instock","12":"sale","13":"taxable","14":"shipping-taxable","15":"purchasable","16":"product-type-simple"},"yoast_head":"<!-- This site is optimized with the Yoast SEO plugin v27.5 - https:\/\/yoast.com\/product\/yoast-seo-wordpress\/ -->\n<title>Katana lumineux Muichiro | RMC<\/title>\n<meta name=\"description\" content=\"En exclusivit\u00e9 ! D\u00e9couvrez le Katana lumineux de Muichiro Tokito dans Demon Slayer. Lame en m\u00e9tal et ABS leds. Fonctionne avec deux piles.\" \/>\n<meta name=\"robots\" content=\"index, follow, max-snippet:-1, max-image-preview:large, max-video-preview:-1\" \/>\n<link rel=\"canonical\" href=\"https:\/\/repliquemangacine.fr\/de\/leuchtendes-katana-demon-slayer\/leuchtendes-katana-muichiro\/\" \/>\n<meta property=\"og:locale\" content=\"de_DE\" \/>\n<meta property=\"og:type\" content=\"article\" \/>\n<meta property=\"og:title\" content=\"Katana lumineux Muichiro | RMC\" \/>\n<meta property=\"og:description\" content=\"En exclusivit\u00e9 ! D\u00e9couvrez le Katana lumineux de Muichiro Tokito dans Demon Slayer. Lame en m\u00e9tal et ABS leds. Fonctionne avec deux piles.\" \/>\n<meta property=\"og:url\" content=\"https:\/\/repliquemangacine.fr\/de\/leuchtendes-katana-demon-slayer\/leuchtendes-katana-muichiro\/\" \/>\n<meta property=\"og:site_name\" content=\"R\u00e9plique Manga Cin\u00e9\" \/>\n<meta property=\"article:publisher\" content=\"https:\/\/www.facebook.com\/RepliqueMangaCine\" \/>\n<meta property=\"article:modified_time\" content=\"2026-04-19T19:38:05+00:00\" \/>\n<meta property=\"og:image\" content=\"https:\/\/repliquemangacine.fr\/wp-content\/uploads\/2024\/10\/katana-with-led-lighting-zs655gd.jpg\" \/>\n\t<meta property=\"og:image:width\" content=\"500\" \/>\n\t<meta property=\"og:image:height\" content=\"500\" \/>\n\t<meta property=\"og:image:type\" content=\"image\/jpeg\" \/>\n<meta name=\"twitter:card\" content=\"summary_large_image\" \/>\n<meta name=\"twitter:label1\" content=\"Gesch\u00e4tzte Lesezeit\" \/>\n\t<meta name=\"twitter:data1\" content=\"3\u00a0Minuten\" \/>\n<script type=\"application\/ld+json\" class=\"yoast-schema-graph\">{\"@context\":\"https:\\\/\\\/schema.org\",\"@graph\":[{\"@type\":\"WebPage\",\"@id\":\"https:\\\/\\\/repliquemangacine.fr\\\/katana-lumineux-demon-slayer\\\/katana-lumineux-muichiro\\\/\",\"url\":\"https:\\\/\\\/repliquemangacine.fr\\\/katana-lumineux-demon-slayer\\\/katana-lumineux-muichiro\\\/\",\"name\":\"Katana lumineux Muichiro | RMC\",\"isPartOf\":{\"@id\":\"https:\\\/\\\/repliquemangacine.fr\\\/#website\"},\"primaryImageOfPage\":{\"@id\":\"https:\\\/\\\/repliquemangacine.fr\\\/katana-lumineux-demon-slayer\\\/katana-lumineux-muichiro\\\/#primaryimage\"},\"image\":{\"@id\":\"https:\\\/\\\/repliquemangacine.fr\\\/katana-lumineux-demon-slayer\\\/katana-lumineux-muichiro\\\/#primaryimage\"},\"thumbnailUrl\":\"https:\\\/\\\/repliquemangacine.fr\\\/wp-content\\\/uploads\\\/2024\\\/10\\\/katana-with-led-lighting-zs655gd.jpg\",\"datePublished\":\"2024-10-09T16:26:13+00:00\",\"dateModified\":\"2026-04-19T19:38:05+00:00\",\"description\":\"En exclusivit\u00e9 ! D\u00e9couvrez le Katana lumineux de Muichiro Tokito dans Demon Slayer. Lame en m\u00e9tal et ABS leds. Fonctionne avec deux piles.\",\"breadcrumb\":{\"@id\":\"https:\\\/\\\/repliquemangacine.fr\\\/katana-lumineux-demon-slayer\\\/katana-lumineux-muichiro\\\/#breadcrumb\"},\"inLanguage\":\"de\",\"potentialAction\":[{\"@type\":\"ReadAction\",\"target\":[\"https:\\\/\\\/repliquemangacine.fr\\\/katana-lumineux-demon-slayer\\\/katana-lumineux-muichiro\\\/\"]}]},{\"@type\":\"ImageObject\",\"inLanguage\":\"de\",\"@id\":\"https:\\\/\\\/repliquemangacine.fr\\\/katana-lumineux-demon-slayer\\\/katana-lumineux-muichiro\\\/#primaryimage\",\"url\":\"https:\\\/\\\/repliquemangacine.fr\\\/wp-content\\\/uploads\\\/2024\\\/10\\\/katana-with-led-lighting-zs655gd.jpg\",\"contentUrl\":\"https:\\\/\\\/repliquemangacine.fr\\\/wp-content\\\/uploads\\\/2024\\\/10\\\/katana-with-led-lighting-zs655gd.jpg\",\"width\":500,\"height\":500,\"caption\":\"Katana lumineux de Muichiro dans Demon Slayer\"},{\"@type\":\"BreadcrumbList\",\"@id\":\"https:\\\/\\\/repliquemangacine.fr\\\/katana-lumineux-demon-slayer\\\/katana-lumineux-muichiro\\\/#breadcrumb\",\"itemListElement\":[{\"@type\":\"ListItem\",\"position\":1,\"name\":\"Accueil\",\"item\":\"https:\\\/\\\/repliquemangacine.fr\\\/\"},{\"@type\":\"ListItem\",\"position\":2,\"name\":\"Produits\",\"item\":\"https:\\\/\\\/repliquemangacine.fr\\\/boutique\\\/\"},{\"@type\":\"ListItem\",\"position\":3,\"name\":\"Katana lumineux Muichiro\"}]},{\"@type\":\"WebSite\",\"@id\":\"https:\\\/\\\/repliquemangacine.fr\\\/#website\",\"url\":\"https:\\\/\\\/repliquemangacine.fr\\\/\",\"name\":\"R\u00e9plique Manga Cin\u00e9\",\"description\":\"\",\"publisher\":{\"@id\":\"https:\\\/\\\/repliquemangacine.fr\\\/#organization\"},\"potentialAction\":[{\"@type\":\"SearchAction\",\"target\":{\"@type\":\"EntryPoint\",\"urlTemplate\":\"https:\\\/\\\/repliquemangacine.fr\\\/?s={search_term_string}\"},\"query-input\":{\"@type\":\"PropertyValueSpecification\",\"valueRequired\":true,\"valueName\":\"search_term_string\"}}],\"inLanguage\":\"de\"},{\"@type\":\"Organization\",\"@id\":\"https:\\\/\\\/repliquemangacine.fr\\\/#organization\",\"name\":\"R\u00e9plique Manga Cin\u00e9\",\"url\":\"https:\\\/\\\/repliquemangacine.fr\\\/\",\"logo\":{\"@type\":\"ImageObject\",\"inLanguage\":\"de\",\"@id\":\"https:\\\/\\\/repliquemangacine.fr\\\/#\\\/schema\\\/logo\\\/image\\\/\",\"url\":\"https:\\\/\\\/repliquemangacine.fr\\\/wp-content\\\/uploads\\\/2023\\\/10\\\/RMC-500250.png\",\"contentUrl\":\"https:\\\/\\\/repliquemangacine.fr\\\/wp-content\\\/uploads\\\/2023\\\/10\\\/RMC-500250.png\",\"width\":500,\"height\":250,\"caption\":\"R\u00e9plique Manga Cin\u00e9\"},\"image\":{\"@id\":\"https:\\\/\\\/repliquemangacine.fr\\\/#\\\/schema\\\/logo\\\/image\\\/\"},\"sameAs\":[\"https:\\\/\\\/www.facebook.com\\\/RepliqueMangaCine\",\"https:\\\/\\\/www.instagram.com\\\/repliquemangacine.fr\\\/\"]}]}<\/script>\n<!-- \/ Yoast SEO plugin. -->","yoast_head_json":{"title":"Muichiro Light Katana | RMC","description":"Als exklusives Feature! Entdecken Sie das leuchtende Katana von Muichiro Tokito aus Demon Slayer. Klinge aus Metall und ABS Leds. Funktioniert mit zwei Batterien.","robots":{"index":"index","follow":"follow","max-snippet":"max-snippet:-1","max-image-preview":"max-image-preview:large","max-video-preview":"max-video-preview:-1"},"canonical":"https:\/\/repliquemangacine.fr\/de\/leuchtendes-katana-demon-slayer\/leuchtendes-katana-muichiro\/","og_locale":"de_DE","og_type":"article","og_title":"Katana lumineux Muichiro | RMC","og_description":"En exclusivit\u00e9 ! D\u00e9couvrez le Katana lumineux de Muichiro Tokito dans Demon Slayer. Lame en m\u00e9tal et ABS leds. Fonctionne avec deux piles.","og_url":"https:\/\/repliquemangacine.fr\/de\/leuchtendes-katana-demon-slayer\/leuchtendes-katana-muichiro\/","og_site_name":"R\u00e9plique Manga Cin\u00e9","article_publisher":"https:\/\/www.facebook.com\/RepliqueMangaCine","article_modified_time":"2026-04-19T19:38:05+00:00","og_image":[{"width":500,"height":500,"url":"https:\/\/repliquemangacine.fr\/wp-content\/uploads\/2024\/10\/katana-with-led-lighting-zs655gd.jpg","type":"image\/jpeg"}],"twitter_card":"summary_large_image","twitter_misc":{"Gesch\u00e4tzte Lesezeit":"3\u00a0Minuten"},"schema":{"@context":"https:\/\/schema.org","@graph":[{"@type":"WebPage","@id":"https:\/\/repliquemangacine.fr\/katana-lumineux-demon-slayer\/katana-lumineux-muichiro\/","url":"https:\/\/repliquemangacine.fr\/katana-lumineux-demon-slayer\/katana-lumineux-muichiro\/","name":"Muichiro Light Katana | RMC","isPartOf":{"@id":"https:\/\/repliquemangacine.fr\/#website"},"primaryImageOfPage":{"@id":"https:\/\/repliquemangacine.fr\/katana-lumineux-demon-slayer\/katana-lumineux-muichiro\/#primaryimage"},"image":{"@id":"https:\/\/repliquemangacine.fr\/katana-lumineux-demon-slayer\/katana-lumineux-muichiro\/#primaryimage"},"thumbnailUrl":"https:\/\/repliquemangacine.fr\/wp-content\/uploads\/2024\/10\/katana-with-led-lighting-zs655gd.jpg","datePublished":"2024-10-09T16:26:13+00:00","dateModified":"2026-04-19T19:38:05+00:00","description":"Als exklusives Feature! Entdecken Sie das leuchtende Katana von Muichiro Tokito aus Demon Slayer. Klinge aus Metall und ABS Leds. Funktioniert mit zwei Batterien.","breadcrumb":{"@id":"https:\/\/repliquemangacine.fr\/katana-lumineux-demon-slayer\/katana-lumineux-muichiro\/#breadcrumb"},"inLanguage":"de","potentialAction":[{"@type":"ReadAction","target":["https:\/\/repliquemangacine.fr\/katana-lumineux-demon-slayer\/katana-lumineux-muichiro\/"]}]},{"@type":"ImageObject","inLanguage":"de","@id":"https:\/\/repliquemangacine.fr\/katana-lumineux-demon-slayer\/katana-lumineux-muichiro\/#primaryimage","url":"https:\/\/repliquemangacine.fr\/wp-content\/uploads\/2024\/10\/katana-with-led-lighting-zs655gd.jpg","contentUrl":"https:\/\/repliquemangacine.fr\/wp-content\/uploads\/2024\/10\/katana-with-led-lighting-zs655gd.jpg","width":500,"height":500,"caption":"Katana lumineux de Muichiro dans Demon Slayer"},{"@type":"BreadcrumbList","@id":"https:\/\/repliquemangacine.fr\/katana-lumineux-demon-slayer\/katana-lumineux-muichiro\/#breadcrumb","itemListElement":[{"@type":"ListItem","position":1,"name":"Accueil","item":"https:\/\/repliquemangacine.fr\/"},{"@type":"ListItem","position":2,"name":"Produits","item":"https:\/\/repliquemangacine.fr\/boutique\/"},{"@type":"ListItem","position":3,"name":"Katana lumineux Muichiro"}]},{"@type":"WebSite","@id":"https:\/\/repliquemangacine.fr\/#website","url":"https:\/\/repliquemangacine.fr\/","name":"R\u00e9plique Manga Cin\u00e9","description":"","publisher":{"@id":"https:\/\/repliquemangacine.fr\/#organization"},"potentialAction":[{"@type":"SearchAction","target":{"@type":"EntryPoint","urlTemplate":"https:\/\/repliquemangacine.fr\/?s={search_term_string}"},"query-input":{"@type":"PropertyValueSpecification","valueRequired":true,"valueName":"search_term_string"}}],"inLanguage":"de"},{"@type":"Organization","@id":"https:\/\/repliquemangacine.fr\/#organization","name":"R\u00e9plique Manga Cin\u00e9","url":"https:\/\/repliquemangacine.fr\/","logo":{"@type":"ImageObject","inLanguage":"de","@id":"https:\/\/repliquemangacine.fr\/#\/schema\/logo\/image\/","url":"https:\/\/repliquemangacine.fr\/wp-content\/uploads\/2023\/10\/RMC-500250.png","contentUrl":"https:\/\/repliquemangacine.fr\/wp-content\/uploads\/2023\/10\/RMC-500250.png","width":500,"height":250,"caption":"R\u00e9plique Manga Cin\u00e9"},"image":{"@id":"https:\/\/repliquemangacine.fr\/#\/schema\/logo\/image\/"},"sameAs":["https:\/\/www.facebook.com\/RepliqueMangaCine","https:\/\/www.instagram.com\/repliquemangacine.fr\/"]}]}},"_links":{"self":[{"href":"https:\/\/repliquemangacine.fr\/de\/wp-json\/wp\/v2\/product\/75186","targetHints":{"allow":["GET"]}}],"collection":[{"href":"https:\/\/repliquemangacine.fr\/de\/wp-json\/wp\/v2\/product"}],"about":[{"href":"https:\/\/repliquemangacine.fr\/de\/wp-json\/wp\/v2\/types\/product"}],"wp:featuredmedia":[{"embeddable":true,"href":"https:\/\/repliquemangacine.fr\/de\/wp-json\/wp\/v2\/media\/75187"}],"wp:attachment":[{"href":"https:\/\/repliquemangacine.fr\/de\/wp-json\/wp\/v2\/media?parent=75186"}],"wp:term":[{"taxonomy":"product_brand","embeddable":true,"href":"https:\/\/repliquemangacine.fr\/de\/wp-json\/wp\/v2\/product_brand?post=75186"},{"taxonomy":"product_cat","embeddable":true,"href":"https:\/\/repliquemangacine.fr\/de\/wp-json\/wp\/v2\/product_cat?post=75186"},{"taxonomy":"product_tag","embeddable":true,"href":"https:\/\/repliquemangacine.fr\/de\/wp-json\/wp\/v2\/product_tag?post=75186"}],"curies":[{"name":"wp","href":"https:\/\/api.w.org\/{rel}","templated":true}]}}