





{"id":74498,"date":"2024-09-11T17:31:14","date_gmt":"2024-09-11T15:31:14","guid":{"rendered":"https:\/\/repliquemangacine.fr\/?post_type=product&#038;p=74498"},"modified":"2025-11-17T21:59:12","modified_gmt":"2025-11-17T20:59:12","slug":"axt-von-turgut-alp-dirilis","status":"publish","type":"product","link":"https:\/\/repliquemangacine.fr\/de\/haches-de-guerre-medievale-et-accessoire-medievaux\/hache-de-turgut-alp-dirilis\/","title":{"rendered":"Axt von Turgut Alp - Dirilis"},"content":{"rendered":"<h2>Axt von Turgut Alp in der Dirilis-Serie.<\/h2>\n<p>Zu Beginn wird die <strong>Axt von Turgut Alp<\/strong>...die in der Geschichte als die st\u00e4rkste Axt der Welt galt. Einziger Krieger, der die Axt statt des Schwertes zu seiner Waffe machte. Turgut Alp wurde um 1200 geboren und starb um 1325 in \u0130neg\u00f6l. Er war einer der engsten Leutnants von<a href=\"https:\/\/fr.wikipedia.org\/wiki\/Ertu%C4%9Frul\" target=\"_blank\" rel=\"noopener noreferrer\">Ertu\u011frul<\/a>, der Vater von Osman I., dem Gr\u00fcnder des Osmanischen Reiches. Er wurde 125 Jahre alt und blieb bis zum Ende seines Lebens auf dem Schlachtfeld aktiv. Sein Grab befindet sich auf dem Friedhof des Dorfes Turgut Alp in \u0130neg\u00f6l in der T\u00fcrkei. Turguts Waffe, seine Axt, schm\u00fcckt heute das t\u00fcrkische Museum.<\/p>\n<p>Dirilis: Ertugul, t\u00fcrkische Fernsehserie, exportiert in 71 L\u00e4nder, blieb w\u00e4hrend ihrer f\u00fcnf Staffeln \u00e4u\u00dferst beliebt.<\/p>\n<p>Die erste Staffel der Serie handelt von den internen K\u00e4mpfen des Kayi-Stammes und auch von den K\u00e4mpfen gegen die Templer zu Beginn des 13. Jahrhunderts. Die zweite Staffel handelt vom Kampf des Kay\u0131-Stammes gegen die Mongolen in der Mitte des 13. Jahrhunderts. In der dritten Staffel k\u00e4mpfen sie unter dem Befehl von Ertu\u011frul Bey, der sich Mitte des 13. Jahrhunderts in S\u00f6\u011f\u00fct niedergelassen hat, gegen das Byzantinische Reich.<\/p>\n<p>Ab der vierten Staffel beginnt der Aufstieg des Osmanischen Reiches.<\/p>\n<h2>Ihre Turgut Alp Axt zum besten Preis!<\/h2>\n<p>Wir bieten Ihnen eine gro\u00dfe Auswahl an historischen Repliken, aber auch Repliken aus Ihren Lieblingsfilmen und -serien. R\u00e9plique Manga Cin\u00e9 ist bestrebt, Ihnen hochwertige Neuheiten f\u00fcr Ihre Sammlung anzubieten.<\/p>\n<p>Zun\u00e4chst einmal,<\/p>\n<ul>\n<li>S\u00e4bel und Schwerter aus dem 1\u1d49\u02b3 Empire, wie z. B. die<a href=\"https:\/\/repliquemangacine.fr\/de\/historische-waffen\/napoleonisches-zeremonialschwert\/\">Zeremonienschwert von Napoleon<\/a>.<\/li>\n<li>Es gibt auch den <a href=\"https:\/\/repliquemangacine.fr\/de\/antike-schwerter\/romisches-gladius-schwert-julius-cesar-rot\/\">Schwert von Julius C\u00e4sar<\/a> in mehreren Peplums gesehen.<\/li>\n<li>Sowie die<a href=\"https:\/\/repliquemangacine.fr\/de\/mittelalterliches-schwert-der-templer\/templer-schlagschwert\/\">Templer-Schlagschwert<\/a> mit seiner Lederscheide.<\/li>\n<li>Nicht zu vergessen die Schwerter der Wikingerkrieger, wie das<a href=\"https:\/\/repliquemangacine.fr\/de\/schwerter-tv-serie-vikings\/replik-des-schwertes-von-konig-ragnar-lothbrok-aus-der-tv-serie-vikings\/\">Ragnars Schwert<\/a> in der Serie Viking<\/li>\n<li>Und vieles mehr in unserem Online-Shop.<\/li>\n<\/ul>\n<p>Abschlie\u00dfend l\u00e4sst sich sagen, dass Sie diese Axt auch f\u00fcr Ihre Cosplay-Paraden oder historischen Reenactments verwenden k\u00f6nnen. Aber in erster Linie ist sie ein Sammler- und Dekorationsst\u00fcck.<\/p>\n<h2>Wie pflegt man die Klinge seiner Axt?<\/h2>\n<p>Sammlungs- und Dekorations\u00e4xte, die auf vereinfachte Weise hergestellt und zusammengesetzt werden. Da sie zu Dekorationszwecken verwendet werden, fehlen ihnen die Sicherheitselemente, die eine zum Schneiden bestimmte Axt aufweisen muss. Dennoch ist Ihre <strong>Axt von Turgut Alp<\/strong> zu einer Stahlklinge, die gepflegt werden muss, damit sie nicht mit der Zeit abgenutzt wird. Denn wenn du deine Waffe ausstellst, werden deine Freunde neugierig sein, die Klinge zu sehen und sie zu ber\u00fchren. Hier ist Vorsicht geboten, denn Sie m\u00fcssen wissen, dass die S\u00e4ure der Finger dem Stahl unabh\u00e4ngig von seiner Qualit\u00e4t sehr schadet. Wenn dies jedoch passiert, keine Panik, Sie brauchen nur ein Tuch, das mit etwas \u00d6l befeuchtet ist, und wischen die Fingerabdr\u00fccke ab. Wenn Sie dies tun, werden Sie Ihre Axt sehr lange behalten.<\/p>\n<p>&nbsp;<\/p>","protected":false},"excerpt":{"rendered":"<p>Wundersch\u00f6ne Replik der Axt von Turgut Alp, die im t\u00fcrkischen Museum ausgestellt ist und in der Serie \"Dirilis\" zu sehen ist.<\/p>\n<ul>\n<li>Axtkopf aus Stahl mit Gravur<\/li>\n<li>Holzgriff in Knochenform<\/li>\n<li>Kunstlederriemen am Griff f\u00fcr einen sicheren Halt.<\/li>\n<li>Wird mit seiner h\u00f6lzernen Wandhalterung geliefert<\/li>\n<li>Gesamtl\u00e4nge: 89 cm<\/li>\n<\/ul>","protected":false},"featured_media":74499,"template":"","meta":[],"product_brand":[],"product_cat":[66,92],"product_tag":[],"class_list":{"0":"post-74498","1":"product","2":"type-product","3":"status-publish","4":"has-post-thumbnail","6":"product_cat-repliques-d-armes-films-et-series","7":"product_cat-haches-de-guerre-medievale-et-accessoire-medievaux","9":"first","10":"instock","11":"taxable","12":"shipping-taxable","13":"purchasable","14":"product-type-simple"},"yoast_head":"<!-- This site is optimized with the Yoast SEO plugin v27.5 - https:\/\/yoast.com\/product\/yoast-seo-wordpress\/ -->\n<title>Hache de Turgut Alp - Dirilis - R\u00e9plique Manga Cin\u00e9<\/title>\n<meta name=\"description\" content=\"Venez d\u00e9couvrir cette magnifique Hache de Turgut Alp, une reproduction \u00e0 l&#039;identique de l&#039;original. T\u00eate de hache en acier. Manche en bois. 89 cm\" \/>\n<meta name=\"robots\" content=\"index, follow, max-snippet:-1, max-image-preview:large, max-video-preview:-1\" \/>\n<link rel=\"canonical\" href=\"https:\/\/repliquemangacine.fr\/de\/mittelalterliche-kriegsaxte-und-mittelalterliches-zubehor\/axt-von-turgut-alp-dirilis\/\" \/>\n<meta property=\"og:locale\" content=\"de_DE\" \/>\n<meta property=\"og:type\" content=\"article\" \/>\n<meta property=\"og:title\" content=\"Hache de Turgut Alp - Dirilis - R\u00e9plique Manga Cin\u00e9\" \/>\n<meta property=\"og:description\" content=\"Venez d\u00e9couvrir cette magnifique Hache de Turgut Alp, une reproduction \u00e0 l&#039;identique de l&#039;original. T\u00eate de hache en acier. Manche en bois. 89 cm\" \/>\n<meta property=\"og:url\" content=\"https:\/\/repliquemangacine.fr\/de\/mittelalterliche-kriegsaxte-und-mittelalterliches-zubehor\/axt-von-turgut-alp-dirilis\/\" \/>\n<meta property=\"og:site_name\" content=\"R\u00e9plique Manga Cin\u00e9\" \/>\n<meta property=\"article:publisher\" content=\"https:\/\/www.facebook.com\/RepliqueMangaCine\" \/>\n<meta property=\"article:modified_time\" content=\"2025-11-17T20:59:12+00:00\" \/>\n<meta property=\"og:image\" content=\"https:\/\/repliquemangacine.fr\/wp-content\/uploads\/2024\/09\/hache-Turgut-Alp-Dirilis.jpg\" \/>\n\t<meta property=\"og:image:width\" content=\"500\" \/>\n\t<meta property=\"og:image:height\" content=\"500\" \/>\n\t<meta property=\"og:image:type\" content=\"image\/jpeg\" \/>\n<meta name=\"twitter:card\" content=\"summary_large_image\" \/>\n<meta name=\"twitter:label1\" content=\"Gesch\u00e4tzte Lesezeit\" \/>\n\t<meta name=\"twitter:data1\" content=\"3\u00a0Minuten\" \/>\n<script type=\"application\/ld+json\" class=\"yoast-schema-graph\">{\"@context\":\"https:\\\/\\\/schema.org\",\"@graph\":[{\"@type\":\"WebPage\",\"@id\":\"https:\\\/\\\/repliquemangacine.fr\\\/haches-de-guerre-medievale-et-accessoire-medievaux\\\/hache-de-turgut-alp-dirilis\\\/\",\"url\":\"https:\\\/\\\/repliquemangacine.fr\\\/haches-de-guerre-medievale-et-accessoire-medievaux\\\/hache-de-turgut-alp-dirilis\\\/\",\"name\":\"Hache de Turgut Alp - Dirilis - R\u00e9plique Manga Cin\u00e9\",\"isPartOf\":{\"@id\":\"https:\\\/\\\/repliquemangacine.fr\\\/#website\"},\"primaryImageOfPage\":{\"@id\":\"https:\\\/\\\/repliquemangacine.fr\\\/haches-de-guerre-medievale-et-accessoire-medievaux\\\/hache-de-turgut-alp-dirilis\\\/#primaryimage\"},\"image\":{\"@id\":\"https:\\\/\\\/repliquemangacine.fr\\\/haches-de-guerre-medievale-et-accessoire-medievaux\\\/hache-de-turgut-alp-dirilis\\\/#primaryimage\"},\"thumbnailUrl\":\"https:\\\/\\\/repliquemangacine.fr\\\/wp-content\\\/uploads\\\/2024\\\/09\\\/hache-Turgut-Alp-Dirilis.jpg\",\"datePublished\":\"2024-09-11T15:31:14+00:00\",\"dateModified\":\"2025-11-17T20:59:12+00:00\",\"description\":\"Venez d\u00e9couvrir cette magnifique Hache de Turgut Alp, une reproduction \u00e0 l'identique de l'original. T\u00eate de hache en acier. Manche en bois. 89 cm\",\"breadcrumb\":{\"@id\":\"https:\\\/\\\/repliquemangacine.fr\\\/haches-de-guerre-medievale-et-accessoire-medievaux\\\/hache-de-turgut-alp-dirilis\\\/#breadcrumb\"},\"inLanguage\":\"de\",\"potentialAction\":[{\"@type\":\"ReadAction\",\"target\":[\"https:\\\/\\\/repliquemangacine.fr\\\/haches-de-guerre-medievale-et-accessoire-medievaux\\\/hache-de-turgut-alp-dirilis\\\/\"]}]},{\"@type\":\"ImageObject\",\"inLanguage\":\"de\",\"@id\":\"https:\\\/\\\/repliquemangacine.fr\\\/haches-de-guerre-medievale-et-accessoire-medievaux\\\/hache-de-turgut-alp-dirilis\\\/#primaryimage\",\"url\":\"https:\\\/\\\/repliquemangacine.fr\\\/wp-content\\\/uploads\\\/2024\\\/09\\\/hache-Turgut-Alp-Dirilis.jpg\",\"contentUrl\":\"https:\\\/\\\/repliquemangacine.fr\\\/wp-content\\\/uploads\\\/2024\\\/09\\\/hache-Turgut-Alp-Dirilis.jpg\",\"width\":500,\"height\":500,\"caption\":\"Hache de Turgut Alp\"},{\"@type\":\"BreadcrumbList\",\"@id\":\"https:\\\/\\\/repliquemangacine.fr\\\/haches-de-guerre-medievale-et-accessoire-medievaux\\\/hache-de-turgut-alp-dirilis\\\/#breadcrumb\",\"itemListElement\":[{\"@type\":\"ListItem\",\"position\":1,\"name\":\"Accueil\",\"item\":\"https:\\\/\\\/repliquemangacine.fr\\\/\"},{\"@type\":\"ListItem\",\"position\":2,\"name\":\"Produits\",\"item\":\"https:\\\/\\\/repliquemangacine.fr\\\/boutique\\\/\"},{\"@type\":\"ListItem\",\"position\":3,\"name\":\"Hache de Turgut Alp &#8211; Dirilis\"}]},{\"@type\":\"WebSite\",\"@id\":\"https:\\\/\\\/repliquemangacine.fr\\\/#website\",\"url\":\"https:\\\/\\\/repliquemangacine.fr\\\/\",\"name\":\"R\u00e9plique Manga Cin\u00e9\",\"description\":\"\",\"publisher\":{\"@id\":\"https:\\\/\\\/repliquemangacine.fr\\\/#organization\"},\"potentialAction\":[{\"@type\":\"SearchAction\",\"target\":{\"@type\":\"EntryPoint\",\"urlTemplate\":\"https:\\\/\\\/repliquemangacine.fr\\\/?s={search_term_string}\"},\"query-input\":{\"@type\":\"PropertyValueSpecification\",\"valueRequired\":true,\"valueName\":\"search_term_string\"}}],\"inLanguage\":\"de\"},{\"@type\":\"Organization\",\"@id\":\"https:\\\/\\\/repliquemangacine.fr\\\/#organization\",\"name\":\"R\u00e9plique Manga Cin\u00e9\",\"url\":\"https:\\\/\\\/repliquemangacine.fr\\\/\",\"logo\":{\"@type\":\"ImageObject\",\"inLanguage\":\"de\",\"@id\":\"https:\\\/\\\/repliquemangacine.fr\\\/#\\\/schema\\\/logo\\\/image\\\/\",\"url\":\"https:\\\/\\\/repliquemangacine.fr\\\/wp-content\\\/uploads\\\/2023\\\/10\\\/RMC-500250.png\",\"contentUrl\":\"https:\\\/\\\/repliquemangacine.fr\\\/wp-content\\\/uploads\\\/2023\\\/10\\\/RMC-500250.png\",\"width\":500,\"height\":250,\"caption\":\"R\u00e9plique Manga Cin\u00e9\"},\"image\":{\"@id\":\"https:\\\/\\\/repliquemangacine.fr\\\/#\\\/schema\\\/logo\\\/image\\\/\"},\"sameAs\":[\"https:\\\/\\\/www.facebook.com\\\/RepliqueMangaCine\",\"https:\\\/\\\/www.instagram.com\\\/repliquemangacine.fr\\\/\"]}]}<\/script>\n<!-- \/ Yoast SEO plugin. -->","yoast_head_json":{"title":"Axt von Turgut Alp - Dirilis - R\u00e9plique Manga Cin\u00e9","description":"Entdecken Sie diese wundersch\u00f6ne Axt von Turgut Alp, eine originalgetreue Nachbildung des Originals. Axtkopf aus Stahl. Stiel aus Holz. 89 cm","robots":{"index":"index","follow":"follow","max-snippet":"max-snippet:-1","max-image-preview":"max-image-preview:large","max-video-preview":"max-video-preview:-1"},"canonical":"https:\/\/repliquemangacine.fr\/de\/mittelalterliche-kriegsaxte-und-mittelalterliches-zubehor\/axt-von-turgut-alp-dirilis\/","og_locale":"de_DE","og_type":"article","og_title":"Hache de Turgut Alp - Dirilis - R\u00e9plique Manga Cin\u00e9","og_description":"Venez d\u00e9couvrir cette magnifique Hache de Turgut Alp, une reproduction \u00e0 l'identique de l'original. T\u00eate de hache en acier. Manche en bois. 89 cm","og_url":"https:\/\/repliquemangacine.fr\/de\/mittelalterliche-kriegsaxte-und-mittelalterliches-zubehor\/axt-von-turgut-alp-dirilis\/","og_site_name":"R\u00e9plique Manga Cin\u00e9","article_publisher":"https:\/\/www.facebook.com\/RepliqueMangaCine","article_modified_time":"2025-11-17T20:59:12+00:00","og_image":[{"width":500,"height":500,"url":"https:\/\/repliquemangacine.fr\/wp-content\/uploads\/2024\/09\/hache-Turgut-Alp-Dirilis.jpg","type":"image\/jpeg"}],"twitter_card":"summary_large_image","twitter_misc":{"Gesch\u00e4tzte Lesezeit":"3\u00a0Minuten"},"schema":{"@context":"https:\/\/schema.org","@graph":[{"@type":"WebPage","@id":"https:\/\/repliquemangacine.fr\/haches-de-guerre-medievale-et-accessoire-medievaux\/hache-de-turgut-alp-dirilis\/","url":"https:\/\/repliquemangacine.fr\/haches-de-guerre-medievale-et-accessoire-medievaux\/hache-de-turgut-alp-dirilis\/","name":"Axt von Turgut Alp - Dirilis - R\u00e9plique Manga Cin\u00e9","isPartOf":{"@id":"https:\/\/repliquemangacine.fr\/#website"},"primaryImageOfPage":{"@id":"https:\/\/repliquemangacine.fr\/haches-de-guerre-medievale-et-accessoire-medievaux\/hache-de-turgut-alp-dirilis\/#primaryimage"},"image":{"@id":"https:\/\/repliquemangacine.fr\/haches-de-guerre-medievale-et-accessoire-medievaux\/hache-de-turgut-alp-dirilis\/#primaryimage"},"thumbnailUrl":"https:\/\/repliquemangacine.fr\/wp-content\/uploads\/2024\/09\/hache-Turgut-Alp-Dirilis.jpg","datePublished":"2024-09-11T15:31:14+00:00","dateModified":"2025-11-17T20:59:12+00:00","description":"Entdecken Sie diese wundersch\u00f6ne Axt von Turgut Alp, eine originalgetreue Nachbildung des Originals. Axtkopf aus Stahl. Stiel aus Holz. 89 cm","breadcrumb":{"@id":"https:\/\/repliquemangacine.fr\/haches-de-guerre-medievale-et-accessoire-medievaux\/hache-de-turgut-alp-dirilis\/#breadcrumb"},"inLanguage":"de","potentialAction":[{"@type":"ReadAction","target":["https:\/\/repliquemangacine.fr\/haches-de-guerre-medievale-et-accessoire-medievaux\/hache-de-turgut-alp-dirilis\/"]}]},{"@type":"ImageObject","inLanguage":"de","@id":"https:\/\/repliquemangacine.fr\/haches-de-guerre-medievale-et-accessoire-medievaux\/hache-de-turgut-alp-dirilis\/#primaryimage","url":"https:\/\/repliquemangacine.fr\/wp-content\/uploads\/2024\/09\/hache-Turgut-Alp-Dirilis.jpg","contentUrl":"https:\/\/repliquemangacine.fr\/wp-content\/uploads\/2024\/09\/hache-Turgut-Alp-Dirilis.jpg","width":500,"height":500,"caption":"Hache de Turgut Alp"},{"@type":"BreadcrumbList","@id":"https:\/\/repliquemangacine.fr\/haches-de-guerre-medievale-et-accessoire-medievaux\/hache-de-turgut-alp-dirilis\/#breadcrumb","itemListElement":[{"@type":"ListItem","position":1,"name":"Accueil","item":"https:\/\/repliquemangacine.fr\/"},{"@type":"ListItem","position":2,"name":"Produits","item":"https:\/\/repliquemangacine.fr\/boutique\/"},{"@type":"ListItem","position":3,"name":"Hache de Turgut Alp &#8211; Dirilis"}]},{"@type":"WebSite","@id":"https:\/\/repliquemangacine.fr\/#website","url":"https:\/\/repliquemangacine.fr\/","name":"R\u00e9plique Manga Cin\u00e9","description":"","publisher":{"@id":"https:\/\/repliquemangacine.fr\/#organization"},"potentialAction":[{"@type":"SearchAction","target":{"@type":"EntryPoint","urlTemplate":"https:\/\/repliquemangacine.fr\/?s={search_term_string}"},"query-input":{"@type":"PropertyValueSpecification","valueRequired":true,"valueName":"search_term_string"}}],"inLanguage":"de"},{"@type":"Organization","@id":"https:\/\/repliquemangacine.fr\/#organization","name":"R\u00e9plique Manga Cin\u00e9","url":"https:\/\/repliquemangacine.fr\/","logo":{"@type":"ImageObject","inLanguage":"de","@id":"https:\/\/repliquemangacine.fr\/#\/schema\/logo\/image\/","url":"https:\/\/repliquemangacine.fr\/wp-content\/uploads\/2023\/10\/RMC-500250.png","contentUrl":"https:\/\/repliquemangacine.fr\/wp-content\/uploads\/2023\/10\/RMC-500250.png","width":500,"height":250,"caption":"R\u00e9plique Manga Cin\u00e9"},"image":{"@id":"https:\/\/repliquemangacine.fr\/#\/schema\/logo\/image\/"},"sameAs":["https:\/\/www.facebook.com\/RepliqueMangaCine","https:\/\/www.instagram.com\/repliquemangacine.fr\/"]}]}},"_links":{"self":[{"href":"https:\/\/repliquemangacine.fr\/de\/wp-json\/wp\/v2\/product\/74498","targetHints":{"allow":["GET"]}}],"collection":[{"href":"https:\/\/repliquemangacine.fr\/de\/wp-json\/wp\/v2\/product"}],"about":[{"href":"https:\/\/repliquemangacine.fr\/de\/wp-json\/wp\/v2\/types\/product"}],"wp:featuredmedia":[{"embeddable":true,"href":"https:\/\/repliquemangacine.fr\/de\/wp-json\/wp\/v2\/media\/74499"}],"wp:attachment":[{"href":"https:\/\/repliquemangacine.fr\/de\/wp-json\/wp\/v2\/media?parent=74498"}],"wp:term":[{"taxonomy":"product_brand","embeddable":true,"href":"https:\/\/repliquemangacine.fr\/de\/wp-json\/wp\/v2\/product_brand?post=74498"},{"taxonomy":"product_cat","embeddable":true,"href":"https:\/\/repliquemangacine.fr\/de\/wp-json\/wp\/v2\/product_cat?post=74498"},{"taxonomy":"product_tag","embeddable":true,"href":"https:\/\/repliquemangacine.fr\/de\/wp-json\/wp\/v2\/product_tag?post=74498"}],"curies":[{"name":"wp","href":"https:\/\/api.w.org\/{rel}","templated":true}]}}