





{"id":73198,"date":"2024-07-03T14:46:43","date_gmt":"2024-07-03T12:46:43","guid":{"rendered":"https:\/\/repliquemangacine.fr\/?post_type=product&#038;p=73198"},"modified":"2026-04-28T20:39:19","modified_gmt":"2026-04-28T18:39:19","slug":"frodon-epee-2","status":"publish","type":"product","link":"https:\/\/repliquemangacine.fr\/de\/epees-seigneur-des-anneaux\/epee-de-frodon-2\/","title":{"rendered":"Frodo Beutlins Schwert"},"content":{"rendered":"<h2>Frodo Beutlins Schwert: Geschichte und Eigenschaften<\/h2>\n<p>Zun\u00e4chst einmal das Schwert von Frodo Beutlin aus \"Der Herr der Ringe\", bekannt als \"Dard\" (oder \"Sting\"). Elbisches Schwert, das wahrscheinlich in Gondolin, einer alten Elbenstadt, geschmiedet wurde. Bilbo Beutlin entdeckt das Schwert zun\u00e4chst und tr\u00e4gt es w\u00e4hrend seiner Abenteuer in \"Der Hobbit\". Zu Beginn von \"Der Herr der Ringe\" vermacht er es dann Frodo. Als Bilbo das Auenland verl\u00e4sst, schenkt er Frodo Dart und symbolisiert damit die \u00dcbergabe der Fackel und das Vertrauen in seinen Neffen, die Mission erfolgreich zu beenden.<\/p>\n<p>Dard, ein Kurzschwert, das aufgrund seiner Gr\u00f6\u00dfe im Vergleich zu einem Hobbit oft als Dolch beschrieben wird. Es ist mit elbischen Runen verziert, die in einem blauen Licht leuchten, wenn sich Orks in der N\u00e4he befinden. Das macht sie \u00fcbrigens zu einer wertvollen Waffe f\u00fcr ihre Tr\u00e4ger, die sie vor drohender Gefahr warnt. Wie alle elfischen Waffen ist auch Dard aus einem extrem widerstandsf\u00e4higen und scharfen Material gefertigt. Es ist in der Lage, die Netze der Riesenspinnen des Schwarzwaldes zu durchtrennen.<\/p>\n<h2>Frodo Beutlins Schwert: Symbolik und Gebrauch<\/h2>\n<p>Zun\u00e4chst einmal symbolisiert Dard den Mut und die Entschlossenheit seiner Tr\u00e4ger, <a href=\"https:\/\/lotr.fandom.com\/fr\/wiki\/Bilbon_Sacquet\" target=\"_blank\" rel=\"noopener noreferrer\">Bilbo<\/a> und Frodo. Trotz ihrer geringen Gr\u00f6\u00dfe und ihrer mangelnden Kampferfahrung erweisen sie sich als f\u00e4hig, gro\u00dfe Herausforderungen zu meistern. Das Schwert steht auch f\u00fcr das Erbe von Bilbos Abenteuern, die von Generation zu Generation weitergegeben wurden. So wird die Kontinuit\u00e4t und der Kampf gegen die dunklen M\u00e4chte demonstriert.<\/p>\n<ul>\n<li>In \"Der Hobbit\": Bilbo benutzt Dard im Kampf gegen die Riesenspinnen im Schwarzwald und zur Verteidigung gegen verschiedene Feinde auf seiner Reise mit den Zwergen. Bemerkenswert ist, dass Bilbo das Schwert nach seinem ersten Kampf mit den Riesenspinnen, bei dem er es f\u00fcr besonders effektiv h\u00e4lt, \"Dard\" nennt.<\/li>\n<li>In \"Der Herr der Ringe\": Frodo tr\u00e4gt Dard w\u00e4hrend seiner Suche nach der Zerst\u00f6rung des Einen Rings. Das Schwert hilft ihm mehrmals, vor allem, indem es die Anwesenheit von Orks aufsp\u00fcrt und ihm hilft, sich zu verteidigen.<\/li>\n<\/ul>\n<p>Zusammenfassend l\u00e4sst sich sagen, dass das Schwert von Frodo, Dard zu einer der ikonischsten Waffen in der Literatur und im Film geworden ist. Dank seiner zentralen Rolle in den Werken von J.R.R. Tolkien und seiner Verfilmung durch Peter Jackson. Symbol f\u00fcr das Heldentum der Hobbits und ihre F\u00e4higkeit, das Schicksal der Welt trotz ihrer geringen Gr\u00f6\u00dfe und ihrer bescheidenen Herkunft zu ver\u00e4ndern.<\/p>\n<h2>Die ikonischen Schwerter aus der Herr der Ringe-Trilogie<\/h2>\n<p>Entdecken Sie unsere Sammlung ikonischer Schwerter aus der Trilogie \"Der Herr der Ringe\", die bei R\u00e9plique Manga Cin\u00e9 erh\u00e4ltlich sind. Zu unseren Glanzst\u00fccken geh\u00f6rt das<a href=\"https:\/\/repliquemangacine.fr\/de\/schwerter-und-dolche-die-ringe-der-macht\/anduril-epee-aragorn-herr-der-ringe\/\">Schwert Anduril<\/a> zeichnet sich durch seine legend\u00e4re Geschichte aus. Geschmiedet aus den Bruchst\u00fccken von Narsil, Elendils zerbrochenem Schwert, wird Anduril zur Waffe Aragorns. Symbol des wiedererlangten K\u00f6nigtums und der Hoffnung der Freien V\u00f6lker.<\/p>\n<p>Es gibt auch die <a href=\"https:\/\/repliquemangacine.fr\/de\/herr-der-ringe-schwerter\/sabel-legolas-der-herr-der-ringe\/\">Schwerter von Legolas<\/a>Diese leichten und eleganten Klingen spiegeln die Beweglichkeit des Elfenprinzen wider und sind ideal f\u00fcr Liebhaber von Elfenklingen. L'<a href=\"https:\/\/repliquemangacine.fr\/de\/herr-der-ringe-schwerter\/arwen-schwert-hadhafang-schwert\/\">Arwens Schwert<\/a>, genannt Hadhafang, verk\u00f6rpert die Sch\u00f6nheit und St\u00e4rke einer Elfenheldin und verleiht unserer Kollektion einen Hauch von Magie.<\/p>\n<p>L'<a href=\"https:\/\/repliquemangacine.fr\/de\/herr-der-ringe-schwerter\/boromirs-schwert\/\">Boromirs Schwert<\/a>Die starke und imposante Gestalt repr\u00e4sentiert den Mut und die Tapferkeit des Sohnes von Gondor. W\u00e4hrend der<a href=\"https:\/\/repliquemangacine.fr\/de\/herr-der-ringe-schwerter\/theoden-schwert-herugrim-schwert\/\">Schwert von K\u00f6nig Theoden<\/a> symbolisiert den Adel und die Pflicht des Herrschers von Rohan.<\/p>\n<p>F\u00fcr die Liebhaber der Dunkelheit bieten wir die <a href=\"https:\/\/repliquemangacine.fr\/de\/herr-der-ringe-schwerter\/nazgul-schwert-herr-der-ringe-schwarzes-reiterschwert\/\">Schwerter der Nazg\u00fbl<\/a> und die des Hexenk\u00f6nigs. Unheimlich und bedrohlich, perfekt f\u00fcr Sammler, die nach Repliken der dunklen M\u00e4chte lechzen. Abschlie\u00dfend sei gesagt, dass jedes Schwert mit au\u00dfergew\u00f6hnlicher Liebe zum Detail gefertigt wurde und eine Hommage an Tolkiens epische Welt darstellt.<\/p>\n<p>Erkunden Sie unseren R\u00e9plique Manga Cin\u00e9-Online-Shop und lassen Sie sich von diesen authentischen Repliken begeistern, die das Wesen der Legenden von Mittelerde einfangen.<\/p>","protected":false},"excerpt":{"rendered":"<p>Wundersch\u00f6ne Replik von Frodos Schwert aus der Trilogie \"Der Herr der Ringe\".<\/p>\n<ul>\n<li>Klinge aus rostfreiem Stahl mit Elfenbein-\u00c4tzung<\/li>\n<li>Griff aus Holzimitat<\/li>\n<li>Stahlgarde mit Elfenrunen<\/li>\n<li>Wird mit einer Wandhalterung aus Holz geliefert<\/li>\n<li>L\u00e4nge der Klinge: 53.5 cm - Gesamtl\u00e4nge: 74 cm<\/li>\n<li>Gewicht: 1051 gr<\/li>\n<\/ul>","protected":false},"featured_media":73200,"template":"","meta":[],"product_brand":[],"product_cat":[68,29],"product_tag":[],"class_list":{"0":"post-73198","1":"product","2":"type-product","3":"status-publish","4":"has-post-thumbnail","6":"product_cat-epees-seigneur-des-anneaux","7":"product_cat-le-seigneur-des-anneaux","9":"first","10":"instock","11":"taxable","12":"shipping-taxable","13":"purchasable","14":"product-type-simple"},"yoast_head":"<!-- This site is optimized with the Yoast SEO plugin v27.5 - https:\/\/yoast.com\/product\/yoast-seo-wordpress\/ -->\n<title>Ep\u00e9e de Frodon Sacquet - Le Seigneur des Anneaux | R\u00e9plique Manga Cin\u00e9<\/title>\n<meta name=\"description\" content=\"Superbe r\u00e9plique en taille r\u00e9elle de l&#039;Ep\u00e9e de Frodon Sacquet dans la trilogie Le Seigneur des Anneaux. Lame en acier grav\u00e9e. Support mural en bois - 74 cm\" \/>\n<meta name=\"robots\" content=\"index, follow, max-snippet:-1, max-image-preview:large, max-video-preview:-1\" \/>\n<link rel=\"canonical\" href=\"https:\/\/repliquemangacine.fr\/de\/herr-der-ringe-schwerter\/frodon-epee-2\/\" \/>\n<meta property=\"og:locale\" content=\"de_DE\" \/>\n<meta property=\"og:type\" content=\"article\" \/>\n<meta property=\"og:title\" content=\"Ep\u00e9e de Frodon Sacquet - Le Seigneur des Anneaux | R\u00e9plique Manga Cin\u00e9\" \/>\n<meta property=\"og:description\" content=\"Superbe r\u00e9plique en taille r\u00e9elle de l&#039;Ep\u00e9e de Frodon Sacquet dans la trilogie Le Seigneur des Anneaux. Lame en acier grav\u00e9e. Support mural en bois - 74 cm\" \/>\n<meta property=\"og:url\" content=\"https:\/\/repliquemangacine.fr\/de\/herr-der-ringe-schwerter\/frodon-epee-2\/\" \/>\n<meta property=\"og:site_name\" content=\"R\u00e9plique Manga Cin\u00e9\" \/>\n<meta property=\"article:publisher\" content=\"https:\/\/www.facebook.com\/RepliqueMangaCine\" \/>\n<meta property=\"article:modified_time\" content=\"2026-04-28T18:39:19+00:00\" \/>\n<meta property=\"og:image\" content=\"https:\/\/repliquemangacine.fr\/wp-content\/uploads\/2024\/07\/Epee-de-Frodon-Sacquet-sur-support.jpg\" \/>\n\t<meta property=\"og:image:width\" content=\"500\" \/>\n\t<meta property=\"og:image:height\" content=\"500\" \/>\n\t<meta property=\"og:image:type\" content=\"image\/jpeg\" \/>\n<meta name=\"twitter:card\" content=\"summary_large_image\" \/>\n<meta name=\"twitter:label1\" content=\"Gesch\u00e4tzte Lesezeit\" \/>\n\t<meta name=\"twitter:data1\" content=\"4\u00a0Minuten\" \/>\n<script type=\"application\/ld+json\" class=\"yoast-schema-graph\">{\"@context\":\"https:\\\/\\\/schema.org\",\"@graph\":[{\"@type\":\"WebPage\",\"@id\":\"https:\\\/\\\/repliquemangacine.fr\\\/epees-seigneur-des-anneaux\\\/epee-de-frodon-2\\\/\",\"url\":\"https:\\\/\\\/repliquemangacine.fr\\\/epees-seigneur-des-anneaux\\\/epee-de-frodon-2\\\/\",\"name\":\"Ep\u00e9e de Frodon Sacquet - Le Seigneur des Anneaux | R\u00e9plique Manga Cin\u00e9\",\"isPartOf\":{\"@id\":\"https:\\\/\\\/repliquemangacine.fr\\\/#website\"},\"primaryImageOfPage\":{\"@id\":\"https:\\\/\\\/repliquemangacine.fr\\\/epees-seigneur-des-anneaux\\\/epee-de-frodon-2\\\/#primaryimage\"},\"image\":{\"@id\":\"https:\\\/\\\/repliquemangacine.fr\\\/epees-seigneur-des-anneaux\\\/epee-de-frodon-2\\\/#primaryimage\"},\"thumbnailUrl\":\"https:\\\/\\\/repliquemangacine.fr\\\/wp-content\\\/uploads\\\/2024\\\/07\\\/Epee-de-Frodon-Sacquet-sur-support.jpg\",\"datePublished\":\"2024-07-03T12:46:43+00:00\",\"dateModified\":\"2026-04-28T18:39:19+00:00\",\"description\":\"Superbe r\u00e9plique en taille r\u00e9elle de l'Ep\u00e9e de Frodon Sacquet dans la trilogie Le Seigneur des Anneaux. Lame en acier grav\u00e9e. Support mural en bois - 74 cm\",\"breadcrumb\":{\"@id\":\"https:\\\/\\\/repliquemangacine.fr\\\/epees-seigneur-des-anneaux\\\/epee-de-frodon-2\\\/#breadcrumb\"},\"inLanguage\":\"de\",\"potentialAction\":[{\"@type\":\"ReadAction\",\"target\":[\"https:\\\/\\\/repliquemangacine.fr\\\/epees-seigneur-des-anneaux\\\/epee-de-frodon-2\\\/\"]}]},{\"@type\":\"ImageObject\",\"inLanguage\":\"de\",\"@id\":\"https:\\\/\\\/repliquemangacine.fr\\\/epees-seigneur-des-anneaux\\\/epee-de-frodon-2\\\/#primaryimage\",\"url\":\"https:\\\/\\\/repliquemangacine.fr\\\/wp-content\\\/uploads\\\/2024\\\/07\\\/Epee-de-Frodon-Sacquet-sur-support.jpg\",\"contentUrl\":\"https:\\\/\\\/repliquemangacine.fr\\\/wp-content\\\/uploads\\\/2024\\\/07\\\/Epee-de-Frodon-Sacquet-sur-support.jpg\",\"width\":500,\"height\":500,\"caption\":\"Ep\u00e9e-de-Frodon-Sacquet-sur-support\"},{\"@type\":\"BreadcrumbList\",\"@id\":\"https:\\\/\\\/repliquemangacine.fr\\\/epees-seigneur-des-anneaux\\\/epee-de-frodon-2\\\/#breadcrumb\",\"itemListElement\":[{\"@type\":\"ListItem\",\"position\":1,\"name\":\"Accueil\",\"item\":\"https:\\\/\\\/repliquemangacine.fr\\\/\"},{\"@type\":\"ListItem\",\"position\":2,\"name\":\"Produits\",\"item\":\"https:\\\/\\\/repliquemangacine.fr\\\/boutique\\\/\"},{\"@type\":\"ListItem\",\"position\":3,\"name\":\"Ep\u00e9e de Frodon Sacquet\"}]},{\"@type\":\"WebSite\",\"@id\":\"https:\\\/\\\/repliquemangacine.fr\\\/#website\",\"url\":\"https:\\\/\\\/repliquemangacine.fr\\\/\",\"name\":\"R\u00e9plique Manga Cin\u00e9\",\"description\":\"\",\"publisher\":{\"@id\":\"https:\\\/\\\/repliquemangacine.fr\\\/#organization\"},\"potentialAction\":[{\"@type\":\"SearchAction\",\"target\":{\"@type\":\"EntryPoint\",\"urlTemplate\":\"https:\\\/\\\/repliquemangacine.fr\\\/?s={search_term_string}\"},\"query-input\":{\"@type\":\"PropertyValueSpecification\",\"valueRequired\":true,\"valueName\":\"search_term_string\"}}],\"inLanguage\":\"de\"},{\"@type\":\"Organization\",\"@id\":\"https:\\\/\\\/repliquemangacine.fr\\\/#organization\",\"name\":\"R\u00e9plique Manga Cin\u00e9\",\"url\":\"https:\\\/\\\/repliquemangacine.fr\\\/\",\"logo\":{\"@type\":\"ImageObject\",\"inLanguage\":\"de\",\"@id\":\"https:\\\/\\\/repliquemangacine.fr\\\/#\\\/schema\\\/logo\\\/image\\\/\",\"url\":\"https:\\\/\\\/repliquemangacine.fr\\\/wp-content\\\/uploads\\\/2023\\\/10\\\/RMC-500250.png\",\"contentUrl\":\"https:\\\/\\\/repliquemangacine.fr\\\/wp-content\\\/uploads\\\/2023\\\/10\\\/RMC-500250.png\",\"width\":500,\"height\":250,\"caption\":\"R\u00e9plique Manga Cin\u00e9\"},\"image\":{\"@id\":\"https:\\\/\\\/repliquemangacine.fr\\\/#\\\/schema\\\/logo\\\/image\\\/\"},\"sameAs\":[\"https:\\\/\\\/www.facebook.com\\\/RepliqueMangaCine\",\"https:\\\/\\\/www.instagram.com\\\/repliquemangacine.fr\\\/\"]}]}<\/script>\n<!-- \/ Yoast SEO plugin. -->","yoast_head_json":{"title":"Frodo Beutlins Schwert - Der Herr der Ringe | R\u00e9plique Manga Cin\u00e9","description":"Wundersch\u00f6ne Replik in Originalgr\u00f6\u00dfe des Schwerts von Frodo Beutlin aus der Trilogie \"Der Herr der Ringe\". Klinge aus Stahl mit Gravur. Wandhalterung aus Holz - 74 cm","robots":{"index":"index","follow":"follow","max-snippet":"max-snippet:-1","max-image-preview":"max-image-preview:large","max-video-preview":"max-video-preview:-1"},"canonical":"https:\/\/repliquemangacine.fr\/de\/herr-der-ringe-schwerter\/frodon-epee-2\/","og_locale":"de_DE","og_type":"article","og_title":"Ep\u00e9e de Frodon Sacquet - Le Seigneur des Anneaux | R\u00e9plique Manga Cin\u00e9","og_description":"Superbe r\u00e9plique en taille r\u00e9elle de l'Ep\u00e9e de Frodon Sacquet dans la trilogie Le Seigneur des Anneaux. Lame en acier grav\u00e9e. Support mural en bois - 74 cm","og_url":"https:\/\/repliquemangacine.fr\/de\/herr-der-ringe-schwerter\/frodon-epee-2\/","og_site_name":"R\u00e9plique Manga Cin\u00e9","article_publisher":"https:\/\/www.facebook.com\/RepliqueMangaCine","article_modified_time":"2026-04-28T18:39:19+00:00","og_image":[{"width":500,"height":500,"url":"https:\/\/repliquemangacine.fr\/wp-content\/uploads\/2024\/07\/Epee-de-Frodon-Sacquet-sur-support.jpg","type":"image\/jpeg"}],"twitter_card":"summary_large_image","twitter_misc":{"Gesch\u00e4tzte Lesezeit":"4\u00a0Minuten"},"schema":{"@context":"https:\/\/schema.org","@graph":[{"@type":"WebPage","@id":"https:\/\/repliquemangacine.fr\/epees-seigneur-des-anneaux\/epee-de-frodon-2\/","url":"https:\/\/repliquemangacine.fr\/epees-seigneur-des-anneaux\/epee-de-frodon-2\/","name":"Frodo Beutlins Schwert - Der Herr der Ringe | R\u00e9plique Manga Cin\u00e9","isPartOf":{"@id":"https:\/\/repliquemangacine.fr\/#website"},"primaryImageOfPage":{"@id":"https:\/\/repliquemangacine.fr\/epees-seigneur-des-anneaux\/epee-de-frodon-2\/#primaryimage"},"image":{"@id":"https:\/\/repliquemangacine.fr\/epees-seigneur-des-anneaux\/epee-de-frodon-2\/#primaryimage"},"thumbnailUrl":"https:\/\/repliquemangacine.fr\/wp-content\/uploads\/2024\/07\/Epee-de-Frodon-Sacquet-sur-support.jpg","datePublished":"2024-07-03T12:46:43+00:00","dateModified":"2026-04-28T18:39:19+00:00","description":"Wundersch\u00f6ne Replik in Originalgr\u00f6\u00dfe des Schwerts von Frodo Beutlin aus der Trilogie \"Der Herr der Ringe\". Klinge aus Stahl mit Gravur. Wandhalterung aus Holz - 74 cm","breadcrumb":{"@id":"https:\/\/repliquemangacine.fr\/epees-seigneur-des-anneaux\/epee-de-frodon-2\/#breadcrumb"},"inLanguage":"de","potentialAction":[{"@type":"ReadAction","target":["https:\/\/repliquemangacine.fr\/epees-seigneur-des-anneaux\/epee-de-frodon-2\/"]}]},{"@type":"ImageObject","inLanguage":"de","@id":"https:\/\/repliquemangacine.fr\/epees-seigneur-des-anneaux\/epee-de-frodon-2\/#primaryimage","url":"https:\/\/repliquemangacine.fr\/wp-content\/uploads\/2024\/07\/Epee-de-Frodon-Sacquet-sur-support.jpg","contentUrl":"https:\/\/repliquemangacine.fr\/wp-content\/uploads\/2024\/07\/Epee-de-Frodon-Sacquet-sur-support.jpg","width":500,"height":500,"caption":"Ep\u00e9e-de-Frodon-Sacquet-sur-support"},{"@type":"BreadcrumbList","@id":"https:\/\/repliquemangacine.fr\/epees-seigneur-des-anneaux\/epee-de-frodon-2\/#breadcrumb","itemListElement":[{"@type":"ListItem","position":1,"name":"Accueil","item":"https:\/\/repliquemangacine.fr\/"},{"@type":"ListItem","position":2,"name":"Produits","item":"https:\/\/repliquemangacine.fr\/boutique\/"},{"@type":"ListItem","position":3,"name":"Ep\u00e9e de Frodon Sacquet"}]},{"@type":"WebSite","@id":"https:\/\/repliquemangacine.fr\/#website","url":"https:\/\/repliquemangacine.fr\/","name":"R\u00e9plique Manga Cin\u00e9","description":"","publisher":{"@id":"https:\/\/repliquemangacine.fr\/#organization"},"potentialAction":[{"@type":"SearchAction","target":{"@type":"EntryPoint","urlTemplate":"https:\/\/repliquemangacine.fr\/?s={search_term_string}"},"query-input":{"@type":"PropertyValueSpecification","valueRequired":true,"valueName":"search_term_string"}}],"inLanguage":"de"},{"@type":"Organization","@id":"https:\/\/repliquemangacine.fr\/#organization","name":"R\u00e9plique Manga Cin\u00e9","url":"https:\/\/repliquemangacine.fr\/","logo":{"@type":"ImageObject","inLanguage":"de","@id":"https:\/\/repliquemangacine.fr\/#\/schema\/logo\/image\/","url":"https:\/\/repliquemangacine.fr\/wp-content\/uploads\/2023\/10\/RMC-500250.png","contentUrl":"https:\/\/repliquemangacine.fr\/wp-content\/uploads\/2023\/10\/RMC-500250.png","width":500,"height":250,"caption":"R\u00e9plique Manga Cin\u00e9"},"image":{"@id":"https:\/\/repliquemangacine.fr\/#\/schema\/logo\/image\/"},"sameAs":["https:\/\/www.facebook.com\/RepliqueMangaCine","https:\/\/www.instagram.com\/repliquemangacine.fr\/"]}]}},"_links":{"self":[{"href":"https:\/\/repliquemangacine.fr\/de\/wp-json\/wp\/v2\/product\/73198","targetHints":{"allow":["GET"]}}],"collection":[{"href":"https:\/\/repliquemangacine.fr\/de\/wp-json\/wp\/v2\/product"}],"about":[{"href":"https:\/\/repliquemangacine.fr\/de\/wp-json\/wp\/v2\/types\/product"}],"wp:featuredmedia":[{"embeddable":true,"href":"https:\/\/repliquemangacine.fr\/de\/wp-json\/wp\/v2\/media\/73200"}],"wp:attachment":[{"href":"https:\/\/repliquemangacine.fr\/de\/wp-json\/wp\/v2\/media?parent=73198"}],"wp:term":[{"taxonomy":"product_brand","embeddable":true,"href":"https:\/\/repliquemangacine.fr\/de\/wp-json\/wp\/v2\/product_brand?post=73198"},{"taxonomy":"product_cat","embeddable":true,"href":"https:\/\/repliquemangacine.fr\/de\/wp-json\/wp\/v2\/product_cat?post=73198"},{"taxonomy":"product_tag","embeddable":true,"href":"https:\/\/repliquemangacine.fr\/de\/wp-json\/wp\/v2\/product_tag?post=73198"}],"curies":[{"name":"wp","href":"https:\/\/api.w.org\/{rel}","templated":true}]}}