





{"id":72827,"date":"2024-06-16T18:20:16","date_gmt":"2024-06-16T16:20:16","guid":{"rendered":"https:\/\/repliquemangacine.fr\/?post_type=product&#038;p=72827"},"modified":"2025-12-27T11:36:29","modified_gmt":"2025-12-27T10:36:29","slug":"krummsabel-uruk-hai-der-herr-der-ringe","status":"publish","type":"product","link":"https:\/\/repliquemangacine.fr\/de\/le-seigneur-des-anneaux\/cimeterre-uruk-hai-le-seigneur-des-anneaux\/","title":{"rendered":"Uruk-Hai-Streitkolben - Der Herr der Ringe"},"content":{"rendered":"<h2>Uruk-Hai-Streitkolben: Verwendung im Kampf<\/h2>\n<p>An erster Stelle steht der Krumms\u00e4bel der Uruk-Hai aus der Trilogie Der Herr der Ringe, eine einsch\u00fcchternde Waffe. Die Klingen mit ihren gebogenen Spitzen spiegeln die wilde und gnadenlose Natur der Uruk-Hai wider. Es muss betont werden, dass diese Macheten nicht nur Waffen sind, sondern auch Symbole des Schreckens, den sie bei ihren Feinden ausl\u00f6sen. Ihre unverwechselbare Silhouette ist auf dem Schlachtfeld erkennbar und gef\u00fcrchtet.<\/p>\n<p>Die Waffe eignet sich besonders f\u00fcr Brute-Force-Angriffe, mit denen Schilde zerbrochen und dem Gegner schwere Verletzungen zugef\u00fcgt werden k\u00f6nnen. Sie eignet sich auch f\u00fcr eine Vielzahl von Kampftechniken, darunter kr\u00e4ftige Hiebe und schnelle Angriffe. Dank ihrer Konstruktion k\u00f6nnen die Uruk-Hai verschiedene Arten von Feinden effektiv bek\u00e4mpfen.<\/p>\n<p>Zusammenfassend l\u00e4sst sich sagen, dass die Verwendung dieser Krumms\u00e4bel zur einzigartigen Identit\u00e4t der Uruk-Hai als Elitesoldaten unter den Orks beitr\u00e4gt, die sich durch ihre \u00fcberlegene Ausr\u00fcstung und Disziplin auszeichnen.<\/p>\n<h2>Uruk-Hai-Simes: Wilde Orks<\/h2>\n<p>Zun\u00e4chst einmal die Uruk-Hai, eine Rasse furchterregender und m\u00e4chtiger Orks, die von Saruman in der Trilogie \"Der Herr der Ringe\" erschaffen wurden. Bekannt f\u00fcr ihre rohe Kraft, ihre Ausdauer und ihre Wildheit. Gef\u00fcrchtete Krieger, die eine entscheidende Rolle im Krieg um den Ring spielen. Erstellt von <a href=\"https:\/\/lotr.fandom.com\/fr\/wiki\/Saroumane\" target=\"_blank\" rel=\"noopener noreferrer\">Saruman<\/a> durch Kreuzung von Orks mit Menschen. Dadurch sind sie gr\u00f6\u00dfer, st\u00e4rker und widerstandsf\u00e4higer als gew\u00f6hnliche Orks. Im Gegensatz zu gew\u00f6hnlichen Orks k\u00f6nnen Uruk-Hai das Tageslicht vertragen, ohne geschw\u00e4cht zu werden. Dadurch k\u00f6nnen sie zu jeder Tageszeit Angriffe durchf\u00fchren.<\/p>\n<p>Die Uruk-Hai spielen eine zentrale Rolle in Sarumans Bestrebungen, die Gemeinschaft des Rings zu zerst\u00f6ren und das K\u00f6nigreich Rohan zu erobern. Sie sind f\u00fcr mehrere Schl\u00fcsselereignisse in der Trilogie verantwortlich:<\/p>\n<ul>\n<li><strong>Gefangennahme von Merry und Pippin<\/strong> : Die Uruk-Hai nehmen Merry und Pippin w\u00e4hrend der Schlacht von Amon Hen gefangen, weil sie glauben, dass einer von ihnen der Ringtr\u00e4ger ist.<\/li>\n<li><strong>Schlacht um Helms Klamm<\/strong> Sie f\u00fchren den Angriff auf die Festung Helms Klamm an und gef\u00e4hrden damit das \u00dcberleben des Volkes von Rohan.<\/li>\n<\/ul>\n<p>Zusammenfassend l\u00e4sst sich sagen, dass die Uruk-Hai die durch das B\u00f6se verursachte Korruption und Degradierung in Tolkiens Universum symbolisieren. Ihre Erschaffung durch Saruman stellt einen Verrat an der Natur und einen Missbrauch der Macht dar. Damit wird gezeigt, wie der Wunsch nach Herrschaft zu Perversion f\u00fchren kann.<\/p>\n<h2>Entdecken Sie unsere Sammlung von Herr der Ringe-Schwertern<\/h2>\n<p>Tauchen Sie mit unserer exklusiven Sammlung von Repliken der ikonischen Schwerter aus der Saga in die epische Welt von \"Der Herr der Ringe\" ein.<\/p>\n<ol>\n<li>Zun\u00e4chst einmal, <a href=\"https:\/\/repliquemangacine.fr\/de\/schwerter-und-dolche-die-ringe-der-macht\/anduril-epee-aragorn-herr-der-ringe\/\">And\u00faril<\/a>Die Flamme des Westens, Aragorns legend\u00e4res Schwert, das aus Narsils Fragmenten geschmiedet wurde.<\/li>\n<li>Sp\u00fcren Sie dann die Kraft der<a href=\"https:\/\/repliquemangacine.fr\/de\/herr-der-ringe-schwerter\/nazgul-schwert-herr-der-ringe-schwarzes-reiterschwert\/\"> Nazg\u00fbls<\/a> mit ihrem dunklen, bedrohlichen Schwert, das ein Symbol f\u00fcr den Schrecken ist, den sie verbreiten.<\/li>\n<li>Es gibt auch <a href=\"https:\/\/repliquemangacine.fr\/de\/schwerter-the-hobbit\/gandalf-schwert-glamdring-der-herr-der-ringe\/\">Glamdring, das Schwert von Gandalf<\/a>Der Zauberer verwendet es in entscheidenden Schlachten.<\/li>\n<li>Manipulieren Sie die <a href=\"https:\/\/repliquemangacine.fr\/de\/herr-der-ringe-schwerter\/sabel-legolas-der-herr-der-ringe\/\">elegante Schwerter von Legolas<\/a>Diese B\u00fccher sind ideal f\u00fcr Fans des ber\u00fchmten Elfen Sylvain.<\/li>\n<li>Und, noch viel mehr in unserem Shop zu entdecken.<\/li>\n<\/ol>\n<p>Jedes Replikat wird mit au\u00dfergew\u00f6hnlicher Pr\u00e4zision und Liebe zum Detail gefertigt. Diese Schwerter sind ideal f\u00fcr Sammler und Tolkien-Liebhaber. Sie sind die perfekten Sammlerst\u00fccke, um das epische Erbe Mittelerdes zu ehren.<\/p>","protected":false},"excerpt":{"rendered":"<p>Absolut gro\u00dfartig diese Scimitar-Machete der Uruk-Hai in der Trilogie \"Der Herr der Ringe\".<\/p>\n<ul>\n<li>Aus einem St\u00fcck gefertigt (Full Tang Construction)<\/li>\n<li>Kunstleder formt den Griff f\u00fcr einen guten Halt<\/li>\n<li>Wird mit einer Scheide geliefert<\/li>\n<li>Pr\u00e4sentationsholzst\u00e4nder<\/li>\n<li>Gesamtl\u00e4nge: 64 cm<\/li>\n<\/ul>","protected":false},"featured_media":72830,"template":"","meta":[],"product_brand":[],"product_cat":[68,29],"product_tag":[],"class_list":{"0":"post-72827","1":"product","2":"type-product","3":"status-publish","4":"has-post-thumbnail","6":"product_cat-epees-seigneur-des-anneaux","7":"product_cat-le-seigneur-des-anneaux","9":"first","10":"instock","11":"taxable","12":"shipping-taxable","13":"purchasable","14":"product-type-simple"},"yoast_head":"<!-- This site is optimized with the Yoast SEO plugin v27.5 - https:\/\/yoast.com\/product\/yoast-seo-wordpress\/ -->\n<title>Cimeterre Uruk-Hai - Le Seigneur des Anneaux - R\u00e9plique Manga Cin\u00e9<\/title>\n<meta name=\"description\" content=\"D\u00e9couvrez ce superbe Cimeterre Uruk-Hai dans la trilogie Le Seigneur des Anneaux. En acier et Full Tang Construction. Poign\u00e9e simili. Fourreau. 64 cm\" \/>\n<meta name=\"robots\" content=\"index, follow, max-snippet:-1, max-image-preview:large, max-video-preview:-1\" \/>\n<link rel=\"canonical\" href=\"https:\/\/repliquemangacine.fr\/de\/der-herr-der-ringe\/krummsabel-uruk-hai-der-herr-der-ringe\/\" \/>\n<meta property=\"og:locale\" content=\"de_DE\" \/>\n<meta property=\"og:type\" content=\"article\" \/>\n<meta property=\"og:title\" content=\"Cimeterre Uruk-Hai - Le Seigneur des Anneaux - R\u00e9plique Manga Cin\u00e9\" \/>\n<meta property=\"og:description\" content=\"D\u00e9couvrez ce superbe Cimeterre Uruk-Hai dans la trilogie Le Seigneur des Anneaux. En acier et Full Tang Construction. Poign\u00e9e simili. Fourreau. 64 cm\" \/>\n<meta property=\"og:url\" content=\"https:\/\/repliquemangacine.fr\/de\/der-herr-der-ringe\/krummsabel-uruk-hai-der-herr-der-ringe\/\" \/>\n<meta property=\"og:site_name\" content=\"R\u00e9plique Manga Cin\u00e9\" \/>\n<meta property=\"article:publisher\" content=\"https:\/\/www.facebook.com\/RepliqueMangaCine\" \/>\n<meta property=\"article:modified_time\" content=\"2025-12-27T10:36:29+00:00\" \/>\n<meta property=\"og:image\" content=\"https:\/\/repliquemangacine.fr\/wp-content\/uploads\/2024\/06\/epee-ukai.jpg\" \/>\n\t<meta property=\"og:image:width\" content=\"500\" \/>\n\t<meta property=\"og:image:height\" content=\"500\" \/>\n\t<meta property=\"og:image:type\" content=\"image\/jpeg\" \/>\n<meta name=\"twitter:card\" content=\"summary_large_image\" \/>\n<meta name=\"twitter:label1\" content=\"Gesch\u00e4tzte Lesezeit\" \/>\n\t<meta name=\"twitter:data1\" content=\"3\u00a0Minuten\" \/>\n<script type=\"application\/ld+json\" class=\"yoast-schema-graph\">{\"@context\":\"https:\\\/\\\/schema.org\",\"@graph\":[{\"@type\":\"WebPage\",\"@id\":\"https:\\\/\\\/repliquemangacine.fr\\\/le-seigneur-des-anneaux\\\/cimeterre-uruk-hai-le-seigneur-des-anneaux\\\/\",\"url\":\"https:\\\/\\\/repliquemangacine.fr\\\/le-seigneur-des-anneaux\\\/cimeterre-uruk-hai-le-seigneur-des-anneaux\\\/\",\"name\":\"Cimeterre Uruk-Hai - Le Seigneur des Anneaux - R\u00e9plique Manga Cin\u00e9\",\"isPartOf\":{\"@id\":\"https:\\\/\\\/repliquemangacine.fr\\\/#website\"},\"primaryImageOfPage\":{\"@id\":\"https:\\\/\\\/repliquemangacine.fr\\\/le-seigneur-des-anneaux\\\/cimeterre-uruk-hai-le-seigneur-des-anneaux\\\/#primaryimage\"},\"image\":{\"@id\":\"https:\\\/\\\/repliquemangacine.fr\\\/le-seigneur-des-anneaux\\\/cimeterre-uruk-hai-le-seigneur-des-anneaux\\\/#primaryimage\"},\"thumbnailUrl\":\"https:\\\/\\\/repliquemangacine.fr\\\/wp-content\\\/uploads\\\/2024\\\/06\\\/epee-ukai.jpg\",\"datePublished\":\"2024-06-16T16:20:16+00:00\",\"dateModified\":\"2025-12-27T10:36:29+00:00\",\"description\":\"D\u00e9couvrez ce superbe Cimeterre Uruk-Hai dans la trilogie Le Seigneur des Anneaux. En acier et Full Tang Construction. Poign\u00e9e simili. Fourreau. 64 cm\",\"breadcrumb\":{\"@id\":\"https:\\\/\\\/repliquemangacine.fr\\\/le-seigneur-des-anneaux\\\/cimeterre-uruk-hai-le-seigneur-des-anneaux\\\/#breadcrumb\"},\"inLanguage\":\"de\",\"potentialAction\":[{\"@type\":\"ReadAction\",\"target\":[\"https:\\\/\\\/repliquemangacine.fr\\\/le-seigneur-des-anneaux\\\/cimeterre-uruk-hai-le-seigneur-des-anneaux\\\/\"]}]},{\"@type\":\"ImageObject\",\"inLanguage\":\"de\",\"@id\":\"https:\\\/\\\/repliquemangacine.fr\\\/le-seigneur-des-anneaux\\\/cimeterre-uruk-hai-le-seigneur-des-anneaux\\\/#primaryimage\",\"url\":\"https:\\\/\\\/repliquemangacine.fr\\\/wp-content\\\/uploads\\\/2024\\\/06\\\/epee-ukai.jpg\",\"contentUrl\":\"https:\\\/\\\/repliquemangacine.fr\\\/wp-content\\\/uploads\\\/2024\\\/06\\\/epee-ukai.jpg\",\"width\":500,\"height\":500,\"caption\":\"Cimeterre Uruk-Hai avec fourreau et support\"},{\"@type\":\"BreadcrumbList\",\"@id\":\"https:\\\/\\\/repliquemangacine.fr\\\/le-seigneur-des-anneaux\\\/cimeterre-uruk-hai-le-seigneur-des-anneaux\\\/#breadcrumb\",\"itemListElement\":[{\"@type\":\"ListItem\",\"position\":1,\"name\":\"Accueil\",\"item\":\"https:\\\/\\\/repliquemangacine.fr\\\/\"},{\"@type\":\"ListItem\",\"position\":2,\"name\":\"Produits\",\"item\":\"https:\\\/\\\/repliquemangacine.fr\\\/boutique\\\/\"},{\"@type\":\"ListItem\",\"position\":3,\"name\":\"Cimeterre Uruk-Hai &#8211; Le Seigneur des Anneaux\"}]},{\"@type\":\"WebSite\",\"@id\":\"https:\\\/\\\/repliquemangacine.fr\\\/#website\",\"url\":\"https:\\\/\\\/repliquemangacine.fr\\\/\",\"name\":\"R\u00e9plique Manga Cin\u00e9\",\"description\":\"\",\"publisher\":{\"@id\":\"https:\\\/\\\/repliquemangacine.fr\\\/#organization\"},\"potentialAction\":[{\"@type\":\"SearchAction\",\"target\":{\"@type\":\"EntryPoint\",\"urlTemplate\":\"https:\\\/\\\/repliquemangacine.fr\\\/?s={search_term_string}\"},\"query-input\":{\"@type\":\"PropertyValueSpecification\",\"valueRequired\":true,\"valueName\":\"search_term_string\"}}],\"inLanguage\":\"de\"},{\"@type\":\"Organization\",\"@id\":\"https:\\\/\\\/repliquemangacine.fr\\\/#organization\",\"name\":\"R\u00e9plique Manga Cin\u00e9\",\"url\":\"https:\\\/\\\/repliquemangacine.fr\\\/\",\"logo\":{\"@type\":\"ImageObject\",\"inLanguage\":\"de\",\"@id\":\"https:\\\/\\\/repliquemangacine.fr\\\/#\\\/schema\\\/logo\\\/image\\\/\",\"url\":\"https:\\\/\\\/repliquemangacine.fr\\\/wp-content\\\/uploads\\\/2023\\\/10\\\/RMC-500250.png\",\"contentUrl\":\"https:\\\/\\\/repliquemangacine.fr\\\/wp-content\\\/uploads\\\/2023\\\/10\\\/RMC-500250.png\",\"width\":500,\"height\":250,\"caption\":\"R\u00e9plique Manga Cin\u00e9\"},\"image\":{\"@id\":\"https:\\\/\\\/repliquemangacine.fr\\\/#\\\/schema\\\/logo\\\/image\\\/\"},\"sameAs\":[\"https:\\\/\\\/www.facebook.com\\\/RepliqueMangaCine\",\"https:\\\/\\\/www.instagram.com\\\/repliquemangacine.fr\\\/\"]}]}<\/script>\n<!-- \/ Yoast SEO plugin. -->","yoast_head_json":{"title":"Uruk-Hai-Streitkolben - Der Herr der Ringe - R\u00e9plique Manga Cin\u00e9","description":"Entdecken Sie dieses gro\u00dfartige Uruk-Hai-Streitkolben aus der Trilogie \"Der Herr der Ringe\". Aus Stahl und Full Tang Construction. Griff aus Kunstleder. Scheide. 64 cm","robots":{"index":"index","follow":"follow","max-snippet":"max-snippet:-1","max-image-preview":"max-image-preview:large","max-video-preview":"max-video-preview:-1"},"canonical":"https:\/\/repliquemangacine.fr\/de\/der-herr-der-ringe\/krummsabel-uruk-hai-der-herr-der-ringe\/","og_locale":"de_DE","og_type":"article","og_title":"Cimeterre Uruk-Hai - Le Seigneur des Anneaux - R\u00e9plique Manga Cin\u00e9","og_description":"D\u00e9couvrez ce superbe Cimeterre Uruk-Hai dans la trilogie Le Seigneur des Anneaux. En acier et Full Tang Construction. Poign\u00e9e simili. Fourreau. 64 cm","og_url":"https:\/\/repliquemangacine.fr\/de\/der-herr-der-ringe\/krummsabel-uruk-hai-der-herr-der-ringe\/","og_site_name":"R\u00e9plique Manga Cin\u00e9","article_publisher":"https:\/\/www.facebook.com\/RepliqueMangaCine","article_modified_time":"2025-12-27T10:36:29+00:00","og_image":[{"width":500,"height":500,"url":"https:\/\/repliquemangacine.fr\/wp-content\/uploads\/2024\/06\/epee-ukai.jpg","type":"image\/jpeg"}],"twitter_card":"summary_large_image","twitter_misc":{"Gesch\u00e4tzte Lesezeit":"3\u00a0Minuten"},"schema":{"@context":"https:\/\/schema.org","@graph":[{"@type":"WebPage","@id":"https:\/\/repliquemangacine.fr\/le-seigneur-des-anneaux\/cimeterre-uruk-hai-le-seigneur-des-anneaux\/","url":"https:\/\/repliquemangacine.fr\/le-seigneur-des-anneaux\/cimeterre-uruk-hai-le-seigneur-des-anneaux\/","name":"Uruk-Hai-Streitkolben - Der Herr der Ringe - R\u00e9plique Manga Cin\u00e9","isPartOf":{"@id":"https:\/\/repliquemangacine.fr\/#website"},"primaryImageOfPage":{"@id":"https:\/\/repliquemangacine.fr\/le-seigneur-des-anneaux\/cimeterre-uruk-hai-le-seigneur-des-anneaux\/#primaryimage"},"image":{"@id":"https:\/\/repliquemangacine.fr\/le-seigneur-des-anneaux\/cimeterre-uruk-hai-le-seigneur-des-anneaux\/#primaryimage"},"thumbnailUrl":"https:\/\/repliquemangacine.fr\/wp-content\/uploads\/2024\/06\/epee-ukai.jpg","datePublished":"2024-06-16T16:20:16+00:00","dateModified":"2025-12-27T10:36:29+00:00","description":"Entdecken Sie dieses gro\u00dfartige Uruk-Hai-Streitkolben aus der Trilogie \"Der Herr der Ringe\". Aus Stahl und Full Tang Construction. Griff aus Kunstleder. Scheide. 64 cm","breadcrumb":{"@id":"https:\/\/repliquemangacine.fr\/le-seigneur-des-anneaux\/cimeterre-uruk-hai-le-seigneur-des-anneaux\/#breadcrumb"},"inLanguage":"de","potentialAction":[{"@type":"ReadAction","target":["https:\/\/repliquemangacine.fr\/le-seigneur-des-anneaux\/cimeterre-uruk-hai-le-seigneur-des-anneaux\/"]}]},{"@type":"ImageObject","inLanguage":"de","@id":"https:\/\/repliquemangacine.fr\/le-seigneur-des-anneaux\/cimeterre-uruk-hai-le-seigneur-des-anneaux\/#primaryimage","url":"https:\/\/repliquemangacine.fr\/wp-content\/uploads\/2024\/06\/epee-ukai.jpg","contentUrl":"https:\/\/repliquemangacine.fr\/wp-content\/uploads\/2024\/06\/epee-ukai.jpg","width":500,"height":500,"caption":"Cimeterre Uruk-Hai avec fourreau et support"},{"@type":"BreadcrumbList","@id":"https:\/\/repliquemangacine.fr\/le-seigneur-des-anneaux\/cimeterre-uruk-hai-le-seigneur-des-anneaux\/#breadcrumb","itemListElement":[{"@type":"ListItem","position":1,"name":"Accueil","item":"https:\/\/repliquemangacine.fr\/"},{"@type":"ListItem","position":2,"name":"Produits","item":"https:\/\/repliquemangacine.fr\/boutique\/"},{"@type":"ListItem","position":3,"name":"Cimeterre Uruk-Hai &#8211; Le Seigneur des Anneaux"}]},{"@type":"WebSite","@id":"https:\/\/repliquemangacine.fr\/#website","url":"https:\/\/repliquemangacine.fr\/","name":"R\u00e9plique Manga Cin\u00e9","description":"","publisher":{"@id":"https:\/\/repliquemangacine.fr\/#organization"},"potentialAction":[{"@type":"SearchAction","target":{"@type":"EntryPoint","urlTemplate":"https:\/\/repliquemangacine.fr\/?s={search_term_string}"},"query-input":{"@type":"PropertyValueSpecification","valueRequired":true,"valueName":"search_term_string"}}],"inLanguage":"de"},{"@type":"Organization","@id":"https:\/\/repliquemangacine.fr\/#organization","name":"R\u00e9plique Manga Cin\u00e9","url":"https:\/\/repliquemangacine.fr\/","logo":{"@type":"ImageObject","inLanguage":"de","@id":"https:\/\/repliquemangacine.fr\/#\/schema\/logo\/image\/","url":"https:\/\/repliquemangacine.fr\/wp-content\/uploads\/2023\/10\/RMC-500250.png","contentUrl":"https:\/\/repliquemangacine.fr\/wp-content\/uploads\/2023\/10\/RMC-500250.png","width":500,"height":250,"caption":"R\u00e9plique Manga Cin\u00e9"},"image":{"@id":"https:\/\/repliquemangacine.fr\/#\/schema\/logo\/image\/"},"sameAs":["https:\/\/www.facebook.com\/RepliqueMangaCine","https:\/\/www.instagram.com\/repliquemangacine.fr\/"]}]}},"_links":{"self":[{"href":"https:\/\/repliquemangacine.fr\/de\/wp-json\/wp\/v2\/product\/72827","targetHints":{"allow":["GET"]}}],"collection":[{"href":"https:\/\/repliquemangacine.fr\/de\/wp-json\/wp\/v2\/product"}],"about":[{"href":"https:\/\/repliquemangacine.fr\/de\/wp-json\/wp\/v2\/types\/product"}],"wp:featuredmedia":[{"embeddable":true,"href":"https:\/\/repliquemangacine.fr\/de\/wp-json\/wp\/v2\/media\/72830"}],"wp:attachment":[{"href":"https:\/\/repliquemangacine.fr\/de\/wp-json\/wp\/v2\/media?parent=72827"}],"wp:term":[{"taxonomy":"product_brand","embeddable":true,"href":"https:\/\/repliquemangacine.fr\/de\/wp-json\/wp\/v2\/product_brand?post=72827"},{"taxonomy":"product_cat","embeddable":true,"href":"https:\/\/repliquemangacine.fr\/de\/wp-json\/wp\/v2\/product_cat?post=72827"},{"taxonomy":"product_tag","embeddable":true,"href":"https:\/\/repliquemangacine.fr\/de\/wp-json\/wp\/v2\/product_tag?post=72827"}],"curies":[{"name":"wp","href":"https:\/\/api.w.org\/{rel}","templated":true}]}}