





{"id":72769,"date":"2024-06-14T14:17:32","date_gmt":"2024-06-14T12:17:32","guid":{"rendered":"https:\/\/repliquemangacine.fr\/?post_type=product&#038;p=72769"},"modified":"2026-02-18T16:07:50","modified_gmt":"2026-02-18T15:07:50","slug":"chaosschwerter-metal-god-of-war","status":"publish","type":"product","link":"https:\/\/repliquemangacine.fr\/de\/katana-et-epee-de-jeux-video-autre-jeux-video\/epees-du-chaos-metal-god-of-war\/","title":{"rendered":"Chaosschwerter Metall - God of War"},"content":{"rendered":"<h2>Die Schwerter des Chaos Metall: Replik in hoher Qualit\u00e4t<\/h2>\n<p>Tauchen Sie zun\u00e4chst mit den Chaos-Schwertern aus Metall in die Welt von God of War ein. Diese originalgetreuen Nachbildungen wurden mit viel Liebe zum Detail entworfen. Sie bieten sowohl Sicherheit als auch Realismus f\u00fcr Cosplayer und Rollenspiel-Fans.<\/p>\n<p>Kehren wir zun\u00e4chst zu den Urspr\u00fcngen zur\u00fcck. Bevor er Ares diente, war Kratos' Hauptwaffe sein Schwert. Unter der Herrschaft von Ares wurden die Klingen des Chaos zu Kratos' Hauptwaffen. Ein Geschenk von Ares als Zeichen der Unterwerfung. Es handelt sich im Wesentlichen um zwei Falchion-\u00e4hnliche Klingen an langen Ketten. Sie sind dauerhaft miteinander verschmolzen und brennen sich in die Unterarme des Tr\u00e4gers ein.<\/p>\n<p>Nachdem Kratos Ares get\u00f6tet hatte, ersetzte Athene sie durch ein Paar fast identischer Klingen, die Athenes Klingen genannt wurden. Dann ersetzte sie sie erneut in <a href=\"https:\/\/godofwar.fandom.com\/fr\/wiki\/Wiki_God_of_War\" target=\"_blank\" rel=\"noopener noreferrer\">God of War<\/a> III durch die sehr \u00e4hnlichen Klingen des Exils. Kratos zeigt, dass er alle seine Waffen beherrscht. Das bedeutet, dass er viele seiner Kampff\u00e4higkeiten von Ares und anderen G\u00f6ttern, dem alten Kriegsgott selbst, erlernt hat. Urspr\u00fcnglich hatte Kratos auch eine massive spartanische Armee unter seinem Kommando. Diese wurde sowohl vor als auch w\u00e4hrend seiner Knechtschaft unter Ares eingesetzt.<\/p>\n<h2>Die Schwerter des Chaos Metall: Verwendung im Kampf<\/h2>\n<ol>\n<li><strong>Bewegungen<\/strong> Erstens: Kratos setzt die Chaosschwerter mit einer beeindruckenden Fl\u00fcssigkeit ein. Schwingt und wirbelt die Klingen, um mehrere Gegner gleichzeitig anzugreifen. Die Ketten erm\u00f6glichen akrobatische Bewegungen und Fernangriffe.<\/li>\n<li><strong>Besondere Kr\u00e4fte<\/strong> : Schwerter k\u00f6nnen entz\u00fcndet werden und f\u00fcgen jedem Schlag Feuerschaden hinzu. Au\u00dferdem k\u00f6nnen sie die Verteidigung von Gegnern durchbrechen und mit bestimmten Umweltelementen interagieren, um R\u00e4tsel zu l\u00f6sen.<\/li>\n<li><strong>Entwicklung<\/strong> : Im Laufe der Spiele entwickeln sich die Chaosschwerter weiter, erlangen neue F\u00e4higkeiten und werden noch furchterregender. In God of War (2018) erh\u00e4lt Kratos diese Schwerter zur\u00fcck, nachdem er urspr\u00fcnglich die Leviathan-Axt benutzt hat, und zeigt damit eine pers\u00f6nliche und erz\u00e4hlerische Entwicklung.<\/li>\n<\/ol>\n<h2>Legend\u00e4re Waffen aus Videospielen : Originalgetreue Repliken<\/h2>\n<p>Tauchen Sie mit unserer au\u00dfergew\u00f6hnlichen Auswahl an Repliken ikonischer Waffen in die faszinierende Welt der Videospiele ein. Jedes St\u00fcck wird in m\u00fchevoller Kleinarbeit dem Vorbild aus dem Spiel nachempfunden. Das Ergebnis ist ein un\u00fcbertroffenes Ma\u00df an Detailgenauigkeit und Qualit\u00e4t.<\/p>\n<ul>\n<li>Entdecken Sie die<a href=\"https:\/\/repliquemangacine.fr\/de\/genshin-impact\/schwert-fredom-sworn-in-genshin-impact\/\">Schwert Fredom-Sworn<\/a> von Genshin Impact mit seiner makellosen Verarbeitung, die an die Abenteuer deines Lieblingscharakters erinnert.<\/li>\n<li>Es gibt auch den <a href=\"https:\/\/repliquemangacine.fr\/de\/katana-und-schwert-von-videospielen-andere-videospiele\/katana-blutiger-riviere\/\">Elden Rings Blutfluss-Katana<\/a>Das perfekte Replikat f\u00fcr Fans des Spiels und Sammler von Fantasy-Waffen.<\/li>\n<li>Sowie die <a href=\"https:\/\/repliquemangacine.fr\/de\/katana-und-schwert-von-videospielen-andere-videospiele\/axt-leviathan-von-kratos-god-of-war-ragnarok\/\">Kratos' Leviathan-Axt<\/a>aus God of War l\u00e4sst Sie die Macht des nordischen Kriegsgottes bei jedem Griff in die Hand sp\u00fcren.<\/li>\n<li>Schlie\u00dflich ist der <a href=\"https:\/\/repliquemangacine.fr\/de\/katana-und-schwert-von-videospielen-andere-videospiele\/schwert-von-sephiroth-masamune-192-cm\/\">Katana Sephiroth Masamune<\/a> von Final Fantasy VII ist ein Muss f\u00fcr alle Fans dieses zeitlosen Klassikers. Die lange, elegante Klinge verk\u00f6rpert die Macht und Mystik von Sephiroth.<\/li>\n<\/ul>\n<p>Fazit: F\u00fcgen Sie diese legend\u00e4ren Repliken Ihrer Sammlung hinzu und lassen Sie sich in die epischen Welten Ihrer Lieblingsvideospiele entf\u00fchren.<\/p>","protected":false},"excerpt":{"rendered":"<p>Wundersch\u00f6nes Set der beiden Chaosschwerter aus dem Videospiel God of War<\/p>\n<ul>\n<li>Klingen aus nicht scharfem Stahl mit Ideogramm<\/li>\n<li>Spielspezifisch geformter Metallschutz<\/li>\n<li>Metallkette, die die beiden Dolche verbindet<\/li>\n<li>Mit Leder \u00fcberzogener Griff<\/li>\n<li>Kommt mit seinem Holzst\u00e4nder mit dem Namen God Of War<\/li>\n<li>L\u00e4nge: 44 cm<\/li>\n<\/ul>","protected":false},"featured_media":72770,"template":"","meta":[],"product_brand":[],"product_cat":[985,67],"product_tag":[],"class_list":{"0":"post-72769","1":"product","2":"type-product","3":"status-publish","4":"has-post-thumbnail","6":"product_cat-replique-god-of-war","7":"product_cat-katana-et-epee-de-jeux-video-autre-jeux-video","9":"first","10":"instock","11":"taxable","12":"shipping-taxable","13":"purchasable","14":"product-type-simple"},"yoast_head":"<!-- This site is optimized with the Yoast SEO plugin v27.5 - https:\/\/yoast.com\/product\/yoast-seo-wordpress\/ -->\n<title>\u00c9p\u00e9es du Chaos m\u00e9tal - God of War - R\u00e9plique Manga Cin\u00e9<\/title>\n<meta name=\"description\" content=\"Venez d\u00e9couvrir les \u00c9p\u00e9es du Chaos m\u00e9tal du jeu vid\u00e9o God of War. Lame en m\u00e9tal de forme sp\u00e9cifique. Poign\u00e9e en cuir. Chaine reliant les deux \u00e9p\u00e9es. 44 cm\" \/>\n<meta name=\"robots\" content=\"index, follow, max-snippet:-1, max-image-preview:large, max-video-preview:-1\" \/>\n<link rel=\"canonical\" href=\"https:\/\/repliquemangacine.fr\/de\/katana-und-schwert-von-videospielen-andere-videospiele\/chaosschwerter-metal-god-of-war\/\" \/>\n<meta property=\"og:locale\" content=\"de_DE\" \/>\n<meta property=\"og:type\" content=\"article\" \/>\n<meta property=\"og:title\" content=\"\u00c9p\u00e9es du Chaos m\u00e9tal - God of War - R\u00e9plique Manga Cin\u00e9\" \/>\n<meta property=\"og:description\" content=\"Venez d\u00e9couvrir les \u00c9p\u00e9es du Chaos m\u00e9tal du jeu vid\u00e9o God of War. Lame en m\u00e9tal de forme sp\u00e9cifique. Poign\u00e9e en cuir. Chaine reliant les deux \u00e9p\u00e9es. 44 cm\" \/>\n<meta property=\"og:url\" content=\"https:\/\/repliquemangacine.fr\/de\/katana-und-schwert-von-videospielen-andere-videospiele\/chaosschwerter-metal-god-of-war\/\" \/>\n<meta property=\"og:site_name\" content=\"R\u00e9plique Manga Cin\u00e9\" \/>\n<meta property=\"article:publisher\" content=\"https:\/\/www.facebook.com\/RepliqueMangaCine\" \/>\n<meta property=\"article:modified_time\" content=\"2026-02-18T15:07:50+00:00\" \/>\n<meta property=\"og:image\" content=\"https:\/\/repliquemangacine.fr\/wp-content\/uploads\/2024\/06\/support-epee-chaos.jpg\" \/>\n\t<meta property=\"og:image:width\" content=\"500\" \/>\n\t<meta property=\"og:image:height\" content=\"500\" \/>\n\t<meta property=\"og:image:type\" content=\"image\/jpeg\" \/>\n<meta name=\"twitter:card\" content=\"summary_large_image\" \/>\n<meta name=\"twitter:label1\" content=\"Gesch\u00e4tzte Lesezeit\" \/>\n\t<meta name=\"twitter:data1\" content=\"3\u00a0Minuten\" \/>\n<script type=\"application\/ld+json\" class=\"yoast-schema-graph\">{\"@context\":\"https:\\\/\\\/schema.org\",\"@graph\":[{\"@type\":\"WebPage\",\"@id\":\"https:\\\/\\\/repliquemangacine.fr\\\/katana-et-epee-de-jeux-video-autre-jeux-video\\\/epees-du-chaos-metal-god-of-war\\\/\",\"url\":\"https:\\\/\\\/repliquemangacine.fr\\\/katana-et-epee-de-jeux-video-autre-jeux-video\\\/epees-du-chaos-metal-god-of-war\\\/\",\"name\":\"\u00c9p\u00e9es du Chaos m\u00e9tal - God of War - R\u00e9plique Manga Cin\u00e9\",\"isPartOf\":{\"@id\":\"https:\\\/\\\/repliquemangacine.fr\\\/#website\"},\"primaryImageOfPage\":{\"@id\":\"https:\\\/\\\/repliquemangacine.fr\\\/katana-et-epee-de-jeux-video-autre-jeux-video\\\/epees-du-chaos-metal-god-of-war\\\/#primaryimage\"},\"image\":{\"@id\":\"https:\\\/\\\/repliquemangacine.fr\\\/katana-et-epee-de-jeux-video-autre-jeux-video\\\/epees-du-chaos-metal-god-of-war\\\/#primaryimage\"},\"thumbnailUrl\":\"https:\\\/\\\/repliquemangacine.fr\\\/wp-content\\\/uploads\\\/2024\\\/06\\\/support-epee-chaos.jpg\",\"datePublished\":\"2024-06-14T12:17:32+00:00\",\"dateModified\":\"2026-02-18T15:07:50+00:00\",\"description\":\"Venez d\u00e9couvrir les \u00c9p\u00e9es du Chaos m\u00e9tal du jeu vid\u00e9o God of War. Lame en m\u00e9tal de forme sp\u00e9cifique. Poign\u00e9e en cuir. Chaine reliant les deux \u00e9p\u00e9es. 44 cm\",\"breadcrumb\":{\"@id\":\"https:\\\/\\\/repliquemangacine.fr\\\/katana-et-epee-de-jeux-video-autre-jeux-video\\\/epees-du-chaos-metal-god-of-war\\\/#breadcrumb\"},\"inLanguage\":\"de\",\"potentialAction\":[{\"@type\":\"ReadAction\",\"target\":[\"https:\\\/\\\/repliquemangacine.fr\\\/katana-et-epee-de-jeux-video-autre-jeux-video\\\/epees-du-chaos-metal-god-of-war\\\/\"]}]},{\"@type\":\"ImageObject\",\"inLanguage\":\"de\",\"@id\":\"https:\\\/\\\/repliquemangacine.fr\\\/katana-et-epee-de-jeux-video-autre-jeux-video\\\/epees-du-chaos-metal-god-of-war\\\/#primaryimage\",\"url\":\"https:\\\/\\\/repliquemangacine.fr\\\/wp-content\\\/uploads\\\/2024\\\/06\\\/support-epee-chaos.jpg\",\"contentUrl\":\"https:\\\/\\\/repliquemangacine.fr\\\/wp-content\\\/uploads\\\/2024\\\/06\\\/support-epee-chaos.jpg\",\"width\":500,\"height\":500,\"caption\":\"\u00c9p\u00e9es du Chaos en m\u00e9tal God of War\"},{\"@type\":\"BreadcrumbList\",\"@id\":\"https:\\\/\\\/repliquemangacine.fr\\\/katana-et-epee-de-jeux-video-autre-jeux-video\\\/epees-du-chaos-metal-god-of-war\\\/#breadcrumb\",\"itemListElement\":[{\"@type\":\"ListItem\",\"position\":1,\"name\":\"Accueil\",\"item\":\"https:\\\/\\\/repliquemangacine.fr\\\/\"},{\"@type\":\"ListItem\",\"position\":2,\"name\":\"Produits\",\"item\":\"https:\\\/\\\/repliquemangacine.fr\\\/boutique\\\/\"},{\"@type\":\"ListItem\",\"position\":3,\"name\":\"\u00c9p\u00e9es du Chaos m\u00e9tal &#8211; God of War\"}]},{\"@type\":\"WebSite\",\"@id\":\"https:\\\/\\\/repliquemangacine.fr\\\/#website\",\"url\":\"https:\\\/\\\/repliquemangacine.fr\\\/\",\"name\":\"R\u00e9plique Manga Cin\u00e9\",\"description\":\"\",\"publisher\":{\"@id\":\"https:\\\/\\\/repliquemangacine.fr\\\/#organization\"},\"potentialAction\":[{\"@type\":\"SearchAction\",\"target\":{\"@type\":\"EntryPoint\",\"urlTemplate\":\"https:\\\/\\\/repliquemangacine.fr\\\/?s={search_term_string}\"},\"query-input\":{\"@type\":\"PropertyValueSpecification\",\"valueRequired\":true,\"valueName\":\"search_term_string\"}}],\"inLanguage\":\"de\"},{\"@type\":\"Organization\",\"@id\":\"https:\\\/\\\/repliquemangacine.fr\\\/#organization\",\"name\":\"R\u00e9plique Manga Cin\u00e9\",\"url\":\"https:\\\/\\\/repliquemangacine.fr\\\/\",\"logo\":{\"@type\":\"ImageObject\",\"inLanguage\":\"de\",\"@id\":\"https:\\\/\\\/repliquemangacine.fr\\\/#\\\/schema\\\/logo\\\/image\\\/\",\"url\":\"https:\\\/\\\/repliquemangacine.fr\\\/wp-content\\\/uploads\\\/2023\\\/10\\\/RMC-500250.png\",\"contentUrl\":\"https:\\\/\\\/repliquemangacine.fr\\\/wp-content\\\/uploads\\\/2023\\\/10\\\/RMC-500250.png\",\"width\":500,\"height\":250,\"caption\":\"R\u00e9plique Manga Cin\u00e9\"},\"image\":{\"@id\":\"https:\\\/\\\/repliquemangacine.fr\\\/#\\\/schema\\\/logo\\\/image\\\/\"},\"sameAs\":[\"https:\\\/\\\/www.facebook.com\\\/RepliqueMangaCine\",\"https:\\\/\\\/www.instagram.com\\\/repliquemangacine.fr\\\/\"]}]}<\/script>\n<!-- \/ Yoast SEO plugin. -->","yoast_head_json":{"title":"Chaosschwerter Metall - God of War - R\u00e9plique Manga Cin\u00e9","description":"Erleben Sie die Metall-Chaos-Schwerter aus dem Videospiel God of War. Speziell geformte Klinge aus Metall. Griff aus Leder. Kette, die die beiden Schwerter verbindet. 44 cm","robots":{"index":"index","follow":"follow","max-snippet":"max-snippet:-1","max-image-preview":"max-image-preview:large","max-video-preview":"max-video-preview:-1"},"canonical":"https:\/\/repliquemangacine.fr\/de\/katana-und-schwert-von-videospielen-andere-videospiele\/chaosschwerter-metal-god-of-war\/","og_locale":"de_DE","og_type":"article","og_title":"\u00c9p\u00e9es du Chaos m\u00e9tal - God of War - R\u00e9plique Manga Cin\u00e9","og_description":"Venez d\u00e9couvrir les \u00c9p\u00e9es du Chaos m\u00e9tal du jeu vid\u00e9o God of War. Lame en m\u00e9tal de forme sp\u00e9cifique. Poign\u00e9e en cuir. Chaine reliant les deux \u00e9p\u00e9es. 44 cm","og_url":"https:\/\/repliquemangacine.fr\/de\/katana-und-schwert-von-videospielen-andere-videospiele\/chaosschwerter-metal-god-of-war\/","og_site_name":"R\u00e9plique Manga Cin\u00e9","article_publisher":"https:\/\/www.facebook.com\/RepliqueMangaCine","article_modified_time":"2026-02-18T15:07:50+00:00","og_image":[{"width":500,"height":500,"url":"https:\/\/repliquemangacine.fr\/wp-content\/uploads\/2024\/06\/support-epee-chaos.jpg","type":"image\/jpeg"}],"twitter_card":"summary_large_image","twitter_misc":{"Gesch\u00e4tzte Lesezeit":"3\u00a0Minuten"},"schema":{"@context":"https:\/\/schema.org","@graph":[{"@type":"WebPage","@id":"https:\/\/repliquemangacine.fr\/katana-et-epee-de-jeux-video-autre-jeux-video\/epees-du-chaos-metal-god-of-war\/","url":"https:\/\/repliquemangacine.fr\/katana-et-epee-de-jeux-video-autre-jeux-video\/epees-du-chaos-metal-god-of-war\/","name":"Chaosschwerter Metall - God of War - R\u00e9plique Manga Cin\u00e9","isPartOf":{"@id":"https:\/\/repliquemangacine.fr\/#website"},"primaryImageOfPage":{"@id":"https:\/\/repliquemangacine.fr\/katana-et-epee-de-jeux-video-autre-jeux-video\/epees-du-chaos-metal-god-of-war\/#primaryimage"},"image":{"@id":"https:\/\/repliquemangacine.fr\/katana-et-epee-de-jeux-video-autre-jeux-video\/epees-du-chaos-metal-god-of-war\/#primaryimage"},"thumbnailUrl":"https:\/\/repliquemangacine.fr\/wp-content\/uploads\/2024\/06\/support-epee-chaos.jpg","datePublished":"2024-06-14T12:17:32+00:00","dateModified":"2026-02-18T15:07:50+00:00","description":"Erleben Sie die Metall-Chaos-Schwerter aus dem Videospiel God of War. Speziell geformte Klinge aus Metall. Griff aus Leder. Kette, die die beiden Schwerter verbindet. 44 cm","breadcrumb":{"@id":"https:\/\/repliquemangacine.fr\/katana-et-epee-de-jeux-video-autre-jeux-video\/epees-du-chaos-metal-god-of-war\/#breadcrumb"},"inLanguage":"de","potentialAction":[{"@type":"ReadAction","target":["https:\/\/repliquemangacine.fr\/katana-et-epee-de-jeux-video-autre-jeux-video\/epees-du-chaos-metal-god-of-war\/"]}]},{"@type":"ImageObject","inLanguage":"de","@id":"https:\/\/repliquemangacine.fr\/katana-et-epee-de-jeux-video-autre-jeux-video\/epees-du-chaos-metal-god-of-war\/#primaryimage","url":"https:\/\/repliquemangacine.fr\/wp-content\/uploads\/2024\/06\/support-epee-chaos.jpg","contentUrl":"https:\/\/repliquemangacine.fr\/wp-content\/uploads\/2024\/06\/support-epee-chaos.jpg","width":500,"height":500,"caption":"\u00c9p\u00e9es du Chaos en m\u00e9tal God of War"},{"@type":"BreadcrumbList","@id":"https:\/\/repliquemangacine.fr\/katana-et-epee-de-jeux-video-autre-jeux-video\/epees-du-chaos-metal-god-of-war\/#breadcrumb","itemListElement":[{"@type":"ListItem","position":1,"name":"Accueil","item":"https:\/\/repliquemangacine.fr\/"},{"@type":"ListItem","position":2,"name":"Produits","item":"https:\/\/repliquemangacine.fr\/boutique\/"},{"@type":"ListItem","position":3,"name":"\u00c9p\u00e9es du Chaos m\u00e9tal &#8211; God of War"}]},{"@type":"WebSite","@id":"https:\/\/repliquemangacine.fr\/#website","url":"https:\/\/repliquemangacine.fr\/","name":"R\u00e9plique Manga Cin\u00e9","description":"","publisher":{"@id":"https:\/\/repliquemangacine.fr\/#organization"},"potentialAction":[{"@type":"SearchAction","target":{"@type":"EntryPoint","urlTemplate":"https:\/\/repliquemangacine.fr\/?s={search_term_string}"},"query-input":{"@type":"PropertyValueSpecification","valueRequired":true,"valueName":"search_term_string"}}],"inLanguage":"de"},{"@type":"Organization","@id":"https:\/\/repliquemangacine.fr\/#organization","name":"R\u00e9plique Manga Cin\u00e9","url":"https:\/\/repliquemangacine.fr\/","logo":{"@type":"ImageObject","inLanguage":"de","@id":"https:\/\/repliquemangacine.fr\/#\/schema\/logo\/image\/","url":"https:\/\/repliquemangacine.fr\/wp-content\/uploads\/2023\/10\/RMC-500250.png","contentUrl":"https:\/\/repliquemangacine.fr\/wp-content\/uploads\/2023\/10\/RMC-500250.png","width":500,"height":250,"caption":"R\u00e9plique Manga Cin\u00e9"},"image":{"@id":"https:\/\/repliquemangacine.fr\/#\/schema\/logo\/image\/"},"sameAs":["https:\/\/www.facebook.com\/RepliqueMangaCine","https:\/\/www.instagram.com\/repliquemangacine.fr\/"]}]}},"_links":{"self":[{"href":"https:\/\/repliquemangacine.fr\/de\/wp-json\/wp\/v2\/product\/72769","targetHints":{"allow":["GET"]}}],"collection":[{"href":"https:\/\/repliquemangacine.fr\/de\/wp-json\/wp\/v2\/product"}],"about":[{"href":"https:\/\/repliquemangacine.fr\/de\/wp-json\/wp\/v2\/types\/product"}],"wp:featuredmedia":[{"embeddable":true,"href":"https:\/\/repliquemangacine.fr\/de\/wp-json\/wp\/v2\/media\/72770"}],"wp:attachment":[{"href":"https:\/\/repliquemangacine.fr\/de\/wp-json\/wp\/v2\/media?parent=72769"}],"wp:term":[{"taxonomy":"product_brand","embeddable":true,"href":"https:\/\/repliquemangacine.fr\/de\/wp-json\/wp\/v2\/product_brand?post=72769"},{"taxonomy":"product_cat","embeddable":true,"href":"https:\/\/repliquemangacine.fr\/de\/wp-json\/wp\/v2\/product_cat?post=72769"},{"taxonomy":"product_tag","embeddable":true,"href":"https:\/\/repliquemangacine.fr\/de\/wp-json\/wp\/v2\/product_tag?post=72769"}],"curies":[{"name":"wp","href":"https:\/\/api.w.org\/{rel}","templated":true}]}}