





{"id":72727,"date":"2024-06-13T19:05:58","date_gmt":"2024-06-13T17:05:58","guid":{"rendered":"https:\/\/repliquemangacine.fr\/?post_type=product&#038;p=72727"},"modified":"2026-02-27T20:21:00","modified_gmt":"2026-02-27T19:21:00","slug":"chaosschwerter-god-of-war","status":"publish","type":"product","link":"https:\/\/repliquemangacine.fr\/de\/katana-et-epee-de-jeux-video-autre-jeux-video\/epees-du-chaos-god-of-war\/","title":{"rendered":"Schaumstoffschwerter des Chaos - God of War"},"content":{"rendered":"<h2>Die Schwerter des Chaos: Hochwertige Hartschaum-Replik<\/h2>\n<p>Tauchen Sie zun\u00e4chst mit den Schwertern des Chaos aus Hartschaum in die Welt von God of War ein. Diese Nachbildungen aus Hartschaum wurden mit viel Liebe zum Detail entworfen. Sie bieten sowohl Sicherheit als auch Realismus f\u00fcr Cosplayer und Rollenspiel-Fans.<\/p>\n<p>Kehren wir zun\u00e4chst zu den Urspr\u00fcngen zur\u00fcck. Bevor sie Ares diente, war die Hauptwaffe von <a href=\"https:\/\/godofwar.fandom.com\/fr\/wiki\/Kratos\" target=\"_blank\" rel=\"noopener noreferrer\">Kratos<\/a> war sein Schwert. Unter der Herrschaft von Ares wurden die Klingen des Chaos zu Kratos' Hauptwaffen. Ein Geschenk von Ares als Zeichen der Unterwerfung. Es handelt sich im Wesentlichen um zwei Falchion-\u00e4hnliche Klingen an langen Ketten. Sie sind dauerhaft miteinander verschmolzen und in die Unterarme des Tr\u00e4gers eingebrannt.<\/p>\n<p>Nachdem Kratos Ares get\u00f6tet hatte, ersetzte Athene diese durch ein Paar fast identischer Klingen, die sogenannten Klingen der Athene. In God of War III wurden diese wiederum durch die sehr \u00e4hnlichen Klingen des Exils ersetzt. Kratos beherrscht alle seine Waffen meisterhaft. Das bedeutet, dass er viele seiner Kampff\u00e4higkeiten von Ares und anderen G\u00f6ttern, darunter auch dem ehemaligen Kriegsgott selbst, gelernt hat. Urspr\u00fcnglich stand Kratos auch eine riesige spartanische Armee unter seinem Kommando, die er sowohl vor als auch w\u00e4hrend seiner Knechtschaft unter Ares einsetzte.<\/p>\n<h2>Die Schwerter des Chaos: Einsatz im Kampf<\/h2>\n<ol>\n<li><strong>Bewegungen<\/strong> Erstens: Kratos setzt die Chaosschwerter mit einer beeindruckenden Fl\u00fcssigkeit ein. Schwingt und wirbelt die Klingen, um mehrere Gegner gleichzeitig anzugreifen. Die Ketten erm\u00f6glichen akrobatische Bewegungen und Fernangriffe.<\/li>\n<li><strong>Besondere Kr\u00e4fte<\/strong> : Schwerter k\u00f6nnen entz\u00fcndet werden und f\u00fcgen jedem Schlag Feuerschaden hinzu. Au\u00dferdem k\u00f6nnen sie die Verteidigung von Gegnern durchbrechen und mit bestimmten Umweltelementen interagieren, um R\u00e4tsel zu l\u00f6sen.<\/li>\n<li><strong>Entwicklung<\/strong> : Im Laufe der Spiele entwickeln sich die Chaosschwerter weiter, erlangen neue F\u00e4higkeiten und werden noch furchterregender. In God of War (2018) erh\u00e4lt Kratos diese Schwerter zur\u00fcck, nachdem er urspr\u00fcnglich die Leviathan-Axt benutzt hat, und zeigt damit eine pers\u00f6nliche und erz\u00e4hlerische Entwicklung.<\/li>\n<\/ol>\n<h2>Legend\u00e4re Waffen aus Videospielen : Originalgetreue Repliken<\/h2>\n<p>Tauchen Sie mit unserer au\u00dfergew\u00f6hnlichen Auswahl an Repliken ikonischer Waffen in die faszinierende Welt der Videospiele ein. Jedes St\u00fcck wird in m\u00fchevoller Kleinarbeit dem Vorbild aus dem Spiel nachempfunden. Das Ergebnis ist ein un\u00fcbertroffenes Ma\u00df an Detailgenauigkeit und Qualit\u00e4t.<\/p>\n<ul>\n<li>Entdecken Sie die<a href=\"https:\/\/repliquemangacine.fr\/de\/genshin-impact\/schwert-lions-roar-genshin-impact\/\">Schwert Lion's Roar<\/a> von Genshin Impact mit seiner makellosen Verarbeitung, die an die Abenteuer deines Lieblingscharakters erinnert.<\/li>\n<li>Es gibt auch den <a href=\"https:\/\/repliquemangacine.fr\/de\/katana-und-schwert-von-videospielen-andere-videospiele\/katana-moonveil-in-elden-ring\/\">Katana Moonveil von Elden Ring<\/a>Das perfekte Replikat f\u00fcr Fans des Spiels und Sammler von Fantasy-Waffen.<\/li>\n<li>Sowie die <a href=\"https:\/\/repliquemangacine.fr\/de\/katana-und-schwert-von-videospielen-andere-videospiele\/axt-leviathan-von-kratos-god-of-war-ragnarok\/\">Kratos' Leviathan-Axt<\/a>aus God of War l\u00e4sst Sie die Macht des nordischen Kriegsgottes bei jedem Griff in die Hand sp\u00fcren.<\/li>\n<li>Schlie\u00dflich ist der <a href=\"https:\/\/repliquemangacine.fr\/de\/katana-und-schwert-von-videospielen-andere-videospiele\/schwert-von-sephiroth-masamune-192-cm\/\">Katana Sephiroth Masamune<\/a> von Final Fantasy VII ist ein Muss f\u00fcr alle Fans dieses zeitlosen Klassikers. Die lange, elegante Klinge verk\u00f6rpert die Macht und Mystik von Sephiroth.<\/li>\n<\/ul>\n<p>Fazit: F\u00fcgen Sie diese legend\u00e4ren Repliken Ihrer Sammlung hinzu und lassen Sie sich in die epischen Welten Ihrer Lieblingsvideospiele entf\u00fchren.<\/p>","protected":false},"excerpt":{"rendered":"<p>Wundersch\u00f6ne Nachbildung der Chaosschwerter in God of War<\/p>\n<ul>\n<li>Alles aus Hartschaum<\/li>\n<li>Kette, um die beiden Schwerter zu verbinden<\/li>\n<li>Gro\u00dfartige Abschl\u00fcsse<\/li>\n<li>L\u00e4nge jedes Schwertes: 44,5 cm<\/li>\n<\/ul>","protected":false},"featured_media":72729,"template":"","meta":[],"product_brand":[],"product_cat":[985,67],"product_tag":[],"class_list":{"0":"post-72727","1":"product","2":"type-product","3":"status-publish","4":"has-post-thumbnail","6":"product_cat-replique-god-of-war","7":"product_cat-katana-et-epee-de-jeux-video-autre-jeux-video","9":"first","10":"instock","11":"taxable","12":"shipping-taxable","13":"purchasable","14":"product-type-simple"},"yoast_head":"<!-- This site is optimized with the Yoast SEO plugin v27.5 - https:\/\/yoast.com\/product\/yoast-seo-wordpress\/ -->\n<title>\u00c9p\u00e9es du Chaos en mousse - God of War - R\u00e9plique Manga Cin\u00e9<\/title>\n<meta name=\"description\" content=\"Plongez dans l&#039;univers de God of War avec les \u00c9p\u00e9es du Chaos en Mousse Rigide. Superbe finition avec gravures. Chaine reliant les deux \u00e9p\u00e9es. 44,5 cm\" \/>\n<meta name=\"robots\" content=\"index, follow, max-snippet:-1, max-image-preview:large, max-video-preview:-1\" \/>\n<link rel=\"canonical\" href=\"https:\/\/repliquemangacine.fr\/de\/katana-und-schwert-von-videospielen-andere-videospiele\/chaosschwerter-god-of-war\/\" \/>\n<meta property=\"og:locale\" content=\"de_DE\" \/>\n<meta property=\"og:type\" content=\"article\" \/>\n<meta property=\"og:title\" content=\"\u00c9p\u00e9es du Chaos en mousse - God of War - R\u00e9plique Manga Cin\u00e9\" \/>\n<meta property=\"og:description\" content=\"Plongez dans l&#039;univers de God of War avec les \u00c9p\u00e9es du Chaos en Mousse Rigide. Superbe finition avec gravures. Chaine reliant les deux \u00e9p\u00e9es. 44,5 cm\" \/>\n<meta property=\"og:url\" content=\"https:\/\/repliquemangacine.fr\/de\/katana-und-schwert-von-videospielen-andere-videospiele\/chaosschwerter-god-of-war\/\" \/>\n<meta property=\"og:site_name\" content=\"R\u00e9plique Manga Cin\u00e9\" \/>\n<meta property=\"article:publisher\" content=\"https:\/\/www.facebook.com\/RepliqueMangaCine\" \/>\n<meta property=\"article:modified_time\" content=\"2026-02-27T19:21:00+00:00\" \/>\n<meta property=\"og:image\" content=\"https:\/\/repliquemangacine.fr\/wp-content\/uploads\/2024\/06\/Lames-kratos-en-mousse.jpg\" \/>\n\t<meta property=\"og:image:width\" content=\"500\" \/>\n\t<meta property=\"og:image:height\" content=\"500\" \/>\n\t<meta property=\"og:image:type\" content=\"image\/jpeg\" \/>\n<meta name=\"twitter:card\" content=\"summary_large_image\" \/>\n<meta name=\"twitter:label1\" content=\"Gesch\u00e4tzte Lesezeit\" \/>\n\t<meta name=\"twitter:data1\" content=\"3\u00a0Minuten\" \/>\n<script type=\"application\/ld+json\" class=\"yoast-schema-graph\">{\"@context\":\"https:\\\/\\\/schema.org\",\"@graph\":[{\"@type\":\"WebPage\",\"@id\":\"https:\\\/\\\/repliquemangacine.fr\\\/katana-et-epee-de-jeux-video-autre-jeux-video\\\/epees-du-chaos-god-of-war\\\/\",\"url\":\"https:\\\/\\\/repliquemangacine.fr\\\/katana-et-epee-de-jeux-video-autre-jeux-video\\\/epees-du-chaos-god-of-war\\\/\",\"name\":\"\u00c9p\u00e9es du Chaos en mousse - God of War - R\u00e9plique Manga Cin\u00e9\",\"isPartOf\":{\"@id\":\"https:\\\/\\\/repliquemangacine.fr\\\/#website\"},\"primaryImageOfPage\":{\"@id\":\"https:\\\/\\\/repliquemangacine.fr\\\/katana-et-epee-de-jeux-video-autre-jeux-video\\\/epees-du-chaos-god-of-war\\\/#primaryimage\"},\"image\":{\"@id\":\"https:\\\/\\\/repliquemangacine.fr\\\/katana-et-epee-de-jeux-video-autre-jeux-video\\\/epees-du-chaos-god-of-war\\\/#primaryimage\"},\"thumbnailUrl\":\"https:\\\/\\\/repliquemangacine.fr\\\/wp-content\\\/uploads\\\/2024\\\/06\\\/Lames-kratos-en-mousse.jpg\",\"datePublished\":\"2024-06-13T17:05:58+00:00\",\"dateModified\":\"2026-02-27T19:21:00+00:00\",\"description\":\"Plongez dans l'univers de God of War avec les \u00c9p\u00e9es du Chaos en Mousse Rigide. Superbe finition avec gravures. Chaine reliant les deux \u00e9p\u00e9es. 44,5 cm\",\"breadcrumb\":{\"@id\":\"https:\\\/\\\/repliquemangacine.fr\\\/katana-et-epee-de-jeux-video-autre-jeux-video\\\/epees-du-chaos-god-of-war\\\/#breadcrumb\"},\"inLanguage\":\"de\",\"potentialAction\":[{\"@type\":\"ReadAction\",\"target\":[\"https:\\\/\\\/repliquemangacine.fr\\\/katana-et-epee-de-jeux-video-autre-jeux-video\\\/epees-du-chaos-god-of-war\\\/\"]}]},{\"@type\":\"ImageObject\",\"inLanguage\":\"de\",\"@id\":\"https:\\\/\\\/repliquemangacine.fr\\\/katana-et-epee-de-jeux-video-autre-jeux-video\\\/epees-du-chaos-god-of-war\\\/#primaryimage\",\"url\":\"https:\\\/\\\/repliquemangacine.fr\\\/wp-content\\\/uploads\\\/2024\\\/06\\\/Lames-kratos-en-mousse.jpg\",\"contentUrl\":\"https:\\\/\\\/repliquemangacine.fr\\\/wp-content\\\/uploads\\\/2024\\\/06\\\/Lames-kratos-en-mousse.jpg\",\"width\":500,\"height\":500,\"caption\":\"Ep\u00e9es du Chaos en mousse god of war\"},{\"@type\":\"BreadcrumbList\",\"@id\":\"https:\\\/\\\/repliquemangacine.fr\\\/katana-et-epee-de-jeux-video-autre-jeux-video\\\/epees-du-chaos-god-of-war\\\/#breadcrumb\",\"itemListElement\":[{\"@type\":\"ListItem\",\"position\":1,\"name\":\"Accueil\",\"item\":\"https:\\\/\\\/repliquemangacine.fr\\\/\"},{\"@type\":\"ListItem\",\"position\":2,\"name\":\"Produits\",\"item\":\"https:\\\/\\\/repliquemangacine.fr\\\/boutique\\\/\"},{\"@type\":\"ListItem\",\"position\":3,\"name\":\"\u00c9p\u00e9es du Chaos en mousse &#8211; God of War\"}]},{\"@type\":\"WebSite\",\"@id\":\"https:\\\/\\\/repliquemangacine.fr\\\/#website\",\"url\":\"https:\\\/\\\/repliquemangacine.fr\\\/\",\"name\":\"R\u00e9plique Manga Cin\u00e9\",\"description\":\"\",\"publisher\":{\"@id\":\"https:\\\/\\\/repliquemangacine.fr\\\/#organization\"},\"potentialAction\":[{\"@type\":\"SearchAction\",\"target\":{\"@type\":\"EntryPoint\",\"urlTemplate\":\"https:\\\/\\\/repliquemangacine.fr\\\/?s={search_term_string}\"},\"query-input\":{\"@type\":\"PropertyValueSpecification\",\"valueRequired\":true,\"valueName\":\"search_term_string\"}}],\"inLanguage\":\"de\"},{\"@type\":\"Organization\",\"@id\":\"https:\\\/\\\/repliquemangacine.fr\\\/#organization\",\"name\":\"R\u00e9plique Manga Cin\u00e9\",\"url\":\"https:\\\/\\\/repliquemangacine.fr\\\/\",\"logo\":{\"@type\":\"ImageObject\",\"inLanguage\":\"de\",\"@id\":\"https:\\\/\\\/repliquemangacine.fr\\\/#\\\/schema\\\/logo\\\/image\\\/\",\"url\":\"https:\\\/\\\/repliquemangacine.fr\\\/wp-content\\\/uploads\\\/2023\\\/10\\\/RMC-500250.png\",\"contentUrl\":\"https:\\\/\\\/repliquemangacine.fr\\\/wp-content\\\/uploads\\\/2023\\\/10\\\/RMC-500250.png\",\"width\":500,\"height\":250,\"caption\":\"R\u00e9plique Manga Cin\u00e9\"},\"image\":{\"@id\":\"https:\\\/\\\/repliquemangacine.fr\\\/#\\\/schema\\\/logo\\\/image\\\/\"},\"sameAs\":[\"https:\\\/\\\/www.facebook.com\\\/RepliqueMangaCine\",\"https:\\\/\\\/www.instagram.com\\\/repliquemangacine.fr\\\/\"]}]}<\/script>\n<!-- \/ Yoast SEO plugin. -->","yoast_head_json":{"title":"Schaumstoffschwerter des Chaos - God of War - R\u00e9plique Manga Cin\u00e9","description":"Tauchen Sie ein in die Welt von God of War mit den Schwertern des Chaos aus Hartschaum. Wundersch\u00f6nes Finish mit Gravuren. Kette, die die beiden Schwerter verbindet. 44,5 cm","robots":{"index":"index","follow":"follow","max-snippet":"max-snippet:-1","max-image-preview":"max-image-preview:large","max-video-preview":"max-video-preview:-1"},"canonical":"https:\/\/repliquemangacine.fr\/de\/katana-und-schwert-von-videospielen-andere-videospiele\/chaosschwerter-god-of-war\/","og_locale":"de_DE","og_type":"article","og_title":"\u00c9p\u00e9es du Chaos en mousse - God of War - R\u00e9plique Manga Cin\u00e9","og_description":"Plongez dans l'univers de God of War avec les \u00c9p\u00e9es du Chaos en Mousse Rigide. Superbe finition avec gravures. Chaine reliant les deux \u00e9p\u00e9es. 44,5 cm","og_url":"https:\/\/repliquemangacine.fr\/de\/katana-und-schwert-von-videospielen-andere-videospiele\/chaosschwerter-god-of-war\/","og_site_name":"R\u00e9plique Manga Cin\u00e9","article_publisher":"https:\/\/www.facebook.com\/RepliqueMangaCine","article_modified_time":"2026-02-27T19:21:00+00:00","og_image":[{"width":500,"height":500,"url":"https:\/\/repliquemangacine.fr\/wp-content\/uploads\/2024\/06\/Lames-kratos-en-mousse.jpg","type":"image\/jpeg"}],"twitter_card":"summary_large_image","twitter_misc":{"Gesch\u00e4tzte Lesezeit":"3\u00a0Minuten"},"schema":{"@context":"https:\/\/schema.org","@graph":[{"@type":"WebPage","@id":"https:\/\/repliquemangacine.fr\/katana-et-epee-de-jeux-video-autre-jeux-video\/epees-du-chaos-god-of-war\/","url":"https:\/\/repliquemangacine.fr\/katana-et-epee-de-jeux-video-autre-jeux-video\/epees-du-chaos-god-of-war\/","name":"Schaumstoffschwerter des Chaos - God of War - R\u00e9plique Manga Cin\u00e9","isPartOf":{"@id":"https:\/\/repliquemangacine.fr\/#website"},"primaryImageOfPage":{"@id":"https:\/\/repliquemangacine.fr\/katana-et-epee-de-jeux-video-autre-jeux-video\/epees-du-chaos-god-of-war\/#primaryimage"},"image":{"@id":"https:\/\/repliquemangacine.fr\/katana-et-epee-de-jeux-video-autre-jeux-video\/epees-du-chaos-god-of-war\/#primaryimage"},"thumbnailUrl":"https:\/\/repliquemangacine.fr\/wp-content\/uploads\/2024\/06\/Lames-kratos-en-mousse.jpg","datePublished":"2024-06-13T17:05:58+00:00","dateModified":"2026-02-27T19:21:00+00:00","description":"Tauchen Sie ein in die Welt von God of War mit den Schwertern des Chaos aus Hartschaum. Wundersch\u00f6nes Finish mit Gravuren. Kette, die die beiden Schwerter verbindet. 44,5 cm","breadcrumb":{"@id":"https:\/\/repliquemangacine.fr\/katana-et-epee-de-jeux-video-autre-jeux-video\/epees-du-chaos-god-of-war\/#breadcrumb"},"inLanguage":"de","potentialAction":[{"@type":"ReadAction","target":["https:\/\/repliquemangacine.fr\/katana-et-epee-de-jeux-video-autre-jeux-video\/epees-du-chaos-god-of-war\/"]}]},{"@type":"ImageObject","inLanguage":"de","@id":"https:\/\/repliquemangacine.fr\/katana-et-epee-de-jeux-video-autre-jeux-video\/epees-du-chaos-god-of-war\/#primaryimage","url":"https:\/\/repliquemangacine.fr\/wp-content\/uploads\/2024\/06\/Lames-kratos-en-mousse.jpg","contentUrl":"https:\/\/repliquemangacine.fr\/wp-content\/uploads\/2024\/06\/Lames-kratos-en-mousse.jpg","width":500,"height":500,"caption":"Ep\u00e9es du Chaos en mousse god of war"},{"@type":"BreadcrumbList","@id":"https:\/\/repliquemangacine.fr\/katana-et-epee-de-jeux-video-autre-jeux-video\/epees-du-chaos-god-of-war\/#breadcrumb","itemListElement":[{"@type":"ListItem","position":1,"name":"Accueil","item":"https:\/\/repliquemangacine.fr\/"},{"@type":"ListItem","position":2,"name":"Produits","item":"https:\/\/repliquemangacine.fr\/boutique\/"},{"@type":"ListItem","position":3,"name":"\u00c9p\u00e9es du Chaos en mousse &#8211; God of War"}]},{"@type":"WebSite","@id":"https:\/\/repliquemangacine.fr\/#website","url":"https:\/\/repliquemangacine.fr\/","name":"R\u00e9plique Manga Cin\u00e9","description":"","publisher":{"@id":"https:\/\/repliquemangacine.fr\/#organization"},"potentialAction":[{"@type":"SearchAction","target":{"@type":"EntryPoint","urlTemplate":"https:\/\/repliquemangacine.fr\/?s={search_term_string}"},"query-input":{"@type":"PropertyValueSpecification","valueRequired":true,"valueName":"search_term_string"}}],"inLanguage":"de"},{"@type":"Organization","@id":"https:\/\/repliquemangacine.fr\/#organization","name":"R\u00e9plique Manga Cin\u00e9","url":"https:\/\/repliquemangacine.fr\/","logo":{"@type":"ImageObject","inLanguage":"de","@id":"https:\/\/repliquemangacine.fr\/#\/schema\/logo\/image\/","url":"https:\/\/repliquemangacine.fr\/wp-content\/uploads\/2023\/10\/RMC-500250.png","contentUrl":"https:\/\/repliquemangacine.fr\/wp-content\/uploads\/2023\/10\/RMC-500250.png","width":500,"height":250,"caption":"R\u00e9plique Manga Cin\u00e9"},"image":{"@id":"https:\/\/repliquemangacine.fr\/#\/schema\/logo\/image\/"},"sameAs":["https:\/\/www.facebook.com\/RepliqueMangaCine","https:\/\/www.instagram.com\/repliquemangacine.fr\/"]}]}},"_links":{"self":[{"href":"https:\/\/repliquemangacine.fr\/de\/wp-json\/wp\/v2\/product\/72727","targetHints":{"allow":["GET"]}}],"collection":[{"href":"https:\/\/repliquemangacine.fr\/de\/wp-json\/wp\/v2\/product"}],"about":[{"href":"https:\/\/repliquemangacine.fr\/de\/wp-json\/wp\/v2\/types\/product"}],"wp:featuredmedia":[{"embeddable":true,"href":"https:\/\/repliquemangacine.fr\/de\/wp-json\/wp\/v2\/media\/72729"}],"wp:attachment":[{"href":"https:\/\/repliquemangacine.fr\/de\/wp-json\/wp\/v2\/media?parent=72727"}],"wp:term":[{"taxonomy":"product_brand","embeddable":true,"href":"https:\/\/repliquemangacine.fr\/de\/wp-json\/wp\/v2\/product_brand?post=72727"},{"taxonomy":"product_cat","embeddable":true,"href":"https:\/\/repliquemangacine.fr\/de\/wp-json\/wp\/v2\/product_cat?post=72727"},{"taxonomy":"product_tag","embeddable":true,"href":"https:\/\/repliquemangacine.fr\/de\/wp-json\/wp\/v2\/product_tag?post=72727"}],"curies":[{"name":"wp","href":"https:\/\/api.w.org\/{rel}","templated":true}]}}