





{"id":72710,"date":"2024-06-13T14:51:02","date_gmt":"2024-06-13T12:51:02","guid":{"rendered":"https:\/\/repliquemangacine.fr\/?post_type=product&#038;p=72710"},"modified":"2025-12-12T21:08:56","modified_gmt":"2025-12-12T20:08:56","slug":"doppelklingenschwert-von-thanos","status":"publish","type":"product","link":"https:\/\/repliquemangacine.fr\/de\/super-heros-marvel\/epee-double-lames-de-thanos\/","title":{"rendered":"Thanos' Doppelklingenschwert"},"content":{"rendered":"<h2>Thanos' Doppelklingenschwert: Ein unverzichtbares Sammlerst\u00fcck<\/h2>\n<p>Zu Beginn lernen Sie das Doppelklingenschwert von Thanos kennen, das auch als Double-Edged Sword oder Thanos' Blade bekannt ist. Eine ikonische Waffe, die der verr\u00fcckte Titan im Marvel Cinematic Universe (MCU) verwendet. Hier ist alles, was wir \u00fcber diese furchterregende Waffe wissen :<\/p>\n<p>Thanos' Doppelklingenschwert erscheint zum ersten Mal im Film \".<a href=\"https:\/\/universcinematographiquemarvel.fandom.com\/fr\/wiki\/Avengers\" target=\"_blank\" rel=\"noopener noreferrer\">Avengers<\/a> : Endgame\" (2019). Es handelt sich um eine massive, zweischneidige Waffe mit einer Klinge auf jeder Seite eines zentralen Griffs. Lange, symmetrische und scharfe Klingen, die durch fast jedes Material schneiden k\u00f6nnen.<br \/>\nObwohl das genaue Material in den Filmen nicht angegeben wird, also angeblich aus einem extrem haltbaren und starken Metall. Vermutlich au\u00dferirdischen Ursprungs, das Angriffen und extremen Bedingungen standhalten kann.<\/p>\n<h2>Thanos' Doppelklingenschwert: F\u00e4higkeiten und Verwendung<\/h2>\n<p>Besonders hervorzuheben ist, dass das Schwert unglaublich robust und langlebig ist. Thanos benutzt es, um die Angriffe der Avengers abzuwehren und ihnen zu widerstehen, darunter auch die von so m\u00e4chtigen Charakteren wie Thor und Captain America. Es ist in der Lage, enormen Schaden zu verursachen. So nutzt Thanos sein Schwert beispielsweise, um Captain Americas Schild zu zerst\u00f6ren, von dem bekannt ist, dass er praktisch unzerst\u00f6rbar ist. Neben seinen zerst\u00f6rerischen F\u00e4higkeiten setzt Thanos das Schwert auch im Nah- und Fernkampf ein und demonstriert damit seine Meisterschaft als Krieger.<\/p>\n<p>Das Schwert symbolisiert die rohe Kraft und die Bedrohung, die Thanos darstellt. Es ist eine Erweiterung seines Willens zur Herrschaft und Zerst\u00f6rung. Die Gr\u00f6\u00dfe und das Design des Schwertes tragen zu Thanos' ohnehin schon imposanter Statur bei und verst\u00e4rken sein Image als furchterregender galaktischer Tyrann.<\/p>\n<p>Es muss auch gesagt werden, dass das Schwert eine entscheidende Rolle in der letzten Schlacht von \"Avengers: Endgame\" spielt. Eine der denkw\u00fcrdigsten Szenen mit dem Schwert ist die, in der Thanos mit seiner \u00fcbermenschlichen Kraft und seinem Schwert Captain Americas Schild durchbricht.<\/p>\n<h2>Repliken aus dem Marvel-Universum<\/h2>\n<p>Entdecken Sie unsere au\u00dfergew\u00f6hnliche Sammlung von Repliken aus dem Marvel-Universum, die sich perfekt f\u00fcr Fans und Sammler eignen. Wir bieten eine vielf\u00e4ltige Auswahl an Produkten, die jeweils mit akribischer Liebe zum Detail entworfen wurden.<\/p>\n<ul>\n<li>Zun\u00e4chst der wundersch\u00f6ne <a href=\"https:\/\/repliquemangacine.fr\/de\/marvel-super-heros\/dreizack-daquaman-210-cm-metal\/\">Aquamans Dreizack<\/a> von 210 cm ganz aus Metall mit goldener Metallic-Lackierung.<\/li>\n<li>Es gibt auch die <a href=\"https:\/\/repliquemangacine.fr\/de\/marvel-super-heros\/black-widow-sticks-violett\/\">Black Widows Leuchtst\u00e4be<\/a>. Aus geformtem ABS und Metall in den Farben Grau und Violett.<\/li>\n<li>Sowie das unumg\u00e4ngliche <a href=\"https:\/\/repliquemangacine.fr\/de\/marvel-super-heros\/captain-america-schild-luxusversion\/\">Captain-America-Schild<\/a> aus robuster Luftaluminiumlegierung.<\/li>\n<li>Sie finden auch die Schwerter von Wonder Woman, die S\u00e4bel von Deadpool und die Krallen von Wolverine. Und, noch viel mehr in unserem Online-Shop.<\/li>\n<\/ul>\n<p>Fazit: F\u00fcr Fans und Sammler gibt es zahlreiche Repliken. Jede von ihnen repr\u00e4sentiert die Macht, W\u00fcrde und Legende Ihrer Lieblingshelden.<\/p>","protected":false},"excerpt":{"rendered":"<p>Hervorragende Replik des Doppelklingenschwerts von Thanos aus dem Marvel-Universum.<\/p>\n<ul>\n<li>Alles aus Hartschaum<\/li>\n<li>Ohne jegliche Gefahr f\u00fcr Ihre Kinder<\/li>\n<li>Wundersch\u00f6ne Gravuren und Verzierungen auf den Klingen<\/li>\n<li>Gesamtl\u00e4nge: 110 cm<\/li>\n<\/ul>","protected":false},"featured_media":72721,"template":"","meta":[],"product_brand":[],"product_cat":[59],"product_tag":[],"class_list":{"0":"post-72710","1":"product","2":"type-product","3":"status-publish","4":"has-post-thumbnail","6":"product_cat-super-heros-marvel","8":"first","9":"instock","10":"taxable","11":"shipping-taxable","12":"purchasable","13":"product-type-simple"},"yoast_head":"<!-- This site is optimized with the Yoast SEO plugin v27.5 - https:\/\/yoast.com\/product\/yoast-seo-wordpress\/ -->\n<title>\u00c9p\u00e9e double lames de Thanos - R\u00e9plique Manga Cin\u00e9<\/title>\n<meta name=\"description\" content=\"D\u00e9couvrez l&#039;\u00c9p\u00e9e double lames de Thanos, \u00e9galement connue sous le nom de Double-Edged Sword de l&#039;univers Marvel. Tout en mousse rigide. 110 cm\" \/>\n<meta name=\"robots\" content=\"index, follow, max-snippet:-1, max-image-preview:large, max-video-preview:-1\" \/>\n<link rel=\"canonical\" href=\"https:\/\/repliquemangacine.fr\/de\/marvel-super-heros\/doppelklingenschwert-von-thanos\/\" \/>\n<meta property=\"og:locale\" content=\"de_DE\" \/>\n<meta property=\"og:type\" content=\"article\" \/>\n<meta property=\"og:title\" content=\"\u00c9p\u00e9e double lames de Thanos - R\u00e9plique Manga Cin\u00e9\" \/>\n<meta property=\"og:description\" content=\"D\u00e9couvrez l&#039;\u00c9p\u00e9e double lames de Thanos, \u00e9galement connue sous le nom de Double-Edged Sword de l&#039;univers Marvel. Tout en mousse rigide. 110 cm\" \/>\n<meta property=\"og:url\" content=\"https:\/\/repliquemangacine.fr\/de\/marvel-super-heros\/doppelklingenschwert-von-thanos\/\" \/>\n<meta property=\"og:site_name\" content=\"R\u00e9plique Manga Cin\u00e9\" \/>\n<meta property=\"article:publisher\" content=\"https:\/\/www.facebook.com\/RepliqueMangaCine\" \/>\n<meta property=\"article:modified_time\" content=\"2025-12-12T20:08:56+00:00\" \/>\n<meta property=\"og:image\" content=\"https:\/\/repliquemangacine.fr\/wp-content\/uploads\/2024\/06\/epee-double-de-thanos.jpg\" \/>\n\t<meta property=\"og:image:width\" content=\"500\" \/>\n\t<meta property=\"og:image:height\" content=\"500\" \/>\n\t<meta property=\"og:image:type\" content=\"image\/jpeg\" \/>\n<meta name=\"twitter:card\" content=\"summary_large_image\" \/>\n<meta name=\"twitter:label1\" content=\"Gesch\u00e4tzte Lesezeit\" \/>\n\t<meta name=\"twitter:data1\" content=\"3\u00a0Minuten\" \/>\n<script type=\"application\/ld+json\" class=\"yoast-schema-graph\">{\"@context\":\"https:\\\/\\\/schema.org\",\"@graph\":[{\"@type\":\"WebPage\",\"@id\":\"https:\\\/\\\/repliquemangacine.fr\\\/super-heros-marvel\\\/epee-double-lames-de-thanos\\\/\",\"url\":\"https:\\\/\\\/repliquemangacine.fr\\\/super-heros-marvel\\\/epee-double-lames-de-thanos\\\/\",\"name\":\"\u00c9p\u00e9e double lames de Thanos - R\u00e9plique Manga Cin\u00e9\",\"isPartOf\":{\"@id\":\"https:\\\/\\\/repliquemangacine.fr\\\/#website\"},\"primaryImageOfPage\":{\"@id\":\"https:\\\/\\\/repliquemangacine.fr\\\/super-heros-marvel\\\/epee-double-lames-de-thanos\\\/#primaryimage\"},\"image\":{\"@id\":\"https:\\\/\\\/repliquemangacine.fr\\\/super-heros-marvel\\\/epee-double-lames-de-thanos\\\/#primaryimage\"},\"thumbnailUrl\":\"https:\\\/\\\/repliquemangacine.fr\\\/wp-content\\\/uploads\\\/2024\\\/06\\\/epee-double-de-thanos.jpg\",\"datePublished\":\"2024-06-13T12:51:02+00:00\",\"dateModified\":\"2025-12-12T20:08:56+00:00\",\"description\":\"D\u00e9couvrez l'\u00c9p\u00e9e double lames de Thanos, \u00e9galement connue sous le nom de Double-Edged Sword de l'univers Marvel. Tout en mousse rigide. 110 cm\",\"breadcrumb\":{\"@id\":\"https:\\\/\\\/repliquemangacine.fr\\\/super-heros-marvel\\\/epee-double-lames-de-thanos\\\/#breadcrumb\"},\"inLanguage\":\"de\",\"potentialAction\":[{\"@type\":\"ReadAction\",\"target\":[\"https:\\\/\\\/repliquemangacine.fr\\\/super-heros-marvel\\\/epee-double-lames-de-thanos\\\/\"]}]},{\"@type\":\"ImageObject\",\"inLanguage\":\"de\",\"@id\":\"https:\\\/\\\/repliquemangacine.fr\\\/super-heros-marvel\\\/epee-double-lames-de-thanos\\\/#primaryimage\",\"url\":\"https:\\\/\\\/repliquemangacine.fr\\\/wp-content\\\/uploads\\\/2024\\\/06\\\/epee-double-de-thanos.jpg\",\"contentUrl\":\"https:\\\/\\\/repliquemangacine.fr\\\/wp-content\\\/uploads\\\/2024\\\/06\\\/epee-double-de-thanos.jpg\",\"width\":500,\"height\":500,\"caption\":\"\u00c9p\u00e9e double lames de Thanos\"},{\"@type\":\"BreadcrumbList\",\"@id\":\"https:\\\/\\\/repliquemangacine.fr\\\/super-heros-marvel\\\/epee-double-lames-de-thanos\\\/#breadcrumb\",\"itemListElement\":[{\"@type\":\"ListItem\",\"position\":1,\"name\":\"Accueil\",\"item\":\"https:\\\/\\\/repliquemangacine.fr\\\/\"},{\"@type\":\"ListItem\",\"position\":2,\"name\":\"Produits\",\"item\":\"https:\\\/\\\/repliquemangacine.fr\\\/boutique\\\/\"},{\"@type\":\"ListItem\",\"position\":3,\"name\":\"\u00c9p\u00e9e double lames de Thanos\"}]},{\"@type\":\"WebSite\",\"@id\":\"https:\\\/\\\/repliquemangacine.fr\\\/#website\",\"url\":\"https:\\\/\\\/repliquemangacine.fr\\\/\",\"name\":\"R\u00e9plique Manga Cin\u00e9\",\"description\":\"\",\"publisher\":{\"@id\":\"https:\\\/\\\/repliquemangacine.fr\\\/#organization\"},\"potentialAction\":[{\"@type\":\"SearchAction\",\"target\":{\"@type\":\"EntryPoint\",\"urlTemplate\":\"https:\\\/\\\/repliquemangacine.fr\\\/?s={search_term_string}\"},\"query-input\":{\"@type\":\"PropertyValueSpecification\",\"valueRequired\":true,\"valueName\":\"search_term_string\"}}],\"inLanguage\":\"de\"},{\"@type\":\"Organization\",\"@id\":\"https:\\\/\\\/repliquemangacine.fr\\\/#organization\",\"name\":\"R\u00e9plique Manga Cin\u00e9\",\"url\":\"https:\\\/\\\/repliquemangacine.fr\\\/\",\"logo\":{\"@type\":\"ImageObject\",\"inLanguage\":\"de\",\"@id\":\"https:\\\/\\\/repliquemangacine.fr\\\/#\\\/schema\\\/logo\\\/image\\\/\",\"url\":\"https:\\\/\\\/repliquemangacine.fr\\\/wp-content\\\/uploads\\\/2023\\\/10\\\/RMC-500250.png\",\"contentUrl\":\"https:\\\/\\\/repliquemangacine.fr\\\/wp-content\\\/uploads\\\/2023\\\/10\\\/RMC-500250.png\",\"width\":500,\"height\":250,\"caption\":\"R\u00e9plique Manga Cin\u00e9\"},\"image\":{\"@id\":\"https:\\\/\\\/repliquemangacine.fr\\\/#\\\/schema\\\/logo\\\/image\\\/\"},\"sameAs\":[\"https:\\\/\\\/www.facebook.com\\\/RepliqueMangaCine\",\"https:\\\/\\\/www.instagram.com\\\/repliquemangacine.fr\\\/\"]}]}<\/script>\n<!-- \/ Yoast SEO plugin. -->","yoast_head_json":{"title":"Thanos' Doppelklingenschwert - R\u00e9plique Manga Cin\u00e9","description":"Entdecken Sie das Doppelklingenschwert von Thanos, das auch als Double-Edged Sword aus dem Marvel-Universum bekannt ist. Ganz aus Hartschaum. 110 cm","robots":{"index":"index","follow":"follow","max-snippet":"max-snippet:-1","max-image-preview":"max-image-preview:large","max-video-preview":"max-video-preview:-1"},"canonical":"https:\/\/repliquemangacine.fr\/de\/marvel-super-heros\/doppelklingenschwert-von-thanos\/","og_locale":"de_DE","og_type":"article","og_title":"\u00c9p\u00e9e double lames de Thanos - R\u00e9plique Manga Cin\u00e9","og_description":"D\u00e9couvrez l'\u00c9p\u00e9e double lames de Thanos, \u00e9galement connue sous le nom de Double-Edged Sword de l'univers Marvel. Tout en mousse rigide. 110 cm","og_url":"https:\/\/repliquemangacine.fr\/de\/marvel-super-heros\/doppelklingenschwert-von-thanos\/","og_site_name":"R\u00e9plique Manga Cin\u00e9","article_publisher":"https:\/\/www.facebook.com\/RepliqueMangaCine","article_modified_time":"2025-12-12T20:08:56+00:00","og_image":[{"width":500,"height":500,"url":"https:\/\/repliquemangacine.fr\/wp-content\/uploads\/2024\/06\/epee-double-de-thanos.jpg","type":"image\/jpeg"}],"twitter_card":"summary_large_image","twitter_misc":{"Gesch\u00e4tzte Lesezeit":"3\u00a0Minuten"},"schema":{"@context":"https:\/\/schema.org","@graph":[{"@type":"WebPage","@id":"https:\/\/repliquemangacine.fr\/super-heros-marvel\/epee-double-lames-de-thanos\/","url":"https:\/\/repliquemangacine.fr\/super-heros-marvel\/epee-double-lames-de-thanos\/","name":"Thanos' Doppelklingenschwert - R\u00e9plique Manga Cin\u00e9","isPartOf":{"@id":"https:\/\/repliquemangacine.fr\/#website"},"primaryImageOfPage":{"@id":"https:\/\/repliquemangacine.fr\/super-heros-marvel\/epee-double-lames-de-thanos\/#primaryimage"},"image":{"@id":"https:\/\/repliquemangacine.fr\/super-heros-marvel\/epee-double-lames-de-thanos\/#primaryimage"},"thumbnailUrl":"https:\/\/repliquemangacine.fr\/wp-content\/uploads\/2024\/06\/epee-double-de-thanos.jpg","datePublished":"2024-06-13T12:51:02+00:00","dateModified":"2025-12-12T20:08:56+00:00","description":"Entdecken Sie das Doppelklingenschwert von Thanos, das auch als Double-Edged Sword aus dem Marvel-Universum bekannt ist. Ganz aus Hartschaum. 110 cm","breadcrumb":{"@id":"https:\/\/repliquemangacine.fr\/super-heros-marvel\/epee-double-lames-de-thanos\/#breadcrumb"},"inLanguage":"de","potentialAction":[{"@type":"ReadAction","target":["https:\/\/repliquemangacine.fr\/super-heros-marvel\/epee-double-lames-de-thanos\/"]}]},{"@type":"ImageObject","inLanguage":"de","@id":"https:\/\/repliquemangacine.fr\/super-heros-marvel\/epee-double-lames-de-thanos\/#primaryimage","url":"https:\/\/repliquemangacine.fr\/wp-content\/uploads\/2024\/06\/epee-double-de-thanos.jpg","contentUrl":"https:\/\/repliquemangacine.fr\/wp-content\/uploads\/2024\/06\/epee-double-de-thanos.jpg","width":500,"height":500,"caption":"\u00c9p\u00e9e double lames de Thanos"},{"@type":"BreadcrumbList","@id":"https:\/\/repliquemangacine.fr\/super-heros-marvel\/epee-double-lames-de-thanos\/#breadcrumb","itemListElement":[{"@type":"ListItem","position":1,"name":"Accueil","item":"https:\/\/repliquemangacine.fr\/"},{"@type":"ListItem","position":2,"name":"Produits","item":"https:\/\/repliquemangacine.fr\/boutique\/"},{"@type":"ListItem","position":3,"name":"\u00c9p\u00e9e double lames de Thanos"}]},{"@type":"WebSite","@id":"https:\/\/repliquemangacine.fr\/#website","url":"https:\/\/repliquemangacine.fr\/","name":"R\u00e9plique Manga Cin\u00e9","description":"","publisher":{"@id":"https:\/\/repliquemangacine.fr\/#organization"},"potentialAction":[{"@type":"SearchAction","target":{"@type":"EntryPoint","urlTemplate":"https:\/\/repliquemangacine.fr\/?s={search_term_string}"},"query-input":{"@type":"PropertyValueSpecification","valueRequired":true,"valueName":"search_term_string"}}],"inLanguage":"de"},{"@type":"Organization","@id":"https:\/\/repliquemangacine.fr\/#organization","name":"R\u00e9plique Manga Cin\u00e9","url":"https:\/\/repliquemangacine.fr\/","logo":{"@type":"ImageObject","inLanguage":"de","@id":"https:\/\/repliquemangacine.fr\/#\/schema\/logo\/image\/","url":"https:\/\/repliquemangacine.fr\/wp-content\/uploads\/2023\/10\/RMC-500250.png","contentUrl":"https:\/\/repliquemangacine.fr\/wp-content\/uploads\/2023\/10\/RMC-500250.png","width":500,"height":250,"caption":"R\u00e9plique Manga Cin\u00e9"},"image":{"@id":"https:\/\/repliquemangacine.fr\/#\/schema\/logo\/image\/"},"sameAs":["https:\/\/www.facebook.com\/RepliqueMangaCine","https:\/\/www.instagram.com\/repliquemangacine.fr\/"]}]}},"_links":{"self":[{"href":"https:\/\/repliquemangacine.fr\/de\/wp-json\/wp\/v2\/product\/72710","targetHints":{"allow":["GET"]}}],"collection":[{"href":"https:\/\/repliquemangacine.fr\/de\/wp-json\/wp\/v2\/product"}],"about":[{"href":"https:\/\/repliquemangacine.fr\/de\/wp-json\/wp\/v2\/types\/product"}],"wp:featuredmedia":[{"embeddable":true,"href":"https:\/\/repliquemangacine.fr\/de\/wp-json\/wp\/v2\/media\/72721"}],"wp:attachment":[{"href":"https:\/\/repliquemangacine.fr\/de\/wp-json\/wp\/v2\/media?parent=72710"}],"wp:term":[{"taxonomy":"product_brand","embeddable":true,"href":"https:\/\/repliquemangacine.fr\/de\/wp-json\/wp\/v2\/product_brand?post=72710"},{"taxonomy":"product_cat","embeddable":true,"href":"https:\/\/repliquemangacine.fr\/de\/wp-json\/wp\/v2\/product_cat?post=72710"},{"taxonomy":"product_tag","embeddable":true,"href":"https:\/\/repliquemangacine.fr\/de\/wp-json\/wp\/v2\/product_tag?post=72710"}],"curies":[{"name":"wp","href":"https:\/\/api.w.org\/{rel}","templated":true}]}}