





{"id":72703,"date":"2024-06-12T17:52:57","date_gmt":"2024-06-12T15:52:57","guid":{"rendered":"https:\/\/repliquemangacine.fr\/?post_type=product&#038;p=72703"},"modified":"2025-12-12T16:18:48","modified_gmt":"2025-12-12T15:18:48","slug":"mjolnir-aus-schaumstoff-thorhammer","status":"publish","type":"product","link":"https:\/\/repliquemangacine.fr\/de\/super-heros-marvel\/mjolnir-en-mousse-marteau-de-thor\/","title":{"rendered":"Mjolnir aus Schaumstoff"},"content":{"rendered":"<h2>Mjolnir aus Schaumstoff: Thors Hammer<\/h2>\n<p>Zun\u00e4chst einmal ist Mjolnir aus Hartschaumstoff mit einer bemerkenswerten Verarbeitung der legend\u00e4re Hammer, den Thor, der Gott des Donners, im Marvel-Universum schwingt. Er ist eine der bekanntesten und m\u00e4chtigsten Waffen aus den Marvel-Comics und -Filmen.<\/p>\n<p>F\u00fcr Fans und Sammler sind auf unserer Website zahlreiche Repliken von Mjolnir erh\u00e4ltlich. Diese Repliken variieren in Gr\u00f6\u00dfe, Material und Details. Einige sind als Ausstellungsst\u00fccke konzipiert, andere hingegen als Cosplay-Accessoires.<\/p>\n<ul>\n<li><strong>Materialien<\/strong> : Auf verschiedene Arten hergestellt, n\u00e4mlich aus Kunstharz, Metall oder Hartschaum.<\/li>\n<li><strong>Details<\/strong> : Hochwertige Repliken beinhalten oft pr\u00e4zise Gravuren, realistische Oberfl\u00e4chenbearbeitungen und manchmal sogar Lichteffekte, um Thors Blitzkr\u00e4fte nachzuahmen.<\/li>\n<\/ul>\n<h2>Ursprung und Legende von Mjolnir<\/h2>\n<p>An erster Stelle steht Mjolnir, geschmiedet von den Zwergenbr\u00fcdern Brokkr und Eitri. Diese gelten als die talentiertesten Handwerker der Neun Reiche. Sie sind in der Lage, Waffen und Gegenst\u00e4nde von unvergleichlicher Kraft zu schmieden. Hergestellt aus einem seltenen, magischen Metall namens Uru. Dieses Material ist bekannt f\u00fcr seine F\u00e4higkeit, Zauber zu speichern und zu verst\u00e4rken.<br \/>\nDie Herstellung von Mjolnir erforderte eine Schmiede, die mit der Energie eines sterbenden Sterns betrieben wurde. Diese spezielle Schmiede, bekannt als \u201cEwigkeitsschmiede\u201d, nutzt die rohe Kraft des Universums, um Waffen von immenser Macht zu schmieden.<\/p>\n<p>Nach seiner Erschaffung wurde Mjolnir verzaubert von <a href=\"https:\/\/universcinematographiquemarvel.fandom.com\/fr\/wiki\/Odin_Borson\" target=\"_blank\" rel=\"noopener noreferrer\">Odin<\/a>Thors Vater, mit mehreren m\u00e4chtigen Zauberspr\u00fcchen:<\/p>\n<ul>\n<li><strong>Die W\u00fcrde<\/strong> : Der ber\u00fchmteste auf Mjolnir angebrachte Zauberspruch besagt: \"Jeder, der diesen Hammer h\u00e4lt, wird, wenn er w\u00fcrdig ist, die Macht Thors erhalten\". Inschrift auf dem Hammer eingraviert. Nur diejenigen, die ein reines Herz und einen ausgepr\u00e4gten Sinn f\u00fcr Ehre und Gerechtigkeit besitzen, k\u00f6nnen ihn heben.<\/li>\n<li><strong>Schutz<\/strong> : Mjolnir, mit herk\u00f6mmlichen Mitteln unzerst\u00f6rbar. Er ist daher in der Lage, kolossalen Kr\u00e4ften und magischen Angriffen zu widerstehen.<\/li>\n<li><strong>Verbindung zu Thor<\/strong> : Schlie\u00dflich ist der Hammer auf magische Weise mit Thor verbunden. Er kann zu seiner Hand zur\u00fcckkehren, wenn er sie ruft, sogar \u00fcber gro\u00dfe Entfernungen und verschiedene Dimensionen hinweg.<\/li>\n<\/ul>\n<h2>Tauchen Sie mit unseren Spr\u00fcchen in das Marvel-Universum ein.<\/h2>\n<p>Entdecken Sie unsere au\u00dfergew\u00f6hnliche Sammlung von Repliken aus dem Marvel-Universum, die sich perfekt f\u00fcr Fans und Sammler eignen. Wir bieten eine vielf\u00e4ltige Auswahl an Produkten, die jeweils mit akribischer Liebe zum Detail entworfen wurden.<\/p>\n<ul>\n<li>Bewundern Sie den <a href=\"https:\/\/repliquemangacine.fr\/de\/marvel-super-heros\/captain-america-schild-luxusversion\/\">Schild von Captain America<\/a>Ein Symbol f\u00fcr die Tapferkeit und F\u00fchrungsst\u00e4rke von Steve Rogers. Hergestellt aus hochwertigen Materialien f\u00fcr eine unvergleichliche Authentizit\u00e4t.<\/li>\n<li>Anschlie\u00dfend wird der <a href=\"https:\/\/repliquemangacine.fr\/de\/marvel-super-heros\/arc-reactor-mk1-iron-man-herz-reaktor\/\">Iron Mans Herz<\/a>Der Miniatur-Arc-Reaktor, der den Einfallsreichtum und die Entschlossenheit von Tony Stark symbolisiert.<\/li>\n<li>Und schlie\u00dflich bieten wir f\u00fcr die Liebhaber der kosmischen Kraft den <a href=\"https:\/\/repliquemangacine.fr\/de\/marvel-super-heros\/replik-des-nano-gauntlet-version-hulk\/\">Nano Gauntlet von Hulk<\/a>. Eine originalgetreue Nachbildung des Handschuhs, der zum Hantieren mit den Infinity-Steinen verwendet wurde. Damit kann der Hulk das Universum retten.<\/li>\n<\/ul>\n<p>Zusammenfassend l\u00e4sst sich sagen, dass jedes St\u00fcck unserer Marvel-Kollektion, eine Hommage an diese legend\u00e4ren Helden ist und gleichzeitig einen Hauch des Marvel-Universums in Ihr Zuhause bringt.<\/p>","protected":false},"excerpt":{"rendered":"<p>Wundersch\u00f6nes Replikat in Schaumstoffversion von Thors Hammer: Mjolnir.<\/p>\n<ul>\n<li>Die Masse ist ganz aus Hartschaum<\/li>\n<li>Fein detaillierter Harzstiel<\/li>\n<li>Extrem gute Verarbeitung<\/li>\n<li>L\u00e4nge: 44 cm<\/li>\n<\/ul>","protected":false},"featured_media":72706,"template":"","meta":[],"product_brand":[896],"product_cat":[59],"product_tag":[],"class_list":{"0":"post-72703","1":"product","2":"type-product","3":"status-publish","4":"has-post-thumbnail","6":"product_brand-replique-manga-cine","7":"product_cat-super-heros-marvel","9":"first","10":"instock","11":"taxable","12":"shipping-taxable","13":"purchasable","14":"product-type-simple"},"yoast_head":"<!-- This site is optimized with the Yoast SEO plugin v27.5 - https:\/\/yoast.com\/product\/yoast-seo-wordpress\/ -->\n<title>Mjolnir en mousse - Marteau de Thor - R\u00e9plique Manga Cin\u00e9<\/title>\n<meta name=\"description\" content=\"D\u00e9couvrez cette superbe r\u00e9plique de Mjolnir en mousse. Ce marteau de Thor est d&#039;une finition remarquable. Sans danger pour les enfants. 44 cm\" \/>\n<meta name=\"robots\" content=\"index, follow, max-snippet:-1, max-image-preview:large, max-video-preview:-1\" \/>\n<link rel=\"canonical\" href=\"https:\/\/repliquemangacine.fr\/de\/marvel-super-heros\/mjolnir-aus-schaumstoff-thorhammer\/\" \/>\n<meta property=\"og:locale\" content=\"de_DE\" \/>\n<meta property=\"og:type\" content=\"article\" \/>\n<meta property=\"og:title\" content=\"Mjolnir en mousse - Marteau de Thor - R\u00e9plique Manga Cin\u00e9\" \/>\n<meta property=\"og:description\" content=\"D\u00e9couvrez cette superbe r\u00e9plique de Mjolnir en mousse. Ce marteau de Thor est d&#039;une finition remarquable. Sans danger pour les enfants. 44 cm\" \/>\n<meta property=\"og:url\" content=\"https:\/\/repliquemangacine.fr\/de\/marvel-super-heros\/mjolnir-aus-schaumstoff-thorhammer\/\" \/>\n<meta property=\"og:site_name\" content=\"R\u00e9plique Manga Cin\u00e9\" \/>\n<meta property=\"article:publisher\" content=\"https:\/\/www.facebook.com\/RepliqueMangaCine\" \/>\n<meta property=\"article:modified_time\" content=\"2025-12-12T15:18:48+00:00\" \/>\n<meta property=\"og:image\" content=\"https:\/\/repliquemangacine.fr\/wp-content\/uploads\/2024\/06\/marteau-de-thor-en-mousse.jpg\" \/>\n\t<meta property=\"og:image:width\" content=\"500\" \/>\n\t<meta property=\"og:image:height\" content=\"500\" \/>\n\t<meta property=\"og:image:type\" content=\"image\/jpeg\" \/>\n<meta name=\"twitter:card\" content=\"summary_large_image\" \/>\n<meta name=\"twitter:label1\" content=\"Gesch\u00e4tzte Lesezeit\" \/>\n\t<meta name=\"twitter:data1\" content=\"3\u00a0Minuten\" \/>\n<script type=\"application\/ld+json\" class=\"yoast-schema-graph\">{\"@context\":\"https:\\\/\\\/schema.org\",\"@graph\":[{\"@type\":\"WebPage\",\"@id\":\"https:\\\/\\\/repliquemangacine.fr\\\/super-heros-marvel\\\/mjolnir-en-mousse-marteau-de-thor\\\/\",\"url\":\"https:\\\/\\\/repliquemangacine.fr\\\/super-heros-marvel\\\/mjolnir-en-mousse-marteau-de-thor\\\/\",\"name\":\"Mjolnir en mousse - Marteau de Thor - R\u00e9plique Manga Cin\u00e9\",\"isPartOf\":{\"@id\":\"https:\\\/\\\/repliquemangacine.fr\\\/#website\"},\"primaryImageOfPage\":{\"@id\":\"https:\\\/\\\/repliquemangacine.fr\\\/super-heros-marvel\\\/mjolnir-en-mousse-marteau-de-thor\\\/#primaryimage\"},\"image\":{\"@id\":\"https:\\\/\\\/repliquemangacine.fr\\\/super-heros-marvel\\\/mjolnir-en-mousse-marteau-de-thor\\\/#primaryimage\"},\"thumbnailUrl\":\"https:\\\/\\\/repliquemangacine.fr\\\/wp-content\\\/uploads\\\/2024\\\/06\\\/marteau-de-thor-en-mousse.jpg\",\"datePublished\":\"2024-06-12T15:52:57+00:00\",\"dateModified\":\"2025-12-12T15:18:48+00:00\",\"description\":\"D\u00e9couvrez cette superbe r\u00e9plique de Mjolnir en mousse. Ce marteau de Thor est d'une finition remarquable. Sans danger pour les enfants. 44 cm\",\"breadcrumb\":{\"@id\":\"https:\\\/\\\/repliquemangacine.fr\\\/super-heros-marvel\\\/mjolnir-en-mousse-marteau-de-thor\\\/#breadcrumb\"},\"inLanguage\":\"de\",\"potentialAction\":[{\"@type\":\"ReadAction\",\"target\":[\"https:\\\/\\\/repliquemangacine.fr\\\/super-heros-marvel\\\/mjolnir-en-mousse-marteau-de-thor\\\/\"]}]},{\"@type\":\"ImageObject\",\"inLanguage\":\"de\",\"@id\":\"https:\\\/\\\/repliquemangacine.fr\\\/super-heros-marvel\\\/mjolnir-en-mousse-marteau-de-thor\\\/#primaryimage\",\"url\":\"https:\\\/\\\/repliquemangacine.fr\\\/wp-content\\\/uploads\\\/2024\\\/06\\\/marteau-de-thor-en-mousse.jpg\",\"contentUrl\":\"https:\\\/\\\/repliquemangacine.fr\\\/wp-content\\\/uploads\\\/2024\\\/06\\\/marteau-de-thor-en-mousse.jpg\",\"width\":500,\"height\":500,\"caption\":\"Mjolnir en mousse, Marteau de Thor\"},{\"@type\":\"BreadcrumbList\",\"@id\":\"https:\\\/\\\/repliquemangacine.fr\\\/super-heros-marvel\\\/mjolnir-en-mousse-marteau-de-thor\\\/#breadcrumb\",\"itemListElement\":[{\"@type\":\"ListItem\",\"position\":1,\"name\":\"Accueil\",\"item\":\"https:\\\/\\\/repliquemangacine.fr\\\/\"},{\"@type\":\"ListItem\",\"position\":2,\"name\":\"Produits\",\"item\":\"https:\\\/\\\/repliquemangacine.fr\\\/boutique\\\/\"},{\"@type\":\"ListItem\",\"position\":3,\"name\":\"Mjolnir en mousse\"}]},{\"@type\":\"WebSite\",\"@id\":\"https:\\\/\\\/repliquemangacine.fr\\\/#website\",\"url\":\"https:\\\/\\\/repliquemangacine.fr\\\/\",\"name\":\"R\u00e9plique Manga Cin\u00e9\",\"description\":\"\",\"publisher\":{\"@id\":\"https:\\\/\\\/repliquemangacine.fr\\\/#organization\"},\"potentialAction\":[{\"@type\":\"SearchAction\",\"target\":{\"@type\":\"EntryPoint\",\"urlTemplate\":\"https:\\\/\\\/repliquemangacine.fr\\\/?s={search_term_string}\"},\"query-input\":{\"@type\":\"PropertyValueSpecification\",\"valueRequired\":true,\"valueName\":\"search_term_string\"}}],\"inLanguage\":\"de\"},{\"@type\":\"Organization\",\"@id\":\"https:\\\/\\\/repliquemangacine.fr\\\/#organization\",\"name\":\"R\u00e9plique Manga Cin\u00e9\",\"url\":\"https:\\\/\\\/repliquemangacine.fr\\\/\",\"logo\":{\"@type\":\"ImageObject\",\"inLanguage\":\"de\",\"@id\":\"https:\\\/\\\/repliquemangacine.fr\\\/#\\\/schema\\\/logo\\\/image\\\/\",\"url\":\"https:\\\/\\\/repliquemangacine.fr\\\/wp-content\\\/uploads\\\/2023\\\/10\\\/RMC-500250.png\",\"contentUrl\":\"https:\\\/\\\/repliquemangacine.fr\\\/wp-content\\\/uploads\\\/2023\\\/10\\\/RMC-500250.png\",\"width\":500,\"height\":250,\"caption\":\"R\u00e9plique Manga Cin\u00e9\"},\"image\":{\"@id\":\"https:\\\/\\\/repliquemangacine.fr\\\/#\\\/schema\\\/logo\\\/image\\\/\"},\"sameAs\":[\"https:\\\/\\\/www.facebook.com\\\/RepliqueMangaCine\",\"https:\\\/\\\/www.instagram.com\\\/repliquemangacine.fr\\\/\"]}]}<\/script>\n<!-- \/ Yoast SEO plugin. -->","yoast_head_json":{"title":"Mjolnir aus Schaumstoff - Thors Hammer - R\u00e9plique Manga Cin\u00e9","description":"Entdecken Sie diese gro\u00dfartige Replik von Mjolnir aus Schaumstoff. Dieser Hammer von Thor ist hervorragend verarbeitet. Sicher f\u00fcr Kinder. 44 cm","robots":{"index":"index","follow":"follow","max-snippet":"max-snippet:-1","max-image-preview":"max-image-preview:large","max-video-preview":"max-video-preview:-1"},"canonical":"https:\/\/repliquemangacine.fr\/de\/marvel-super-heros\/mjolnir-aus-schaumstoff-thorhammer\/","og_locale":"de_DE","og_type":"article","og_title":"Mjolnir en mousse - Marteau de Thor - R\u00e9plique Manga Cin\u00e9","og_description":"D\u00e9couvrez cette superbe r\u00e9plique de Mjolnir en mousse. Ce marteau de Thor est d'une finition remarquable. Sans danger pour les enfants. 44 cm","og_url":"https:\/\/repliquemangacine.fr\/de\/marvel-super-heros\/mjolnir-aus-schaumstoff-thorhammer\/","og_site_name":"R\u00e9plique Manga Cin\u00e9","article_publisher":"https:\/\/www.facebook.com\/RepliqueMangaCine","article_modified_time":"2025-12-12T15:18:48+00:00","og_image":[{"width":500,"height":500,"url":"https:\/\/repliquemangacine.fr\/wp-content\/uploads\/2024\/06\/marteau-de-thor-en-mousse.jpg","type":"image\/jpeg"}],"twitter_card":"summary_large_image","twitter_misc":{"Gesch\u00e4tzte Lesezeit":"3\u00a0Minuten"},"schema":{"@context":"https:\/\/schema.org","@graph":[{"@type":"WebPage","@id":"https:\/\/repliquemangacine.fr\/super-heros-marvel\/mjolnir-en-mousse-marteau-de-thor\/","url":"https:\/\/repliquemangacine.fr\/super-heros-marvel\/mjolnir-en-mousse-marteau-de-thor\/","name":"Mjolnir aus Schaumstoff - Thors Hammer - R\u00e9plique Manga Cin\u00e9","isPartOf":{"@id":"https:\/\/repliquemangacine.fr\/#website"},"primaryImageOfPage":{"@id":"https:\/\/repliquemangacine.fr\/super-heros-marvel\/mjolnir-en-mousse-marteau-de-thor\/#primaryimage"},"image":{"@id":"https:\/\/repliquemangacine.fr\/super-heros-marvel\/mjolnir-en-mousse-marteau-de-thor\/#primaryimage"},"thumbnailUrl":"https:\/\/repliquemangacine.fr\/wp-content\/uploads\/2024\/06\/marteau-de-thor-en-mousse.jpg","datePublished":"2024-06-12T15:52:57+00:00","dateModified":"2025-12-12T15:18:48+00:00","description":"Entdecken Sie diese gro\u00dfartige Replik von Mjolnir aus Schaumstoff. Dieser Hammer von Thor ist hervorragend verarbeitet. Sicher f\u00fcr Kinder. 44 cm","breadcrumb":{"@id":"https:\/\/repliquemangacine.fr\/super-heros-marvel\/mjolnir-en-mousse-marteau-de-thor\/#breadcrumb"},"inLanguage":"de","potentialAction":[{"@type":"ReadAction","target":["https:\/\/repliquemangacine.fr\/super-heros-marvel\/mjolnir-en-mousse-marteau-de-thor\/"]}]},{"@type":"ImageObject","inLanguage":"de","@id":"https:\/\/repliquemangacine.fr\/super-heros-marvel\/mjolnir-en-mousse-marteau-de-thor\/#primaryimage","url":"https:\/\/repliquemangacine.fr\/wp-content\/uploads\/2024\/06\/marteau-de-thor-en-mousse.jpg","contentUrl":"https:\/\/repliquemangacine.fr\/wp-content\/uploads\/2024\/06\/marteau-de-thor-en-mousse.jpg","width":500,"height":500,"caption":"Mjolnir en mousse, Marteau de Thor"},{"@type":"BreadcrumbList","@id":"https:\/\/repliquemangacine.fr\/super-heros-marvel\/mjolnir-en-mousse-marteau-de-thor\/#breadcrumb","itemListElement":[{"@type":"ListItem","position":1,"name":"Accueil","item":"https:\/\/repliquemangacine.fr\/"},{"@type":"ListItem","position":2,"name":"Produits","item":"https:\/\/repliquemangacine.fr\/boutique\/"},{"@type":"ListItem","position":3,"name":"Mjolnir en mousse"}]},{"@type":"WebSite","@id":"https:\/\/repliquemangacine.fr\/#website","url":"https:\/\/repliquemangacine.fr\/","name":"R\u00e9plique Manga Cin\u00e9","description":"","publisher":{"@id":"https:\/\/repliquemangacine.fr\/#organization"},"potentialAction":[{"@type":"SearchAction","target":{"@type":"EntryPoint","urlTemplate":"https:\/\/repliquemangacine.fr\/?s={search_term_string}"},"query-input":{"@type":"PropertyValueSpecification","valueRequired":true,"valueName":"search_term_string"}}],"inLanguage":"de"},{"@type":"Organization","@id":"https:\/\/repliquemangacine.fr\/#organization","name":"R\u00e9plique Manga Cin\u00e9","url":"https:\/\/repliquemangacine.fr\/","logo":{"@type":"ImageObject","inLanguage":"de","@id":"https:\/\/repliquemangacine.fr\/#\/schema\/logo\/image\/","url":"https:\/\/repliquemangacine.fr\/wp-content\/uploads\/2023\/10\/RMC-500250.png","contentUrl":"https:\/\/repliquemangacine.fr\/wp-content\/uploads\/2023\/10\/RMC-500250.png","width":500,"height":250,"caption":"R\u00e9plique Manga Cin\u00e9"},"image":{"@id":"https:\/\/repliquemangacine.fr\/#\/schema\/logo\/image\/"},"sameAs":["https:\/\/www.facebook.com\/RepliqueMangaCine","https:\/\/www.instagram.com\/repliquemangacine.fr\/"]}]}},"_links":{"self":[{"href":"https:\/\/repliquemangacine.fr\/de\/wp-json\/wp\/v2\/product\/72703","targetHints":{"allow":["GET"]}}],"collection":[{"href":"https:\/\/repliquemangacine.fr\/de\/wp-json\/wp\/v2\/product"}],"about":[{"href":"https:\/\/repliquemangacine.fr\/de\/wp-json\/wp\/v2\/types\/product"}],"wp:featuredmedia":[{"embeddable":true,"href":"https:\/\/repliquemangacine.fr\/de\/wp-json\/wp\/v2\/media\/72706"}],"wp:attachment":[{"href":"https:\/\/repliquemangacine.fr\/de\/wp-json\/wp\/v2\/media?parent=72703"}],"wp:term":[{"taxonomy":"product_brand","embeddable":true,"href":"https:\/\/repliquemangacine.fr\/de\/wp-json\/wp\/v2\/product_brand?post=72703"},{"taxonomy":"product_cat","embeddable":true,"href":"https:\/\/repliquemangacine.fr\/de\/wp-json\/wp\/v2\/product_cat?post=72703"},{"taxonomy":"product_tag","embeddable":true,"href":"https:\/\/repliquemangacine.fr\/de\/wp-json\/wp\/v2\/product_tag?post=72703"}],"curies":[{"name":"wp","href":"https:\/\/api.w.org\/{rel}","templated":true}]}}