





{"id":72696,"date":"2024-06-12T15:55:50","date_gmt":"2024-06-12T13:55:50","guid":{"rendered":"https:\/\/repliquemangacine.fr\/?post_type=product&#038;p=72696"},"modified":"2026-04-29T15:47:18","modified_gmt":"2026-04-29T13:47:18","slug":"bokken-dragon-aus-holz","status":"publish","type":"product","link":"https:\/\/repliquemangacine.fr\/de\/katanas-le-dernier-samourai\/bokken-dragon-en-bois\/","title":{"rendered":"Bokken Drache aus Holz"},"content":{"rendered":"<h2>Bokken Dragon aus Holz: das unentbehrliche Werkzeug f\u00fcr die japanischen Kampfk\u00fcnste<\/h2>\n<p>Zun\u00e4chst einmal unser h\u00f6lzernes Bokken Dragon, das f\u00fcr ernsthafte Praktizierende der <a href=\"https:\/\/www.larousse.fr\/encyclopedie\/divers\/arts_martiaux\/68448\" target=\"_blank\" rel=\"noopener noreferrer\">Kampfk\u00fcnste<\/a> Japanisch. Hergestellt aus hochwertigem Hartholz. Verziert mit einem wundersch\u00f6nen Drachenmotiv, das Kraft und Weisheit symbolisiert. Ideal f\u00fcr das Training in Kendo, Aikido, Kenjutsu und Iaido. Dar\u00fcber hinaus k\u00f6nnen Sie damit Ihre Techniken in aller Sicherheit perfektionieren.<\/p>\n<p>Es ist zu betonen, dass das Bokken in Japan als sichere Alternative zu echten Katanas f\u00fcr das Schwerttraining entwickelt wurde. Das seit Jahrhunderten verwendete Bokken erm\u00f6glicht es den Trainierenden, Schnitt-, Block- und Abwehrtechniken ohne die mit einer scharfen Klinge verbundenen Risiken zu \u00fcben.<\/p>\n<h3>Arten von Bokken<\/h3>\n<ul>\n<li><strong>Standard Bokken<\/strong> : Das h\u00e4ufigste Modell, das oft im Kendo und Aikido verwendet wird.<\/li>\n<li><strong>Suburi Bokken<\/strong> : Schwerer und dicker, wird f\u00fcr Suburi-\u00dcbungen (wiederholte Schnitte) verwendet, um die Muskeln zu st\u00e4rken.<\/li>\n<li><strong>Koryu Bokken<\/strong> : Spezielle Modelle der traditionellen Kenjutsu-Schulen, die je nach Stil in Form und Gr\u00f6\u00dfe variieren.<\/li>\n<\/ul>\n<h2>Eigenschaften und Vorteile des Bokken Dragon aus Holz<\/h2>\n<p>An erster Stelle steht die Sicherheit, denn es erm\u00f6glicht ein sicheres Training ohne Schnittgefahr. Was das Lernen angeht, hilft das Bokken dabei, Technik, Pr\u00e4zision und Muskelkraft zu entwickeln.<\/p>\n<p>Zusammenfassend l\u00e4sst sich sagen, dass unser Bokken Dragon aus Holz au\u00dfergew\u00f6hnliche Robustheit und Langlebigkeit bietet. Hier sind einige seiner wichtigsten Merkmale:<\/p>\n<ul>\n<li><strong>Material<\/strong> : Ausgew\u00e4hltes Hartholz, sto\u00dffest und langlebig.<\/li>\n<li><strong>Abmessungen<\/strong> : Gesamtl\u00e4nge von 101 cm, mit einer Klinge von 75 cm und einem Griff von 30 cm.<\/li>\n<li><strong>Gewicht<\/strong> : Etwa 700 Gramm, ideal f\u00fcr ein perfektes Gleichgewicht zwischen Man\u00f6vrierf\u00e4higkeit und Realismus.<\/li>\n<li><strong>Design<\/strong> : Handgraviertes Drachenmotiv, das Ihrem Training eine \u00e4sthetische und symbolische Note verleiht.<\/li>\n<li><strong>Verwendung<\/strong> : Perfekt f\u00fcr Kata, Schnitttechniken und Suburi-\u00dcbungen.<\/li>\n<\/ul>\n<h2>Vervollst\u00e4ndigen Sie Ihre Sammlung mit unseren Metall-Katanas<\/h2>\n<p>Zus\u00e4tzlich zu unserem Bokken Dragon aus Holz bieten wir eine Reihe von Katanas aus Metall f\u00fcr Liebhaber und Sammler an. Entdecken Sie unsere originalgetreuen und hochwertigen Repliken wie:<\/p>\n<p>Erleben Sie die Zeit der Samurai mit unserer Nachbildung des <a href=\"https:\/\/repliquemangacine.fr\/de\/katanas-der-letzte-samurai\/katana-des-letzten-samurai-the-last-samourai\/\">Katana des Letzten Samurai<\/a> im Film verwendet. Dieses Katana wurde mit unglaublicher Liebe zum Detail hergestellt und ist perfekt f\u00fcr Filmfans und Liebhaber der Samurai-Geschichte.<\/p>\n<p>Tauchen Sie zum Abschluss ein in die Welt der Ninjas mit unseren <a href=\"https:\/\/repliquemangacine.fr\/de\/katana-dekoration\/katana-ninja-blasrohr-ninjato\/\">ninjatos<\/a> von hoher Qualit\u00e4t. Diese kurzen, effektiven Klingen sind ideal f\u00fcr Kampfsportfans und Sammler. Jedes Ninjato wird pr\u00e4zise gefertigt, um Authentizit\u00e4t und optimale Leistung zu gew\u00e4hrleisten.<\/p>","protected":false},"excerpt":{"rendered":"<p>Wundersch\u00f6nes Bokken Dragon aus Holz f\u00fcr Ihr Kendo- und Aikidotraining.<\/p>\n<ul>\n<li>Ganz aus Holz<\/li>\n<li>Gravur eines Drachen<\/li>\n<li>Griff mit schwarzem Baumwollgeflecht \u00fcberzogen, damit er gut in der Hand liegt.<\/li>\n<li>ABS-Gardine mit Gummikappe<\/li>\n<li>L\u00e4nge: 1 m<\/li>\n<\/ul>","protected":false},"featured_media":72697,"template":"","meta":[],"product_brand":[896],"product_cat":[50,26,32,88],"product_tag":[],"class_list":{"0":"post-72696","1":"product","2":"type-product","3":"status-publish","4":"has-post-thumbnail","6":"product_brand-replique-manga-cine","7":"product_cat-accessoires-katana","8":"product_cat-katana-epee","9":"product_cat-katana-decoration","10":"product_cat-katanas-le-dernier-samourai","12":"first","13":"instock","14":"taxable","15":"shipping-taxable","16":"purchasable","17":"product-type-simple"},"yoast_head":"<!-- This site is optimized with the Yoast SEO plugin v27.5 - https:\/\/yoast.com\/product\/yoast-seo-wordpress\/ -->\n<title>Bokken Dragon en bois - Sabre d&#039;entrainement - R\u00e9plique Manga Cin\u00e9<\/title>\n<meta name=\"description\" content=\"D\u00e9couvrez ce superbe Bokken Dragon en bois. Id\u00e9al pour vos entrainements de Kendo ou d&#039;A\u00efkido. Ce sabre en bois reprend les caract\u00e9ristiques du katana.\" \/>\n<meta name=\"robots\" content=\"index, follow, max-snippet:-1, max-image-preview:large, max-video-preview:-1\" \/>\n<link rel=\"canonical\" href=\"https:\/\/repliquemangacine.fr\/de\/katanas-der-letzte-samurai\/bokken-dragon-aus-holz\/\" \/>\n<meta property=\"og:locale\" content=\"de_DE\" \/>\n<meta property=\"og:type\" content=\"article\" \/>\n<meta property=\"og:title\" content=\"Bokken Dragon en bois - Sabre d&#039;entrainement - R\u00e9plique Manga Cin\u00e9\" \/>\n<meta property=\"og:description\" content=\"D\u00e9couvrez ce superbe Bokken Dragon en bois. Id\u00e9al pour vos entrainements de Kendo ou d&#039;A\u00efkido. Ce sabre en bois reprend les caract\u00e9ristiques du katana.\" \/>\n<meta property=\"og:url\" content=\"https:\/\/repliquemangacine.fr\/de\/katanas-der-letzte-samurai\/bokken-dragon-aus-holz\/\" \/>\n<meta property=\"og:site_name\" content=\"R\u00e9plique Manga Cin\u00e9\" \/>\n<meta property=\"article:publisher\" content=\"https:\/\/www.facebook.com\/RepliqueMangaCine\" \/>\n<meta property=\"article:modified_time\" content=\"2026-04-29T13:47:18+00:00\" \/>\n<meta property=\"og:image\" content=\"https:\/\/repliquemangacine.fr\/wp-content\/uploads\/2024\/06\/bokken-dragon.jpg\" \/>\n\t<meta property=\"og:image:width\" content=\"500\" \/>\n\t<meta property=\"og:image:height\" content=\"500\" \/>\n\t<meta property=\"og:image:type\" content=\"image\/jpeg\" \/>\n<meta name=\"twitter:card\" content=\"summary_large_image\" \/>\n<meta name=\"twitter:label1\" content=\"Gesch\u00e4tzte Lesezeit\" \/>\n\t<meta name=\"twitter:data1\" content=\"3\u00a0Minuten\" \/>\n<script type=\"application\/ld+json\" class=\"yoast-schema-graph\">{\"@context\":\"https:\\\/\\\/schema.org\",\"@graph\":[{\"@type\":\"WebPage\",\"@id\":\"https:\\\/\\\/repliquemangacine.fr\\\/katanas-le-dernier-samourai\\\/bokken-dragon-en-bois\\\/\",\"url\":\"https:\\\/\\\/repliquemangacine.fr\\\/katanas-le-dernier-samourai\\\/bokken-dragon-en-bois\\\/\",\"name\":\"Bokken Dragon en bois - Sabre d'entrainement - R\u00e9plique Manga Cin\u00e9\",\"isPartOf\":{\"@id\":\"https:\\\/\\\/repliquemangacine.fr\\\/#website\"},\"primaryImageOfPage\":{\"@id\":\"https:\\\/\\\/repliquemangacine.fr\\\/katanas-le-dernier-samourai\\\/bokken-dragon-en-bois\\\/#primaryimage\"},\"image\":{\"@id\":\"https:\\\/\\\/repliquemangacine.fr\\\/katanas-le-dernier-samourai\\\/bokken-dragon-en-bois\\\/#primaryimage\"},\"thumbnailUrl\":\"https:\\\/\\\/repliquemangacine.fr\\\/wp-content\\\/uploads\\\/2024\\\/06\\\/bokken-dragon.jpg\",\"datePublished\":\"2024-06-12T13:55:50+00:00\",\"dateModified\":\"2026-04-29T13:47:18+00:00\",\"description\":\"D\u00e9couvrez ce superbe Bokken Dragon en bois. Id\u00e9al pour vos entrainements de Kendo ou d'A\u00efkido. Ce sabre en bois reprend les caract\u00e9ristiques du katana.\",\"breadcrumb\":{\"@id\":\"https:\\\/\\\/repliquemangacine.fr\\\/katanas-le-dernier-samourai\\\/bokken-dragon-en-bois\\\/#breadcrumb\"},\"inLanguage\":\"de\",\"potentialAction\":[{\"@type\":\"ReadAction\",\"target\":[\"https:\\\/\\\/repliquemangacine.fr\\\/katanas-le-dernier-samourai\\\/bokken-dragon-en-bois\\\/\"]}]},{\"@type\":\"ImageObject\",\"inLanguage\":\"de\",\"@id\":\"https:\\\/\\\/repliquemangacine.fr\\\/katanas-le-dernier-samourai\\\/bokken-dragon-en-bois\\\/#primaryimage\",\"url\":\"https:\\\/\\\/repliquemangacine.fr\\\/wp-content\\\/uploads\\\/2024\\\/06\\\/bokken-dragon.jpg\",\"contentUrl\":\"https:\\\/\\\/repliquemangacine.fr\\\/wp-content\\\/uploads\\\/2024\\\/06\\\/bokken-dragon.jpg\",\"width\":500,\"height\":500,\"caption\":\"Bokken Dragon en bois id\u00e9al pour entrainement pour Kendo et A\u00efkido\"},{\"@type\":\"BreadcrumbList\",\"@id\":\"https:\\\/\\\/repliquemangacine.fr\\\/katanas-le-dernier-samourai\\\/bokken-dragon-en-bois\\\/#breadcrumb\",\"itemListElement\":[{\"@type\":\"ListItem\",\"position\":1,\"name\":\"Accueil\",\"item\":\"https:\\\/\\\/repliquemangacine.fr\\\/\"},{\"@type\":\"ListItem\",\"position\":2,\"name\":\"Produits\",\"item\":\"https:\\\/\\\/repliquemangacine.fr\\\/boutique\\\/\"},{\"@type\":\"ListItem\",\"position\":3,\"name\":\"Bokken Dragon en bois\"}]},{\"@type\":\"WebSite\",\"@id\":\"https:\\\/\\\/repliquemangacine.fr\\\/#website\",\"url\":\"https:\\\/\\\/repliquemangacine.fr\\\/\",\"name\":\"R\u00e9plique Manga Cin\u00e9\",\"description\":\"\",\"publisher\":{\"@id\":\"https:\\\/\\\/repliquemangacine.fr\\\/#organization\"},\"potentialAction\":[{\"@type\":\"SearchAction\",\"target\":{\"@type\":\"EntryPoint\",\"urlTemplate\":\"https:\\\/\\\/repliquemangacine.fr\\\/?s={search_term_string}\"},\"query-input\":{\"@type\":\"PropertyValueSpecification\",\"valueRequired\":true,\"valueName\":\"search_term_string\"}}],\"inLanguage\":\"de\"},{\"@type\":\"Organization\",\"@id\":\"https:\\\/\\\/repliquemangacine.fr\\\/#organization\",\"name\":\"R\u00e9plique Manga Cin\u00e9\",\"url\":\"https:\\\/\\\/repliquemangacine.fr\\\/\",\"logo\":{\"@type\":\"ImageObject\",\"inLanguage\":\"de\",\"@id\":\"https:\\\/\\\/repliquemangacine.fr\\\/#\\\/schema\\\/logo\\\/image\\\/\",\"url\":\"https:\\\/\\\/repliquemangacine.fr\\\/wp-content\\\/uploads\\\/2023\\\/10\\\/RMC-500250.png\",\"contentUrl\":\"https:\\\/\\\/repliquemangacine.fr\\\/wp-content\\\/uploads\\\/2023\\\/10\\\/RMC-500250.png\",\"width\":500,\"height\":250,\"caption\":\"R\u00e9plique Manga Cin\u00e9\"},\"image\":{\"@id\":\"https:\\\/\\\/repliquemangacine.fr\\\/#\\\/schema\\\/logo\\\/image\\\/\"},\"sameAs\":[\"https:\\\/\\\/www.facebook.com\\\/RepliqueMangaCine\",\"https:\\\/\\\/www.instagram.com\\\/repliquemangacine.fr\\\/\"]}]}<\/script>\n<!-- \/ Yoast SEO plugin. -->","yoast_head_json":{"title":"Bokken Dragon aus Holz - \u00dcbungsschwert - R\u00e9plique Manga Cin\u00e9","description":"Entdecken Sie dieses wundersch\u00f6ne Bokken Dragon aus Holz. Ideal f\u00fcr Ihr Kendo- oder Aikidotraining. Dieses Holzschwert \u00fcbernimmt die Merkmale des Katana.","robots":{"index":"index","follow":"follow","max-snippet":"max-snippet:-1","max-image-preview":"max-image-preview:large","max-video-preview":"max-video-preview:-1"},"canonical":"https:\/\/repliquemangacine.fr\/de\/katanas-der-letzte-samurai\/bokken-dragon-aus-holz\/","og_locale":"de_DE","og_type":"article","og_title":"Bokken Dragon en bois - Sabre d'entrainement - R\u00e9plique Manga Cin\u00e9","og_description":"D\u00e9couvrez ce superbe Bokken Dragon en bois. Id\u00e9al pour vos entrainements de Kendo ou d'A\u00efkido. Ce sabre en bois reprend les caract\u00e9ristiques du katana.","og_url":"https:\/\/repliquemangacine.fr\/de\/katanas-der-letzte-samurai\/bokken-dragon-aus-holz\/","og_site_name":"R\u00e9plique Manga Cin\u00e9","article_publisher":"https:\/\/www.facebook.com\/RepliqueMangaCine","article_modified_time":"2026-04-29T13:47:18+00:00","og_image":[{"width":500,"height":500,"url":"https:\/\/repliquemangacine.fr\/wp-content\/uploads\/2024\/06\/bokken-dragon.jpg","type":"image\/jpeg"}],"twitter_card":"summary_large_image","twitter_misc":{"Gesch\u00e4tzte Lesezeit":"3\u00a0Minuten"},"schema":{"@context":"https:\/\/schema.org","@graph":[{"@type":"WebPage","@id":"https:\/\/repliquemangacine.fr\/katanas-le-dernier-samourai\/bokken-dragon-en-bois\/","url":"https:\/\/repliquemangacine.fr\/katanas-le-dernier-samourai\/bokken-dragon-en-bois\/","name":"Bokken Dragon aus Holz - \u00dcbungsschwert - R\u00e9plique Manga Cin\u00e9","isPartOf":{"@id":"https:\/\/repliquemangacine.fr\/#website"},"primaryImageOfPage":{"@id":"https:\/\/repliquemangacine.fr\/katanas-le-dernier-samourai\/bokken-dragon-en-bois\/#primaryimage"},"image":{"@id":"https:\/\/repliquemangacine.fr\/katanas-le-dernier-samourai\/bokken-dragon-en-bois\/#primaryimage"},"thumbnailUrl":"https:\/\/repliquemangacine.fr\/wp-content\/uploads\/2024\/06\/bokken-dragon.jpg","datePublished":"2024-06-12T13:55:50+00:00","dateModified":"2026-04-29T13:47:18+00:00","description":"Entdecken Sie dieses wundersch\u00f6ne Bokken Dragon aus Holz. Ideal f\u00fcr Ihr Kendo- oder Aikidotraining. Dieses Holzschwert \u00fcbernimmt die Merkmale des Katana.","breadcrumb":{"@id":"https:\/\/repliquemangacine.fr\/katanas-le-dernier-samourai\/bokken-dragon-en-bois\/#breadcrumb"},"inLanguage":"de","potentialAction":[{"@type":"ReadAction","target":["https:\/\/repliquemangacine.fr\/katanas-le-dernier-samourai\/bokken-dragon-en-bois\/"]}]},{"@type":"ImageObject","inLanguage":"de","@id":"https:\/\/repliquemangacine.fr\/katanas-le-dernier-samourai\/bokken-dragon-en-bois\/#primaryimage","url":"https:\/\/repliquemangacine.fr\/wp-content\/uploads\/2024\/06\/bokken-dragon.jpg","contentUrl":"https:\/\/repliquemangacine.fr\/wp-content\/uploads\/2024\/06\/bokken-dragon.jpg","width":500,"height":500,"caption":"Bokken Dragon en bois id\u00e9al pour entrainement pour Kendo et A\u00efkido"},{"@type":"BreadcrumbList","@id":"https:\/\/repliquemangacine.fr\/katanas-le-dernier-samourai\/bokken-dragon-en-bois\/#breadcrumb","itemListElement":[{"@type":"ListItem","position":1,"name":"Accueil","item":"https:\/\/repliquemangacine.fr\/"},{"@type":"ListItem","position":2,"name":"Produits","item":"https:\/\/repliquemangacine.fr\/boutique\/"},{"@type":"ListItem","position":3,"name":"Bokken Dragon en bois"}]},{"@type":"WebSite","@id":"https:\/\/repliquemangacine.fr\/#website","url":"https:\/\/repliquemangacine.fr\/","name":"R\u00e9plique Manga Cin\u00e9","description":"","publisher":{"@id":"https:\/\/repliquemangacine.fr\/#organization"},"potentialAction":[{"@type":"SearchAction","target":{"@type":"EntryPoint","urlTemplate":"https:\/\/repliquemangacine.fr\/?s={search_term_string}"},"query-input":{"@type":"PropertyValueSpecification","valueRequired":true,"valueName":"search_term_string"}}],"inLanguage":"de"},{"@type":"Organization","@id":"https:\/\/repliquemangacine.fr\/#organization","name":"R\u00e9plique Manga Cin\u00e9","url":"https:\/\/repliquemangacine.fr\/","logo":{"@type":"ImageObject","inLanguage":"de","@id":"https:\/\/repliquemangacine.fr\/#\/schema\/logo\/image\/","url":"https:\/\/repliquemangacine.fr\/wp-content\/uploads\/2023\/10\/RMC-500250.png","contentUrl":"https:\/\/repliquemangacine.fr\/wp-content\/uploads\/2023\/10\/RMC-500250.png","width":500,"height":250,"caption":"R\u00e9plique Manga Cin\u00e9"},"image":{"@id":"https:\/\/repliquemangacine.fr\/#\/schema\/logo\/image\/"},"sameAs":["https:\/\/www.facebook.com\/RepliqueMangaCine","https:\/\/www.instagram.com\/repliquemangacine.fr\/"]}]}},"_links":{"self":[{"href":"https:\/\/repliquemangacine.fr\/de\/wp-json\/wp\/v2\/product\/72696","targetHints":{"allow":["GET"]}}],"collection":[{"href":"https:\/\/repliquemangacine.fr\/de\/wp-json\/wp\/v2\/product"}],"about":[{"href":"https:\/\/repliquemangacine.fr\/de\/wp-json\/wp\/v2\/types\/product"}],"wp:featuredmedia":[{"embeddable":true,"href":"https:\/\/repliquemangacine.fr\/de\/wp-json\/wp\/v2\/media\/72697"}],"wp:attachment":[{"href":"https:\/\/repliquemangacine.fr\/de\/wp-json\/wp\/v2\/media?parent=72696"}],"wp:term":[{"taxonomy":"product_brand","embeddable":true,"href":"https:\/\/repliquemangacine.fr\/de\/wp-json\/wp\/v2\/product_brand?post=72696"},{"taxonomy":"product_cat","embeddable":true,"href":"https:\/\/repliquemangacine.fr\/de\/wp-json\/wp\/v2\/product_cat?post=72696"},{"taxonomy":"product_tag","embeddable":true,"href":"https:\/\/repliquemangacine.fr\/de\/wp-json\/wp\/v2\/product_tag?post=72696"}],"curies":[{"name":"wp","href":"https:\/\/api.w.org\/{rel}","templated":true}]}}