





{"id":72675,"date":"2024-06-11T19:41:28","date_gmt":"2024-06-11T17:41:28","guid":{"rendered":"https:\/\/repliquemangacine.fr\/?post_type=product&#038;p=72675"},"modified":"2026-04-20T17:51:58","modified_gmt":"2026-04-20T15:51:58","slug":"messingpistole-pepperbox","status":"publish","type":"product","link":"https:\/\/repliquemangacine.fr\/de\/western-repliques-armes\/pistolet-laiton-pepperbox\/","title":{"rendered":"Pistole Messing Pepperbox"},"content":{"rendered":"<h2>Pistolen Messing Pepperbox Allen &amp; Thurber 1837 von Kolser<\/h2>\n<p>Tauchen Sie zun\u00e4chst mit der authentischen Nachbildung der Pepperbox Messingpistole in die Geschichte ein. <a href=\"https:\/\/en.wikipedia.org\/wiki\/Ethan_Allen_(armsmaker)\" target=\"_blank\" rel=\"noopener noreferrer\">Allen &amp; Thurber<\/a> aus dem Jahr 1837, die von Kolser hergestellt wurde. Dieses historische St\u00fcck, das sinnbildlich f\u00fcr die Entwicklung der Feuerwaffen steht, ist eine wertvolle Erg\u00e4nzung f\u00fcr jeden Sammler oder Waffenliebhaber. Die in zwei Versionen erh\u00e4ltliche Replik ist eine getreue Hommage an das Originaldesign und bietet sowohl \u00c4sthetik als auch Funktionalit\u00e4t.<\/p>\n<p>Auch bekannt als \"Pepperbox\" oder 6-sch\u00fcssiger Pfefferstreuer. Kolser stellt diese sch\u00f6ne Waffe her und hebt ihre sch\u00f6ne Verarbeitung in einer sch\u00f6nen silbernen Farbe hervor. Diese Replik bewahrt die Details des Originals und passt sich perfekt an die \u00c4sthetik der Originalwaffe aus dem Jahr 1837 an. Sie weist gravierte Details auf der Oberseite des Schafts aus Metall und Holz auf. Mit widerstandsf\u00e4higen Materialien wie Metall und Harz, die f\u00fcr Langlebigkeit und Haltbarkeit im Laufe der Zeit sorgen. Sie ist au\u00dferdem 23 cm lang und mit einem sch\u00f6nen Finish verziert. Ideal, um jeden Raum zu dekorieren.<\/p>\n<h2>Die Geschichte der Allen &amp; Thurber Pepperbox Messingpistole von 1837<\/h2>\n<p>In erster Linie ist die Allen &amp; Thurber Pepperbox-Pistole von 1837 ein Symbol f\u00fcr die technologische Innovation des fr\u00fchen 19\u1d49 Jahrhunderts. Jahrhunderts. Das Modell wurde von der ber\u00fchmten Firma Allen &amp; Thurber hergestellt und war eines der ersten, das ein drehbares Mehrkanonendesign einsetzte. In einer Zeit, in der einsch\u00fcssige Pistolen den Markt beherrschten, bot die Pepperbox die M\u00f6glichkeit, mehrere Sch\u00fcsse ohne sofortiges Nachladen abzugeben, und revolutionierte so die pers\u00f6nliche und milit\u00e4rische Bewaffnung.<\/p>\n<p>In Nordamerika war diese Art von mehrl\u00e4ufigen Feuerwaffen ab den 1830er Jahren besonders beliebt. Denn zur Zeit des B\u00fcrgerkriegs wurde sie sowohl von Zivilisten als auch von Milit\u00e4roffizieren bei der Besiedlung der Grenzgebiete eingesetzt. Obwohl die Pepperbox vor allem mit dem Wilden Westen in Verbindung gebracht wird, verbreitete sie sich schnell von den USA nach Gro\u00dfbritannien und sogar auf das europ\u00e4ische Festland.<\/p>\n<h2>Die Kolser-Waffenrepliken<\/h2>\n<p>Wie Sie bereits wissen, haben wir uns bei R\u00e9plique Manga Cin\u00e9 dazu verpflichtet, Qualit\u00e4tsprodukte zum besten Preis zu vertreiben. Wir haben uns f\u00fcr die beiden gr\u00f6\u00dften Marken f\u00fcr Imitationswaffen-Nachbildungen entschieden, zu denen auch Kolser geh\u00f6rt. Die Qualit\u00e4t der Verarbeitung dieser Marke ist nicht mehr zu \u00fcberbieten. Aus diesem Grund erweitern wir unseren Katalog immer mehr mit ihren Produkten. Hier also einige Beispiele:<\/p>\n<ul>\n<li>Die Winchester <a href=\"https:\/\/repliquemangacine.fr\/de\/kolser-waffe\/mares-leg-55cm-grey-kolser\/\">Mare's Leg<\/a> von Josh Randall und mit seinem Kugelauswurf. Existiert in mehreren Versionen.<\/li>\n<li>Es gibt auch den <a href=\"https:\/\/repliquemangacine.fr\/de\/western-repliques-waffen\/derringer-kolser-pistole\/\">Derringer-Pistole<\/a>. Existiert auch in verschiedenen Versionen<\/li>\n<li>So auch der Thunderer Colt aus Messing und sein Perlmuttgriff. Verschiedene Modelle<\/li>\n<li>Vergessen wir nicht die <a href=\"https:\/\/repliquemangacine.fr\/de\/kolser-waffe\/6-attrappenkugeln-fur-colt-45-kolser\/\">Attrappenkugeln<\/a> Speziell f\u00fcr Colts und Kolser-Gewehre, die Ihnen die M\u00f6glichkeit geben, ein Knallk\u00f6rper-Z\u00fcndh\u00fctchen f\u00fcr einen noch realistischeren Effekt zu verwenden.<\/li>\n<\/ul>\n<p>Zusammenfassend l\u00e4sst sich sagen, dass der Besitz einer Replik der Allen &amp; Thurber Pepperbox-Pistole von 1837. Das bedeutet, ein St\u00fcck Geschichte der Waffenindustrie zu besitzen. Ein faszinierendes Sammlerst\u00fcck f\u00fcr jeden Liebhaber historischer Waffen. Bietet einen einzigartigen Einblick in die Entwicklung der Waffentechnologie im 19\u1d49 Jahrhundert. Wenn Sie Ihre Sammlung erweitern oder Ihrem Waffenarsenal einen authentischen Touch verleihen wollen, ist diese Replik eine unverzichtbare Wahl.<\/p>\n<p>Z\u00f6gern Sie nicht, dieses Prachtexemplar Ihrer Sammlung hinzuzuf\u00fcgen, und tauchen Sie mit der Allen &amp; Thurber Pepperbox von 1837 in die Geschichte ein.<\/p>","protected":false},"excerpt":{"rendered":"<p>Originalgetreue Nachbildung der Allen &amp; Thurber Pepperbox Pistol mit 6-sch\u00fcssigem Lauf von 1837<\/p>\n<ul>\n<li>Aus Metall (Zamak) und Messing<\/li>\n<li>6-sch\u00fcssiger Lauf mit Gravuren<\/li>\n<li>Holzschaft<\/li>\n<li>Wird in einer dekorierten Kolser-Schachtel geliefert<\/li>\n<li>L\u00e4nge: 23 cm<\/li>\n<\/ul>","protected":false},"featured_media":72677,"template":"","meta":[],"product_brand":[896],"product_cat":[100,34,77,52,28,64,27],"product_tag":[],"class_list":{"0":"post-72675","1":"product","2":"type-product","3":"status-publish","4":"has-post-thumbnail","6":"product_brand-replique-manga-cine","7":"product_cat-arme-kolser","8":"product_cat-armes-westerns","9":"product_cat-colt-revolver-western","10":"product_cat-pistolet-ancien","11":"product_cat-repliques-darmes","12":"product_cat-western-repliques-armes","13":"product_cat-armes-et-accessoires-western","15":"first","16":"instock","17":"taxable","18":"shipping-taxable","19":"purchasable","20":"product-type-simple"},"yoast_head":"<!-- This site is optimized with the Yoast SEO plugin v27.4 - https:\/\/yoast.com\/product\/yoast-seo-wordpress\/ -->\n<title>Pistolet Laiton Pepperbox - R\u00e9plique Manga Cin\u00e9<\/title>\n<meta name=\"description\" content=\"D\u00e9couvrez cette superbe r\u00e9plique du Pistolet Laiton Pepperbox de la marque Kolser. Ce Allen &amp; Thurber \u00e0 6 coups est \u00e0 l&#039;identique de l&#039;originale. 23cm\" \/>\n<meta name=\"robots\" content=\"index, follow, max-snippet:-1, max-image-preview:large, max-video-preview:-1\" \/>\n<link rel=\"canonical\" href=\"https:\/\/repliquemangacine.fr\/de\/western-repliques-waffen\/messingpistole-pepperbox\/\" \/>\n<meta property=\"og:locale\" content=\"de_DE\" \/>\n<meta property=\"og:type\" content=\"article\" \/>\n<meta property=\"og:title\" content=\"Pistolet Laiton Pepperbox - R\u00e9plique Manga Cin\u00e9\" \/>\n<meta property=\"og:description\" content=\"D\u00e9couvrez cette superbe r\u00e9plique du Pistolet Laiton Pepperbox de la marque Kolser. Ce Allen &amp; Thurber \u00e0 6 coups est \u00e0 l&#039;identique de l&#039;originale. 23cm\" \/>\n<meta property=\"og:url\" content=\"https:\/\/repliquemangacine.fr\/de\/western-repliques-waffen\/messingpistole-pepperbox\/\" \/>\n<meta property=\"og:site_name\" content=\"R\u00e9plique Manga Cin\u00e9\" \/>\n<meta property=\"article:publisher\" content=\"https:\/\/www.facebook.com\/RepliqueMangaCine\" \/>\n<meta property=\"article:modified_time\" content=\"2026-04-20T15:51:58+00:00\" \/>\n<meta property=\"og:image\" content=\"https:\/\/repliquemangacine.fr\/wp-content\/uploads\/2024\/06\/Pistolet-pepperbox-laiton.jpg\" \/>\n\t<meta property=\"og:image:width\" content=\"500\" \/>\n\t<meta property=\"og:image:height\" content=\"500\" \/>\n\t<meta property=\"og:image:type\" content=\"image\/jpeg\" \/>\n<meta name=\"twitter:card\" content=\"summary_large_image\" \/>\n<meta name=\"twitter:label1\" content=\"Gesch\u00e4tzte Lesezeit\" \/>\n\t<meta name=\"twitter:data1\" content=\"3\u00a0Minuten\" \/>\n<script type=\"application\/ld+json\" class=\"yoast-schema-graph\">{\"@context\":\"https:\\\/\\\/schema.org\",\"@graph\":[{\"@type\":\"WebPage\",\"@id\":\"https:\\\/\\\/repliquemangacine.fr\\\/western-repliques-armes\\\/pistolet-laiton-pepperbox\\\/\",\"url\":\"https:\\\/\\\/repliquemangacine.fr\\\/western-repliques-armes\\\/pistolet-laiton-pepperbox\\\/\",\"name\":\"Pistolet Laiton Pepperbox - R\u00e9plique Manga Cin\u00e9\",\"isPartOf\":{\"@id\":\"https:\\\/\\\/repliquemangacine.fr\\\/#website\"},\"primaryImageOfPage\":{\"@id\":\"https:\\\/\\\/repliquemangacine.fr\\\/western-repliques-armes\\\/pistolet-laiton-pepperbox\\\/#primaryimage\"},\"image\":{\"@id\":\"https:\\\/\\\/repliquemangacine.fr\\\/western-repliques-armes\\\/pistolet-laiton-pepperbox\\\/#primaryimage\"},\"thumbnailUrl\":\"https:\\\/\\\/repliquemangacine.fr\\\/wp-content\\\/uploads\\\/2024\\\/06\\\/Pistolet-pepperbox-laiton.jpg\",\"datePublished\":\"2024-06-11T17:41:28+00:00\",\"dateModified\":\"2026-04-20T15:51:58+00:00\",\"description\":\"D\u00e9couvrez cette superbe r\u00e9plique du Pistolet Laiton Pepperbox de la marque Kolser. Ce Allen & Thurber \u00e0 6 coups est \u00e0 l'identique de l'originale. 23cm\",\"breadcrumb\":{\"@id\":\"https:\\\/\\\/repliquemangacine.fr\\\/western-repliques-armes\\\/pistolet-laiton-pepperbox\\\/#breadcrumb\"},\"inLanguage\":\"de\",\"potentialAction\":[{\"@type\":\"ReadAction\",\"target\":[\"https:\\\/\\\/repliquemangacine.fr\\\/western-repliques-armes\\\/pistolet-laiton-pepperbox\\\/\"]}]},{\"@type\":\"ImageObject\",\"inLanguage\":\"de\",\"@id\":\"https:\\\/\\\/repliquemangacine.fr\\\/western-repliques-armes\\\/pistolet-laiton-pepperbox\\\/#primaryimage\",\"url\":\"https:\\\/\\\/repliquemangacine.fr\\\/wp-content\\\/uploads\\\/2024\\\/06\\\/Pistolet-pepperbox-laiton.jpg\",\"contentUrl\":\"https:\\\/\\\/repliquemangacine.fr\\\/wp-content\\\/uploads\\\/2024\\\/06\\\/Pistolet-pepperbox-laiton.jpg\",\"width\":500,\"height\":500,\"caption\":\"Pistolet Laiton Pepperbox Kolser\"},{\"@type\":\"BreadcrumbList\",\"@id\":\"https:\\\/\\\/repliquemangacine.fr\\\/western-repliques-armes\\\/pistolet-laiton-pepperbox\\\/#breadcrumb\",\"itemListElement\":[{\"@type\":\"ListItem\",\"position\":1,\"name\":\"Accueil\",\"item\":\"https:\\\/\\\/repliquemangacine.fr\\\/\"},{\"@type\":\"ListItem\",\"position\":2,\"name\":\"Produits\",\"item\":\"https:\\\/\\\/repliquemangacine.fr\\\/boutique\\\/\"},{\"@type\":\"ListItem\",\"position\":3,\"name\":\"Pistolet Laiton Pepperbox\"}]},{\"@type\":\"WebSite\",\"@id\":\"https:\\\/\\\/repliquemangacine.fr\\\/#website\",\"url\":\"https:\\\/\\\/repliquemangacine.fr\\\/\",\"name\":\"R\u00e9plique Manga Cin\u00e9\",\"description\":\"\",\"publisher\":{\"@id\":\"https:\\\/\\\/repliquemangacine.fr\\\/#organization\"},\"potentialAction\":[{\"@type\":\"SearchAction\",\"target\":{\"@type\":\"EntryPoint\",\"urlTemplate\":\"https:\\\/\\\/repliquemangacine.fr\\\/?s={search_term_string}\"},\"query-input\":{\"@type\":\"PropertyValueSpecification\",\"valueRequired\":true,\"valueName\":\"search_term_string\"}}],\"inLanguage\":\"de\"},{\"@type\":\"Organization\",\"@id\":\"https:\\\/\\\/repliquemangacine.fr\\\/#organization\",\"name\":\"R\u00e9plique Manga Cin\u00e9\",\"url\":\"https:\\\/\\\/repliquemangacine.fr\\\/\",\"logo\":{\"@type\":\"ImageObject\",\"inLanguage\":\"de\",\"@id\":\"https:\\\/\\\/repliquemangacine.fr\\\/#\\\/schema\\\/logo\\\/image\\\/\",\"url\":\"https:\\\/\\\/repliquemangacine.fr\\\/wp-content\\\/uploads\\\/2023\\\/10\\\/RMC-500250.png\",\"contentUrl\":\"https:\\\/\\\/repliquemangacine.fr\\\/wp-content\\\/uploads\\\/2023\\\/10\\\/RMC-500250.png\",\"width\":500,\"height\":250,\"caption\":\"R\u00e9plique Manga Cin\u00e9\"},\"image\":{\"@id\":\"https:\\\/\\\/repliquemangacine.fr\\\/#\\\/schema\\\/logo\\\/image\\\/\"},\"sameAs\":[\"https:\\\/\\\/www.facebook.com\\\/RepliqueMangaCine\",\"https:\\\/\\\/www.instagram.com\\\/repliquemangacine.fr\\\/\"]}]}<\/script>\n<!-- \/ Yoast SEO plugin. -->","yoast_head_json":{"title":"Messingpistole Pepperbox - R\u00e9plique Manga Cin\u00e9","description":"Entdecken Sie diese gro\u00dfartige Replik der Messingpistole Pepperbox der Marke Kolser. Diese Allen &amp; Thurber 6-Schuss-Pistole ist mit dem Original identisch. 23cm","robots":{"index":"index","follow":"follow","max-snippet":"max-snippet:-1","max-image-preview":"max-image-preview:large","max-video-preview":"max-video-preview:-1"},"canonical":"https:\/\/repliquemangacine.fr\/de\/western-repliques-waffen\/messingpistole-pepperbox\/","og_locale":"de_DE","og_type":"article","og_title":"Pistolet Laiton Pepperbox - R\u00e9plique Manga Cin\u00e9","og_description":"D\u00e9couvrez cette superbe r\u00e9plique du Pistolet Laiton Pepperbox de la marque Kolser. Ce Allen & Thurber \u00e0 6 coups est \u00e0 l'identique de l'originale. 23cm","og_url":"https:\/\/repliquemangacine.fr\/de\/western-repliques-waffen\/messingpistole-pepperbox\/","og_site_name":"R\u00e9plique Manga Cin\u00e9","article_publisher":"https:\/\/www.facebook.com\/RepliqueMangaCine","article_modified_time":"2026-04-20T15:51:58+00:00","og_image":[{"width":500,"height":500,"url":"https:\/\/repliquemangacine.fr\/wp-content\/uploads\/2024\/06\/Pistolet-pepperbox-laiton.jpg","type":"image\/jpeg"}],"twitter_card":"summary_large_image","twitter_misc":{"Gesch\u00e4tzte Lesezeit":"3\u00a0Minuten"},"schema":{"@context":"https:\/\/schema.org","@graph":[{"@type":"WebPage","@id":"https:\/\/repliquemangacine.fr\/western-repliques-armes\/pistolet-laiton-pepperbox\/","url":"https:\/\/repliquemangacine.fr\/western-repliques-armes\/pistolet-laiton-pepperbox\/","name":"Messingpistole Pepperbox - R\u00e9plique Manga Cin\u00e9","isPartOf":{"@id":"https:\/\/repliquemangacine.fr\/#website"},"primaryImageOfPage":{"@id":"https:\/\/repliquemangacine.fr\/western-repliques-armes\/pistolet-laiton-pepperbox\/#primaryimage"},"image":{"@id":"https:\/\/repliquemangacine.fr\/western-repliques-armes\/pistolet-laiton-pepperbox\/#primaryimage"},"thumbnailUrl":"https:\/\/repliquemangacine.fr\/wp-content\/uploads\/2024\/06\/Pistolet-pepperbox-laiton.jpg","datePublished":"2024-06-11T17:41:28+00:00","dateModified":"2026-04-20T15:51:58+00:00","description":"Entdecken Sie diese gro\u00dfartige Replik der Messingpistole Pepperbox der Marke Kolser. Diese Allen &amp; Thurber 6-Schuss-Pistole ist mit dem Original identisch. 23cm","breadcrumb":{"@id":"https:\/\/repliquemangacine.fr\/western-repliques-armes\/pistolet-laiton-pepperbox\/#breadcrumb"},"inLanguage":"de","potentialAction":[{"@type":"ReadAction","target":["https:\/\/repliquemangacine.fr\/western-repliques-armes\/pistolet-laiton-pepperbox\/"]}]},{"@type":"ImageObject","inLanguage":"de","@id":"https:\/\/repliquemangacine.fr\/western-repliques-armes\/pistolet-laiton-pepperbox\/#primaryimage","url":"https:\/\/repliquemangacine.fr\/wp-content\/uploads\/2024\/06\/Pistolet-pepperbox-laiton.jpg","contentUrl":"https:\/\/repliquemangacine.fr\/wp-content\/uploads\/2024\/06\/Pistolet-pepperbox-laiton.jpg","width":500,"height":500,"caption":"Pistolet Laiton Pepperbox Kolser"},{"@type":"BreadcrumbList","@id":"https:\/\/repliquemangacine.fr\/western-repliques-armes\/pistolet-laiton-pepperbox\/#breadcrumb","itemListElement":[{"@type":"ListItem","position":1,"name":"Accueil","item":"https:\/\/repliquemangacine.fr\/"},{"@type":"ListItem","position":2,"name":"Produits","item":"https:\/\/repliquemangacine.fr\/boutique\/"},{"@type":"ListItem","position":3,"name":"Pistolet Laiton Pepperbox"}]},{"@type":"WebSite","@id":"https:\/\/repliquemangacine.fr\/#website","url":"https:\/\/repliquemangacine.fr\/","name":"R\u00e9plique Manga Cin\u00e9","description":"","publisher":{"@id":"https:\/\/repliquemangacine.fr\/#organization"},"potentialAction":[{"@type":"SearchAction","target":{"@type":"EntryPoint","urlTemplate":"https:\/\/repliquemangacine.fr\/?s={search_term_string}"},"query-input":{"@type":"PropertyValueSpecification","valueRequired":true,"valueName":"search_term_string"}}],"inLanguage":"de"},{"@type":"Organization","@id":"https:\/\/repliquemangacine.fr\/#organization","name":"R\u00e9plique Manga Cin\u00e9","url":"https:\/\/repliquemangacine.fr\/","logo":{"@type":"ImageObject","inLanguage":"de","@id":"https:\/\/repliquemangacine.fr\/#\/schema\/logo\/image\/","url":"https:\/\/repliquemangacine.fr\/wp-content\/uploads\/2023\/10\/RMC-500250.png","contentUrl":"https:\/\/repliquemangacine.fr\/wp-content\/uploads\/2023\/10\/RMC-500250.png","width":500,"height":250,"caption":"R\u00e9plique Manga Cin\u00e9"},"image":{"@id":"https:\/\/repliquemangacine.fr\/#\/schema\/logo\/image\/"},"sameAs":["https:\/\/www.facebook.com\/RepliqueMangaCine","https:\/\/www.instagram.com\/repliquemangacine.fr\/"]}]}},"_links":{"self":[{"href":"https:\/\/repliquemangacine.fr\/de\/wp-json\/wp\/v2\/product\/72675","targetHints":{"allow":["GET"]}}],"collection":[{"href":"https:\/\/repliquemangacine.fr\/de\/wp-json\/wp\/v2\/product"}],"about":[{"href":"https:\/\/repliquemangacine.fr\/de\/wp-json\/wp\/v2\/types\/product"}],"wp:featuredmedia":[{"embeddable":true,"href":"https:\/\/repliquemangacine.fr\/de\/wp-json\/wp\/v2\/media\/72677"}],"wp:attachment":[{"href":"https:\/\/repliquemangacine.fr\/de\/wp-json\/wp\/v2\/media?parent=72675"}],"wp:term":[{"taxonomy":"product_brand","embeddable":true,"href":"https:\/\/repliquemangacine.fr\/de\/wp-json\/wp\/v2\/product_brand?post=72675"},{"taxonomy":"product_cat","embeddable":true,"href":"https:\/\/repliquemangacine.fr\/de\/wp-json\/wp\/v2\/product_cat?post=72675"},{"taxonomy":"product_tag","embeddable":true,"href":"https:\/\/repliquemangacine.fr\/de\/wp-json\/wp\/v2\/product_tag?post=72675"}],"curies":[{"name":"wp","href":"https:\/\/api.w.org\/{rel}","templated":true}]}}