





{"id":72658,"date":"2024-06-11T16:45:42","date_gmt":"2024-06-11T14:45:42","guid":{"rendered":"https:\/\/repliquemangacine.fr\/?post_type=product&#038;p=72658"},"modified":"2025-12-18T08:58:49","modified_gmt":"2025-12-18T07:58:49","slug":"dreizack-daquaman-210-cm-metal","status":"publish","type":"product","link":"https:\/\/repliquemangacine.fr\/de\/super-heros-marvel\/trident-daquaman-210-cm-metal\/","title":{"rendered":"Aquamans Dreizack 210 cm Metall"},"content":{"rendered":"<h2>Aquamans Dreizack mit drei Spitzen - Gold-Metallic-Edition<\/h2>\n<p>Zun\u00e4chst Aquamans 210 cm gro\u00dfer Dreizack, eine identische Nachbildung des Dreizacks, den Arthur Curry alias Jason Momoa benutzt. Zun\u00e4chst der Dreizack von Atlan, auch Heiliger Dreizack genannt. Ein altes atlantisches Relikt, das urspr\u00fcnglich von K\u00f6nig Atlan geschmiedet und benutzt wurde. Jahrhunderte nach der Verbannung und dem Tod des ehemaligen Herrschers wurde der Dreizack von einem seiner Nachkommen, Aquaman, gefordert, um Orm Marius zu besiegen.<\/p>\n<p>In Bezug auf <a href=\"https:\/\/dc-extended-universe.fandom.com\/fr\/wiki\/Arthur_Curry\" target=\"_blank\" rel=\"noopener noreferrer\">Arthur Curry<\/a> K\u00f6nig von Atlantis, \u00e4ltester Sohn von K\u00f6nigin Atlanna, \u00e4lterer Halbbruder von Orm Marius. Mitglied der Justice League, sowie der Superheld, der in der Welt als Aquaman bekannt ist.<\/p>\n<p>Besonders hervorzuheben ist, dass Arthur ab seinem 13. Lebensjahr taucht und ein Schiffswrack erkundet. Er wird jedoch im Inneren eingeklemmt. Nach einigen Sekunden merkt er, dass er wahrscheinlich ertrinkt, und beginnt, ohnm\u00e4chtig zu werden. Nachdem er wieder aufgewacht ist, stellt Arthur fest, dass er unter Wasser atmen kann. Von diesem Zeitpunkt an bemerkt er einen Mann, der \u00fcber ihm schwimmt. Er ist unter dem Namen Nuidis Vulko bekannt. Stellt sich als Chefberater des K\u00f6nigs von Atlantis vor. Beginnt ihn zu trainieren, damit er seine atlantischen F\u00e4higkeiten nutzen kann. Damit Arthur eines Tages seinen Platz als rechtm\u00e4\u00dfiger Herrscher von Atlantis einnehmen kann.<\/p>\n<h2>Aquamans Dreizack: Symbol f\u00fcr Macht und K\u00f6nigtum<\/h2>\n<p>In den Filmen des DC-Universums spielt der Dreizack eine zentrale und symbolische Rolle. Er ist nicht nur eine Waffe, sondern ein legend\u00e4res Artefakt, das seinem Tr\u00e4ger das Recht verleiht, \u00fcber die sieben Meere zu herrschen. Dieser Dreizack, der sich einst im Besitz von K\u00f6nig Atlan befand, ist ein Symbol f\u00fcr Macht, K\u00f6nigtum und Legitimit\u00e4t. Arthur Curry alias Aquaman muss diesen Dreizack finden, um zu beweisen, dass er der wahre K\u00f6nig von Atlantis ist.<\/p>\n<p>Aquamans Reise, um den Dreizack zu finden, ist eine Pr\u00fcfung des Mutes und der Entschlossenheit. Der Dreizack ist im Verborgenen Meer versteckt, einem schwer zug\u00e4nglichen Ort, der vom Karathen, einer mythischen und furchterregenden Kreatur, bewacht wird. Die Suche nach dem Dreizack bringt Aquamans heroische Qualit\u00e4ten ans Licht: seinen Mut, seine Ausdauer und sein Pflichtbewusstsein.<\/p>\n<p>Aquamans Dreizack ist nicht nur symbolisch, sondern auch mit unglaublichen Kr\u00e4ften ausgestattet. Mit ihm kann Aquaman das Wasser und die Meerestiere kontrollieren, Tsunamis erzeugen und mit den Meeresbewohnern kommunizieren. Diese Waffe verleiht Aquaman eine unvergleichliche Macht. Sie erm\u00f6glicht es ihm, Atlantis zu besch\u00fctzen und den Frieden zwischen den Unterwasserreichen und der Oberfl\u00e4che zu wahren.<\/p>\n<h2>Erforsche weitere legend\u00e4re Waffen aus dem DC-Universum<\/h2>\n<p>Zu guter Letzt ist das DC-Universum voll von ikonischen Charakteren und legend\u00e4ren Waffen, die die Fantasie der Fans fesseln. Neben Aquamans Dreizack umfasst unsere Sammlung noch weitere au\u00dfergew\u00f6hnliche Repliken.<\/p>\n<ul>\n<li>Entdecken Sie die<a href=\"https:\/\/repliquemangacine.fr\/de\/marvel-super-heros\/god-killer-epee-wonder-woman\/\">Schwert God Killer<\/a> von Wonder Woman, eine majest\u00e4tische Waffe, die geschmiedet wurde, um die G\u00f6tter zu t\u00f6ten, und die die St\u00e4rke und Entschlossenheit der Amazone symbolisiert.<\/li>\n<li>F\u00fcr Freunde des Chaos und der Bosheit ist die <a href=\"https:\/\/repliquemangacine.fr\/de\/marvel-super-heros\/der-stock-von-joker-suicide-squad\/\">Jokerstock<\/a> ist ein absolutes Muss. Dieses Accessoire mit seinem extravaganten, flammenden Design spiegelt perfekt die verr\u00fcckte Pers\u00f6nlichkeit des Clown Prince of Crime wider.<\/li>\n<li>Schlie\u00dflich ist die<a href=\"https:\/\/repliquemangacine.fr\/de\/marvel-super-heros\/harley-quinn-baseballschlager\/\"> Harley Quinns Baseballschl\u00e4ger<\/a>, die in \"Suicide Squad\" zu sehen war, ist ein Muss f\u00fcr jeden Sammler. Mit ihren ikonischen Aufschriften und ihrem abgenutzten Aussehen f\u00e4ngt diese Replik den rebellischen Geist und die K\u00fchnheit von Harley Quinn ein.<\/li>\n<\/ul>\n<p>Zusammenfassend l\u00e4sst sich sagen, dass jedes dieser St\u00fccke mit viel Liebe zum Detail entworfen wurde, was diese Repliken zu wertvollen Erg\u00e4nzungen jeder Sammlung macht, die dem DC-Universum gewidmet ist.<\/p>","protected":false},"excerpt":{"rendered":"<p>Wundersch\u00f6ne Replik im Ma\u00dfstab 1:1 des Dreizacks von Arthur Curry<\/p>\n<ul>\n<li>Ganz aus Metall<\/li>\n<li>Vollst\u00e4ndig mit goldener Metallic-Lackierung bedeckt.<\/li>\n<li>Gabel mit drei Zacken<\/li>\n<li>Wird zerlegt in drei Teilen mit Schraubsystem geliefert (inkl. Werkzeug)<\/li>\n<li>Gesamtl\u00e4nge: 210 cm - Gewicht: 5580 gr<\/li>\n<\/ul>","protected":false},"featured_media":72661,"template":"","meta":[],"product_brand":[896],"product_cat":[59],"product_tag":[],"class_list":{"0":"post-72658","1":"product","2":"type-product","3":"status-publish","4":"has-post-thumbnail","6":"product_brand-replique-manga-cine","7":"product_cat-super-heros-marvel","9":"first","10":"instock","11":"taxable","12":"shipping-taxable","13":"purchasable","14":"product-type-simple"},"yoast_head":"<!-- This site is optimized with the Yoast SEO plugin v27.5 - https:\/\/yoast.com\/product\/yoast-seo-wordpress\/ -->\n<title>Trident d&#039;Aquaman 210 cm M\u00e9tal - R\u00e9plique Manga Cin\u00e9<\/title>\n<meta name=\"description\" content=\"D\u00e9couvrez cette superbe r\u00e9plique du Trident d&#039;Aquaman 210 cm tout en m\u00e9tal. Recouvert de peinture m\u00e9tallis\u00e9e en or. Livr\u00e9 en trois parties. Poids : 5580 gr\" \/>\n<meta name=\"robots\" content=\"index, follow, max-snippet:-1, max-image-preview:large, max-video-preview:-1\" \/>\n<link rel=\"canonical\" href=\"https:\/\/repliquemangacine.fr\/de\/marvel-super-heros\/dreizack-daquaman-210-cm-metal\/\" \/>\n<meta property=\"og:locale\" content=\"de_DE\" \/>\n<meta property=\"og:type\" content=\"article\" \/>\n<meta property=\"og:title\" content=\"Trident d&#039;Aquaman 210 cm M\u00e9tal - R\u00e9plique Manga Cin\u00e9\" \/>\n<meta property=\"og:description\" content=\"D\u00e9couvrez cette superbe r\u00e9plique du Trident d&#039;Aquaman 210 cm tout en m\u00e9tal. Recouvert de peinture m\u00e9tallis\u00e9e en or. Livr\u00e9 en trois parties. Poids : 5580 gr\" \/>\n<meta property=\"og:url\" content=\"https:\/\/repliquemangacine.fr\/de\/marvel-super-heros\/dreizack-daquaman-210-cm-metal\/\" \/>\n<meta property=\"og:site_name\" content=\"R\u00e9plique Manga Cin\u00e9\" \/>\n<meta property=\"article:publisher\" content=\"https:\/\/www.facebook.com\/RepliqueMangaCine\" \/>\n<meta property=\"article:modified_time\" content=\"2025-12-18T07:58:49+00:00\" \/>\n<meta property=\"og:image\" content=\"https:\/\/repliquemangacine.fr\/wp-content\/uploads\/2024\/06\/Trident-aquaman-fourche.jpg\" \/>\n\t<meta property=\"og:image:width\" content=\"500\" \/>\n\t<meta property=\"og:image:height\" content=\"500\" \/>\n\t<meta property=\"og:image:type\" content=\"image\/jpeg\" \/>\n<meta name=\"twitter:card\" content=\"summary_large_image\" \/>\n<meta name=\"twitter:label1\" content=\"Gesch\u00e4tzte Lesezeit\" \/>\n\t<meta name=\"twitter:data1\" content=\"4\u00a0Minuten\" \/>\n<script type=\"application\/ld+json\" class=\"yoast-schema-graph\">{\"@context\":\"https:\\\/\\\/schema.org\",\"@graph\":[{\"@type\":\"WebPage\",\"@id\":\"https:\\\/\\\/repliquemangacine.fr\\\/super-heros-marvel\\\/trident-daquaman-210-cm-metal\\\/\",\"url\":\"https:\\\/\\\/repliquemangacine.fr\\\/super-heros-marvel\\\/trident-daquaman-210-cm-metal\\\/\",\"name\":\"Trident d'Aquaman 210 cm M\u00e9tal - R\u00e9plique Manga Cin\u00e9\",\"isPartOf\":{\"@id\":\"https:\\\/\\\/repliquemangacine.fr\\\/#website\"},\"primaryImageOfPage\":{\"@id\":\"https:\\\/\\\/repliquemangacine.fr\\\/super-heros-marvel\\\/trident-daquaman-210-cm-metal\\\/#primaryimage\"},\"image\":{\"@id\":\"https:\\\/\\\/repliquemangacine.fr\\\/super-heros-marvel\\\/trident-daquaman-210-cm-metal\\\/#primaryimage\"},\"thumbnailUrl\":\"https:\\\/\\\/repliquemangacine.fr\\\/wp-content\\\/uploads\\\/2024\\\/06\\\/Trident-aquaman-fourche.jpg\",\"datePublished\":\"2024-06-11T14:45:42+00:00\",\"dateModified\":\"2025-12-18T07:58:49+00:00\",\"description\":\"D\u00e9couvrez cette superbe r\u00e9plique du Trident d'Aquaman 210 cm tout en m\u00e9tal. Recouvert de peinture m\u00e9tallis\u00e9e en or. Livr\u00e9 en trois parties. Poids : 5580 gr\",\"breadcrumb\":{\"@id\":\"https:\\\/\\\/repliquemangacine.fr\\\/super-heros-marvel\\\/trident-daquaman-210-cm-metal\\\/#breadcrumb\"},\"inLanguage\":\"de\",\"potentialAction\":[{\"@type\":\"ReadAction\",\"target\":[\"https:\\\/\\\/repliquemangacine.fr\\\/super-heros-marvel\\\/trident-daquaman-210-cm-metal\\\/\"]}]},{\"@type\":\"ImageObject\",\"inLanguage\":\"de\",\"@id\":\"https:\\\/\\\/repliquemangacine.fr\\\/super-heros-marvel\\\/trident-daquaman-210-cm-metal\\\/#primaryimage\",\"url\":\"https:\\\/\\\/repliquemangacine.fr\\\/wp-content\\\/uploads\\\/2024\\\/06\\\/Trident-aquaman-fourche.jpg\",\"contentUrl\":\"https:\\\/\\\/repliquemangacine.fr\\\/wp-content\\\/uploads\\\/2024\\\/06\\\/Trident-aquaman-fourche.jpg\",\"width\":500,\"height\":500,\"caption\":\"Trident d'Aquaman 210 cm\"},{\"@type\":\"BreadcrumbList\",\"@id\":\"https:\\\/\\\/repliquemangacine.fr\\\/super-heros-marvel\\\/trident-daquaman-210-cm-metal\\\/#breadcrumb\",\"itemListElement\":[{\"@type\":\"ListItem\",\"position\":1,\"name\":\"Accueil\",\"item\":\"https:\\\/\\\/repliquemangacine.fr\\\/\"},{\"@type\":\"ListItem\",\"position\":2,\"name\":\"Produits\",\"item\":\"https:\\\/\\\/repliquemangacine.fr\\\/boutique\\\/\"},{\"@type\":\"ListItem\",\"position\":3,\"name\":\"Trident d&#8217;Aquaman 210 cm M\u00e9tal\"}]},{\"@type\":\"WebSite\",\"@id\":\"https:\\\/\\\/repliquemangacine.fr\\\/#website\",\"url\":\"https:\\\/\\\/repliquemangacine.fr\\\/\",\"name\":\"R\u00e9plique Manga Cin\u00e9\",\"description\":\"\",\"publisher\":{\"@id\":\"https:\\\/\\\/repliquemangacine.fr\\\/#organization\"},\"potentialAction\":[{\"@type\":\"SearchAction\",\"target\":{\"@type\":\"EntryPoint\",\"urlTemplate\":\"https:\\\/\\\/repliquemangacine.fr\\\/?s={search_term_string}\"},\"query-input\":{\"@type\":\"PropertyValueSpecification\",\"valueRequired\":true,\"valueName\":\"search_term_string\"}}],\"inLanguage\":\"de\"},{\"@type\":\"Organization\",\"@id\":\"https:\\\/\\\/repliquemangacine.fr\\\/#organization\",\"name\":\"R\u00e9plique Manga Cin\u00e9\",\"url\":\"https:\\\/\\\/repliquemangacine.fr\\\/\",\"logo\":{\"@type\":\"ImageObject\",\"inLanguage\":\"de\",\"@id\":\"https:\\\/\\\/repliquemangacine.fr\\\/#\\\/schema\\\/logo\\\/image\\\/\",\"url\":\"https:\\\/\\\/repliquemangacine.fr\\\/wp-content\\\/uploads\\\/2023\\\/10\\\/RMC-500250.png\",\"contentUrl\":\"https:\\\/\\\/repliquemangacine.fr\\\/wp-content\\\/uploads\\\/2023\\\/10\\\/RMC-500250.png\",\"width\":500,\"height\":250,\"caption\":\"R\u00e9plique Manga Cin\u00e9\"},\"image\":{\"@id\":\"https:\\\/\\\/repliquemangacine.fr\\\/#\\\/schema\\\/logo\\\/image\\\/\"},\"sameAs\":[\"https:\\\/\\\/www.facebook.com\\\/RepliqueMangaCine\",\"https:\\\/\\\/www.instagram.com\\\/repliquemangacine.fr\\\/\"]}]}<\/script>\n<!-- \/ Yoast SEO plugin. -->","yoast_head_json":{"title":"Aquaman's Dreizack 210 cm Metall - R\u00e9plique Manga Cin\u00e9","description":"Entdecken Sie diese gro\u00dfartige 210 cm gro\u00dfe Replik von Aquamans Dreizack ganz aus Metall. Mit goldener Metallicfarbe \u00fcberzogen. Wird in drei Teilen geliefert. Gewicht: 5580 gr","robots":{"index":"index","follow":"follow","max-snippet":"max-snippet:-1","max-image-preview":"max-image-preview:large","max-video-preview":"max-video-preview:-1"},"canonical":"https:\/\/repliquemangacine.fr\/de\/marvel-super-heros\/dreizack-daquaman-210-cm-metal\/","og_locale":"de_DE","og_type":"article","og_title":"Trident d'Aquaman 210 cm M\u00e9tal - R\u00e9plique Manga Cin\u00e9","og_description":"D\u00e9couvrez cette superbe r\u00e9plique du Trident d'Aquaman 210 cm tout en m\u00e9tal. Recouvert de peinture m\u00e9tallis\u00e9e en or. Livr\u00e9 en trois parties. Poids : 5580 gr","og_url":"https:\/\/repliquemangacine.fr\/de\/marvel-super-heros\/dreizack-daquaman-210-cm-metal\/","og_site_name":"R\u00e9plique Manga Cin\u00e9","article_publisher":"https:\/\/www.facebook.com\/RepliqueMangaCine","article_modified_time":"2025-12-18T07:58:49+00:00","og_image":[{"width":500,"height":500,"url":"https:\/\/repliquemangacine.fr\/wp-content\/uploads\/2024\/06\/Trident-aquaman-fourche.jpg","type":"image\/jpeg"}],"twitter_card":"summary_large_image","twitter_misc":{"Gesch\u00e4tzte Lesezeit":"4\u00a0Minuten"},"schema":{"@context":"https:\/\/schema.org","@graph":[{"@type":"WebPage","@id":"https:\/\/repliquemangacine.fr\/super-heros-marvel\/trident-daquaman-210-cm-metal\/","url":"https:\/\/repliquemangacine.fr\/super-heros-marvel\/trident-daquaman-210-cm-metal\/","name":"Aquaman's Dreizack 210 cm Metall - R\u00e9plique Manga Cin\u00e9","isPartOf":{"@id":"https:\/\/repliquemangacine.fr\/#website"},"primaryImageOfPage":{"@id":"https:\/\/repliquemangacine.fr\/super-heros-marvel\/trident-daquaman-210-cm-metal\/#primaryimage"},"image":{"@id":"https:\/\/repliquemangacine.fr\/super-heros-marvel\/trident-daquaman-210-cm-metal\/#primaryimage"},"thumbnailUrl":"https:\/\/repliquemangacine.fr\/wp-content\/uploads\/2024\/06\/Trident-aquaman-fourche.jpg","datePublished":"2024-06-11T14:45:42+00:00","dateModified":"2025-12-18T07:58:49+00:00","description":"Entdecken Sie diese gro\u00dfartige 210 cm gro\u00dfe Replik von Aquamans Dreizack ganz aus Metall. Mit goldener Metallicfarbe \u00fcberzogen. Wird in drei Teilen geliefert. Gewicht: 5580 gr","breadcrumb":{"@id":"https:\/\/repliquemangacine.fr\/super-heros-marvel\/trident-daquaman-210-cm-metal\/#breadcrumb"},"inLanguage":"de","potentialAction":[{"@type":"ReadAction","target":["https:\/\/repliquemangacine.fr\/super-heros-marvel\/trident-daquaman-210-cm-metal\/"]}]},{"@type":"ImageObject","inLanguage":"de","@id":"https:\/\/repliquemangacine.fr\/super-heros-marvel\/trident-daquaman-210-cm-metal\/#primaryimage","url":"https:\/\/repliquemangacine.fr\/wp-content\/uploads\/2024\/06\/Trident-aquaman-fourche.jpg","contentUrl":"https:\/\/repliquemangacine.fr\/wp-content\/uploads\/2024\/06\/Trident-aquaman-fourche.jpg","width":500,"height":500,"caption":"Trident d'Aquaman 210 cm"},{"@type":"BreadcrumbList","@id":"https:\/\/repliquemangacine.fr\/super-heros-marvel\/trident-daquaman-210-cm-metal\/#breadcrumb","itemListElement":[{"@type":"ListItem","position":1,"name":"Accueil","item":"https:\/\/repliquemangacine.fr\/"},{"@type":"ListItem","position":2,"name":"Produits","item":"https:\/\/repliquemangacine.fr\/boutique\/"},{"@type":"ListItem","position":3,"name":"Trident d&#8217;Aquaman 210 cm M\u00e9tal"}]},{"@type":"WebSite","@id":"https:\/\/repliquemangacine.fr\/#website","url":"https:\/\/repliquemangacine.fr\/","name":"R\u00e9plique Manga Cin\u00e9","description":"","publisher":{"@id":"https:\/\/repliquemangacine.fr\/#organization"},"potentialAction":[{"@type":"SearchAction","target":{"@type":"EntryPoint","urlTemplate":"https:\/\/repliquemangacine.fr\/?s={search_term_string}"},"query-input":{"@type":"PropertyValueSpecification","valueRequired":true,"valueName":"search_term_string"}}],"inLanguage":"de"},{"@type":"Organization","@id":"https:\/\/repliquemangacine.fr\/#organization","name":"R\u00e9plique Manga Cin\u00e9","url":"https:\/\/repliquemangacine.fr\/","logo":{"@type":"ImageObject","inLanguage":"de","@id":"https:\/\/repliquemangacine.fr\/#\/schema\/logo\/image\/","url":"https:\/\/repliquemangacine.fr\/wp-content\/uploads\/2023\/10\/RMC-500250.png","contentUrl":"https:\/\/repliquemangacine.fr\/wp-content\/uploads\/2023\/10\/RMC-500250.png","width":500,"height":250,"caption":"R\u00e9plique Manga Cin\u00e9"},"image":{"@id":"https:\/\/repliquemangacine.fr\/#\/schema\/logo\/image\/"},"sameAs":["https:\/\/www.facebook.com\/RepliqueMangaCine","https:\/\/www.instagram.com\/repliquemangacine.fr\/"]}]}},"_links":{"self":[{"href":"https:\/\/repliquemangacine.fr\/de\/wp-json\/wp\/v2\/product\/72658","targetHints":{"allow":["GET"]}}],"collection":[{"href":"https:\/\/repliquemangacine.fr\/de\/wp-json\/wp\/v2\/product"}],"about":[{"href":"https:\/\/repliquemangacine.fr\/de\/wp-json\/wp\/v2\/types\/product"}],"wp:featuredmedia":[{"embeddable":true,"href":"https:\/\/repliquemangacine.fr\/de\/wp-json\/wp\/v2\/media\/72661"}],"wp:attachment":[{"href":"https:\/\/repliquemangacine.fr\/de\/wp-json\/wp\/v2\/media?parent=72658"}],"wp:term":[{"taxonomy":"product_brand","embeddable":true,"href":"https:\/\/repliquemangacine.fr\/de\/wp-json\/wp\/v2\/product_brand?post=72658"},{"taxonomy":"product_cat","embeddable":true,"href":"https:\/\/repliquemangacine.fr\/de\/wp-json\/wp\/v2\/product_cat?post=72658"},{"taxonomy":"product_tag","embeddable":true,"href":"https:\/\/repliquemangacine.fr\/de\/wp-json\/wp\/v2\/product_tag?post=72658"}],"curies":[{"name":"wp","href":"https:\/\/api.w.org\/{rel}","templated":true}]}}