





{"id":71829,"date":"2024-05-09T15:05:48","date_gmt":"2024-05-09T13:05:48","guid":{"rendered":"https:\/\/repliquemangacine.fr\/?post_type=product&#038;p=71829"},"modified":"2025-12-10T15:45:40","modified_gmt":"2025-12-10T14:45:40","slug":"derringer-kolser-pistole","status":"publish","type":"product","link":"https:\/\/repliquemangacine.fr\/de\/western-repliques-armes\/pistolet-derringer-kolser\/","title":{"rendered":"Kolser Derringer-Pistole"},"content":{"rendered":"<h2>Kolser Derringer-Pistole: Getreue historische Reproduktion<\/h2>\n<p>Zun\u00e4chst einmal die Kolser Derringer-Pistole, eine getreue Nachbildung der ber\u00fchmten Originalpistole von Remington Arms, die von 1866 bis 1935 hergestellt wurde. Es muss betont werden, dass die Geschichte der Derringer, nach der Ermordung von Pr\u00e4sident Lincoln ber\u00fchmt wurde.<\/p>\n<p>Die Remington Derringer, offiziell bekannt als Remington Model 95, wurde erstmals 1866 eingef\u00fchrt. Dieses Modell wurde von Remington &amp; Sons, einem prominenten amerikanischen Unternehmen f\u00fcr die Herstellung von Feuerwaffen, entwickelt. Obwohl der Name \"Derringer\" von den Pistolen Henry Deringers abgeleitet wurde. Remington machte das Format mit seinem Modell mit doppeltem Kipplauf popul\u00e4r. Es wurde zur Ikone der Derringer-Kategorie.<\/p>\n<p>Kurz gesagt: Die Derringer von 1866 ist eine ikonische Pistole, die mit ihrem kompakten Design und ihrer Unauff\u00e4lligkeit die Geschichte der Feuerwaffen gepr\u00e4gt hat. Ihre Funktionen machen sie ideal f\u00fcr Liebhaber historischer Waffen oder Sammler. \u00dcbrigens ist sie auch heute noch ein klassisches Symbol der Western-\u00c4ra.<\/p>\n<h2>Kolser Derringer-Pistole: Funktionen und kompaktes Design<\/h2>\n<p>Den Anfang macht die Derringer von 1866, eine ikonische Taschenpistole, die oft mit den unauff\u00e4lligen Selbstverteidigungswaffen des 19\u1d49 Jahrhunderts in Verbindung gebracht wird. Hier sind einige Schl\u00fcsselinformationen zu dieser Pistole :<\/p>\n<ul>\n<li>Design: Das Remington Model 95, das f\u00fcr sein doppell\u00e4ufiges Design bekannt ist. Die L\u00e4ufe lassen sich zum Nachladen zur Seite schwenken, ein f\u00fcr die damalige Zeit innovatives Merkmal.<\/li>\n<li>Kaliber: Meist in .41 Rimfire gekammert, einem relativ kleinen Kaliber. Geeignete Munition f\u00fcr den Einsatz auf sehr kurze Distanz, typisch f\u00fcr Selbstverteidigungssituationen.<\/li>\n<li>Kompaktes Design: Die sehr kompakte Waffe mit einem Schaft ohne echten Griff, wodurch sie leicht zu verbergen ist.<\/li>\n<li>Verwendung: Der Derringer war in erster Linie eine pers\u00f6nliche Verteidigungswaffe, die f\u00fcr Situationen im Nahbereich konzipiert war. Man muss aber auch sagen, dass Frauen ihn als pers\u00f6nliche Verteidigungswaffe nutzten, da er sich leicht in einer Handtasche verstecken lie\u00df.<\/li>\n<\/ul>\n<p>Zusammenfassend l\u00e4sst sich sagen, dass die Derringer-Pistole bei Sammlern und Waffenliebhabern nach wie vor sehr beliebt ist.<\/p>\n<h2>Kolser Waffenrepliken: Qualit\u00e4t \/ Preisgarantie<\/h2>\n<p>Wie Sie bereits wissen, haben wir uns bei R\u00e9plique Manga Cin\u00e9 dazu verpflichtet, Qualit\u00e4tsprodukte zum besten Preis zu vertreiben. Wir haben uns f\u00fcr die beiden gr\u00f6\u00dften Marken f\u00fcr Waffenattrappen entschieden, darunter <a href=\"https:\/\/kolser.com\/fr\/\" target=\"_blank\" rel=\"noopener noreferrer\">Kolser<\/a> ist ein Teil davon. Die Qualit\u00e4t der Verarbeitung dieser Marke muss nicht mehr bewiesen werden. Aus diesem Grund erweitern wir unseren Katalog immer mehr mit ihren Produkten. Hier also ein paar Beispiele:<\/p>\n<ul>\n<li>Die <a href=\"https:\/\/repliquemangacine.fr\/de\/kolser-waffe\/mares-leg-55cm-grey-kolser\/\">Winchester Mare's Leg<\/a> von Josh Randall und mit seinem Kugelauswurf. Existiert in mehreren Versionen.<\/li>\n<li>Es gibt auch den <a href=\"https:\/\/repliquemangacine.fr\/de\/kolser-waffe\/colt-navy-1851-messing\/\">Colt Navy 1851<\/a>, Messingausf\u00fchrung. Existiert auch in verschiedenen Ausf\u00fchrungen<\/li>\n<li>Sowie das <a href=\"https:\/\/repliquemangacine.fr\/de\/kolser-waffe\/colt-thunderer-schaft-perlmutt\/\">colt Thunderer<\/a> und sein Schaft aus Perlmutt. Verschiedene Modelle<\/li>\n<li>Nicht zu vergessen sind die speziellen Attrappenkugeln f\u00fcr Colts und Kolser-Gewehre, die Ihnen die M\u00f6glichkeit geben, einen Knallk\u00f6rperz\u00fcnder einzubauen, um einen noch realistischeren Effekt zu erzielen.<\/li>\n<\/ul>\n<p>&nbsp;<\/p>","protected":false},"excerpt":{"rendered":"<p>Wundersch\u00f6ne originalgetreue Nachbildung der Derringer-Pistole von Kolser<\/p>\n<ul>\n<li>Geh\u00e4use aus gealtertem Metall, je nach Modell vernickelt oder patiniert<\/li>\n<li>Schaft aus Elfenbeinimitat, Perle, Abs und Holz.<\/li>\n<li>Doppelte Kanone<\/li>\n<li>Funktionaler Mechanismus<\/li>\n<li>Wird mit 2 Attrappenb\u00e4llen geliefert<strong><br \/>\n<\/strong><\/li>\n<\/ul>\n<p><iframe title=\"YouTube-Videoplayer\" src=\"https:\/\/www.youtube.com\/embed\/7KAdvrK6NQw?si=W5D00lRigU-i6B8X\" width=\"560\" height=\"315\" frameborder=\"0\" allowfullscreen=\"allowfullscreen\"><\/iframe><\/p>","protected":false},"featured_media":71889,"template":"","meta":[],"product_brand":[896],"product_cat":[100,34,33,77,64],"product_tag":[],"class_list":{"0":"post-71829","1":"product","2":"type-product","3":"status-publish","4":"has-post-thumbnail","6":"product_brand-replique-manga-cine","7":"product_cat-arme-kolser","8":"product_cat-armes-westerns","9":"product_cat-colt-pistolet","10":"product_cat-colt-revolver-western","11":"product_cat-western-repliques-armes","13":"first","14":"outofstock","15":"taxable","16":"shipping-taxable","17":"purchasable","18":"product-type-variable"},"yoast_head":"<!-- This site is optimized with the Yoast SEO plugin v27.5 - https:\/\/yoast.com\/product\/yoast-seo-wordpress\/ -->\n<title>Pistolet Derringer Kolser - Reproductions Armes Westerns - RMC<\/title>\n<meta name=\"description\" content=\"D\u00e9couvrez notre derni\u00e8re nouveaut\u00e9, le Pistolet Derringer de Kolser. M\u00e9canismes fonctionnels. Existe en plusieurs versions. Livr\u00e9 avec 2 balles factices.\" \/>\n<meta name=\"robots\" content=\"index, follow, max-snippet:-1, max-image-preview:large, max-video-preview:-1\" \/>\n<link rel=\"canonical\" href=\"https:\/\/repliquemangacine.fr\/de\/western-repliques-waffen\/derringer-kolser-pistole\/\" \/>\n<meta property=\"og:locale\" content=\"de_DE\" \/>\n<meta property=\"og:type\" content=\"article\" \/>\n<meta property=\"og:title\" content=\"Pistolet Derringer Kolser - Reproductions Armes Westerns - RMC\" \/>\n<meta property=\"og:description\" content=\"D\u00e9couvrez notre derni\u00e8re nouveaut\u00e9, le Pistolet Derringer de Kolser. M\u00e9canismes fonctionnels. Existe en plusieurs versions. Livr\u00e9 avec 2 balles factices.\" \/>\n<meta property=\"og:url\" content=\"https:\/\/repliquemangacine.fr\/de\/western-repliques-waffen\/derringer-kolser-pistole\/\" \/>\n<meta property=\"og:site_name\" content=\"R\u00e9plique Manga Cin\u00e9\" \/>\n<meta property=\"article:publisher\" content=\"https:\/\/www.facebook.com\/RepliqueMangaCine\" \/>\n<meta property=\"article:modified_time\" content=\"2025-12-10T14:45:40+00:00\" \/>\n<meta property=\"og:image\" content=\"https:\/\/repliquemangacine.fr\/wp-content\/uploads\/2024\/05\/8752M.jpg\" \/>\n\t<meta property=\"og:image:width\" content=\"500\" \/>\n\t<meta property=\"og:image:height\" content=\"500\" \/>\n\t<meta property=\"og:image:type\" content=\"image\/jpeg\" \/>\n<meta name=\"twitter:card\" content=\"summary_large_image\" \/>\n<meta name=\"twitter:label1\" content=\"Gesch\u00e4tzte Lesezeit\" \/>\n\t<meta name=\"twitter:data1\" content=\"3\u00a0Minuten\" \/>\n<script type=\"application\/ld+json\" class=\"yoast-schema-graph\">{\"@context\":\"https:\\\/\\\/schema.org\",\"@graph\":[{\"@type\":\"WebPage\",\"@id\":\"https:\\\/\\\/repliquemangacine.fr\\\/western-repliques-armes\\\/pistolet-derringer-kolser\\\/\",\"url\":\"https:\\\/\\\/repliquemangacine.fr\\\/western-repliques-armes\\\/pistolet-derringer-kolser\\\/\",\"name\":\"Pistolet Derringer Kolser - Reproductions Armes Westerns - RMC\",\"isPartOf\":{\"@id\":\"https:\\\/\\\/repliquemangacine.fr\\\/#website\"},\"primaryImageOfPage\":{\"@id\":\"https:\\\/\\\/repliquemangacine.fr\\\/western-repliques-armes\\\/pistolet-derringer-kolser\\\/#primaryimage\"},\"image\":{\"@id\":\"https:\\\/\\\/repliquemangacine.fr\\\/western-repliques-armes\\\/pistolet-derringer-kolser\\\/#primaryimage\"},\"thumbnailUrl\":\"https:\\\/\\\/repliquemangacine.fr\\\/wp-content\\\/uploads\\\/2024\\\/05\\\/8752M.jpg\",\"datePublished\":\"2024-05-09T13:05:48+00:00\",\"dateModified\":\"2025-12-10T14:45:40+00:00\",\"description\":\"D\u00e9couvrez notre derni\u00e8re nouveaut\u00e9, le Pistolet Derringer de Kolser. M\u00e9canismes fonctionnels. Existe en plusieurs versions. Livr\u00e9 avec 2 balles factices.\",\"breadcrumb\":{\"@id\":\"https:\\\/\\\/repliquemangacine.fr\\\/western-repliques-armes\\\/pistolet-derringer-kolser\\\/#breadcrumb\"},\"inLanguage\":\"de\",\"potentialAction\":[{\"@type\":\"ReadAction\",\"target\":[\"https:\\\/\\\/repliquemangacine.fr\\\/western-repliques-armes\\\/pistolet-derringer-kolser\\\/\"]}]},{\"@type\":\"ImageObject\",\"inLanguage\":\"de\",\"@id\":\"https:\\\/\\\/repliquemangacine.fr\\\/western-repliques-armes\\\/pistolet-derringer-kolser\\\/#primaryimage\",\"url\":\"https:\\\/\\\/repliquemangacine.fr\\\/wp-content\\\/uploads\\\/2024\\\/05\\\/8752M.jpg\",\"contentUrl\":\"https:\\\/\\\/repliquemangacine.fr\\\/wp-content\\\/uploads\\\/2024\\\/05\\\/8752M.jpg\",\"width\":500,\"height\":500,\"caption\":\"Pistolet Derringer Kolser Crosse ivoire m\u00e9tal patin\u00e9\"},{\"@type\":\"BreadcrumbList\",\"@id\":\"https:\\\/\\\/repliquemangacine.fr\\\/western-repliques-armes\\\/pistolet-derringer-kolser\\\/#breadcrumb\",\"itemListElement\":[{\"@type\":\"ListItem\",\"position\":1,\"name\":\"Accueil\",\"item\":\"https:\\\/\\\/repliquemangacine.fr\\\/\"},{\"@type\":\"ListItem\",\"position\":2,\"name\":\"Produits\",\"item\":\"https:\\\/\\\/repliquemangacine.fr\\\/boutique\\\/\"},{\"@type\":\"ListItem\",\"position\":3,\"name\":\"Pistolet Derringer Kolser\"}]},{\"@type\":\"WebSite\",\"@id\":\"https:\\\/\\\/repliquemangacine.fr\\\/#website\",\"url\":\"https:\\\/\\\/repliquemangacine.fr\\\/\",\"name\":\"R\u00e9plique Manga Cin\u00e9\",\"description\":\"\",\"publisher\":{\"@id\":\"https:\\\/\\\/repliquemangacine.fr\\\/#organization\"},\"potentialAction\":[{\"@type\":\"SearchAction\",\"target\":{\"@type\":\"EntryPoint\",\"urlTemplate\":\"https:\\\/\\\/repliquemangacine.fr\\\/?s={search_term_string}\"},\"query-input\":{\"@type\":\"PropertyValueSpecification\",\"valueRequired\":true,\"valueName\":\"search_term_string\"}}],\"inLanguage\":\"de\"},{\"@type\":\"Organization\",\"@id\":\"https:\\\/\\\/repliquemangacine.fr\\\/#organization\",\"name\":\"R\u00e9plique Manga Cin\u00e9\",\"url\":\"https:\\\/\\\/repliquemangacine.fr\\\/\",\"logo\":{\"@type\":\"ImageObject\",\"inLanguage\":\"de\",\"@id\":\"https:\\\/\\\/repliquemangacine.fr\\\/#\\\/schema\\\/logo\\\/image\\\/\",\"url\":\"https:\\\/\\\/repliquemangacine.fr\\\/wp-content\\\/uploads\\\/2023\\\/10\\\/RMC-500250.png\",\"contentUrl\":\"https:\\\/\\\/repliquemangacine.fr\\\/wp-content\\\/uploads\\\/2023\\\/10\\\/RMC-500250.png\",\"width\":500,\"height\":250,\"caption\":\"R\u00e9plique Manga Cin\u00e9\"},\"image\":{\"@id\":\"https:\\\/\\\/repliquemangacine.fr\\\/#\\\/schema\\\/logo\\\/image\\\/\"},\"sameAs\":[\"https:\\\/\\\/www.facebook.com\\\/RepliqueMangaCine\",\"https:\\\/\\\/www.instagram.com\\\/repliquemangacine.fr\\\/\"]}]}<\/script>\n<!-- \/ Yoast SEO plugin. -->","yoast_head_json":{"title":"Pistole Derringer Kolser - Reproduktionen Waffen Westerns - RMC","description":"Entdecken Sie unsere neueste Entwicklung, die Derringer-Pistole von Kolser. Funktionelle Mechanismen. In verschiedenen Ausf\u00fchrungen erh\u00e4ltlich. Wird mit 2 Attrappenkugeln geliefert.","robots":{"index":"index","follow":"follow","max-snippet":"max-snippet:-1","max-image-preview":"max-image-preview:large","max-video-preview":"max-video-preview:-1"},"canonical":"https:\/\/repliquemangacine.fr\/de\/western-repliques-waffen\/derringer-kolser-pistole\/","og_locale":"de_DE","og_type":"article","og_title":"Pistolet Derringer Kolser - Reproductions Armes Westerns - RMC","og_description":"D\u00e9couvrez notre derni\u00e8re nouveaut\u00e9, le Pistolet Derringer de Kolser. M\u00e9canismes fonctionnels. Existe en plusieurs versions. Livr\u00e9 avec 2 balles factices.","og_url":"https:\/\/repliquemangacine.fr\/de\/western-repliques-waffen\/derringer-kolser-pistole\/","og_site_name":"R\u00e9plique Manga Cin\u00e9","article_publisher":"https:\/\/www.facebook.com\/RepliqueMangaCine","article_modified_time":"2025-12-10T14:45:40+00:00","og_image":[{"width":500,"height":500,"url":"https:\/\/repliquemangacine.fr\/wp-content\/uploads\/2024\/05\/8752M.jpg","type":"image\/jpeg"}],"twitter_card":"summary_large_image","twitter_misc":{"Gesch\u00e4tzte Lesezeit":"3\u00a0Minuten"},"schema":{"@context":"https:\/\/schema.org","@graph":[{"@type":"WebPage","@id":"https:\/\/repliquemangacine.fr\/western-repliques-armes\/pistolet-derringer-kolser\/","url":"https:\/\/repliquemangacine.fr\/western-repliques-armes\/pistolet-derringer-kolser\/","name":"Pistole Derringer Kolser - Reproduktionen Waffen Westerns - RMC","isPartOf":{"@id":"https:\/\/repliquemangacine.fr\/#website"},"primaryImageOfPage":{"@id":"https:\/\/repliquemangacine.fr\/western-repliques-armes\/pistolet-derringer-kolser\/#primaryimage"},"image":{"@id":"https:\/\/repliquemangacine.fr\/western-repliques-armes\/pistolet-derringer-kolser\/#primaryimage"},"thumbnailUrl":"https:\/\/repliquemangacine.fr\/wp-content\/uploads\/2024\/05\/8752M.jpg","datePublished":"2024-05-09T13:05:48+00:00","dateModified":"2025-12-10T14:45:40+00:00","description":"Entdecken Sie unsere neueste Entwicklung, die Derringer-Pistole von Kolser. Funktionelle Mechanismen. In verschiedenen Ausf\u00fchrungen erh\u00e4ltlich. Wird mit 2 Attrappenkugeln geliefert.","breadcrumb":{"@id":"https:\/\/repliquemangacine.fr\/western-repliques-armes\/pistolet-derringer-kolser\/#breadcrumb"},"inLanguage":"de","potentialAction":[{"@type":"ReadAction","target":["https:\/\/repliquemangacine.fr\/western-repliques-armes\/pistolet-derringer-kolser\/"]}]},{"@type":"ImageObject","inLanguage":"de","@id":"https:\/\/repliquemangacine.fr\/western-repliques-armes\/pistolet-derringer-kolser\/#primaryimage","url":"https:\/\/repliquemangacine.fr\/wp-content\/uploads\/2024\/05\/8752M.jpg","contentUrl":"https:\/\/repliquemangacine.fr\/wp-content\/uploads\/2024\/05\/8752M.jpg","width":500,"height":500,"caption":"Pistolet Derringer Kolser Crosse ivoire m\u00e9tal patin\u00e9"},{"@type":"BreadcrumbList","@id":"https:\/\/repliquemangacine.fr\/western-repliques-armes\/pistolet-derringer-kolser\/#breadcrumb","itemListElement":[{"@type":"ListItem","position":1,"name":"Accueil","item":"https:\/\/repliquemangacine.fr\/"},{"@type":"ListItem","position":2,"name":"Produits","item":"https:\/\/repliquemangacine.fr\/boutique\/"},{"@type":"ListItem","position":3,"name":"Pistolet Derringer Kolser"}]},{"@type":"WebSite","@id":"https:\/\/repliquemangacine.fr\/#website","url":"https:\/\/repliquemangacine.fr\/","name":"R\u00e9plique Manga Cin\u00e9","description":"","publisher":{"@id":"https:\/\/repliquemangacine.fr\/#organization"},"potentialAction":[{"@type":"SearchAction","target":{"@type":"EntryPoint","urlTemplate":"https:\/\/repliquemangacine.fr\/?s={search_term_string}"},"query-input":{"@type":"PropertyValueSpecification","valueRequired":true,"valueName":"search_term_string"}}],"inLanguage":"de"},{"@type":"Organization","@id":"https:\/\/repliquemangacine.fr\/#organization","name":"R\u00e9plique Manga Cin\u00e9","url":"https:\/\/repliquemangacine.fr\/","logo":{"@type":"ImageObject","inLanguage":"de","@id":"https:\/\/repliquemangacine.fr\/#\/schema\/logo\/image\/","url":"https:\/\/repliquemangacine.fr\/wp-content\/uploads\/2023\/10\/RMC-500250.png","contentUrl":"https:\/\/repliquemangacine.fr\/wp-content\/uploads\/2023\/10\/RMC-500250.png","width":500,"height":250,"caption":"R\u00e9plique Manga Cin\u00e9"},"image":{"@id":"https:\/\/repliquemangacine.fr\/#\/schema\/logo\/image\/"},"sameAs":["https:\/\/www.facebook.com\/RepliqueMangaCine","https:\/\/www.instagram.com\/repliquemangacine.fr\/"]}]}},"_links":{"self":[{"href":"https:\/\/repliquemangacine.fr\/de\/wp-json\/wp\/v2\/product\/71829","targetHints":{"allow":["GET"]}}],"collection":[{"href":"https:\/\/repliquemangacine.fr\/de\/wp-json\/wp\/v2\/product"}],"about":[{"href":"https:\/\/repliquemangacine.fr\/de\/wp-json\/wp\/v2\/types\/product"}],"wp:featuredmedia":[{"embeddable":true,"href":"https:\/\/repliquemangacine.fr\/de\/wp-json\/wp\/v2\/media\/71889"}],"wp:attachment":[{"href":"https:\/\/repliquemangacine.fr\/de\/wp-json\/wp\/v2\/media?parent=71829"}],"wp:term":[{"taxonomy":"product_brand","embeddable":true,"href":"https:\/\/repliquemangacine.fr\/de\/wp-json\/wp\/v2\/product_brand?post=71829"},{"taxonomy":"product_cat","embeddable":true,"href":"https:\/\/repliquemangacine.fr\/de\/wp-json\/wp\/v2\/product_cat?post=71829"},{"taxonomy":"product_tag","embeddable":true,"href":"https:\/\/repliquemangacine.fr\/de\/wp-json\/wp\/v2\/product_tag?post=71829"}],"curies":[{"name":"wp","href":"https:\/\/api.w.org\/{rel}","templated":true}]}}