





{"id":71656,"date":"2024-04-30T18:46:42","date_gmt":"2024-04-30T16:46:42","guid":{"rendered":"https:\/\/repliquemangacine.fr\/?post_type=product&#038;p=71656"},"modified":"2026-02-28T06:06:32","modified_gmt":"2026-02-28T05:06:32","slug":"schwert-von-freydis-wikinger-walhalla","status":"publish","type":"product","link":"https:\/\/repliquemangacine.fr\/de\/armes-et-accessoires-vikings\/epee-de-freydis-vikings-valhalla\/","title":{"rendered":"Freydis Schwert Wikinger Walhalla"},"content":{"rendered":"<h2>Freydis Schwert - Vikings Valhalla<\/h2>\n<p>Zun\u00e4chst einmal ist die<strong>Freydis' Schwert<\/strong> in Viking Valhalla, ein Muss f\u00fcr Ihre Sammlung.<\/p>\n<p>Schl\u00fcsselfigur in der Serie \"<a href=\"https:\/\/vikings.fandom.com\/fr\/wiki\/Vikings:_Valhalla\" target=\"_blank\" rel=\"noopener noreferrer\">Wikinger: Walhalla<\/a>\", Fortsetzung der Originalserie \"Vikings\". Freydis, eine grimmige paganische Kriegerin und gl\u00e4ubige Anh\u00e4ngerin der alten nordischen G\u00f6tter. Wird als au\u00dfergew\u00f6hnliche K\u00e4mpferin mit einem starken Gerechtigkeitssinn dargestellt. Sowie eine Entschlossenheit, ihren Glauben und ihr Volk gegen Bedrohungen zu verteidigen, insbesondere gegen das Vordringen des Christentums.<\/p>\n<p>Seine Figur ist von historischen und legend\u00e4ren Figuren aus der Wikingerzeit inspiriert. Allerdings mit kreativen Freiheiten f\u00fcr die Fernsehadaption. In der Serie durchl\u00e4uft sie zahlreiche Pr\u00fcfungen, die ihren Glauben, ihren Mut und ihre F\u00e4higkeit, die Menschen um sie herum zu vereinen und zu f\u00fchren, auf die Probe stellen. Freydis ist ein komplexer Charakter, dessen K\u00e4mpfe und Erfolge oft die Aufmerksamkeit der Zuschauer fesseln und sie zu einer wesentlichen S\u00e4ule von \"Vikings: Valhalla\" machen.<\/p>\n<h2>Ihr Schwert von Freydis zum besten Preis.<\/h2>\n<p>Wir bieten Ihnen eine gro\u00dfe Auswahl an historischen Wikingerschwertern.<\/p>\n<p>Zun\u00e4chst einmal,<\/p>\n<ul>\n<li>Die ber\u00fchmte <a href=\"https:\/\/repliquemangacine.fr\/de\/schwerter-tv-serie-vikings\/replik-des-schwertes-von-konig-ragnar-lothbrok-aus-der-tv-serie-vikings\/\">Schwert von Ragnar Lothbrok<\/a> in der Serie Vikings<\/li>\n<li>Es gibt auch die<a href=\"https:\/\/repliquemangacine.fr\/de\/schwerter-tv-serie-vikings\/wikingerschwert-mit-bronzegriff\/\">Schwert von Harald Sigurdsson<\/a> in Wikinger Walhalla<\/li>\n<li>Sowie die beiden <a href=\"https:\/\/repliquemangacine.fr\/de\/waffen-assassins-creed\/axte-assassins-creed-valhalla\/\">\u00c4xte von Eivor<\/a> in Assassin's Creed Valhalla.<\/li>\n<li>Und noch viel mehr gibt es in unserem Online-Shop zu entdecken!<\/li>\n<\/ul>\n<p>Deshalb sind dies tolle Geschenkideen f\u00fcr alle Fans der Wikinger. Abschlie\u00dfend k\u00f6nnen Sie diese <strong>Freydis' Schwert<\/strong> f\u00fcr Ihre historischen Nachstellungen. Vor allem aber ist es ein Sammler- und Dekorationsst\u00fcck.<\/p>\n<h2>Wie pflegt man die Klinge seines Schwertes?<\/h2>\n<p>Sammlungs- und Dekorationsschwerter werden in vereinfachter Form hergestellt und zusammengebaut. Da sie zu Dekorationszwecken verwendet werden, verf\u00fcgen sie nicht \u00fcber die Sicherheitselemente, die ein japanisches Schwert, das f\u00fcr das Training bestimmt ist, aufweisen muss. Dennoch ist Ihr <strong>Freydis' Schwert<\/strong> zu einer Stahlklinge, die gepflegt werden muss, damit sie nicht mit der Zeit abgenutzt wird. Wenn du dein Schwert n\u00e4mlich ausstellst, werden deine Freunde neugierig sein, die Klinge zu sehen und sie zu ber\u00fchren. Hier ist Vorsicht geboten, denn Sie m\u00fcssen wissen, dass die S\u00e4ure der Finger dem Stahl unabh\u00e4ngig von seiner Qualit\u00e4t sehr schadet. Wenn dies jedoch passiert, keine Panik, Sie brauchen nur ein Tuch, das mit etwas \u00d6l befeuchtet ist, und wischen die Fingerabdr\u00fccke ab. Wenn Sie dies tun, werden Sie Ihr Schwert sehr lange behalten.<\/p>","protected":false},"excerpt":{"rendered":"<p>Wundersch\u00f6ne Replik des Schwertes von Freydis in Vikings: Valhalla<\/p>\n<ul>\n<li>Stahlklinge mit eingravierten Runen.<\/li>\n<li>Mit Leder \u00fcberzogener Griff<\/li>\n<li>Garde und Knauf aus antikisiertem Stahl<\/li>\n<li>Wird mit Wandhalterung mit Serienlogo geliefert<\/li>\n<li>L\u00e4nge der Klinge: 82 cm - Gesamtl\u00e4nge: 105 cm<\/li>\n<li>Gewicht: 1210 gr<\/li>\n<\/ul>","protected":false},"featured_media":71665,"template":"","meta":[],"product_brand":[896],"product_cat":[112,103,57],"product_tag":[],"class_list":{"0":"post-71656","1":"product","2":"type-product","3":"status-publish","4":"has-post-thumbnail","6":"product_brand-replique-manga-cine","7":"product_cat-epees-serie-tv-vikings","8":"product_cat-armes-et-accessoires-vikings","9":"product_cat-armes-vikings","11":"first","12":"instock","13":"taxable","14":"shipping-taxable","15":"purchasable","16":"product-type-simple"},"yoast_head":"<!-- This site is optimized with the Yoast SEO plugin v27.5 - https:\/\/yoast.com\/product\/yoast-seo-wordpress\/ -->\n<title>\u00c9p\u00e9e de Freydis Vikings Valhalla - R\u00e9plique Manga Cin\u00e9<\/title>\n<meta name=\"description\" content=\"En exclusivit\u00e9 ! D\u00e9couvrez la superbe \u00c9p\u00e9e de Freydis dans Vikings Valhalla. Lame en acier grav\u00e9e. Poign\u00e9e cuir. Longueur totale : 105 cm\" \/>\n<meta name=\"robots\" content=\"index, follow, max-snippet:-1, max-image-preview:large, max-video-preview:-1\" \/>\n<link rel=\"canonical\" href=\"https:\/\/repliquemangacine.fr\/de\/waffen-und-zubehor-der-wikinger\/schwert-von-freydis-wikinger-walhalla\/\" \/>\n<meta property=\"og:locale\" content=\"de_DE\" \/>\n<meta property=\"og:type\" content=\"article\" \/>\n<meta property=\"og:title\" content=\"\u00c9p\u00e9e de Freydis Vikings Valhalla - R\u00e9plique Manga Cin\u00e9\" \/>\n<meta property=\"og:description\" content=\"En exclusivit\u00e9 ! D\u00e9couvrez la superbe \u00c9p\u00e9e de Freydis dans Vikings Valhalla. Lame en acier grav\u00e9e. Poign\u00e9e cuir. Longueur totale : 105 cm\" \/>\n<meta property=\"og:url\" content=\"https:\/\/repliquemangacine.fr\/de\/waffen-und-zubehor-der-wikinger\/schwert-von-freydis-wikinger-walhalla\/\" \/>\n<meta property=\"og:site_name\" content=\"R\u00e9plique Manga Cin\u00e9\" \/>\n<meta property=\"article:publisher\" content=\"https:\/\/www.facebook.com\/RepliqueMangaCine\" \/>\n<meta property=\"article:modified_time\" content=\"2026-02-28T05:06:32+00:00\" \/>\n<meta property=\"og:image\" content=\"https:\/\/repliquemangacine.fr\/wp-content\/uploads\/2024\/04\/Epee-de-Freydis-Vikings-valhalla.jpg\" \/>\n\t<meta property=\"og:image:width\" content=\"500\" \/>\n\t<meta property=\"og:image:height\" content=\"500\" \/>\n\t<meta property=\"og:image:type\" content=\"image\/jpeg\" \/>\n<meta name=\"twitter:card\" content=\"summary_large_image\" \/>\n<meta name=\"twitter:label1\" content=\"Gesch\u00e4tzte Lesezeit\" \/>\n\t<meta name=\"twitter:data1\" content=\"3\u00a0Minuten\" \/>\n<script type=\"application\/ld+json\" class=\"yoast-schema-graph\">{\"@context\":\"https:\\\/\\\/schema.org\",\"@graph\":[{\"@type\":\"WebPage\",\"@id\":\"https:\\\/\\\/repliquemangacine.fr\\\/armes-et-accessoires-vikings\\\/epee-de-freydis-vikings-valhalla\\\/\",\"url\":\"https:\\\/\\\/repliquemangacine.fr\\\/armes-et-accessoires-vikings\\\/epee-de-freydis-vikings-valhalla\\\/\",\"name\":\"\u00c9p\u00e9e de Freydis Vikings Valhalla - R\u00e9plique Manga Cin\u00e9\",\"isPartOf\":{\"@id\":\"https:\\\/\\\/repliquemangacine.fr\\\/#website\"},\"primaryImageOfPage\":{\"@id\":\"https:\\\/\\\/repliquemangacine.fr\\\/armes-et-accessoires-vikings\\\/epee-de-freydis-vikings-valhalla\\\/#primaryimage\"},\"image\":{\"@id\":\"https:\\\/\\\/repliquemangacine.fr\\\/armes-et-accessoires-vikings\\\/epee-de-freydis-vikings-valhalla\\\/#primaryimage\"},\"thumbnailUrl\":\"https:\\\/\\\/repliquemangacine.fr\\\/wp-content\\\/uploads\\\/2024\\\/04\\\/Epee-de-Freydis-Vikings-valhalla.jpg\",\"datePublished\":\"2024-04-30T16:46:42+00:00\",\"dateModified\":\"2026-02-28T05:06:32+00:00\",\"description\":\"En exclusivit\u00e9 ! D\u00e9couvrez la superbe \u00c9p\u00e9e de Freydis dans Vikings Valhalla. Lame en acier grav\u00e9e. Poign\u00e9e cuir. Longueur totale : 105 cm\",\"breadcrumb\":{\"@id\":\"https:\\\/\\\/repliquemangacine.fr\\\/armes-et-accessoires-vikings\\\/epee-de-freydis-vikings-valhalla\\\/#breadcrumb\"},\"inLanguage\":\"de\",\"potentialAction\":[{\"@type\":\"ReadAction\",\"target\":[\"https:\\\/\\\/repliquemangacine.fr\\\/armes-et-accessoires-vikings\\\/epee-de-freydis-vikings-valhalla\\\/\"]}]},{\"@type\":\"ImageObject\",\"inLanguage\":\"de\",\"@id\":\"https:\\\/\\\/repliquemangacine.fr\\\/armes-et-accessoires-vikings\\\/epee-de-freydis-vikings-valhalla\\\/#primaryimage\",\"url\":\"https:\\\/\\\/repliquemangacine.fr\\\/wp-content\\\/uploads\\\/2024\\\/04\\\/Epee-de-Freydis-Vikings-valhalla.jpg\",\"contentUrl\":\"https:\\\/\\\/repliquemangacine.fr\\\/wp-content\\\/uploads\\\/2024\\\/04\\\/Epee-de-Freydis-Vikings-valhalla.jpg\",\"width\":500,\"height\":500,\"caption\":\"Ep\u00e9e-de-Freydis-Vikings-valhalla\"},{\"@type\":\"BreadcrumbList\",\"@id\":\"https:\\\/\\\/repliquemangacine.fr\\\/armes-et-accessoires-vikings\\\/epee-de-freydis-vikings-valhalla\\\/#breadcrumb\",\"itemListElement\":[{\"@type\":\"ListItem\",\"position\":1,\"name\":\"Accueil\",\"item\":\"https:\\\/\\\/repliquemangacine.fr\\\/\"},{\"@type\":\"ListItem\",\"position\":2,\"name\":\"Produits\",\"item\":\"https:\\\/\\\/repliquemangacine.fr\\\/boutique\\\/\"},{\"@type\":\"ListItem\",\"position\":3,\"name\":\"\u00c9p\u00e9e de Freydis Vikings Valhalla\"}]},{\"@type\":\"WebSite\",\"@id\":\"https:\\\/\\\/repliquemangacine.fr\\\/#website\",\"url\":\"https:\\\/\\\/repliquemangacine.fr\\\/\",\"name\":\"R\u00e9plique Manga Cin\u00e9\",\"description\":\"\",\"publisher\":{\"@id\":\"https:\\\/\\\/repliquemangacine.fr\\\/#organization\"},\"potentialAction\":[{\"@type\":\"SearchAction\",\"target\":{\"@type\":\"EntryPoint\",\"urlTemplate\":\"https:\\\/\\\/repliquemangacine.fr\\\/?s={search_term_string}\"},\"query-input\":{\"@type\":\"PropertyValueSpecification\",\"valueRequired\":true,\"valueName\":\"search_term_string\"}}],\"inLanguage\":\"de\"},{\"@type\":\"Organization\",\"@id\":\"https:\\\/\\\/repliquemangacine.fr\\\/#organization\",\"name\":\"R\u00e9plique Manga Cin\u00e9\",\"url\":\"https:\\\/\\\/repliquemangacine.fr\\\/\",\"logo\":{\"@type\":\"ImageObject\",\"inLanguage\":\"de\",\"@id\":\"https:\\\/\\\/repliquemangacine.fr\\\/#\\\/schema\\\/logo\\\/image\\\/\",\"url\":\"https:\\\/\\\/repliquemangacine.fr\\\/wp-content\\\/uploads\\\/2023\\\/10\\\/RMC-500250.png\",\"contentUrl\":\"https:\\\/\\\/repliquemangacine.fr\\\/wp-content\\\/uploads\\\/2023\\\/10\\\/RMC-500250.png\",\"width\":500,\"height\":250,\"caption\":\"R\u00e9plique Manga Cin\u00e9\"},\"image\":{\"@id\":\"https:\\\/\\\/repliquemangacine.fr\\\/#\\\/schema\\\/logo\\\/image\\\/\"},\"sameAs\":[\"https:\\\/\\\/www.facebook.com\\\/RepliqueMangaCine\",\"https:\\\/\\\/www.instagram.com\\\/repliquemangacine.fr\\\/\"]}]}<\/script>\n<!-- \/ Yoast SEO plugin. -->","yoast_head_json":{"title":"Freydis Schwert Vikings Valhalla - R\u00e9plique Manga Cin\u00e9","description":"Als exklusives Angebot! Entdecken Sie das atemberaubende Schwert von Freydis in Vikings Valhalla. Klinge aus Stahl mit Gravur. Griff aus Leder. Gesamtl\u00e4nge: 105 cm","robots":{"index":"index","follow":"follow","max-snippet":"max-snippet:-1","max-image-preview":"max-image-preview:large","max-video-preview":"max-video-preview:-1"},"canonical":"https:\/\/repliquemangacine.fr\/de\/waffen-und-zubehor-der-wikinger\/schwert-von-freydis-wikinger-walhalla\/","og_locale":"de_DE","og_type":"article","og_title":"\u00c9p\u00e9e de Freydis Vikings Valhalla - R\u00e9plique Manga Cin\u00e9","og_description":"En exclusivit\u00e9 ! D\u00e9couvrez la superbe \u00c9p\u00e9e de Freydis dans Vikings Valhalla. Lame en acier grav\u00e9e. Poign\u00e9e cuir. Longueur totale : 105 cm","og_url":"https:\/\/repliquemangacine.fr\/de\/waffen-und-zubehor-der-wikinger\/schwert-von-freydis-wikinger-walhalla\/","og_site_name":"R\u00e9plique Manga Cin\u00e9","article_publisher":"https:\/\/www.facebook.com\/RepliqueMangaCine","article_modified_time":"2026-02-28T05:06:32+00:00","og_image":[{"width":500,"height":500,"url":"https:\/\/repliquemangacine.fr\/wp-content\/uploads\/2024\/04\/Epee-de-Freydis-Vikings-valhalla.jpg","type":"image\/jpeg"}],"twitter_card":"summary_large_image","twitter_misc":{"Gesch\u00e4tzte Lesezeit":"3\u00a0Minuten"},"schema":{"@context":"https:\/\/schema.org","@graph":[{"@type":"WebPage","@id":"https:\/\/repliquemangacine.fr\/armes-et-accessoires-vikings\/epee-de-freydis-vikings-valhalla\/","url":"https:\/\/repliquemangacine.fr\/armes-et-accessoires-vikings\/epee-de-freydis-vikings-valhalla\/","name":"Freydis Schwert Vikings Valhalla - R\u00e9plique Manga Cin\u00e9","isPartOf":{"@id":"https:\/\/repliquemangacine.fr\/#website"},"primaryImageOfPage":{"@id":"https:\/\/repliquemangacine.fr\/armes-et-accessoires-vikings\/epee-de-freydis-vikings-valhalla\/#primaryimage"},"image":{"@id":"https:\/\/repliquemangacine.fr\/armes-et-accessoires-vikings\/epee-de-freydis-vikings-valhalla\/#primaryimage"},"thumbnailUrl":"https:\/\/repliquemangacine.fr\/wp-content\/uploads\/2024\/04\/Epee-de-Freydis-Vikings-valhalla.jpg","datePublished":"2024-04-30T16:46:42+00:00","dateModified":"2026-02-28T05:06:32+00:00","description":"Als exklusives Angebot! Entdecken Sie das atemberaubende Schwert von Freydis in Vikings Valhalla. Klinge aus Stahl mit Gravur. Griff aus Leder. Gesamtl\u00e4nge: 105 cm","breadcrumb":{"@id":"https:\/\/repliquemangacine.fr\/armes-et-accessoires-vikings\/epee-de-freydis-vikings-valhalla\/#breadcrumb"},"inLanguage":"de","potentialAction":[{"@type":"ReadAction","target":["https:\/\/repliquemangacine.fr\/armes-et-accessoires-vikings\/epee-de-freydis-vikings-valhalla\/"]}]},{"@type":"ImageObject","inLanguage":"de","@id":"https:\/\/repliquemangacine.fr\/armes-et-accessoires-vikings\/epee-de-freydis-vikings-valhalla\/#primaryimage","url":"https:\/\/repliquemangacine.fr\/wp-content\/uploads\/2024\/04\/Epee-de-Freydis-Vikings-valhalla.jpg","contentUrl":"https:\/\/repliquemangacine.fr\/wp-content\/uploads\/2024\/04\/Epee-de-Freydis-Vikings-valhalla.jpg","width":500,"height":500,"caption":"Ep\u00e9e-de-Freydis-Vikings-valhalla"},{"@type":"BreadcrumbList","@id":"https:\/\/repliquemangacine.fr\/armes-et-accessoires-vikings\/epee-de-freydis-vikings-valhalla\/#breadcrumb","itemListElement":[{"@type":"ListItem","position":1,"name":"Accueil","item":"https:\/\/repliquemangacine.fr\/"},{"@type":"ListItem","position":2,"name":"Produits","item":"https:\/\/repliquemangacine.fr\/boutique\/"},{"@type":"ListItem","position":3,"name":"\u00c9p\u00e9e de Freydis Vikings Valhalla"}]},{"@type":"WebSite","@id":"https:\/\/repliquemangacine.fr\/#website","url":"https:\/\/repliquemangacine.fr\/","name":"R\u00e9plique Manga Cin\u00e9","description":"","publisher":{"@id":"https:\/\/repliquemangacine.fr\/#organization"},"potentialAction":[{"@type":"SearchAction","target":{"@type":"EntryPoint","urlTemplate":"https:\/\/repliquemangacine.fr\/?s={search_term_string}"},"query-input":{"@type":"PropertyValueSpecification","valueRequired":true,"valueName":"search_term_string"}}],"inLanguage":"de"},{"@type":"Organization","@id":"https:\/\/repliquemangacine.fr\/#organization","name":"R\u00e9plique Manga Cin\u00e9","url":"https:\/\/repliquemangacine.fr\/","logo":{"@type":"ImageObject","inLanguage":"de","@id":"https:\/\/repliquemangacine.fr\/#\/schema\/logo\/image\/","url":"https:\/\/repliquemangacine.fr\/wp-content\/uploads\/2023\/10\/RMC-500250.png","contentUrl":"https:\/\/repliquemangacine.fr\/wp-content\/uploads\/2023\/10\/RMC-500250.png","width":500,"height":250,"caption":"R\u00e9plique Manga Cin\u00e9"},"image":{"@id":"https:\/\/repliquemangacine.fr\/#\/schema\/logo\/image\/"},"sameAs":["https:\/\/www.facebook.com\/RepliqueMangaCine","https:\/\/www.instagram.com\/repliquemangacine.fr\/"]}]}},"_links":{"self":[{"href":"https:\/\/repliquemangacine.fr\/de\/wp-json\/wp\/v2\/product\/71656","targetHints":{"allow":["GET"]}}],"collection":[{"href":"https:\/\/repliquemangacine.fr\/de\/wp-json\/wp\/v2\/product"}],"about":[{"href":"https:\/\/repliquemangacine.fr\/de\/wp-json\/wp\/v2\/types\/product"}],"wp:featuredmedia":[{"embeddable":true,"href":"https:\/\/repliquemangacine.fr\/de\/wp-json\/wp\/v2\/media\/71665"}],"wp:attachment":[{"href":"https:\/\/repliquemangacine.fr\/de\/wp-json\/wp\/v2\/media?parent=71656"}],"wp:term":[{"taxonomy":"product_brand","embeddable":true,"href":"https:\/\/repliquemangacine.fr\/de\/wp-json\/wp\/v2\/product_brand?post=71656"},{"taxonomy":"product_cat","embeddable":true,"href":"https:\/\/repliquemangacine.fr\/de\/wp-json\/wp\/v2\/product_cat?post=71656"},{"taxonomy":"product_tag","embeddable":true,"href":"https:\/\/repliquemangacine.fr\/de\/wp-json\/wp\/v2\/product_tag?post=71656"}],"curies":[{"name":"wp","href":"https:\/\/api.w.org\/{rel}","templated":true}]}}