





{"id":70956,"date":"2024-04-05T10:59:36","date_gmt":"2024-04-05T08:59:36","guid":{"rendered":"https:\/\/repliquemangacine.fr\/?post_type=product&#038;p=70956"},"modified":"2026-04-21T13:22:29","modified_gmt":"2026-04-21T11:22:29","slug":"godric-epee-harry-potter","status":"publish","type":"product","link":"https:\/\/repliquemangacine.fr\/de\/baguettes-et-goodies-harry-potter\/epee-godric-harry-potter\/","title":{"rendered":"Godrics Schwert Harry Potter"},"content":{"rendered":"<h2>Das Schwert von Godric Gryffindor: Mehr als nur eine Waffe<\/h2>\n<p>In erster Linie ist die<strong>Godric Gryffindor Schwert<\/strong>ist eine inoffizielle Replik mit fabelhaften Details, die von Harry Potter inspiriert wurde. Dieses Schwert ist mehr als nur eine Waffe in der Welt von Harry Potter.<\/p>\n<p>Geschaffen von den Goblins, Handwerkern, die f\u00fcr ihre unvergleichliche Beherrschung der magischen Metallurgie bekannt sind. Er symbolisiert die Werte Mut, Tapferkeit und Ehre. Besteht aus reinem Silber und ist mit glitzernden Rubinen verziert, die das Wappen des Hauses Gryffindor widerspiegeln. Seine einzigartige F\u00e4higkeit, sich in Zeiten der Not einem Mitglied von Gryffindor zu erkennen zu geben, zeugt von seiner uralten und tiefen Magie, die die Zeiten \u00fcberdauert. Der Legende nach dazu gedacht, einem Gryffindor, der einer gro\u00dfen Pr\u00fcfung gegen\u00fcbersteht, im magischen Choice-Choice zu erscheinen. So wie es bei Harry Potter der Fall war, als er in der Kammer des Schreckens gegen den Basilisken k\u00e4mpfte. Er wird zu einer lebenden Legende, die f\u00fcr Hoffnung und den Kampf gegen die dunklen M\u00e4chte steht.<\/p>\n<p>Das Schwert von Gryffindor ist nicht nur ein historisches Artefakt aus der Saga, sondern auch ein m\u00e4chtiges Symbol f\u00fcr Widerstand und Integrit\u00e4t, das alle inspiriert, die an die Magie der Welt von Harry Potter glauben.<\/p>\n<h2>Die Symbolik der Artefakte in Harry Potter<\/h2>\n<p>Neben dem Schwert von Godric Gryffindor ist die Welt von Harry Potter voll von magischen Artefakten mit au\u00dfergew\u00f6hnlichen Kr\u00e4ften. Der <a href=\"https:\/\/repliquemangacine.fr\/de\/sammlerstucke-und-goodies-harry-potter\/interaktiver-wahlhut-harry-potter\/\">Magische Hut<\/a>zum Beispiel h\u00e4lt den Schl\u00fcssel zur Verteilung der Hogwarts-Sch\u00fcler auf die vier H\u00e4user in der Hand und spiegelt damit ihre Pers\u00f6nlichkeit und ihre tiefsten Werte wider. W\u00e4hrend der Zeitumkehrer die Gesetze der Physik au\u00dfer Kraft setzt, indem er es erm\u00f6glicht, durch die Zeit zu reisen.<\/p>\n<p>Die Artefakte tragen eine tiefe Symbolik, die die zentralen Themen der Saga widerspiegelt. Der Kampf zwischen Gut und B\u00f6se, die Macht der Freundschaft und der Mut im Angesicht von Widrigkeiten. So sind zum Beispiel die <a href=\"https:\/\/harrypotter.fandom.com\/fr\/wiki\/Horcruxe\" target=\"_blank\" rel=\"noopener noreferrer\">Horkruxe<\/a>Sie wurden von Voldemort in seinem Streben nach Unsterblichkeit erschaffen. Stellen die Spaltung der Seele und die zerst\u00f6rerischen Folgen von Machtgier dar. Wie der <a href=\"https:\/\/repliquemangacine.fr\/de\/sammlerstucke-und-goodies-harry-potter\/medaillon-von-salazar-slytherin\/\">Medaillon von Salazar Slytherin.<\/a><\/p>\n<p>Diese Artefakte sind nicht einfach nur Gegenst\u00e4nde. Sie sind mit den Triumphen und Pr\u00fcfungen der Charaktere verwoben und werden zu Schl\u00fcsselfiguren in ihrem Bestreben, das B\u00f6se zu besiegen. Jedes Artefakt bereichert mit seiner Geschichte und seiner einzigartigen Macht Rowlings magische Welt und bietet unerwartete Perspektiven und L\u00f6sungen in den dunkelsten Momenten.<\/p>\n<h2>Wie man die Klinge von Godrics Schwert pflegt<\/h2>\n<p>Sammlungs- und Dekorationsschwerter werden in vereinfachter Form hergestellt und zusammengebaut. Da sie zu Dekorationszwecken verwendet werden, verf\u00fcgen sie nicht \u00fcber die Sicherheitselemente, die ein japanisches Schwert, das f\u00fcr das Training bestimmt ist, aufweisen muss. Dennoch ist Ihr <strong>Godrics Schwert<\/strong> zu einer Stahlklinge, die gepflegt werden muss, damit sie nicht mit der Zeit abgenutzt wird. Wenn du dein Schwert n\u00e4mlich ausstellst, werden deine Freunde neugierig sein, die Klinge zu sehen und sie zu ber\u00fchren. Hier ist Vorsicht geboten, denn Sie m\u00fcssen wissen, dass die S\u00e4ure der Finger dem Stahl unabh\u00e4ngig von seiner Qualit\u00e4t sehr schadet. Wenn dies jedoch passiert, keine Panik, Sie brauchen nur ein Tuch, das mit etwas \u00d6l befeuchtet ist, und wischen die Fingerabdr\u00fccke ab. Wenn Sie dies tun, werden Sie Ihr Schwert sehr lange behalten. Fazit: F\u00fcr Sammler und Harry-Potter-Fans ist es ein wahrer Schatz, eine Replik des Schwertes von Godric Gryffindor zu besitzen.<\/p>","protected":false},"excerpt":{"rendered":"<p>Wundersch\u00f6ne Reproduktion des Schwerts von Godric Gryffindor aus der Harry-Potter-Saga.<\/p>\n<ul>\n<li>Klinge aus rostfreiem Stahl mit Gravur<\/li>\n<li>Garde und Griff aus reich verziertem Stahl<\/li>\n<li>Roter Stein auf dem Knauf und auf beiden Seiten des Griffs.<\/li>\n<li>Schwarze Scheide aus ABS<\/li>\n<li>L\u00e4nge der Klinge: 65.5 cm - Gesamtl\u00e4nge: 92.5 cm<\/li>\n<li>Gewicht: 630 g<\/li>\n<\/ul>","protected":false},"featured_media":70967,"template":"","meta":[],"product_brand":[],"product_cat":[87,41],"product_tag":[],"class_list":{"0":"post-70956","1":"product","2":"type-product","3":"status-publish","4":"has-post-thumbnail","6":"product_cat-collectors-et-goodies-harry-potter","7":"product_cat-baguettes-et-goodies-harry-potter","9":"first","10":"instock","11":"taxable","12":"shipping-taxable","13":"purchasable","14":"product-type-simple"},"yoast_head":"<!-- This site is optimized with the Yoast SEO plugin v27.5 - https:\/\/yoast.com\/product\/yoast-seo-wordpress\/ -->\n<title>\u00c9p\u00e9e de Godric Harry Potter - R\u00e9plique Manga Cin\u00e9<\/title>\n<meta name=\"description\" content=\"Venez d\u00e9couvrir cette superbe \u00c9p\u00e9e de Godric Gryffondor dans Harry Potter au meilleur prix. Lame acier grav\u00e9e. Fourreau. Longueur totale : 92.5 cm\" \/>\n<meta name=\"robots\" content=\"index, follow, max-snippet:-1, max-image-preview:large, max-video-preview:-1\" \/>\n<link rel=\"canonical\" href=\"https:\/\/repliquemangacine.fr\/de\/stabe-und-goodies-harry-potter\/godric-epee-harry-potter\/\" \/>\n<meta property=\"og:locale\" content=\"de_DE\" \/>\n<meta property=\"og:type\" content=\"article\" \/>\n<meta property=\"og:title\" content=\"\u00c9p\u00e9e de Godric Harry Potter - R\u00e9plique Manga Cin\u00e9\" \/>\n<meta property=\"og:description\" content=\"Venez d\u00e9couvrir cette superbe \u00c9p\u00e9e de Godric Gryffondor dans Harry Potter au meilleur prix. Lame acier grav\u00e9e. Fourreau. Longueur totale : 92.5 cm\" \/>\n<meta property=\"og:url\" content=\"https:\/\/repliquemangacine.fr\/de\/stabe-und-goodies-harry-potter\/godric-epee-harry-potter\/\" \/>\n<meta property=\"og:site_name\" content=\"R\u00e9plique Manga Cin\u00e9\" \/>\n<meta property=\"article:publisher\" content=\"https:\/\/www.facebook.com\/RepliqueMangaCine\" \/>\n<meta property=\"article:modified_time\" content=\"2026-04-21T11:22:29+00:00\" \/>\n<meta property=\"og:image\" content=\"https:\/\/repliquemangacine.fr\/wp-content\/uploads\/2024\/04\/Epee-Godric-Gryfondor-avec-fourreau.jpg\" \/>\n\t<meta property=\"og:image:width\" content=\"500\" \/>\n\t<meta property=\"og:image:height\" content=\"500\" \/>\n\t<meta property=\"og:image:type\" content=\"image\/jpeg\" \/>\n<meta name=\"twitter:card\" content=\"summary_large_image\" \/>\n<meta name=\"twitter:label1\" content=\"Gesch\u00e4tzte Lesezeit\" \/>\n\t<meta name=\"twitter:data1\" content=\"3\u00a0Minuten\" \/>\n<script type=\"application\/ld+json\" class=\"yoast-schema-graph\">{\"@context\":\"https:\\\/\\\/schema.org\",\"@graph\":[{\"@type\":\"WebPage\",\"@id\":\"https:\\\/\\\/repliquemangacine.fr\\\/baguettes-et-goodies-harry-potter\\\/epee-godric-harry-potter\\\/\",\"url\":\"https:\\\/\\\/repliquemangacine.fr\\\/baguettes-et-goodies-harry-potter\\\/epee-godric-harry-potter\\\/\",\"name\":\"\u00c9p\u00e9e de Godric Harry Potter - R\u00e9plique Manga Cin\u00e9\",\"isPartOf\":{\"@id\":\"https:\\\/\\\/repliquemangacine.fr\\\/#website\"},\"primaryImageOfPage\":{\"@id\":\"https:\\\/\\\/repliquemangacine.fr\\\/baguettes-et-goodies-harry-potter\\\/epee-godric-harry-potter\\\/#primaryimage\"},\"image\":{\"@id\":\"https:\\\/\\\/repliquemangacine.fr\\\/baguettes-et-goodies-harry-potter\\\/epee-godric-harry-potter\\\/#primaryimage\"},\"thumbnailUrl\":\"https:\\\/\\\/repliquemangacine.fr\\\/wp-content\\\/uploads\\\/2024\\\/04\\\/Epee-Godric-Gryfondor-avec-fourreau.jpg\",\"datePublished\":\"2024-04-05T08:59:36+00:00\",\"dateModified\":\"2026-04-21T11:22:29+00:00\",\"description\":\"Venez d\u00e9couvrir cette superbe \u00c9p\u00e9e de Godric Gryffondor dans Harry Potter au meilleur prix. Lame acier grav\u00e9e. Fourreau. Longueur totale : 92.5 cm\",\"breadcrumb\":{\"@id\":\"https:\\\/\\\/repliquemangacine.fr\\\/baguettes-et-goodies-harry-potter\\\/epee-godric-harry-potter\\\/#breadcrumb\"},\"inLanguage\":\"de\",\"potentialAction\":[{\"@type\":\"ReadAction\",\"target\":[\"https:\\\/\\\/repliquemangacine.fr\\\/baguettes-et-goodies-harry-potter\\\/epee-godric-harry-potter\\\/\"]}]},{\"@type\":\"ImageObject\",\"inLanguage\":\"de\",\"@id\":\"https:\\\/\\\/repliquemangacine.fr\\\/baguettes-et-goodies-harry-potter\\\/epee-godric-harry-potter\\\/#primaryimage\",\"url\":\"https:\\\/\\\/repliquemangacine.fr\\\/wp-content\\\/uploads\\\/2024\\\/04\\\/Epee-Godric-Gryfondor-avec-fourreau.jpg\",\"contentUrl\":\"https:\\\/\\\/repliquemangacine.fr\\\/wp-content\\\/uploads\\\/2024\\\/04\\\/Epee-Godric-Gryfondor-avec-fourreau.jpg\",\"width\":500,\"height\":500,\"caption\":\"Ep\u00e9e Godric Gryffondor Harry potter\"},{\"@type\":\"BreadcrumbList\",\"@id\":\"https:\\\/\\\/repliquemangacine.fr\\\/baguettes-et-goodies-harry-potter\\\/epee-godric-harry-potter\\\/#breadcrumb\",\"itemListElement\":[{\"@type\":\"ListItem\",\"position\":1,\"name\":\"Accueil\",\"item\":\"https:\\\/\\\/repliquemangacine.fr\\\/\"},{\"@type\":\"ListItem\",\"position\":2,\"name\":\"Produits\",\"item\":\"https:\\\/\\\/repliquemangacine.fr\\\/boutique\\\/\"},{\"@type\":\"ListItem\",\"position\":3,\"name\":\"\u00c9p\u00e9e de Godric Harry Potter\"}]},{\"@type\":\"WebSite\",\"@id\":\"https:\\\/\\\/repliquemangacine.fr\\\/#website\",\"url\":\"https:\\\/\\\/repliquemangacine.fr\\\/\",\"name\":\"R\u00e9plique Manga Cin\u00e9\",\"description\":\"\",\"publisher\":{\"@id\":\"https:\\\/\\\/repliquemangacine.fr\\\/#organization\"},\"potentialAction\":[{\"@type\":\"SearchAction\",\"target\":{\"@type\":\"EntryPoint\",\"urlTemplate\":\"https:\\\/\\\/repliquemangacine.fr\\\/?s={search_term_string}\"},\"query-input\":{\"@type\":\"PropertyValueSpecification\",\"valueRequired\":true,\"valueName\":\"search_term_string\"}}],\"inLanguage\":\"de\"},{\"@type\":\"Organization\",\"@id\":\"https:\\\/\\\/repliquemangacine.fr\\\/#organization\",\"name\":\"R\u00e9plique Manga Cin\u00e9\",\"url\":\"https:\\\/\\\/repliquemangacine.fr\\\/\",\"logo\":{\"@type\":\"ImageObject\",\"inLanguage\":\"de\",\"@id\":\"https:\\\/\\\/repliquemangacine.fr\\\/#\\\/schema\\\/logo\\\/image\\\/\",\"url\":\"https:\\\/\\\/repliquemangacine.fr\\\/wp-content\\\/uploads\\\/2023\\\/10\\\/RMC-500250.png\",\"contentUrl\":\"https:\\\/\\\/repliquemangacine.fr\\\/wp-content\\\/uploads\\\/2023\\\/10\\\/RMC-500250.png\",\"width\":500,\"height\":250,\"caption\":\"R\u00e9plique Manga Cin\u00e9\"},\"image\":{\"@id\":\"https:\\\/\\\/repliquemangacine.fr\\\/#\\\/schema\\\/logo\\\/image\\\/\"},\"sameAs\":[\"https:\\\/\\\/www.facebook.com\\\/RepliqueMangaCine\",\"https:\\\/\\\/www.instagram.com\\\/repliquemangacine.fr\\\/\"]}]}<\/script>\n<!-- \/ Yoast SEO plugin. -->","yoast_head_json":{"title":"Harry Potter Godrics Schwert - R\u00e9plique Manga Cin\u00e9","description":"Entdecken Sie dieses gro\u00dfartige Schwert von Godric Gryffindor aus Harry Potter zum besten Preis. Klinge aus Stahl mit Gravur. Scheide. Gesamtl\u00e4nge: 92.5 cm","robots":{"index":"index","follow":"follow","max-snippet":"max-snippet:-1","max-image-preview":"max-image-preview:large","max-video-preview":"max-video-preview:-1"},"canonical":"https:\/\/repliquemangacine.fr\/de\/stabe-und-goodies-harry-potter\/godric-epee-harry-potter\/","og_locale":"de_DE","og_type":"article","og_title":"\u00c9p\u00e9e de Godric Harry Potter - R\u00e9plique Manga Cin\u00e9","og_description":"Venez d\u00e9couvrir cette superbe \u00c9p\u00e9e de Godric Gryffondor dans Harry Potter au meilleur prix. Lame acier grav\u00e9e. Fourreau. Longueur totale : 92.5 cm","og_url":"https:\/\/repliquemangacine.fr\/de\/stabe-und-goodies-harry-potter\/godric-epee-harry-potter\/","og_site_name":"R\u00e9plique Manga Cin\u00e9","article_publisher":"https:\/\/www.facebook.com\/RepliqueMangaCine","article_modified_time":"2026-04-21T11:22:29+00:00","og_image":[{"width":500,"height":500,"url":"https:\/\/repliquemangacine.fr\/wp-content\/uploads\/2024\/04\/Epee-Godric-Gryfondor-avec-fourreau.jpg","type":"image\/jpeg"}],"twitter_card":"summary_large_image","twitter_misc":{"Gesch\u00e4tzte Lesezeit":"3\u00a0Minuten"},"schema":{"@context":"https:\/\/schema.org","@graph":[{"@type":"WebPage","@id":"https:\/\/repliquemangacine.fr\/baguettes-et-goodies-harry-potter\/epee-godric-harry-potter\/","url":"https:\/\/repliquemangacine.fr\/baguettes-et-goodies-harry-potter\/epee-godric-harry-potter\/","name":"Harry Potter Godrics Schwert - R\u00e9plique Manga Cin\u00e9","isPartOf":{"@id":"https:\/\/repliquemangacine.fr\/#website"},"primaryImageOfPage":{"@id":"https:\/\/repliquemangacine.fr\/baguettes-et-goodies-harry-potter\/epee-godric-harry-potter\/#primaryimage"},"image":{"@id":"https:\/\/repliquemangacine.fr\/baguettes-et-goodies-harry-potter\/epee-godric-harry-potter\/#primaryimage"},"thumbnailUrl":"https:\/\/repliquemangacine.fr\/wp-content\/uploads\/2024\/04\/Epee-Godric-Gryfondor-avec-fourreau.jpg","datePublished":"2024-04-05T08:59:36+00:00","dateModified":"2026-04-21T11:22:29+00:00","description":"Entdecken Sie dieses gro\u00dfartige Schwert von Godric Gryffindor aus Harry Potter zum besten Preis. Klinge aus Stahl mit Gravur. Scheide. Gesamtl\u00e4nge: 92.5 cm","breadcrumb":{"@id":"https:\/\/repliquemangacine.fr\/baguettes-et-goodies-harry-potter\/epee-godric-harry-potter\/#breadcrumb"},"inLanguage":"de","potentialAction":[{"@type":"ReadAction","target":["https:\/\/repliquemangacine.fr\/baguettes-et-goodies-harry-potter\/epee-godric-harry-potter\/"]}]},{"@type":"ImageObject","inLanguage":"de","@id":"https:\/\/repliquemangacine.fr\/baguettes-et-goodies-harry-potter\/epee-godric-harry-potter\/#primaryimage","url":"https:\/\/repliquemangacine.fr\/wp-content\/uploads\/2024\/04\/Epee-Godric-Gryfondor-avec-fourreau.jpg","contentUrl":"https:\/\/repliquemangacine.fr\/wp-content\/uploads\/2024\/04\/Epee-Godric-Gryfondor-avec-fourreau.jpg","width":500,"height":500,"caption":"Ep\u00e9e Godric Gryffondor Harry potter"},{"@type":"BreadcrumbList","@id":"https:\/\/repliquemangacine.fr\/baguettes-et-goodies-harry-potter\/epee-godric-harry-potter\/#breadcrumb","itemListElement":[{"@type":"ListItem","position":1,"name":"Accueil","item":"https:\/\/repliquemangacine.fr\/"},{"@type":"ListItem","position":2,"name":"Produits","item":"https:\/\/repliquemangacine.fr\/boutique\/"},{"@type":"ListItem","position":3,"name":"\u00c9p\u00e9e de Godric Harry Potter"}]},{"@type":"WebSite","@id":"https:\/\/repliquemangacine.fr\/#website","url":"https:\/\/repliquemangacine.fr\/","name":"R\u00e9plique Manga Cin\u00e9","description":"","publisher":{"@id":"https:\/\/repliquemangacine.fr\/#organization"},"potentialAction":[{"@type":"SearchAction","target":{"@type":"EntryPoint","urlTemplate":"https:\/\/repliquemangacine.fr\/?s={search_term_string}"},"query-input":{"@type":"PropertyValueSpecification","valueRequired":true,"valueName":"search_term_string"}}],"inLanguage":"de"},{"@type":"Organization","@id":"https:\/\/repliquemangacine.fr\/#organization","name":"R\u00e9plique Manga Cin\u00e9","url":"https:\/\/repliquemangacine.fr\/","logo":{"@type":"ImageObject","inLanguage":"de","@id":"https:\/\/repliquemangacine.fr\/#\/schema\/logo\/image\/","url":"https:\/\/repliquemangacine.fr\/wp-content\/uploads\/2023\/10\/RMC-500250.png","contentUrl":"https:\/\/repliquemangacine.fr\/wp-content\/uploads\/2023\/10\/RMC-500250.png","width":500,"height":250,"caption":"R\u00e9plique Manga Cin\u00e9"},"image":{"@id":"https:\/\/repliquemangacine.fr\/#\/schema\/logo\/image\/"},"sameAs":["https:\/\/www.facebook.com\/RepliqueMangaCine","https:\/\/www.instagram.com\/repliquemangacine.fr\/"]}]}},"_links":{"self":[{"href":"https:\/\/repliquemangacine.fr\/de\/wp-json\/wp\/v2\/product\/70956","targetHints":{"allow":["GET"]}}],"collection":[{"href":"https:\/\/repliquemangacine.fr\/de\/wp-json\/wp\/v2\/product"}],"about":[{"href":"https:\/\/repliquemangacine.fr\/de\/wp-json\/wp\/v2\/types\/product"}],"wp:featuredmedia":[{"embeddable":true,"href":"https:\/\/repliquemangacine.fr\/de\/wp-json\/wp\/v2\/media\/70967"}],"wp:attachment":[{"href":"https:\/\/repliquemangacine.fr\/de\/wp-json\/wp\/v2\/media?parent=70956"}],"wp:term":[{"taxonomy":"product_brand","embeddable":true,"href":"https:\/\/repliquemangacine.fr\/de\/wp-json\/wp\/v2\/product_brand?post=70956"},{"taxonomy":"product_cat","embeddable":true,"href":"https:\/\/repliquemangacine.fr\/de\/wp-json\/wp\/v2\/product_cat?post=70956"},{"taxonomy":"product_tag","embeddable":true,"href":"https:\/\/repliquemangacine.fr\/de\/wp-json\/wp\/v2\/product_tag?post=70956"}],"curies":[{"name":"wp","href":"https:\/\/api.w.org\/{rel}","templated":true}]}}