





{"id":70724,"date":"2024-03-29T18:10:26","date_gmt":"2024-03-29T17:10:26","guid":{"rendered":"https:\/\/repliquemangacine.fr\/?post_type=product&#038;p=70724"},"modified":"2026-04-07T01:06:53","modified_gmt":"2026-04-06T23:06:53","slug":"pack-the-walking-dead","status":"publish","type":"product","link":"https:\/\/repliquemangacine.fr\/de\/armes-the-walking-dead\/pack-the-walking-dead\/","title":{"rendered":"The Walking Dead Pack"},"content":{"rendered":"<h2>\u00dcberlebe die Apokalypse mit dem Paket The Walking Dead - The Ones Who Live\".<\/h2>\n<p>Entdecken Sie zun\u00e4chst unser au\u00dfergew\u00f6hnliches Angebot, das The Walking Dead-Paket, um die Ver\u00f6ffentlichung der lang erwarteten Serie \u201cThe Walking Dead \u2013 The Ones Who Live\u201d in Frankreich zu feiern.<\/p>\n<p>Zun\u00e4chst einmal wird die Geschichte von Rick Grimes und Michonne durch eine ver\u00e4nderte Welt, in der sie durch die Entfernung voneinander getrennt sind, auf den Kopf gestellt. Sie m\u00fcssen darum k\u00e4mpfen, wieder zueinander zu finden. Nicht nur, um ihre unzerbrechliche Verbindung wiederzubeleben, sondern auch, um zu Helden in einer zerbrochenen Welt zu werden. Die Fans k\u00f6nnen sich auf eine epische Liebesgeschichte freuen, die von den Herausforderungen einer Welt gepr\u00e4gt ist, die von Konflikten und apokalyptischen Schrecken heimgesucht wird.<\/p>\n<p>Tauchen Sie ein in die postapokalyptische Welt der Kultserie mit unserem exklusiven Paket, das Michonnes legend\u00e4res Katana und Rick Grimes\u201c Colt Python enth\u00e4lt. Diese mit viel Liebe zum Detail gefertigten Repliken sind mehr als nur Sammlerst\u00fccke. Sie sind ein Tor zur gnadenlosen Welt von \u201dThe Walking Dead\u201c, in der jeder Tag ein Kampf ums \u00dcberleben ist.<\/p>\n<h2>The Walking Dead-Paket: Spr\u00fcche wie von \u00dcberlebenden<\/h2>\n<p>Zu Beginn sollten wir \u00fcber Michonne sprechen, die von der talentierten Danai Gurira gespielt wird. Die <a href=\"https:\/\/repliquemangacine.fr\/de\/waffen-the-walking-dead\/michonnes-katana\/\">Michonnes Katana<\/a> ist viel mehr als nur eine Waffe. Es ist ein Symbol f\u00fcr Widerstandsf\u00e4higkeit, St\u00e4rke und den unersch\u00fctterlichen Willen, in diesem gnadenlosen Universum zu \u00fcberleben.<\/p>\n<p>Diese sorgf\u00e4ltig gefertigte Nachbildung f\u00e4ngt das Wesen von Michonne ein, einer der charismatischsten und gef\u00fcrchtetsten \u00dcberlebenden. Mit einer Klinge aus hochwertigem Edelstahl vereint dieses Katana \u00e4sthetische Sch\u00f6nheit und beeindruckende Effizienz. Der originalgetreu nachgebildete Griff liegt bequem und sicher in der Hand und erm\u00f6glicht es Ihnen, Michonnes heldenhafteste Momente pr\u00e4zise nachzuerleben.<\/p>\n<p>Jedes Detail, vom Geflecht des Griffs bis zur eleganten Kr\u00fcmmung der Klinge, wurde sorgf\u00e4ltig durchdacht, um Fans und Sammlern ein au\u00dfergew\u00f6hnliches Sammlerst\u00fcck zu bieten. Der Besitz dieses Katanas bedeutet, in den Mut und die Entschlossenheit einzutauchen, die Michonne auszeichnen. Damit ist dieses Objekt ein Muss f\u00fcr jeden Fan von \u201cThe Walking Dead\u201d.<\/p>\n<h2>The Ones Who Live: Ricks R\u00fcckkehr<\/h2>\n<p>Es ist soweit, wir sind da, das von allen mit Spannung erwartete gro\u00dfe Comeback von Rick Grims. Es ist sehr wahrscheinlich, dass wir in diesem Spin-off von einer \u00dcberraschung zur n\u00e4chsten eilen werden.<\/p>\n<p>Aber denken Sie daran, dass <a href=\"https:\/\/repliquemangacine.fr\/de\/denix\/colt-python-rick-grimes\/\">Colt Python von Rick<\/a>, Symbol f\u00fcr F\u00fchrungsst\u00e4rke, Gerechtigkeit und den Kampf ums \u00dcberleben. Diese sorgf\u00e4ltig gearbeitete Replik verk\u00f6rpert den Geist von Rick Grimes, entschlossen, unersch\u00fctterlich und stets bereit, f\u00fcr das Richtige einzustehen.<\/p>\n<p>Die Colt Python mit ihrem klassischen Design und ihrer pr\u00e4zisen Metallverarbeitung ist eine Reproduktion <a href=\"https:\/\/www.denix.fr\/fr\/catalogue\/armes-modernes-1945-1982\/revolvers\/6304\/\" target=\"_blank\" rel=\"noopener noreferrer\">Denix<\/a>Das ist Ricks Waffe der Wahl. Er symbolisiert nicht nur den Kampf gegen die Untoten. Sondern auch die inneren Konflikte und schwierigen Entscheidungen, mit denen die \u00dcberlebenden t\u00e4glich konfrontiert sind. Dieses Sammlerst\u00fcck bietet den Fans eine greifbare Verbindung zu Rick Grimes' Charakter. Denn es erinnert an entscheidende Momente der Serie, in denen Mut und Opferbereitschaft die wahre Essenz des \u00dcberlebens definieren. Der Erwerb dieser Colt Python bedeutet, das Erbe von Rick Grimes und seinen unausl\u00f6schlichen Einfluss auf \"The Walking Dead\" anzutreten. Damit ist dieser Gegenstand ein Muss f\u00fcr Sammler und Bewunderer der Serie.<\/p>\n<p>&nbsp;<\/p>","protected":false},"excerpt":{"rendered":"<p>Superb Pack von Michonnes Katana und Ricks Colt in der Serie The Walking Dead<\/p>","protected":false},"featured_media":70725,"template":"","meta":[],"product_brand":[],"product_cat":[62],"product_tag":[],"class_list":{"0":"post-70724","1":"product","2":"type-product","3":"status-publish","4":"has-post-thumbnail","6":"product_cat-armes-the-walking-dead","8":"first","9":"instock","10":"sale","11":"taxable","12":"shipping-taxable","13":"purchasable","14":"product-type-simple"},"yoast_head":"<!-- This site is optimized with the Yoast SEO plugin v27.5 - https:\/\/yoast.com\/product\/yoast-seo-wordpress\/ -->\n<title>Pack The Walking Dead - R\u00e9plique Manga Cin\u00e9<\/title>\n<meta name=\"description\" content=\"Offrez-vous les deux r\u00e9pliques les plus embl\u00e9matiques de la s\u00e9rie, gr\u00e2ce \u00e0 ce Pack The Walking Dead. Retrouvez le katana de Michonne et le Colt de Rick.\" \/>\n<meta name=\"robots\" content=\"index, follow, max-snippet:-1, max-image-preview:large, max-video-preview:-1\" \/>\n<link rel=\"canonical\" href=\"https:\/\/repliquemangacine.fr\/de\/waffen-the-walking-dead\/pack-the-walking-dead\/\" \/>\n<meta property=\"og:locale\" content=\"de_DE\" \/>\n<meta property=\"og:type\" content=\"article\" \/>\n<meta property=\"og:title\" content=\"Pack The Walking Dead - R\u00e9plique Manga Cin\u00e9\" \/>\n<meta property=\"og:description\" content=\"Offrez-vous les deux r\u00e9pliques les plus embl\u00e9matiques de la s\u00e9rie, gr\u00e2ce \u00e0 ce Pack The Walking Dead. Retrouvez le katana de Michonne et le Colt de Rick.\" \/>\n<meta property=\"og:url\" content=\"https:\/\/repliquemangacine.fr\/de\/waffen-the-walking-dead\/pack-the-walking-dead\/\" \/>\n<meta property=\"og:site_name\" content=\"R\u00e9plique Manga Cin\u00e9\" \/>\n<meta property=\"article:publisher\" content=\"https:\/\/www.facebook.com\/RepliqueMangaCine\" \/>\n<meta property=\"article:modified_time\" content=\"2026-04-06T23:06:53+00:00\" \/>\n<meta property=\"og:image\" content=\"https:\/\/repliquemangacine.fr\/wp-content\/uploads\/2024\/03\/Pack-armes-Walking-Dead.jpg\" \/>\n\t<meta property=\"og:image:width\" content=\"500\" \/>\n\t<meta property=\"og:image:height\" content=\"500\" \/>\n\t<meta property=\"og:image:type\" content=\"image\/jpeg\" \/>\n<meta name=\"twitter:card\" content=\"summary_large_image\" \/>\n<meta name=\"twitter:label1\" content=\"Gesch\u00e4tzte Lesezeit\" \/>\n\t<meta name=\"twitter:data1\" content=\"3\u00a0Minuten\" \/>\n<script type=\"application\/ld+json\" class=\"yoast-schema-graph\">{\"@context\":\"https:\\\/\\\/schema.org\",\"@graph\":[{\"@type\":\"WebPage\",\"@id\":\"https:\\\/\\\/repliquemangacine.fr\\\/armes-the-walking-dead\\\/pack-the-walking-dead\\\/\",\"url\":\"https:\\\/\\\/repliquemangacine.fr\\\/armes-the-walking-dead\\\/pack-the-walking-dead\\\/\",\"name\":\"Pack The Walking Dead - R\u00e9plique Manga Cin\u00e9\",\"isPartOf\":{\"@id\":\"https:\\\/\\\/repliquemangacine.fr\\\/#website\"},\"primaryImageOfPage\":{\"@id\":\"https:\\\/\\\/repliquemangacine.fr\\\/armes-the-walking-dead\\\/pack-the-walking-dead\\\/#primaryimage\"},\"image\":{\"@id\":\"https:\\\/\\\/repliquemangacine.fr\\\/armes-the-walking-dead\\\/pack-the-walking-dead\\\/#primaryimage\"},\"thumbnailUrl\":\"https:\\\/\\\/repliquemangacine.fr\\\/wp-content\\\/uploads\\\/2024\\\/03\\\/Pack-armes-Walking-Dead.jpg\",\"datePublished\":\"2024-03-29T17:10:26+00:00\",\"dateModified\":\"2026-04-06T23:06:53+00:00\",\"description\":\"Offrez-vous les deux r\u00e9pliques les plus embl\u00e9matiques de la s\u00e9rie, gr\u00e2ce \u00e0 ce Pack The Walking Dead. Retrouvez le katana de Michonne et le Colt de Rick.\",\"breadcrumb\":{\"@id\":\"https:\\\/\\\/repliquemangacine.fr\\\/armes-the-walking-dead\\\/pack-the-walking-dead\\\/#breadcrumb\"},\"inLanguage\":\"de\",\"potentialAction\":[{\"@type\":\"ReadAction\",\"target\":[\"https:\\\/\\\/repliquemangacine.fr\\\/armes-the-walking-dead\\\/pack-the-walking-dead\\\/\"]}]},{\"@type\":\"ImageObject\",\"inLanguage\":\"de\",\"@id\":\"https:\\\/\\\/repliquemangacine.fr\\\/armes-the-walking-dead\\\/pack-the-walking-dead\\\/#primaryimage\",\"url\":\"https:\\\/\\\/repliquemangacine.fr\\\/wp-content\\\/uploads\\\/2024\\\/03\\\/Pack-armes-Walking-Dead.jpg\",\"contentUrl\":\"https:\\\/\\\/repliquemangacine.fr\\\/wp-content\\\/uploads\\\/2024\\\/03\\\/Pack-armes-Walking-Dead.jpg\",\"width\":500,\"height\":500,\"caption\":\"Pack armes Walking Dead\"},{\"@type\":\"BreadcrumbList\",\"@id\":\"https:\\\/\\\/repliquemangacine.fr\\\/armes-the-walking-dead\\\/pack-the-walking-dead\\\/#breadcrumb\",\"itemListElement\":[{\"@type\":\"ListItem\",\"position\":1,\"name\":\"Accueil\",\"item\":\"https:\\\/\\\/repliquemangacine.fr\\\/\"},{\"@type\":\"ListItem\",\"position\":2,\"name\":\"Produits\",\"item\":\"https:\\\/\\\/repliquemangacine.fr\\\/boutique\\\/\"},{\"@type\":\"ListItem\",\"position\":3,\"name\":\"Pack The Walking Dead\"}]},{\"@type\":\"WebSite\",\"@id\":\"https:\\\/\\\/repliquemangacine.fr\\\/#website\",\"url\":\"https:\\\/\\\/repliquemangacine.fr\\\/\",\"name\":\"R\u00e9plique Manga Cin\u00e9\",\"description\":\"\",\"publisher\":{\"@id\":\"https:\\\/\\\/repliquemangacine.fr\\\/#organization\"},\"potentialAction\":[{\"@type\":\"SearchAction\",\"target\":{\"@type\":\"EntryPoint\",\"urlTemplate\":\"https:\\\/\\\/repliquemangacine.fr\\\/?s={search_term_string}\"},\"query-input\":{\"@type\":\"PropertyValueSpecification\",\"valueRequired\":true,\"valueName\":\"search_term_string\"}}],\"inLanguage\":\"de\"},{\"@type\":\"Organization\",\"@id\":\"https:\\\/\\\/repliquemangacine.fr\\\/#organization\",\"name\":\"R\u00e9plique Manga Cin\u00e9\",\"url\":\"https:\\\/\\\/repliquemangacine.fr\\\/\",\"logo\":{\"@type\":\"ImageObject\",\"inLanguage\":\"de\",\"@id\":\"https:\\\/\\\/repliquemangacine.fr\\\/#\\\/schema\\\/logo\\\/image\\\/\",\"url\":\"https:\\\/\\\/repliquemangacine.fr\\\/wp-content\\\/uploads\\\/2023\\\/10\\\/RMC-500250.png\",\"contentUrl\":\"https:\\\/\\\/repliquemangacine.fr\\\/wp-content\\\/uploads\\\/2023\\\/10\\\/RMC-500250.png\",\"width\":500,\"height\":250,\"caption\":\"R\u00e9plique Manga Cin\u00e9\"},\"image\":{\"@id\":\"https:\\\/\\\/repliquemangacine.fr\\\/#\\\/schema\\\/logo\\\/image\\\/\"},\"sameAs\":[\"https:\\\/\\\/www.facebook.com\\\/RepliqueMangaCine\",\"https:\\\/\\\/www.instagram.com\\\/repliquemangacine.fr\\\/\"]}]}<\/script>\n<!-- \/ Yoast SEO plugin. -->","yoast_head_json":{"title":"The Walking Dead Pack - R\u00e9plique Manga Cin\u00e9","description":"Holen Sie sich mit diesem The Walking Dead-Paket die beiden kultigsten Spr\u00fcche der Serie. Hier finden Sie Michonnes Katana und Ricks Colt.","robots":{"index":"index","follow":"follow","max-snippet":"max-snippet:-1","max-image-preview":"max-image-preview:large","max-video-preview":"max-video-preview:-1"},"canonical":"https:\/\/repliquemangacine.fr\/de\/waffen-the-walking-dead\/pack-the-walking-dead\/","og_locale":"de_DE","og_type":"article","og_title":"Pack The Walking Dead - R\u00e9plique Manga Cin\u00e9","og_description":"Offrez-vous les deux r\u00e9pliques les plus embl\u00e9matiques de la s\u00e9rie, gr\u00e2ce \u00e0 ce Pack The Walking Dead. Retrouvez le katana de Michonne et le Colt de Rick.","og_url":"https:\/\/repliquemangacine.fr\/de\/waffen-the-walking-dead\/pack-the-walking-dead\/","og_site_name":"R\u00e9plique Manga Cin\u00e9","article_publisher":"https:\/\/www.facebook.com\/RepliqueMangaCine","article_modified_time":"2026-04-06T23:06:53+00:00","og_image":[{"width":500,"height":500,"url":"https:\/\/repliquemangacine.fr\/wp-content\/uploads\/2024\/03\/Pack-armes-Walking-Dead.jpg","type":"image\/jpeg"}],"twitter_card":"summary_large_image","twitter_misc":{"Gesch\u00e4tzte Lesezeit":"3\u00a0Minuten"},"schema":{"@context":"https:\/\/schema.org","@graph":[{"@type":"WebPage","@id":"https:\/\/repliquemangacine.fr\/armes-the-walking-dead\/pack-the-walking-dead\/","url":"https:\/\/repliquemangacine.fr\/armes-the-walking-dead\/pack-the-walking-dead\/","name":"The Walking Dead Pack - R\u00e9plique Manga Cin\u00e9","isPartOf":{"@id":"https:\/\/repliquemangacine.fr\/#website"},"primaryImageOfPage":{"@id":"https:\/\/repliquemangacine.fr\/armes-the-walking-dead\/pack-the-walking-dead\/#primaryimage"},"image":{"@id":"https:\/\/repliquemangacine.fr\/armes-the-walking-dead\/pack-the-walking-dead\/#primaryimage"},"thumbnailUrl":"https:\/\/repliquemangacine.fr\/wp-content\/uploads\/2024\/03\/Pack-armes-Walking-Dead.jpg","datePublished":"2024-03-29T17:10:26+00:00","dateModified":"2026-04-06T23:06:53+00:00","description":"Holen Sie sich mit diesem The Walking Dead-Paket die beiden kultigsten Spr\u00fcche der Serie. Hier finden Sie Michonnes Katana und Ricks Colt.","breadcrumb":{"@id":"https:\/\/repliquemangacine.fr\/armes-the-walking-dead\/pack-the-walking-dead\/#breadcrumb"},"inLanguage":"de","potentialAction":[{"@type":"ReadAction","target":["https:\/\/repliquemangacine.fr\/armes-the-walking-dead\/pack-the-walking-dead\/"]}]},{"@type":"ImageObject","inLanguage":"de","@id":"https:\/\/repliquemangacine.fr\/armes-the-walking-dead\/pack-the-walking-dead\/#primaryimage","url":"https:\/\/repliquemangacine.fr\/wp-content\/uploads\/2024\/03\/Pack-armes-Walking-Dead.jpg","contentUrl":"https:\/\/repliquemangacine.fr\/wp-content\/uploads\/2024\/03\/Pack-armes-Walking-Dead.jpg","width":500,"height":500,"caption":"Pack armes Walking Dead"},{"@type":"BreadcrumbList","@id":"https:\/\/repliquemangacine.fr\/armes-the-walking-dead\/pack-the-walking-dead\/#breadcrumb","itemListElement":[{"@type":"ListItem","position":1,"name":"Accueil","item":"https:\/\/repliquemangacine.fr\/"},{"@type":"ListItem","position":2,"name":"Produits","item":"https:\/\/repliquemangacine.fr\/boutique\/"},{"@type":"ListItem","position":3,"name":"Pack The Walking Dead"}]},{"@type":"WebSite","@id":"https:\/\/repliquemangacine.fr\/#website","url":"https:\/\/repliquemangacine.fr\/","name":"R\u00e9plique Manga Cin\u00e9","description":"","publisher":{"@id":"https:\/\/repliquemangacine.fr\/#organization"},"potentialAction":[{"@type":"SearchAction","target":{"@type":"EntryPoint","urlTemplate":"https:\/\/repliquemangacine.fr\/?s={search_term_string}"},"query-input":{"@type":"PropertyValueSpecification","valueRequired":true,"valueName":"search_term_string"}}],"inLanguage":"de"},{"@type":"Organization","@id":"https:\/\/repliquemangacine.fr\/#organization","name":"R\u00e9plique Manga Cin\u00e9","url":"https:\/\/repliquemangacine.fr\/","logo":{"@type":"ImageObject","inLanguage":"de","@id":"https:\/\/repliquemangacine.fr\/#\/schema\/logo\/image\/","url":"https:\/\/repliquemangacine.fr\/wp-content\/uploads\/2023\/10\/RMC-500250.png","contentUrl":"https:\/\/repliquemangacine.fr\/wp-content\/uploads\/2023\/10\/RMC-500250.png","width":500,"height":250,"caption":"R\u00e9plique Manga Cin\u00e9"},"image":{"@id":"https:\/\/repliquemangacine.fr\/#\/schema\/logo\/image\/"},"sameAs":["https:\/\/www.facebook.com\/RepliqueMangaCine","https:\/\/www.instagram.com\/repliquemangacine.fr\/"]}]}},"_links":{"self":[{"href":"https:\/\/repliquemangacine.fr\/de\/wp-json\/wp\/v2\/product\/70724","targetHints":{"allow":["GET"]}}],"collection":[{"href":"https:\/\/repliquemangacine.fr\/de\/wp-json\/wp\/v2\/product"}],"about":[{"href":"https:\/\/repliquemangacine.fr\/de\/wp-json\/wp\/v2\/types\/product"}],"wp:featuredmedia":[{"embeddable":true,"href":"https:\/\/repliquemangacine.fr\/de\/wp-json\/wp\/v2\/media\/70725"}],"wp:attachment":[{"href":"https:\/\/repliquemangacine.fr\/de\/wp-json\/wp\/v2\/media?parent=70724"}],"wp:term":[{"taxonomy":"product_brand","embeddable":true,"href":"https:\/\/repliquemangacine.fr\/de\/wp-json\/wp\/v2\/product_brand?post=70724"},{"taxonomy":"product_cat","embeddable":true,"href":"https:\/\/repliquemangacine.fr\/de\/wp-json\/wp\/v2\/product_cat?post=70724"},{"taxonomy":"product_tag","embeddable":true,"href":"https:\/\/repliquemangacine.fr\/de\/wp-json\/wp\/v2\/product_tag?post=70724"}],"curies":[{"name":"wp","href":"https:\/\/api.w.org\/{rel}","templated":true}]}}