





{"id":70126,"date":"2024-03-07T14:29:59","date_gmt":"2024-03-07T13:29:59","guid":{"rendered":"https:\/\/repliquemangacine.fr\/?post_type=product&#038;p=70126"},"modified":"2026-03-29T18:19:47","modified_gmt":"2026-03-29T16:19:47","slug":"sabel-von-gold-rogers-one-piece","status":"publish","type":"product","link":"https:\/\/repliquemangacine.fr\/de\/sabre-dabordage-de-pirate\/sabre-de-gold-rogers-one-piece\/","title":{"rendered":"Gold Rogers' Schwert - One Piece"},"content":{"rendered":"<h2>Gold Rogers' S\u00e4bel: Eine scharfe Legende<\/h2>\n<p>In erster Linie <strong>Gold Rogers' Schwert<\/strong> verk\u00f6rpert die Kraft und das Geheimnis des legend\u00e4ren Piratenk\u00f6nigs in \u201cOne Piece\u201d. Er hei\u00dft Ace und ist einer der 12 besten Schwertk\u00e4mpfer der Welt. Seine Technik mit diesem Schwert hei\u00dft \u201cG\u00f6ttlicher Tod\u201d und er h\u00e4lt sein Schwert in der rechten Hand. Roger schwingt das Schwert und erzeugt eine m\u00e4chtige Schockwelle, um seinen Gegner zu treffen. Diese Technik wurde zum ersten Mal gegen Kozuki Oden eingesetzt, als er ihn in die Brust traf. Sie war stark genug, um Odens Verteidigung mit zwei Schwertern zu durchbrechen und ihn \u00fcber eine gro\u00dfe Entfernung zur\u00fcckzuschleudern.<\/p>\n<p>Dieser S\u00e4bel war Zeuge der h\u00e4rtesten Schlachten und unvergleichlicher Seeabenteuer. Daher bleibt er ein Symbol f\u00fcr unvergleichliche St\u00e4rke in der Welt der Piraten. Die Geschichten rund um den S\u00e4bel von Gold Roger erz\u00e4hlen nicht nur von seinen unvergleichlichen F\u00e4higkeiten als Fechter, sondern auch von der F\u00e4higkeit des S\u00e4bels, die Zeiten zu \u00fcberdauern und Bewunderung und Begehrlichkeit zu wecken.<\/p>\n<p>Sammler und Fans des Animes tr\u00e4umen davon, eine Nachbildung dieses Schwertes zu besitzen. Ein greifbarer Beweis f\u00fcr die Existenz des gr\u00f6\u00dften Piraten, der jemals die Ozeane befahren hat. Der Ruf des Schwertes, ebenso wie der seines Besitzers, befl\u00fcgelt die Fantasie der Fans. Es steht im Mittelpunkt von Geschichten \u00fcber Tapferkeit und unendliche Abenteuer.<\/p>\n<h2>Gold Rogers' S\u00e4bel: Der einzige Herr der Piraten<\/h2>\n<p>Zun\u00e4chst einmal Gold Roger, besser bekannt unter dem Namen Gol D. Roger. Eine zentrale und legend\u00e4re Figur im Universum von \u201cOne Piece\u201d, dem Manga und Anime von Eiichiro Oda. Bekannt als der \u201cK\u00f6nig der Piraten\u201d, ist Roger derjenige, der das Ende der Welt erreicht hat, Laughtale, die ultimative Schatzinsel, auf der sich der mysteri\u00f6se Schatz namens \u201cOne Piece\u201d befindet.<\/p>\n<p>Gegen Ende seines Lebens entschied er sich, zur Marine zu gehen, nachdem er erfahren hatte, dass er an einer unheilbaren Krankheit litt. Vor seiner Hinrichtung sprach er seine ber\u00fchmten letzten Worte, die Menschen auf der ganzen Welt dazu veranlassten, sich auf die Suche nach dem \u201cOne Piece\u201d zu begeben. Er sagte: \u201cMein Schatz? Wenn ihr ihn haben wollt, k\u00f6nnt ihr ihn haben. Sucht ihn! Ich habe alles an einem Ort zur\u00fcckgelassen.\u201d Diese Worte l\u00f6sten die Gro\u00dfe Piraten\u00e4ra aus.<\/p>\n<p>Das Geheimnis um Gol D. Roger und seinen Schatz spielt w\u00e4hrend der gesamten Serie weiterhin eine entscheidende Rolle. Trotz seines Todes beeinflusst sein Verm\u00e4chtnis die Handlung zutiefst und treibt Piraten, darunter auch den Protagonisten Monkey D. Luffy, dazu an, ihre Tr\u00e4ume zu verfolgen und auf der Suche nach dem \u201c<a href=\"https:\/\/onepiece.fandom.com\/fr\/wiki\/One_Piece_Encyclop%C3%A9die\" target=\"_blank\" rel=\"noopener noreferrer\">One Piece<\/a>\u201c.<\/p>\n<h2>Die Legend\u00e4ren Waffen aus One Piece<\/h2>\n<p>Zun\u00e4chst einmal gibt es in der Welt von \u201cOne Piece\u201d unz\u00e4hlige legend\u00e4re Waffen. Jede einzelne von ihnen erz\u00e4hlt Geschichten von historischen Schlachten und au\u00dfergew\u00f6hnlichen Kriegern, die die Welt gepr\u00e4gt haben. Vom Schwert von Gold Roger bis hin zu antiken Waffen, die verheerende Kr\u00e4fte in sich bergen. Es ist wichtig zu betonen, dass jedes einzelne St\u00fcck ein Fragment der reichen und komplexen Geschichte der Welt von \u201cOne Piece\u201d offenbart.<\/p>\n<p>\u2013 Darunter auch die\u2019<a href=\"https:\/\/repliquemangacine.fr\/de\/katana-aus-metall-one-piece\/katana-enma-violett-one-piece\/\">Enma-Schwert<\/a>, im Besitz von Roronoa Zoro, zeichnet sich durch seine F\u00e4higkeit aus, seinem Benutzer das Haki zu entziehen.<\/p>\n<p>\u2013 Dann gibt es noch Kikoku, den <a href=\"https:\/\/repliquemangacine.fr\/de\/katana-aus-metall-one-piece\/katana-trafalgar-law-violett-one-piece\/\">Katana von Trafalgar Law<\/a>, der Chirurg des Todes. Gro\u00dfes verfluchtes Schwert mit d\u00fcsterer Vergangenheit.<\/p>\n<p>\u2013 Sowie die <a href=\"https:\/\/repliquemangacine.fr\/de\/katana-aus-metall-one-piece\/brook-epee-stock\/\">Brooks Stock<\/a>, der Skelettmusiker der Crew. Man muss auch sagen, dass dieses elegante Instrument eine scharfe Klinge verbirgt.<\/p>\n<p>\u2013 Zum Schluss sollten wir nicht die ber\u00fchmten <a href=\"https:\/\/repliquemangacine.fr\/de\/katana-aus-metall-one-piece\/los-3-katanas-von-zoro\/\">drei Schwerter von Zoro<\/a>. Zusammen veranschaulichen diese Schwerter Zoros Weg zur Meisterschaft und seine Entwicklung als Schwertk\u00e4mpfer. Denn jedes Schwert tr\u00e4gt zu seiner Legende in der Welt von \u201cOne Piece\u201d bei.<\/p>\n<p>Zusammenfassend l\u00e4sst sich sagen, dass seine legend\u00e4ren Waffen eine unverzichtbare Erg\u00e4nzung Ihrer Sammlung sind.<\/p>","protected":false},"excerpt":{"rendered":"<p>Wundersch\u00f6ne Replik des S\u00e4bels von Gold Rogers aus One Piece<\/p>\n<ul>\n<li>Klinge aus verziertem Stahl<\/li>\n<li>Garde T\u00f6pferl\u00f6ffel aus Stahl<\/li>\n<li>Griff mit braunem Baumwollgeflecht \u00fcberzogen<\/li>\n<li>Wird mit einer Schulterscheide aus schwarzem Kunstleder geliefert.<\/li>\n<li>L\u00e4nge der Klinge: 65 cm - Gesamtl\u00e4nge: 95 cm<\/li>\n<li>Gewicht: 1395 g mit Scheide<\/li>\n<\/ul>","protected":false},"featured_media":70127,"template":"","meta":[],"product_brand":[],"product_cat":[123,36,115],"product_tag":[],"class_list":{"0":"post-70126","1":"product","2":"type-product","3":"status-publish","4":"has-post-thumbnail","6":"product_cat-katana-en-metal-one-piece","7":"product_cat-katana-one-piece","8":"product_cat-sabre-dabordage-de-pirate","10":"first","11":"instock","12":"taxable","13":"shipping-taxable","14":"purchasable","15":"product-type-simple"},"yoast_head":"<!-- This site is optimized with the Yoast SEO plugin v27.5 - https:\/\/yoast.com\/product\/yoast-seo-wordpress\/ -->\n<title>Sabre de Gold Rogers - One Piece - \u00c9p\u00e9e Ace | RMC<\/title>\n<meta name=\"description\" content=\"D\u00e9couvrez cette r\u00e9plique du Sabre de Gold Rogers dans One Piece au meilleur prix. Lame en acier d\u00e9cor\u00e9. Fourreau similicuir noir. Longueur : 95 cm\" \/>\n<meta name=\"robots\" content=\"index, follow, max-snippet:-1, max-image-preview:large, max-video-preview:-1\" \/>\n<link rel=\"canonical\" href=\"https:\/\/repliquemangacine.fr\/de\/piratenbeiser-sabel\/sabel-von-gold-rogers-one-piece\/\" \/>\n<meta property=\"og:locale\" content=\"de_DE\" \/>\n<meta property=\"og:type\" content=\"article\" \/>\n<meta property=\"og:title\" content=\"Sabre de Gold Rogers - One Piece - \u00c9p\u00e9e Ace | RMC\" \/>\n<meta property=\"og:description\" content=\"D\u00e9couvrez cette r\u00e9plique du Sabre de Gold Rogers dans One Piece au meilleur prix. Lame en acier d\u00e9cor\u00e9. Fourreau similicuir noir. Longueur : 95 cm\" \/>\n<meta property=\"og:url\" content=\"https:\/\/repliquemangacine.fr\/de\/piratenbeiser-sabel\/sabel-von-gold-rogers-one-piece\/\" \/>\n<meta property=\"og:site_name\" content=\"R\u00e9plique Manga Cin\u00e9\" \/>\n<meta property=\"article:publisher\" content=\"https:\/\/www.facebook.com\/RepliqueMangaCine\" \/>\n<meta property=\"article:modified_time\" content=\"2026-03-29T16:19:47+00:00\" \/>\n<meta property=\"og:image\" content=\"https:\/\/repliquemangacine.fr\/wp-content\/uploads\/2024\/03\/Epee-de-Gold-rogers.jpg\" \/>\n\t<meta property=\"og:image:width\" content=\"500\" \/>\n\t<meta property=\"og:image:height\" content=\"500\" \/>\n\t<meta property=\"og:image:type\" content=\"image\/jpeg\" \/>\n<meta name=\"twitter:card\" content=\"summary_large_image\" \/>\n<meta name=\"twitter:label1\" content=\"Gesch\u00e4tzte Lesezeit\" \/>\n\t<meta name=\"twitter:data1\" content=\"4\u00a0Minuten\" \/>\n<script type=\"application\/ld+json\" class=\"yoast-schema-graph\">{\"@context\":\"https:\\\/\\\/schema.org\",\"@graph\":[{\"@type\":\"WebPage\",\"@id\":\"https:\\\/\\\/repliquemangacine.fr\\\/sabre-dabordage-de-pirate\\\/sabre-de-gold-rogers-one-piece\\\/\",\"url\":\"https:\\\/\\\/repliquemangacine.fr\\\/sabre-dabordage-de-pirate\\\/sabre-de-gold-rogers-one-piece\\\/\",\"name\":\"Sabre de Gold Rogers - One Piece - \u00c9p\u00e9e Ace | RMC\",\"isPartOf\":{\"@id\":\"https:\\\/\\\/repliquemangacine.fr\\\/#website\"},\"primaryImageOfPage\":{\"@id\":\"https:\\\/\\\/repliquemangacine.fr\\\/sabre-dabordage-de-pirate\\\/sabre-de-gold-rogers-one-piece\\\/#primaryimage\"},\"image\":{\"@id\":\"https:\\\/\\\/repliquemangacine.fr\\\/sabre-dabordage-de-pirate\\\/sabre-de-gold-rogers-one-piece\\\/#primaryimage\"},\"thumbnailUrl\":\"https:\\\/\\\/repliquemangacine.fr\\\/wp-content\\\/uploads\\\/2024\\\/03\\\/Epee-de-Gold-rogers.jpg\",\"datePublished\":\"2024-03-07T13:29:59+00:00\",\"dateModified\":\"2026-03-29T16:19:47+00:00\",\"description\":\"D\u00e9couvrez cette r\u00e9plique du Sabre de Gold Rogers dans One Piece au meilleur prix. Lame en acier d\u00e9cor\u00e9. Fourreau similicuir noir. Longueur : 95 cm\",\"breadcrumb\":{\"@id\":\"https:\\\/\\\/repliquemangacine.fr\\\/sabre-dabordage-de-pirate\\\/sabre-de-gold-rogers-one-piece\\\/#breadcrumb\"},\"inLanguage\":\"de\",\"potentialAction\":[{\"@type\":\"ReadAction\",\"target\":[\"https:\\\/\\\/repliquemangacine.fr\\\/sabre-dabordage-de-pirate\\\/sabre-de-gold-rogers-one-piece\\\/\"]}]},{\"@type\":\"ImageObject\",\"inLanguage\":\"de\",\"@id\":\"https:\\\/\\\/repliquemangacine.fr\\\/sabre-dabordage-de-pirate\\\/sabre-de-gold-rogers-one-piece\\\/#primaryimage\",\"url\":\"https:\\\/\\\/repliquemangacine.fr\\\/wp-content\\\/uploads\\\/2024\\\/03\\\/Epee-de-Gold-rogers.jpg\",\"contentUrl\":\"https:\\\/\\\/repliquemangacine.fr\\\/wp-content\\\/uploads\\\/2024\\\/03\\\/Epee-de-Gold-rogers.jpg\",\"width\":500,\"height\":500,\"caption\":\"Sabre Gold Rogers dans One Piece\"},{\"@type\":\"BreadcrumbList\",\"@id\":\"https:\\\/\\\/repliquemangacine.fr\\\/sabre-dabordage-de-pirate\\\/sabre-de-gold-rogers-one-piece\\\/#breadcrumb\",\"itemListElement\":[{\"@type\":\"ListItem\",\"position\":1,\"name\":\"Accueil\",\"item\":\"https:\\\/\\\/repliquemangacine.fr\\\/\"},{\"@type\":\"ListItem\",\"position\":2,\"name\":\"Produits\",\"item\":\"https:\\\/\\\/repliquemangacine.fr\\\/boutique\\\/\"},{\"@type\":\"ListItem\",\"position\":3,\"name\":\"Sabre de Gold Rogers &#8211; One Piece\"}]},{\"@type\":\"WebSite\",\"@id\":\"https:\\\/\\\/repliquemangacine.fr\\\/#website\",\"url\":\"https:\\\/\\\/repliquemangacine.fr\\\/\",\"name\":\"R\u00e9plique Manga Cin\u00e9\",\"description\":\"\",\"publisher\":{\"@id\":\"https:\\\/\\\/repliquemangacine.fr\\\/#organization\"},\"potentialAction\":[{\"@type\":\"SearchAction\",\"target\":{\"@type\":\"EntryPoint\",\"urlTemplate\":\"https:\\\/\\\/repliquemangacine.fr\\\/?s={search_term_string}\"},\"query-input\":{\"@type\":\"PropertyValueSpecification\",\"valueRequired\":true,\"valueName\":\"search_term_string\"}}],\"inLanguage\":\"de\"},{\"@type\":\"Organization\",\"@id\":\"https:\\\/\\\/repliquemangacine.fr\\\/#organization\",\"name\":\"R\u00e9plique Manga Cin\u00e9\",\"url\":\"https:\\\/\\\/repliquemangacine.fr\\\/\",\"logo\":{\"@type\":\"ImageObject\",\"inLanguage\":\"de\",\"@id\":\"https:\\\/\\\/repliquemangacine.fr\\\/#\\\/schema\\\/logo\\\/image\\\/\",\"url\":\"https:\\\/\\\/repliquemangacine.fr\\\/wp-content\\\/uploads\\\/2023\\\/10\\\/RMC-500250.png\",\"contentUrl\":\"https:\\\/\\\/repliquemangacine.fr\\\/wp-content\\\/uploads\\\/2023\\\/10\\\/RMC-500250.png\",\"width\":500,\"height\":250,\"caption\":\"R\u00e9plique Manga Cin\u00e9\"},\"image\":{\"@id\":\"https:\\\/\\\/repliquemangacine.fr\\\/#\\\/schema\\\/logo\\\/image\\\/\"},\"sameAs\":[\"https:\\\/\\\/www.facebook.com\\\/RepliqueMangaCine\",\"https:\\\/\\\/www.instagram.com\\\/repliquemangacine.fr\\\/\"]}]}<\/script>\n<!-- \/ Yoast SEO plugin. -->","yoast_head_json":{"title":"Gold Rogers Schwert - One Piece - Ace Schwert | RMC","description":"Entdecken Sie diese Replik des Schwertes von Gold Rogers aus One Piece zum besten Preis. Klinge aus verziertem Stahl. Scheide aus schwarzem Kunstleder. L\u00e4nge: 95 cm","robots":{"index":"index","follow":"follow","max-snippet":"max-snippet:-1","max-image-preview":"max-image-preview:large","max-video-preview":"max-video-preview:-1"},"canonical":"https:\/\/repliquemangacine.fr\/de\/piratenbeiser-sabel\/sabel-von-gold-rogers-one-piece\/","og_locale":"de_DE","og_type":"article","og_title":"Sabre de Gold Rogers - One Piece - \u00c9p\u00e9e Ace | RMC","og_description":"D\u00e9couvrez cette r\u00e9plique du Sabre de Gold Rogers dans One Piece au meilleur prix. Lame en acier d\u00e9cor\u00e9. Fourreau similicuir noir. Longueur : 95 cm","og_url":"https:\/\/repliquemangacine.fr\/de\/piratenbeiser-sabel\/sabel-von-gold-rogers-one-piece\/","og_site_name":"R\u00e9plique Manga Cin\u00e9","article_publisher":"https:\/\/www.facebook.com\/RepliqueMangaCine","article_modified_time":"2026-03-29T16:19:47+00:00","og_image":[{"width":500,"height":500,"url":"https:\/\/repliquemangacine.fr\/wp-content\/uploads\/2024\/03\/Epee-de-Gold-rogers.jpg","type":"image\/jpeg"}],"twitter_card":"summary_large_image","twitter_misc":{"Gesch\u00e4tzte Lesezeit":"4\u00a0Minuten"},"schema":{"@context":"https:\/\/schema.org","@graph":[{"@type":"WebPage","@id":"https:\/\/repliquemangacine.fr\/sabre-dabordage-de-pirate\/sabre-de-gold-rogers-one-piece\/","url":"https:\/\/repliquemangacine.fr\/sabre-dabordage-de-pirate\/sabre-de-gold-rogers-one-piece\/","name":"Gold Rogers Schwert - One Piece - Ace Schwert | RMC","isPartOf":{"@id":"https:\/\/repliquemangacine.fr\/#website"},"primaryImageOfPage":{"@id":"https:\/\/repliquemangacine.fr\/sabre-dabordage-de-pirate\/sabre-de-gold-rogers-one-piece\/#primaryimage"},"image":{"@id":"https:\/\/repliquemangacine.fr\/sabre-dabordage-de-pirate\/sabre-de-gold-rogers-one-piece\/#primaryimage"},"thumbnailUrl":"https:\/\/repliquemangacine.fr\/wp-content\/uploads\/2024\/03\/Epee-de-Gold-rogers.jpg","datePublished":"2024-03-07T13:29:59+00:00","dateModified":"2026-03-29T16:19:47+00:00","description":"Entdecken Sie diese Replik des Schwertes von Gold Rogers aus One Piece zum besten Preis. Klinge aus verziertem Stahl. Scheide aus schwarzem Kunstleder. L\u00e4nge: 95 cm","breadcrumb":{"@id":"https:\/\/repliquemangacine.fr\/sabre-dabordage-de-pirate\/sabre-de-gold-rogers-one-piece\/#breadcrumb"},"inLanguage":"de","potentialAction":[{"@type":"ReadAction","target":["https:\/\/repliquemangacine.fr\/sabre-dabordage-de-pirate\/sabre-de-gold-rogers-one-piece\/"]}]},{"@type":"ImageObject","inLanguage":"de","@id":"https:\/\/repliquemangacine.fr\/sabre-dabordage-de-pirate\/sabre-de-gold-rogers-one-piece\/#primaryimage","url":"https:\/\/repliquemangacine.fr\/wp-content\/uploads\/2024\/03\/Epee-de-Gold-rogers.jpg","contentUrl":"https:\/\/repliquemangacine.fr\/wp-content\/uploads\/2024\/03\/Epee-de-Gold-rogers.jpg","width":500,"height":500,"caption":"Sabre Gold Rogers dans One Piece"},{"@type":"BreadcrumbList","@id":"https:\/\/repliquemangacine.fr\/sabre-dabordage-de-pirate\/sabre-de-gold-rogers-one-piece\/#breadcrumb","itemListElement":[{"@type":"ListItem","position":1,"name":"Accueil","item":"https:\/\/repliquemangacine.fr\/"},{"@type":"ListItem","position":2,"name":"Produits","item":"https:\/\/repliquemangacine.fr\/boutique\/"},{"@type":"ListItem","position":3,"name":"Sabre de Gold Rogers &#8211; One Piece"}]},{"@type":"WebSite","@id":"https:\/\/repliquemangacine.fr\/#website","url":"https:\/\/repliquemangacine.fr\/","name":"R\u00e9plique Manga Cin\u00e9","description":"","publisher":{"@id":"https:\/\/repliquemangacine.fr\/#organization"},"potentialAction":[{"@type":"SearchAction","target":{"@type":"EntryPoint","urlTemplate":"https:\/\/repliquemangacine.fr\/?s={search_term_string}"},"query-input":{"@type":"PropertyValueSpecification","valueRequired":true,"valueName":"search_term_string"}}],"inLanguage":"de"},{"@type":"Organization","@id":"https:\/\/repliquemangacine.fr\/#organization","name":"R\u00e9plique Manga Cin\u00e9","url":"https:\/\/repliquemangacine.fr\/","logo":{"@type":"ImageObject","inLanguage":"de","@id":"https:\/\/repliquemangacine.fr\/#\/schema\/logo\/image\/","url":"https:\/\/repliquemangacine.fr\/wp-content\/uploads\/2023\/10\/RMC-500250.png","contentUrl":"https:\/\/repliquemangacine.fr\/wp-content\/uploads\/2023\/10\/RMC-500250.png","width":500,"height":250,"caption":"R\u00e9plique Manga Cin\u00e9"},"image":{"@id":"https:\/\/repliquemangacine.fr\/#\/schema\/logo\/image\/"},"sameAs":["https:\/\/www.facebook.com\/RepliqueMangaCine","https:\/\/www.instagram.com\/repliquemangacine.fr\/"]}]}},"_links":{"self":[{"href":"https:\/\/repliquemangacine.fr\/de\/wp-json\/wp\/v2\/product\/70126","targetHints":{"allow":["GET"]}}],"collection":[{"href":"https:\/\/repliquemangacine.fr\/de\/wp-json\/wp\/v2\/product"}],"about":[{"href":"https:\/\/repliquemangacine.fr\/de\/wp-json\/wp\/v2\/types\/product"}],"wp:featuredmedia":[{"embeddable":true,"href":"https:\/\/repliquemangacine.fr\/de\/wp-json\/wp\/v2\/media\/70127"}],"wp:attachment":[{"href":"https:\/\/repliquemangacine.fr\/de\/wp-json\/wp\/v2\/media?parent=70126"}],"wp:term":[{"taxonomy":"product_brand","embeddable":true,"href":"https:\/\/repliquemangacine.fr\/de\/wp-json\/wp\/v2\/product_brand?post=70126"},{"taxonomy":"product_cat","embeddable":true,"href":"https:\/\/repliquemangacine.fr\/de\/wp-json\/wp\/v2\/product_cat?post=70126"},{"taxonomy":"product_tag","embeddable":true,"href":"https:\/\/repliquemangacine.fr\/de\/wp-json\/wp\/v2\/product_tag?post=70126"}],"curies":[{"name":"wp","href":"https:\/\/api.w.org\/{rel}","templated":true}]}}