





{"id":70104,"date":"2024-03-06T19:12:38","date_gmt":"2024-03-06T18:12:38","guid":{"rendered":"https:\/\/repliquemangacine.fr\/?post_type=product&#038;p=70104"},"modified":"2026-04-24T00:14:43","modified_gmt":"2026-04-23T22:14:43","slug":"epee-dark-sister-house-of-the-dragon","status":"publish","type":"product","link":"https:\/\/repliquemangacine.fr\/de\/house-of-the-dragon\/epee-dark-sister-house-of-the-dragon\/","title":{"rendered":"Schwert Dark Sister - House of the Dragon"},"content":{"rendered":"<h2>Schwert Dark Sister : Klinge der Macht<\/h2>\n<p>In erster Linie ist die<strong>Schwert Dark Sister<\/strong> (Schwarze Schwester), eine ikonische Waffe mit Geschichte und Macht. In der Welt von Haus des Drachen ist diese legend\u00e4re, aus valyrischem Stahl geschmiedete Klinge mehr als nur eine Waffe. Sie ist ein Symbol des Targaryen-Erbes, ein Zeuge der Schlachten und Intrigen, die den Stoff dieser epischen Saga bilden.<\/p>\n<p><a href=\"https:\/\/gameofthrones.fandom.com\/wiki\/Dark_Sister\" target=\"_blank\" rel=\"noopener noreferrer\">Dark sister<\/a>Dieses Kleidungsst\u00fcck wurde urspr\u00fcnglich von Visenya Targaryen, einer der Schwesterfrauen von Aegon dem Eroberer, getragen. Sie war eine gro\u00dfe Kriegerin und benutzte es sowohl im Kampf als auch auf ihrem Drachen Vhagar. Dieses Schwert mit seiner unvergleichlichen Sch\u00e4rfe und seiner dunklen Sch\u00f6nheit. Es zeugt von den ersten Tagen der Targaryen-Herrschaft auf dem Kontinent. Im Laufe der Jahrhunderte wurde es \u00fcber Generationen weitergegeben und w\u00e4hlte Tr\u00e4ger aus, die seines Erbes und seiner Macht w\u00fcrdig waren.<\/p>\n<p>Daher wird unter der Herrschaft von Viserys I., etwa sechzig Jahre nach Visenyas Tod. Dark sister wird Daemon Targaryen, dem j\u00fcngeren Bruder von K\u00f6nig Viserys I. Targaryen, verliehen.<\/p>\n<h2>Dark Sister Sword: Eigenschaften und Symbole<\/h2>\n<p>Geschmiedet aus dem geheimnisvollen valyrischen Stahl, ist die Schwarze Schwester f\u00fcr ihre Sch\u00e4rfe bekannt. Sie ist in der Lage, selbst die st\u00e4rkste R\u00fcstung zu spalten und f\u00fcr ihre au\u00dfergew\u00f6hnliche Widerstandsf\u00e4higkeit. Ihr Aussehen ist ebenso auff\u00e4llig wie ihre F\u00e4higkeiten. Mit erhabenen Mustern, die im Licht auf der Klinge zu tanzen scheinen. Wie alle Schwerter aus valyrischem Stahl ist es leicht, fast eine Verl\u00e4ngerung der Hand desjenigen, der es f\u00fchrt. Bietet eine unvergleichliche Pr\u00e4zision und Schnelligkeit.<\/p>\n<p>Dark Sister ist mehr als eine Waffe, sie ist ein Symbol f\u00fcr die historische und kulturelle Tiefe der Targaryens. Die Entscheidung, Dark Sister zu tragen, bedeutet, den Kampfgeist und die Widerstandsf\u00e4higkeit des Hauses Targaryen zu verk\u00f6rpern. In House of the Dragon erinnert dieses Schwert an die internen K\u00e4mpfe und Machtkonflikte, die die Targaryen-Dynastie definieren. Dadurch werden die Themen Legitimit\u00e4t, Macht und Schicksal hervorgehoben, die die Serie durchziehen.<\/p>\n<h2>Schwerter in House of the Dragon<\/h2>\n<p>In House of the Dragon ist Dark sister mehr als nur ein Accessoire. Ganz offensichtlich ist sie ein eigenst\u00e4ndiger Charakter mit ihrer Geschichte, ihrem Charakter und ihrem Einfluss auf den Lauf der Ereignisse. Ihre Pr\u00e4senz auf dem Bildschirm ist eine st\u00e4ndige Erinnerung an das Erbe und die Macht der Targaryens. Und ein Symbol f\u00fcr die unaufl\u00f6slichen Bande, die die Mitglieder dieser turbulenten Familie in guten wie in schlechten Zeiten miteinander verbinden.<\/p>\n<p>Aber das ist nicht das einzige Schwert, es gibt auch das<a href=\"https:\/\/repliquemangacine.fr\/de\/neuheiten\/feunoyr-epee-viserys-targaryen\/\">Feunoyr-Schwert<\/a> von Viserys Targaryen. Ein legend\u00e4res Langschwert aus valyrischem Stahl, das von Aegon dem Eroberer gef\u00fchrt wurde.  Es gibt auch ein Schwert von Aegon, allerdings nach der Romanfassung. Dar\u00fcber hinaus finden wir auch das <a href=\"https:\/\/repliquemangacine.fr\/de\/house-of-the-dragon\/replica-dolch-catspaw-game-of-thrones\/\">Catspaw-Dolch<\/a>in den H\u00e4nden von K\u00f6nig Viserys. Er erkl\u00e4rt Rhaenyra, dass dieser Dolch einst Aegon dem Eroberer geh\u00f6rte. Und davor Aenar Targaryen.<\/p>\n<p>Fazit Schwarze Schwester (Dark Sister) ist ein Artefakt von gro\u00dfer Bedeutung in House of the Dragon. Dadurch wird sie zu einem wichtigen St\u00fcck in Ihrer Sammlung.<\/p>","protected":false},"excerpt":{"rendered":"<p>Wundersch\u00f6ne Nachbildung des Schwertes von Daemon Targaryen in House of the Dragon<\/p>\n<ul>\n<li>Klinge aus geh\u00e4mmertem Stahl im Valyrischen Stil<\/li>\n<li>Stahlgarde in Form von Drachenfl\u00fcgeln<\/li>\n<li>Speziell geformter Knauf aus Stahl<\/li>\n<li>Wird mit einer Wandhalterung aus Holz mit Targaryen-Logo geliefert<\/li>\n<li>L\u00e4nge der Klinge: 80 cm - Gesamtl\u00e4nge: 107 cm<\/li>\n<li>Gewicht: 1 kg<\/li>\n<\/ul>","protected":false},"featured_media":70137,"template":"","meta":[],"product_brand":[],"product_cat":[72,105],"product_tag":[],"class_list":{"0":"post-70104","1":"product","2":"type-product","3":"status-publish","4":"has-post-thumbnail","6":"product_cat-epees-game-of-thrones","7":"product_cat-house-of-the-dragon","9":"first","10":"instock","11":"taxable","12":"shipping-taxable","13":"purchasable","14":"product-type-simple"},"yoast_head":"<!-- This site is optimized with the Yoast SEO plugin v27.5 - https:\/\/yoast.com\/product\/yoast-seo-wordpress\/ -->\n<title>Ep\u00e9e Dark Sister - House of the Dragon | RMC<\/title>\n<meta name=\"description\" content=\"Venez d\u00e9couvrir cette superbe Ep\u00e9e Dark Sister dans House of the Dragon. Lame en acier style Valyrien. Support bois avec logo. Longueur : 107 cm\" \/>\n<meta name=\"robots\" content=\"index, follow, max-snippet:-1, max-image-preview:large, max-video-preview:-1\" \/>\n<link rel=\"canonical\" href=\"https:\/\/repliquemangacine.fr\/de\/house-of-the-dragon\/epee-dark-sister-house-of-the-dragon\/\" \/>\n<meta property=\"og:locale\" content=\"de_DE\" \/>\n<meta property=\"og:type\" content=\"article\" \/>\n<meta property=\"og:title\" content=\"Ep\u00e9e Dark Sister - House of the Dragon | RMC\" \/>\n<meta property=\"og:description\" content=\"Venez d\u00e9couvrir cette superbe Ep\u00e9e Dark Sister dans House of the Dragon. Lame en acier style Valyrien. Support bois avec logo. Longueur : 107 cm\" \/>\n<meta property=\"og:url\" content=\"https:\/\/repliquemangacine.fr\/de\/house-of-the-dragon\/epee-dark-sister-house-of-the-dragon\/\" \/>\n<meta property=\"og:site_name\" content=\"R\u00e9plique Manga Cin\u00e9\" \/>\n<meta property=\"article:publisher\" content=\"https:\/\/www.facebook.com\/RepliqueMangaCine\" \/>\n<meta property=\"article:modified_time\" content=\"2026-04-23T22:14:43+00:00\" \/>\n<meta property=\"og:image\" content=\"https:\/\/repliquemangacine.fr\/wp-content\/uploads\/2024\/03\/Epee-Dark-Sister-1.jpg\" \/>\n\t<meta property=\"og:image:width\" content=\"500\" \/>\n\t<meta property=\"og:image:height\" content=\"500\" \/>\n\t<meta property=\"og:image:type\" content=\"image\/jpeg\" \/>\n<meta name=\"twitter:card\" content=\"summary_large_image\" \/>\n<meta name=\"twitter:label1\" content=\"Gesch\u00e4tzte Lesezeit\" \/>\n\t<meta name=\"twitter:data1\" content=\"3\u00a0Minuten\" \/>\n<script type=\"application\/ld+json\" class=\"yoast-schema-graph\">{\"@context\":\"https:\\\/\\\/schema.org\",\"@graph\":[{\"@type\":\"WebPage\",\"@id\":\"https:\\\/\\\/repliquemangacine.fr\\\/house-of-the-dragon\\\/epee-dark-sister-house-of-the-dragon\\\/\",\"url\":\"https:\\\/\\\/repliquemangacine.fr\\\/house-of-the-dragon\\\/epee-dark-sister-house-of-the-dragon\\\/\",\"name\":\"Ep\u00e9e Dark Sister - House of the Dragon | RMC\",\"isPartOf\":{\"@id\":\"https:\\\/\\\/repliquemangacine.fr\\\/#website\"},\"primaryImageOfPage\":{\"@id\":\"https:\\\/\\\/repliquemangacine.fr\\\/house-of-the-dragon\\\/epee-dark-sister-house-of-the-dragon\\\/#primaryimage\"},\"image\":{\"@id\":\"https:\\\/\\\/repliquemangacine.fr\\\/house-of-the-dragon\\\/epee-dark-sister-house-of-the-dragon\\\/#primaryimage\"},\"thumbnailUrl\":\"https:\\\/\\\/repliquemangacine.fr\\\/wp-content\\\/uploads\\\/2024\\\/03\\\/Epee-Dark-Sister-1.jpg\",\"datePublished\":\"2024-03-06T18:12:38+00:00\",\"dateModified\":\"2026-04-23T22:14:43+00:00\",\"description\":\"Venez d\u00e9couvrir cette superbe Ep\u00e9e Dark Sister dans House of the Dragon. Lame en acier style Valyrien. Support bois avec logo. Longueur : 107 cm\",\"breadcrumb\":{\"@id\":\"https:\\\/\\\/repliquemangacine.fr\\\/house-of-the-dragon\\\/epee-dark-sister-house-of-the-dragon\\\/#breadcrumb\"},\"inLanguage\":\"de\",\"potentialAction\":[{\"@type\":\"ReadAction\",\"target\":[\"https:\\\/\\\/repliquemangacine.fr\\\/house-of-the-dragon\\\/epee-dark-sister-house-of-the-dragon\\\/\"]}]},{\"@type\":\"ImageObject\",\"inLanguage\":\"de\",\"@id\":\"https:\\\/\\\/repliquemangacine.fr\\\/house-of-the-dragon\\\/epee-dark-sister-house-of-the-dragon\\\/#primaryimage\",\"url\":\"https:\\\/\\\/repliquemangacine.fr\\\/wp-content\\\/uploads\\\/2024\\\/03\\\/Epee-Dark-Sister-1.jpg\",\"contentUrl\":\"https:\\\/\\\/repliquemangacine.fr\\\/wp-content\\\/uploads\\\/2024\\\/03\\\/Epee-Dark-Sister-1.jpg\",\"width\":500,\"height\":500,\"caption\":\"Ep\u00e9e Dark Sister House of the dragon\"},{\"@type\":\"BreadcrumbList\",\"@id\":\"https:\\\/\\\/repliquemangacine.fr\\\/house-of-the-dragon\\\/epee-dark-sister-house-of-the-dragon\\\/#breadcrumb\",\"itemListElement\":[{\"@type\":\"ListItem\",\"position\":1,\"name\":\"Accueil\",\"item\":\"https:\\\/\\\/repliquemangacine.fr\\\/\"},{\"@type\":\"ListItem\",\"position\":2,\"name\":\"Produits\",\"item\":\"https:\\\/\\\/repliquemangacine.fr\\\/boutique\\\/\"},{\"@type\":\"ListItem\",\"position\":3,\"name\":\"Ep\u00e9e Dark Sister &#8211; House of the Dragon\"}]},{\"@type\":\"WebSite\",\"@id\":\"https:\\\/\\\/repliquemangacine.fr\\\/#website\",\"url\":\"https:\\\/\\\/repliquemangacine.fr\\\/\",\"name\":\"R\u00e9plique Manga Cin\u00e9\",\"description\":\"\",\"publisher\":{\"@id\":\"https:\\\/\\\/repliquemangacine.fr\\\/#organization\"},\"potentialAction\":[{\"@type\":\"SearchAction\",\"target\":{\"@type\":\"EntryPoint\",\"urlTemplate\":\"https:\\\/\\\/repliquemangacine.fr\\\/?s={search_term_string}\"},\"query-input\":{\"@type\":\"PropertyValueSpecification\",\"valueRequired\":true,\"valueName\":\"search_term_string\"}}],\"inLanguage\":\"de\"},{\"@type\":\"Organization\",\"@id\":\"https:\\\/\\\/repliquemangacine.fr\\\/#organization\",\"name\":\"R\u00e9plique Manga Cin\u00e9\",\"url\":\"https:\\\/\\\/repliquemangacine.fr\\\/\",\"logo\":{\"@type\":\"ImageObject\",\"inLanguage\":\"de\",\"@id\":\"https:\\\/\\\/repliquemangacine.fr\\\/#\\\/schema\\\/logo\\\/image\\\/\",\"url\":\"https:\\\/\\\/repliquemangacine.fr\\\/wp-content\\\/uploads\\\/2023\\\/10\\\/RMC-500250.png\",\"contentUrl\":\"https:\\\/\\\/repliquemangacine.fr\\\/wp-content\\\/uploads\\\/2023\\\/10\\\/RMC-500250.png\",\"width\":500,\"height\":250,\"caption\":\"R\u00e9plique Manga Cin\u00e9\"},\"image\":{\"@id\":\"https:\\\/\\\/repliquemangacine.fr\\\/#\\\/schema\\\/logo\\\/image\\\/\"},\"sameAs\":[\"https:\\\/\\\/www.facebook.com\\\/RepliqueMangaCine\",\"https:\\\/\\\/www.instagram.com\\\/repliquemangacine.fr\\\/\"]}]}<\/script>\n<!-- \/ Yoast SEO plugin. -->","yoast_head_json":{"title":"Schwert Dark Sister - House of the Dragon | RMC","description":"Entdecken Sie dieses wundersch\u00f6ne Dark Sister Schwert in House of the Dragon. Klinge aus Stahl im Valyrischen Stil. Holzhalterung mit Logo. L\u00e4nge: 107 cm","robots":{"index":"index","follow":"follow","max-snippet":"max-snippet:-1","max-image-preview":"max-image-preview:large","max-video-preview":"max-video-preview:-1"},"canonical":"https:\/\/repliquemangacine.fr\/de\/house-of-the-dragon\/epee-dark-sister-house-of-the-dragon\/","og_locale":"de_DE","og_type":"article","og_title":"Ep\u00e9e Dark Sister - House of the Dragon | RMC","og_description":"Venez d\u00e9couvrir cette superbe Ep\u00e9e Dark Sister dans House of the Dragon. Lame en acier style Valyrien. Support bois avec logo. Longueur : 107 cm","og_url":"https:\/\/repliquemangacine.fr\/de\/house-of-the-dragon\/epee-dark-sister-house-of-the-dragon\/","og_site_name":"R\u00e9plique Manga Cin\u00e9","article_publisher":"https:\/\/www.facebook.com\/RepliqueMangaCine","article_modified_time":"2026-04-23T22:14:43+00:00","og_image":[{"width":500,"height":500,"url":"https:\/\/repliquemangacine.fr\/wp-content\/uploads\/2024\/03\/Epee-Dark-Sister-1.jpg","type":"image\/jpeg"}],"twitter_card":"summary_large_image","twitter_misc":{"Gesch\u00e4tzte Lesezeit":"3\u00a0Minuten"},"schema":{"@context":"https:\/\/schema.org","@graph":[{"@type":"WebPage","@id":"https:\/\/repliquemangacine.fr\/house-of-the-dragon\/epee-dark-sister-house-of-the-dragon\/","url":"https:\/\/repliquemangacine.fr\/house-of-the-dragon\/epee-dark-sister-house-of-the-dragon\/","name":"Schwert Dark Sister - House of the Dragon | RMC","isPartOf":{"@id":"https:\/\/repliquemangacine.fr\/#website"},"primaryImageOfPage":{"@id":"https:\/\/repliquemangacine.fr\/house-of-the-dragon\/epee-dark-sister-house-of-the-dragon\/#primaryimage"},"image":{"@id":"https:\/\/repliquemangacine.fr\/house-of-the-dragon\/epee-dark-sister-house-of-the-dragon\/#primaryimage"},"thumbnailUrl":"https:\/\/repliquemangacine.fr\/wp-content\/uploads\/2024\/03\/Epee-Dark-Sister-1.jpg","datePublished":"2024-03-06T18:12:38+00:00","dateModified":"2026-04-23T22:14:43+00:00","description":"Entdecken Sie dieses wundersch\u00f6ne Dark Sister Schwert in House of the Dragon. Klinge aus Stahl im Valyrischen Stil. Holzhalterung mit Logo. L\u00e4nge: 107 cm","breadcrumb":{"@id":"https:\/\/repliquemangacine.fr\/house-of-the-dragon\/epee-dark-sister-house-of-the-dragon\/#breadcrumb"},"inLanguage":"de","potentialAction":[{"@type":"ReadAction","target":["https:\/\/repliquemangacine.fr\/house-of-the-dragon\/epee-dark-sister-house-of-the-dragon\/"]}]},{"@type":"ImageObject","inLanguage":"de","@id":"https:\/\/repliquemangacine.fr\/house-of-the-dragon\/epee-dark-sister-house-of-the-dragon\/#primaryimage","url":"https:\/\/repliquemangacine.fr\/wp-content\/uploads\/2024\/03\/Epee-Dark-Sister-1.jpg","contentUrl":"https:\/\/repliquemangacine.fr\/wp-content\/uploads\/2024\/03\/Epee-Dark-Sister-1.jpg","width":500,"height":500,"caption":"Ep\u00e9e Dark Sister House of the dragon"},{"@type":"BreadcrumbList","@id":"https:\/\/repliquemangacine.fr\/house-of-the-dragon\/epee-dark-sister-house-of-the-dragon\/#breadcrumb","itemListElement":[{"@type":"ListItem","position":1,"name":"Accueil","item":"https:\/\/repliquemangacine.fr\/"},{"@type":"ListItem","position":2,"name":"Produits","item":"https:\/\/repliquemangacine.fr\/boutique\/"},{"@type":"ListItem","position":3,"name":"Ep\u00e9e Dark Sister &#8211; House of the Dragon"}]},{"@type":"WebSite","@id":"https:\/\/repliquemangacine.fr\/#website","url":"https:\/\/repliquemangacine.fr\/","name":"R\u00e9plique Manga Cin\u00e9","description":"","publisher":{"@id":"https:\/\/repliquemangacine.fr\/#organization"},"potentialAction":[{"@type":"SearchAction","target":{"@type":"EntryPoint","urlTemplate":"https:\/\/repliquemangacine.fr\/?s={search_term_string}"},"query-input":{"@type":"PropertyValueSpecification","valueRequired":true,"valueName":"search_term_string"}}],"inLanguage":"de"},{"@type":"Organization","@id":"https:\/\/repliquemangacine.fr\/#organization","name":"R\u00e9plique Manga Cin\u00e9","url":"https:\/\/repliquemangacine.fr\/","logo":{"@type":"ImageObject","inLanguage":"de","@id":"https:\/\/repliquemangacine.fr\/#\/schema\/logo\/image\/","url":"https:\/\/repliquemangacine.fr\/wp-content\/uploads\/2023\/10\/RMC-500250.png","contentUrl":"https:\/\/repliquemangacine.fr\/wp-content\/uploads\/2023\/10\/RMC-500250.png","width":500,"height":250,"caption":"R\u00e9plique Manga Cin\u00e9"},"image":{"@id":"https:\/\/repliquemangacine.fr\/#\/schema\/logo\/image\/"},"sameAs":["https:\/\/www.facebook.com\/RepliqueMangaCine","https:\/\/www.instagram.com\/repliquemangacine.fr\/"]}]}},"_links":{"self":[{"href":"https:\/\/repliquemangacine.fr\/de\/wp-json\/wp\/v2\/product\/70104","targetHints":{"allow":["GET"]}}],"collection":[{"href":"https:\/\/repliquemangacine.fr\/de\/wp-json\/wp\/v2\/product"}],"about":[{"href":"https:\/\/repliquemangacine.fr\/de\/wp-json\/wp\/v2\/types\/product"}],"wp:featuredmedia":[{"embeddable":true,"href":"https:\/\/repliquemangacine.fr\/de\/wp-json\/wp\/v2\/media\/70137"}],"wp:attachment":[{"href":"https:\/\/repliquemangacine.fr\/de\/wp-json\/wp\/v2\/media?parent=70104"}],"wp:term":[{"taxonomy":"product_brand","embeddable":true,"href":"https:\/\/repliquemangacine.fr\/de\/wp-json\/wp\/v2\/product_brand?post=70104"},{"taxonomy":"product_cat","embeddable":true,"href":"https:\/\/repliquemangacine.fr\/de\/wp-json\/wp\/v2\/product_cat?post=70104"},{"taxonomy":"product_tag","embeddable":true,"href":"https:\/\/repliquemangacine.fr\/de\/wp-json\/wp\/v2\/product_tag?post=70104"}],"curies":[{"name":"wp","href":"https:\/\/api.w.org\/{rel}","templated":true}]}}